{"id":32441,"date":"2025-07-03T09:52:41","date_gmt":"2025-07-03T09:52:41","guid":{"rendered":"https:\/\/buddydive.com\/buceo-en-bonaire\/"},"modified":"2025-10-06T14:00:40","modified_gmt":"2025-10-06T14:00:40","slug":"buceo-en-bonaire","status":"publish","type":"page","link":"https:\/\/buddydive.com\/es\/acerca-de-bonaire\/buceo-en-bonaire\/","title":{"rendered":"Buceo en Bonaire"},"content":{"rendered":"<div class=\"wpb-content-wrapper\">[vc_row][vc_column][vc_column_text]\n<h1 class=\"text-uppercase\" style=\"text-align: center;\"><small>Para\u00edso de los buceadores<\/small> Bonaire<\/h1>\n<p>Con hasta 60 sitios de buceo oficialmente catalogados en Bonaire y otros 20 sitios de buceo en Klein Bonaire, \u00a1la isla es realmente un para\u00edso para los buceadores!<\/p>\n<p>El mar de Bonaire abunda en hermosa vida marina y una fascinante variedad de peces tropicales multicolores, hay mucho que ver mientras se bucea en Bonaire. El mar es notablemente tranquilo y las condiciones son excelentes tanto para el buceo como para el esn\u00f3rquel.<\/p>\n<p>De media, mientras se bucea en Bonaire, la visibilidad supera los 30 metros (100 pies) y nuestra temperatura media del agua es de 28 \u00b0C (80 grados Fahrenheit). El arrecife perif\u00e9rico comienza cerca de la costa, por lo general, a un corto nado de 10 metros (30 pies) o menos, lo que hace que Bonaire sea mundialmente famosa por su facilidad para el buceo de costa.<\/p>\n<p>Las aguas de Bonaire ofrecen algo especial para cada buceador. Los buceadores principiantes apreciar\u00e1n las tranquilas aguas mientras bucean en Bonaire, los arrecifes que discurren paralelos a la costa y las corrientes m\u00ednimas. \u00a1Estas condiciones la convierten en un lugar ideal para trabajar realmente en la mejora de esas habilidades de flotabilidad! La zona poco profunda de la pendiente del arrecife, con una abundancia de vida marina, permite un tiempo m\u00e1ximo de fondo, a la vez que ofrece a los nuevos buceadores la oportunidad de desarrollar un nivel de comodidad y confianza en sus habilidades reci\u00e9n aprendidas.[\/vc_column_text]<div class='xtd-carousel-filmstrip__container xtd-carousel-filmstrip--offset-  filtered-image  '><div class='xtd-carousel-filmstrip' data-speed='100000'>[vc_video link=\u00bbhttps:\/\/www.youtube.com\/watch?v=p_60BuT62iE\u00bb el_width=\u00bb50&#8243; title=\u00bbArrecife de Buddy\u00bb][vc_video link=\u00bbhttps:\/\/www.youtube.com\/watch?v=LmS_N4-SjJg\u00bb el_width=\u00bb50&#8243; title=\u00bb1000 steps\u00bb][vc_video link=\u00bbhttps:\/\/www.youtube.com\/watch?v=rsFuTprwThc\u00bb el_width=\u00bb50&#8243; title=\u00bbHilma hooker\u00bb]<\/div><\/div>[\/vc_column][\/vc_row][vc_row][vc_column][vc_single_image image=\u00bb4041&#8243; img_size=\u00bblarge\u00bb alignment=\u00bbcenter\u00bb][vc_column_text]\n<h3>Parque nacional marino de Bonaire<\/h3>\n<p>El Parque Nacional Marino de Bonaire se estableci\u00f3 en 1979. El Parque Marino de Bonaire comienza en la marca de pleamar y se extiende hasta 60 metros (200 pies) de profundidad; cubre una superficie de 27 km\u00b2, o 6672 acres.<\/p>\n<p>Misi\u00f3n<br \/>\nLa misi\u00f3n del <a href=\"https:\/\/stinapabonaire.org\/\" target=\"_blank\" rel=\"noopener noreferrer\">Parque Nacional Marino de Bonaire<\/a> (BNMP) es proteger y gestionar los recursos naturales, culturales e hist\u00f3ricos de la isla, permitiendo al mismo tiempo un uso ecol\u00f3gicamente sostenible, en beneficio de las generaciones futuras.<\/p>\n<ul>Los objetivos son:<\/p>\n<li>Mantener y restaurar los ecosistemas, la diversidad biol\u00f3gica y los procesos ecol\u00f3gicos.<\/li>\n<li>Proteger y restaurar los recursos culturales e hist\u00f3ricos de importancia.<\/li>\n<li>Gestionar el Parque Marino de Bonaire como un ejemplo regional y mundialmente significativo de un \u00e1rea marina protegida multiuso de \u00e9xito a trav\u00e9s de:<\/li>\n<li>Educaci\u00f3n y divulgaci\u00f3n<\/li>\n<li>Investigaci\u00f3n<\/li>\n<li>Supervisi\u00f3n<\/li>\n<li>Aplicaci\u00f3n de la ley<\/li>\n<li>Mantenimiento<\/li>\n<li>Administraci\u00f3n.<\/li>\n<li>Permitir el uso del Parque Marino de Bonaire promoviendo actividades no destructivas y trabajando con las partes interesadas para establecer directrices y reglamentos que minimicen el impacto en el medio ambiente.<\/li>\n<\/ul>\n<p>Como sitio de demostraci\u00f3n de la Red Internacional de Acci\u00f3n para los Arrecifes de Coral (ICRAN), el Parque Marino es un modelo de su tipo en el Caribe, que protege y cuida el medio ambiente marino al tiempo que maximiza los niveles de seguridad para la recreaci\u00f3n y el uso comercial.<\/p>\n<p>Atenci\u00f3n: todos los usuarios del Parque Marino de Bonaire deben pagar una tarifa de naturaleza como entrada, tambi\u00e9n conocida como la etiqueta del Parque Marino STINAPA. Las etiquetas se pueden comprar en el sitio web de STINAPA y son v\u00e1lidas para un a\u00f1o natural. Los costes son de 45 $ por buceador y 25 $ para los que practican esn\u00f3rquel, y deben pagarse con tarjeta de cr\u00e9dito o tarjeta de d\u00e9bito Maestro, o pueden comprarse en l\u00ednea.[\/vc_column_text][\/vc_column][\/vc_row][vc_row][vc_column width=\u00bb1\/2&#8243;][vc_btn title=\u00bbNormas y reglamentos de STINAPA\u00bb align=\u00bbcenter\u00bb link=\u00bburl:https%3A%2F%2Fstinapabonaire.org%2Fbonaire-national%2Frules-and-regulations-video%2F%20%26gt%3B%26gt%3B|target:%20_blank|\u00bb][\/vc_column][vc_column width=\u00bb1\/2&#8243;][vc_btn title=\u00bbCompre su etiqueta STINAPA en l\u00ednea\u00bb align=\u00bbcenter\u00bb link=\u00bburl:https%3A%2F%2Fstinapa.bonairenaturefee.org|target:%20_blank|\u00bb][\/vc_column][\/vc_row][vc_row full_width=\u00bbstretch_row\u00bb parallax=\u00bbcontent-moving\u00bb css=\u00bb.vc_custom_1572961898622{background-image: url(https:\/\/buddydive.com\/wp-content\/uploads\/2019\/11\/9.-BONAIRE.jpg?id=4197) !important;}\u00bb][vc_column width=\u00bb1\/2&#8243; offset=\u00bbvc_col-sm-offset-3&#8243; el_class=\u00bbwhite-box content-padding\u00bb css=\u00bb.vc_custom_1578482995718{border-radius: 10px !important;}\u00bb][vc_column_text]\n<h2 style=\"text-align: center;\">Bonaire<\/h2>\n[\/vc_column_text][vc_single_image image=\u00bb4195&#8243; img_size=\u00bbfull\u00bb][\/vc_column][\/vc_row][vc_row][vc_column][vc_raw_js]JTNDc2NyaXB0JTIwdHlwZSUzRCUyMnRleHQlMkZqYXZhc2NyaXB0JTIyJTNFJTBBd2luZG93LlRyZW5nbyUyMCUzRCUyMHdpbmRvdy5UcmVuZ28lMjAlN0MlN0MlMjAlN0IlN0QlM0IlMEF3aW5kb3cuVHJlbmdvLmtleSUyMCUzRCUyMCUyN1E5SGI4dlBvS2VnRDFBSSUyNyUzQiUwQSUyOGZ1bmN0aW9uJTI4ZCUyQyUyMHNjcmlwdCUyQyUyMHQlMjklMjAlN0IlMEElMjAlMjAlMjAlMjBzY3JpcHQlMjAlM0QlMjBkLmNyZWF0ZUVsZW1lbnQlMjglMjdzY3JpcHQlMjclMjklM0IlMEElMjAlMjAlMjAlMjBzY3JpcHQudHlwZSUyMCUzRCUyMCUyN3RleHQlMkZqYXZhc2NyaXB0JTI3JTNCJTBBJTIwJTIwJTIwJTIwc2NyaXB0LmFzeW5jJTIwJTNEJTIwdHJ1ZSUzQiUwQSUyMCUyMCUyMCUyMHNjcmlwdC5zcmMlMjAlM0QlMjAlMjdodHRwcyUzQSUyRiUyRnN0YXRpYy53aWRnZXQudHJlbmdvLmV1JTJGZW1iZWQuanMlMjclM0IlMEElMjAlMjAlMjAlMjBkLmdldEVsZW1lbnRzQnlUYWdOYW1lJTI4JTI3aGVhZCUyNyUyOSU1QjAlNUQuYXBwZW5kQ2hpbGQlMjhzY3JpcHQlMjklM0IlMEElN0QlMjhkb2N1bWVudCUyOSUyOSUzQiUwQSUzQyUyRnNjcmlwdCUzRQ==[\/vc_raw_js][\/vc_column][\/vc_row]\n<\/div>","protected":false},"excerpt":{"rendered":"<p>[vc_row][vc_column][vc_column_text] Para\u00edso de los buceadores Bonaire Con hasta 60 sitios de buceo oficialmente catalogados en Bonaire y otros 20 sitios [&hellip;]<\/p>\n","protected":false},"author":1,"featured_media":0,"parent":32545,"menu_order":0,"comment_status":"closed","ping_status":"closed","template":"","meta":{"footnotes":""},"class_list":["post-32441","page","type-page","status-publish","hentry"],"yoast_head":"<!-- This site is optimized with the Yoast SEO plugin v27.4 - https:\/\/yoast.com\/product\/yoast-seo-wordpress\/ -->\n<title>Buceo en Bonaire - Buddy Dive Resort Bonaire<\/title>\n<meta name=\"description\" content=\"Disfrutar\u00e1 al m\u00e1ximo del buceo en Bonaire, la capital mundial del buceo de costa, buceando con Buddy Dive. \u00a1\u00danase a nosotros en nuestra flota!\" \/>\n<meta name=\"robots\" content=\"index, follow, max-snippet:-1, max-image-preview:large, max-video-preview:-1\" \/>\n<link rel=\"canonical\" href=\"https:\/\/buddydive.com\/es\/acerca-de-bonaire\/buceo-en-bonaire\/\" \/>\n<meta property=\"og:locale\" content=\"es_ES\" \/>\n<meta property=\"og:type\" content=\"article\" \/>\n<meta property=\"og:title\" content=\"Buceo en Bonaire - Buddy Dive Resort Bonaire\" \/>\n<meta property=\"og:description\" content=\"Disfrutar\u00e1 al m\u00e1ximo del buceo en Bonaire, la capital mundial del buceo de costa, buceando con Buddy Dive. \u00a1\u00danase a nosotros en nuestra flota!\" \/>\n<meta property=\"og:url\" content=\"https:\/\/buddydive.com\/es\/acerca-de-bonaire\/buceo-en-bonaire\/\" \/>\n<meta property=\"og:site_name\" content=\"Buddy Dive Bonaire\" \/>\n<meta property=\"article:publisher\" content=\"https:\/\/www.facebook.com\/buddydiveresort\" \/>\n<meta property=\"article:modified_time\" content=\"2025-10-06T14:00:40+00:00\" \/>\n<meta name=\"twitter:card\" content=\"summary_large_image\" \/>\n<meta name=\"twitter:site\" content=\"@buddydive\" \/>\n<meta name=\"twitter:label1\" content=\"Tiempo de lectura\" \/>\n\t<meta name=\"twitter:data1\" content=\"3 minutos\" \/>\n<script type=\"application\/ld+json\" class=\"yoast-schema-graph\">{\"@context\":\"https:\\\/\\\/schema.org\",\"@graph\":[{\"@type\":\"WebPage\",\"@id\":\"https:\\\/\\\/buddydive.com\\\/es\\\/acerca-de-bonaire\\\/buceo-en-bonaire\\\/\",\"url\":\"https:\\\/\\\/buddydive.com\\\/es\\\/acerca-de-bonaire\\\/buceo-en-bonaire\\\/\",\"name\":\"Buceo en Bonaire - Buddy Dive Resort Bonaire\",\"isPartOf\":{\"@id\":\"https:\\\/\\\/buddydive.com\\\/es\\\/#website\"},\"datePublished\":\"2025-07-03T09:52:41+00:00\",\"dateModified\":\"2025-10-06T14:00:40+00:00\",\"description\":\"Disfrutar\u00e1 al m\u00e1ximo del buceo en Bonaire, la capital mundial del buceo de costa, buceando con Buddy Dive. \u00a1\u00danase a nosotros en nuestra flota!\",\"breadcrumb\":{\"@id\":\"https:\\\/\\\/buddydive.com\\\/es\\\/acerca-de-bonaire\\\/buceo-en-bonaire\\\/#breadcrumb\"},\"inLanguage\":\"es\",\"potentialAction\":[{\"@type\":\"ReadAction\",\"target\":[\"https:\\\/\\\/buddydive.com\\\/es\\\/acerca-de-bonaire\\\/buceo-en-bonaire\\\/\"]}]},{\"@type\":\"BreadcrumbList\",\"@id\":\"https:\\\/\\\/buddydive.com\\\/es\\\/acerca-de-bonaire\\\/buceo-en-bonaire\\\/#breadcrumb\",\"itemListElement\":[{\"@type\":\"ListItem\",\"position\":1,\"name\":\"Home\",\"item\":\"https:\\\/\\\/buddydive.com\\\/es\\\/\"},{\"@type\":\"ListItem\",\"position\":2,\"name\":\"Acerca de Bonaire\",\"item\":\"https:\\\/\\\/buddydive.com\\\/es\\\/acerca-de-bonaire\\\/\"},{\"@type\":\"ListItem\",\"position\":3,\"name\":\"Buceo en Bonaire\"}]},{\"@type\":\"WebSite\",\"@id\":\"https:\\\/\\\/buddydive.com\\\/es\\\/#website\",\"url\":\"https:\\\/\\\/buddydive.com\\\/es\\\/\",\"name\":\"Buddy Dive Bonaire\",\"description\":\"My WordPress Blog\",\"potentialAction\":[{\"@type\":\"SearchAction\",\"target\":{\"@type\":\"EntryPoint\",\"urlTemplate\":\"https:\\\/\\\/buddydive.com\\\/es\\\/?s={search_term_string}\"},\"query-input\":{\"@type\":\"PropertyValueSpecification\",\"valueRequired\":true,\"valueName\":\"search_term_string\"}}],\"inLanguage\":\"es\"}]}<\/script>\n<!-- \/ Yoast SEO plugin. -->","yoast_head_json":{"title":"Buceo en Bonaire - Buddy Dive Resort Bonaire","description":"Disfrutar\u00e1 al m\u00e1ximo del buceo en Bonaire, la capital mundial del buceo de costa, buceando con Buddy Dive. \u00a1\u00danase a nosotros en nuestra flota!","robots":{"index":"index","follow":"follow","max-snippet":"max-snippet:-1","max-image-preview":"max-image-preview:large","max-video-preview":"max-video-preview:-1"},"canonical":"https:\/\/buddydive.com\/es\/acerca-de-bonaire\/buceo-en-bonaire\/","og_locale":"es_ES","og_type":"article","og_title":"Buceo en Bonaire - Buddy Dive Resort Bonaire","og_description":"Disfrutar\u00e1 al m\u00e1ximo del buceo en Bonaire, la capital mundial del buceo de costa, buceando con Buddy Dive. \u00a1\u00danase a nosotros en nuestra flota!","og_url":"https:\/\/buddydive.com\/es\/acerca-de-bonaire\/buceo-en-bonaire\/","og_site_name":"Buddy Dive Bonaire","article_publisher":"https:\/\/www.facebook.com\/buddydiveresort","article_modified_time":"2025-10-06T14:00:40+00:00","twitter_card":"summary_large_image","twitter_site":"@buddydive","twitter_misc":{"Tiempo de lectura":"3 minutos"},"schema":{"@context":"https:\/\/schema.org","@graph":[{"@type":"WebPage","@id":"https:\/\/buddydive.com\/es\/acerca-de-bonaire\/buceo-en-bonaire\/","url":"https:\/\/buddydive.com\/es\/acerca-de-bonaire\/buceo-en-bonaire\/","name":"Buceo en Bonaire - Buddy Dive Resort Bonaire","isPartOf":{"@id":"https:\/\/buddydive.com\/es\/#website"},"datePublished":"2025-07-03T09:52:41+00:00","dateModified":"2025-10-06T14:00:40+00:00","description":"Disfrutar\u00e1 al m\u00e1ximo del buceo en Bonaire, la capital mundial del buceo de costa, buceando con Buddy Dive. \u00a1\u00danase a nosotros en nuestra flota!","breadcrumb":{"@id":"https:\/\/buddydive.com\/es\/acerca-de-bonaire\/buceo-en-bonaire\/#breadcrumb"},"inLanguage":"es","potentialAction":[{"@type":"ReadAction","target":["https:\/\/buddydive.com\/es\/acerca-de-bonaire\/buceo-en-bonaire\/"]}]},{"@type":"BreadcrumbList","@id":"https:\/\/buddydive.com\/es\/acerca-de-bonaire\/buceo-en-bonaire\/#breadcrumb","itemListElement":[{"@type":"ListItem","position":1,"name":"Home","item":"https:\/\/buddydive.com\/es\/"},{"@type":"ListItem","position":2,"name":"Acerca de Bonaire","item":"https:\/\/buddydive.com\/es\/acerca-de-bonaire\/"},{"@type":"ListItem","position":3,"name":"Buceo en Bonaire"}]},{"@type":"WebSite","@id":"https:\/\/buddydive.com\/es\/#website","url":"https:\/\/buddydive.com\/es\/","name":"Buddy Dive Bonaire","description":"My WordPress Blog","potentialAction":[{"@type":"SearchAction","target":{"@type":"EntryPoint","urlTemplate":"https:\/\/buddydive.com\/es\/?s={search_term_string}"},"query-input":{"@type":"PropertyValueSpecification","valueRequired":true,"valueName":"search_term_string"}}],"inLanguage":"es"}]}},"_links":{"self":[{"href":"https:\/\/buddydive.com\/es\/wp-json\/wp\/v2\/pages\/32441","targetHints":{"allow":["GET"]}}],"collection":[{"href":"https:\/\/buddydive.com\/es\/wp-json\/wp\/v2\/pages"}],"about":[{"href":"https:\/\/buddydive.com\/es\/wp-json\/wp\/v2\/types\/page"}],"author":[{"embeddable":true,"href":"https:\/\/buddydive.com\/es\/wp-json\/wp\/v2\/users\/1"}],"replies":[{"embeddable":true,"href":"https:\/\/buddydive.com\/es\/wp-json\/wp\/v2\/comments?post=32441"}],"version-history":[{"count":3,"href":"https:\/\/buddydive.com\/es\/wp-json\/wp\/v2\/pages\/32441\/revisions"}],"predecessor-version":[{"id":34459,"href":"https:\/\/buddydive.com\/es\/wp-json\/wp\/v2\/pages\/32441\/revisions\/34459"}],"up":[{"embeddable":true,"href":"https:\/\/buddydive.com\/es\/wp-json\/wp\/v2\/pages\/32545"}],"wp:attachment":[{"href":"https:\/\/buddydive.com\/es\/wp-json\/wp\/v2\/media?parent=32441"}],"curies":[{"name":"wp","href":"https:\/\/api.w.org\/{rel}","templated":true}]}}