{"id":32420,"date":"2025-07-03T09:52:23","date_gmt":"2025-07-03T09:52:23","guid":{"rendered":"https:\/\/buddydive.com\/buddy-dive-academy-para-profesionales\/"},"modified":"2026-02-09T16:11:07","modified_gmt":"2026-02-09T16:11:07","slug":"buddy-dive-academy-para-profesionales","status":"publish","type":"page","link":"https:\/\/buddydive.com\/es\/submarinismo\/curso-de-desarrollo-de-instructores-padi-idc\/buddy-dive-academy-para-profesionales\/","title":{"rendered":"Buddy dive academy: para profesionales"},"content":{"rendered":"<div class=\"wpb-content-wrapper\">[vc_row][vc_column width=\u00bb3\/4&#8243;][vc_column_text css=\u00bb\u00bb]\n<h1 class=\"text-uppercase\" style=\"text-align: center;\"><small>Buddy dive academy<\/small> para profesionales<\/h1>\n<h2 style=\"text-align: left;\"><strong>Programa de instructor de buceo maestro<\/strong><\/h2>\n<p>Como <a href=\"https:\/\/www.padi.com\/courses\/master-scuba-diver-trainer?lang=en\">PADI Master Scuba Diver Trainer (MSDT)<\/a>, eres un instructor de buceo m\u00e1s vers\u00e1til y valioso. Para convertirte en MSDT, necesitas tener al menos 25 certificaciones y 5 certificaciones de instructor de especialidad PADI. Con esta certificaci\u00f3n, sin duda, sacar\u00e1s el m\u00e1ximo provecho de tu profesi\u00f3n como instructor de buceo. No tenemos un programa fijo, como muchos otros <a href=\"https:\/\/buddydive.com\/es\/submarinismo\/curso-de-desarrollo-de-instructores-padi-idc\/\">centros IDC<\/a>. Adaptamos el programa lo m\u00e1ximo posible a tus necesidades y deseos, para que puedas ense\u00f1ar las especialidades que te resulten m\u00e1s valiosas.<\/p>\n<p>Este paquete todo incluido se ofrece 6 veces al a\u00f1o despu\u00e9s de los IDC. Es posible seguir el programa MSDT en otras semanas. P\u00f3ngase en contacto con nuestro director del curso para obtener m\u00e1s informaci\u00f3n.<\/p>\n<p><strong>Paquete todo incluido: <\/strong><\/p>\n<ul>\n<li>5 cursos de instructor de especialidad + curso gratuito de instructor de Nitrox<\/li>\n<li>Alojamiento compartido<\/li>\n<li>Traslados al aeropuerto<\/li>\n<li>3 comidas al d\u00eda<\/li>\n<li>Uso de tanques<\/li>\n<li>Equipo de alquiler b\u00e1sico<\/li>\n<li>Tasas de PADI para sus solicitudes de instructor de especialidad<\/li>\n<\/ul>\n<p><strong>Duraci\u00f3n:<\/strong> 7 d\u00edas<br \/>\n<strong>Precio:<\/strong> Paquete todo incluido: 1702 $,-<\/p>\n<p><strong>Paquete solo programa: <\/strong><\/p>\n<ul>\n<li>5 cursos de instructor de especialidad + curso gratuito de instructor de Nitrox<\/li>\n<li>Uso de tanques<\/li>\n<li>Equipo de alquiler b\u00e1sico<\/li>\n<li>Tasas de PADI para sus solicitudes de instructor de especialidad<\/li>\n<\/ul>\n<p><strong>Duraci\u00f3n:<\/strong> 7 d\u00edas<br \/>\n<strong>Precio:<\/strong> Paquete solo programa: 1175 $,-<\/p>\n<p><em>Los paquetes no incluyen el alquiler de equipos especiales como equipos sidemount, trajes secos, etc.<\/em>[\/vc_column_text][vc_separator][vc_column_text][\/vc_column_text][\/vc_column][\/vc_row][vc_row full_width=\u00bbstretch_row\u00bb curly_bg_repeat=\u00bbbg-repeat-x\u00bb curly_bg_position=\u00bbbg-pos-center-center\u00bb position=\u00bbcenter center\u00bb css=\u00bb.vc_custom_1660071357492{background-image: url(https:\/\/buddydive.com\/wp-content\/uploads\/2022\/02\/mg_9128-scaled.jpg?id=14738) !important;background-position: center !important;background-repeat: no-repeat !important;background-size: cover !important;}\u00bb][vc_column curly_bg_position=\u00bbbg-pos-center-center\u00bb][vc_column_text]\n<h2 class=\"text-uppercase\" style=\"text-align: center;\"><span style=\"color: #ffffff;\">MSDT y divemaster con todo incluido <\/span><\/h2>\n[\/vc_column_text][vc_column_text css=\u00bb\u00bb]\n<p style=\"text-align: center;\"><span style=\"color: #ffffff;\"><strong>NOTA:<\/strong> <em>Es posible seguir el programa MSDT en otras semanas, pero no como un paquete todo incluido.<\/em><\/span><\/p>\n[\/vc_column_text]<div class='testimonials-carousel  vc_custom_1578004520315 owl-with-navigation' data-owl='{&quot;items&quot;:3,&quot;nav&quot;:false,&quot;navText&quot;:[],&quot;loop&quot;:false,&quot;autoplay&quot;:true,&quot;autoplayTimeout&quot;:&quot;2000&quot;,&quot;autoplayHoverPause&quot;:true,&quot;responsive&quot;:{&quot;0&quot;:{&quot;items&quot;:1,&quot;dots&quot;:true,&quot;nav&quot;:false},&quot;767&quot;:{&quot;items&quot;:2,&quot;dots&quot;:true},&quot;992&quot;:{&quot;items&quot;:3,&quot;dots&quot;:true}}}'><div class='testimonial'>\n      <h4 class='testimonial-title'>\n      MSDT - June 2025          <\/h4>\n        <p>June 22 - 27<\/p>\n    <a href='mailto:coursedirector@buddydive.com' class='btn-inline btn' target=\"_self\">Sign Up!<\/a>\n<\/div>\n<div class='testimonial'>\n      <h4 class='testimonial-title'>\n      Divemaster - June 2025          <\/h4>\n        <p>June 1 - 6<\/p>\n    <a href='mailto:coursedirector@buddydive.com' class='btn-inline btn' target=\"_blank\">Sign Up!<\/a>\n<\/div>\n<div class='testimonial'>\n      <h4 class='testimonial-title'>\n      Divemaster - July 2025          <\/h4>\n        <p>July 27 - August 1<\/p>\n    <a href='mailto:coursedirector@buddydive.com' class='btn-inline btn' target=\"_blank\">Sign Up!<\/a>\n<\/div>\n<div class='testimonial'>\n      <h4 class='testimonial-title'>\n      MSDT - August 2025          <\/h4>\n        <p>August 17 - 22<\/p>\n    <a href='mailto:coursedirector@buddydive.com' class='btn-inline btn' target=\"_self\">Sign Up!<\/a>\n<\/div>\n<div class='testimonial'>\n      <h4 class='testimonial-title'>\n      MSDT - October 2025          <\/h4>\n        <p>October 19 - 24<\/p>\n    <a href='mailto:coursedirector@buddydive.com' class='btn-inline btn' target=\"_self\">Sign Up!<\/a>\n<\/div>\n<div class='testimonial'>\n      <h4 class='testimonial-title'>\n      Divemaster - November 2025          <\/h4>\n        <p>November 23 - 18<\/p>\n    <a href='mailto:coursedirector@buddydive.com' class='btn-inline btn' target=\"_blank\">Sign Up!<\/a>\n<\/div>\n<div class='testimonial'>\n      <h4 class='testimonial-title'>\n      MSDT - December 2025          <\/h4>\n        <p>December 14 - 19<\/p>\n    <a href='mailto:coursedirector@buddydive.com' class='btn-inline btn' target=\"_blank\">Sign Up!<\/a>\n<\/div>\n<div class='testimonial'>\n      <h4 class='testimonial-title'>\n      MSDT - February 2026          <\/h4>\n        <p>February 22 - 27<\/p>\n    <a href='mailto:coursedirector@buddydive.com' class='btn-inline btn' target=\"_self\">Sign Up!<\/a>\n<\/div>\n<div class='testimonial'>\n      <h4 class='testimonial-title'>\n      MSDT - May 2026          <\/h4>\n        <p>May 3 - 8<\/p>\n    <a href='mailto:coursedirector@buddydive.com' class='btn-inline btn' target=\"_self\">Sign Up!<\/a>\n<\/div>\n<div class='testimonial'>\n      <h4 class='testimonial-title'>\n      MSDT - July 2026          <\/h4>\n        <p>July 5 -10<\/p>\n    <a href='mailto:coursedirector@buddydive.com' class='btn-inline btn' target=\"_self\">Sign Up!<\/a>\n<\/div>\n<div class='testimonial'>\n      <h4 class='testimonial-title'>\n      MSDT - September 2026          <\/h4>\n        <p>September 12 - 18<\/p>\n    <a href='mailto:coursedirector@buddydive.com' class='btn-inline btn' target=\"_self\">Sign Up!<\/a>\n<\/div>\n<div class='testimonial'>\n      <h4 class='testimonial-title'>\n      MSDT - December 2026          <\/h4>\n        <p>December 6 - 11<\/p>\n    <a href='mailto:coursedirector@buddydive.com' class='btn-inline btn' target=\"_self\">Sign Up!<\/a>\n<\/div>\n<\/div>[\/vc_column][\/vc_row][vc_row][vc_column][vc_cta h2=\u00bbConsulte nuestras fechas de IDC\u00bb txt_align=\u00bbcenter\u00bb add_button=\u00bbbottom\u00bb btn_title=\u00bbIDC\u00bb btn_align=\u00bbcenter\u00bb btn_link=\u00bburl:https%3A%2F%2Fbuddydive.com%2Fes%2Fsubmarinismo%2Fcurso-de-desarrollo-de-instructores-padi-idc%2F|\u00bb][\/vc_cta][vc_empty_space][vc_column_text]\n<h2 style=\"text-align: left;\"><strong>Instructor de personal de IDC con todo incluido<\/strong><\/h2>\n<p>D\u00e9 el siguiente paso en su carrera y convi\u00e9rtase en instructor de personal de IDC. Buddy Dive Resort le ofrece la oportunidad de ampliar sus conocimientos y compartir su amor por la profesi\u00f3n de instructor PADI. Durante esta formaci\u00f3n, aprender\u00e1 a ayudar en los cursos de desarrollo de instructores y a transmitir sus conocimientos y pasi\u00f3n a la pr\u00f3xima generaci\u00f3n de instructores PADI.<\/p>\n<p><strong>El paquete incluye: <\/strong><\/p>\n<ul>\n<li>Materiales de aprendizaje electr\u00f3nico para el personal de IDC<\/li>\n<li>Pizarras de director de curso\/personal de IDC<\/li>\n<li>Alojamiento compartido<\/li>\n<li>3 comidas al d\u00eda<\/li>\n<\/ul>\n<p><strong>Duraci\u00f3n:<\/strong> 14 d\u00edas<br \/>\n<strong>Precio: Paquete todo incluido:<\/strong> 1925 $ &#8211; <strong>Solo programa:<\/strong> 1175 $<br \/>\n<strong>Requisito previo:<\/strong> Para participar en esta formaci\u00f3n, ya debe ser Master Scuba Diver Trainer<\/p>\n<p style=\"text-align: center;\"><strong>\u00bfVive en Bonaire? \u00a1P\u00f3ngase en contacto con nosotros para conocer nuestras excelentes tarifas locales! <\/strong><\/p>\n[\/vc_column_text][vc_btn title=\u00bbSolicitar informaci\u00f3n\u00bb size=\u00bblg\u00bb align=\u00bbcenter\u00bb link=\u00bburl:mailto%3A%20coursedirector%40buddydive.com|\u00bb][vc_gallery images=\u00bb32805,32802,32799,29891&#8243; img_size=\u00bbmedium\u00bb css=\u00bb\u00bb columns=\u00bb4&#8243;][\/vc_column][\/vc_row][vc_row][vc_column][\/vc_column][\/vc_row]\n<\/div>","protected":false},"excerpt":{"rendered":"<p>[vc_row][vc_column width=\u00bb3\/4&#8243;][vc_column_text css=\u00bb\u00bb] Buddy dive academy para profesionales Programa de instructor de buceo maestro Como PADI Master Scuba Diver Trainer [&hellip;]<\/p>\n","protected":false},"author":2,"featured_media":0,"parent":32774,"menu_order":0,"comment_status":"closed","ping_status":"closed","template":"","meta":{"footnotes":""},"class_list":["post-32420","page","type-page","status-publish","hentry"],"yoast_head":"<!-- This site is optimized with the Yoast SEO plugin v27.0 - https:\/\/yoast.com\/product\/yoast-seo-wordpress\/ -->\n<title>Buddy dive academy: para profesionales - Buddy Dive Bonaire MSDT<\/title>\n<meta name=\"description\" content=\"Buddy Dive Resort ofrece cursos para profesionales. Convi\u00e9rtase en MSDT obteniendo al menos 25 certificaciones y 5 especialidades PADI.\" \/>\n<meta name=\"robots\" content=\"index, follow, max-snippet:-1, max-image-preview:large, max-video-preview:-1\" \/>\n<link rel=\"canonical\" href=\"https:\/\/buddydive.com\/es\/submarinismo\/curso-de-desarrollo-de-instructores-padi-idc\/buddy-dive-academy-para-profesionales\/\" \/>\n<meta property=\"og:locale\" content=\"es_ES\" \/>\n<meta property=\"og:type\" content=\"article\" \/>\n<meta property=\"og:title\" content=\"Buddy dive academy: para profesionales - Buddy Dive Bonaire MSDT\" \/>\n<meta property=\"og:description\" content=\"Buddy Dive Resort ofrece cursos para profesionales. Convi\u00e9rtase en MSDT obteniendo al menos 25 certificaciones y 5 especialidades PADI.\" \/>\n<meta property=\"og:url\" content=\"https:\/\/buddydive.com\/es\/submarinismo\/curso-de-desarrollo-de-instructores-padi-idc\/buddy-dive-academy-para-profesionales\/\" \/>\n<meta property=\"og:site_name\" content=\"Buddy Dive Bonaire\" \/>\n<meta property=\"article:publisher\" content=\"https:\/\/www.facebook.com\/buddydiveresort\" \/>\n<meta property=\"article:modified_time\" content=\"2026-02-09T16:11:07+00:00\" \/>\n<meta name=\"twitter:card\" content=\"summary_large_image\" \/>\n<meta name=\"twitter:site\" content=\"@buddydive\" \/>\n<meta name=\"twitter:label1\" content=\"Tiempo de lectura\" \/>\n\t<meta name=\"twitter:data1\" content=\"3 minutos\" \/>\n<script type=\"application\/ld+json\" class=\"yoast-schema-graph\">{\"@context\":\"https:\/\/schema.org\",\"@graph\":[{\"@type\":\"WebPage\",\"@id\":\"https:\/\/buddydive.com\/es\/submarinismo\/curso-de-desarrollo-de-instructores-padi-idc\/buddy-dive-academy-para-profesionales\/\",\"url\":\"https:\/\/buddydive.com\/es\/submarinismo\/curso-de-desarrollo-de-instructores-padi-idc\/buddy-dive-academy-para-profesionales\/\",\"name\":\"Buddy dive academy: para profesionales - Buddy Dive Bonaire MSDT\",\"isPartOf\":{\"@id\":\"https:\/\/buddydive.com\/es\/#website\"},\"datePublished\":\"2025-07-03T09:52:23+00:00\",\"dateModified\":\"2026-02-09T16:11:07+00:00\",\"description\":\"Buddy Dive Resort ofrece cursos para profesionales. Convi\u00e9rtase en MSDT obteniendo al menos 25 certificaciones y 5 especialidades PADI.\",\"breadcrumb\":{\"@id\":\"https:\/\/buddydive.com\/es\/submarinismo\/curso-de-desarrollo-de-instructores-padi-idc\/buddy-dive-academy-para-profesionales\/#breadcrumb\"},\"inLanguage\":\"es\",\"potentialAction\":[{\"@type\":\"ReadAction\",\"target\":[\"https:\/\/buddydive.com\/es\/submarinismo\/curso-de-desarrollo-de-instructores-padi-idc\/buddy-dive-academy-para-profesionales\/\"]}]},{\"@type\":\"BreadcrumbList\",\"@id\":\"https:\/\/buddydive.com\/es\/submarinismo\/curso-de-desarrollo-de-instructores-padi-idc\/buddy-dive-academy-para-profesionales\/#breadcrumb\",\"itemListElement\":[{\"@type\":\"ListItem\",\"position\":1,\"name\":\"Home\",\"item\":\"https:\/\/buddydive.com\/es\/\"},{\"@type\":\"ListItem\",\"position\":2,\"name\":\"Submarinismo\",\"item\":\"https:\/\/buddydive.com\/es\/submarinismo\/\"},{\"@type\":\"ListItem\",\"position\":3,\"name\":\"Curso de desarrollo de instructores &#8211; PADI IDC\",\"item\":\"https:\/\/buddydive.com\/es\/submarinismo\/curso-de-desarrollo-de-instructores-padi-idc\/\"},{\"@type\":\"ListItem\",\"position\":4,\"name\":\"Buddy dive academy: para profesionales\"}]},{\"@type\":\"WebSite\",\"@id\":\"https:\/\/buddydive.com\/es\/#website\",\"url\":\"https:\/\/buddydive.com\/es\/\",\"name\":\"Buddy Dive Bonaire\",\"description\":\"My WordPress Blog\",\"potentialAction\":[{\"@type\":\"SearchAction\",\"target\":{\"@type\":\"EntryPoint\",\"urlTemplate\":\"https:\/\/buddydive.com\/es\/?s={search_term_string}\"},\"query-input\":{\"@type\":\"PropertyValueSpecification\",\"valueRequired\":true,\"valueName\":\"search_term_string\"}}],\"inLanguage\":\"es\"}]}<\/script>\n<!-- \/ Yoast SEO plugin. -->","yoast_head_json":{"title":"Buddy dive academy: para profesionales - Buddy Dive Bonaire MSDT","description":"Buddy Dive Resort ofrece cursos para profesionales. Convi\u00e9rtase en MSDT obteniendo al menos 25 certificaciones y 5 especialidades PADI.","robots":{"index":"index","follow":"follow","max-snippet":"max-snippet:-1","max-image-preview":"max-image-preview:large","max-video-preview":"max-video-preview:-1"},"canonical":"https:\/\/buddydive.com\/es\/submarinismo\/curso-de-desarrollo-de-instructores-padi-idc\/buddy-dive-academy-para-profesionales\/","og_locale":"es_ES","og_type":"article","og_title":"Buddy dive academy: para profesionales - Buddy Dive Bonaire MSDT","og_description":"Buddy Dive Resort ofrece cursos para profesionales. Convi\u00e9rtase en MSDT obteniendo al menos 25 certificaciones y 5 especialidades PADI.","og_url":"https:\/\/buddydive.com\/es\/submarinismo\/curso-de-desarrollo-de-instructores-padi-idc\/buddy-dive-academy-para-profesionales\/","og_site_name":"Buddy Dive Bonaire","article_publisher":"https:\/\/www.facebook.com\/buddydiveresort","article_modified_time":"2026-02-09T16:11:07+00:00","twitter_card":"summary_large_image","twitter_site":"@buddydive","twitter_misc":{"Tiempo de lectura":"3 minutos"},"schema":{"@context":"https:\/\/schema.org","@graph":[{"@type":"WebPage","@id":"https:\/\/buddydive.com\/es\/submarinismo\/curso-de-desarrollo-de-instructores-padi-idc\/buddy-dive-academy-para-profesionales\/","url":"https:\/\/buddydive.com\/es\/submarinismo\/curso-de-desarrollo-de-instructores-padi-idc\/buddy-dive-academy-para-profesionales\/","name":"Buddy dive academy: para profesionales - Buddy Dive Bonaire MSDT","isPartOf":{"@id":"https:\/\/buddydive.com\/es\/#website"},"datePublished":"2025-07-03T09:52:23+00:00","dateModified":"2026-02-09T16:11:07+00:00","description":"Buddy Dive Resort ofrece cursos para profesionales. Convi\u00e9rtase en MSDT obteniendo al menos 25 certificaciones y 5 especialidades PADI.","breadcrumb":{"@id":"https:\/\/buddydive.com\/es\/submarinismo\/curso-de-desarrollo-de-instructores-padi-idc\/buddy-dive-academy-para-profesionales\/#breadcrumb"},"inLanguage":"es","potentialAction":[{"@type":"ReadAction","target":["https:\/\/buddydive.com\/es\/submarinismo\/curso-de-desarrollo-de-instructores-padi-idc\/buddy-dive-academy-para-profesionales\/"]}]},{"@type":"BreadcrumbList","@id":"https:\/\/buddydive.com\/es\/submarinismo\/curso-de-desarrollo-de-instructores-padi-idc\/buddy-dive-academy-para-profesionales\/#breadcrumb","itemListElement":[{"@type":"ListItem","position":1,"name":"Home","item":"https:\/\/buddydive.com\/es\/"},{"@type":"ListItem","position":2,"name":"Submarinismo","item":"https:\/\/buddydive.com\/es\/submarinismo\/"},{"@type":"ListItem","position":3,"name":"Curso de desarrollo de instructores &#8211; PADI IDC","item":"https:\/\/buddydive.com\/es\/submarinismo\/curso-de-desarrollo-de-instructores-padi-idc\/"},{"@type":"ListItem","position":4,"name":"Buddy dive academy: para profesionales"}]},{"@type":"WebSite","@id":"https:\/\/buddydive.com\/es\/#website","url":"https:\/\/buddydive.com\/es\/","name":"Buddy Dive Bonaire","description":"My WordPress Blog","potentialAction":[{"@type":"SearchAction","target":{"@type":"EntryPoint","urlTemplate":"https:\/\/buddydive.com\/es\/?s={search_term_string}"},"query-input":{"@type":"PropertyValueSpecification","valueRequired":true,"valueName":"search_term_string"}}],"inLanguage":"es"}]}},"_links":{"self":[{"href":"https:\/\/buddydive.com\/es\/wp-json\/wp\/v2\/pages\/32420","targetHints":{"allow":["GET"]}}],"collection":[{"href":"https:\/\/buddydive.com\/es\/wp-json\/wp\/v2\/pages"}],"about":[{"href":"https:\/\/buddydive.com\/es\/wp-json\/wp\/v2\/types\/page"}],"author":[{"embeddable":true,"href":"https:\/\/buddydive.com\/es\/wp-json\/wp\/v2\/users\/2"}],"replies":[{"embeddable":true,"href":"https:\/\/buddydive.com\/es\/wp-json\/wp\/v2\/comments?post=32420"}],"version-history":[{"count":5,"href":"https:\/\/buddydive.com\/es\/wp-json\/wp\/v2\/pages\/32420\/revisions"}],"predecessor-version":[{"id":35752,"href":"https:\/\/buddydive.com\/es\/wp-json\/wp\/v2\/pages\/32420\/revisions\/35752"}],"up":[{"embeddable":true,"href":"https:\/\/buddydive.com\/es\/wp-json\/wp\/v2\/pages\/32774"}],"wp:attachment":[{"href":"https:\/\/buddydive.com\/es\/wp-json\/wp\/v2\/media?parent=32420"}],"curies":[{"name":"wp","href":"https:\/\/api.w.org\/{rel}","templated":true}]}}