{"id":32418,"date":"2025-07-03T09:52:22","date_gmt":"2025-07-03T09:52:22","guid":{"rendered":"https:\/\/buddydive.com\/restaurante-ingridients\/"},"modified":"2026-02-19T14:27:31","modified_gmt":"2026-02-19T14:27:31","slug":"restaurante-ingridients","status":"publish","type":"page","link":"https:\/\/buddydive.com\/es\/resort\/restaurante-ingridients\/","title":{"rendered":"Restaurante Ingridients"},"content":{"rendered":"<div class=\"wpb-content-wrapper\">[vc_row][vc_column width=\u00bb1\/2&#8243;][vc_column_text]\n<h1 class=\"text-uppercase\"><small>Cene de forma diferente en <\/small>el restaurante ingridi\u00ebnts<\/h1>\n<h4>Desde que imaginamos por primera vez \u201cingridi\u00ebnts\u201d, quer\u00edamos que fuera diferente, que estuviera lejos de clich\u00e9s y lugares comunes, quer\u00edamos que fuera \u00fanico y personal, como nosotros, como usted.<\/h4>\n<p>La familia Van der Valk en Bonaire ha estado en la industria del turismo durante d\u00e9cadas, y en ese tiempo hemos tenido la oportunidad de visitar cientos de restaurantes, pero solo un pu\u00f1ado de ellos se ganaron un lugar en nuestras mentes y corazones.<\/p>\n<p>Nuestra comida se basa en la cocina mediterr\u00e1nea y utiliza los principios b\u00e1sicos de la cocina francesa, espa\u00f1ola e italiana. Adem\u00e1s de eso, utilizamos nuestros productos locales y servimos todo esto junto a las m\u00e1gicas aguas azules del mar Caribe. Quer\u00edamos crear un espacio de confort y lujo, de elegancia fresca; un lugar para que cene de forma diferente.[\/vc_column_text][\/vc_column][vc_column width=\u00bb1\/2&#8243;][vc_cta h2=\u00bbHacer una reserva\u00bb txt_align=\u00bbcenter\u00bb add_button=\u00bbbottom\u00bb btn_title=\u00bbReservar ahora\u00bb btn_color=\u00bbgreen\u00bb btn_align=\u00bbcenter\u00bb btn_link=\u00bburl:https%3A%2F%2Fingridientsrestaurant.com%2Freservation%2F|\u00bb]\n<p style=\"text-align: center;\"><strong>\u00a1El equipo de Ingridi\u00ebnts le da la bienvenida al restaurante Ingridi\u00ebnts!<\/strong><br \/>\nAbrimos todos los jueves, viernes, s\u00e1bados, domingos y lunes. Reserve su mesa y disfrute de las creaciones m\u00e1s deliciosas de nuestro chef, vinos elegantes y la mejor vista.[\/vc_cta][\/vc_column][\/vc_row][vc_row][vc_column][vc_separator][vc_images_carousel images=\u00bb32429,32430,32431,32432,32433&#8243; slides_per_view=\u00bb4&#8243; wrap=\u00bbyes\u00bb][vc_empty_space][vc_separator][vc_column_text]\n<h3 style=\"text-align: center;\">Men\u00fa<\/h3>\n[\/vc_column_text][vc_btn title=\u00bbMen\u00fa de cena de Ingridients\u00bb color=\u00bbgreen\u00bb align=\u00bbcenter\u00bb link=\u00bburl:https%3A%2F%2Fingridientsrestaurant.com%2Fmenu%2F|target:_blank|\u00bb][vc_separator][vc_btn title=\u00bbMen\u00fa para llevar\u00bb color=\u00bbgreen\u00bb align=\u00bbcenter\u00bb link=\u00bburl:https%3A%2F%2Fingridientsrestaurant.com%2Ftake-out%2F|target:_blank|\u00bb][vc_column_text]\n<p style=\"text-align: center;\"><strong>Nuestras deliciosas pizzas y pastas tambi\u00e9n est\u00e1n disponibles para llevar. Para ordenar, llame al +599 717 1684. <\/strong><\/p>\n[\/vc_column_text][vc_column_text]\n<h3 style=\"text-align: center;\">Carta de vinos<\/h3>\n[\/vc_column_text][vc_btn title=\u00bbCarta de vinos\u00bb color=\u00bbgreen\u00bb align=\u00bbcenter\u00bb link=\u00bburl:https%3A%2F%2Fingridientsrestaurant.com%2Fmenu%2F|target:_blank|\u00bb][\/vc_column][\/vc_row][vc_row][vc_column width=\u00bb1\/2&#8243;][vc_column_text]\n<h2 style=\"text-align: center;\"><i class='far fa-fw fa-clock-o fa-lg fa-block ' style=''><\/i><strong>Horario de apertura ingridi\u00ebnts<\/strong><\/h2>\n<p style=\"text-align: center;\"><strong><br \/>\n<\/strong>Todos los jueves, viernes, s\u00e1bados, domingos y lunes<br \/>\nCena: 17:30 &#8211; 22:00<\/p>\n[\/vc_column_text][\/vc_column][vc_column width=\u00bb1\/2&#8243;][vc_row_inner][vc_column_inner][vc_column_text]\n<h2 style=\"text-align: center;\"><i class='far fa-fw fa-book fa-lg fa-block ' style=''><\/i><strong>Reservas ingridi\u00ebnts<\/strong><\/h2>\n<p style=\"text-align: center;\">Para reservas para el mismo d\u00eda y reservas para m\u00e1s de 6 personas, solo aceptamos reservas realizadas por tel\u00e9fono. Tenga en cuenta que su reserva solo es definitiva si ha recibido un correo electr\u00f3nico de confirmaci\u00f3n. +599 717 1684<br \/>\nCorreo electr\u00f3nico: Info@Ingridientsrestaurant.com[\/vc_column_text][\/vc_column_inner][\/vc_row_inner][\/vc_column][\/vc_row][vc_row][vc_column][\/vc_column][\/vc_row]\n<\/div>","protected":false},"excerpt":{"rendered":"<p>[vc_row][vc_column width=\u00bb1\/2&#8243;][vc_column_text] Cene de forma diferente en el restaurante ingridi\u00ebnts Desde que imaginamos por primera vez \u201cingridi\u00ebnts\u201d, quer\u00edamos que fuera [&hellip;]<\/p>\n","protected":false},"author":2,"featured_media":0,"parent":37076,"menu_order":0,"comment_status":"closed","ping_status":"closed","template":"","meta":{"footnotes":""},"class_list":["post-32418","page","type-page","status-publish","hentry"],"yoast_head":"<!-- This site is optimized with the Yoast SEO plugin v27.4 - https:\/\/yoast.com\/product\/yoast-seo-wordpress\/ -->\n<title>Restaurante Ingridients - Buddy Dive Bonaire<\/title>\n<meta name=\"description\" content=\"Ingridi\u00ebnts Bonaire: delicias, vinos y vistas al Caribe en Buddy Dive Resort.\" \/>\n<meta name=\"robots\" content=\"index, follow, max-snippet:-1, max-image-preview:large, max-video-preview:-1\" \/>\n<link rel=\"canonical\" href=\"https:\/\/buddydive.com\/es\/resort\/restaurante-ingridients\/\" \/>\n<meta property=\"og:locale\" content=\"es_ES\" \/>\n<meta property=\"og:type\" content=\"article\" \/>\n<meta property=\"og:title\" content=\"Restaurante Ingridients - Buddy Dive Bonaire\" \/>\n<meta property=\"og:description\" content=\"Ingridi\u00ebnts Bonaire: delicias, vinos y vistas al Caribe en Buddy Dive Resort.\" \/>\n<meta property=\"og:url\" content=\"https:\/\/buddydive.com\/es\/resort\/restaurante-ingridients\/\" \/>\n<meta property=\"og:site_name\" content=\"Buddy Dive Bonaire\" \/>\n<meta property=\"article:publisher\" content=\"https:\/\/www.facebook.com\/buddydiveresort\" \/>\n<meta property=\"article:modified_time\" content=\"2026-02-19T14:27:31+00:00\" \/>\n<meta name=\"twitter:card\" content=\"summary_large_image\" \/>\n<meta name=\"twitter:site\" content=\"@buddydive\" \/>\n<meta name=\"twitter:label1\" content=\"Tiempo de lectura\" \/>\n\t<meta name=\"twitter:data1\" content=\"2 minutos\" \/>\n<script type=\"application\/ld+json\" class=\"yoast-schema-graph\">{\"@context\":\"https:\\\/\\\/schema.org\",\"@graph\":[{\"@type\":\"WebPage\",\"@id\":\"https:\\\/\\\/buddydive.com\\\/es\\\/resort\\\/restaurante-ingridients\\\/\",\"url\":\"https:\\\/\\\/buddydive.com\\\/es\\\/resort\\\/restaurante-ingridients\\\/\",\"name\":\"Restaurante Ingridients - Buddy Dive Bonaire\",\"isPartOf\":{\"@id\":\"https:\\\/\\\/buddydive.com\\\/es\\\/#website\"},\"datePublished\":\"2025-07-03T09:52:22+00:00\",\"dateModified\":\"2026-02-19T14:27:31+00:00\",\"description\":\"Ingridi\u00ebnts Bonaire: delicias, vinos y vistas al Caribe en Buddy Dive Resort.\",\"breadcrumb\":{\"@id\":\"https:\\\/\\\/buddydive.com\\\/es\\\/resort\\\/restaurante-ingridients\\\/#breadcrumb\"},\"inLanguage\":\"es\",\"potentialAction\":[{\"@type\":\"ReadAction\",\"target\":[\"https:\\\/\\\/buddydive.com\\\/es\\\/resort\\\/restaurante-ingridients\\\/\"]}]},{\"@type\":\"BreadcrumbList\",\"@id\":\"https:\\\/\\\/buddydive.com\\\/es\\\/resort\\\/restaurante-ingridients\\\/#breadcrumb\",\"itemListElement\":[{\"@type\":\"ListItem\",\"position\":1,\"name\":\"Home\",\"item\":\"https:\\\/\\\/buddydive.com\\\/es\\\/\"},{\"@type\":\"ListItem\",\"position\":2,\"name\":\"Resort\",\"item\":\"https:\\\/\\\/buddydive.com\\\/es\\\/resort\\\/\"},{\"@type\":\"ListItem\",\"position\":3,\"name\":\"Restaurante Ingridients\"}]},{\"@type\":\"WebSite\",\"@id\":\"https:\\\/\\\/buddydive.com\\\/es\\\/#website\",\"url\":\"https:\\\/\\\/buddydive.com\\\/es\\\/\",\"name\":\"Buddy Dive Bonaire\",\"description\":\"My WordPress Blog\",\"potentialAction\":[{\"@type\":\"SearchAction\",\"target\":{\"@type\":\"EntryPoint\",\"urlTemplate\":\"https:\\\/\\\/buddydive.com\\\/es\\\/?s={search_term_string}\"},\"query-input\":{\"@type\":\"PropertyValueSpecification\",\"valueRequired\":true,\"valueName\":\"search_term_string\"}}],\"inLanguage\":\"es\"}]}<\/script>\n<!-- \/ Yoast SEO plugin. -->","yoast_head_json":{"title":"Restaurante Ingridients - Buddy Dive Bonaire","description":"Ingridi\u00ebnts Bonaire: delicias, vinos y vistas al Caribe en Buddy Dive Resort.","robots":{"index":"index","follow":"follow","max-snippet":"max-snippet:-1","max-image-preview":"max-image-preview:large","max-video-preview":"max-video-preview:-1"},"canonical":"https:\/\/buddydive.com\/es\/resort\/restaurante-ingridients\/","og_locale":"es_ES","og_type":"article","og_title":"Restaurante Ingridients - Buddy Dive Bonaire","og_description":"Ingridi\u00ebnts Bonaire: delicias, vinos y vistas al Caribe en Buddy Dive Resort.","og_url":"https:\/\/buddydive.com\/es\/resort\/restaurante-ingridients\/","og_site_name":"Buddy Dive Bonaire","article_publisher":"https:\/\/www.facebook.com\/buddydiveresort","article_modified_time":"2026-02-19T14:27:31+00:00","twitter_card":"summary_large_image","twitter_site":"@buddydive","twitter_misc":{"Tiempo de lectura":"2 minutos"},"schema":{"@context":"https:\/\/schema.org","@graph":[{"@type":"WebPage","@id":"https:\/\/buddydive.com\/es\/resort\/restaurante-ingridients\/","url":"https:\/\/buddydive.com\/es\/resort\/restaurante-ingridients\/","name":"Restaurante Ingridients - Buddy Dive Bonaire","isPartOf":{"@id":"https:\/\/buddydive.com\/es\/#website"},"datePublished":"2025-07-03T09:52:22+00:00","dateModified":"2026-02-19T14:27:31+00:00","description":"Ingridi\u00ebnts Bonaire: delicias, vinos y vistas al Caribe en Buddy Dive Resort.","breadcrumb":{"@id":"https:\/\/buddydive.com\/es\/resort\/restaurante-ingridients\/#breadcrumb"},"inLanguage":"es","potentialAction":[{"@type":"ReadAction","target":["https:\/\/buddydive.com\/es\/resort\/restaurante-ingridients\/"]}]},{"@type":"BreadcrumbList","@id":"https:\/\/buddydive.com\/es\/resort\/restaurante-ingridients\/#breadcrumb","itemListElement":[{"@type":"ListItem","position":1,"name":"Home","item":"https:\/\/buddydive.com\/es\/"},{"@type":"ListItem","position":2,"name":"Resort","item":"https:\/\/buddydive.com\/es\/resort\/"},{"@type":"ListItem","position":3,"name":"Restaurante Ingridients"}]},{"@type":"WebSite","@id":"https:\/\/buddydive.com\/es\/#website","url":"https:\/\/buddydive.com\/es\/","name":"Buddy Dive Bonaire","description":"My WordPress Blog","potentialAction":[{"@type":"SearchAction","target":{"@type":"EntryPoint","urlTemplate":"https:\/\/buddydive.com\/es\/?s={search_term_string}"},"query-input":{"@type":"PropertyValueSpecification","valueRequired":true,"valueName":"search_term_string"}}],"inLanguage":"es"}]}},"_links":{"self":[{"href":"https:\/\/buddydive.com\/es\/wp-json\/wp\/v2\/pages\/32418","targetHints":{"allow":["GET"]}}],"collection":[{"href":"https:\/\/buddydive.com\/es\/wp-json\/wp\/v2\/pages"}],"about":[{"href":"https:\/\/buddydive.com\/es\/wp-json\/wp\/v2\/types\/page"}],"author":[{"embeddable":true,"href":"https:\/\/buddydive.com\/es\/wp-json\/wp\/v2\/users\/2"}],"replies":[{"embeddable":true,"href":"https:\/\/buddydive.com\/es\/wp-json\/wp\/v2\/comments?post=32418"}],"version-history":[{"count":5,"href":"https:\/\/buddydive.com\/es\/wp-json\/wp\/v2\/pages\/32418\/revisions"}],"predecessor-version":[{"id":37092,"href":"https:\/\/buddydive.com\/es\/wp-json\/wp\/v2\/pages\/32418\/revisions\/37092"}],"up":[{"embeddable":true,"href":"https:\/\/buddydive.com\/es\/wp-json\/wp\/v2\/pages\/37076"}],"wp:attachment":[{"href":"https:\/\/buddydive.com\/es\/wp-json\/wp\/v2\/media?parent=32418"}],"curies":[{"name":"wp","href":"https:\/\/api.w.org\/{rel}","templated":true}]}}