{"id":32407,"date":"2025-07-03T09:52:20","date_gmt":"2025-07-03T09:52:20","guid":{"rendered":"https:\/\/buddydive.com\/inmersion-con-companeros-en-belmar\/"},"modified":"2025-07-03T09:53:04","modified_gmt":"2025-07-03T09:53:04","slug":"inmersion-con-companeros-en-belmar","status":"publish","type":"page","link":"https:\/\/buddydive.com\/es\/buddy-dive-watersports\/inmersion-con-companeros-en-belmar\/","title":{"rendered":"Inmersi\u00f3n con compa\u00f1eros en Belmar"},"content":{"rendered":"<div class=\"wpb-content-wrapper\">[vc_row][vc_column width=\u00bb2\/3&#8243;][vc_column_text]\n<h1 style=\"text-align: center;\">BELMAR OCEANFRONT APARTMENTS<\/h1>\n<h3 style=\"text-align: left;\">Bucee con sus compa\u00f1eros\u2122 en Belmar con la tienda de buceo sat\u00e9lite de Belmar de Buddy Dive Watersports.<\/h3>\n<p>Belmar Oceanfront Apartments es un resort PADI de 5 estrellas y centro de referencia universal con instructores PADI dedicados en el sitio. Ofrecemos cursos PADI desde el nivel principiante hasta Dive Master y todas las especialidades PADI. Experimentar\u00e1 el servicio personal con cursos privados, inmersiones guiadas en la costa e inmersiones en barco con servicio de aparcacoches que salen de nuestro propio muelle. \u00bfBusca algo diferente? Tambi\u00e9n ofrecemos tablas de SUP en Belmar, lo que le brinda la oportunidad de experimentar Bonaire a un nivel completamente nuevo.    <\/p>\n<p>Entre en la tienda de buceo y hable con nuestro personal de buceo para que puedan asegurarse de que aproveche al m\u00e1ximo sus vacaciones de buceo, sea cual sea su nivel y experiencia.[\/vc_column_text][vc_column_text]\n<h2 class=\"text-uppercase\"><small>Buceo sin complicaciones<\/small> servicio de aparcacoches para buceo en Bonaire<\/h2>\n<p>Visite los sitios de buceo m\u00e1s hermosos de Bonaire, disfrute de la agradable brisa en el barco, si\u00e9ntese, rel\u00e1jese y no se preocupe por nada. \u00bfLe suena bien? \u00a1Venga y \u00fanase a nuestras inmersiones en barco con <strong>Valet Dive<\/strong>!  <\/p>\n<p>Nuestra tripulaci\u00f3n cargar\u00e1 su equipo en el barco y lo preparar\u00e1 para usted. Mientras tanto, puede hablar sobre su plan de buceo o hacer amigos con un nuevo compa\u00f1ero. Una vez que llegue al sitio de buceo, nuestros experimentados gu\u00edas de buceo le guiar\u00e1n en el agua y le indicar\u00e1n el camino hacia los lugares ocultos y la vida marina. Disfrute del sol caribe\u00f1o mientras la tripulaci\u00f3n reparte toallas frescas, fruta fresca, aperitivos y refrescos.   <\/p>\n<p>Despu\u00e9s de un hermoso d\u00eda en el agua, \u00a1nuestra tripulaci\u00f3n descargar\u00e1, enjuagar\u00e1 y guardar\u00e1 su equipo de buceo![\/vc_column_text][vc_btn title=\u00bbVisitar sitio web\u00bb align=\u00bbcenter\u00bb link=\u00bburl:http%3A%2F%2Fwww.belmar-bonaire.com|target:%20_blank|\u00bb][vc_btn title=\u00bbContacto\u00bb align=\u00bbcenter\u00bb link=\u00bburl:mailto%3Areservations%40belmar-bonaire.com|\u00bb][\/vc_column][vc_column width=\u00bb1\/3&#8243;][vc_single_image image=\u00bb3371&#8243; img_size=\u00bbmedium\u00bb][\/vc_column][\/vc_row][vc_row][vc_column][vc_gallery images=\u00bb21384,21387,21390&#8243; img_size=\u00bblarge\u00bb columns=\u00bb3&#8243;][\/vc_column][\/vc_row][vc_row][vc_column width=\u00bb1\/2&#8243;][vc_column_text]\n<h2 class=\"text-center\" style=\"text-align: center;\"><i class='far fa-fw fa-clock-o fa-lg fa-block ' style=''><\/i><strong>Horario de apertura de Belmar<\/strong><\/h2>\n<p style=\"text-align: center;\">Todos los d\u00edas: de 8 a. m. a 5 p. m.<\/p>\n[\/vc_column_text][\/vc_column][vc_column width=\u00bb1\/2&#8243;][vc_column_text]\n<h2 class=\"text-center\" style=\"text-align: center;\"><i class='far fa-fw fa-book fa-lg fa-block ' style=''><\/i>Contacto<\/h2>\n<p style=\"text-align: center;\">Direcci\u00f3n: 88 EEG Boulevard<br \/>\nTel\u00e9fono: +599 717 7878<br \/>\nCorreo electr\u00f3nico: <a href=\"mailto:dive@belmar-bonaire.com\" target=\"_blank\" rel=\"noopener noreferrer\">dive@belmar-bonaire.com<\/a>[\/vc_column_text][\/vc_column][\/vc_row][vc_row][vc_column][vc_gmaps link=\u00bb#E-8_JTNDaWZyYW1lJTIwc3JjJTNEJTIyaHR0cHMlM0ElMkYlMkZ3d3cuZ29vZ2xlLmNvbSUyRm1hcHMlMkZlbWJlZCUzRnBiJTNEJTIxMW0xOCUyMTFtMTIlMjExbTMlMjExZDM5MDAuODc0MDA5MzgzMzIwOCUyMTJkLTY4LjI5MzE3MDM4NDE0MjQzJTIxM2QxMi4xMjA3NzE5MzYyNTE4MTUlMjEybTMlMjExZjAlMjEyZjAlMjEzZjAlMjEzbTIlMjExaTEwMjQlMjEyaTc2OCUyMTRmMTMuMSUyMTNtMyUyMTFtMiUyMTFzMHg4ZTgzMWFlMTIwOThhNjQ3JTI1M0EweGRhOTc0NGYxMmVjYmFmNDglMjEyc0JlbG1hciUyNTIwQm9uYWlyZSUyNTIwT2NlYW5mcm9udCUyNTIwQXBhcnRtZW50cyUyMTVlMCUyMTNtMiUyMTFzZW4lMjEyc25sJTIxNHYxNTc4NDQwNzI5ODA0JTIxNW0yJTIxMXNlbiUyMTJzbmwlMjIlMjB3aWR0aCUzRCUyMjYwMCUyMiUyMGhlaWdodCUzRCUyMjQ1MCUyMiUyMGZyYW1lYm9yZGVyJTNEJTIyMCUyMiUyMHN0eWxlJTNEJTIyYm9yZGVyJTNBMCUzQiUyMiUyMGFsbG93ZnVsbHNjcmVlbiUzRCUyMiUyMiUzRSUzQyUyRmlmcmFtZSUzRQ==\u00bb][\/vc_column][\/vc_row][vc_row][vc_column][vc_raw_js]JTNDc2NyaXB0JTIwdHlwZSUzRCUyMnRleHQlMkZqYXZhc2NyaXB0JTIyJTNFJTBBd2luZG93LlRyZW5nbyUyMCUzRCUyMHdpbmRvdy5UcmVuZ28lMjAlN0MlN0MlMjAlN0IlN0QlM0IlMEF3aW5kb3cuVHJlbmdvLmtleSUyMCUzRCUyMCUyN1E5SGI4dlBvS2VnRDFBSSUyNyUzQiUwQSUyOGZ1bmN0aW9uJTI4ZCUyQyUyMHNjcmlwdCUyQyUyMHQlMjklMjAlN0IlMEElMjAlMjAlMjAlMjBzY3JpcHQlMjAlM0QlMjBkLmNyZWF0ZUVsZW1lbnQlMjglMjdzY3JpcHQlMjclMjklM0IlMEElMjAlMjAlMjAlMjBzY3JpcHQudHlwZSUyMCUzRCUyMCUyN3RleHQlMkZqYXZhc2NyaXB0JTI3JTNCJTBBJTIwJTIwJTIwJTIwc2NyaXB0LmFzeW5jJTIwJTNEJTIwdHJ1ZSUzQiUwQSUyMCUyMCUyMCUyMHNjcmlwdC5zcmMlMjAlM0QlMjAlMjdodHRwcyUzQSUyRiUyRnN0YXRpYy53aWRnZXQudHJlbmdvLmV1JTJGZW1iZWQuanMlMjclM0IlMEElMjAlMjAlMjAlMjBkLmdldEVsZW1lbnRzQnlUYWdOYW1lJTI4JTI3aGVhZCUyNyUyOSU1QjAlNUQuYXBwZW5kQ2hpbGQlMjhzY3JpcHQlMjklM0IlMEElN0QlMjhkb2N1bWVudCUyOSUyOSUzQiUwQSUzQyUyRnNjcmlwdCUzRQ==[\/vc_raw_js][\/vc_column][\/vc_row]\n<\/div>","protected":false},"excerpt":{"rendered":"<p>[vc_row][vc_column width=\u00bb2\/3&#8243;][vc_column_text] BELMAR OCEANFRONT APARTMENTS Bucee con sus compa\u00f1eros\u2122 en Belmar con la tienda de buceo sat\u00e9lite de Belmar de [&hellip;]<\/p>\n","protected":false},"author":2,"featured_media":0,"parent":32477,"menu_order":0,"comment_status":"closed","ping_status":"closed","template":"","meta":{"footnotes":""},"class_list":["post-32407","page","type-page","status-publish","hentry"],"yoast_head":"<!-- This site is optimized with the Yoast SEO plugin v27.4 - https:\/\/yoast.com\/product\/yoast-seo-wordpress\/ -->\n<title>Inmersi\u00f3n con compa\u00f1eros en Belmar Oceanfront Apartments - Buddy Dive Resort<\/title>\n<meta name=\"description\" content=\"Buddy Dive en Belmar | Su tienda de buceo cerca de los sitios de buceo del sur. Visite nuestra tienda para organizar todo para sus vacaciones de buceo.\" \/>\n<meta name=\"robots\" content=\"index, follow, max-snippet:-1, max-image-preview:large, max-video-preview:-1\" \/>\n<link rel=\"canonical\" href=\"https:\/\/buddydive.com\/es\/buddy-dive-watersports\/inmersion-con-companeros-en-belmar\/\" \/>\n<meta property=\"og:locale\" content=\"es_ES\" \/>\n<meta property=\"og:type\" content=\"article\" \/>\n<meta property=\"og:title\" content=\"Inmersi\u00f3n con compa\u00f1eros en Belmar Oceanfront Apartments - Buddy Dive Resort\" \/>\n<meta property=\"og:description\" content=\"Buddy Dive en Belmar | Su tienda de buceo cerca de los sitios de buceo del sur. Visite nuestra tienda para organizar todo para sus vacaciones de buceo.\" \/>\n<meta property=\"og:url\" content=\"https:\/\/buddydive.com\/es\/buddy-dive-watersports\/inmersion-con-companeros-en-belmar\/\" \/>\n<meta property=\"og:site_name\" content=\"Buddy Dive Bonaire\" \/>\n<meta property=\"article:publisher\" content=\"https:\/\/www.facebook.com\/buddydiveresort\" \/>\n<meta property=\"article:modified_time\" content=\"2025-07-03T09:53:04+00:00\" \/>\n<meta name=\"twitter:card\" content=\"summary_large_image\" \/>\n<meta name=\"twitter:site\" content=\"@buddydive\" \/>\n<meta name=\"twitter:label1\" content=\"Tiempo de lectura\" \/>\n\t<meta name=\"twitter:data1\" content=\"3 minutos\" \/>\n<script type=\"application\/ld+json\" class=\"yoast-schema-graph\">{\"@context\":\"https:\\\/\\\/schema.org\",\"@graph\":[{\"@type\":\"WebPage\",\"@id\":\"https:\\\/\\\/buddydive.com\\\/es\\\/buddy-dive-watersports\\\/inmersion-con-companeros-en-belmar\\\/\",\"url\":\"https:\\\/\\\/buddydive.com\\\/es\\\/buddy-dive-watersports\\\/inmersion-con-companeros-en-belmar\\\/\",\"name\":\"Inmersi\u00f3n con compa\u00f1eros en Belmar Oceanfront Apartments - Buddy Dive Resort\",\"isPartOf\":{\"@id\":\"https:\\\/\\\/buddydive.com\\\/es\\\/#website\"},\"datePublished\":\"2025-07-03T09:52:20+00:00\",\"dateModified\":\"2025-07-03T09:53:04+00:00\",\"description\":\"Buddy Dive en Belmar | Su tienda de buceo cerca de los sitios de buceo del sur. Visite nuestra tienda para organizar todo para sus vacaciones de buceo.\",\"breadcrumb\":{\"@id\":\"https:\\\/\\\/buddydive.com\\\/es\\\/buddy-dive-watersports\\\/inmersion-con-companeros-en-belmar\\\/#breadcrumb\"},\"inLanguage\":\"es\",\"potentialAction\":[{\"@type\":\"ReadAction\",\"target\":[\"https:\\\/\\\/buddydive.com\\\/es\\\/buddy-dive-watersports\\\/inmersion-con-companeros-en-belmar\\\/\"]}]},{\"@type\":\"BreadcrumbList\",\"@id\":\"https:\\\/\\\/buddydive.com\\\/es\\\/buddy-dive-watersports\\\/inmersion-con-companeros-en-belmar\\\/#breadcrumb\",\"itemListElement\":[{\"@type\":\"ListItem\",\"position\":1,\"name\":\"Home\",\"item\":\"https:\\\/\\\/buddydive.com\\\/es\\\/\"},{\"@type\":\"ListItem\",\"position\":2,\"name\":\"Buddy dive watersports\",\"item\":\"https:\\\/\\\/buddydive.com\\\/es\\\/buddy-dive-watersports\\\/\"},{\"@type\":\"ListItem\",\"position\":3,\"name\":\"Inmersi\u00f3n con compa\u00f1eros en Belmar\"}]},{\"@type\":\"WebSite\",\"@id\":\"https:\\\/\\\/buddydive.com\\\/es\\\/#website\",\"url\":\"https:\\\/\\\/buddydive.com\\\/es\\\/\",\"name\":\"Buddy Dive Bonaire\",\"description\":\"My WordPress Blog\",\"potentialAction\":[{\"@type\":\"SearchAction\",\"target\":{\"@type\":\"EntryPoint\",\"urlTemplate\":\"https:\\\/\\\/buddydive.com\\\/es\\\/?s={search_term_string}\"},\"query-input\":{\"@type\":\"PropertyValueSpecification\",\"valueRequired\":true,\"valueName\":\"search_term_string\"}}],\"inLanguage\":\"es\"}]}<\/script>\n<!-- \/ Yoast SEO plugin. -->","yoast_head_json":{"title":"Inmersi\u00f3n con compa\u00f1eros en Belmar Oceanfront Apartments - Buddy Dive Resort","description":"Buddy Dive en Belmar | Su tienda de buceo cerca de los sitios de buceo del sur. Visite nuestra tienda para organizar todo para sus vacaciones de buceo.","robots":{"index":"index","follow":"follow","max-snippet":"max-snippet:-1","max-image-preview":"max-image-preview:large","max-video-preview":"max-video-preview:-1"},"canonical":"https:\/\/buddydive.com\/es\/buddy-dive-watersports\/inmersion-con-companeros-en-belmar\/","og_locale":"es_ES","og_type":"article","og_title":"Inmersi\u00f3n con compa\u00f1eros en Belmar Oceanfront Apartments - Buddy Dive Resort","og_description":"Buddy Dive en Belmar | Su tienda de buceo cerca de los sitios de buceo del sur. Visite nuestra tienda para organizar todo para sus vacaciones de buceo.","og_url":"https:\/\/buddydive.com\/es\/buddy-dive-watersports\/inmersion-con-companeros-en-belmar\/","og_site_name":"Buddy Dive Bonaire","article_publisher":"https:\/\/www.facebook.com\/buddydiveresort","article_modified_time":"2025-07-03T09:53:04+00:00","twitter_card":"summary_large_image","twitter_site":"@buddydive","twitter_misc":{"Tiempo de lectura":"3 minutos"},"schema":{"@context":"https:\/\/schema.org","@graph":[{"@type":"WebPage","@id":"https:\/\/buddydive.com\/es\/buddy-dive-watersports\/inmersion-con-companeros-en-belmar\/","url":"https:\/\/buddydive.com\/es\/buddy-dive-watersports\/inmersion-con-companeros-en-belmar\/","name":"Inmersi\u00f3n con compa\u00f1eros en Belmar Oceanfront Apartments - Buddy Dive Resort","isPartOf":{"@id":"https:\/\/buddydive.com\/es\/#website"},"datePublished":"2025-07-03T09:52:20+00:00","dateModified":"2025-07-03T09:53:04+00:00","description":"Buddy Dive en Belmar | Su tienda de buceo cerca de los sitios de buceo del sur. Visite nuestra tienda para organizar todo para sus vacaciones de buceo.","breadcrumb":{"@id":"https:\/\/buddydive.com\/es\/buddy-dive-watersports\/inmersion-con-companeros-en-belmar\/#breadcrumb"},"inLanguage":"es","potentialAction":[{"@type":"ReadAction","target":["https:\/\/buddydive.com\/es\/buddy-dive-watersports\/inmersion-con-companeros-en-belmar\/"]}]},{"@type":"BreadcrumbList","@id":"https:\/\/buddydive.com\/es\/buddy-dive-watersports\/inmersion-con-companeros-en-belmar\/#breadcrumb","itemListElement":[{"@type":"ListItem","position":1,"name":"Home","item":"https:\/\/buddydive.com\/es\/"},{"@type":"ListItem","position":2,"name":"Buddy dive watersports","item":"https:\/\/buddydive.com\/es\/buddy-dive-watersports\/"},{"@type":"ListItem","position":3,"name":"Inmersi\u00f3n con compa\u00f1eros en Belmar"}]},{"@type":"WebSite","@id":"https:\/\/buddydive.com\/es\/#website","url":"https:\/\/buddydive.com\/es\/","name":"Buddy Dive Bonaire","description":"My WordPress Blog","potentialAction":[{"@type":"SearchAction","target":{"@type":"EntryPoint","urlTemplate":"https:\/\/buddydive.com\/es\/?s={search_term_string}"},"query-input":{"@type":"PropertyValueSpecification","valueRequired":true,"valueName":"search_term_string"}}],"inLanguage":"es"}]}},"_links":{"self":[{"href":"https:\/\/buddydive.com\/es\/wp-json\/wp\/v2\/pages\/32407","targetHints":{"allow":["GET"]}}],"collection":[{"href":"https:\/\/buddydive.com\/es\/wp-json\/wp\/v2\/pages"}],"about":[{"href":"https:\/\/buddydive.com\/es\/wp-json\/wp\/v2\/types\/page"}],"author":[{"embeddable":true,"href":"https:\/\/buddydive.com\/es\/wp-json\/wp\/v2\/users\/2"}],"replies":[{"embeddable":true,"href":"https:\/\/buddydive.com\/es\/wp-json\/wp\/v2\/comments?post=32407"}],"version-history":[{"count":2,"href":"https:\/\/buddydive.com\/es\/wp-json\/wp\/v2\/pages\/32407\/revisions"}],"predecessor-version":[{"id":32417,"href":"https:\/\/buddydive.com\/es\/wp-json\/wp\/v2\/pages\/32407\/revisions\/32417"}],"up":[{"embeddable":true,"href":"https:\/\/buddydive.com\/es\/wp-json\/wp\/v2\/pages\/32477"}],"wp:attachment":[{"href":"https:\/\/buddydive.com\/es\/wp-json\/wp\/v2\/media?parent=32407"}],"curies":[{"name":"wp","href":"https:\/\/api.w.org\/{rel}","templated":true}]}}