{"id":32394,"date":"2025-07-03T09:52:15","date_gmt":"2025-07-03T09:52:15","guid":{"rendered":"https:\/\/buddydive.com\/buddy-dive-resort-45-anos\/"},"modified":"2025-07-03T09:52:17","modified_gmt":"2025-07-03T09:52:17","slug":"buddy-dive-resort-45-anos","status":"publish","type":"page","link":"https:\/\/buddydive.com\/es\/buddy-dive-resort-45-anos\/","title":{"rendered":"Buddy dive resort 45 a\u00f1os"},"content":{"rendered":"<div class=\"wpb-content-wrapper\">[vc_row][vc_column][vc_column_text css=\u00bb\u00bb]\n<h1 style=\"text-align: center;\">CELEBRE 45 A\u00d1OS CON SUS BUDDIES\u2122<small>\u00daNASE A NOSOTROS PARA UN VIAJE A TRAV\u00c9S DEL TIEMPO<\/small><\/h1>\n<p>2025 fue un a\u00f1o muy especial para sus Buddies\u2122. Este es el a\u00f1o en que Buddy Dive Resorts celebra su 45<sup>\u00ba<\/sup> aniversario. El 19<sup> de<\/sup> agosto de 1980, Buddy Dive Resort abri\u00f3 sus puertas por primera vez como un peque\u00f1o centro de buceo con solo 46 apartamentos, 20 camionetas de alquiler y una peque\u00f1a operaci\u00f3n de buceo con 3 barcos. En ese momento, cada vez m\u00e1s buceadores comenzaron a venir a Bonaire y los turistas comenzaron a encontrar el camino a Bonaire.   <\/p>\n<p>En 2002, los actuales propietarios, la familia Van der Valk, compraron el resort y pronto qued\u00f3 claro que ten\u00edan grandes planes para el resort. En 2004 adquirieron Lions Dive Hotel y all\u00ed a\u00f1adieron 32 apartamentos al resort. <\/p>\n<p>A lo largo de los a\u00f1os, han seguido creciendo y desarroll\u00e1ndose, siempre manteniendo su enfoque en crear un ambiente c\u00e1lido y hospitalario. El objetivo principal del personal de Buddy Dive es brindar un excelente servicio y hacer que sus hu\u00e9spedes se sientan como en casa para que puedan disfrutar de las aguas cristalinas y los arrecifes pr\u00edstinos de Bonaire. Ya sea que est\u00e9 explorando la isla en una camioneta de Buddy Dive para encontrar los mejores lugares para bucear en la costa o uni\u00e9ndose a nuestro personal de buceo en el barco para disfrutar de la comodidad del buceo en barco, sus Buddies\u2122 har\u00e1n todo lo posible para que sus vacaciones de buceo sean lo m\u00e1s memorables posible.   <\/p>\n<p>Bill H., un hu\u00e9sped asiduo, dice: <em> \u201c\u201d<\/em><span class=\"_3oh- _58nk\"><em> Llevo viniendo a Bonaire desde 2004. Me he alojado en otros lugares, pero me siento como en casa en Buddy Dive. Me siento como en familia. <\/em> <\/span> <\/p>\n<p>Hoy en d\u00eda, Buddy Dive Resort se ha convertido en un centro de buceo de servicio completo. Incluye 73 apartamentos, m\u00e1s de 100 coches de alquiler y 2 restaurantes con vistas al mar. La operaci\u00f3n de buceo ha crecido y ahora es un Centro de Desarrollo Profesional PADI de 5 estrellas con 6 barcos de buceo, una amplia gama de opciones de buceo, cursos, programas para ni\u00f1os y la instalaci\u00f3n de buceo t\u00e9cnico m\u00e1s grande del Caribe.  <\/p>\n<p>Martien van der Valk, jefe de la familia Buddy Dive, comenta: <em> \u201cMi esposa y yo recordamos muchos a\u00f1os memorables. Ahora es el momento de que orgullosamente entreguemos la gesti\u00f3n a la pr\u00f3xima generaci\u00f3n, que seguir\u00e1 nuestros pasos y perseguir\u00e1 nuestra misi\u00f3n de que Buddy Dive Resort sea el resort y la operaci\u00f3n de buceo de referencia para sus vacaciones de buceo y educaci\u00f3n de buceo.\u201c\u201d<\/em><\/p>\n<p>Tambi\u00e9n estamos muy orgullosos de la cantidad de hu\u00e9spedes que se unieron a nuestra familia Buddy Dive a lo largo de los a\u00f1os y se convirtieron en un fant\u00e1stico grupo de hu\u00e9spedes asiduos, \u00a1algunos de los cuales han regresado anualmente durante 25 a\u00f1os! El grupo sigue creciendo cada a\u00f1o\u201d.[\/vc_column_text][vc_column_text]\n<h4>Resort &#8211; antes<\/h4>\n[\/vc_column_text][vc_gallery images=\u00bb6659,6641,6647,6644,6734,6737,6731&#8243; img_size=\u00bbmedium\u00bb columns=\u00bb4&#8243;][vc_column_text]\n<h4>Resort &#8211; ahora<\/h4>\n[\/vc_column_text][vc_gallery images=\u00bb3504,4064,3650,3520,3505&#8243; img_size=\u00bbmedium\u00bb columns=\u00bb4&#8243;][vc_column_text]\n<h4>Restaurante &#8211; antes<\/h4>\n[\/vc_column_text][vc_gallery images=\u00bb6668,6665,6656,6653,6680,6710,6716,6725&#8243; img_size=\u00bbmedium\u00bb columns=\u00bb4&#8243;][vc_column_text]\n<h4>Restaurante &#8211; ahora<\/h4>\n[\/vc_column_text][vc_gallery images=\u00bb10576,10579,29798&#8243; img_size=\u00bbmedium\u00bb css=\u00bb\u00bb columns=\u00bb4&#8243;][vc_column_text]\n<h4>Tienda de buceo y barcos &#8211; antes<\/h4>\n[\/vc_column_text][vc_gallery images=\u00bb6662,6650,6692,6686,6683,6695,6677&#8243; img_size=\u00bbmedium\u00bb columns=\u00bb4&#8243;][vc_column_text]\n<h4>Tienda de buceo y barcos &#8211; ahora<\/h4>\n[\/vc_column_text][vc_gallery images=\u00bb3968,3547,3536,3535,3420&#8243; img_size=\u00bbmedium\u00bb columns=\u00bb4&#8243;][vc_column_text]\n<h4>Drive-thru &#8211; antes<\/h4>\n[\/vc_column_text][vc_gallery images=\u00bb6704,6698,6701&#8243; img_size=\u00bbmedium\u00bb columns=\u00bb4&#8243;][vc_column_text]\n<h4>Drive-thru &#8211; ahora<\/h4>\n[\/vc_column_text][vc_gallery images=\u00bb3486&#8243; img_size=\u00bbmedium\u00bb columns=\u00bb4&#8243;][\/vc_column][\/vc_row][vc_row][vc_column width=\u00bb1\/3&#8243;][vc_single_image image=\u00bb29851&#8243; img_size=\u00bblarge\u00bb alignment=\u00bbright\u00bb css=\u00bb\u00bb][\/vc_column][vc_column width=\u00bb2\/3&#8243;][\/vc_column][\/vc_row][vc_row][vc_column][vc_raw_js]JTNDc2NyaXB0JTIwdHlwZSUzRCUyMnRleHQlMkZqYXZhc2NyaXB0JTIyJTNFJTBBd2luZG93LlRyZW5nbyUyMCUzRCUyMHdpbmRvdy5UcmVuZ28lMjAlN0MlN0MlMjAlN0IlN0QlM0IlMEF3aW5kb3cuVHJlbmdvLmtleSUyMCUzRCUyMCUyN1E5SGI4dlBvS2VnRDFBSSUyNyUzQiUwQSUyOGZ1bmN0aW9uJTI4ZCUyQyUyMHNjcmlwdCUyQyUyMHQlMjklMjAlN0IlMEElMjAlMjAlMjAlMjBzY3JpcHQlMjAlM0QlMjBkLmNyZWF0ZUVsZW1lbnQlMjglMjdzY3JpcHQlMjclMjklM0IlMEElMjAlMjAlMjAlMjBzY3JpcHQudHlwZSUyMCUzRCUyMCUyN3RleHQlMkZqYXZhc2NyaXB0JTI3JTNCJTBBJTIwJTIwJTIwJTIwc2NyaXB0LmFzeW5jJTIwJTNEJTIwdHJ1ZSUzQiUwQSUyMCUyMCUyMCUyMHNjcmlwdC5zcmMlMjAlM0QlMjAlMjdodHRwcyUzQSUyRiUyRnN0YXRpYy53aWRnZXQudHJlbmdvLmV1JTJGZW1iZWQuanMlMjclM0IlMEElMjAlMjAlMjAlMjBkLmdldEVsZW1lbnRzQnlUYWdOYW1lJTI4JTI3aGVhZCUyNyUyOSU1QjAlNUQuYXBwZW5kQ2hpbGQlMjhzY3JpcHQlMjklM0IlMEElN0QlMjhkb2N1bWVudCUyOSUyOSUzQiUwQSUzQyUyRnNjcmlwdCUzRQ==[\/vc_raw_js][\/vc_column][\/vc_row]\n<\/div>","protected":false},"excerpt":{"rendered":"<p>[vc_row][vc_column][vc_column_text css=\u00bb\u00bb] CELEBRE 45 A\u00d1OS CON SUS BUDDIES\u2122\u00daNASE A NOSOTROS PARA UN VIAJE A TRAV\u00c9S DEL TIEMPO 2025 fue un [&hellip;]<\/p>\n","protected":false},"author":2,"featured_media":0,"parent":0,"menu_order":0,"comment_status":"closed","ping_status":"closed","template":"","meta":{"footnotes":""},"class_list":["post-32394","page","type-page","status-publish","hentry"],"yoast_head":"<!-- This site is optimized with the Yoast SEO plugin v27.4 - https:\/\/yoast.com\/product\/yoast-seo-wordpress\/ -->\n<title>Buddy dive resort 45 a\u00f1os - Buddy Dive Bonaire<\/title>\n<meta name=\"description\" content=\"2020 fue un a\u00f1o muy especial para sus Buddies\u2122. Este es el a\u00f1o en que Buddy Dive Resorts celebra su 40 aniversario.\" \/>\n<meta name=\"robots\" content=\"index, follow, max-snippet:-1, max-image-preview:large, max-video-preview:-1\" \/>\n<link rel=\"canonical\" href=\"https:\/\/buddydive.com\/es\/buddy-dive-resort-45-anos\/\" \/>\n<meta property=\"og:locale\" content=\"es_ES\" \/>\n<meta property=\"og:type\" content=\"article\" \/>\n<meta property=\"og:title\" content=\"Buddy dive resort 45 a\u00f1os - Buddy Dive Bonaire\" \/>\n<meta property=\"og:description\" content=\"2020 fue un a\u00f1o muy especial para sus Buddies\u2122. Este es el a\u00f1o en que Buddy Dive Resorts celebra su 40 aniversario.\" \/>\n<meta property=\"og:url\" content=\"https:\/\/buddydive.com\/es\/buddy-dive-resort-45-anos\/\" \/>\n<meta property=\"og:site_name\" content=\"Buddy Dive Bonaire\" \/>\n<meta property=\"article:publisher\" content=\"https:\/\/www.facebook.com\/buddydiveresort\" \/>\n<meta property=\"article:modified_time\" content=\"2025-07-03T09:52:17+00:00\" \/>\n<meta name=\"twitter:card\" content=\"summary_large_image\" \/>\n<meta name=\"twitter:site\" content=\"@buddydive\" \/>\n<meta name=\"twitter:label1\" content=\"Tiempo de lectura\" \/>\n\t<meta name=\"twitter:data1\" content=\"4 minutos\" \/>\n<script type=\"application\/ld+json\" class=\"yoast-schema-graph\">{\"@context\":\"https:\\\/\\\/schema.org\",\"@graph\":[{\"@type\":\"WebPage\",\"@id\":\"https:\\\/\\\/buddydive.com\\\/es\\\/buddy-dive-resort-45-anos\\\/\",\"url\":\"https:\\\/\\\/buddydive.com\\\/es\\\/buddy-dive-resort-45-anos\\\/\",\"name\":\"Buddy dive resort 45 a\u00f1os - Buddy Dive Bonaire\",\"isPartOf\":{\"@id\":\"https:\\\/\\\/buddydive.com\\\/es\\\/#website\"},\"datePublished\":\"2025-07-03T09:52:15+00:00\",\"dateModified\":\"2025-07-03T09:52:17+00:00\",\"description\":\"2020 fue un a\u00f1o muy especial para sus Buddies\u2122. Este es el a\u00f1o en que Buddy Dive Resorts celebra su 40 aniversario.\",\"breadcrumb\":{\"@id\":\"https:\\\/\\\/buddydive.com\\\/es\\\/buddy-dive-resort-45-anos\\\/#breadcrumb\"},\"inLanguage\":\"es\",\"potentialAction\":[{\"@type\":\"ReadAction\",\"target\":[\"https:\\\/\\\/buddydive.com\\\/es\\\/buddy-dive-resort-45-anos\\\/\"]}]},{\"@type\":\"BreadcrumbList\",\"@id\":\"https:\\\/\\\/buddydive.com\\\/es\\\/buddy-dive-resort-45-anos\\\/#breadcrumb\",\"itemListElement\":[{\"@type\":\"ListItem\",\"position\":1,\"name\":\"Home\",\"item\":\"https:\\\/\\\/buddydive.com\\\/es\\\/\"},{\"@type\":\"ListItem\",\"position\":2,\"name\":\"Buddy dive resort 45 a\u00f1os\"}]},{\"@type\":\"WebSite\",\"@id\":\"https:\\\/\\\/buddydive.com\\\/es\\\/#website\",\"url\":\"https:\\\/\\\/buddydive.com\\\/es\\\/\",\"name\":\"Buddy Dive Bonaire\",\"description\":\"My WordPress Blog\",\"potentialAction\":[{\"@type\":\"SearchAction\",\"target\":{\"@type\":\"EntryPoint\",\"urlTemplate\":\"https:\\\/\\\/buddydive.com\\\/es\\\/?s={search_term_string}\"},\"query-input\":{\"@type\":\"PropertyValueSpecification\",\"valueRequired\":true,\"valueName\":\"search_term_string\"}}],\"inLanguage\":\"es\"}]}<\/script>\n<!-- \/ Yoast SEO plugin. -->","yoast_head_json":{"title":"Buddy dive resort 45 a\u00f1os - Buddy Dive Bonaire","description":"2020 fue un a\u00f1o muy especial para sus Buddies\u2122. Este es el a\u00f1o en que Buddy Dive Resorts celebra su 40 aniversario.","robots":{"index":"index","follow":"follow","max-snippet":"max-snippet:-1","max-image-preview":"max-image-preview:large","max-video-preview":"max-video-preview:-1"},"canonical":"https:\/\/buddydive.com\/es\/buddy-dive-resort-45-anos\/","og_locale":"es_ES","og_type":"article","og_title":"Buddy dive resort 45 a\u00f1os - Buddy Dive Bonaire","og_description":"2020 fue un a\u00f1o muy especial para sus Buddies\u2122. Este es el a\u00f1o en que Buddy Dive Resorts celebra su 40 aniversario.","og_url":"https:\/\/buddydive.com\/es\/buddy-dive-resort-45-anos\/","og_site_name":"Buddy Dive Bonaire","article_publisher":"https:\/\/www.facebook.com\/buddydiveresort","article_modified_time":"2025-07-03T09:52:17+00:00","twitter_card":"summary_large_image","twitter_site":"@buddydive","twitter_misc":{"Tiempo de lectura":"4 minutos"},"schema":{"@context":"https:\/\/schema.org","@graph":[{"@type":"WebPage","@id":"https:\/\/buddydive.com\/es\/buddy-dive-resort-45-anos\/","url":"https:\/\/buddydive.com\/es\/buddy-dive-resort-45-anos\/","name":"Buddy dive resort 45 a\u00f1os - Buddy Dive Bonaire","isPartOf":{"@id":"https:\/\/buddydive.com\/es\/#website"},"datePublished":"2025-07-03T09:52:15+00:00","dateModified":"2025-07-03T09:52:17+00:00","description":"2020 fue un a\u00f1o muy especial para sus Buddies\u2122. Este es el a\u00f1o en que Buddy Dive Resorts celebra su 40 aniversario.","breadcrumb":{"@id":"https:\/\/buddydive.com\/es\/buddy-dive-resort-45-anos\/#breadcrumb"},"inLanguage":"es","potentialAction":[{"@type":"ReadAction","target":["https:\/\/buddydive.com\/es\/buddy-dive-resort-45-anos\/"]}]},{"@type":"BreadcrumbList","@id":"https:\/\/buddydive.com\/es\/buddy-dive-resort-45-anos\/#breadcrumb","itemListElement":[{"@type":"ListItem","position":1,"name":"Home","item":"https:\/\/buddydive.com\/es\/"},{"@type":"ListItem","position":2,"name":"Buddy dive resort 45 a\u00f1os"}]},{"@type":"WebSite","@id":"https:\/\/buddydive.com\/es\/#website","url":"https:\/\/buddydive.com\/es\/","name":"Buddy Dive Bonaire","description":"My WordPress Blog","potentialAction":[{"@type":"SearchAction","target":{"@type":"EntryPoint","urlTemplate":"https:\/\/buddydive.com\/es\/?s={search_term_string}"},"query-input":{"@type":"PropertyValueSpecification","valueRequired":true,"valueName":"search_term_string"}}],"inLanguage":"es"}]}},"_links":{"self":[{"href":"https:\/\/buddydive.com\/es\/wp-json\/wp\/v2\/pages\/32394","targetHints":{"allow":["GET"]}}],"collection":[{"href":"https:\/\/buddydive.com\/es\/wp-json\/wp\/v2\/pages"}],"about":[{"href":"https:\/\/buddydive.com\/es\/wp-json\/wp\/v2\/types\/page"}],"author":[{"embeddable":true,"href":"https:\/\/buddydive.com\/es\/wp-json\/wp\/v2\/users\/2"}],"replies":[{"embeddable":true,"href":"https:\/\/buddydive.com\/es\/wp-json\/wp\/v2\/comments?post=32394"}],"version-history":[{"count":1,"href":"https:\/\/buddydive.com\/es\/wp-json\/wp\/v2\/pages\/32394\/revisions"}],"predecessor-version":[{"id":32406,"href":"https:\/\/buddydive.com\/es\/wp-json\/wp\/v2\/pages\/32394\/revisions\/32406"}],"wp:attachment":[{"href":"https:\/\/buddydive.com\/es\/wp-json\/wp\/v2\/media?parent=32394"}],"curies":[{"name":"wp","href":"https:\/\/api.w.org\/{rel}","templated":true}]}}