{"id":32342,"date":"2025-07-03T09:51:53","date_gmt":"2025-07-03T09:51:53","guid":{"rendered":"https:\/\/buddydive.com\/sus-formularios-de-responsabilidad-civil-online-de-buddies\/"},"modified":"2026-02-03T11:40:46","modified_gmt":"2026-02-03T11:40:46","slug":"sus-formularios-de-responsabilidad-civil-online-de-buddies","status":"publish","type":"page","link":"https:\/\/buddydive.com\/es\/acerca-de-nosotros\/sus-formularios-de-responsabilidad-civil-online-de-buddies\/","title":{"rendered":"Sus formularios de responsabilidad civil online de buddies\u2122"},"content":{"rendered":"<div class=\"wpb-content-wrapper\">[vc_row][vc_column][vc_column_text]\n<h1>Formularios de responsabilidad civil de la tienda de buceo<\/h1>\n<p>&nbsp;<\/p>\n<p>\u00a1Buenas noticias! \u00a1Ha reservado sus vacaciones en Buddy Dive Resort! Para que el proceso de registro en la tienda de buceo se desarrolle sin problemas, puede encontrar sus formularios de responsabilidad civil aqu\u00ed.  <\/p>\n<p>A continuaci\u00f3n, encontrar\u00e1 los botones para cuatro formularios que puede rellenar y enviar f\u00e1cilmente online. <strong>Nota importante:<\/strong> Es obligatorio rellenar estos formularios antes de la llegada para evitar colas en la tienda de buceo o en cualquier otro lugar. Si necesita ayuda para rellenar estos formularios, no dude en ponerse en contacto con la tienda de buceo en retailstore@buddydive.com. Estaremos encantados de echarle una mano.[\/vc_column_text][vc_column_text]<strong>Si va a bucear<\/strong> con nosotros, haga clic en el bot\u00f3n de abajo. NOTA: Si a\u00fan no es un buceador certificado y va a realizar un curso durante su estancia, rellene el formulario de responsabilidad civil para estudiantes OW en lugar de este formulario.[\/vc_column_text][vc_btn title=\u00bbFormulario de responsabilidad civil para buceadores\u00bb link=\u00bburl:https%3A%2F%2Fwaivermaster.com%2Fsign.html%3Fq%3DD4225335F|target:%20_blank|\u00bb][vc_column_text]<strong>Si A\u00daN NO es un buceador certificado pero va a realizar un curso<\/strong> (como el curso PADI Open Water o un curso de iniciaci\u00f3n) durante su estancia, rellene este formulario de responsabilidad civil. NOTA: Si va a realizar el curso con un instructor con el que viaja, p\u00eddale que firme el formulario con su nombre en la casilla que dice: firma del instructor certificador.[\/vc_column_text][vc_btn title=\u00bbFormulario de responsabilidad civil para estudiantes OW\u00bb link=\u00bburl:https%3A%2F%2Fwaivermaster.com%2Fsign.html%3Fq%3DDD7EXG7RWHRJK|target:%20_blank|\u00bb][vc_column_text]<strong>Si no va a bucear con nosotros pero va a realizar actividades<\/strong>, incluido el esn\u00f3rquel a trav\u00e9s de Buddy Dive, haga clic en el bot\u00f3n para rellenar nuestro formulario de responsabilidad civil para actividades. Si va a bucear con nosotros, el formulario de responsabilidad civil para buceadores es suficiente[\/vc_column_text][vc_btn title=\u00bbFormulario de responsabilidad civil para no buceadores\u00bb link=\u00bburl:https%3A%2F%2Fwaivermaster.com%2Fsign.html%3Fq%3DD8BGS42ZWZAWK|\u00bb][vc_column_text]Si va a seguir uno de nuestros cursos, aseg\u00farese de completar y traer consigo el formulario m\u00e9dico. NOTA: Se requiere una copia f\u00edsica impresa del formulario.[\/vc_column_text][vc_btn title=\u00bbFormulario m\u00e9dico\u00bb link=\u00bburl:https%3A%2F%2Fbuddydive.com%2Fwp-content%2Fuploads%2F2022%2F10%2FDiver_Medical_Participant_Questionnaire_2022_02_1-English.pdf|\u00bb][\/vc_column][\/vc_row]\n<\/div>","protected":false},"excerpt":{"rendered":"<p>[vc_row][vc_column][vc_column_text] Formularios de responsabilidad civil de la tienda de buceo &nbsp; \u00a1Buenas noticias! \u00a1Ha reservado sus vacaciones en Buddy Dive [&hellip;]<\/p>\n","protected":false},"author":2,"featured_media":0,"parent":32453,"menu_order":0,"comment_status":"closed","ping_status":"closed","template":"","meta":{"footnotes":""},"class_list":["post-32342","page","type-page","status-publish","hentry"],"yoast_head":"<!-- This site is optimized with the Yoast SEO plugin v27.4 - https:\/\/yoast.com\/product\/yoast-seo-wordpress\/ -->\n<title>Sus formularios de responsabilidad civil online de buddies\u2122 - Buddy Dive Bonaire<\/title>\n<meta name=\"description\" content=\"\u00a1Reservaste Buddy Dive Resort! Agiliza tu registro con los formularios de responsabilidad civil.\" \/>\n<meta name=\"robots\" content=\"index, follow, max-snippet:-1, max-image-preview:large, max-video-preview:-1\" \/>\n<link rel=\"canonical\" href=\"https:\/\/buddydive.com\/es\/acerca-de-nosotros\/sus-formularios-de-responsabilidad-civil-online-de-buddies\/\" \/>\n<meta property=\"og:locale\" content=\"es_ES\" \/>\n<meta property=\"og:type\" content=\"article\" \/>\n<meta property=\"og:title\" content=\"Sus formularios de responsabilidad civil online de buddies\u2122 - Buddy Dive Bonaire\" \/>\n<meta property=\"og:description\" content=\"\u00a1Reservaste Buddy Dive Resort! Agiliza tu registro con los formularios de responsabilidad civil.\" \/>\n<meta property=\"og:url\" content=\"https:\/\/buddydive.com\/es\/acerca-de-nosotros\/sus-formularios-de-responsabilidad-civil-online-de-buddies\/\" \/>\n<meta property=\"og:site_name\" content=\"Buddy Dive Bonaire\" \/>\n<meta property=\"article:publisher\" content=\"https:\/\/www.facebook.com\/buddydiveresort\" \/>\n<meta property=\"article:modified_time\" content=\"2026-02-03T11:40:46+00:00\" \/>\n<meta name=\"twitter:card\" content=\"summary_large_image\" \/>\n<meta name=\"twitter:site\" content=\"@buddydive\" \/>\n<meta name=\"twitter:label1\" content=\"Tiempo de lectura\" \/>\n\t<meta name=\"twitter:data1\" content=\"2 minutos\" \/>\n<script type=\"application\/ld+json\" class=\"yoast-schema-graph\">{\"@context\":\"https:\\\/\\\/schema.org\",\"@graph\":[{\"@type\":\"WebPage\",\"@id\":\"https:\\\/\\\/buddydive.com\\\/es\\\/acerca-de-nosotros\\\/sus-formularios-de-responsabilidad-civil-online-de-buddies\\\/\",\"url\":\"https:\\\/\\\/buddydive.com\\\/es\\\/acerca-de-nosotros\\\/sus-formularios-de-responsabilidad-civil-online-de-buddies\\\/\",\"name\":\"Sus formularios de responsabilidad civil online de buddies\u2122 - Buddy Dive Bonaire\",\"isPartOf\":{\"@id\":\"https:\\\/\\\/buddydive.com\\\/es\\\/#website\"},\"datePublished\":\"2025-07-03T09:51:53+00:00\",\"dateModified\":\"2026-02-03T11:40:46+00:00\",\"description\":\"\u00a1Reservaste Buddy Dive Resort! Agiliza tu registro con los formularios de responsabilidad civil.\",\"breadcrumb\":{\"@id\":\"https:\\\/\\\/buddydive.com\\\/es\\\/acerca-de-nosotros\\\/sus-formularios-de-responsabilidad-civil-online-de-buddies\\\/#breadcrumb\"},\"inLanguage\":\"es\",\"potentialAction\":[{\"@type\":\"ReadAction\",\"target\":[\"https:\\\/\\\/buddydive.com\\\/es\\\/acerca-de-nosotros\\\/sus-formularios-de-responsabilidad-civil-online-de-buddies\\\/\"]}]},{\"@type\":\"BreadcrumbList\",\"@id\":\"https:\\\/\\\/buddydive.com\\\/es\\\/acerca-de-nosotros\\\/sus-formularios-de-responsabilidad-civil-online-de-buddies\\\/#breadcrumb\",\"itemListElement\":[{\"@type\":\"ListItem\",\"position\":1,\"name\":\"Home\",\"item\":\"https:\\\/\\\/buddydive.com\\\/es\\\/\"},{\"@type\":\"ListItem\",\"position\":2,\"name\":\"Acerca de nosotros\",\"item\":\"https:\\\/\\\/buddydive.com\\\/es\\\/acerca-de-nosotros\\\/\"},{\"@type\":\"ListItem\",\"position\":3,\"name\":\"Sus formularios de responsabilidad civil online de buddies\u2122\"}]},{\"@type\":\"WebSite\",\"@id\":\"https:\\\/\\\/buddydive.com\\\/es\\\/#website\",\"url\":\"https:\\\/\\\/buddydive.com\\\/es\\\/\",\"name\":\"Buddy Dive Bonaire\",\"description\":\"My WordPress Blog\",\"potentialAction\":[{\"@type\":\"SearchAction\",\"target\":{\"@type\":\"EntryPoint\",\"urlTemplate\":\"https:\\\/\\\/buddydive.com\\\/es\\\/?s={search_term_string}\"},\"query-input\":{\"@type\":\"PropertyValueSpecification\",\"valueRequired\":true,\"valueName\":\"search_term_string\"}}],\"inLanguage\":\"es\"}]}<\/script>\n<!-- \/ Yoast SEO plugin. -->","yoast_head_json":{"title":"Sus formularios de responsabilidad civil online de buddies\u2122 - Buddy Dive Bonaire","description":"\u00a1Reservaste Buddy Dive Resort! Agiliza tu registro con los formularios de responsabilidad civil.","robots":{"index":"index","follow":"follow","max-snippet":"max-snippet:-1","max-image-preview":"max-image-preview:large","max-video-preview":"max-video-preview:-1"},"canonical":"https:\/\/buddydive.com\/es\/acerca-de-nosotros\/sus-formularios-de-responsabilidad-civil-online-de-buddies\/","og_locale":"es_ES","og_type":"article","og_title":"Sus formularios de responsabilidad civil online de buddies\u2122 - Buddy Dive Bonaire","og_description":"\u00a1Reservaste Buddy Dive Resort! Agiliza tu registro con los formularios de responsabilidad civil.","og_url":"https:\/\/buddydive.com\/es\/acerca-de-nosotros\/sus-formularios-de-responsabilidad-civil-online-de-buddies\/","og_site_name":"Buddy Dive Bonaire","article_publisher":"https:\/\/www.facebook.com\/buddydiveresort","article_modified_time":"2026-02-03T11:40:46+00:00","twitter_card":"summary_large_image","twitter_site":"@buddydive","twitter_misc":{"Tiempo de lectura":"2 minutos"},"schema":{"@context":"https:\/\/schema.org","@graph":[{"@type":"WebPage","@id":"https:\/\/buddydive.com\/es\/acerca-de-nosotros\/sus-formularios-de-responsabilidad-civil-online-de-buddies\/","url":"https:\/\/buddydive.com\/es\/acerca-de-nosotros\/sus-formularios-de-responsabilidad-civil-online-de-buddies\/","name":"Sus formularios de responsabilidad civil online de buddies\u2122 - Buddy Dive Bonaire","isPartOf":{"@id":"https:\/\/buddydive.com\/es\/#website"},"datePublished":"2025-07-03T09:51:53+00:00","dateModified":"2026-02-03T11:40:46+00:00","description":"\u00a1Reservaste Buddy Dive Resort! Agiliza tu registro con los formularios de responsabilidad civil.","breadcrumb":{"@id":"https:\/\/buddydive.com\/es\/acerca-de-nosotros\/sus-formularios-de-responsabilidad-civil-online-de-buddies\/#breadcrumb"},"inLanguage":"es","potentialAction":[{"@type":"ReadAction","target":["https:\/\/buddydive.com\/es\/acerca-de-nosotros\/sus-formularios-de-responsabilidad-civil-online-de-buddies\/"]}]},{"@type":"BreadcrumbList","@id":"https:\/\/buddydive.com\/es\/acerca-de-nosotros\/sus-formularios-de-responsabilidad-civil-online-de-buddies\/#breadcrumb","itemListElement":[{"@type":"ListItem","position":1,"name":"Home","item":"https:\/\/buddydive.com\/es\/"},{"@type":"ListItem","position":2,"name":"Acerca de nosotros","item":"https:\/\/buddydive.com\/es\/acerca-de-nosotros\/"},{"@type":"ListItem","position":3,"name":"Sus formularios de responsabilidad civil online de buddies\u2122"}]},{"@type":"WebSite","@id":"https:\/\/buddydive.com\/es\/#website","url":"https:\/\/buddydive.com\/es\/","name":"Buddy Dive Bonaire","description":"My WordPress Blog","potentialAction":[{"@type":"SearchAction","target":{"@type":"EntryPoint","urlTemplate":"https:\/\/buddydive.com\/es\/?s={search_term_string}"},"query-input":{"@type":"PropertyValueSpecification","valueRequired":true,"valueName":"search_term_string"}}],"inLanguage":"es"}]}},"_links":{"self":[{"href":"https:\/\/buddydive.com\/es\/wp-json\/wp\/v2\/pages\/32342","targetHints":{"allow":["GET"]}}],"collection":[{"href":"https:\/\/buddydive.com\/es\/wp-json\/wp\/v2\/pages"}],"about":[{"href":"https:\/\/buddydive.com\/es\/wp-json\/wp\/v2\/types\/page"}],"author":[{"embeddable":true,"href":"https:\/\/buddydive.com\/es\/wp-json\/wp\/v2\/users\/2"}],"replies":[{"embeddable":true,"href":"https:\/\/buddydive.com\/es\/wp-json\/wp\/v2\/comments?post=32342"}],"version-history":[{"count":1,"href":"https:\/\/buddydive.com\/es\/wp-json\/wp\/v2\/pages\/32342\/revisions"}],"predecessor-version":[{"id":32344,"href":"https:\/\/buddydive.com\/es\/wp-json\/wp\/v2\/pages\/32342\/revisions\/32344"}],"up":[{"embeddable":true,"href":"https:\/\/buddydive.com\/es\/wp-json\/wp\/v2\/pages\/32453"}],"wp:attachment":[{"href":"https:\/\/buddydive.com\/es\/wp-json\/wp\/v2\/media?parent=32342"}],"curies":[{"name":"wp","href":"https:\/\/api.w.org\/{rel}","templated":true}]}}