{"id":32334,"date":"2025-07-03T09:51:43","date_gmt":"2025-07-03T09:51:43","guid":{"rendered":"https:\/\/buddydive.com\/hilma-hooker\/"},"modified":"2025-12-09T14:45:59","modified_gmt":"2025-12-09T14:45:59","slug":"hilma-hooker","status":"publish","type":"page","link":"https:\/\/buddydive.com\/es\/hilma-hooker\/","title":{"rendered":"Hilma Hooker"},"content":{"rendered":"<div class=\"wpb-content-wrapper\">[vc_row][vc_column][vc_column_text css=\u00bb\u00bb]\n<h2 style=\"text-align: center;\">Semana del Hilma Hooker: una inmersi\u00f3n en la historia<\/h2>\n<p><em>Del 13 al 19 de septiembre de 2025<br \/>\nDel 12 al 18 de septiembre de 2026<br \/>\n<\/em><\/p>\n<p>\u00danase a nosotros durante toda una semana dedicada al fascinante legado del <a href=\"https:\/\/www.scubadiving.com\/history-bonaire-hilma-hooker-shipwreck\">naufragio del Hilma Hooker<\/a>. El Hilma Hooker, un carguero hundido que descansa en el fondo del oc\u00e9ano, ocupa un lugar \u00fanico en el mundo del buceo en pecios. Esta celebraci\u00f3n anual permite a los buceadores sumergirse en su historia y explorar sus profundidades. Buddy Dive Resort le invita a formar parte de esta extraordinaria aventura submarina.<\/p>\n<p><strong>Actividades de una semana de duraci\u00f3n:<\/strong><\/p>\n<ul>\n<li><strong>Curso de especialidad en pecios: 245 $ por persona:<\/strong> Tanto los entusiastas del buceo como los principiantes pueden participar en nuestro curso de especialidad en pecios. Dirigido por nuestros experimentados instructores, adquirir\u00e1 las habilidades y los conocimientos necesarios para navegar y explorar con seguridad los naufragios como el Hilma Hooker.<\/li>\n<li><strong style=\"font-size: 1.4rem;\">Inmersi\u00f3n guiada de penetraci\u00f3n: 50 $ por persona:<\/strong><span style=\"font-size: 1.4rem;\"> Los buceadores de pecios certificados pueden embarcarse en una emocionante inmersi\u00f3n guiada de penetraci\u00f3n en el interior del Hilma Hooker. Ad\u00e9ntrese en su misterioso interior, donde la historia y la vida marina se unen en una experiencia submarina inolvidable. <\/span><\/li>\n<li><strong style=\"font-size: 1.4rem;\">Inmersi\u00f3n nocturna en barco en pecio: 65 $ por persona:<\/strong><span style=\"font-size: 1.4rem;\"> Sea testigo de la transformaci\u00f3n del Hilma Hooker mientras se embarca en una inmersi\u00f3n nocturna. Bajo el fascinante resplandor de su luz de buceo, observe la vida marina nocturna que habita en el pecio. <\/span><\/li>\n<li><strong style=\"font-size: 1.4rem;\">Prueba gratuita de dobles:<\/strong><span style=\"font-size: 1.4rem;\"> \u00bfTiene curiosidad por el buceo con dobles? Nuestros instructores le introducir\u00e1n en el mundo del buceo con dos botellas. Aprenda las t\u00e9cnicas y el equipo que intervienen en este estilo de buceo avanzado. <\/span><\/li>\n<li><strong style=\"font-size: 1.4rem;\">Presentaci\u00f3n gratuita en Blennies:<\/strong><span style=\"font-size: 1.4rem;\"> Obtenga una comprensi\u00f3n m\u00e1s profunda de la historia del Hilma Hooker durante nuestra presentaci\u00f3n informativa en Blennies. Aprenda sobre el viaje del barco, su importancia en el buceo en pecios y las historias que lo rodean. <\/span><\/li>\n<li><strong style=\"font-size: 1.4rem;\">Inmersiones en barco dedicadas al pecio:<\/strong><span style=\"font-size: 1.4rem;\"> A lo largo de la semana, ofrecemos inmersiones en barco dedicadas al Hilma Hooker. Explore el pecio varias veces y descubra nuevos secretos con cada inmersi\u00f3n. Nuestros dive masters est\u00e1n aqu\u00ed para guiarle en este extraordinario viaje. <\/span><\/li>\n<\/ul>\n[\/vc_column_text][vc_empty_space][vc_separator][vc_column_text css=\u00bb\u00bb]<strong>Reserve su plaza<\/strong><\/p>\n<p>Aproveche al m\u00e1ximo esta extraordinaria semana. Tanto si es un buceador experimentado como si es nuevo en el mundo submarino, le espera una aventura. Asegure su plaza para la semana del Hilma Hooker en Buddy Dive Resort. Reserve su <a href=\"https:\/\/buddydive.com\/resort\/rates-specials\/\">paquete de inmersi\u00f3n en barco Drive &amp; Dive<\/a> y \u00fanase a nosotros en esta aventura inolvidable.<\/p>\n<p>Para obtener informaci\u00f3n detallada, precios y reservas, p\u00f3ngase en contacto con nosotros en <span style=\"color: #ff6600;\"><a style=\"color: #ff6600;\" href=\"mailto:reservations@buddydive.com\">reservations@buddydive.com<\/a>.<\/span><\/p>\n<p><strong>Acerca del Hilma Hooker:<\/strong><\/p>\n<ul>\n<li>Construido en los Pa\u00edses Bajos en 1951 como el \u201cMidsland.\u201d<\/li>\n<li>Cambiado de nombre varias veces y finalmente llamado \u201cHilma Hooker.\u201d<\/li>\n<li>Se hundi\u00f3 frente a Saman\u00e1, Rep\u00fablica Dominicana, en 1975.<\/li>\n<li>Incautado por problemas relacionados con las drogas mientras estaba atracado en Bonaire.<\/li>\n<li>Tras meses de abandono, se hundi\u00f3 el 12 de septiembre de 1984.<\/li>\n<li>Ahora descansa en una llanura de arena entre dos sistemas de arrecifes de coral, una de las principales atracciones para los buceadores.<\/li>\n<\/ul>\n<p><strong>Lugar de inmersi\u00f3n:<\/strong><\/p>\n<p>El Hilma Hooker, que se encuentra a unos 30 m (100 pies) de profundidad y mide 73 m (240 pies) de longitud, ofrece amplias oportunidades de exploraci\u00f3n. Aunque relativamente poca parte del pecio implica el buceo de penetraci\u00f3n, sigue siendo un destino cautivador para los buceadores.<\/p>\n<h3 style=\"text-align: center;\"><\/h3>\n[\/vc_column_text][vc_images_carousel images=\u00bb32336,32337,32338,32339&#8243; speed=\u00bb7000&#8243; slides_per_view=\u00bb3&#8243; wrap=\u00bbyes\u00bb][\/vc_column][\/vc_row]\n<\/div>","protected":false},"excerpt":{"rendered":"<p>[vc_row][vc_column][vc_column_text css=\u00bb\u00bb] Semana del Hilma Hooker: una inmersi\u00f3n en la historia Del 13 al 19 de septiembre de 2025 Del [&hellip;]<\/p>\n","protected":false},"author":2,"featured_media":0,"parent":0,"menu_order":0,"comment_status":"closed","ping_status":"closed","template":"","meta":{"footnotes":""},"class_list":["post-32334","page","type-page","status-publish","hentry"],"yoast_head":"<!-- This site is optimized with the Yoast SEO plugin v27.4 - https:\/\/yoast.com\/product\/yoast-seo-wordpress\/ -->\n<title>Hilma Hooker - Buddy Dive Bonaire<\/title>\n<meta name=\"description\" content=\"\u00danase a nosotros durante toda una semana dedicada al fascinante legado del naufragio del Hilma Hooker. El Hilma Hooker, un carguero hundido que descansa en el fondo del oc\u00e9ano, ocupa un lugar \u00fanico en el mundo del buceo en pecios.\" \/>\n<meta name=\"robots\" content=\"index, follow, max-snippet:-1, max-image-preview:large, max-video-preview:-1\" \/>\n<link rel=\"canonical\" href=\"https:\/\/buddydive.com\/es\/hilma-hooker\/\" \/>\n<meta property=\"og:locale\" content=\"es_ES\" \/>\n<meta property=\"og:type\" content=\"article\" \/>\n<meta property=\"og:title\" content=\"Hilma Hooker - Buddy Dive Bonaire\" \/>\n<meta property=\"og:description\" content=\"\u00danase a nosotros durante toda una semana dedicada al fascinante legado del naufragio del Hilma Hooker. El Hilma Hooker, un carguero hundido que descansa en el fondo del oc\u00e9ano, ocupa un lugar \u00fanico en el mundo del buceo en pecios.\" \/>\n<meta property=\"og:url\" content=\"https:\/\/buddydive.com\/es\/hilma-hooker\/\" \/>\n<meta property=\"og:site_name\" content=\"Buddy Dive Bonaire\" \/>\n<meta property=\"article:publisher\" content=\"https:\/\/www.facebook.com\/buddydiveresort\" \/>\n<meta property=\"article:modified_time\" content=\"2025-12-09T14:45:59+00:00\" \/>\n<meta name=\"twitter:card\" content=\"summary_large_image\" \/>\n<meta name=\"twitter:site\" content=\"@buddydive\" \/>\n<meta name=\"twitter:label1\" content=\"Tiempo de lectura\" \/>\n\t<meta name=\"twitter:data1\" content=\"3 minutos\" \/>\n<script type=\"application\/ld+json\" class=\"yoast-schema-graph\">{\"@context\":\"https:\\\/\\\/schema.org\",\"@graph\":[{\"@type\":\"WebPage\",\"@id\":\"https:\\\/\\\/buddydive.com\\\/es\\\/hilma-hooker\\\/\",\"url\":\"https:\\\/\\\/buddydive.com\\\/es\\\/hilma-hooker\\\/\",\"name\":\"Hilma Hooker - Buddy Dive Bonaire\",\"isPartOf\":{\"@id\":\"https:\\\/\\\/buddydive.com\\\/es\\\/#website\"},\"datePublished\":\"2025-07-03T09:51:43+00:00\",\"dateModified\":\"2025-12-09T14:45:59+00:00\",\"description\":\"\u00danase a nosotros durante toda una semana dedicada al fascinante legado del naufragio del Hilma Hooker. El Hilma Hooker, un carguero hundido que descansa en el fondo del oc\u00e9ano, ocupa un lugar \u00fanico en el mundo del buceo en pecios.\",\"breadcrumb\":{\"@id\":\"https:\\\/\\\/buddydive.com\\\/es\\\/hilma-hooker\\\/#breadcrumb\"},\"inLanguage\":\"es\",\"potentialAction\":[{\"@type\":\"ReadAction\",\"target\":[\"https:\\\/\\\/buddydive.com\\\/es\\\/hilma-hooker\\\/\"]}]},{\"@type\":\"BreadcrumbList\",\"@id\":\"https:\\\/\\\/buddydive.com\\\/es\\\/hilma-hooker\\\/#breadcrumb\",\"itemListElement\":[{\"@type\":\"ListItem\",\"position\":1,\"name\":\"Home\",\"item\":\"https:\\\/\\\/buddydive.com\\\/es\\\/\"},{\"@type\":\"ListItem\",\"position\":2,\"name\":\"Hilma Hooker\"}]},{\"@type\":\"WebSite\",\"@id\":\"https:\\\/\\\/buddydive.com\\\/es\\\/#website\",\"url\":\"https:\\\/\\\/buddydive.com\\\/es\\\/\",\"name\":\"Buddy Dive Bonaire\",\"description\":\"My WordPress Blog\",\"potentialAction\":[{\"@type\":\"SearchAction\",\"target\":{\"@type\":\"EntryPoint\",\"urlTemplate\":\"https:\\\/\\\/buddydive.com\\\/es\\\/?s={search_term_string}\"},\"query-input\":{\"@type\":\"PropertyValueSpecification\",\"valueRequired\":true,\"valueName\":\"search_term_string\"}}],\"inLanguage\":\"es\"}]}<\/script>\n<!-- \/ Yoast SEO plugin. -->","yoast_head_json":{"title":"Hilma Hooker - Buddy Dive Bonaire","description":"\u00danase a nosotros durante toda una semana dedicada al fascinante legado del naufragio del Hilma Hooker. El Hilma Hooker, un carguero hundido que descansa en el fondo del oc\u00e9ano, ocupa un lugar \u00fanico en el mundo del buceo en pecios.","robots":{"index":"index","follow":"follow","max-snippet":"max-snippet:-1","max-image-preview":"max-image-preview:large","max-video-preview":"max-video-preview:-1"},"canonical":"https:\/\/buddydive.com\/es\/hilma-hooker\/","og_locale":"es_ES","og_type":"article","og_title":"Hilma Hooker - Buddy Dive Bonaire","og_description":"\u00danase a nosotros durante toda una semana dedicada al fascinante legado del naufragio del Hilma Hooker. El Hilma Hooker, un carguero hundido que descansa en el fondo del oc\u00e9ano, ocupa un lugar \u00fanico en el mundo del buceo en pecios.","og_url":"https:\/\/buddydive.com\/es\/hilma-hooker\/","og_site_name":"Buddy Dive Bonaire","article_publisher":"https:\/\/www.facebook.com\/buddydiveresort","article_modified_time":"2025-12-09T14:45:59+00:00","twitter_card":"summary_large_image","twitter_site":"@buddydive","twitter_misc":{"Tiempo de lectura":"3 minutos"},"schema":{"@context":"https:\/\/schema.org","@graph":[{"@type":"WebPage","@id":"https:\/\/buddydive.com\/es\/hilma-hooker\/","url":"https:\/\/buddydive.com\/es\/hilma-hooker\/","name":"Hilma Hooker - Buddy Dive Bonaire","isPartOf":{"@id":"https:\/\/buddydive.com\/es\/#website"},"datePublished":"2025-07-03T09:51:43+00:00","dateModified":"2025-12-09T14:45:59+00:00","description":"\u00danase a nosotros durante toda una semana dedicada al fascinante legado del naufragio del Hilma Hooker. El Hilma Hooker, un carguero hundido que descansa en el fondo del oc\u00e9ano, ocupa un lugar \u00fanico en el mundo del buceo en pecios.","breadcrumb":{"@id":"https:\/\/buddydive.com\/es\/hilma-hooker\/#breadcrumb"},"inLanguage":"es","potentialAction":[{"@type":"ReadAction","target":["https:\/\/buddydive.com\/es\/hilma-hooker\/"]}]},{"@type":"BreadcrumbList","@id":"https:\/\/buddydive.com\/es\/hilma-hooker\/#breadcrumb","itemListElement":[{"@type":"ListItem","position":1,"name":"Home","item":"https:\/\/buddydive.com\/es\/"},{"@type":"ListItem","position":2,"name":"Hilma Hooker"}]},{"@type":"WebSite","@id":"https:\/\/buddydive.com\/es\/#website","url":"https:\/\/buddydive.com\/es\/","name":"Buddy Dive Bonaire","description":"My WordPress Blog","potentialAction":[{"@type":"SearchAction","target":{"@type":"EntryPoint","urlTemplate":"https:\/\/buddydive.com\/es\/?s={search_term_string}"},"query-input":{"@type":"PropertyValueSpecification","valueRequired":true,"valueName":"search_term_string"}}],"inLanguage":"es"}]}},"_links":{"self":[{"href":"https:\/\/buddydive.com\/es\/wp-json\/wp\/v2\/pages\/32334","targetHints":{"allow":["GET"]}}],"collection":[{"href":"https:\/\/buddydive.com\/es\/wp-json\/wp\/v2\/pages"}],"about":[{"href":"https:\/\/buddydive.com\/es\/wp-json\/wp\/v2\/types\/page"}],"author":[{"embeddable":true,"href":"https:\/\/buddydive.com\/es\/wp-json\/wp\/v2\/users\/2"}],"replies":[{"embeddable":true,"href":"https:\/\/buddydive.com\/es\/wp-json\/wp\/v2\/comments?post=32334"}],"version-history":[{"count":4,"href":"https:\/\/buddydive.com\/es\/wp-json\/wp\/v2\/pages\/32334\/revisions"}],"predecessor-version":[{"id":35716,"href":"https:\/\/buddydive.com\/es\/wp-json\/wp\/v2\/pages\/32334\/revisions\/35716"}],"wp:attachment":[{"href":"https:\/\/buddydive.com\/es\/wp-json\/wp\/v2\/media?parent=32334"}],"curies":[{"name":"wp","href":"https:\/\/api.w.org\/{rel}","templated":true}]}}