{"id":32312,"date":"2025-07-03T09:51:31","date_gmt":"2025-07-03T09:51:31","guid":{"rendered":"https:\/\/buddydive.com\/participacion-de-la-comunidad\/"},"modified":"2026-02-03T11:11:53","modified_gmt":"2026-02-03T11:11:53","slug":"participacion-de-la-comunidad","status":"publish","type":"page","link":"https:\/\/buddydive.com\/es\/acerca-de-nosotros\/participacion-de-la-comunidad\/","title":{"rendered":"Participaci\u00f3n de la comunidad"},"content":{"rendered":"<div class=\"wpb-content-wrapper\">[vc_row][vc_column][vc_column_text]\n<h1 class=\"text-uppercase\" style=\"text-align: center;\"><small>Nos preocupamos por<\/small> la participaci\u00f3n de la comunidad<\/h1>\n<p>A sus Buddies en Bonaire les importa la participaci\u00f3n de la comunidad. Valoramos el buen cuidado de nuestro medio ambiente, transmitir un mundo hermoso a la pr\u00f3xima generaci\u00f3n y brindar a esta generaci\u00f3n oportunidades para un futuro brillante. El turismo es una de las principales fuentes de ingresos de Bonaire y proporciona muchos puestos de trabajo a la comunidad de Bonaire. Como centro de buceo, estamos felices de que Bonaire d\u00e9 la bienvenida a tantos hu\u00e9spedes cada d\u00eda y valoramos que Bonaire sea un gran lugar para visitar y un gran lugar para vivir. As\u00ed es como sus Buddies en Bonaire contribuyen a un Bonaire mejor para todos, involucrando a la comunidad.[\/vc_column_text][\/vc_column][\/vc_row][vc_row content_placement=\u00bbmiddle\u00bb][vc_column width=\u00bb1\/4&#8243;][vc_single_image image=\u00bb32567&#8243; img_size=\u00bb500&#215;500&#8243;][\/vc_column][vc_column width=\u00bb3\/4&#8243;][vc_column_text]\n<h4>Fundaci\u00f3n Murphyn Henar<\/h4>\n<p>El 26 de noviembre de 2019, nos despedimos de nuestra amada \u201cLeyenda del Buceo\u201d <a href=\"https:\/\/buddydive.com\/about-us\/murphyn-henar-foundation\/\">Murphyn Henar<\/a>. Murph trabaj\u00f3 como Dive Master para Buddy Dive Resort desde 1993 hasta su fallecimiento en 2019. Era conocido por su estado de \u00e1nimo siempre brillante, su paciencia infinita y su gran conocimiento del buceo en Bonaire. Dej\u00f3 una impresi\u00f3n inolvidable en todos los que conoci\u00f3 y fue mentor de muchos miembros del equipo.<\/p>\n<p><strong>Misi\u00f3n<br \/>\n<\/strong>La misi\u00f3n de la <a href=\"https:\/\/www.murphynhenarfoundation.org\/\">Fundaci\u00f3n Murphyn Henar<\/a> es honrar el gran esp\u00edritu y la memoria de Murphyn brindando a los j\u00f3venes de Bonaire la oportunidad de aprender a bucear. Al capacitar a estos j\u00f3venes, que tal vez no tengan los fondos para hacerlo por s\u00ed mismos, queremos crearles un futuro en la industria del buceo.[\/vc_column_text][\/vc_column][\/vc_row][vc_row content_placement=\u00bbmiddle\u00bb][vc_column width=\u00bb1\/4&#8243;][vc_single_image image=\u00bb32315&#8243; img_size=\u00bb500&#215;500&#8243;][\/vc_column][vc_column width=\u00bb3\/4&#8243;][vc_column_text]\n<h4>MBO bonaire @ Buddy dive resort<\/h4>\n<p>Todos los jueves, los estudiantes de MBO Bonaire se convierten en parte del equipo de Buddy Dive para aprender c\u00f3mo es trabajar en la industria de la hosteler\u00eda. Los estudiantes est\u00e1n adquiriendo experiencia y ayudando a los equipos con el funcionamiento diario del resort. Trabajan en todos los departamentos para adquirir experiencia y conocimientos, lo que les permite encontrar una carrera que se adapte a ellos. Dado que el turismo es una de las principales fuentes de ingresos de Bonaire, estamos felices de permitir que la nueva generaci\u00f3n aprenda de nuestro gran equipo, para que puedan comenzar su carrera con mucha experiencia.[\/vc_column_text][\/vc_column][\/vc_row][vc_row content_placement=\u00bbmiddle\u00bb][vc_column width=\u00bb1\/4&#8243;][vc_single_image image=\u00bb32316&#8243; img_size=\u00bb500&#215;500&#8243;][\/vc_column][vc_column width=\u00bb3\/4&#8243;][vc_column_text]\n<h4>Caminata por las rosas<\/h4>\n<p>Cada enero, se lleva a cabo Walk, Ride Swim for the Roses. El <a href=\"https:\/\/www.ridefortheroses.org\/\">Ride for the Roses<\/a> se organiza para recaudar dinero para el Fondo contra el C\u00e1ncer de Bonaire. Durante este evento anual, todos en Bonaire pueden mostrar solidaridad con los pacientes con c\u00e1ncer y sus seres queridos caminando, nadando, surfeando o montando en bicicleta por una ruta en particular. Es un evento grande y concurrido en la isla y Your Buddies on Bonaire se complace en contribuir a esta buena causa. Buddy Dive Resort patrocina la iniciativa comprando boletos para cada miembro del personal que desee participar en el evento. Muchos miembros del equipo contribuyeron a recaudar una buena cantidad para el fondo contra el c\u00e1ncer.[\/vc_column_text][\/vc_column][\/vc_row][vc_row content_placement=\u00bbmiddle\u00bb][vc_column width=\u00bb1\/4&#8243;][vc_single_image image=\u00bb32318&#8243; img_size=\u00bb500&#215;500&#8243;][\/vc_column][vc_column width=\u00bb3\/4&#8243;][vc_column_text]\n<h4>Patrocinador de banko di kuminda Rincon<\/h4>\n<p>Buddy Dive Resort es patrocinador de Banko di Kuminda en Rincon, el Banco de Alimentos de Rincon. Patrocinamos el banco de alimentos, que proporciona paquetes de alimentos a aquellos <span class=\"HwtZe\" lang=\"en\"><span class=\"jCAhz ChMk0b\"><span class=\"ryNqvb\"> que no tienen suficiente dinero para pagar sus compras diarias. Al patrocinar el banco de alimentos, esperamos ayudar a mejorar el entorno de vida general en la isla y dar una mano a los menos afortunados. <\/span><\/span><\/span>[\/vc_column_text][\/vc_column][\/vc_row][vc_row][vc_column][vc_cta h2=\u00bbSostenibilidad\u00bb txt_align=\u00bbcenter\u00bb add_button=\u00bbbottom\u00bb btn_title=\u00bbSostenibilidad\u00bb btn_align=\u00bbcenter\u00bb btn_link=\u00bburl:https%3A%2F%2Fbuddydive.com%2Fabout-us%2Fsustainability%2F|title:Sostenibilidad|\u00bb]Buddy Dive Resort Bonaire se centra cada vez m\u00e1s en un nivel de sostenibilidad social y ambiental. Aunque Bonaire es una isla peque\u00f1a, nos esforzamos por crear un mundo mejor juntos. Descubra lo que hacemos para operar de manera sostenible.[\/vc_cta][\/vc_column][\/vc_row]\n<\/div>","protected":false},"excerpt":{"rendered":"<p>[vc_row][vc_column][vc_column_text] Nos preocupamos por la participaci\u00f3n de la comunidad A sus Buddies en Bonaire les importa la participaci\u00f3n de la [&hellip;]<\/p>\n","protected":false},"author":2,"featured_media":0,"parent":32453,"menu_order":0,"comment_status":"closed","ping_status":"closed","template":"","meta":{"footnotes":""},"class_list":["post-32312","page","type-page","status-publish","hentry"],"yoast_head":"<!-- This site is optimized with the Yoast SEO plugin v27.4 - https:\/\/yoast.com\/product\/yoast-seo-wordpress\/ -->\n<title>Participaci\u00f3n de la comunidad - Buddy Dive Bonaire<\/title>\n<meta name=\"description\" content=\"Sus Buddies en Bonaire contribuyen a la participaci\u00f3n de la comunidad para un Bonaire mejor para todos.\" \/>\n<meta name=\"robots\" content=\"index, follow, max-snippet:-1, max-image-preview:large, max-video-preview:-1\" \/>\n<link rel=\"canonical\" href=\"https:\/\/buddydive.com\/es\/acerca-de-nosotros\/participacion-de-la-comunidad\/\" \/>\n<meta property=\"og:locale\" content=\"es_ES\" \/>\n<meta property=\"og:type\" content=\"article\" \/>\n<meta property=\"og:title\" content=\"Participaci\u00f3n de la comunidad - Buddy Dive Bonaire\" \/>\n<meta property=\"og:description\" content=\"Sus Buddies en Bonaire contribuyen a la participaci\u00f3n de la comunidad para un Bonaire mejor para todos.\" \/>\n<meta property=\"og:url\" content=\"https:\/\/buddydive.com\/es\/acerca-de-nosotros\/participacion-de-la-comunidad\/\" \/>\n<meta property=\"og:site_name\" content=\"Buddy Dive Bonaire\" \/>\n<meta property=\"article:publisher\" content=\"https:\/\/www.facebook.com\/buddydiveresort\" \/>\n<meta property=\"article:modified_time\" content=\"2026-02-03T11:11:53+00:00\" \/>\n<meta name=\"twitter:card\" content=\"summary_large_image\" \/>\n<meta name=\"twitter:site\" content=\"@buddydive\" \/>\n<meta name=\"twitter:label1\" content=\"Tiempo de lectura\" \/>\n\t<meta name=\"twitter:data1\" content=\"3 minutos\" \/>\n<script type=\"application\/ld+json\" class=\"yoast-schema-graph\">{\"@context\":\"https:\\\/\\\/schema.org\",\"@graph\":[{\"@type\":\"WebPage\",\"@id\":\"https:\\\/\\\/buddydive.com\\\/es\\\/acerca-de-nosotros\\\/participacion-de-la-comunidad\\\/\",\"url\":\"https:\\\/\\\/buddydive.com\\\/es\\\/acerca-de-nosotros\\\/participacion-de-la-comunidad\\\/\",\"name\":\"Participaci\u00f3n de la comunidad - Buddy Dive Bonaire\",\"isPartOf\":{\"@id\":\"https:\\\/\\\/buddydive.com\\\/es\\\/#website\"},\"datePublished\":\"2025-07-03T09:51:31+00:00\",\"dateModified\":\"2026-02-03T11:11:53+00:00\",\"description\":\"Sus Buddies en Bonaire contribuyen a la participaci\u00f3n de la comunidad para un Bonaire mejor para todos.\",\"breadcrumb\":{\"@id\":\"https:\\\/\\\/buddydive.com\\\/es\\\/acerca-de-nosotros\\\/participacion-de-la-comunidad\\\/#breadcrumb\"},\"inLanguage\":\"es\",\"potentialAction\":[{\"@type\":\"ReadAction\",\"target\":[\"https:\\\/\\\/buddydive.com\\\/es\\\/acerca-de-nosotros\\\/participacion-de-la-comunidad\\\/\"]}]},{\"@type\":\"BreadcrumbList\",\"@id\":\"https:\\\/\\\/buddydive.com\\\/es\\\/acerca-de-nosotros\\\/participacion-de-la-comunidad\\\/#breadcrumb\",\"itemListElement\":[{\"@type\":\"ListItem\",\"position\":1,\"name\":\"Home\",\"item\":\"https:\\\/\\\/buddydive.com\\\/es\\\/\"},{\"@type\":\"ListItem\",\"position\":2,\"name\":\"Acerca de nosotros\",\"item\":\"https:\\\/\\\/buddydive.com\\\/es\\\/acerca-de-nosotros\\\/\"},{\"@type\":\"ListItem\",\"position\":3,\"name\":\"Participaci\u00f3n de la comunidad\"}]},{\"@type\":\"WebSite\",\"@id\":\"https:\\\/\\\/buddydive.com\\\/es\\\/#website\",\"url\":\"https:\\\/\\\/buddydive.com\\\/es\\\/\",\"name\":\"Buddy Dive Bonaire\",\"description\":\"My WordPress Blog\",\"potentialAction\":[{\"@type\":\"SearchAction\",\"target\":{\"@type\":\"EntryPoint\",\"urlTemplate\":\"https:\\\/\\\/buddydive.com\\\/es\\\/?s={search_term_string}\"},\"query-input\":{\"@type\":\"PropertyValueSpecification\",\"valueRequired\":true,\"valueName\":\"search_term_string\"}}],\"inLanguage\":\"es\"}]}<\/script>\n<!-- \/ Yoast SEO plugin. -->","yoast_head_json":{"title":"Participaci\u00f3n de la comunidad - Buddy Dive Bonaire","description":"Sus Buddies en Bonaire contribuyen a la participaci\u00f3n de la comunidad para un Bonaire mejor para todos.","robots":{"index":"index","follow":"follow","max-snippet":"max-snippet:-1","max-image-preview":"max-image-preview:large","max-video-preview":"max-video-preview:-1"},"canonical":"https:\/\/buddydive.com\/es\/acerca-de-nosotros\/participacion-de-la-comunidad\/","og_locale":"es_ES","og_type":"article","og_title":"Participaci\u00f3n de la comunidad - Buddy Dive Bonaire","og_description":"Sus Buddies en Bonaire contribuyen a la participaci\u00f3n de la comunidad para un Bonaire mejor para todos.","og_url":"https:\/\/buddydive.com\/es\/acerca-de-nosotros\/participacion-de-la-comunidad\/","og_site_name":"Buddy Dive Bonaire","article_publisher":"https:\/\/www.facebook.com\/buddydiveresort","article_modified_time":"2026-02-03T11:11:53+00:00","twitter_card":"summary_large_image","twitter_site":"@buddydive","twitter_misc":{"Tiempo de lectura":"3 minutos"},"schema":{"@context":"https:\/\/schema.org","@graph":[{"@type":"WebPage","@id":"https:\/\/buddydive.com\/es\/acerca-de-nosotros\/participacion-de-la-comunidad\/","url":"https:\/\/buddydive.com\/es\/acerca-de-nosotros\/participacion-de-la-comunidad\/","name":"Participaci\u00f3n de la comunidad - Buddy Dive Bonaire","isPartOf":{"@id":"https:\/\/buddydive.com\/es\/#website"},"datePublished":"2025-07-03T09:51:31+00:00","dateModified":"2026-02-03T11:11:53+00:00","description":"Sus Buddies en Bonaire contribuyen a la participaci\u00f3n de la comunidad para un Bonaire mejor para todos.","breadcrumb":{"@id":"https:\/\/buddydive.com\/es\/acerca-de-nosotros\/participacion-de-la-comunidad\/#breadcrumb"},"inLanguage":"es","potentialAction":[{"@type":"ReadAction","target":["https:\/\/buddydive.com\/es\/acerca-de-nosotros\/participacion-de-la-comunidad\/"]}]},{"@type":"BreadcrumbList","@id":"https:\/\/buddydive.com\/es\/acerca-de-nosotros\/participacion-de-la-comunidad\/#breadcrumb","itemListElement":[{"@type":"ListItem","position":1,"name":"Home","item":"https:\/\/buddydive.com\/es\/"},{"@type":"ListItem","position":2,"name":"Acerca de nosotros","item":"https:\/\/buddydive.com\/es\/acerca-de-nosotros\/"},{"@type":"ListItem","position":3,"name":"Participaci\u00f3n de la comunidad"}]},{"@type":"WebSite","@id":"https:\/\/buddydive.com\/es\/#website","url":"https:\/\/buddydive.com\/es\/","name":"Buddy Dive Bonaire","description":"My WordPress Blog","potentialAction":[{"@type":"SearchAction","target":{"@type":"EntryPoint","urlTemplate":"https:\/\/buddydive.com\/es\/?s={search_term_string}"},"query-input":{"@type":"PropertyValueSpecification","valueRequired":true,"valueName":"search_term_string"}}],"inLanguage":"es"}]}},"_links":{"self":[{"href":"https:\/\/buddydive.com\/es\/wp-json\/wp\/v2\/pages\/32312","targetHints":{"allow":["GET"]}}],"collection":[{"href":"https:\/\/buddydive.com\/es\/wp-json\/wp\/v2\/pages"}],"about":[{"href":"https:\/\/buddydive.com\/es\/wp-json\/wp\/v2\/types\/page"}],"author":[{"embeddable":true,"href":"https:\/\/buddydive.com\/es\/wp-json\/wp\/v2\/users\/2"}],"replies":[{"embeddable":true,"href":"https:\/\/buddydive.com\/es\/wp-json\/wp\/v2\/comments?post=32312"}],"version-history":[{"count":4,"href":"https:\/\/buddydive.com\/es\/wp-json\/wp\/v2\/pages\/32312\/revisions"}],"predecessor-version":[{"id":36497,"href":"https:\/\/buddydive.com\/es\/wp-json\/wp\/v2\/pages\/32312\/revisions\/36497"}],"up":[{"embeddable":true,"href":"https:\/\/buddydive.com\/es\/wp-json\/wp\/v2\/pages\/32453"}],"wp:attachment":[{"href":"https:\/\/buddydive.com\/es\/wp-json\/wp\/v2\/media?parent=32312"}],"curies":[{"name":"wp","href":"https:\/\/api.w.org\/{rel}","templated":true}]}}