{"id":32304,"date":"2025-07-03T09:51:18","date_gmt":"2025-07-03T09:51:18","guid":{"rendered":"https:\/\/buddydive.com\/politica-de-cancelacion\/"},"modified":"2025-07-03T09:53:12","modified_gmt":"2025-07-03T09:53:12","slug":"politica-de-cancelacion","status":"publish","type":"page","link":"https:\/\/buddydive.com\/es\/preguntas-frecuentes\/politica-de-cancelacion\/","title":{"rendered":"Pol\u00edtica de cancelaci\u00f3n"},"content":{"rendered":"<p><b><span lang=\"EN-US\" style=\"font-family: 'Arial',sans-serif;\">Pol\u00edtica de cancelaci\u00f3n<\/span><\/b><\/p>\n<ol>\n<li>Se aplicar\u00e1 <em>una penalizaci\u00f3n por cancelaci\u00f3n del 25% de la reserva confirmada si una reserva se cancela (o las habitaciones se liberan\/reducen en el caso de una reserva de grupo) entre <\/em><em>60 <\/em><em>y 29 d\u00edas antes de la llegada programada.<\/em> <\/li>\n<li><em>Se aplicar\u00e1 una penalizaci\u00f3n por cancelaci\u00f3n del 50% de la reserva confirmada si una reserva se cancela (o las habitaciones se liberan\/reducen en el caso de una reserva de grupo) entre 28 y 15 d\u00edas antes de la llegada programada. <\/em><\/li>\n<li><em>Se aplicar\u00e1 una penalizaci\u00f3n por cancelaci\u00f3n del 75% de la reserva confirmada si una reserva se cancela (o las habitaciones se liberan\/reducen en el caso de una reserva de grupo) entre 14 y 1 d\u00eda antes de la llegada programada. <\/em><\/li>\n<li><em>Cancelaciones en el d\u00eda de llegada y\/o no presentaci\u00f3n: el 100% de la reserva no es reembolsable ni transferible. <\/em><\/li>\n<li><em>Las cancelaciones solo son v\u00e1lidas cuando nuestro CRO las ha confirmado por escrito. <\/em><\/li>\n<li><em>Las partes no utilizadas del hotel y\/o cualquier parte de un plan de paquete (incluidas las inmersiones) que no sean tomadas por elecci\u00f3n del cliente o las inmersiones no realizadas por los hu\u00e9spedes como resultado de inclemencias del tiempo y\/o causas de fuerza mayor (esto incluye problemas relacionados con la Covid o cualquier otra pandemia) no son transferibles ni reembolsables. <\/em><\/li>\n<li><em>Los dep\u00f3sitos no son reembolsables ni transferibles. <\/em><\/li>\n<\/ol>\n<p><i><span lang=\"EN-US\" style=\"font-size: 9.0pt; font-family: 'Arial',sans-serif;\">Para evitar cargos y gastos de cancelaci\u00f3n innecesarios, recomendamos encarecidamente a todos los clientes que contraten un seguro de viaje.<\/span><\/i><\/p>\n<p><span lang=\"EN-US\" style=\"font-size: 9.0pt; font-family: 'Arial',sans-serif;\">No dude en ponerse en contacto con reservations@buddydive.com si tiene alguna pregunta. <\/span><\/p>\n","protected":false},"excerpt":{"rendered":"<p>Pol\u00edtica de cancelaci\u00f3n Se aplicar\u00e1 una penalizaci\u00f3n por cancelaci\u00f3n del 25% de la reserva confirmada si una reserva se cancela [&hellip;]<\/p>\n","protected":false},"author":2,"featured_media":0,"parent":32492,"menu_order":0,"comment_status":"closed","ping_status":"closed","template":"","meta":{"footnotes":""},"class_list":["post-32304","page","type-page","status-publish","hentry"],"yoast_head":"<!-- This site is optimized with the Yoast SEO plugin v27.4 - https:\/\/yoast.com\/product\/yoast-seo-wordpress\/ -->\n<title>Pol\u00edtica de cancelaci\u00f3n - Buddy Dive Bonaire<\/title>\n<meta name=\"description\" content=\"Pol\u00edtica de cancelaci\u00f3n de Buddy Dive Resorts\" \/>\n<meta name=\"robots\" content=\"index, follow, max-snippet:-1, max-image-preview:large, max-video-preview:-1\" \/>\n<link rel=\"canonical\" href=\"https:\/\/buddydive.com\/es\/preguntas-frecuentes\/politica-de-cancelacion\/\" \/>\n<meta property=\"og:locale\" content=\"es_ES\" \/>\n<meta property=\"og:type\" content=\"article\" \/>\n<meta property=\"og:title\" content=\"Pol\u00edtica de cancelaci\u00f3n - Buddy Dive Bonaire\" \/>\n<meta property=\"og:description\" content=\"Pol\u00edtica de cancelaci\u00f3n de Buddy Dive Resorts\" \/>\n<meta property=\"og:url\" content=\"https:\/\/buddydive.com\/es\/preguntas-frecuentes\/politica-de-cancelacion\/\" \/>\n<meta property=\"og:site_name\" content=\"Buddy Dive Bonaire\" \/>\n<meta property=\"article:publisher\" content=\"https:\/\/www.facebook.com\/buddydiveresort\" \/>\n<meta property=\"article:modified_time\" content=\"2025-07-03T09:53:12+00:00\" \/>\n<meta name=\"twitter:card\" content=\"summary_large_image\" \/>\n<meta name=\"twitter:site\" content=\"@buddydive\" \/>\n<meta name=\"twitter:label1\" content=\"Tiempo de lectura\" \/>\n\t<meta name=\"twitter:data1\" content=\"1 minuto\" \/>\n<script type=\"application\/ld+json\" class=\"yoast-schema-graph\">{\"@context\":\"https:\\\/\\\/schema.org\",\"@graph\":[{\"@type\":\"WebPage\",\"@id\":\"https:\\\/\\\/buddydive.com\\\/es\\\/preguntas-frecuentes\\\/politica-de-cancelacion\\\/\",\"url\":\"https:\\\/\\\/buddydive.com\\\/es\\\/preguntas-frecuentes\\\/politica-de-cancelacion\\\/\",\"name\":\"Pol\u00edtica de cancelaci\u00f3n - Buddy Dive Bonaire\",\"isPartOf\":{\"@id\":\"https:\\\/\\\/buddydive.com\\\/es\\\/#website\"},\"datePublished\":\"2025-07-03T09:51:18+00:00\",\"dateModified\":\"2025-07-03T09:53:12+00:00\",\"description\":\"Pol\u00edtica de cancelaci\u00f3n de Buddy Dive Resorts\",\"breadcrumb\":{\"@id\":\"https:\\\/\\\/buddydive.com\\\/es\\\/preguntas-frecuentes\\\/politica-de-cancelacion\\\/#breadcrumb\"},\"inLanguage\":\"es\",\"potentialAction\":[{\"@type\":\"ReadAction\",\"target\":[\"https:\\\/\\\/buddydive.com\\\/es\\\/preguntas-frecuentes\\\/politica-de-cancelacion\\\/\"]}]},{\"@type\":\"BreadcrumbList\",\"@id\":\"https:\\\/\\\/buddydive.com\\\/es\\\/preguntas-frecuentes\\\/politica-de-cancelacion\\\/#breadcrumb\",\"itemListElement\":[{\"@type\":\"ListItem\",\"position\":1,\"name\":\"Home\",\"item\":\"https:\\\/\\\/buddydive.com\\\/es\\\/\"},{\"@type\":\"ListItem\",\"position\":2,\"name\":\"Preguntas frecuentes\",\"item\":\"https:\\\/\\\/buddydive.com\\\/es\\\/preguntas-frecuentes\\\/\"},{\"@type\":\"ListItem\",\"position\":3,\"name\":\"Pol\u00edtica de cancelaci\u00f3n\"}]},{\"@type\":\"WebSite\",\"@id\":\"https:\\\/\\\/buddydive.com\\\/es\\\/#website\",\"url\":\"https:\\\/\\\/buddydive.com\\\/es\\\/\",\"name\":\"Buddy Dive Bonaire\",\"description\":\"My WordPress Blog\",\"potentialAction\":[{\"@type\":\"SearchAction\",\"target\":{\"@type\":\"EntryPoint\",\"urlTemplate\":\"https:\\\/\\\/buddydive.com\\\/es\\\/?s={search_term_string}\"},\"query-input\":{\"@type\":\"PropertyValueSpecification\",\"valueRequired\":true,\"valueName\":\"search_term_string\"}}],\"inLanguage\":\"es\"}]}<\/script>\n<!-- \/ Yoast SEO plugin. -->","yoast_head_json":{"title":"Pol\u00edtica de cancelaci\u00f3n - Buddy Dive Bonaire","description":"Pol\u00edtica de cancelaci\u00f3n de Buddy Dive Resorts","robots":{"index":"index","follow":"follow","max-snippet":"max-snippet:-1","max-image-preview":"max-image-preview:large","max-video-preview":"max-video-preview:-1"},"canonical":"https:\/\/buddydive.com\/es\/preguntas-frecuentes\/politica-de-cancelacion\/","og_locale":"es_ES","og_type":"article","og_title":"Pol\u00edtica de cancelaci\u00f3n - Buddy Dive Bonaire","og_description":"Pol\u00edtica de cancelaci\u00f3n de Buddy Dive Resorts","og_url":"https:\/\/buddydive.com\/es\/preguntas-frecuentes\/politica-de-cancelacion\/","og_site_name":"Buddy Dive Bonaire","article_publisher":"https:\/\/www.facebook.com\/buddydiveresort","article_modified_time":"2025-07-03T09:53:12+00:00","twitter_card":"summary_large_image","twitter_site":"@buddydive","twitter_misc":{"Tiempo de lectura":"1 minuto"},"schema":{"@context":"https:\/\/schema.org","@graph":[{"@type":"WebPage","@id":"https:\/\/buddydive.com\/es\/preguntas-frecuentes\/politica-de-cancelacion\/","url":"https:\/\/buddydive.com\/es\/preguntas-frecuentes\/politica-de-cancelacion\/","name":"Pol\u00edtica de cancelaci\u00f3n - Buddy Dive Bonaire","isPartOf":{"@id":"https:\/\/buddydive.com\/es\/#website"},"datePublished":"2025-07-03T09:51:18+00:00","dateModified":"2025-07-03T09:53:12+00:00","description":"Pol\u00edtica de cancelaci\u00f3n de Buddy Dive Resorts","breadcrumb":{"@id":"https:\/\/buddydive.com\/es\/preguntas-frecuentes\/politica-de-cancelacion\/#breadcrumb"},"inLanguage":"es","potentialAction":[{"@type":"ReadAction","target":["https:\/\/buddydive.com\/es\/preguntas-frecuentes\/politica-de-cancelacion\/"]}]},{"@type":"BreadcrumbList","@id":"https:\/\/buddydive.com\/es\/preguntas-frecuentes\/politica-de-cancelacion\/#breadcrumb","itemListElement":[{"@type":"ListItem","position":1,"name":"Home","item":"https:\/\/buddydive.com\/es\/"},{"@type":"ListItem","position":2,"name":"Preguntas frecuentes","item":"https:\/\/buddydive.com\/es\/preguntas-frecuentes\/"},{"@type":"ListItem","position":3,"name":"Pol\u00edtica de cancelaci\u00f3n"}]},{"@type":"WebSite","@id":"https:\/\/buddydive.com\/es\/#website","url":"https:\/\/buddydive.com\/es\/","name":"Buddy Dive Bonaire","description":"My WordPress Blog","potentialAction":[{"@type":"SearchAction","target":{"@type":"EntryPoint","urlTemplate":"https:\/\/buddydive.com\/es\/?s={search_term_string}"},"query-input":{"@type":"PropertyValueSpecification","valueRequired":true,"valueName":"search_term_string"}}],"inLanguage":"es"}]}},"_links":{"self":[{"href":"https:\/\/buddydive.com\/es\/wp-json\/wp\/v2\/pages\/32304","targetHints":{"allow":["GET"]}}],"collection":[{"href":"https:\/\/buddydive.com\/es\/wp-json\/wp\/v2\/pages"}],"about":[{"href":"https:\/\/buddydive.com\/es\/wp-json\/wp\/v2\/types\/page"}],"author":[{"embeddable":true,"href":"https:\/\/buddydive.com\/es\/wp-json\/wp\/v2\/users\/2"}],"replies":[{"embeddable":true,"href":"https:\/\/buddydive.com\/es\/wp-json\/wp\/v2\/comments?post=32304"}],"version-history":[{"count":1,"href":"https:\/\/buddydive.com\/es\/wp-json\/wp\/v2\/pages\/32304\/revisions"}],"predecessor-version":[{"id":32494,"href":"https:\/\/buddydive.com\/es\/wp-json\/wp\/v2\/pages\/32304\/revisions\/32494"}],"up":[{"embeddable":true,"href":"https:\/\/buddydive.com\/es\/wp-json\/wp\/v2\/pages\/32492"}],"wp:attachment":[{"href":"https:\/\/buddydive.com\/es\/wp-json\/wp\/v2\/media?parent=32304"}],"curies":[{"name":"wp","href":"https:\/\/api.w.org\/{rel}","templated":true}]}}