{"id":32295,"date":"2025-07-03T09:51:16","date_gmt":"2025-07-03T09:51:16","guid":{"rendered":"https:\/\/buddydive.com\/tu-kit-de-medios-de-comunicacion-de-buddies\/"},"modified":"2026-03-30T11:23:28","modified_gmt":"2026-03-30T11:23:28","slug":"tu-kit-de-medios-de-comunicacion-de-buddies","status":"publish","type":"page","link":"https:\/\/buddydive.com\/es\/tu-kit-de-medios-de-comunicacion-de-buddies\/","title":{"rendered":"Tu kit de medios de comunicaci\u00f3n de Buddies"},"content":{"rendered":"<div class=\"wpb-content-wrapper\">[vc_row][vc_column][vc_column_text css=\u00bb\u00bb]\n<h1 class=\"text-uppercase\" style=\"text-align: center;\">Kit de medios de comunicaci\u00f3n de <small>tus buddies<br \/>\n<\/small><\/h1>\n<h4><\/h4>\n<p>Descarga nuestro kit de medios de comunicaci\u00f3n para promocionar tu viaje (en grupo) a Buddy Dive Resort Bonaire. Para cualquier consulta relacionada con el marketing, ponte en contacto con marketing@buddydive.com.[\/vc_column_text][vc_btn title=\u00bbDescarga nuestro kit de medios de comunicaci\u00f3n\u00bb align=\u00bbcenter\u00bb css=\u00bb\u00bb link=\u00bburl:https%3A%2F%2Fdrive.google.com%2Fdrive%2Ffolders%2F1KLXgU0WiIW4bM82t2fE0NYt_YqEi3gMp%3Fusp%3Ddrive_link|target:_blank|\u00bb][\/vc_column][\/vc_row][vc_row][vc_column][vc_gallery images=\u00bb32297,32298,32299,32301&#8243; img_size=\u00bbfull\u00bb css=\u00bb\u00bb columns=\u00bb4&#8243;][\/vc_column][\/vc_row]\n<\/div>","protected":false},"excerpt":{"rendered":"<p>[vc_row][vc_column][vc_column_text css=\u00bb\u00bb] Kit de medios de comunicaci\u00f3n de tus buddies Descarga nuestro kit de medios de comunicaci\u00f3n para promocionar tu [&hellip;]<\/p>\n","protected":false},"author":2,"featured_media":0,"parent":0,"menu_order":0,"comment_status":"closed","ping_status":"closed","template":"","meta":{"footnotes":""},"class_list":["post-32295","page","type-page","status-publish","hentry"],"yoast_head":"<!-- This site is optimized with the Yoast SEO plugin v27.4 - https:\/\/yoast.com\/product\/yoast-seo-wordpress\/ -->\n<title>Tu kit de medios de comunicaci\u00f3n de Buddies - Buddy Dive Bonaire<\/title>\n<meta name=\"description\" content=\"Promociona tu viaje a Buddy Dive Bonaire: descarga el kit de medios con im\u00e1genes, v\u00eddeos y m\u00e1s.\" \/>\n<meta name=\"robots\" content=\"index, follow, max-snippet:-1, max-image-preview:large, max-video-preview:-1\" \/>\n<link rel=\"canonical\" href=\"https:\/\/buddydive.com\/es\/tu-kit-de-medios-de-comunicacion-de-buddies\/\" \/>\n<meta property=\"og:locale\" content=\"es_ES\" \/>\n<meta property=\"og:type\" content=\"article\" \/>\n<meta property=\"og:title\" content=\"Tu kit de medios de comunicaci\u00f3n de Buddies - Buddy Dive Bonaire\" \/>\n<meta property=\"og:description\" content=\"Promociona tu viaje a Buddy Dive Bonaire: descarga el kit de medios con im\u00e1genes, v\u00eddeos y m\u00e1s.\" \/>\n<meta property=\"og:url\" content=\"https:\/\/buddydive.com\/es\/tu-kit-de-medios-de-comunicacion-de-buddies\/\" \/>\n<meta property=\"og:site_name\" content=\"Buddy Dive Bonaire\" \/>\n<meta property=\"article:publisher\" content=\"https:\/\/www.facebook.com\/buddydiveresort\" \/>\n<meta property=\"article:modified_time\" content=\"2026-03-30T11:23:28+00:00\" \/>\n<meta name=\"twitter:card\" content=\"summary_large_image\" \/>\n<meta name=\"twitter:site\" content=\"@buddydive\" \/>\n<meta name=\"twitter:label1\" content=\"Tiempo de lectura\" \/>\n\t<meta name=\"twitter:data1\" content=\"1 minuto\" \/>\n<script type=\"application\/ld+json\" class=\"yoast-schema-graph\">{\"@context\":\"https:\\\/\\\/schema.org\",\"@graph\":[{\"@type\":\"WebPage\",\"@id\":\"https:\\\/\\\/buddydive.com\\\/es\\\/tu-kit-de-medios-de-comunicacion-de-buddies\\\/\",\"url\":\"https:\\\/\\\/buddydive.com\\\/es\\\/tu-kit-de-medios-de-comunicacion-de-buddies\\\/\",\"name\":\"Tu kit de medios de comunicaci\u00f3n de Buddies - Buddy Dive Bonaire\",\"isPartOf\":{\"@id\":\"https:\\\/\\\/buddydive.com\\\/es\\\/#website\"},\"datePublished\":\"2025-07-03T09:51:16+00:00\",\"dateModified\":\"2026-03-30T11:23:28+00:00\",\"description\":\"Promociona tu viaje a Buddy Dive Bonaire: descarga el kit de medios con im\u00e1genes, v\u00eddeos y m\u00e1s.\",\"breadcrumb\":{\"@id\":\"https:\\\/\\\/buddydive.com\\\/es\\\/tu-kit-de-medios-de-comunicacion-de-buddies\\\/#breadcrumb\"},\"inLanguage\":\"es\",\"potentialAction\":[{\"@type\":\"ReadAction\",\"target\":[\"https:\\\/\\\/buddydive.com\\\/es\\\/tu-kit-de-medios-de-comunicacion-de-buddies\\\/\"]}]},{\"@type\":\"BreadcrumbList\",\"@id\":\"https:\\\/\\\/buddydive.com\\\/es\\\/tu-kit-de-medios-de-comunicacion-de-buddies\\\/#breadcrumb\",\"itemListElement\":[{\"@type\":\"ListItem\",\"position\":1,\"name\":\"Home\",\"item\":\"https:\\\/\\\/buddydive.com\\\/es\\\/\"},{\"@type\":\"ListItem\",\"position\":2,\"name\":\"Tu kit de medios de comunicaci\u00f3n de Buddies\"}]},{\"@type\":\"WebSite\",\"@id\":\"https:\\\/\\\/buddydive.com\\\/es\\\/#website\",\"url\":\"https:\\\/\\\/buddydive.com\\\/es\\\/\",\"name\":\"Buddy Dive Bonaire\",\"description\":\"My WordPress Blog\",\"potentialAction\":[{\"@type\":\"SearchAction\",\"target\":{\"@type\":\"EntryPoint\",\"urlTemplate\":\"https:\\\/\\\/buddydive.com\\\/es\\\/?s={search_term_string}\"},\"query-input\":{\"@type\":\"PropertyValueSpecification\",\"valueRequired\":true,\"valueName\":\"search_term_string\"}}],\"inLanguage\":\"es\"}]}<\/script>\n<!-- \/ Yoast SEO plugin. -->","yoast_head_json":{"title":"Tu kit de medios de comunicaci\u00f3n de Buddies - Buddy Dive Bonaire","description":"Promociona tu viaje a Buddy Dive Bonaire: descarga el kit de medios con im\u00e1genes, v\u00eddeos y m\u00e1s.","robots":{"index":"index","follow":"follow","max-snippet":"max-snippet:-1","max-image-preview":"max-image-preview:large","max-video-preview":"max-video-preview:-1"},"canonical":"https:\/\/buddydive.com\/es\/tu-kit-de-medios-de-comunicacion-de-buddies\/","og_locale":"es_ES","og_type":"article","og_title":"Tu kit de medios de comunicaci\u00f3n de Buddies - Buddy Dive Bonaire","og_description":"Promociona tu viaje a Buddy Dive Bonaire: descarga el kit de medios con im\u00e1genes, v\u00eddeos y m\u00e1s.","og_url":"https:\/\/buddydive.com\/es\/tu-kit-de-medios-de-comunicacion-de-buddies\/","og_site_name":"Buddy Dive Bonaire","article_publisher":"https:\/\/www.facebook.com\/buddydiveresort","article_modified_time":"2026-03-30T11:23:28+00:00","twitter_card":"summary_large_image","twitter_site":"@buddydive","twitter_misc":{"Tiempo de lectura":"1 minuto"},"schema":{"@context":"https:\/\/schema.org","@graph":[{"@type":"WebPage","@id":"https:\/\/buddydive.com\/es\/tu-kit-de-medios-de-comunicacion-de-buddies\/","url":"https:\/\/buddydive.com\/es\/tu-kit-de-medios-de-comunicacion-de-buddies\/","name":"Tu kit de medios de comunicaci\u00f3n de Buddies - Buddy Dive Bonaire","isPartOf":{"@id":"https:\/\/buddydive.com\/es\/#website"},"datePublished":"2025-07-03T09:51:16+00:00","dateModified":"2026-03-30T11:23:28+00:00","description":"Promociona tu viaje a Buddy Dive Bonaire: descarga el kit de medios con im\u00e1genes, v\u00eddeos y m\u00e1s.","breadcrumb":{"@id":"https:\/\/buddydive.com\/es\/tu-kit-de-medios-de-comunicacion-de-buddies\/#breadcrumb"},"inLanguage":"es","potentialAction":[{"@type":"ReadAction","target":["https:\/\/buddydive.com\/es\/tu-kit-de-medios-de-comunicacion-de-buddies\/"]}]},{"@type":"BreadcrumbList","@id":"https:\/\/buddydive.com\/es\/tu-kit-de-medios-de-comunicacion-de-buddies\/#breadcrumb","itemListElement":[{"@type":"ListItem","position":1,"name":"Home","item":"https:\/\/buddydive.com\/es\/"},{"@type":"ListItem","position":2,"name":"Tu kit de medios de comunicaci\u00f3n de Buddies"}]},{"@type":"WebSite","@id":"https:\/\/buddydive.com\/es\/#website","url":"https:\/\/buddydive.com\/es\/","name":"Buddy Dive Bonaire","description":"My WordPress Blog","potentialAction":[{"@type":"SearchAction","target":{"@type":"EntryPoint","urlTemplate":"https:\/\/buddydive.com\/es\/?s={search_term_string}"},"query-input":{"@type":"PropertyValueSpecification","valueRequired":true,"valueName":"search_term_string"}}],"inLanguage":"es"}]}},"_links":{"self":[{"href":"https:\/\/buddydive.com\/es\/wp-json\/wp\/v2\/pages\/32295","targetHints":{"allow":["GET"]}}],"collection":[{"href":"https:\/\/buddydive.com\/es\/wp-json\/wp\/v2\/pages"}],"about":[{"href":"https:\/\/buddydive.com\/es\/wp-json\/wp\/v2\/types\/page"}],"author":[{"embeddable":true,"href":"https:\/\/buddydive.com\/es\/wp-json\/wp\/v2\/users\/2"}],"replies":[{"embeddable":true,"href":"https:\/\/buddydive.com\/es\/wp-json\/wp\/v2\/comments?post=32295"}],"version-history":[{"count":6,"href":"https:\/\/buddydive.com\/es\/wp-json\/wp\/v2\/pages\/32295\/revisions"}],"predecessor-version":[{"id":37552,"href":"https:\/\/buddydive.com\/es\/wp-json\/wp\/v2\/pages\/32295\/revisions\/37552"}],"wp:attachment":[{"href":"https:\/\/buddydive.com\/es\/wp-json\/wp\/v2\/media?parent=32295"}],"curies":[{"name":"wp","href":"https:\/\/api.w.org\/{rel}","templated":true}]}}