{"id":9142,"date":"2020-10-23T09:57:45","date_gmt":"2020-10-23T09:57:45","guid":{"rendered":"https:\/\/buddydive.com\/?page_id=9142"},"modified":"2020-10-23T09:57:45","modified_gmt":"2020-10-23T09:57:45","slug":"der-idc-alles-was-sie-wissen-muessen","status":"publish","type":"page","link":"https:\/\/buddydive.com\/de\/tauchen\/instructor-entwicklung\/der-idc-alles-was-sie-wissen-muessen\/","title":{"rendered":"Der IDC &#8211; Alles, was Sie wissen m\u00fcssen"},"content":{"rendered":"<div class=\"wpb-content-wrapper\">[vc_row][vc_column][vc_column_text]\n<h2 class=\"text-uppercase\" style=\"text-align: center;\"><small>Der IDC<\/small>Alles, was Sie wissen m\u00fcssen<\/h2>\n<p>Haben Sie (oder stehen Sie kurz davor) die Entscheidung getroffen, PADI Instruktor zu werden? Herzliche Gl\u00fcckw\u00fcnsche! Sie haben eine lebensver\u00e4ndernde Entscheidung getroffen. Als PADI-Lehrer haben Sie die M\u00f6glichkeit, jeden Tag das zu tun, was Sie lieben, und an den sch\u00f6nsten Orten der Welt einen lustigen und lohnenden Job zu haben.<\/p>\n<p>Bevor Sie sich auf den Weg zum Ausbilder machen, m\u00f6chten wir Ihnen alles \u00fcber den Kurs erz\u00e4hlen, den Sie besuchen werden. Wenn Sie nach dem Lesen weitere Fragen haben. Bitte wenden Sie sich an unsere Kursleiter. Sie helfen Ihnen gerne weiter.[\/vc_column_text][vc_separator][vc_column_text]<strong>Der Instructor Development Course:<\/strong><\/p>\n<p>Der PADI Instructor Development Course (IDC) ist ein intensiver, aber unterhaltsamer zweiw\u00f6chiger Kurs. Der Kurs wird in (inter) aktiven Workshops eingerichtet, in denen Sie lernen, indem Sie etwas tun, anstatt in einem Klassenzimmer zuzuh\u00f6ren. Nach unserer Erfahrung ist dies der beste Weg, um sich darauf vorzubereiten, andere zu unterrichten und in die sch\u00f6ne Welt des Tauchens einzuf\u00fchren.<\/p>\n<p>Am ersten Tag des IDC treffen Sie Ihre IDC-Kandidaten und die Kursleiter. Die Kursleiter beginnen mit einer Kursorientierung. eine Pr\u00e4sentation dar\u00fcber, was Sie in den n\u00e4chsten 2 Wochen tun werden.<\/p>\n<p>Nach der Pr\u00e4sentation ist es Zeit, nass zu werden. Sie beginnen im Pool mit der 24-Skills-Runde. Wenn Sie dies am ersten Tag tun, wissen Sie, auf welchem \u200b\u200bNiveau Sie sich befinden und woran Sie m\u00f6glicherweise vor der Instructor Examination (IE) arbeiten m\u00fcssen. Nach dieser Pool-Sitzung legen Sie theoretische Pr\u00fcfungen ab, um herauszufinden, auf welcher Ebene Sie sich befinden und woran Sie vor dem IE arbeiten m\u00fcssen. Die Kursleiter sorgen daf\u00fcr, dass Sie auf dem richtigen Niveau sind, und helfen Ihnen bei den Teilen, mit denen Sie m\u00f6glicherweise zu k\u00e4mpfen haben.<\/p>\n<p>In den folgenden Tagen werden Sie ermutigt, als Ausbilder zu handeln und zu denken, indem Sie Workshops durchf\u00fchren, die intensiv sind, aber Spa\u00df machen! In Workshops lernen Sie, wie Sie die CESA unterrichten, absteigen, Knoten kn\u00fcpfen, suchen und sich erholen, aufr\u00fcsten und heben usw. In einem zus\u00e4tzlichen Workshop lernen Sie, wie Sie sich positionieren und Ihre Sch\u00fcler kontrollieren, w\u00e4hrend Sie eine Fertigkeit ausf\u00fchren ein Auge auf deine anderen Sch\u00fcler.<\/p>\n<p>Dar\u00fcber hinaus f\u00fchren Sie einen Rettungsworkshop durch, in dem Sie lernen, wie Sie Rettungsf\u00e4higkeiten vermitteln. Ein ernsthafter, aber lustiger Teil Ihres Kurses. Sie werden viel Lachen, aber auch intensive Momente mit Ihren Mitbewerbern teilen. Besonders wenn Sie das All-Inclusive-IDC buchen, verbringen Sie viel Zeit miteinander. Dies ist eine gute Chance, dass Sie im IDC Freunde f\u00fcrs Leben finden.<\/p>\n<p>Dar\u00fcber hinaus ist Buddy Dive Resorts Manager des Tauchgesch\u00e4fts; Augusto wird einen Vortrag dar\u00fcber halten, wie es ist, in der Tauchbranche zu arbeiten. Das Wissen und die Erfahrung unseres Tauchshop-Managers und Kursleiters sind ein sehr wertvoller Teil des IDC.[\/vc_column_text][vc_gallery images=&#8220;4750,5394,5393&#8243; img_size=&#8220;full&#8220; columns=&#8220;3&#8243;][vc_column_text]<strong>EFR Instructor Kurs:<br \/>\n<\/strong>Am letzten Tag des IDC. Sie lernen, wie Sie EFR unterrichten. F\u00e4higkeiten wie CPR in der Prim\u00e4rversorgung, Sekund\u00e4rversorgung und Betreuung von Kindern werden ge\u00fcbt, und Sie lernen, wie Sie sie anderen beibringen k\u00f6nnen.<\/p>\n<p><strong>Speziallehrerkurs f\u00fcr Nitrox (angereicherte Luft):<br \/>\n<\/strong>Nach dem IE haben Sie die M\u00f6glichkeit, den Nitrox-Speziallehrerkurs zu absolvieren (im All-inclusive-IDC und IDC-Abschluss enthalten). Dieser Kurs dauert nur 1 Tag und wir empfehlen dringend, ihn zu belegen. Es ist ein Kurs, den Sie als PADI-Lehrer viel unterrichten werden.<\/p>\n<p><strong>IE (Instruktorpr\u00fcfung):<br \/>\n<\/strong>Nach Ihrem IDC schlie\u00dfen Sie Ihre IE (Instructor Examination) ab. Dies ist ein zweit\u00e4giger Prozess zur objektiven Bewertung Ihrer F\u00e4higkeiten und Kenntnisse, die Sie w\u00e4hrend des IDC entwickelt haben. Diese Bewertung wird von einem unparteiischen Instructor Examiner durchgef\u00fchrt, der f\u00fcr PADI arbeitet.<br \/>\nDas Bestehen eines IE ist erforderlich, um PADI Open Water Scuba Instructor zu werden. Dies ist jedoch nicht der Hauptfokus, sondern ein Ergebnis der Vorbereitung. W\u00e4hrend Ihres IDC werden Sie auf Ihr Leben als Ausbilder vorbereitet. Dies bedeutet, dass der IE der einfachste Teil des Prozesses ist, um Ausbilder zu werden, wenn Sie die erforderlichen Anstrengungen in Ihr IDC investieren.[\/vc_column_text][\/vc_column][\/vc_row]\n<\/div>","protected":false},"excerpt":{"rendered":"<p>[vc_row][vc_column][vc_column_text] Der IDCAlles, was Sie wissen m\u00fcssen Haben Sie (oder stehen Sie kurz davor) die Entscheidung getroffen, PADI Instruktor zu [&hellip;]<\/p>\n","protected":false},"author":2,"featured_media":0,"parent":5389,"menu_order":0,"comment_status":"closed","ping_status":"closed","template":"","meta":{"footnotes":""},"class_list":["post-9142","page","type-page","status-publish","hentry"],"yoast_head":"<!-- This site is optimized with the Yoast SEO plugin v27.4 - https:\/\/yoast.com\/product\/yoast-seo-wordpress\/ -->\n<title>Der IDC - Alles, was Sie wissen m\u00fcssen - Buddy Dive Bonaire<\/title>\n<meta name=\"robots\" content=\"index, follow, max-snippet:-1, max-image-preview:large, max-video-preview:-1\" \/>\n<link rel=\"canonical\" href=\"https:\/\/buddydive.com\/de\/tauchen\/instructor-entwicklung\/der-idc-alles-was-sie-wissen-muessen\/\" \/>\n<meta property=\"og:locale\" content=\"de_DE\" \/>\n<meta property=\"og:type\" content=\"article\" \/>\n<meta property=\"og:title\" content=\"Der IDC - Alles, was Sie wissen m\u00fcssen - Buddy Dive Bonaire\" \/>\n<meta property=\"og:description\" content=\"[vc_row][vc_column][vc_column_text] Der IDCAlles, was Sie wissen m\u00fcssen Haben Sie (oder stehen Sie kurz davor) die Entscheidung getroffen, PADI Instruktor zu [&hellip;]\" \/>\n<meta property=\"og:url\" content=\"https:\/\/buddydive.com\/de\/tauchen\/instructor-entwicklung\/der-idc-alles-was-sie-wissen-muessen\/\" \/>\n<meta property=\"og:site_name\" content=\"Buddy Dive Bonaire\" \/>\n<meta property=\"article:publisher\" content=\"https:\/\/www.facebook.com\/buddydiveresort\" \/>\n<meta name=\"twitter:card\" content=\"summary_large_image\" \/>\n<meta name=\"twitter:site\" content=\"@buddydive\" \/>\n<meta name=\"twitter:label1\" content=\"Gesch\u00e4tzte Lesezeit\" \/>\n\t<meta name=\"twitter:data1\" content=\"4\u00a0Minuten\" \/>\n<script type=\"application\/ld+json\" class=\"yoast-schema-graph\">{\"@context\":\"https:\\\/\\\/schema.org\",\"@graph\":[{\"@type\":\"WebPage\",\"@id\":\"https:\\\/\\\/buddydive.com\\\/de\\\/tauchen\\\/instructor-entwicklung\\\/der-idc-alles-was-sie-wissen-muessen\\\/\",\"url\":\"https:\\\/\\\/buddydive.com\\\/de\\\/tauchen\\\/instructor-entwicklung\\\/der-idc-alles-was-sie-wissen-muessen\\\/\",\"name\":\"Der IDC - Alles, was Sie wissen m\u00fcssen - Buddy Dive Bonaire\",\"isPartOf\":{\"@id\":\"https:\\\/\\\/buddydive.com\\\/de\\\/#website\"},\"datePublished\":\"2020-10-23T09:57:45+00:00\",\"breadcrumb\":{\"@id\":\"https:\\\/\\\/buddydive.com\\\/de\\\/tauchen\\\/instructor-entwicklung\\\/der-idc-alles-was-sie-wissen-muessen\\\/#breadcrumb\"},\"inLanguage\":\"de\",\"potentialAction\":[{\"@type\":\"ReadAction\",\"target\":[\"https:\\\/\\\/buddydive.com\\\/de\\\/tauchen\\\/instructor-entwicklung\\\/der-idc-alles-was-sie-wissen-muessen\\\/\"]}]},{\"@type\":\"BreadcrumbList\",\"@id\":\"https:\\\/\\\/buddydive.com\\\/de\\\/tauchen\\\/instructor-entwicklung\\\/der-idc-alles-was-sie-wissen-muessen\\\/#breadcrumb\",\"itemListElement\":[{\"@type\":\"ListItem\",\"position\":1,\"name\":\"Home\",\"item\":\"https:\\\/\\\/buddydive.com\\\/de\\\/\"},{\"@type\":\"ListItem\",\"position\":2,\"name\":\"Tauchen\",\"item\":\"https:\\\/\\\/buddydive.com\\\/de\\\/diving\\\/\"},{\"@type\":\"ListItem\",\"position\":3,\"name\":\"Instructor Entwicklung\",\"item\":\"https:\\\/\\\/buddydive.com\\\/de\\\/diving\\\/instructor-development-course\\\/\"},{\"@type\":\"ListItem\",\"position\":4,\"name\":\"Der IDC &#8211; Alles, was Sie wissen m\u00fcssen\"}]},{\"@type\":\"WebSite\",\"@id\":\"https:\\\/\\\/buddydive.com\\\/de\\\/#website\",\"url\":\"https:\\\/\\\/buddydive.com\\\/de\\\/\",\"name\":\"Buddy Dive Bonaire\",\"description\":\"My WordPress Blog\",\"potentialAction\":[{\"@type\":\"SearchAction\",\"target\":{\"@type\":\"EntryPoint\",\"urlTemplate\":\"https:\\\/\\\/buddydive.com\\\/de\\\/?s={search_term_string}\"},\"query-input\":{\"@type\":\"PropertyValueSpecification\",\"valueRequired\":true,\"valueName\":\"search_term_string\"}}],\"inLanguage\":\"de\"}]}<\/script>\n<!-- \/ Yoast SEO plugin. -->","yoast_head_json":{"title":"Der IDC - Alles, was Sie wissen m\u00fcssen - Buddy Dive Bonaire","robots":{"index":"index","follow":"follow","max-snippet":"max-snippet:-1","max-image-preview":"max-image-preview:large","max-video-preview":"max-video-preview:-1"},"canonical":"https:\/\/buddydive.com\/de\/tauchen\/instructor-entwicklung\/der-idc-alles-was-sie-wissen-muessen\/","og_locale":"de_DE","og_type":"article","og_title":"Der IDC - Alles, was Sie wissen m\u00fcssen - Buddy Dive Bonaire","og_description":"[vc_row][vc_column][vc_column_text] Der IDCAlles, was Sie wissen m\u00fcssen Haben Sie (oder stehen Sie kurz davor) die Entscheidung getroffen, PADI Instruktor zu [&hellip;]","og_url":"https:\/\/buddydive.com\/de\/tauchen\/instructor-entwicklung\/der-idc-alles-was-sie-wissen-muessen\/","og_site_name":"Buddy Dive Bonaire","article_publisher":"https:\/\/www.facebook.com\/buddydiveresort","twitter_card":"summary_large_image","twitter_site":"@buddydive","twitter_misc":{"Gesch\u00e4tzte Lesezeit":"4\u00a0Minuten"},"schema":{"@context":"https:\/\/schema.org","@graph":[{"@type":"WebPage","@id":"https:\/\/buddydive.com\/de\/tauchen\/instructor-entwicklung\/der-idc-alles-was-sie-wissen-muessen\/","url":"https:\/\/buddydive.com\/de\/tauchen\/instructor-entwicklung\/der-idc-alles-was-sie-wissen-muessen\/","name":"Der IDC - Alles, was Sie wissen m\u00fcssen - Buddy Dive Bonaire","isPartOf":{"@id":"https:\/\/buddydive.com\/de\/#website"},"datePublished":"2020-10-23T09:57:45+00:00","breadcrumb":{"@id":"https:\/\/buddydive.com\/de\/tauchen\/instructor-entwicklung\/der-idc-alles-was-sie-wissen-muessen\/#breadcrumb"},"inLanguage":"de","potentialAction":[{"@type":"ReadAction","target":["https:\/\/buddydive.com\/de\/tauchen\/instructor-entwicklung\/der-idc-alles-was-sie-wissen-muessen\/"]}]},{"@type":"BreadcrumbList","@id":"https:\/\/buddydive.com\/de\/tauchen\/instructor-entwicklung\/der-idc-alles-was-sie-wissen-muessen\/#breadcrumb","itemListElement":[{"@type":"ListItem","position":1,"name":"Home","item":"https:\/\/buddydive.com\/de\/"},{"@type":"ListItem","position":2,"name":"Tauchen","item":"https:\/\/buddydive.com\/de\/diving\/"},{"@type":"ListItem","position":3,"name":"Instructor Entwicklung","item":"https:\/\/buddydive.com\/de\/diving\/instructor-development-course\/"},{"@type":"ListItem","position":4,"name":"Der IDC &#8211; Alles, was Sie wissen m\u00fcssen"}]},{"@type":"WebSite","@id":"https:\/\/buddydive.com\/de\/#website","url":"https:\/\/buddydive.com\/de\/","name":"Buddy Dive Bonaire","description":"My WordPress Blog","potentialAction":[{"@type":"SearchAction","target":{"@type":"EntryPoint","urlTemplate":"https:\/\/buddydive.com\/de\/?s={search_term_string}"},"query-input":{"@type":"PropertyValueSpecification","valueRequired":true,"valueName":"search_term_string"}}],"inLanguage":"de"}]}},"_links":{"self":[{"href":"https:\/\/buddydive.com\/de\/wp-json\/wp\/v2\/pages\/9142","targetHints":{"allow":["GET"]}}],"collection":[{"href":"https:\/\/buddydive.com\/de\/wp-json\/wp\/v2\/pages"}],"about":[{"href":"https:\/\/buddydive.com\/de\/wp-json\/wp\/v2\/types\/page"}],"author":[{"embeddable":true,"href":"https:\/\/buddydive.com\/de\/wp-json\/wp\/v2\/users\/2"}],"replies":[{"embeddable":true,"href":"https:\/\/buddydive.com\/de\/wp-json\/wp\/v2\/comments?post=9142"}],"version-history":[{"count":3,"href":"https:\/\/buddydive.com\/de\/wp-json\/wp\/v2\/pages\/9142\/revisions"}],"predecessor-version":[{"id":9145,"href":"https:\/\/buddydive.com\/de\/wp-json\/wp\/v2\/pages\/9142\/revisions\/9145"}],"up":[{"embeddable":true,"href":"https:\/\/buddydive.com\/de\/wp-json\/wp\/v2\/pages\/5389"}],"wp:attachment":[{"href":"https:\/\/buddydive.com\/de\/wp-json\/wp\/v2\/media?parent=9142"}],"curies":[{"name":"wp","href":"https:\/\/api.w.org\/{rel}","templated":true}]}}