{"id":5863,"date":"2020-01-12T21:35:10","date_gmt":"2020-01-12T21:35:10","guid":{"rendered":"https:\/\/buddydive.com\/?page_id=5863"},"modified":"2023-06-23T09:02:45","modified_gmt":"2023-06-23T09:02:45","slug":"faq","status":"publish","type":"page","link":"https:\/\/buddydive.com\/de\/faq\/","title":{"rendered":"F.A.Q."},"content":{"rendered":"<div class=\"wpb-content-wrapper\">[vc_row][vc_column width=&#8220;3\/4&#8243;][vc_column_text]\n<h1 class=\"text-uppercase\" style=\"text-align: center;\">Tauchen F.A.Q.<\/h1>\n[\/vc_column_text][vc_toggle title=&#8220;Wenn ich ein Tauchpaket kaufe, an welchem Tag kann ich mit dem Tauchen beginnen?&#8220;]Das h\u00e4ngt davon ab, zu welcher Tageszeit Ihr Flug ankommt. Die Bestimmungen des Bonaire Marine Park verlangen, dass Sie an einem Orientierungsprogramm teilnehmen, bevor Sie f\u00fcr Ihren ersten Tauchgang ins Wasser gehen. Bei Buddy Dive findet diese Orientierung jeden Tag um 9:00 und 14:00 Uhr statt. Wenn Ihr Flug also rechtzeitig ankommt, damit Sie an einer der beiden Orientierungen teilnehmen k\u00f6nnen, k\u00f6nnen Sie am Tag Ihrer Ankunft mit dem Tauchen beginnen. Dies w\u00fcrde als erster Tauchtag Ihres Tauchpakets gelten. Tauchpakete werden an aufeinanderfolgenden Kalendertagen berechnet und nicht an \u201e24-Stunden\u201c-Tagen. In den allermeisten F\u00e4llen nehmen Taucher, die mit Nachmittagsfl\u00fcgen ankommen, um 9:00 Uhr am n\u00e4chsten Morgen an der Orientierungsma\u00dfnahme teil.[\/vc_toggle][vc_toggle title=&#8220;Bieten Sie Nitrox an?&#8220;]Wir bieten Nitrox nicht nur an, sondern stellen es Ihnen auf unserem Dock und an unserer Luft-\/Nitrox-Tankstelle zur Verf\u00fcgung. Wenn Sie zertifiziert sind, k\u00f6nnen Sie es ohne Aufpreis nutzen. Wir bieten auch Nitrox Kurse an![\/vc_toggle][vc_toggle title=&#8220;Was sind die Abfahrtszeiten des Bootes?&#8220;]Wir bieten t\u00e4glich Bootstauchg\u00e4nge ab dem Buddy Dive Dock an. Es gibt t\u00e4glich um 8:10 Uhr einen 2-Tank-Bootstauchgang und um 14:15 Uhr einen 1-Tank-Bootstauchgang (au\u00dfer Samstag).<\/p>\n<p>Der Zeitplan kann der Nachfrage angepasst werden. Zus\u00e4tzliche Boote und Abfahrtszeiten k\u00f6nnen hinzugef\u00fcgt werden. Gef\u00fchrte Nacht- und Landtauchg\u00e4nge sind t\u00e4glich verf\u00fcgbar (auf Anfrage). Eine vorherige Anmeldung ist ein Muss.[\/vc_toggle][vc_toggle title=&#8220;Sind Gewichte, Bleigurte und Flaschen in den unbegrenzten Luftpaketen enthalten?&#8220;]Ja, sie sind in allen Tauchpaketen kostenlos enthalten.[\/vc_toggle][vc_toggle title=&#8220;Kann ich mehr als eine Flasche gleichzeitig zum Landtauchen mitnehmen?&#8220;]Ja, aber bedenken Sie unbedingt die Auswirkungen der hei\u00dfen Sonne auf die Tanks, die f\u00fcr l\u00e4ngere Zeit in Ihrem Fahrzeug verbleiben! Sie k\u00f6nnen bei jeder neuen Sammlung 2 Tanks pro Person aus unserem Drive Thru mitnehmen.[\/vc_toggle][vc_toggle title=&#8220;Was beinhaltet der &#8222;Orientierungstauchgang&#8222; und muss ich daran teilnehmen?&#8220;]Jeder muss es nehmen \u2013 aber wir garantieren Ihnen, dass Sie es genie\u00dfen werden! Der Bonaire Marine Park verlangt von allen Tauchern, die auf Bonaire ankommen, unabh\u00e4ngig von Erfahrungsniveau und Tauchh\u00e4ufigkeit, an einem Orientierungsprogramm teilzunehmen, bevor sie Boots- oder Landtauchg\u00e4nge au\u00dferhalb des Gel\u00e4ndes unternehmen. Nach einer kurzen Einf\u00fchrung in das Tauchen im Buddy Dive Center um 9:00 oder 14:00 Uhr; Sie machen einfach Ihre Ausr\u00fcstung bereit, steigen ins Wasser und machen Ihren Tariercheck. Unsere Mitarbeiter am Dock stehen Ihnen gerne zur Verf\u00fcgung, wenn Sie Gewichts- oder Ausr\u00fcstungsanpassungen vornehmen m\u00fcssen. Sobald Sie fertig sind, k\u00f6nnen Sie und Ihr Kumpel einen angenehmen Tauchgang am wundersch\u00f6nen Buddy Reef unternehmen.[\/vc_toggle][vc_toggle title=&#8220;Muss ich einen Neoprenanzug tragen?&#8220;]Dies ist wahrscheinlich die am h\u00e4ufigsten gestellte Frage, aber am schwierigsten zu beantworten, da jeder anders auf die Temperatur reagiert. Als Faustregel gilt, dass Sie in den Wintermonaten mit einer Wassertemperatur von \u00b126 &#8211; 27 \u00b0C rechnen sollten. Die meisten Leute werden feststellen, dass sie sich in einem 3 mm Neoprenanzug am wohlsten f\u00fchlen, oder vielleicht in einem 2 mm f\u00fcr Warmbl\u00fcter. In den Sommer- und Herbstmonaten k\u00f6nnen Temperaturen in der N\u00e4he von 82 \u2013 85 \u00b0 F (\u00b1 28 \u2013 29 \u00b0 C) auftreten. W\u00e4hrend dieser Zeit k\u00f6nnen die meisten Leute bequem Shorties, 2 mm Neoprenanz\u00fcge oder Tauchfelle tragen.[\/vc_toggle][vc_toggle title=&#8220;Was k\u00f6nnen meine Kinder tun, w\u00e4hrend ich tauche?&#8220;]Wir k\u00f6nnen eine Reihe von Programmen arrangieren, von Babysitting \u00fcber ein spezielles Schnorchelprogramm f\u00fcr Kinder bis hin zu Schnuppertauchkursen! Sehen Sie sich unsere Seite zum Tauchen f\u00fcr Kinder an oder kontaktieren Sie uns, um weitere Informationen zu erhalten oder Ihre gew\u00fcnschten Aktivit\u00e4ten im Voraus zu buchen.[\/vc_toggle][vc_toggle title=&#8220;Kann ich meine Batterien f\u00fcr mein Tauchlicht und meinen Kamerablitz sicher aufladen?&#8220;]Der Strom aus den meisten Steckdosen in Ihrem Zimmer betr\u00e4gt 127 Volt bei 50\/60 Zyklen (Hz) und 220 Volt 50 Zyklen in der K\u00fcche. Leider entspricht dies nicht dem Strombedarf der meisten europ\u00e4ischen oder amerikanischen Ger\u00e4te. Daher raten wir davon ab, die Steckdosen in Ihrer Wohnung f\u00fcr sensible Stecker wie Laptops und Akkuladungen zu nutzen. Sie k\u00f6nnen Ihre Ladeger\u00e4te jedoch an der Rezeption an eine Steckdosenleiste anschlie\u00dfen, die durch einen Transformator vor Schwankungen gesch\u00fctzt ist.[\/vc_toggle][vc_column_text]\n<h2 class=\"text-uppercase\" style=\"text-align: center;\">General Interest F.A.Q.<\/h2>\n[\/vc_column_text][vc_toggle title=&#8220;Wo ist Bonaire \u00fcberhaupt?&#8220;]Bonaire liegt mit den Nachbarinseln Aruba &amp; Curacao etwa 80 km n\u00f6rdlich der K\u00fcste Venezuelas in der s\u00fcdlichen Karibik au\u00dferhalb des Hurrikang\u00fcrtels.[\/vc_toggle][vc_toggle title=&#8220;Wo befindet sich Buddy Dive auf der Insel?&#8220;]Wir befinden uns 8 km\/5 m n\u00f6rdlich des Flughafens und etwa 3 km\/2 m n\u00f6rdlich der Hauptstadt Kralendijk.[\/vc_toggle][vc_toggle title=&#8220;Hast du einen Strand?&#8220;]Ja, wir haben zwei Bereiche, aber es handelt sich um erh\u00f6hte Sandstr\u00e4nde und nicht auf Wasserniveau, obwohl Sie \u00fcber eine Leiter oder Treppe leicht ins Wasser gelangen, die zu unserem gesch\u00fctzten Schwimm- und Schnorchelbereich f\u00fchrt.[\/vc_toggle][vc_toggle title=&#8220;Brauche ich ein Auto, um in Bonaire herumzukommen?&#8220;]Sie brauchen kein Auto speziell, aber wenn Sie an Landtauchen interessiert sind oder die Vielfalt unserer sch\u00f6nen Insel sehen m\u00f6chten, werden Sie eines haben wollen. Viele unserer Pakete beinhalten ein Fahrzeug aus unserer eigenen Mietflotte. \u00d6ffentliche Verkehrsmittel sind auf Bonaire nicht verf\u00fcgbar.[\/vc_toggle][vc_toggle title=&#8220;Gibt es W\u00e4schem\u00f6glichkeiten auf dem Grundst\u00fcck?&#8220;]Nein, wir haben keine W\u00e4schem\u00f6glichkeiten auf dem Grundst\u00fcck. Wenn Sie w\u00e4hrend Ihres Aufenthalts W\u00e4sche waschen m\u00f6chten, wenden Sie sich bitte an die Rezeption, um die entsprechenden Optionen zu erfahren.[\/vc_toggle][vc_toggle title=&#8220;Ist ein Lebensmittelgesch\u00e4ft zu Fu\u00df erreichbar?&#8220;]Ein kleiner Supermarkt ist zu Fu\u00df erreichbar und gr\u00f6\u00dfere Lebensmittelgesch\u00e4fte erreichen Sie in 5 Fahrminuten.[\/vc_toggle][vc_toggle title=&#8220;Gibt es Telefone im Zimmer?&#8220;]Nein, aber Sie erreichen unsere Rezeption ganz einfach \u00fcber unseren digitalen Buttler auf Whatsapp.[\/vc_toggle][vc_toggle title=&#8220;Steht den G\u00e4sten ein Internetzugang zur Verf\u00fcgung?&#8220;]An ausgew\u00e4hlten Standorten im Resort k\u00f6nnen Sie unsere offenen WLAN-Dienste nutzen.[\/vc_toggle][vc_toggle title=&#8220;Wie w\u00e4re es mit Haartrocknern?&#8220;]Wir haben eine begrenzte Anzahl zur Verf\u00fcgung \u2013 bitte fordern Sie eine an der Rezeption an\u2026 oder unsere konstanten Passatwinde erledigen die Arbeit f\u00fcr Sie im Handumdrehen![\/vc_toggle][vc_toggle title=&#8220;Kann f\u00fcr meine Kinder ein Zustellbett in meine Wohnung gebracht werden oder m\u00fcssen sie im eigenen Zimmer \u00fcbernachten?&#8220;]In unseren Apartments k\u00f6nnen wir ein Zustellbett oder ein Babybett aufstellen. Bitte beachten Sie, dass in unseren Studios keine Zustellbetten m\u00f6glich sind. F\u00fcr Zustellbetten f\u00fcr Personen, die zum Zeitpunkt der Reise 13 Jahre oder \u00e4lter sind, fallen Aufpreise an. Bitte treffen Sie diese Vorkehrungen bei der Buchung des Zimmers, damit wir sicherstellen k\u00f6nnen, dass das Bett vor der Ankunft im Zimmer steht. Das Bett auf Rollen wird im Wohnbereich des Apartments aufgestellt.[\/vc_toggle][vc_toggle title=&#8220;Wie lauten die Stornierungsbedingungen?&#8220;]\n<p class=\"xmsonormal\">Stornierungsbedingungen<br \/>\nAnzahlungen sind nicht erstattungsf\u00e4hig<br \/>\n60 \u2013 29 Tage vor Anreise: 25 % der Reservierung sind nicht erstattungsf\u00e4hig<br \/>\n28 \u2013 15 Tage vor Anreise: 50 % der Reservierung sind nicht erstattungsf\u00e4hig<br \/>\n14 \u2013 1 Tage vor Anreise: 75 % der Reservierung sind nicht erstattungsf\u00e4hig<br \/>\nTag der Ankunft 100 % der Reservierung sind nicht erstattungsf\u00e4hig<br \/>\n<em>Um unn\u00f6tige Stornierungsgeb\u00fchren und -kosten zu vermeiden, empfehlen wir allen Kunden dringend, eine Reiseversicherung abzuschlie\u00dfen.<\/em><\/p>\n[\/vc_toggle][\/vc_column][vc_column width=&#8220;1\/4&#8243;][vc_cta h2=&#8220;Ihre Frage ist nicht aufgef\u00fchrt?&#8220; txt_align=&#8220;center&#8220;]\n<h3 style=\"text-align: center;\"><img loading=\"lazy\" decoding=\"async\" class=\"aligncenter wp-image-3763 size-thumbnail\" src=\"https:\/\/buddydive.com\/wp-content\/uploads\/2019\/09\/Call-icon-150x150.png\" alt=\"\" width=\"150\" height=\"150\" srcset=\"https:\/\/buddydive.com\/wp-content\/uploads\/2019\/09\/Call-icon-150x150.png 150w, https:\/\/buddydive.com\/wp-content\/uploads\/2019\/09\/Call-icon-300x300.png 300w, https:\/\/buddydive.com\/wp-content\/uploads\/2019\/09\/Call-icon-100x100.png 100w, https:\/\/buddydive.com\/wp-content\/uploads\/2019\/09\/Call-icon.png 379w\" sizes=\"auto, (max-width: 150px) 100vw, 150px\" \/><br \/>\n<a href=\"http:\/\/www.buddydive.com\/contact\" target=\"_blank\" rel=\"noopener noreferrer\">Kontaktiere uns!<\/a><\/h3>\n[\/vc_cta][\/vc_column][\/vc_row][vc_row][vc_column][vc_column_text]\n<h2 style=\"text-align: center;\">Know Before You Go<\/h2>\n<p>&nbsp;<\/p>\n<p>Um Ihnen die Vorbereitungen f\u00fcr Ihren Urlaub auf Bonaire so einfach wie m\u00f6glich zu machen, haben wir f\u00fcr Sie eine \u201eKnow Before You Go\u201c-Datei zusammengestellt. Sollten Sie nach der Lekt\u00fcre dieser Datei noch Fragen haben, z\u00f6gern Sie bitte nicht, uns zu kontaktieren.[\/vc_column_text][\/vc_column][\/vc_row][vc_row][vc_column width=&#8220;1\/3&#8243;][vc_btn title=&#8220;Know Before You Go &#8211; English&#8220; link=&#8220;url:https%3A%2F%2Fbuddydive.com%2Fwp-content%2Fuploads%2F2023%2F06%2FBDR-KBYG-2023-compressed.pdf|target:_blank|&#8220;][\/vc_column][vc_column width=&#8220;1\/3&#8243;][vc_btn title=&#8220;Know Before You Go &#8211; Dutch&#8220; link=&#8220;url:https%3A%2F%2Fbuddydive.com%2Fwp-content%2Fuploads%2F2023%2F06%2FBDR-KBYG-2023-DUTCH-compressed.pdf|target:_blank|&#8220;][\/vc_column][vc_column width=&#8220;1\/3&#8243;][vc_btn title=&#8220;Know Before You Go &#8211; Spanish&#8220; link=&#8220;url:https%3A%2F%2Fbuddydive.com%2Fwp-content%2Fuploads%2F2023%2F06%2FBDR-KBYG-2023-SPANISH-compressed.pdf|target:_blank|&#8220;][\/vc_column][\/vc_row][vc_row][vc_column width=&#8220;1\/3&#8243;][vc_btn title=&#8220;Know Before You Go &#8211; Portuguese&#8220; link=&#8220;url:https%3A%2F%2Fbuddydive.com%2Fwp-content%2Fuploads%2F2023%2F06%2FBDR-KBYG-2023-PORTUGESE-compressed.pdf|target:_blank|&#8220;][\/vc_column][vc_column width=&#8220;1\/3&#8243;][vc_btn title=&#8220;Know Before You Go &#8211; German&#8220; link=&#8220;url:https%3A%2F%2Fbuddydive.com%2Fwp-content%2Fuploads%2F2023%2F06%2FBDR-KBYG-2023-GERMAN-compressed.pdf|target:_blank|&#8220;][\/vc_column][vc_column width=&#8220;1\/3&#8243;][vc_btn title=&#8220;Know Before You Go &#8211; French&#8220; link=&#8220;url:https%3A%2F%2Fbuddydive.com%2Fwp-content%2Fuploads%2F2023%2F06%2FBDR-KBYG-2023-FRENCH-compressed.pdf|&#8220;][\/vc_column][\/vc_row]\n<\/div>","protected":false},"excerpt":{"rendered":"<p>[vc_row][vc_column width=&#8220;3\/4&#8243;][vc_column_text] Tauchen F.A.Q. [\/vc_column_text][vc_toggle title=&#8220;Wenn ich ein Tauchpaket kaufe, an welchem Tag kann ich mit dem Tauchen beginnen?&#8220;]Das h\u00e4ngt [&hellip;]<\/p>\n","protected":false},"author":1,"featured_media":0,"parent":0,"menu_order":0,"comment_status":"closed","ping_status":"closed","template":"","meta":{"footnotes":""},"class_list":["post-5863","page","type-page","status-publish","hentry"],"yoast_head":"<!-- This site is optimized with the Yoast SEO plugin v27.4 - https:\/\/yoast.com\/product\/yoast-seo-wordpress\/ -->\n<title>H\u00e4ufig gestellte Fragen zu Buddy Dive - Buddy Dive Resort Bonaire<\/title>\n<meta name=\"description\" content=\"Hier finden Sie Antworten auf h\u00e4ufig gestellte Fragen\" \/>\n<meta name=\"robots\" content=\"index, follow, max-snippet:-1, max-image-preview:large, max-video-preview:-1\" \/>\n<link rel=\"canonical\" href=\"https:\/\/buddydive.com\/de\/faq\/\" \/>\n<meta property=\"og:locale\" content=\"de_DE\" \/>\n<meta property=\"og:type\" content=\"article\" \/>\n<meta property=\"og:title\" content=\"H\u00e4ufig gestellte Fragen zu Buddy Dive - Buddy Dive Resort Bonaire\" \/>\n<meta property=\"og:description\" content=\"Hier finden Sie Antworten auf h\u00e4ufig gestellte Fragen\" \/>\n<meta property=\"og:url\" content=\"https:\/\/buddydive.com\/de\/faq\/\" \/>\n<meta property=\"og:site_name\" content=\"Buddy Dive Bonaire\" \/>\n<meta property=\"article:publisher\" content=\"https:\/\/www.facebook.com\/buddydiveresort\" \/>\n<meta property=\"article:modified_time\" content=\"2023-06-23T09:02:45+00:00\" \/>\n<meta property=\"og:image\" content=\"https:\/\/buddydive.com\/wp-content\/uploads\/2019\/09\/Call-icon-150x150.png\" \/>\n<meta name=\"twitter:card\" content=\"summary_large_image\" \/>\n<meta name=\"twitter:site\" content=\"@buddydive\" \/>\n<meta name=\"twitter:label1\" content=\"Gesch\u00e4tzte Lesezeit\" \/>\n\t<meta name=\"twitter:data1\" content=\"8\u00a0Minuten\" \/>\n<script type=\"application\/ld+json\" class=\"yoast-schema-graph\">{\"@context\":\"https:\\\/\\\/schema.org\",\"@graph\":[{\"@type\":\"WebPage\",\"@id\":\"https:\\\/\\\/buddydive.com\\\/de\\\/faq\\\/\",\"url\":\"https:\\\/\\\/buddydive.com\\\/de\\\/faq\\\/\",\"name\":\"H\u00e4ufig gestellte Fragen zu Buddy Dive - Buddy Dive Resort Bonaire\",\"isPartOf\":{\"@id\":\"https:\\\/\\\/buddydive.com\\\/de\\\/#website\"},\"primaryImageOfPage\":{\"@id\":\"https:\\\/\\\/buddydive.com\\\/de\\\/faq\\\/#primaryimage\"},\"image\":{\"@id\":\"https:\\\/\\\/buddydive.com\\\/de\\\/faq\\\/#primaryimage\"},\"thumbnailUrl\":\"https:\\\/\\\/buddydive.com\\\/wp-content\\\/uploads\\\/2019\\\/09\\\/Call-icon-150x150.png\",\"datePublished\":\"2020-01-12T21:35:10+00:00\",\"dateModified\":\"2023-06-23T09:02:45+00:00\",\"description\":\"Hier finden Sie Antworten auf h\u00e4ufig gestellte Fragen\",\"breadcrumb\":{\"@id\":\"https:\\\/\\\/buddydive.com\\\/de\\\/faq\\\/#breadcrumb\"},\"inLanguage\":\"de\",\"potentialAction\":[{\"@type\":\"ReadAction\",\"target\":[\"https:\\\/\\\/buddydive.com\\\/de\\\/faq\\\/\"]}]},{\"@type\":\"ImageObject\",\"inLanguage\":\"de\",\"@id\":\"https:\\\/\\\/buddydive.com\\\/de\\\/faq\\\/#primaryimage\",\"url\":\"https:\\\/\\\/buddydive.com\\\/wp-content\\\/uploads\\\/2019\\\/09\\\/Call-icon-150x150.png\",\"contentUrl\":\"https:\\\/\\\/buddydive.com\\\/wp-content\\\/uploads\\\/2019\\\/09\\\/Call-icon-150x150.png\"},{\"@type\":\"BreadcrumbList\",\"@id\":\"https:\\\/\\\/buddydive.com\\\/de\\\/faq\\\/#breadcrumb\",\"itemListElement\":[{\"@type\":\"ListItem\",\"position\":1,\"name\":\"Home\",\"item\":\"https:\\\/\\\/buddydive.com\\\/de\\\/\"},{\"@type\":\"ListItem\",\"position\":2,\"name\":\"F.A.Q.\"}]},{\"@type\":\"WebSite\",\"@id\":\"https:\\\/\\\/buddydive.com\\\/de\\\/#website\",\"url\":\"https:\\\/\\\/buddydive.com\\\/de\\\/\",\"name\":\"Buddy Dive Bonaire\",\"description\":\"My WordPress Blog\",\"potentialAction\":[{\"@type\":\"SearchAction\",\"target\":{\"@type\":\"EntryPoint\",\"urlTemplate\":\"https:\\\/\\\/buddydive.com\\\/de\\\/?s={search_term_string}\"},\"query-input\":{\"@type\":\"PropertyValueSpecification\",\"valueRequired\":true,\"valueName\":\"search_term_string\"}}],\"inLanguage\":\"de\"}]}<\/script>\n<!-- \/ Yoast SEO plugin. -->","yoast_head_json":{"title":"H\u00e4ufig gestellte Fragen zu Buddy Dive - Buddy Dive Resort Bonaire","description":"Hier finden Sie Antworten auf h\u00e4ufig gestellte Fragen","robots":{"index":"index","follow":"follow","max-snippet":"max-snippet:-1","max-image-preview":"max-image-preview:large","max-video-preview":"max-video-preview:-1"},"canonical":"https:\/\/buddydive.com\/de\/faq\/","og_locale":"de_DE","og_type":"article","og_title":"H\u00e4ufig gestellte Fragen zu Buddy Dive - Buddy Dive Resort Bonaire","og_description":"Hier finden Sie Antworten auf h\u00e4ufig gestellte Fragen","og_url":"https:\/\/buddydive.com\/de\/faq\/","og_site_name":"Buddy Dive Bonaire","article_publisher":"https:\/\/www.facebook.com\/buddydiveresort","article_modified_time":"2023-06-23T09:02:45+00:00","og_image":[{"url":"https:\/\/buddydive.com\/wp-content\/uploads\/2019\/09\/Call-icon-150x150.png","type":"","width":"","height":""}],"twitter_card":"summary_large_image","twitter_site":"@buddydive","twitter_misc":{"Gesch\u00e4tzte Lesezeit":"8\u00a0Minuten"},"schema":{"@context":"https:\/\/schema.org","@graph":[{"@type":"WebPage","@id":"https:\/\/buddydive.com\/de\/faq\/","url":"https:\/\/buddydive.com\/de\/faq\/","name":"H\u00e4ufig gestellte Fragen zu Buddy Dive - Buddy Dive Resort Bonaire","isPartOf":{"@id":"https:\/\/buddydive.com\/de\/#website"},"primaryImageOfPage":{"@id":"https:\/\/buddydive.com\/de\/faq\/#primaryimage"},"image":{"@id":"https:\/\/buddydive.com\/de\/faq\/#primaryimage"},"thumbnailUrl":"https:\/\/buddydive.com\/wp-content\/uploads\/2019\/09\/Call-icon-150x150.png","datePublished":"2020-01-12T21:35:10+00:00","dateModified":"2023-06-23T09:02:45+00:00","description":"Hier finden Sie Antworten auf h\u00e4ufig gestellte Fragen","breadcrumb":{"@id":"https:\/\/buddydive.com\/de\/faq\/#breadcrumb"},"inLanguage":"de","potentialAction":[{"@type":"ReadAction","target":["https:\/\/buddydive.com\/de\/faq\/"]}]},{"@type":"ImageObject","inLanguage":"de","@id":"https:\/\/buddydive.com\/de\/faq\/#primaryimage","url":"https:\/\/buddydive.com\/wp-content\/uploads\/2019\/09\/Call-icon-150x150.png","contentUrl":"https:\/\/buddydive.com\/wp-content\/uploads\/2019\/09\/Call-icon-150x150.png"},{"@type":"BreadcrumbList","@id":"https:\/\/buddydive.com\/de\/faq\/#breadcrumb","itemListElement":[{"@type":"ListItem","position":1,"name":"Home","item":"https:\/\/buddydive.com\/de\/"},{"@type":"ListItem","position":2,"name":"F.A.Q."}]},{"@type":"WebSite","@id":"https:\/\/buddydive.com\/de\/#website","url":"https:\/\/buddydive.com\/de\/","name":"Buddy Dive Bonaire","description":"My WordPress Blog","potentialAction":[{"@type":"SearchAction","target":{"@type":"EntryPoint","urlTemplate":"https:\/\/buddydive.com\/de\/?s={search_term_string}"},"query-input":{"@type":"PropertyValueSpecification","valueRequired":true,"valueName":"search_term_string"}}],"inLanguage":"de"}]}},"_links":{"self":[{"href":"https:\/\/buddydive.com\/de\/wp-json\/wp\/v2\/pages\/5863","targetHints":{"allow":["GET"]}}],"collection":[{"href":"https:\/\/buddydive.com\/de\/wp-json\/wp\/v2\/pages"}],"about":[{"href":"https:\/\/buddydive.com\/de\/wp-json\/wp\/v2\/types\/page"}],"author":[{"embeddable":true,"href":"https:\/\/buddydive.com\/de\/wp-json\/wp\/v2\/users\/1"}],"replies":[{"embeddable":true,"href":"https:\/\/buddydive.com\/de\/wp-json\/wp\/v2\/comments?post=5863"}],"version-history":[{"count":14,"href":"https:\/\/buddydive.com\/de\/wp-json\/wp\/v2\/pages\/5863\/revisions"}],"predecessor-version":[{"id":22480,"href":"https:\/\/buddydive.com\/de\/wp-json\/wp\/v2\/pages\/5863\/revisions\/22480"}],"wp:attachment":[{"href":"https:\/\/buddydive.com\/de\/wp-json\/wp\/v2\/media?parent=5863"}],"curies":[{"name":"wp","href":"https:\/\/api.w.org\/{rel}","templated":true}]}}