{"id":5847,"date":"2019-08-05T14:55:51","date_gmt":"2019-08-05T14:55:51","guid":{"rendered":"https:\/\/buddydive.com\/tauchen\/valet-diving\/"},"modified":"2021-10-27T13:36:14","modified_gmt":"2021-10-27T13:36:14","slug":"valet-tauchen","status":"publish","type":"page","link":"https:\/\/buddydive.com\/de\/tauchen\/valet-tauchen\/","title":{"rendered":"Valet Tauchen"},"content":{"rendered":"<div class=\"wpb-content-wrapper\">[vc_row][vc_column][vc_column_text css=&#8220;.vc_custom_1615899697415{padding-top: 15px !important;padding-right: 15px !important;padding-bottom: 15px !important;padding-left: 15px !important;background-color: rgba(239,239,239,0.9) !important;*background-color: rgb(239,239,239) !important;border-radius: 5px !important;}&#8220;]\n<h2 class=\"text-uppercase\" style=\"text-align: center;\"><small>Entdecken Sie mit Stil<\/small>Washinton Slagbaai Bootstauchausflug<\/h2>\n<p>Diese k\u00fcrzlich eingef\u00fchrte Reise f\u00fchrt Sie zu zwei Orten im ber\u00fchmten Washington Slagbaai National Park von Bonaire.<\/p>\n<p>Die Reise wird an Bord unserer neuesten Erg\u00e4nzung der Buddy-Tauchflotte durchgef\u00fchrt. die Big Buddy. Mit Platz f\u00fcr bis zu 40 Taucher und Crew bietet es genug Platz, um die Brise oben auf der Captains Fly Bridge zu genie\u00dfen oder im Schatten an Deck k\u00fchl zu bleiben.<\/p>\n<p>Die Washington Slagbaai Bootstauchreise ist eine Full-Service-Reise mit:<\/p>\n<ul>\n<li>Zwei 1-Tank-Tauchg\u00e4nge an 2 verschiedenen Tauchpl\u00e4tzen<\/li>\n<li>Frische Handt\u00fccher<\/li>\n<li>Wasser, hausgemachter Eistee, Snacks und frisches Obst sind w\u00e4hrend der gesamten Reise erh\u00e4ltlich<\/li>\n<li>Luft \/ Nitrox, Gewichte &amp; Gewichtsgurte<\/li>\n<\/ul>\n[\/vc_column_text][\/vc_column][\/vc_row][vc_row][vc_column width=&#8220;1\/2&#8243;][vc_column_text]\n<h2 style=\"text-align: center;\">Tauchpreise<\/h2>\n<p>Washington-Slagbaai-Reise 125\u00a0$<\/p>\n<p>Die Preise verstehen sich pro Person und beinhalten Gewichte &amp; Gewichtsgurte<br \/>\n[\/vc_column_text][\/vc_column][vc_column width=&#8220;1\/2&#8243;][vc_video link=&#8220;https:\/\/www.youtube.com\/watch?v=Ygqk0GE4XX0&#8243; align=&#8220;center&#8220;][\/vc_column][\/vc_row]\n<\/div>","protected":false},"excerpt":{"rendered":"<p>[vc_row][vc_column][vc_column_text css=&#8220;.vc_custom_1615899697415{padding-top: 15px !important;padding-right: 15px !important;padding-bottom: 15px !important;padding-left: 15px !important;background-color: rgba(239,239,239,0.9) !important;*background-color: rgb(239,239,239) !important;border-radius: 5px !important;}&#8220;] Entdecken Sie mit StilWashinton [&hellip;]<\/p>\n","protected":false},"author":1,"featured_media":0,"parent":5274,"menu_order":0,"comment_status":"closed","ping_status":"closed","template":"","meta":{"footnotes":""},"class_list":["post-5847","page","type-page","status-publish","hentry"],"yoast_head":"<!-- This site is optimized with the Yoast SEO plugin v27.4 - https:\/\/yoast.com\/product\/yoast-seo-wordpress\/ -->\n<title>Valet Tauchen mit Buddy Dive \u2013 Buddy Dive Resort Bonaire<\/title>\n<meta name=\"description\" content=\"Buchen Sie einen Valet Boat Tauchgang bei Buddy Dive und alles ist erledigt. Entspannen Sie sich und genie\u00dfen Sie die Bootsfahrt und Aussicht.\" \/>\n<meta name=\"robots\" content=\"index, follow, max-snippet:-1, max-image-preview:large, max-video-preview:-1\" \/>\n<link rel=\"canonical\" href=\"https:\/\/buddydive.com\/de\/tauchen\/valet-tauchen\/\" \/>\n<meta property=\"og:locale\" content=\"de_DE\" \/>\n<meta property=\"og:type\" content=\"article\" \/>\n<meta property=\"og:title\" content=\"Valet Tauchen mit Buddy Dive \u2013 Buddy Dive Resort Bonaire\" \/>\n<meta property=\"og:description\" content=\"Buchen Sie einen Valet Boat Tauchgang bei Buddy Dive und alles ist erledigt. Entspannen Sie sich und genie\u00dfen Sie die Bootsfahrt und Aussicht.\" \/>\n<meta property=\"og:url\" content=\"https:\/\/buddydive.com\/de\/tauchen\/valet-tauchen\/\" \/>\n<meta property=\"og:site_name\" content=\"Buddy Dive Bonaire\" \/>\n<meta property=\"article:publisher\" content=\"https:\/\/www.facebook.com\/buddydiveresort\" \/>\n<meta property=\"article:modified_time\" content=\"2021-10-27T13:36:14+00:00\" \/>\n<meta name=\"twitter:card\" content=\"summary_large_image\" \/>\n<meta name=\"twitter:site\" content=\"@buddydive\" \/>\n<meta name=\"twitter:label1\" content=\"Gesch\u00e4tzte Lesezeit\" \/>\n\t<meta name=\"twitter:data1\" content=\"1\u00a0Minute\" \/>\n<script type=\"application\/ld+json\" class=\"yoast-schema-graph\">{\"@context\":\"https:\\\/\\\/schema.org\",\"@graph\":[{\"@type\":\"WebPage\",\"@id\":\"https:\\\/\\\/buddydive.com\\\/de\\\/tauchen\\\/valet-tauchen\\\/\",\"url\":\"https:\\\/\\\/buddydive.com\\\/de\\\/tauchen\\\/valet-tauchen\\\/\",\"name\":\"Valet Tauchen mit Buddy Dive \u2013 Buddy Dive Resort Bonaire\",\"isPartOf\":{\"@id\":\"https:\\\/\\\/buddydive.com\\\/de\\\/#website\"},\"datePublished\":\"2019-08-05T14:55:51+00:00\",\"dateModified\":\"2021-10-27T13:36:14+00:00\",\"description\":\"Buchen Sie einen Valet Boat Tauchgang bei Buddy Dive und alles ist erledigt. Entspannen Sie sich und genie\u00dfen Sie die Bootsfahrt und Aussicht.\",\"breadcrumb\":{\"@id\":\"https:\\\/\\\/buddydive.com\\\/de\\\/tauchen\\\/valet-tauchen\\\/#breadcrumb\"},\"inLanguage\":\"de\",\"potentialAction\":[{\"@type\":\"ReadAction\",\"target\":[\"https:\\\/\\\/buddydive.com\\\/de\\\/tauchen\\\/valet-tauchen\\\/\"]}]},{\"@type\":\"BreadcrumbList\",\"@id\":\"https:\\\/\\\/buddydive.com\\\/de\\\/tauchen\\\/valet-tauchen\\\/#breadcrumb\",\"itemListElement\":[{\"@type\":\"ListItem\",\"position\":1,\"name\":\"Home\",\"item\":\"https:\\\/\\\/buddydive.com\\\/de\\\/\"},{\"@type\":\"ListItem\",\"position\":2,\"name\":\"Tauchen\",\"item\":\"https:\\\/\\\/buddydive.com\\\/de\\\/diving\\\/\"},{\"@type\":\"ListItem\",\"position\":3,\"name\":\"Valet Tauchen\"}]},{\"@type\":\"WebSite\",\"@id\":\"https:\\\/\\\/buddydive.com\\\/de\\\/#website\",\"url\":\"https:\\\/\\\/buddydive.com\\\/de\\\/\",\"name\":\"Buddy Dive Bonaire\",\"description\":\"My WordPress Blog\",\"potentialAction\":[{\"@type\":\"SearchAction\",\"target\":{\"@type\":\"EntryPoint\",\"urlTemplate\":\"https:\\\/\\\/buddydive.com\\\/de\\\/?s={search_term_string}\"},\"query-input\":{\"@type\":\"PropertyValueSpecification\",\"valueRequired\":true,\"valueName\":\"search_term_string\"}}],\"inLanguage\":\"de\"}]}<\/script>\n<!-- \/ Yoast SEO plugin. -->","yoast_head_json":{"title":"Valet Tauchen mit Buddy Dive \u2013 Buddy Dive Resort Bonaire","description":"Buchen Sie einen Valet Boat Tauchgang bei Buddy Dive und alles ist erledigt. Entspannen Sie sich und genie\u00dfen Sie die Bootsfahrt und Aussicht.","robots":{"index":"index","follow":"follow","max-snippet":"max-snippet:-1","max-image-preview":"max-image-preview:large","max-video-preview":"max-video-preview:-1"},"canonical":"https:\/\/buddydive.com\/de\/tauchen\/valet-tauchen\/","og_locale":"de_DE","og_type":"article","og_title":"Valet Tauchen mit Buddy Dive \u2013 Buddy Dive Resort Bonaire","og_description":"Buchen Sie einen Valet Boat Tauchgang bei Buddy Dive und alles ist erledigt. Entspannen Sie sich und genie\u00dfen Sie die Bootsfahrt und Aussicht.","og_url":"https:\/\/buddydive.com\/de\/tauchen\/valet-tauchen\/","og_site_name":"Buddy Dive Bonaire","article_publisher":"https:\/\/www.facebook.com\/buddydiveresort","article_modified_time":"2021-10-27T13:36:14+00:00","twitter_card":"summary_large_image","twitter_site":"@buddydive","twitter_misc":{"Gesch\u00e4tzte Lesezeit":"1\u00a0Minute"},"schema":{"@context":"https:\/\/schema.org","@graph":[{"@type":"WebPage","@id":"https:\/\/buddydive.com\/de\/tauchen\/valet-tauchen\/","url":"https:\/\/buddydive.com\/de\/tauchen\/valet-tauchen\/","name":"Valet Tauchen mit Buddy Dive \u2013 Buddy Dive Resort Bonaire","isPartOf":{"@id":"https:\/\/buddydive.com\/de\/#website"},"datePublished":"2019-08-05T14:55:51+00:00","dateModified":"2021-10-27T13:36:14+00:00","description":"Buchen Sie einen Valet Boat Tauchgang bei Buddy Dive und alles ist erledigt. Entspannen Sie sich und genie\u00dfen Sie die Bootsfahrt und Aussicht.","breadcrumb":{"@id":"https:\/\/buddydive.com\/de\/tauchen\/valet-tauchen\/#breadcrumb"},"inLanguage":"de","potentialAction":[{"@type":"ReadAction","target":["https:\/\/buddydive.com\/de\/tauchen\/valet-tauchen\/"]}]},{"@type":"BreadcrumbList","@id":"https:\/\/buddydive.com\/de\/tauchen\/valet-tauchen\/#breadcrumb","itemListElement":[{"@type":"ListItem","position":1,"name":"Home","item":"https:\/\/buddydive.com\/de\/"},{"@type":"ListItem","position":2,"name":"Tauchen","item":"https:\/\/buddydive.com\/de\/diving\/"},{"@type":"ListItem","position":3,"name":"Valet Tauchen"}]},{"@type":"WebSite","@id":"https:\/\/buddydive.com\/de\/#website","url":"https:\/\/buddydive.com\/de\/","name":"Buddy Dive Bonaire","description":"My WordPress Blog","potentialAction":[{"@type":"SearchAction","target":{"@type":"EntryPoint","urlTemplate":"https:\/\/buddydive.com\/de\/?s={search_term_string}"},"query-input":{"@type":"PropertyValueSpecification","valueRequired":true,"valueName":"search_term_string"}}],"inLanguage":"de"}]}},"_links":{"self":[{"href":"https:\/\/buddydive.com\/de\/wp-json\/wp\/v2\/pages\/5847","targetHints":{"allow":["GET"]}}],"collection":[{"href":"https:\/\/buddydive.com\/de\/wp-json\/wp\/v2\/pages"}],"about":[{"href":"https:\/\/buddydive.com\/de\/wp-json\/wp\/v2\/types\/page"}],"author":[{"embeddable":true,"href":"https:\/\/buddydive.com\/de\/wp-json\/wp\/v2\/users\/1"}],"replies":[{"embeddable":true,"href":"https:\/\/buddydive.com\/de\/wp-json\/wp\/v2\/comments?post=5847"}],"version-history":[{"count":5,"href":"https:\/\/buddydive.com\/de\/wp-json\/wp\/v2\/pages\/5847\/revisions"}],"predecessor-version":[{"id":12734,"href":"https:\/\/buddydive.com\/de\/wp-json\/wp\/v2\/pages\/5847\/revisions\/12734"}],"up":[{"embeddable":true,"href":"https:\/\/buddydive.com\/de\/wp-json\/wp\/v2\/pages\/5274"}],"wp:attachment":[{"href":"https:\/\/buddydive.com\/de\/wp-json\/wp\/v2\/media?parent=5847"}],"curies":[{"name":"wp","href":"https:\/\/api.w.org\/{rel}","templated":true}]}}