{"id":5839,"date":"2019-08-05T15:02:27","date_gmt":"2019-08-05T15:02:27","guid":{"rendered":"https:\/\/buddydive.com\/tauchen\/prerequisites\/"},"modified":"2024-01-24T19:03:25","modified_gmt":"2024-01-24T19:03:25","slug":"voraussetzungen","status":"publish","type":"page","link":"https:\/\/buddydive.com\/de\/tauchen\/voraussetzungen\/","title":{"rendered":"Voraussetzungen"},"content":{"rendered":"<div class=\"wpb-content-wrapper\">[vc_row][vc_column width=&#8220;3\/4&#8243;][vc_column_text]\n<h2 class=\"text-uppercase\" style=\"text-align: center;\">Alle Informationen, die Sie brauchen<\/h2>\n<p style=\"text-align: center;\">Auf dieser Seite finden Sie die Voraussetzungen, die Sie erf\u00fcllen m\u00fcssen, um am Tauchkurs Ihrer Wahl teilnehmen zu k\u00f6nnen. Klicken Sie auf die folgenden Abschnitte, um weitere Einzelheiten zu erfahren.<br \/>\nF\u00fcr die Spezialkurse unterscheiden sich die Voraussetzungen je nach Altersgruppe.<\/p>\n[\/vc_column_text][vc_tta_accordion active_section=&#8220;&#8220;][vc_tta_section title=&#8220;PADI Open Water Diver&#8220; tab_id=&#8220;1568737916752-3a63b19a-8ae2&#8243;][vc_column_text]\n<ul>\n<li>10 Jahre alt ist<\/li>\n<li>Fit zum Tauchen<a style=\"font-size: 1.4rem;\" href=\"https:\/\/waivermaster.com\/r\/2020-10-15\/640ed7d1-582b-4c18-9232-d44e4e37f94f\/1e3a1135-408d-4202-aaf7-7112c4424757\/1304a9b4-bd21-4bd3-a3e8-eaa7f51c07ce.html\">(see medical questionnaire)<\/a><\/li>\n<\/ul>\n<p>&nbsp;[\/vc_column_text][\/vc_tta_section][vc_tta_section title=&#8220;PADI Adventure Diver&#8220; tab_id=&#8220;1568737916777-625b7ba5-3b0a&#8220;][vc_column_text]\n<ul>\n<li>10 years old<\/li>\n<li>Certified as a PADI Open Water Diver*<\/li>\n<li>Fit for diving <a href=\"https:\/\/waivermaster.com\/r\/2020-10-15\/640ed7d1-582b-4c18-9232-d44e4e37f94f\/1e3a1135-408d-4202-aaf7-7112c4424757\/1304a9b4-bd21-4bd3-a3e8-eaa7f51c07ce.html\">(see medical questionnaire)<\/a><\/li>\n<\/ul>\n[\/vc_column_text][\/vc_tta_section][vc_tta_section title=&#8220;PADI Advanced Open Water Diver&#8220; tab_id=&#8220;1568738084158-6db482ae-9713&#8243;][vc_column_text]\n<ul>\n<li>12 years old<\/li>\n<li>Certified as a PADI Open Water Diver*<\/li>\n<li>Fit for diving <a href=\"https:\/\/waivermaster.com\/r\/2020-10-15\/640ed7d1-582b-4c18-9232-d44e4e37f94f\/1e3a1135-408d-4202-aaf7-7112c4424757\/1304a9b4-bd21-4bd3-a3e8-eaa7f51c07ce.html\">(see medical questionnaire)<\/a><\/li>\n<\/ul>\n[\/vc_column_text][\/vc_tta_section][vc_tta_section title=&#8220;PADI Rescue Diver&#8220; tab_id=&#8220;1568738139731-066ffbcb-c362&#8243;][vc_column_text]\n<ul>\n<li>12 Jahre alt<\/li>\n<li>Zertifiziert als PADI Advanced Open Water Diver *<\/li>\n<li>Zertifiziert als PADI Adventure Diver *, der den Navigation Adventure Dive abgeschlossen hat<\/li>\n<li>Die EFR-Grund- und Sekundarschulung, die innerhalb der letzten 24 Monate abgeschlossen wurde, kann zusammen mit dem Rettungstaucherkurs absolviert werden<\/li>\n<li>Fit zum Tauchen<\/li>\n<\/ul>\n[\/vc_column_text][\/vc_tta_section][vc_tta_section title=&#8220;Public Safety Diver&#8220; tab_id=&#8220;1669038598372-76771c8d-5fef&#8220;][vc_column_text]\n<ul>\n<li>At least 18 years old<\/li>\n<li>Certified as a Padi Advanced diver, or advanced diver from another recognized organization<\/li>\n<li>Certified as Padi rescue diver , or as a rescue diver from another recognized organization.<\/li>\n<li>Proof of affiliation OR employment with a public safety team. ( Law enforcement, firefighters, paramedic , dive rescue team etc ) or hjas documented plans to form a public safety team in the future , OR is training to qualify for a public safety team<\/li>\n<\/ul>\n<p>&nbsp;[\/vc_column_text][\/vc_tta_section][vc_tta_section title=&#8220;PADI Specialty Diver&#8220; tab_id=&#8220;1568738201450-dcadf0ea-0e1a&#8220;][vc_column_text]F\u00fcr jede Spezialit\u00e4t, die Sie nehmen m\u00f6chten, m\u00fcssen Sie tauchf\u00e4hig sein.<br \/>\nF\u00fcr den Notsauerstoffversorger gibt es kein Mindestalter.<\/p>\n<p>Wenn du 10 Jahre alt bist und ein PADI Open Water Diver* bist, kannst du die folgenden Spezialit\u00e4ten machen:<\/p>\n<ul>\n<li>Bootstaucher<\/li>\n<li>Digitaler Unterwasserfotograf<\/li>\n<li>Taucher im Trockentauchanzug<\/li>\n<li>Ger\u00e4tespezialist **<\/li>\n<li>Taucher zur Fischidentifikation<\/li>\n<li>Spitzenleistungsauftrieb<\/li>\n<li>Reef Renewal Diver<\/li>\n<li>Unterwasser-Naturforscher<\/li>\n<li>Unterwasser-Navigator<\/li>\n<li>Unterwasser-Videograf<\/li>\n<\/ul>\n<p>Mit 12 Jahren k\u00f6nnen Sie folgende Spezialisierungen machen:<\/p>\n<ul>\n<li>Bewusst \u2013 Tauchen Sie ein gegen Tr\u00fcmmer<\/li>\n<li>Bewusst \u2013 Shark Conservation Diver<\/li>\n<li>Taucher mit verz\u00f6gerter Oberfl\u00e4chenmarkierung (DSMB)<\/li>\n<li>Taucher-Antriebsfahrzeug (DPV) Taucher<\/li>\n<li>Drift-Taucher<\/li>\n<li>Enriched Air Diver (Nitrox)<\/li>\n<li>Nachttaucher<\/li>\n<li>Such- und Bergungstaucher***<\/li>\n<\/ul>\n<p>Wenn Sie 15 Jahre alt sind, stehen Ihnen folgende Spezialit\u00e4ten zur Verf\u00fcgung:<\/p>\n<ul>\n<li>Deep Diver, muss Adventure Diver sein<\/li>\n<li>Lionfish Hunter, muss Open Water Diver sein*<\/li>\n<li>Sidemount Diver, muss Open Water Diver sein*<\/li>\n<li>Wreck Diver, muss Adventure Diver sein<\/li>\n<\/ul>\n<p>Wenn Sie 18 Jahre alt sind, kommen die folgenden Spezialit\u00e4ten in Reichweite. F\u00fcr diese 2 Spezialit\u00e4ten musst du ein PADI Advanced Open Water Diver sein*<\/p>\n<ul>\n<li>H\u00f6hlentaucher<\/li>\n<li>Selbstst\u00e4ndiger Taucher****<\/li>\n<\/ul>\n[\/vc_column_text][\/vc_tta_section][vc_tta_section title=&#8220;PADI Master Scuba Diver&#8220; tab_id=&#8220;1568738412612-b41ffb76-590e&#8220;][vc_column_text]\n<ul>\n<li>12 Jahre alt<\/li>\n<li>Zertifiziert als PADI Advanced Open Water Diver *<\/li>\n<li>Zertifiziert als PADI Rescue Diver *<\/li>\n<li>Haben 5 PADI Speciality- und \/ oder PADI TecRec-Kurse absolviert.<\/li>\n<li>Zeigen Sie den Nachweis von 50 protokollierten Tauchg\u00e4ngen.<\/li>\n<\/ul>\n[\/vc_column_text][\/vc_tta_section][vc_tta_section title=&#8220;PADI Dive Master&#8220; tab_id=&#8220;1568738473313-14abf4e9-4267&#8243;][vc_column_text]\n<ul>\n<li>18 Jahre alt<\/li>\n<li>Zertifiziert als PADI Advanced Open Water Diver *<\/li>\n<li>Zertifiziert als PADI Rescue Diver *<\/li>\n<li>Zeigen Sie vor Beginn des Kurses den Nachweis von 40 protokollierten Tauchg\u00e4ngen<\/li>\n<li>Zeigen Sie am Ende des Kurses den Nachweis von 60 protokollierten Tauchg\u00e4ngen<\/li>\n<li>EFR-Prim\u00e4r- und Sekundarschulung *, die innerhalb der letzten 24 Monate abgeschlossen wurde<\/li>\n<li>Zeigen Sie eine \u00e4rztliche Genehmigung, die die Tauchtauglichkeit best\u00e4tigt und innerhalb der letzten 12 Monate von einem Arzt unterzeichnet wurde<\/li>\n<\/ul>\n[\/vc_column_text][\/vc_tta_section][vc_tta_section title=&#8220;PADI Instructor&#8220; tab_id=&#8220;1568738509881-0bb1db20-55fe&#8220;][vc_column_text]Um ein PADI OWSI (Open Water Scuba Instructor) zu werden, der am h\u00e4ufigsten als PADI Instructor bezeichnet wird, m\u00fcssen Sie zuerst einen IDC erfolgreich abschlie\u00dfen. Wenn Sie bereits PADI Assistant Instructor sind, m\u00fcssen Sie den OWSI-Teil eines IDC abschlie\u00dfen.<br \/>\nAnschlie\u00dfend m\u00fcssen Sie nach Ihrem IDC eine standardisierte Pr\u00fcfung erfolgreich abschlie\u00dfen, die von einem unparteiischen Pr\u00fcfer durchgef\u00fchrt wird, der f\u00fcr PADI arbeitet. Dies wird als IE, Instructor Examination bezeichnet. Schlie\u00dflich gibt es einige zus\u00e4tzliche Post-IE-Kriterien, die erf\u00fcllt sein m\u00fcssen, um ein PADI OWSI zu werden.<\/p>\n<p><strong>Teilnahme am Instructor Development Course<\/strong><\/p>\n<ul>\n<li>18 Jahre alt<\/li>\n<li>PADI Divemaster oder F\u00fchrungsebene bei einer anderen Ausbildungsagentur<\/li>\n<li>Zeigen Sie den Nachweis von 60 protokollierten Tauchg\u00e4ngen<\/li>\n<li>Dokumentierte Erfahrung in:<br \/>\n* Tieftauchen<br \/>\n* Nachttauchen<br \/>\n* Unterwassernavigation<\/li>\n<\/ul>\n<p>Wenn Sie kein PADI Divemaster sind, m\u00fcssen Sie die PADI Divemaster Kursrettungsbewertung abschlie\u00dfen<br \/>\nMindestens 6 Monate als Taucher zertifiziert sein.<br \/>\nZeigen Sie eine \u00e4rztliche Genehmigung, die die Tauchtauglichkeit best\u00e4tigt und innerhalb der letzten 12 Monate von einem Arzt unterzeichnet wurde<br \/>\nEFR-Prim\u00e4r- und Sekundarschulung *, die innerhalb der letzten 24 Monate abgeschlossen wurde<\/p>\n<p><strong>Ausbilderpr\u00fcfung<\/strong><\/p>\n<ul>\n<li>Das IDC- oder OWSI-Programm wurde in den letzten 12 Monaten erfolgreich abgeschlossen<\/li>\n<li>Da Buddy Dive ein 5-Sterne-CDC ist, m\u00fcssen Sie zum Zeitpunkt des IE nicht 100 protokollierte Tauchg\u00e4nge haben.<\/li>\n<\/ul>\n<p><strong>OWSI-Zertifizierung<\/strong><\/p>\n<ul>\n<li>Den IE erfolgreich abgeschlossen haben<\/li>\n<li>Zeigen Sie den Nachweis von 100 protokollierten Tauchg\u00e4ngen<\/li>\n<li>Zertifizierung als EFR Primary und Secondary Instructor *<\/li>\n<\/ul>\n[\/vc_column_text][\/vc_tta_section][vc_tta_section title=&#8220;Tec Basics&#8220; tab_id=&#8220;1665758805495-58d9be25-bee4&#8243;][vc_column_text]\n<ul>\n<li>PADI Advanced Open Water Diver with PADI Rescue Diver recommended<\/li>\n<li>PADI Enriched Air Diver<\/li>\n<li>15 years old<\/li>\n<li>Show a medical clearance stating fitness for scuba diving, signed by a physician within the last 12 months.<\/li>\n<li>Have completed Level 0: Essentials of Human Factors in Diving by The Human Diver*<\/li>\n<\/ul>\n<p>* Check our <a href=\"https:\/\/buddydive.com\/de\/tauchen\/tauchkurse\/#1663225603971-8bde2a6b-8b8d\">readiness page<\/a>\u00a0 and ask us for a course admission link if necessary[\/vc_column_text][\/vc_tta_section][vc_tta_section title=&#8220;Tec 40&#8243; tab_id=&#8220;1665758900484-f1aa0e55-2c69&#8243;][vc_column_text]\n<ul>\n<li>PADI Advanced Open Water Diver with PADI Rescue Diver recommended<\/li>\n<li>PADI Enriched Air Diver or qualifying certification<\/li>\n<li>PADI Deep Diver or proof of 10 dives to 30 meter&#8217;s\/100 feet or deeper<\/li>\n<li>30 logged dives<\/li>\n<li>18 years old<\/li>\n<li>Show a medical clearance stating fitness for scuba diving, signed by a physician within the last 12 months.<\/li>\n<li>Have completed Level 0: Essentials of Human Factors in Diving by The Human Diver*<\/li>\n<\/ul>\n<p>* Check <a href=\"https:\/\/buddydive.com\/de\/tauchen\/tauchkurse\/#1663225603971-8bde2a6b-8b8d\">readiness page<\/a> and ask us for a course admission link if necessary[\/vc_column_text][\/vc_tta_section][vc_tta_section title=&#8220;Tec 45&#8243; tab_id=&#8220;1665758945653-948f9d5b-10f7&#8243;][vc_column_text]\n<ul>\n<li>PADI Tec 40 Diver or qualifying certification<\/li>\n<li>PADI Rescue Diver or qualifying certification*<\/li>\n<li>10 dives deeper than 30 meter&#8217;s\/100 feet<\/li>\n<li>50 logged dives<\/li>\n<li>18 years old<\/li>\n<li>Show a medical clearance stating fitness for scuba diving, signed by a physician within the last 12 months.<\/li>\n<li>Have completed Level 0: Essentials of Human Factors in Diving by The Human Diver**<\/li>\n<\/ul>\n<p>* If meeting this with a qualifying certification, provide proof of CPR\/First Aid training within previous two years<\/p>\n<p>** Check <a href=\"https:\/\/buddydive.com\/de\/tauchen\/tauchkurse\/#1663225603971-8bde2a6b-8b8d\">readiness page<\/a> and ask us for a course admission link if necessary[\/vc_column_text][\/vc_tta_section][vc_tta_section title=&#8220;Tec 50&#8243; tab_id=&#8220;1665758992094-d4fe759c-d297&#8243;][vc_column_text]\n<ul>\n<li>PADI Tec 45 Diver or qualifying certification<\/li>\n<li>PADI Rescue Diver or qualifying certification*<\/li>\n<li>100 logged dives or 75 hours logged<\/li>\n<li>18 years old<\/li>\n<li>Show a medical clearance stating fitness for scuba diving, signed by a physician within the last 12 months.<\/li>\n<li>Have completed Level 0: Essentials of Human Factors in Diving by The Human Diver**<\/li>\n<\/ul>\n<p>* If meeting this with a qualifying certification, provide proof of CPR\/First Aid training within previous two years<\/p>\n<p>** Check <a href=\"https:\/\/buddydive.com\/de\/tauchen\/tauchkurse\/#1663225603971-8bde2a6b-8b8d\">readiness page<\/a> and ask us for a course admission link if necessary[\/vc_column_text][\/vc_tta_section][\/vc_tta_accordion][vc_column_text]* Eine gleichwertige Zertifizierung einer anderen Schulungsagentur wird ebenfalls akzeptiert.<br \/>\n** Du kannst diesen Kurs auch machen, wenn du ein PADI (Junior) Scuba Diver bist<br \/>\n*** Um diesen Kurs zu absolvieren, m\u00fcssen Sie (Junior) Advanced Open Water sein<br \/>\n**** Zus\u00e4tzlich musst du 100 protokollierte Tauchg\u00e4nge nachweisen[\/vc_column_text][\/vc_column][vc_column width=&#8220;1\/4&#8243;][vc_column_text]\n<h3 class=\"text-uppercase\" style=\"text-align: center;\">Prerequisites<\/h3>\n<ul>\n<li>\n<h4><a href=\"https:\/\/buddydive.com\/de\/tauchen\/instructor-entwicklung\/\">Buddy Dive Academy<\/a><\/h4>\n<\/li>\n<li>\n<h4><a href=\"https:\/\/buddydive.com\/de\/tauchen\/instructor-entwicklung\/profi-pakete\/\">IDC Packages &amp; Prices<\/a><\/h4>\n<\/li>\n<li>\n<h4><a href=\"https:\/\/buddydive.com\/de\/tauchen\/instructor-entwicklung\/buddy-dive-academy-fuer-profis\/\">For the Pro&#8217;s &#8211; MSDT &amp; IDC Staff Instructor<\/a><\/h4>\n<\/li>\n<li>\n<h4><a href=\"https:\/\/buddydive.com\/de\/tauchen\/instructor-entwicklung\/der-idc-alles-was-sie-wissen-muessen-2\/\">The IDC &#8211; Everything you need to know<\/a><\/h4>\n<\/li>\n<\/ul>\n<p>&nbsp;[\/vc_column_text][\/vc_column][\/vc_row]\n<\/div>","protected":false},"excerpt":{"rendered":"<p>[vc_row][vc_column width=&#8220;3\/4&#8243;][vc_column_text] Alle Informationen, die Sie brauchen Auf dieser Seite finden Sie die Voraussetzungen, die Sie erf\u00fcllen m\u00fcssen, um am [&hellip;]<\/p>\n","protected":false},"author":1,"featured_media":0,"parent":5274,"menu_order":0,"comment_status":"closed","ping_status":"closed","template":"","meta":{"footnotes":""},"class_list":["post-5839","page","type-page","status-publish","hentry"],"yoast_head":"<!-- This site is optimized with the Yoast SEO plugin v27.4 - https:\/\/yoast.com\/product\/yoast-seo-wordpress\/ -->\n<title>Voraussetzungen - Buddy Dive Bonaire<\/title>\n<meta name=\"description\" content=\"Auf dieser Seite erf\u00e4hrst du, welche Voraussetzungen du erf\u00fcllen musst, um an dem Tauchkurs deiner Wahl teilnehmen zu k\u00f6nnen.\" \/>\n<meta name=\"robots\" content=\"index, follow, max-snippet:-1, max-image-preview:large, max-video-preview:-1\" \/>\n<link rel=\"canonical\" href=\"https:\/\/buddydive.com\/de\/tauchen\/voraussetzungen\/\" \/>\n<meta property=\"og:locale\" content=\"de_DE\" \/>\n<meta property=\"og:type\" content=\"article\" \/>\n<meta property=\"og:title\" content=\"Voraussetzungen - Buddy Dive Bonaire\" \/>\n<meta property=\"og:description\" content=\"Auf dieser Seite erf\u00e4hrst du, welche Voraussetzungen du erf\u00fcllen musst, um an dem Tauchkurs deiner Wahl teilnehmen zu k\u00f6nnen.\" \/>\n<meta property=\"og:url\" content=\"https:\/\/buddydive.com\/de\/tauchen\/voraussetzungen\/\" \/>\n<meta property=\"og:site_name\" content=\"Buddy Dive Bonaire\" \/>\n<meta property=\"article:publisher\" content=\"https:\/\/www.facebook.com\/buddydiveresort\" \/>\n<meta property=\"article:modified_time\" content=\"2024-01-24T19:03:25+00:00\" \/>\n<meta name=\"twitter:card\" content=\"summary_large_image\" \/>\n<meta name=\"twitter:site\" content=\"@buddydive\" \/>\n<meta name=\"twitter:label1\" content=\"Gesch\u00e4tzte Lesezeit\" \/>\n\t<meta name=\"twitter:data1\" content=\"7\u00a0Minuten\" \/>\n<script type=\"application\/ld+json\" class=\"yoast-schema-graph\">{\"@context\":\"https:\\\/\\\/schema.org\",\"@graph\":[{\"@type\":\"WebPage\",\"@id\":\"https:\\\/\\\/buddydive.com\\\/de\\\/tauchen\\\/voraussetzungen\\\/\",\"url\":\"https:\\\/\\\/buddydive.com\\\/de\\\/tauchen\\\/voraussetzungen\\\/\",\"name\":\"Voraussetzungen - Buddy Dive Bonaire\",\"isPartOf\":{\"@id\":\"https:\\\/\\\/buddydive.com\\\/de\\\/#website\"},\"datePublished\":\"2019-08-05T15:02:27+00:00\",\"dateModified\":\"2024-01-24T19:03:25+00:00\",\"description\":\"Auf dieser Seite erf\u00e4hrst du, welche Voraussetzungen du erf\u00fcllen musst, um an dem Tauchkurs deiner Wahl teilnehmen zu k\u00f6nnen.\",\"breadcrumb\":{\"@id\":\"https:\\\/\\\/buddydive.com\\\/de\\\/tauchen\\\/voraussetzungen\\\/#breadcrumb\"},\"inLanguage\":\"de\",\"potentialAction\":[{\"@type\":\"ReadAction\",\"target\":[\"https:\\\/\\\/buddydive.com\\\/de\\\/tauchen\\\/voraussetzungen\\\/\"]}]},{\"@type\":\"BreadcrumbList\",\"@id\":\"https:\\\/\\\/buddydive.com\\\/de\\\/tauchen\\\/voraussetzungen\\\/#breadcrumb\",\"itemListElement\":[{\"@type\":\"ListItem\",\"position\":1,\"name\":\"Home\",\"item\":\"https:\\\/\\\/buddydive.com\\\/de\\\/\"},{\"@type\":\"ListItem\",\"position\":2,\"name\":\"Tauchen\",\"item\":\"https:\\\/\\\/buddydive.com\\\/de\\\/diving\\\/\"},{\"@type\":\"ListItem\",\"position\":3,\"name\":\"Voraussetzungen\"}]},{\"@type\":\"WebSite\",\"@id\":\"https:\\\/\\\/buddydive.com\\\/de\\\/#website\",\"url\":\"https:\\\/\\\/buddydive.com\\\/de\\\/\",\"name\":\"Buddy Dive Bonaire\",\"description\":\"My WordPress Blog\",\"potentialAction\":[{\"@type\":\"SearchAction\",\"target\":{\"@type\":\"EntryPoint\",\"urlTemplate\":\"https:\\\/\\\/buddydive.com\\\/de\\\/?s={search_term_string}\"},\"query-input\":{\"@type\":\"PropertyValueSpecification\",\"valueRequired\":true,\"valueName\":\"search_term_string\"}}],\"inLanguage\":\"de\"}]}<\/script>\n<!-- \/ Yoast SEO plugin. -->","yoast_head_json":{"title":"Voraussetzungen - Buddy Dive Bonaire","description":"Auf dieser Seite erf\u00e4hrst du, welche Voraussetzungen du erf\u00fcllen musst, um an dem Tauchkurs deiner Wahl teilnehmen zu k\u00f6nnen.","robots":{"index":"index","follow":"follow","max-snippet":"max-snippet:-1","max-image-preview":"max-image-preview:large","max-video-preview":"max-video-preview:-1"},"canonical":"https:\/\/buddydive.com\/de\/tauchen\/voraussetzungen\/","og_locale":"de_DE","og_type":"article","og_title":"Voraussetzungen - Buddy Dive Bonaire","og_description":"Auf dieser Seite erf\u00e4hrst du, welche Voraussetzungen du erf\u00fcllen musst, um an dem Tauchkurs deiner Wahl teilnehmen zu k\u00f6nnen.","og_url":"https:\/\/buddydive.com\/de\/tauchen\/voraussetzungen\/","og_site_name":"Buddy Dive Bonaire","article_publisher":"https:\/\/www.facebook.com\/buddydiveresort","article_modified_time":"2024-01-24T19:03:25+00:00","twitter_card":"summary_large_image","twitter_site":"@buddydive","twitter_misc":{"Gesch\u00e4tzte Lesezeit":"7\u00a0Minuten"},"schema":{"@context":"https:\/\/schema.org","@graph":[{"@type":"WebPage","@id":"https:\/\/buddydive.com\/de\/tauchen\/voraussetzungen\/","url":"https:\/\/buddydive.com\/de\/tauchen\/voraussetzungen\/","name":"Voraussetzungen - Buddy Dive Bonaire","isPartOf":{"@id":"https:\/\/buddydive.com\/de\/#website"},"datePublished":"2019-08-05T15:02:27+00:00","dateModified":"2024-01-24T19:03:25+00:00","description":"Auf dieser Seite erf\u00e4hrst du, welche Voraussetzungen du erf\u00fcllen musst, um an dem Tauchkurs deiner Wahl teilnehmen zu k\u00f6nnen.","breadcrumb":{"@id":"https:\/\/buddydive.com\/de\/tauchen\/voraussetzungen\/#breadcrumb"},"inLanguage":"de","potentialAction":[{"@type":"ReadAction","target":["https:\/\/buddydive.com\/de\/tauchen\/voraussetzungen\/"]}]},{"@type":"BreadcrumbList","@id":"https:\/\/buddydive.com\/de\/tauchen\/voraussetzungen\/#breadcrumb","itemListElement":[{"@type":"ListItem","position":1,"name":"Home","item":"https:\/\/buddydive.com\/de\/"},{"@type":"ListItem","position":2,"name":"Tauchen","item":"https:\/\/buddydive.com\/de\/diving\/"},{"@type":"ListItem","position":3,"name":"Voraussetzungen"}]},{"@type":"WebSite","@id":"https:\/\/buddydive.com\/de\/#website","url":"https:\/\/buddydive.com\/de\/","name":"Buddy Dive Bonaire","description":"My WordPress Blog","potentialAction":[{"@type":"SearchAction","target":{"@type":"EntryPoint","urlTemplate":"https:\/\/buddydive.com\/de\/?s={search_term_string}"},"query-input":{"@type":"PropertyValueSpecification","valueRequired":true,"valueName":"search_term_string"}}],"inLanguage":"de"}]}},"_links":{"self":[{"href":"https:\/\/buddydive.com\/de\/wp-json\/wp\/v2\/pages\/5839","targetHints":{"allow":["GET"]}}],"collection":[{"href":"https:\/\/buddydive.com\/de\/wp-json\/wp\/v2\/pages"}],"about":[{"href":"https:\/\/buddydive.com\/de\/wp-json\/wp\/v2\/types\/page"}],"author":[{"embeddable":true,"href":"https:\/\/buddydive.com\/de\/wp-json\/wp\/v2\/users\/1"}],"replies":[{"embeddable":true,"href":"https:\/\/buddydive.com\/de\/wp-json\/wp\/v2\/comments?post=5839"}],"version-history":[{"count":17,"href":"https:\/\/buddydive.com\/de\/wp-json\/wp\/v2\/pages\/5839\/revisions"}],"predecessor-version":[{"id":25037,"href":"https:\/\/buddydive.com\/de\/wp-json\/wp\/v2\/pages\/5839\/revisions\/25037"}],"up":[{"embeddable":true,"href":"https:\/\/buddydive.com\/de\/wp-json\/wp\/v2\/pages\/5274"}],"wp:attachment":[{"href":"https:\/\/buddydive.com\/de\/wp-json\/wp\/v2\/media?parent=5839"}],"curies":[{"name":"wp","href":"https:\/\/api.w.org\/{rel}","templated":true}]}}