{"id":5828,"date":"2019-08-05T15:00:56","date_gmt":"2019-08-05T15:00:56","guid":{"rendered":"https:\/\/buddydive.com\/tauchen\/instructor-entwicklung\/gopro-packages\/"},"modified":"2026-02-09T16:31:13","modified_gmt":"2026-02-09T16:31:13","slug":"profi-pakete","status":"publish","type":"page","link":"https:\/\/buddydive.com\/de\/tauchen\/instructor-entwicklung\/profi-pakete\/","title":{"rendered":"Pakete &amp; Preise"},"content":{"rendered":"<div class=\"wpb-content-wrapper\">[vc_row][vc_column width=&#8220;3\/4&#8243;][vc_column_text css=&#8220;&#8220;]\n<h1 class=\"text-uppercase\" style=\"text-align: center;\"><small>Buddy Dive Academy<\/small>Pakete &amp; Preise<\/h1>\n<p>&nbsp;<\/p>\n<h4><strong>Ihre Buddies-Wahl: Das All-Inclusive-IDC <\/strong><\/h4>\n<p>Wenn Sie sich f\u00fcr das All-Inclusive-IDC-Paket im Buddy Dive Resort entscheiden, erhalten Sie alles, was Sie brauchen, um ein professioneller, gut ausgebildeter Tauchlehrer zu werden. Deine Buddies k\u00fcmmern sich um alles. Ihre (gemeinsame) Unterkunft, Verpflegung, Flughafentransfers, Materialien, der Kurs selbst (einschlie\u00dflich des EFR-Ausbilder- und Notfall-Sauerstoffanbieter-Kurses), die Ausbilderantr\u00e4ge und die Ausbilderpr\u00fcfung.<br \/>\nNachdem Sie dieses Paket gebucht haben, m\u00fcssen Sie an nichts anderes mehr denken, als sich auf das Lernen, \u00dcben und jede Menge Spa\u00df mit Ihren IDC-Kollegen und Kursleitern zu konzentrieren.<\/p>\n<p><strong>Dauer: 2 Wochen<br \/>\n<\/strong><strong>Preis: $3725<\/strong><\/p>\n<h4><strong>IDC Complete<\/strong><\/h4>\n<p>Mit der Buchung des IDC Complete buchen Sie alles, was Sie f\u00fcr Ihren Instruktorkurs ben\u00f6tigen. Die Materialien, der Kurs (einschlie\u00dflich EFR-Ausbilder und Notfall-Sauerstoffanbieter-Kurs), die Ausbilderantr\u00e4ge und die Ausbilderpr\u00fcfung sind enthalten. Sie m\u00fcssen nichts davon organisieren. Die einzigen Dinge, die nicht inbegriffen sind, sind Unterkunft und Verpflegung.<\/p>\n<p><strong>Dauer: 2 Wochen<br \/>\n<\/strong><strong>Preis:<\/strong> <strong>$3150<\/strong><\/p>\n<h4><strong>IDC Basic <\/strong><\/h4>\n<p>Das IDC Basic umfasst den Kurs zur Ausbilderentwicklung (&amp; EFR) und die Materialien. Beachten Sie, dass Sie die Bewerbung und Pr\u00fcfung als Ausbilder bezahlen und arrangieren m\u00fcssen, bevor Sie Ausbilder werden und mit dem Unterrichten beginnen k\u00f6nnen.<\/p>\n<p><strong>Dauer: 2 Wochen<br \/>\n<\/strong><strong>Preis: $1750<br \/>\n<\/strong>[\/vc_column_text][vc_empty_space][vc_separator][\/vc_column][vc_column width=&#8220;1\/4&#8243;][vc_column_text]\n<h3 class=\"text-uppercase\" style=\"text-align: center;\">Packages &amp; Prices<\/h3>\n<p>&nbsp;<\/p>\n<ul>\n<li>\n<h4><a href=\"https:\/\/buddydive.com\/de\/tauchen\/instructor-entwicklung\/\">Buddy Dive Academy<\/a><\/h4>\n<\/li>\n<li>\n<h4><a href=\"https:\/\/buddydive.com\/de\/tauchen\/instructor-entwicklung\/buddy-dive-academy-fuer-profis\/\">For the Pro&#8217;s &#8211; MSDT &amp; IDC Staff Instructor<\/a><\/h4>\n<\/li>\n<li>\n<h4><a href=\"http:\/\/www.buddydive.com\/diving\/prerequisites\/\">Prerequisites<\/a><\/h4>\n<\/li>\n<li>\n<h4><a href=\"https:\/\/buddydive.com\/de\/tauchen\/instructor-entwicklung\/der-idc-alles-was-sie-wissen-muessen-2\/\">The IDC &#8211; Everything you need to know<\/a><\/h4>\n<\/li>\n<\/ul>\n[\/vc_column_text][\/vc_column][\/vc_row][vc_row][vc_column][vc_tta_accordion active_section=&#8220;1&#8243; collapsible_all=&#8220;true&#8220;][vc_tta_section title=&#8220;Paketdetails&#8220; tab_id=&#8220;1635333446210-c7c95ec0-fcd9&#8243;][vc_column_text]\n<table class=\"table table-responsive\">\n<tbody>\n<tr>\n<td width=\"151\"><strong>Item<\/strong><\/td>\n<td width=\"151\"><strong>Necessary<\/strong><\/td>\n<td width=\"151\"><strong>IDC All-inclusive<\/strong><strong><br \/>\n<\/strong><\/td>\n<td width=\"151\"><strong>IDC Complete<br \/>\n<\/strong><\/td>\n<td width=\"151\"><strong>IDC Basic<br \/>\n<\/strong><\/td>\n<\/tr>\n<tr>\n<td width=\"151\">IDC materials (crew pack)<\/td>\n<td width=\"151\">Yes<\/td>\n<td width=\"151\">Included<\/td>\n<td width=\"151\">Included<\/td>\n<td width=\"151\">Included<\/td>\n<\/tr>\n<tr>\n<td width=\"151\">EFR Instructor manuals<\/td>\n<td width=\"151\">Yes<\/td>\n<td width=\"151\">Included<\/td>\n<td width=\"151\">Included<\/td>\n<td width=\"151\">Included<\/td>\n<\/tr>\n<tr>\n<td width=\"151\">Instructor Examination<\/td>\n<td width=\"151\">Yes<\/td>\n<td width=\"151\">Included<\/td>\n<td width=\"151\">Included<\/td>\n<td width=\"151\">X<\/td>\n<\/tr>\n<tr>\n<td width=\"151\">Instructor Application<\/td>\n<td width=\"151\">Yes<\/td>\n<td width=\"151\">Included<\/td>\n<td width=\"151\">Included<\/td>\n<td width=\"151\">X<\/td>\n<\/tr>\n<tr>\n<td width=\"151\">EFR Instructor application<\/td>\n<td width=\"151\">Yes<\/td>\n<td width=\"151\">Included<\/td>\n<td width=\"151\">Included<\/td>\n<td width=\"151\">X<\/td>\n<\/tr>\n<tr>\n<td width=\"151\">Emergency Oxygen provider Materials<\/td>\n<td width=\"151\">No<\/td>\n<td width=\"151\">Included<\/td>\n<td width=\"151\">Included<\/td>\n<td width=\"151\">X<\/td>\n<\/tr>\n<tr>\n<td width=\"151\">Shared accommodation and 3 meals per day &#8211; 14 nights<\/td>\n<td width=\"151\">No<\/td>\n<td width=\"151\">Included<\/td>\n<td width=\"151\">X<\/td>\n<td width=\"151\">X<\/td>\n<\/tr>\n<tr>\n<td width=\"151\">IDC tuition fee<\/td>\n<td width=\"151\">Yes<\/td>\n<td width=\"151\">Included<\/td>\n<td width=\"151\">Included<\/td>\n<td width=\"151\">Included<\/td>\n<\/tr>\n<tr>\n<td width=\"151\">EFR Instructor tuition fee<\/td>\n<td width=\"151\">Yes<\/td>\n<td width=\"151\">Included<\/td>\n<td width=\"151\">Included<\/td>\n<td width=\"151\">Included<\/td>\n<\/tr>\n<tr>\n<td width=\"151\">Emergency Oxygen provider tuition fee<\/td>\n<td width=\"151\">No<\/td>\n<td width=\"151\">Included<\/td>\n<td width=\"151\">Included<\/td>\n<td width=\"151\">X<\/td>\n<\/tr>\n<\/tbody>\n<\/table>\n[\/vc_column_text][\/vc_tta_section][\/vc_tta_accordion][vc_column_text]\n<h4>Andere Pro-Pakete<\/h4>\n[\/vc_column_text][vc_tta_accordion active_section=&#8220;1&#8243; collapsible_all=&#8220;true&#8220;][vc_tta_section title=&#8220;All-inclusive Divemaster Course&#8220; tab_id=&#8220;1635332245830-49b36bc3-6c75&#8243;][vc_column_text css=&#8220;&#8220;]\n<div id=\"1634306883014-56c0975c-bb23\" class=\"vc_tta-panel vc_active\" data-vc-content=\".vc_tta-panel-body\">\n<div class=\"vc_tta-panel-body\">\n<div class=\"wpb_text_column wpb_content_element \">\n<div class=\"wpb_wrapper\">\n<p>Das All-Inclusive-Divemaster-Paket wird sechsmal im Jahr in der Woche vor unseren IDCs angeboten. Machen Sie es sich leicht und konzentrieren Sie sich voll und ganz auf diesen unterhaltsamen und anspruchsvollen Kurs, der Ihr erster Schritt in die Welt der PADI-Profis ist!<\/p>\n<p>F\u00fcr weitere Informationen wenden Sie sich bitte an unseren Kursleiter oder unsere Reservierungsabteilung:<a href=\"mailto:coursedirector@buddydive.com\">coursedirector@buddydive.com<\/a> \u2013 <a href=\"mailto:reservations@buddydive.com\">reservations@buddydive.com<\/a><\/p>\n<p><strong>Dauer: 13 Tage<br \/>\n<\/strong><strong>Preis: 2400 $<br \/>\n<\/strong><\/p>\n<p><strong>Das Paket beinhaltet:<\/strong><br \/>\n<span class=\"HwtZe\" lang=\"de\"><span class=\"jCAhz ChMk0b\"><span class=\"ryNqvb\">Divemaster-Kurs E-Learning, Divemaster-Materialien, Unterkunft, 3 Mahlzeiten t\u00e4glich, Flughafentransfers.<\/span><\/span><\/span>gemeinsame Unterkunft und 3 Mahlzeiten pro Tag. Das Paket beinhaltet nicht die PADI-Geb\u00fchr f\u00fcr Ihre Divemaster-Anmeldung und Tauchausr\u00fcstung<\/p>\n<\/div>\n<p>&nbsp;<\/p>\n<\/div>\n<p>&nbsp;<\/p>\n<\/div>\n<p>&nbsp;<\/p>\n<\/div>\n[\/vc_column_text][\/vc_tta_section][vc_tta_section title=&#8220;Divemaster-Kurs + Praktikum&#8220; tab_id=&#8220;1663250358589-480b37c0-c764&#8243;][vc_column_text css=&#8220;&#8220;]\n<div id=\"1634306883014-56c0975c-bb23\" class=\"vc_tta-panel vc_active\" data-vc-content=\".vc_tta-panel-body\">\n<div class=\"vc_tta-panel-body\">\n<div class=\"wpb_text_column wpb_content_element \">\n<div class=\"wpb_wrapper\">\n<p>Lernen Sie bei einem der besten Tauchbetriebe der Welt und werden Sie ein PADI Divemaster auf Bonaire. Nach Abschluss des Divemaster-Kurses wirst du (vor\u00fcbergehend) Teil des Buddy Dive-Tauchteams und absolvierst ein 6-w\u00f6chiges Praktikum als Divemaster im Paradies.<\/p>\n<p>Bitte kontaktieren Sie unsere Kursleiter f\u00fcr weitere Informationen: <a href=\"mailto:coursedirector@buddydive.com\">coursedirector@buddydive.com<\/a><\/p>\n<p>Wenn Sie praktische Erfahrungen f\u00fcr Ihren Lebenslauf sammeln m\u00f6chten, k\u00f6nnen Sie Ihr 2-w\u00f6chiges Divemaster-Programm mit einem 6-w\u00f6chigen Praktikum absolvieren. W\u00e4hrend dieses Praktikums wirst du noch mehr Facetten des Divemaster-Lebens sehen. Ihre Erfahrung wird breiter sein als das, was Sie w\u00e4hrend des Divemaster-Kurses lernen. W\u00e4hrend deines Praktikums wirst du mindestens 30 Tauchg\u00e4nge machen und an deinen Praktikumstagen kannst du ein kostenloses Mitarbeiteressen genie\u00dfen!<\/p>\n<p><strong>Dauer:<\/strong> 14 Tage + 6-w\u00f6chiges Praktikum<br \/>\n<strong>Preis:<\/strong> 975 $<\/p>\n<p><strong>Paket beinhaltet:<br \/>\n<\/strong>Divemaster-Kurs E-Learning, Divemaster-Materialien, alle Anweisungen und DAN-Berufshaftpflichtversicherung w\u00e4hrend des 6-w\u00f6chigen Praktikums<br aria-hidden=\"true\" \/><em>Das Paket beinhaltet nicht die PADI-Geb\u00fchr f\u00fcr Ihren Divemaster-Antrag noch Tauchunfall- oder Krankenversicherung\u00a0<\/em><\/p>\n<\/div>\n<p>&nbsp;<\/p>\n<\/div>\n<p>&nbsp;<\/p>\n<\/div>\n<p>&nbsp;<\/p>\n<\/div>\n[\/vc_column_text][\/vc_tta_section][vc_tta_section title=&#8220;PADI Divemaster Course E-learning&#8220; tab_id=&#8220;1635332245854-de86b4f0-1ac7&#8243;][vc_column_text css=&#8220;&#8220;]Unser regul\u00e4res Divemaster-Programm ist ein 2-w\u00f6chiges Programm, in dem viele PADI Divemaster-Aufgaben wiederholt werden, sodass Sie eine umfassende Ausbildung und fundierte Kenntnisse dar\u00fcber erhalten, was das Leben als Divemaster mit sich bringt. Es vermittelt Ihnen ein gutes Verst\u00e4ndnis daf\u00fcr, wie Ihre Rolle in verschiedenen Umgebungen variieren wird. Die Ausbildung umfasst mindestens 4 Vormittage, an denen Sie als Guide auf einen 2-Tank-Bootstauchgang gehen. Insgesamt werden Sie 2,5 Tage lang bei Kursen assistieren. Das bedeutet, dass Sie eine umfassendere Ausbildung erhalten, als das absolute Minimum verlangt wird.<\/p>\n<p>Wir k\u00f6nnen dieses Programm auf Wunsch anpassen. Wenn Sie dies w\u00fcnschen, wenden Sie sich bitte an unseren Kursleiter: coursedirector@buddydive.com<\/p>\n<p><strong>Dauer: 13 Tage<\/strong><br \/>\n<strong>Preis: 975 $<\/strong><\/p>\n<p><em><strong>Paket beinhaltet:<\/strong><\/em><br \/>\n<em><strong>Divemaster-Kurs E-Learning, Divemaster-Materialien. Das Paket beinhaltet nicht die PADI-Geb\u00fchr f\u00fcr Ihre Divemaster-Bewerbung und Tauchausr\u00fcstung.<\/strong><\/em>[\/vc_column_text][\/vc_tta_section][vc_tta_section title=&#8220;PADI Assistant Instructor&#8220; tab_id=&#8220;1635332446372-61a449b9-ff19&#8243;][vc_column_text]Die Lehrf\u00e4higkeiten, die du w\u00e4hrend des PADI Assistant Instructor Course entwickelst, erm\u00f6glichen es dir, mehrere PADI Programme selbstst\u00e4ndig durchzuf\u00fchren, und mit etwas Weiterbildung durch den PADI Course Director kannst du auch Nicht-Tauch-Spezialkurse unterrichten. Assistant Instructors sind Tauchausbilder, die bei der Wissensentwicklung des Sch\u00fclers behilflich sind. Die Teilnahme am PADI Assistant Instructor Kurs bringt Sie einen Schritt n\u00e4her an die Position eines PADI Open Water Instructor.<\/p>\n<p><strong>Dauer: 4 Tage<br \/>\n<\/strong><strong>Preis: Auf Anfrage\u00a0<\/strong>[\/vc_column_text][\/vc_tta_section][vc_tta_section title=&#8220;Master Scuba Dive Trainer Program&#8220; tab_id=&#8220;1635332508820-b5ed0907-e611&#8243;][vc_column_text css=&#8220;&#8220;]MSDT Prep ist die Vorbereitung auf den Master Scuba Diver Trainer. Dies ist ein PADI-Lehrer, der f\u00fcnf weitere PADI-Spezialit\u00e4ten unterrichten darf und mindestens 25 Taucher zertifiziert hat. Ein MSDT-Vorbereitungspaket kann das ganze Jahr \u00fcber angefordert werden. Buddy Dive glaubt, dass Sie die Kurse unterrichten und verkaufen, die Sie am liebsten unterrichten. Deshalb passen wir Ihr MSDT-Paket individuell an, sodass Sie ausw\u00e4hlen k\u00f6nnen, welche 5 Tauchlehrer-Spezialit\u00e4ten Sie absolvieren m\u00f6chten. Wir geben Ihnen die EANx-Instructor-Spezialit\u00e4t kostenlos als Ihre 6. Instructor-Spezialit\u00e4t (oder eine andere, falls Sie diese Instructor-Spezialit\u00e4t m\u00f6glicherweise bereits haben).<br \/>\nPreis $1175,- inklusive der PADI Instructor Applications.<\/p>\n<p>Unmittelbar nach jedem IDC f\u00fchren wir ein MDST-All-Inclusive-Programm durch, bei dem Sie eine Gemeinschaftsunterkunft nutzen k\u00f6nnen, einschlie\u00dflich 3 Grundmahlzeiten pro Tag.<br \/>\nDieses <a href=\"https:\/\/buddydive.com\/de\/tauchen\/instructor-entwicklung\/buddy-dive-academy-fuer-profis\/\">All-Inclusive-Paket<\/a> wird sechsmal im Jahr im Anschluss an die IDCs angeboten. Es ist m\u00f6glich, das MSDT-Programm auch in anderen Wochen zu absolvieren, jedoch nicht als Komplettpaket.<\/p>\n<p>Kontaktieren Sie unseren Kursleiter f\u00fcr weitere Informationen: <a href=\"mailto:coursedirector@buddydive.com\">coursedirector@buddydive.com<\/a><\/p>\n<p><strong>Dauer: 7 Tage<\/strong><br \/>\n<strong>Preis: All-Inclusive-Paket: 1702 $<br \/>\nNur Programm: 1175 $<\/strong><\/p>\n<p><strong>Das All-Inclusive-Paket beinhaltet: <\/strong>5 Specialty Instructor-Kurse + kostenloser Nitrox Instructor-Kurs, PADI-Geb\u00fchren f\u00fcr Ihre Specialty Instructor-Antr\u00e4ge, gemeinsame Unterkunft, Flughafentransfers und 3 Mahlzeiten pro Tag, Nutzung von Flaschen und grundlegende Leihausr\u00fcstung. Das Paket beinhaltet nicht die Miete von Spezialausr\u00fcstung wie Sidemount-Ausr\u00fcstung, Trockenanzug usw.[\/vc_column_text][\/vc_tta_section][vc_tta_section title=&#8220;All-Inclusive IDC-Staff Instructor Course&#8220; tab_id=&#8220;1635332555995-b047d178-5eab&#8220;][vc_column_text css=&#8220;&#8220;]Machen Sie den n\u00e4chsten Schritt in Ihrer Karriere und werden Sie IDC-Ausbilder. Das Buddy Dive Resort bietet Ihnen die M\u00f6glichkeit, Ihr Wissen zu erweitern und Ihre Liebe zum PADI-Tauchlehrerberuf zu teilen. W\u00e4hrend dieser Ausbildung lernst du, Instructor Development-Kurse zu unterst\u00fctzen und dein Wissen und deine Leidenschaft an die n\u00e4chste Generation von PADI-Instruktoren weiterzugeben.<\/p>\n<p>Um an dieser Ausbildung teilnehmen zu k\u00f6nnen, m\u00fcssen Sie bereits ein Master Scuba Diver Trainer sein.<\/p>\n<p><strong>All-Inclusive-Paket<\/strong><strong>: 2002 $<br \/>\nNur Programm: 1175 $<br \/>\n<\/strong><\/p>\n<p><strong>Das Paket beinhaltet<\/strong> E-Learning-Materialien f\u00fcr IDC-Mitarbeiter und Listen f\u00fcr IDC-Mitarbeiter\/Kursleiter, gemeinsame Unterkunft, Flughafentransfers und 3 Mahlzeiten pro Tag.[\/vc_column_text][\/vc_tta_section][\/vc_tta_accordion][vc_column_text]\n<p style=\"text-align: center;\"><strong>Sind Sie ein Einheimischer von Bonaire? Kontaktieren Sie uns, um Ihre lokalen Preise anzufordern.\u00a0<\/strong><\/p>\n[\/vc_column_text][vc_btn title=&#8220;Sign up!&#8220; color=&#8220;warning&#8220; align=&#8220;center&#8220; link=&#8220;url:https%3A%2F%2Fbuddydive.com%2Fde%2Fkontakt%2F|&#8220;][\/vc_column][\/vc_row][vc_row][vc_column][vc_gallery images=&#8220;14809,5391,29850&#8243; img_size=&#8220;Medium&#8220; css=&#8220;&#8220; columns=&#8220;3&#8243;][vc_separator][\/vc_column][\/vc_row]\n<\/div>","protected":false},"excerpt":{"rendered":"<p>[vc_row][vc_column width=&#8220;3\/4&#8243;][vc_column_text css=&#8220;&#8220;] Buddy Dive AcademyPakete &amp; Preise &nbsp; Ihre Buddies-Wahl: Das All-Inclusive-IDC Wenn Sie sich f\u00fcr das All-Inclusive-IDC-Paket im [&hellip;]<\/p>\n","protected":false},"author":1,"featured_media":0,"parent":5389,"menu_order":0,"comment_status":"closed","ping_status":"closed","template":"","meta":{"footnotes":""},"class_list":["post-5828","page","type-page","status-publish","hentry"],"yoast_head":"<!-- This site is optimized with the Yoast SEO plugin v27.0 - https:\/\/yoast.com\/product\/yoast-seo-wordpress\/ -->\n<title>Tauchlehrer-Paket - Buddy Dive Resort Bonaire<\/title>\n<meta name=\"description\" content=\"M\u00f6chten Sie Ihr Tauchen auf die n\u00e4chste Stufe heben? W\u00e4hlen Sie unser Tauchlehrer-Paket und werden Sie PADI Tauchlehrer auf Bonaire\" \/>\n<meta name=\"robots\" content=\"index, follow, max-snippet:-1, max-image-preview:large, max-video-preview:-1\" \/>\n<link rel=\"canonical\" href=\"https:\/\/buddydive.com\/de\/tauchen\/instructor-entwicklung\/profi-pakete\/\" \/>\n<meta property=\"og:locale\" content=\"de_DE\" \/>\n<meta property=\"og:type\" content=\"article\" \/>\n<meta property=\"og:title\" content=\"Tauchlehrer-Paket - Buddy Dive Resort Bonaire\" \/>\n<meta property=\"og:description\" content=\"M\u00f6chten Sie Ihr Tauchen auf die n\u00e4chste Stufe heben? W\u00e4hlen Sie unser Tauchlehrer-Paket und werden Sie PADI Tauchlehrer auf Bonaire\" \/>\n<meta property=\"og:url\" content=\"https:\/\/buddydive.com\/de\/tauchen\/instructor-entwicklung\/profi-pakete\/\" \/>\n<meta property=\"og:site_name\" content=\"Buddy Dive Bonaire\" \/>\n<meta property=\"article:publisher\" content=\"https:\/\/www.facebook.com\/buddydiveresort\" \/>\n<meta property=\"article:modified_time\" content=\"2026-02-09T16:31:13+00:00\" \/>\n<meta name=\"twitter:card\" content=\"summary_large_image\" \/>\n<meta name=\"twitter:site\" content=\"@buddydive\" \/>\n<meta name=\"twitter:label1\" content=\"Gesch\u00e4tzte Lesezeit\" \/>\n\t<meta name=\"twitter:data1\" content=\"5\u00a0Minuten\" \/>\n<script type=\"application\/ld+json\" class=\"yoast-schema-graph\">{\"@context\":\"https:\/\/schema.org\",\"@graph\":[{\"@type\":\"WebPage\",\"@id\":\"https:\/\/buddydive.com\/de\/tauchen\/instructor-entwicklung\/profi-pakete\/\",\"url\":\"https:\/\/buddydive.com\/de\/tauchen\/instructor-entwicklung\/profi-pakete\/\",\"name\":\"Tauchlehrer-Paket - Buddy Dive Resort Bonaire\",\"isPartOf\":{\"@id\":\"https:\/\/buddydive.com\/de\/#website\"},\"datePublished\":\"2019-08-05T15:00:56+00:00\",\"dateModified\":\"2026-02-09T16:31:13+00:00\",\"description\":\"M\u00f6chten Sie Ihr Tauchen auf die n\u00e4chste Stufe heben? W\u00e4hlen Sie unser Tauchlehrer-Paket und werden Sie PADI Tauchlehrer auf Bonaire\",\"breadcrumb\":{\"@id\":\"https:\/\/buddydive.com\/de\/tauchen\/instructor-entwicklung\/profi-pakete\/#breadcrumb\"},\"inLanguage\":\"de\",\"potentialAction\":[{\"@type\":\"ReadAction\",\"target\":[\"https:\/\/buddydive.com\/de\/tauchen\/instructor-entwicklung\/profi-pakete\/\"]}]},{\"@type\":\"BreadcrumbList\",\"@id\":\"https:\/\/buddydive.com\/de\/tauchen\/instructor-entwicklung\/profi-pakete\/#breadcrumb\",\"itemListElement\":[{\"@type\":\"ListItem\",\"position\":1,\"name\":\"Home\",\"item\":\"https:\/\/buddydive.com\/de\/\"},{\"@type\":\"ListItem\",\"position\":2,\"name\":\"Tauchen\",\"item\":\"https:\/\/buddydive.com\/de\/diving\/\"},{\"@type\":\"ListItem\",\"position\":3,\"name\":\"Instructor Entwicklung\",\"item\":\"https:\/\/buddydive.com\/de\/diving\/instructor-development-course\/\"},{\"@type\":\"ListItem\",\"position\":4,\"name\":\"Pakete &amp; Preise\"}]},{\"@type\":\"WebSite\",\"@id\":\"https:\/\/buddydive.com\/de\/#website\",\"url\":\"https:\/\/buddydive.com\/de\/\",\"name\":\"Buddy Dive Bonaire\",\"description\":\"My WordPress Blog\",\"potentialAction\":[{\"@type\":\"SearchAction\",\"target\":{\"@type\":\"EntryPoint\",\"urlTemplate\":\"https:\/\/buddydive.com\/de\/?s={search_term_string}\"},\"query-input\":{\"@type\":\"PropertyValueSpecification\",\"valueRequired\":true,\"valueName\":\"search_term_string\"}}],\"inLanguage\":\"de\"}]}<\/script>\n<!-- \/ Yoast SEO plugin. -->","yoast_head_json":{"title":"Tauchlehrer-Paket - Buddy Dive Resort Bonaire","description":"M\u00f6chten Sie Ihr Tauchen auf die n\u00e4chste Stufe heben? W\u00e4hlen Sie unser Tauchlehrer-Paket und werden Sie PADI Tauchlehrer auf Bonaire","robots":{"index":"index","follow":"follow","max-snippet":"max-snippet:-1","max-image-preview":"max-image-preview:large","max-video-preview":"max-video-preview:-1"},"canonical":"https:\/\/buddydive.com\/de\/tauchen\/instructor-entwicklung\/profi-pakete\/","og_locale":"de_DE","og_type":"article","og_title":"Tauchlehrer-Paket - Buddy Dive Resort Bonaire","og_description":"M\u00f6chten Sie Ihr Tauchen auf die n\u00e4chste Stufe heben? W\u00e4hlen Sie unser Tauchlehrer-Paket und werden Sie PADI Tauchlehrer auf Bonaire","og_url":"https:\/\/buddydive.com\/de\/tauchen\/instructor-entwicklung\/profi-pakete\/","og_site_name":"Buddy Dive Bonaire","article_publisher":"https:\/\/www.facebook.com\/buddydiveresort","article_modified_time":"2026-02-09T16:31:13+00:00","twitter_card":"summary_large_image","twitter_site":"@buddydive","twitter_misc":{"Gesch\u00e4tzte Lesezeit":"5\u00a0Minuten"},"schema":{"@context":"https:\/\/schema.org","@graph":[{"@type":"WebPage","@id":"https:\/\/buddydive.com\/de\/tauchen\/instructor-entwicklung\/profi-pakete\/","url":"https:\/\/buddydive.com\/de\/tauchen\/instructor-entwicklung\/profi-pakete\/","name":"Tauchlehrer-Paket - Buddy Dive Resort Bonaire","isPartOf":{"@id":"https:\/\/buddydive.com\/de\/#website"},"datePublished":"2019-08-05T15:00:56+00:00","dateModified":"2026-02-09T16:31:13+00:00","description":"M\u00f6chten Sie Ihr Tauchen auf die n\u00e4chste Stufe heben? W\u00e4hlen Sie unser Tauchlehrer-Paket und werden Sie PADI Tauchlehrer auf Bonaire","breadcrumb":{"@id":"https:\/\/buddydive.com\/de\/tauchen\/instructor-entwicklung\/profi-pakete\/#breadcrumb"},"inLanguage":"de","potentialAction":[{"@type":"ReadAction","target":["https:\/\/buddydive.com\/de\/tauchen\/instructor-entwicklung\/profi-pakete\/"]}]},{"@type":"BreadcrumbList","@id":"https:\/\/buddydive.com\/de\/tauchen\/instructor-entwicklung\/profi-pakete\/#breadcrumb","itemListElement":[{"@type":"ListItem","position":1,"name":"Home","item":"https:\/\/buddydive.com\/de\/"},{"@type":"ListItem","position":2,"name":"Tauchen","item":"https:\/\/buddydive.com\/de\/diving\/"},{"@type":"ListItem","position":3,"name":"Instructor Entwicklung","item":"https:\/\/buddydive.com\/de\/diving\/instructor-development-course\/"},{"@type":"ListItem","position":4,"name":"Pakete &amp; Preise"}]},{"@type":"WebSite","@id":"https:\/\/buddydive.com\/de\/#website","url":"https:\/\/buddydive.com\/de\/","name":"Buddy Dive Bonaire","description":"My WordPress Blog","potentialAction":[{"@type":"SearchAction","target":{"@type":"EntryPoint","urlTemplate":"https:\/\/buddydive.com\/de\/?s={search_term_string}"},"query-input":{"@type":"PropertyValueSpecification","valueRequired":true,"valueName":"search_term_string"}}],"inLanguage":"de"}]}},"_links":{"self":[{"href":"https:\/\/buddydive.com\/de\/wp-json\/wp\/v2\/pages\/5828","targetHints":{"allow":["GET"]}}],"collection":[{"href":"https:\/\/buddydive.com\/de\/wp-json\/wp\/v2\/pages"}],"about":[{"href":"https:\/\/buddydive.com\/de\/wp-json\/wp\/v2\/types\/page"}],"author":[{"embeddable":true,"href":"https:\/\/buddydive.com\/de\/wp-json\/wp\/v2\/users\/1"}],"replies":[{"embeddable":true,"href":"https:\/\/buddydive.com\/de\/wp-json\/wp\/v2\/comments?post=5828"}],"version-history":[{"count":60,"href":"https:\/\/buddydive.com\/de\/wp-json\/wp\/v2\/pages\/5828\/revisions"}],"predecessor-version":[{"id":36790,"href":"https:\/\/buddydive.com\/de\/wp-json\/wp\/v2\/pages\/5828\/revisions\/36790"}],"up":[{"embeddable":true,"href":"https:\/\/buddydive.com\/de\/wp-json\/wp\/v2\/pages\/5389"}],"wp:attachment":[{"href":"https:\/\/buddydive.com\/de\/wp-json\/wp\/v2\/media?parent=5828"}],"curies":[{"name":"wp","href":"https:\/\/api.w.org\/{rel}","templated":true}]}}