{"id":5760,"date":"2020-01-12T18:36:32","date_gmt":"2020-01-12T18:36:32","guid":{"rendered":"https:\/\/buddydive.com\/?page_id=5760"},"modified":"2026-02-03T11:26:50","modified_gmt":"2026-02-03T11:26:50","slug":"sparen-sie-zeit","status":"publish","type":"page","link":"https:\/\/buddydive.com\/de\/uber-uns\/sparen-sie-zeit\/","title":{"rendered":"Zeit beim Check-in sparen"},"content":{"rendered":"<div class=\"wpb-content-wrapper\">[vc_row][vc_column][vc_column_text]\n<h1 style=\"text-align: center;\">Zeit sparen beim Check-in<\/h1>\n[\/vc_column_text][\/vc_column][\/vc_row][vc_row][vc_column][vc_column_text css=&#8220;&#8220;]\n<h3>Reiseversicherung<\/h3>\n<p>F\u00fcr Ihre Sicherheit empfehlen wir Ihnen dringend, vor Ihrer Reise eine Reiseversicherung abzuschlie\u00dfen. Sie bietet einen wichtigen Schutz bei unerwarteten Ereignissen wie Stornierungen, Versp\u00e4tungen oder medizinischen Notf\u00e4llen. Wir m\u00f6chten, dass Sie eine unbeschwerte Erfahrung machen. Der Abschluss einer Versicherung stellt sicher, dass Sie w\u00e4hrend Ihrer gesamten Reise gesch\u00fctzt sind. Weitere Informationen finden Sie <a href=\"https:\/\/buddydive.com\/trip-insurance-bonaire\/\">hier<\/a>.[\/vc_column_text][vc_column_text css=&#8220;&#8220;]\n<h3>Hotelregistrierung<\/h3>\n<p>Verschaffen Sie sich einen Vorsprung und laden Sie unser informatives Dokument \u201eWissenswertes vor Ihrer Reise\u201c herunter!<br \/>\nSparen Sie Zeit an der Rezeption und im Tauchshop, indem Sie die erforderlichen <a href=\"https:\/\/buddydive.com\/de\/buddy-dive-resort-guest-registration-card\/\">Unterlagen<\/a> vor Ihrer Ankunft ausf\u00fcllen.[\/vc_column_text][vc_column_text]\n<h3>Registrierung im Tauchshop<\/h3>\n<p>Bitte f\u00fcllen Sie vor Ihrer Ankunft das <a href=\"https:\/\/buddydive.com\/de\/uber-uns\/haftungsformulare-fuer-den-tauchshop\/\">Haftungsformular f\u00fcr Taucher<\/a> aus. Nehmen Sie an einem Kurs bei uns teil? Bitte f\u00fcllen Sie das <a href=\"https:\/\/buddydive.com\/de\/uber-uns\/haftungsformulare-fuer-den-tauchshop\/\">Haftungsformular<\/a> aus, bevor Sie nach Bonaire kommen.  <\/p>\n<h3>Geb\u00fchr f\u00fcr den Stinapa Marine Park<\/h3>\n<p>Alle Personen, die den Bonaire Marine Park (das gesamte Wasser rund um Bonaire) nutzen m\u00f6chten, m\u00fcssen die Bonaire Marine Park Geb\u00fchr an Stinapa entrichten. Die Geb\u00fchr betr\u00e4gt 40 $ f\u00fcr alle Nutzer des Marine Parks. <\/p>\n<p>Bitte bezahlen Sie Ihre Marine Park Geb\u00fchr online vor Ihrer Ankunft. Die Geb\u00fchr kann auf der <a href=\"https:\/\/stinapa.bonairenaturefee.org\/\">Stinapa-Website<\/a> bezahlt werden. <\/p>\n<h3>Touristensteuer<\/h3>\n<p><span class=\"mc-toc-title\">Ab dem 1.<sup>sten<\/sup> Juli 2022 wird die Zimmer- und Autosteuer nicht mehr in unseren Resorts bezahlt, sondern eine Touristensteuer in H\u00f6he von 75 $ muss vor der Ankunft bezahlt werden. Die Steuer gilt f\u00fcr alle nichtans\u00e4ssigen Personen ab 13 Jahren, die nach Bonaire einreisen. Nichtans\u00e4ssige im Alter von 12 Jahren und j\u00fcnger sowie Einwohner der ehemaligen Niederl\u00e4ndischen Antillen, die auf der Insel ankommen, zahlen eine Geb\u00fchr von 10 $ pro Besuch.  <\/span><\/p>\n<p>Diese Steuer kann vor der Ankunft \u00fcber eine <a href=\"https:\/\/bonaireisland.com\/\">Online-Plattform<\/a> oder bei der Ankunft am Flamingo Airport bezahlt werden. Die Mittel aus der Touristensteuer werden investiert, um Bildung, Infrastruktur, Tourismusentwicklung und Nachhaltigkeitsinitiativen auf der Insel zu unterst\u00fctzen. <\/p>\n<p>Sobald Sie sich registriert und bezahlt haben, erhalten Sie per E-Mail einen pers\u00f6nlichen QR-Code. Dieser Code wird bei der Ankunft \u00fcberpr\u00fcft. <\/p>\n<p><strong><em>Wir empfehlen Ihnen dringend, alle erforderlichen Informationen auf www.bonaireisland.com vor Ihrer Ankunft auszuf\u00fcllen und den QR-Code mitzubringen. Dies verhindert lange Wartezeiten am Flughafen.<br \/>\n<\/em><\/strong><\/p>\n<h3><strong><em><br \/>\n<\/em><\/strong>Unterzeichnen Sie den Bonaire Bond<strong><em><br \/>\n<\/em><\/strong><\/h3>\n<p>Mit der Unterzeichnung des <a href=\"https:\/\/bonaireisland.com\/about\/bonaire-bond\/\">Bonaire Bond<\/a> versprechen Sie, zum Erhalt und Schutz der Insel, der Gemeinschaft und der Lebensgrundlagen f\u00fcr zuk\u00fcnftige Jahre beizutragen. Im Namen der Personen, die den <a href=\"https:\/\/bonaireisland.com\/about\/bonaire-bond\/\">Bonaire Bond<\/a> unterzeichnet haben, wird die Tourism Corporation Bonaire einen Korallenbaum von Reef Renewal Bonaire adoptieren. <\/p>\n<h3><strong><em> <\/em><\/strong><\/h3>\n[\/vc_column_text][vc_column_text][\/vc_column_text][vc_column_text]\n<h2 style=\"text-align: center;\">Wissenswertes vor Ihrer Reise<\/h2>\n<p style=\"text-align: center;\">Um die Vorbereitungen f\u00fcr Ihren Urlaub auf Bonaire so einfach wie m\u00f6glich zu gestalten, haben wir eine Datei mit Wissenswertem vor Ihrer Reise zusammengestellt. Wenn Sie nach dem Lesen dieser Datei noch Fragen haben, z\u00f6gern Sie bitte nicht, uns zu kontaktieren. <\/p>\n[\/vc_column_text][\/vc_column][\/vc_row][vc_row][vc_column width=&#8220;1\/3&#8243;][vc_btn title=&#8220;Wissenswertes vor der Reise &#8211; Englisch&#8220; css=&#8220;&#8220; link=&#8220;url:https%3A%2F%2Fbuddydive.com%2Fwp-content%2Fuploads%2F2025%2F10%2FKnow-Before-You-Go-2025.pdf|target:_blank|&#8220;][\/vc_column][vc_column width=&#8220;1\/3&#8243;][vc_btn title=&#8220;Wat je moet weten voor je gaa &#8211; Nederlands&#8220; css=&#8220;&#8220; link=&#8220;url:https%3A%2F%2Fbuddydive.com%2Fwp-content%2Fuploads%2F2025%2F09%2FBDR-KBYG-2025-DUTCH-2.pdf|target:_blank|&#8220;][\/vc_column][vc_column width=&#8220;1\/3&#8243;][vc_btn title=&#8220;Sepa antes de viajar &#8211; Espa\u00f1ol&#8220; css=&#8220;&#8220; link=&#8220;url:https%3A%2F%2Fbuddydive.com%2Fwp-content%2Fuploads%2F2025%2F09%2FBDR-KBYG-2025-SPANISH.pdf|target:_blank|&#8220;][\/vc_column][\/vc_row][vc_row][vc_column width=&#8220;1\/3&#8243;][vc_btn title=&#8220;Saber antes de partir &#8211; Portugu\u00eas&#8220; css=&#8220;&#8220; link=&#8220;url:https%3A%2F%2Fbuddydive.com%2Fwp-content%2Fuploads%2F2025%2F09%2FBDR-KBYG-2025-PORTUGESE.pdf|target:_blank|&#8220;][\/vc_column][vc_column width=&#8220;1\/3&#8243;][vc_btn title=&#8220;Was Sie vor der Reise wissen sollten &#8211; Deutsch&#8220; css=&#8220;&#8220; link=&#8220;url:https%3A%2F%2Fbuddydive.com%2Fwp-content%2Fuploads%2F2025%2F09%2FBDR-KBYG-2025-GERMAN-1.pdf|target:_blank|&#8220;][\/vc_column][vc_column width=&#8220;1\/3&#8243;][vc_btn title=&#8220;Sache avant de partir &#8211; Fran\u00e7ais&#8220; css=&#8220;&#8220; link=&#8220;url:https%3A%2F%2Fbuddydive.com%2Fwp-content%2Fuploads%2F2025%2F09%2FBDR-KBYG-2025-FRENCH.pdf|target:_blank|&#8220;][\/vc_column][\/vc_row][vc_row][vc_column][\/vc_column][\/vc_row]\n<\/div>","protected":false},"excerpt":{"rendered":"<p>[vc_row][vc_column][vc_column_text] Zeit sparen beim Check-in [\/vc_column_text][\/vc_column][\/vc_row][vc_row][vc_column][vc_column_text css=&#8220;&#8220;] Reiseversicherung F\u00fcr Ihre Sicherheit empfehlen wir Ihnen dringend, vor Ihrer Reise eine Reiseversicherung [&hellip;]<\/p>\n","protected":false},"author":1,"featured_media":0,"parent":5693,"menu_order":0,"comment_status":"closed","ping_status":"closed","template":"page-templates\/page-right.php","meta":{"footnotes":""},"class_list":["post-5760","page","type-page","status-publish","hentry"],"yoast_head":"<!-- This site is optimized with the Yoast SEO plugin v27.0 - https:\/\/yoast.com\/product\/yoast-seo-wordpress\/ -->\n<title>Zeit beim Check-in sparen - GenericProductName<\/title>\n<meta name=\"description\" content=\"Sparen Sie Zeit an der Rezeption und f\u00fcllen Sie die erforderlichen Unterlagen vor Ihrer Ankunft zu Hause oder im Flugzeug aus. Laden Sie Ihr Formular hier herunter.\" \/>\n<meta name=\"robots\" content=\"index, follow, max-snippet:-1, max-image-preview:large, max-video-preview:-1\" \/>\n<link rel=\"canonical\" href=\"https:\/\/buddydive.com\/de\/uber-uns\/sparen-sie-zeit\/\" \/>\n<meta property=\"og:locale\" content=\"de_DE\" \/>\n<meta property=\"og:type\" content=\"article\" \/>\n<meta property=\"og:title\" content=\"Zeit beim Check-in sparen - GenericProductName\" \/>\n<meta property=\"og:description\" content=\"Sparen Sie Zeit an der Rezeption und f\u00fcllen Sie die erforderlichen Unterlagen vor Ihrer Ankunft zu Hause oder im Flugzeug aus. Laden Sie Ihr Formular hier herunter.\" \/>\n<meta property=\"og:url\" content=\"https:\/\/buddydive.com\/de\/uber-uns\/sparen-sie-zeit\/\" \/>\n<meta property=\"og:site_name\" content=\"Buddy Dive Bonaire\" \/>\n<meta property=\"article:publisher\" content=\"https:\/\/www.facebook.com\/buddydiveresort\" \/>\n<meta property=\"article:modified_time\" content=\"2026-02-03T11:26:50+00:00\" \/>\n<meta name=\"twitter:card\" content=\"summary_large_image\" \/>\n<meta name=\"twitter:site\" content=\"@buddydive\" \/>\n<meta name=\"twitter:label1\" content=\"Gesch\u00e4tzte Lesezeit\" \/>\n\t<meta name=\"twitter:data1\" content=\"2\u00a0Minuten\" \/>\n<script type=\"application\/ld+json\" class=\"yoast-schema-graph\">{\"@context\":\"https:\/\/schema.org\",\"@graph\":[{\"@type\":\"WebPage\",\"@id\":\"https:\/\/buddydive.com\/de\/uber-uns\/sparen-sie-zeit\/\",\"url\":\"https:\/\/buddydive.com\/de\/uber-uns\/sparen-sie-zeit\/\",\"name\":\"Zeit beim Check-in sparen - GenericProductName\",\"isPartOf\":{\"@id\":\"https:\/\/buddydive.com\/de\/#website\"},\"datePublished\":\"2020-01-12T18:36:32+00:00\",\"dateModified\":\"2026-02-03T11:26:50+00:00\",\"description\":\"Sparen Sie Zeit an der Rezeption und f\u00fcllen Sie die erforderlichen Unterlagen vor Ihrer Ankunft zu Hause oder im Flugzeug aus. Laden Sie Ihr Formular hier herunter.\",\"breadcrumb\":{\"@id\":\"https:\/\/buddydive.com\/de\/uber-uns\/sparen-sie-zeit\/#breadcrumb\"},\"inLanguage\":\"de\",\"potentialAction\":[{\"@type\":\"ReadAction\",\"target\":[\"https:\/\/buddydive.com\/de\/uber-uns\/sparen-sie-zeit\/\"]}]},{\"@type\":\"BreadcrumbList\",\"@id\":\"https:\/\/buddydive.com\/de\/uber-uns\/sparen-sie-zeit\/#breadcrumb\",\"itemListElement\":[{\"@type\":\"ListItem\",\"position\":1,\"name\":\"Home\",\"item\":\"https:\/\/buddydive.com\/de\/\"},{\"@type\":\"ListItem\",\"position\":2,\"name\":\"\u00dcber uns\",\"item\":\"https:\/\/buddydive.com\/de\/about-us\/\"},{\"@type\":\"ListItem\",\"position\":3,\"name\":\"Zeit beim Check-in sparen\"}]},{\"@type\":\"WebSite\",\"@id\":\"https:\/\/buddydive.com\/de\/#website\",\"url\":\"https:\/\/buddydive.com\/de\/\",\"name\":\"Buddy Dive Bonaire\",\"description\":\"My WordPress Blog\",\"potentialAction\":[{\"@type\":\"SearchAction\",\"target\":{\"@type\":\"EntryPoint\",\"urlTemplate\":\"https:\/\/buddydive.com\/de\/?s={search_term_string}\"},\"query-input\":{\"@type\":\"PropertyValueSpecification\",\"valueRequired\":true,\"valueName\":\"search_term_string\"}}],\"inLanguage\":\"de\"}]}<\/script>\n<!-- \/ Yoast SEO plugin. -->","yoast_head_json":{"title":"Zeit beim Check-in sparen - GenericProductName","description":"Sparen Sie Zeit an der Rezeption und f\u00fcllen Sie die erforderlichen Unterlagen vor Ihrer Ankunft zu Hause oder im Flugzeug aus. Laden Sie Ihr Formular hier herunter.","robots":{"index":"index","follow":"follow","max-snippet":"max-snippet:-1","max-image-preview":"max-image-preview:large","max-video-preview":"max-video-preview:-1"},"canonical":"https:\/\/buddydive.com\/de\/uber-uns\/sparen-sie-zeit\/","og_locale":"de_DE","og_type":"article","og_title":"Zeit beim Check-in sparen - GenericProductName","og_description":"Sparen Sie Zeit an der Rezeption und f\u00fcllen Sie die erforderlichen Unterlagen vor Ihrer Ankunft zu Hause oder im Flugzeug aus. Laden Sie Ihr Formular hier herunter.","og_url":"https:\/\/buddydive.com\/de\/uber-uns\/sparen-sie-zeit\/","og_site_name":"Buddy Dive Bonaire","article_publisher":"https:\/\/www.facebook.com\/buddydiveresort","article_modified_time":"2026-02-03T11:26:50+00:00","twitter_card":"summary_large_image","twitter_site":"@buddydive","twitter_misc":{"Gesch\u00e4tzte Lesezeit":"2\u00a0Minuten"},"schema":{"@context":"https:\/\/schema.org","@graph":[{"@type":"WebPage","@id":"https:\/\/buddydive.com\/de\/uber-uns\/sparen-sie-zeit\/","url":"https:\/\/buddydive.com\/de\/uber-uns\/sparen-sie-zeit\/","name":"Zeit beim Check-in sparen - GenericProductName","isPartOf":{"@id":"https:\/\/buddydive.com\/de\/#website"},"datePublished":"2020-01-12T18:36:32+00:00","dateModified":"2026-02-03T11:26:50+00:00","description":"Sparen Sie Zeit an der Rezeption und f\u00fcllen Sie die erforderlichen Unterlagen vor Ihrer Ankunft zu Hause oder im Flugzeug aus. Laden Sie Ihr Formular hier herunter.","breadcrumb":{"@id":"https:\/\/buddydive.com\/de\/uber-uns\/sparen-sie-zeit\/#breadcrumb"},"inLanguage":"de","potentialAction":[{"@type":"ReadAction","target":["https:\/\/buddydive.com\/de\/uber-uns\/sparen-sie-zeit\/"]}]},{"@type":"BreadcrumbList","@id":"https:\/\/buddydive.com\/de\/uber-uns\/sparen-sie-zeit\/#breadcrumb","itemListElement":[{"@type":"ListItem","position":1,"name":"Home","item":"https:\/\/buddydive.com\/de\/"},{"@type":"ListItem","position":2,"name":"\u00dcber uns","item":"https:\/\/buddydive.com\/de\/about-us\/"},{"@type":"ListItem","position":3,"name":"Zeit beim Check-in sparen"}]},{"@type":"WebSite","@id":"https:\/\/buddydive.com\/de\/#website","url":"https:\/\/buddydive.com\/de\/","name":"Buddy Dive Bonaire","description":"My WordPress Blog","potentialAction":[{"@type":"SearchAction","target":{"@type":"EntryPoint","urlTemplate":"https:\/\/buddydive.com\/de\/?s={search_term_string}"},"query-input":{"@type":"PropertyValueSpecification","valueRequired":true,"valueName":"search_term_string"}}],"inLanguage":"de"}]}},"_links":{"self":[{"href":"https:\/\/buddydive.com\/de\/wp-json\/wp\/v2\/pages\/5760","targetHints":{"allow":["GET"]}}],"collection":[{"href":"https:\/\/buddydive.com\/de\/wp-json\/wp\/v2\/pages"}],"about":[{"href":"https:\/\/buddydive.com\/de\/wp-json\/wp\/v2\/types\/page"}],"author":[{"embeddable":true,"href":"https:\/\/buddydive.com\/de\/wp-json\/wp\/v2\/users\/1"}],"replies":[{"embeddable":true,"href":"https:\/\/buddydive.com\/de\/wp-json\/wp\/v2\/comments?post=5760"}],"version-history":[{"count":46,"href":"https:\/\/buddydive.com\/de\/wp-json\/wp\/v2\/pages\/5760\/revisions"}],"predecessor-version":[{"id":36519,"href":"https:\/\/buddydive.com\/de\/wp-json\/wp\/v2\/pages\/5760\/revisions\/36519"}],"up":[{"embeddable":true,"href":"https:\/\/buddydive.com\/de\/wp-json\/wp\/v2\/pages\/5693"}],"wp:attachment":[{"href":"https:\/\/buddydive.com\/de\/wp-json\/wp\/v2\/media?parent=5760"}],"curies":[{"name":"wp","href":"https:\/\/api.w.org\/{rel}","templated":true}]}}