{"id":5693,"date":"2020-01-12T18:02:22","date_gmt":"2020-01-12T18:02:22","guid":{"rendered":"https:\/\/buddydive.com\/?page_id=5693"},"modified":"2025-06-11T19:04:33","modified_gmt":"2025-06-11T19:04:33","slug":"uber-uns","status":"publish","type":"page","link":"https:\/\/buddydive.com\/de\/uber-uns\/","title":{"rendered":"\u00dcber uns"},"content":{"rendered":"<div class=\"wpb-content-wrapper\">[vc_row][vc_column][vc_column_text css=&#8220;&#8220;]\n<h1 class=\"text-uppercase\" style=\"text-align: center;\"><small>WILLKOMMEN IN BONAIRE UND WILLKOMMEN IM<\/small>Buddy Dive Family<\/h1>\n<p><\/p>\n<h4>Das Jahr 2025 ist ein besonderes Jahr f\u00fcr uns als Buddy Dive Familie \u2013 es markiert das 45-j\u00e4hrige Jubil\u00e4um des Buddy Dive Resorts.<\/h4>\n<p><\/p>\n<p data-start=\"0\" data-end=\"427\">Das Resort \u00f6ffnete erstmals am 19. August 1980 seine T\u00fcren, und es steht au\u00dfer Frage, dass sich seitdem vieles ereignet und ver\u00e4ndert hat. Wenn man mit G\u00e4sten spricht, die schon fr\u00fcher bei uns waren, haben sie sicherlich viele Geschichten von damals zu erz\u00e4hlen, die sie gerne mit Ihnen teilen.<\/p>\n<p><\/p>\n<p data-start=\"429\" data-end=\"1011\">Martien van der Valk, das Oberhaupt der Buddy Dive Familie, blickt zur\u00fcck:<br data-start=\"503\" data-end=\"506\" \/>\u201eAls meine Frau Ingrid und ich im Jahr 2002 Buddy Dive Resort &amp; Watersports \u00fcbernahmen, verf\u00fcgte das Resort nur \u00fcber 46 Apartments, eine kleine Tauchbasis mit 3 Booten und 20 Mietwagen.\u201c<br data-start=\"692\" data-end=\"695\" \/>Heute bietet das Resort 73 Apartments, \u00fcber 100 Mietwagen und zwei Restaurants. Die Tauchbasis hat sich enorm entwickelt und ist heute ein PADI 5-Sterne Career Development Center mit 6 Tauchbooten, einer gro\u00dfen Auswahl an Tauchoptionen, Kursen, Kinderprogrammen und der gr\u00f6\u00dften technischen Tauchbasis in der Karibik.<\/p>\n<p><\/p>\n<p data-start=\"1013\" data-end=\"1349\">Im Jahr 2012 gr\u00fcndeten wir eine Stiftung zum Schutz und zur Wiederherstellung der Korallenriffe auf Bonaire: Die <strong data-start=\"1126\" data-end=\"1161\">Reef Renewal Foundation Bonaire<\/strong> ist mittlerweile eine etablierte Organisation mit mehreren teilnehmenden Tauchbasen auf der Insel. Bis heute hat Reef Renewal Bonaire \u00fcber 22.000 Korallen in unsere Riffe zur\u00fcckgepflanzt.<\/p>\n<p><\/p>\n<p data-start=\"1351\" data-end=\"2000\">Darauf kann man wirklich stolz sein. Martien f\u00e4hrt fort:<br data-start=\"1407\" data-end=\"1410\" \/>\u201eMeine Frau und ich sind auch stolz darauf, dass wir die Leitung an die n\u00e4chste Generation \u00fcbergeben konnten, die in unsere Fu\u00dfstapfen tritt und unsere Mission weiterf\u00fchrt: Buddy Dive Resort als das bevorzugte Resort und die f\u00fchrende Tauchbasis f\u00fcr Ihren Tauchurlaub und Ihre Tauchausbildung zu etablieren.<br data-start=\"1716\" data-end=\"1719\" \/>Wir sind auch sehr stolz auf die vielen G\u00e4ste, die im Laufe der Jahre Teil unserer Buddy Dive Familie geworden sind und zu einer fantastischen Gruppe von Stammg\u00e4sten geh\u00f6ren \u2013 einige davon kommen bereits seit 25 Jahren jedes Jahr wieder! Und diese Gruppe w\u00e4chst jedes Jahr weiter.\u201c<\/p>\n<p><\/p>\n<p data-start=\"2002\" data-end=\"2187\">F\u00fcr alle, die noch nie auf Bonaire waren: Wir hoffen, Sie bald in einem unserer Resorts begr\u00fc\u00dfen zu d\u00fcrfen, damit Sie all die Wunder unserer wundersch\u00f6nen Insel selbst erleben k\u00f6nnen.<\/p>\n<p><\/p>\n<p data-start=\"2189\" data-end=\"2246\" data-is-last-node=\"\" data-is-only-node=\"\"><strong>Und an alle anderen: Wir hoffen, euch bald wiederzusehen!<\/strong><\/p>\n[\/vc_column_text][vc_gallery images=&#8220;4063,4064&#8243; img_size=&#8220;large&#8220; columns=&#8220;2&#8243;][\/vc_column][\/vc_row][vc_row][vc_column][vc_raw_js]JTNDc2NyaXB0JTIwdHlwZSUzRCUyMnRleHQlMkZqYXZhc2NyaXB0JTIyJTNFJTBBd2luZG93LlRyZW5nbyUyMCUzRCUyMHdpbmRvdy5UcmVuZ28lMjAlN0MlN0MlMjAlN0IlN0QlM0IlMEF3aW5kb3cuVHJlbmdvLmtleSUyMCUzRCUyMCUyN1E5SGI4dlBvS2VnRDFBSSUyNyUzQiUwQSUyOGZ1bmN0aW9uJTI4ZCUyQyUyMHNjcmlwdCUyQyUyMHQlMjklMjAlN0IlMEElMjAlMjAlMjAlMjBzY3JpcHQlMjAlM0QlMjBkLmNyZWF0ZUVsZW1lbnQlMjglMjdzY3JpcHQlMjclMjklM0IlMEElMjAlMjAlMjAlMjBzY3JpcHQudHlwZSUyMCUzRCUyMCUyN3RleHQlMkZqYXZhc2NyaXB0JTI3JTNCJTBBJTIwJTIwJTIwJTIwc2NyaXB0LmFzeW5jJTIwJTNEJTIwdHJ1ZSUzQiUwQSUyMCUyMCUyMCUyMHNjcmlwdC5zcmMlMjAlM0QlMjAlMjdodHRwcyUzQSUyRiUyRnN0YXRpYy53aWRnZXQudHJlbmdvLmV1JTJGZW1iZWQuanMlMjclM0IlMEElMjAlMjAlMjAlMjBkLmdldEVsZW1lbnRzQnlUYWdOYW1lJTI4JTI3aGVhZCUyNyUyOSU1QjAlNUQuYXBwZW5kQ2hpbGQlMjhzY3JpcHQlMjklM0IlMEElN0QlMjhkb2N1bWVudCUyOSUyOSUzQiUwQSUzQyUyRnNjcmlwdCUzRQ==[\/vc_raw_js][\/vc_column][\/vc_row]\n<\/div>","protected":false},"excerpt":{"rendered":"<p>[vc_row][vc_column][vc_column_text css=&#8220;&#8220;] WILLKOMMEN IN BONAIRE UND WILLKOMMEN IMBuddy Dive Family Das Jahr 2025 ist ein besonderes Jahr f\u00fcr uns als [&hellip;]<\/p>\n","protected":false},"author":1,"featured_media":0,"parent":0,"menu_order":0,"comment_status":"closed","ping_status":"closed","template":"page-templates\/page-left.php","meta":{"footnotes":""},"class_list":["post-5693","page","type-page","status-publish","hentry"],"yoast_head":"<!-- This site is optimized with the Yoast SEO plugin v27.4 - https:\/\/yoast.com\/product\/yoast-seo-wordpress\/ -->\n<title>\u00dcber uns, das Buddy Dive Family - Buddy Dive Resort Bonaire<\/title>\n<meta name=\"description\" content=\"Das Buddy Dive Resort Bonaire ist ein voll ausgestattetes Tauchresort, das alle Ihre Bed\u00fcrfnisse als Taucher erf\u00fcllt und der Familie Van der Valk Bonaire geh\u00f6rt.\" \/>\n<meta name=\"robots\" content=\"index, follow, max-snippet:-1, max-image-preview:large, max-video-preview:-1\" \/>\n<link rel=\"canonical\" href=\"https:\/\/buddydive.com\/de\/uber-uns\/\" \/>\n<meta property=\"og:locale\" content=\"de_DE\" \/>\n<meta property=\"og:type\" content=\"article\" \/>\n<meta property=\"og:title\" content=\"\u00dcber uns, das Buddy Dive Family - Buddy Dive Resort Bonaire\" \/>\n<meta property=\"og:description\" content=\"Das Buddy Dive Resort Bonaire ist ein voll ausgestattetes Tauchresort, das alle Ihre Bed\u00fcrfnisse als Taucher erf\u00fcllt und der Familie Van der Valk Bonaire geh\u00f6rt.\" \/>\n<meta property=\"og:url\" content=\"https:\/\/buddydive.com\/de\/uber-uns\/\" \/>\n<meta property=\"og:site_name\" content=\"Buddy Dive Bonaire\" \/>\n<meta property=\"article:publisher\" content=\"https:\/\/www.facebook.com\/buddydiveresort\" \/>\n<meta property=\"article:modified_time\" content=\"2025-06-11T19:04:33+00:00\" \/>\n<meta name=\"twitter:card\" content=\"summary_large_image\" \/>\n<meta name=\"twitter:site\" content=\"@buddydive\" \/>\n<meta name=\"twitter:label1\" content=\"Gesch\u00e4tzte Lesezeit\" \/>\n\t<meta name=\"twitter:data1\" content=\"2\u00a0Minuten\" \/>\n<script type=\"application\/ld+json\" class=\"yoast-schema-graph\">{\"@context\":\"https:\\\/\\\/schema.org\",\"@graph\":[{\"@type\":\"WebPage\",\"@id\":\"https:\\\/\\\/buddydive.com\\\/de\\\/uber-uns\\\/\",\"url\":\"https:\\\/\\\/buddydive.com\\\/de\\\/uber-uns\\\/\",\"name\":\"\u00dcber uns, das Buddy Dive Family - Buddy Dive Resort Bonaire\",\"isPartOf\":{\"@id\":\"https:\\\/\\\/buddydive.com\\\/de\\\/#website\"},\"datePublished\":\"2020-01-12T18:02:22+00:00\",\"dateModified\":\"2025-06-11T19:04:33+00:00\",\"description\":\"Das Buddy Dive Resort Bonaire ist ein voll ausgestattetes Tauchresort, das alle Ihre Bed\u00fcrfnisse als Taucher erf\u00fcllt und der Familie Van der Valk Bonaire geh\u00f6rt.\",\"breadcrumb\":{\"@id\":\"https:\\\/\\\/buddydive.com\\\/de\\\/uber-uns\\\/#breadcrumb\"},\"inLanguage\":\"de\",\"potentialAction\":[{\"@type\":\"ReadAction\",\"target\":[\"https:\\\/\\\/buddydive.com\\\/de\\\/uber-uns\\\/\"]}]},{\"@type\":\"BreadcrumbList\",\"@id\":\"https:\\\/\\\/buddydive.com\\\/de\\\/uber-uns\\\/#breadcrumb\",\"itemListElement\":[{\"@type\":\"ListItem\",\"position\":1,\"name\":\"Home\",\"item\":\"https:\\\/\\\/buddydive.com\\\/de\\\/\"},{\"@type\":\"ListItem\",\"position\":2,\"name\":\"\u00dcber uns\"}]},{\"@type\":\"WebSite\",\"@id\":\"https:\\\/\\\/buddydive.com\\\/de\\\/#website\",\"url\":\"https:\\\/\\\/buddydive.com\\\/de\\\/\",\"name\":\"Buddy Dive Bonaire\",\"description\":\"My WordPress Blog\",\"potentialAction\":[{\"@type\":\"SearchAction\",\"target\":{\"@type\":\"EntryPoint\",\"urlTemplate\":\"https:\\\/\\\/buddydive.com\\\/de\\\/?s={search_term_string}\"},\"query-input\":{\"@type\":\"PropertyValueSpecification\",\"valueRequired\":true,\"valueName\":\"search_term_string\"}}],\"inLanguage\":\"de\"}]}<\/script>\n<!-- \/ Yoast SEO plugin. -->","yoast_head_json":{"title":"\u00dcber uns, das Buddy Dive Family - Buddy Dive Resort Bonaire","description":"Das Buddy Dive Resort Bonaire ist ein voll ausgestattetes Tauchresort, das alle Ihre Bed\u00fcrfnisse als Taucher erf\u00fcllt und der Familie Van der Valk Bonaire geh\u00f6rt.","robots":{"index":"index","follow":"follow","max-snippet":"max-snippet:-1","max-image-preview":"max-image-preview:large","max-video-preview":"max-video-preview:-1"},"canonical":"https:\/\/buddydive.com\/de\/uber-uns\/","og_locale":"de_DE","og_type":"article","og_title":"\u00dcber uns, das Buddy Dive Family - Buddy Dive Resort Bonaire","og_description":"Das Buddy Dive Resort Bonaire ist ein voll ausgestattetes Tauchresort, das alle Ihre Bed\u00fcrfnisse als Taucher erf\u00fcllt und der Familie Van der Valk Bonaire geh\u00f6rt.","og_url":"https:\/\/buddydive.com\/de\/uber-uns\/","og_site_name":"Buddy Dive Bonaire","article_publisher":"https:\/\/www.facebook.com\/buddydiveresort","article_modified_time":"2025-06-11T19:04:33+00:00","twitter_card":"summary_large_image","twitter_site":"@buddydive","twitter_misc":{"Gesch\u00e4tzte Lesezeit":"2\u00a0Minuten"},"schema":{"@context":"https:\/\/schema.org","@graph":[{"@type":"WebPage","@id":"https:\/\/buddydive.com\/de\/uber-uns\/","url":"https:\/\/buddydive.com\/de\/uber-uns\/","name":"\u00dcber uns, das Buddy Dive Family - Buddy Dive Resort Bonaire","isPartOf":{"@id":"https:\/\/buddydive.com\/de\/#website"},"datePublished":"2020-01-12T18:02:22+00:00","dateModified":"2025-06-11T19:04:33+00:00","description":"Das Buddy Dive Resort Bonaire ist ein voll ausgestattetes Tauchresort, das alle Ihre Bed\u00fcrfnisse als Taucher erf\u00fcllt und der Familie Van der Valk Bonaire geh\u00f6rt.","breadcrumb":{"@id":"https:\/\/buddydive.com\/de\/uber-uns\/#breadcrumb"},"inLanguage":"de","potentialAction":[{"@type":"ReadAction","target":["https:\/\/buddydive.com\/de\/uber-uns\/"]}]},{"@type":"BreadcrumbList","@id":"https:\/\/buddydive.com\/de\/uber-uns\/#breadcrumb","itemListElement":[{"@type":"ListItem","position":1,"name":"Home","item":"https:\/\/buddydive.com\/de\/"},{"@type":"ListItem","position":2,"name":"\u00dcber uns"}]},{"@type":"WebSite","@id":"https:\/\/buddydive.com\/de\/#website","url":"https:\/\/buddydive.com\/de\/","name":"Buddy Dive Bonaire","description":"My WordPress Blog","potentialAction":[{"@type":"SearchAction","target":{"@type":"EntryPoint","urlTemplate":"https:\/\/buddydive.com\/de\/?s={search_term_string}"},"query-input":{"@type":"PropertyValueSpecification","valueRequired":true,"valueName":"search_term_string"}}],"inLanguage":"de"}]}},"_links":{"self":[{"href":"https:\/\/buddydive.com\/de\/wp-json\/wp\/v2\/pages\/5693","targetHints":{"allow":["GET"]}}],"collection":[{"href":"https:\/\/buddydive.com\/de\/wp-json\/wp\/v2\/pages"}],"about":[{"href":"https:\/\/buddydive.com\/de\/wp-json\/wp\/v2\/types\/page"}],"author":[{"embeddable":true,"href":"https:\/\/buddydive.com\/de\/wp-json\/wp\/v2\/users\/1"}],"replies":[{"embeddable":true,"href":"https:\/\/buddydive.com\/de\/wp-json\/wp\/v2\/comments?post=5693"}],"version-history":[{"count":11,"href":"https:\/\/buddydive.com\/de\/wp-json\/wp\/v2\/pages\/5693\/revisions"}],"predecessor-version":[{"id":31955,"href":"https:\/\/buddydive.com\/de\/wp-json\/wp\/v2\/pages\/5693\/revisions\/31955"}],"wp:attachment":[{"href":"https:\/\/buddydive.com\/de\/wp-json\/wp\/v2\/media?parent=5693"}],"curies":[{"name":"wp","href":"https:\/\/api.w.org\/{rel}","templated":true}]}}