{"id":5667,"date":"2020-01-12T17:38:17","date_gmt":"2020-01-12T17:38:17","guid":{"rendered":"https:\/\/buddydive.com\/?page_id=5667"},"modified":"2022-09-08T19:14:26","modified_gmt":"2022-09-08T19:14:26","slug":"tauchen","status":"publish","type":"page","link":"https:\/\/buddydive.com\/de\/uber-bonaire\/tauchen\/","title":{"rendered":"Tauchen in Bonaire"},"content":{"rendered":"<div class=\"wpb-content-wrapper\">[vc_row][vc_column][vc_column_text]\n<h1 class=\"text-uppercase\" style=\"text-align: center;\"><small>EIN PARADIES F\u00dcR TAUCHER<\/small>BONAIRE<\/h1>\n<p>Mit \u00fcber 80 markierten Tauchpl\u00e4tzen werden Sie feststellen, dass sich die Art des Tauchgangs im S\u00fcden von der Art des Tauchgangs im Norden oder auf Klein Bonaire unterscheidet.<\/p>\n<p>Der Ozean um Bonaire bietet eine wundersch\u00f6ne Unterwasserwelt und eine faszinierende Auswahl von mehrfarbigen Fischen, es gibt beim Tauchen in Bonaire also einiges zu sehen. Das Meer ist bemerkenswert ruhig und die Konditionen sind ausgezeichnet f\u00fcr sowohl Tauchen als Schnorcheln.<\/p>\n<p>Im Durchschnitt \u00fcbersteigt die Sicht beim Tauchen in Bonaire 100 Fu\u00df (30 Meter) und unsere durchschnittliche Wassertemperatur betr\u00e4gt 80 Grad Fahrenheit (29\u00b0 C). Das ums\u00e4umende Riff beginnt nah an der K\u00fcste, normalerweise muss nur f\u00fcr 10 Meter oder weniger geschwommen werden, weshalb Bonaire weltweit bekannt f\u00fcr sein einfaches Ufertauchen ist.<\/p>\n<p>Die Gew\u00e4sser um Bonaire bieten etwas Besonderes f\u00fcr jeden Taucher. Tauchanf\u00e4nger werden das ruhige Meer um Bonaire, die Riffe die parallel zur K\u00fcste laufen und die minimalen Str\u00f6mungen zu sch\u00e4tzen wissen. Diese Konditionen machen es zu einem idealen Ort, um\u00a0an der Tarierung zu arbeiten. Die F\u00fclle an Meerestieren, die am Drop-Off des abfallenden Riffs lebt erm\u00f6glicht ein Maximum an Grundzeit und gibt neuen Tauchern eine Gelegenheit, einen Level von Komfort und Selbstvertrauen in ihre neu erlernten F\u00e4higkeiten zu entwickeln.<\/p>\n<h1 class=\"text-uppercase\" style=\"text-align: center;\"><small>\u00a0<\/small><\/h1>\n[\/vc_column_text]<div class='xtd-carousel-filmstrip__container xtd-carousel-filmstrip--offset-  filtered-image  '><div class='xtd-carousel-filmstrip' data-speed='100000'>[vc_video link=&#8220;https:\/\/www.youtube.com\/watch?v=p_60BuT62iE&#8220; el_width=&#8220;50&#8243; title=&#8220;Buddy&#8217;s Reef&#8220;][vc_video link=&#8220;https:\/\/www.youtube.com\/watch?v=LmS_N4-SjJg&#8220; el_width=&#8220;50&#8243; title=&#8220;1000 Steps&#8220;][vc_video link=&#8220;https:\/\/www.youtube.com\/watch?v=rsFuTprwThc&#8220; el_width=&#8220;50&#8243; title=&#8220;Hilma Hooker&#8220;]<\/div><\/div>[\/vc_column][\/vc_row][vc_row][vc_column][vc_single_image image=&#8220;4041&#8243; img_size=&#8220;large&#8220; alignment=&#8220;center&#8220;][vc_column_text]\n<h3>Bonaire National Marine Park<\/h3>\n<p>Der Bonaire National Marine Park wurde 1979 gegr\u00fcndet. Der Park beginnt am Hochwasserpegel und erstreckt sich bis auf 200 Fu\u00df (60 Meter) Tiefe; er deckt eine Fl\u00e4che von 27 km\u00b2 ab.<\/p>\n<p>Mission<br \/>\nDie Mission des\u00a0<a href=\"http:\/\/stinapabonaire.org\/\" target=\"_blank\" rel=\"noopener noreferrer\">Bonaire National Marine Park<\/a>\u00a0(BNMP) ist, die nat\u00fcrlichen, kulturellen und historischen Ressourcen der Insel zu sch\u00fctzen und verwalten und gleichzeitig eine \u00f6kologische und nachhaltige Nutzung zu erm\u00f6glichen, zum Wohle zuk\u00fcnftiger Generationen.<\/p>\n<ul>\n<li style=\"list-style-type: none;\">\n<ul>Die Ziele sind<\/ul>\n<\/li>\n<\/ul>\n<p>&nbsp;<\/p>\n<ul>\n<li>Erhaltung und Wiederherstellung der \u00d6kosysteme, biologischen Vielfalt und \u00f6kologischen Prozesse.<\/li>\n<li>Sch\u00fctzen und Wiederherstellen der kulturellen und historisch bedeutenden Ressourcen.<\/li>\n<li>Verwalten des Bonaire Marine Park als ein regional und global bedeutendes Beispiel eines erfolgreichen marinen Schutzgebietes mit vielf\u00e4ltiger Nutzung durch:<\/li>\n<li>Bildungs- und \u00d6ffentlichkeitsarbeit<\/li>\n<li>Forschung<\/li>\n<li>\u00dcberwachung<\/li>\n<li>Strafverfolgung<\/li>\n<li>Wartung<\/li>\n<li>Verwaltung.<\/li>\n<li>Nutzung des Bonaire Marine Park durch die F\u00f6rderung von nicht-destruktiven Aktivit\u00e4ten zu erm\u00f6glichen und mit den Interessenvertretern zusammenzuarbeiten, um Richtlinien und Bestimmungen zu erstellen, die die Auswirkungen auf die Umwelt minimieren.<\/li>\n<\/ul>\n<p>Als ein Demonstrationsort des International Coral Reef Action Network (ICRAN) ist der Marine Park ein einzigartiges Modell in der Karibik und sch\u00fctzt und pflegt die Meeresumwelt bei gleichzeitiger Maximierung der Level an Sicherheit f\u00fcr freizeitliche und gewerbliche Nutzung.<\/p>\n<div class=\"wpb_text_column wpb_content_element bd-article\">\n<div class=\"wpb_wrapper\">\n<p>Bitte beachten: Alle Benutzer des Bonaire Marine Parks sind verpflichtet eine Naturparkgeb\u00fchr zu bezahlen, welche auch als \u201cSTINAPA Marine Park Tag\u201d bekannt ist. Diese Marke kann in allen Buddy Dive Gesch\u00e4ften und Tauchbasen oder\u00a0<a class=\"broken_link\" href=\"https:\/\/stinapa.bonairenaturefee.org\/\">online<\/a>\u00a0gekauft werden und ist jeweils f\u00fcr ein Kalenderjahr g\u00fcltig. Die Geb\u00fchren f\u00fcr die Marke betragen $45.00 pro Taucher und $25.00 pro Schnorchler (Nichttaucher), welche mit Kreditkarte oder Maestro-Debitkarte bezahlt werden m\u00fcssen.<\/p>\n<\/div>\n<\/div>\n[\/vc_column_text][\/vc_column][\/vc_row][vc_row][vc_column width=&#8220;1\/2&#8243;][vc_btn title=&#8220;STINAPA Regeln &amp; Vorschriften&#8220; align=&#8220;center&#8220; link=&#8220;url:https%3A%2F%2Fstinapabonaire.org%2Fbonaire-national%2Frules-and-regulations-video%2F%20%3E%3E|target:%20_blank|&#8220;][\/vc_column][vc_column width=&#8220;1\/2&#8243;][vc_btn title=&#8220;Buy your STINAPA tag online&#8220; align=&#8220;center&#8220; link=&#8220;url:https%3A%2F%2Fstinapa.bonairenaturefee.org|target:%20_blank|&#8220;][\/vc_column][\/vc_row][vc_row full_width=&#8220;stretch_row&#8220; parallax=&#8220;content-moving&#8220; css=&#8220;.vc_custom_1572961898622{background-image: url(https:\/\/buddydive.com\/wp-content\/uploads\/2019\/11\/9.-BONAIRE.jpg?id=4197) !important;}&#8220;][vc_column width=&#8220;1\/2&#8243; offset=&#8220;vc_col-sm-offset-3&#8243; el_class=&#8220;white-box content-padding&#8220; css=&#8220;.vc_custom_1578482995718{border-radius: 10px !important;}&#8220;][vc_column_text]\n<h2 style=\"text-align: center;\">Bonaire<\/h2>\n[\/vc_column_text][vc_single_image image=&#8220;4195&#8243; img_size=&#8220;full&#8220;][\/vc_column][\/vc_row][vc_row][vc_column][vc_raw_js]JTNDc2NyaXB0JTIwdHlwZSUzRCUyMnRleHQlMkZqYXZhc2NyaXB0JTIyJTNFJTBBd2luZG93LlRyZW5nbyUyMCUzRCUyMHdpbmRvdy5UcmVuZ28lMjAlN0MlN0MlMjAlN0IlN0QlM0IlMEF3aW5kb3cuVHJlbmdvLmtleSUyMCUzRCUyMCUyN1E5SGI4dlBvS2VnRDFBSSUyNyUzQiUwQSUyOGZ1bmN0aW9uJTI4ZCUyQyUyMHNjcmlwdCUyQyUyMHQlMjklMjAlN0IlMEElMjAlMjAlMjAlMjBzY3JpcHQlMjAlM0QlMjBkLmNyZWF0ZUVsZW1lbnQlMjglMjdzY3JpcHQlMjclMjklM0IlMEElMjAlMjAlMjAlMjBzY3JpcHQudHlwZSUyMCUzRCUyMCUyN3RleHQlMkZqYXZhc2NyaXB0JTI3JTNCJTBBJTIwJTIwJTIwJTIwc2NyaXB0LmFzeW5jJTIwJTNEJTIwdHJ1ZSUzQiUwQSUyMCUyMCUyMCUyMHNjcmlwdC5zcmMlMjAlM0QlMjAlMjdodHRwcyUzQSUyRiUyRnN0YXRpYy53aWRnZXQudHJlbmdvLmV1JTJGZW1iZWQuanMlMjclM0IlMEElMjAlMjAlMjAlMjBkLmdldEVsZW1lbnRzQnlUYWdOYW1lJTI4JTI3aGVhZCUyNyUyOSU1QjAlNUQuYXBwZW5kQ2hpbGQlMjhzY3JpcHQlMjklM0IlMEElN0QlMjhkb2N1bWVudCUyOSUyOSUzQiUwQSUzQyUyRnNjcmlwdCUzRQ==[\/vc_raw_js][\/vc_column][\/vc_row]\n<\/div>","protected":false},"excerpt":{"rendered":"<p>[vc_row][vc_column][vc_column_text] EIN PARADIES F\u00dcR TAUCHERBONAIRE Mit \u00fcber 80 markierten Tauchpl\u00e4tzen werden Sie feststellen, dass sich die Art des Tauchgangs im [&hellip;]<\/p>\n","protected":false},"author":1,"featured_media":0,"parent":5642,"menu_order":0,"comment_status":"closed","ping_status":"closed","template":"","meta":{"footnotes":""},"class_list":["post-5667","page","type-page","status-publish","hentry"],"yoast_head":"<!-- This site is optimized with the Yoast SEO plugin v27.4 - https:\/\/yoast.com\/product\/yoast-seo-wordpress\/ -->\n<title>Tauchen in Bonaire mit Buddy Dive - Buddy Dive Resort Bonaire<\/title>\n<meta name=\"description\" content=\"Sie werden es genie\u00dfen, in Bonaire, der Welthauptstadt des Tauchens, zu tauchen, w\u00e4hrend Sie mit Buddy Dive tauchen. Begleiten Sie uns auf unserer Flotte von benutzerdefinierten Tauchbooten!\" \/>\n<meta name=\"robots\" content=\"index, follow, max-snippet:-1, max-image-preview:large, max-video-preview:-1\" \/>\n<link rel=\"canonical\" href=\"https:\/\/buddydive.com\/de\/uber-bonaire\/tauchen\/\" \/>\n<meta property=\"og:locale\" content=\"de_DE\" \/>\n<meta property=\"og:type\" content=\"article\" \/>\n<meta property=\"og:title\" content=\"Tauchen in Bonaire mit Buddy Dive - Buddy Dive Resort Bonaire\" \/>\n<meta property=\"og:description\" content=\"Sie werden es genie\u00dfen, in Bonaire, der Welthauptstadt des Tauchens, zu tauchen, w\u00e4hrend Sie mit Buddy Dive tauchen. Begleiten Sie uns auf unserer Flotte von benutzerdefinierten Tauchbooten!\" \/>\n<meta property=\"og:url\" content=\"https:\/\/buddydive.com\/de\/uber-bonaire\/tauchen\/\" \/>\n<meta property=\"og:site_name\" content=\"Buddy Dive Bonaire\" \/>\n<meta property=\"article:publisher\" content=\"https:\/\/www.facebook.com\/buddydiveresort\" \/>\n<meta property=\"article:modified_time\" content=\"2022-09-08T19:14:26+00:00\" \/>\n<meta name=\"twitter:card\" content=\"summary_large_image\" \/>\n<meta name=\"twitter:site\" content=\"@buddydive\" \/>\n<meta name=\"twitter:label1\" content=\"Gesch\u00e4tzte Lesezeit\" \/>\n\t<meta name=\"twitter:data1\" content=\"4\u00a0Minuten\" \/>\n<script type=\"application\/ld+json\" class=\"yoast-schema-graph\">{\"@context\":\"https:\\\/\\\/schema.org\",\"@graph\":[{\"@type\":\"WebPage\",\"@id\":\"https:\\\/\\\/buddydive.com\\\/de\\\/uber-bonaire\\\/tauchen\\\/\",\"url\":\"https:\\\/\\\/buddydive.com\\\/de\\\/uber-bonaire\\\/tauchen\\\/\",\"name\":\"Tauchen in Bonaire mit Buddy Dive - Buddy Dive Resort Bonaire\",\"isPartOf\":{\"@id\":\"https:\\\/\\\/buddydive.com\\\/de\\\/#website\"},\"datePublished\":\"2020-01-12T17:38:17+00:00\",\"dateModified\":\"2022-09-08T19:14:26+00:00\",\"description\":\"Sie werden es genie\u00dfen, in Bonaire, der Welthauptstadt des Tauchens, zu tauchen, w\u00e4hrend Sie mit Buddy Dive tauchen. Begleiten Sie uns auf unserer Flotte von benutzerdefinierten Tauchbooten!\",\"breadcrumb\":{\"@id\":\"https:\\\/\\\/buddydive.com\\\/de\\\/uber-bonaire\\\/tauchen\\\/#breadcrumb\"},\"inLanguage\":\"de\",\"potentialAction\":[{\"@type\":\"ReadAction\",\"target\":[\"https:\\\/\\\/buddydive.com\\\/de\\\/uber-bonaire\\\/tauchen\\\/\"]}]},{\"@type\":\"BreadcrumbList\",\"@id\":\"https:\\\/\\\/buddydive.com\\\/de\\\/uber-bonaire\\\/tauchen\\\/#breadcrumb\",\"itemListElement\":[{\"@type\":\"ListItem\",\"position\":1,\"name\":\"Home\",\"item\":\"https:\\\/\\\/buddydive.com\\\/de\\\/\"},{\"@type\":\"ListItem\",\"position\":2,\"name\":\"\u00dcber Bonaire\",\"item\":\"https:\\\/\\\/buddydive.com\\\/de\\\/about-bonaire\\\/\"},{\"@type\":\"ListItem\",\"position\":3,\"name\":\"Tauchen in Bonaire\"}]},{\"@type\":\"WebSite\",\"@id\":\"https:\\\/\\\/buddydive.com\\\/de\\\/#website\",\"url\":\"https:\\\/\\\/buddydive.com\\\/de\\\/\",\"name\":\"Buddy Dive Bonaire\",\"description\":\"My WordPress Blog\",\"potentialAction\":[{\"@type\":\"SearchAction\",\"target\":{\"@type\":\"EntryPoint\",\"urlTemplate\":\"https:\\\/\\\/buddydive.com\\\/de\\\/?s={search_term_string}\"},\"query-input\":{\"@type\":\"PropertyValueSpecification\",\"valueRequired\":true,\"valueName\":\"search_term_string\"}}],\"inLanguage\":\"de\"}]}<\/script>\n<!-- \/ Yoast SEO plugin. -->","yoast_head_json":{"title":"Tauchen in Bonaire mit Buddy Dive - Buddy Dive Resort Bonaire","description":"Sie werden es genie\u00dfen, in Bonaire, der Welthauptstadt des Tauchens, zu tauchen, w\u00e4hrend Sie mit Buddy Dive tauchen. Begleiten Sie uns auf unserer Flotte von benutzerdefinierten Tauchbooten!","robots":{"index":"index","follow":"follow","max-snippet":"max-snippet:-1","max-image-preview":"max-image-preview:large","max-video-preview":"max-video-preview:-1"},"canonical":"https:\/\/buddydive.com\/de\/uber-bonaire\/tauchen\/","og_locale":"de_DE","og_type":"article","og_title":"Tauchen in Bonaire mit Buddy Dive - Buddy Dive Resort Bonaire","og_description":"Sie werden es genie\u00dfen, in Bonaire, der Welthauptstadt des Tauchens, zu tauchen, w\u00e4hrend Sie mit Buddy Dive tauchen. Begleiten Sie uns auf unserer Flotte von benutzerdefinierten Tauchbooten!","og_url":"https:\/\/buddydive.com\/de\/uber-bonaire\/tauchen\/","og_site_name":"Buddy Dive Bonaire","article_publisher":"https:\/\/www.facebook.com\/buddydiveresort","article_modified_time":"2022-09-08T19:14:26+00:00","twitter_card":"summary_large_image","twitter_site":"@buddydive","twitter_misc":{"Gesch\u00e4tzte Lesezeit":"4\u00a0Minuten"},"schema":{"@context":"https:\/\/schema.org","@graph":[{"@type":"WebPage","@id":"https:\/\/buddydive.com\/de\/uber-bonaire\/tauchen\/","url":"https:\/\/buddydive.com\/de\/uber-bonaire\/tauchen\/","name":"Tauchen in Bonaire mit Buddy Dive - Buddy Dive Resort Bonaire","isPartOf":{"@id":"https:\/\/buddydive.com\/de\/#website"},"datePublished":"2020-01-12T17:38:17+00:00","dateModified":"2022-09-08T19:14:26+00:00","description":"Sie werden es genie\u00dfen, in Bonaire, der Welthauptstadt des Tauchens, zu tauchen, w\u00e4hrend Sie mit Buddy Dive tauchen. Begleiten Sie uns auf unserer Flotte von benutzerdefinierten Tauchbooten!","breadcrumb":{"@id":"https:\/\/buddydive.com\/de\/uber-bonaire\/tauchen\/#breadcrumb"},"inLanguage":"de","potentialAction":[{"@type":"ReadAction","target":["https:\/\/buddydive.com\/de\/uber-bonaire\/tauchen\/"]}]},{"@type":"BreadcrumbList","@id":"https:\/\/buddydive.com\/de\/uber-bonaire\/tauchen\/#breadcrumb","itemListElement":[{"@type":"ListItem","position":1,"name":"Home","item":"https:\/\/buddydive.com\/de\/"},{"@type":"ListItem","position":2,"name":"\u00dcber Bonaire","item":"https:\/\/buddydive.com\/de\/about-bonaire\/"},{"@type":"ListItem","position":3,"name":"Tauchen in Bonaire"}]},{"@type":"WebSite","@id":"https:\/\/buddydive.com\/de\/#website","url":"https:\/\/buddydive.com\/de\/","name":"Buddy Dive Bonaire","description":"My WordPress Blog","potentialAction":[{"@type":"SearchAction","target":{"@type":"EntryPoint","urlTemplate":"https:\/\/buddydive.com\/de\/?s={search_term_string}"},"query-input":{"@type":"PropertyValueSpecification","valueRequired":true,"valueName":"search_term_string"}}],"inLanguage":"de"}]}},"_links":{"self":[{"href":"https:\/\/buddydive.com\/de\/wp-json\/wp\/v2\/pages\/5667","targetHints":{"allow":["GET"]}}],"collection":[{"href":"https:\/\/buddydive.com\/de\/wp-json\/wp\/v2\/pages"}],"about":[{"href":"https:\/\/buddydive.com\/de\/wp-json\/wp\/v2\/types\/page"}],"author":[{"embeddable":true,"href":"https:\/\/buddydive.com\/de\/wp-json\/wp\/v2\/users\/1"}],"replies":[{"embeddable":true,"href":"https:\/\/buddydive.com\/de\/wp-json\/wp\/v2\/comments?post=5667"}],"version-history":[{"count":8,"href":"https:\/\/buddydive.com\/de\/wp-json\/wp\/v2\/pages\/5667\/revisions"}],"predecessor-version":[{"id":17936,"href":"https:\/\/buddydive.com\/de\/wp-json\/wp\/v2\/pages\/5667\/revisions\/17936"}],"up":[{"embeddable":true,"href":"https:\/\/buddydive.com\/de\/wp-json\/wp\/v2\/pages\/5642"}],"wp:attachment":[{"href":"https:\/\/buddydive.com\/de\/wp-json\/wp\/v2\/media?parent=5667"}],"curies":[{"name":"wp","href":"https:\/\/api.w.org\/{rel}","templated":true}]}}