{"id":5657,"date":"2020-01-12T17:15:07","date_gmt":"2020-01-12T17:15:07","guid":{"rendered":"https:\/\/buddydive.com\/?page_id=5657"},"modified":"2026-02-03T11:05:35","modified_gmt":"2026-02-03T11:05:35","slug":"fluege-nach-bonaire","status":"publish","type":"page","link":"https:\/\/buddydive.com\/de\/uber-bonaire\/fluege-nach-bonaire\/","title":{"rendered":"Fl\u00fcge nach Bonaire"},"content":{"rendered":"<div class=\"wpb-content-wrapper\">[vc_row][vc_column][vc_column_text css=&#8220;&#8220;]\n<h1 class=\"text-uppercase\" style=\"text-align: center;\"><small>How to get to<\/small>Bonaire<\/h1>\n<p><\/p>\n<div class=\"flex max-w-full flex-col flex-grow\">\n<div class=\"min-h-8 text-message flex w-full flex-col items-end gap-2 whitespace-normal break-words [.text-message+&amp;]:mt-5\" dir=\"auto\" data-message-author-role=\"assistant\" data-message-id=\"69d6ec05-3c2d-4c5c-9799-8a07c1a783c0\" data-message-model-slug=\"gpt-4o\">\n<div class=\"flex w-full flex-col gap-1 empty:hidden first:pt-[3px]\">\n<div class=\"markdown prose w-full break-words dark:prose-invert dark\">\n<p>Bonaire liegt etwa 80 Kilometer vor der K\u00fcste Venezuelas, in der N\u00e4he von Aruba und Cura\u00e7ao, und geh\u00f6rt zu den Niederl\u00e4ndischen Karibikinseln. Es ist erreichbar \u00fcber verschiedene internationale und lokale Fluggesellschaften aus Europa, Lateinamerika und Nordamerika, was die Planung Ihrer n\u00e4chsten Tauchreise mit uns ganz einfach macht! Reisende k\u00f6nnen direkt zum Internationalen Flughafen von Bonaire (BON), auch bekannt als Flamingo International Airport, fliegen.<\/p>\n<h4>Fl\u00fcge nach Bonaire aus Nordamerika<\/h4>\n<ul>\n<li><strong>JetBlue<\/strong> bietet das ganze Jahr \u00fcber Fl\u00fcge von New York (JFK) an <strong>Samstagen und Dienstagen<\/strong> an, beginnend am 5. November 2024.<\/li>\n<li><strong>American Airlines<\/strong> fliegt von Miami aus an <strong>Montagen, Mittwochen, Freitagen und Samstagen<\/strong> das ganze Jahr \u00fcber, mit t\u00e4glichen Fl\u00fcgen vom 19. Dezember 2024 bis zum 5. Januar 2025.<\/li>\n<li><strong>Delta Airlines<\/strong> bietet Direktfl\u00fcge von Atlanta an <strong>Samstagen und Sonntagen<\/strong> an, mit zus\u00e4tzlichen t\u00e4glichen Fl\u00fcgen in der Hochsaison vom 19. Dezember 2024 bis zum 5. Januar 2025.<\/li>\n<li><strong>United Airlines<\/strong> fliegt samstags ab Newark und sonntags ab Houston.<\/li>\n<li><strong>WestJet<\/strong> bietet Fl\u00fcge von Toronto aus an, mit Ank\u00fcnften am <strong>Samstag<\/strong> und, ab dem 10. Dezember 2024, auch am <strong>Mittwoch<\/strong>.<\/li>\n<\/ul>\n<h4>Fl\u00fcge nach Bonaire aus Europa<\/h4>\n<p>Reisende aus Europa k\u00f6nnen Bonaire \u00fcber t\u00e4gliche Direktfl\u00fcge ab Amsterdam erreichen:<\/p>\n<ul>\n<li><strong>KLM<\/strong> bietet t\u00e4gliche Fl\u00fcge an.<\/li>\n<li><strong>TUI<\/strong> fliegt <strong>montags, mittwochs, donnerstags, freitags und samstags<\/strong>, mit Direktfl\u00fcgen von Amsterdam an Mittwoch, Donnerstag und Freitag.<\/li>\n<li><strong>Corendon<\/strong> startet Fl\u00fcge von Amsterdam an <strong>Sonntag und Mittwoch<\/strong>, beginnend am 3. November 2024, ganzj\u00e4hrig verf\u00fcgbar.<\/li>\n<\/ul>\n<h4>Fl\u00fcge nach Bonaire aus der Karibik und Lateinamerika<\/h4>\n<ul>\n<li><strong>Sky High<\/strong> fliegt freitags von Santo Domingo.<\/li>\n<li><strong>Winair<\/strong> bietet Fl\u00fcge von St. Maarten mit Ank\u00fcnften an <strong>Sonntag, Donnerstag und Samstag<\/strong> (\u00fcber Cura\u00e7ao) an.<\/li>\n<li><strong>Divi Divi<\/strong> und <strong>EZAir<\/strong> bieten t\u00e4gliche Fl\u00fcge von Cura\u00e7ao und Aruba an.<\/li>\n<li><strong>EZAir<\/strong> bietet auch Fl\u00fcge ab Barranquilla an <strong>Montag und Freitag<\/strong>, wobei der Freitagsflug einen Zwischenstopp auf Cura\u00e7ao einlegt.<\/li>\n<\/ul>\n<p>F\u00fcr weitere Informationen oder zur Reservierung kontaktieren Sie bitte direkt die Fluggesellschaften oder Ihr Reiseb\u00fcro.<\/p>\n<\/div>\n<p><\/div>\n<p><\/div>\n<p><\/div>\n<p><\/p>\n<div class=\"mb-2 flex gap-3 empty:hidden -ml-2\">\n<div class=\"items-center justify-start rounded-xl p-1 flex\">\n<div class=\"flex items-center\"><\/div>\n<p><\/div>\n<p><\/div>\n[\/vc_column_text][vc_single_image image=&#8220;34879&#8243; img_size=&#8220;large&#8220; alignment=&#8220;center&#8220; css=&#8220;&#8220;][vc_column_text]<em><strong>Haftungsausschluss: Alle Informationen k\u00f6nnen ohne vorherige Ank\u00fcndigung ge\u00e4ndert werden und aus diesen Informationen k\u00f6nnen keine Rechte abgeleitet werden. Wir empfehlen Ihnen, sich ordnungsgem\u00e4\u00df \u00fcber die verf\u00fcgbaren Fl\u00fcge von und nach Bonaire zu informieren. Auch wenn wir Ihnen dabei gerne behilflich sind, m\u00f6chten wir Sie darauf hinweisen, dass dies in Ihrer eigenen Verantwortung liegt.<\/strong><\/em><\/p>\n<p><em><strong>Es k\u00f6nnen saisonale \u00c4nderungen auftreten.<\/strong><\/em>[\/vc_column_text][\/vc_column][\/vc_row][vc_row][vc_column][vc_raw_js]JTNDc2NyaXB0JTIwdHlwZSUzRCUyMnRleHQlMkZqYXZhc2NyaXB0JTIyJTNFJTBBd2luZG93LlRyZW5nbyUyMCUzRCUyMHdpbmRvdy5UcmVuZ28lMjAlN0MlN0MlMjAlN0IlN0QlM0IlMEF3aW5kb3cuVHJlbmdvLmtleSUyMCUzRCUyMCUyN1E5SGI4dlBvS2VnRDFBSSUyNyUzQiUwQSUyOGZ1bmN0aW9uJTI4ZCUyQyUyMHNjcmlwdCUyQyUyMHQlMjklMjAlN0IlMEElMjAlMjAlMjAlMjBzY3JpcHQlMjAlM0QlMjBkLmNyZWF0ZUVsZW1lbnQlMjglMjdzY3JpcHQlMjclMjklM0IlMEElMjAlMjAlMjAlMjBzY3JpcHQudHlwZSUyMCUzRCUyMCUyN3RleHQlMkZqYXZhc2NyaXB0JTI3JTNCJTBBJTIwJTIwJTIwJTIwc2NyaXB0LmFzeW5jJTIwJTNEJTIwdHJ1ZSUzQiUwQSUyMCUyMCUyMCUyMHNjcmlwdC5zcmMlMjAlM0QlMjAlMjdodHRwcyUzQSUyRiUyRnN0YXRpYy53aWRnZXQudHJlbmdvLmV1JTJGZW1iZWQuanMlMjclM0IlMEElMjAlMjAlMjAlMjBkLmdldEVsZW1lbnRzQnlUYWdOYW1lJTI4JTI3aGVhZCUyNyUyOSU1QjAlNUQuYXBwZW5kQ2hpbGQlMjhzY3JpcHQlMjklM0IlMEElN0QlMjhkb2N1bWVudCUyOSUyOSUzQiUwQSUzQyUyRnNjcmlwdCUzRQ==[\/vc_raw_js][\/vc_column][\/vc_row]\n<\/div>","protected":false},"excerpt":{"rendered":"<p>[vc_row][vc_column][vc_column_text css=&#8220;&#8220;] How to get toBonaire Bonaire liegt etwa 80 Kilometer vor der K\u00fcste Venezuelas, in der N\u00e4he von Aruba [&hellip;]<\/p>\n","protected":false},"author":1,"featured_media":0,"parent":5642,"menu_order":0,"comment_status":"closed","ping_status":"closed","template":"","meta":{"footnotes":""},"class_list":["post-5657","page","type-page","status-publish","hentry"],"yoast_head":"<!-- This site is optimized with the Yoast SEO plugin v27.4 - https:\/\/yoast.com\/product\/yoast-seo-wordpress\/ -->\n<title>Fl\u00fcge nach Bonaire - Buddy Dive Resort Bonaire<\/title>\n<meta name=\"description\" content=\"Es gibt verschiedene Nonstop-Fl\u00fcge nach Bonaire mit TUI und KLM von Amsterdam. Sehen Sie sich hier die \u00dcbersicht an, wie Sie nach Bonaire reisen k\u00f6nnen.\" \/>\n<meta name=\"robots\" content=\"index, follow, max-snippet:-1, max-image-preview:large, max-video-preview:-1\" \/>\n<link rel=\"canonical\" href=\"https:\/\/buddydive.com\/de\/uber-bonaire\/fluege-nach-bonaire\/\" \/>\n<meta property=\"og:locale\" content=\"de_DE\" \/>\n<meta property=\"og:type\" content=\"article\" \/>\n<meta property=\"og:title\" content=\"Fl\u00fcge nach Bonaire - Buddy Dive Resort Bonaire\" \/>\n<meta property=\"og:description\" content=\"Es gibt verschiedene Nonstop-Fl\u00fcge nach Bonaire mit TUI und KLM von Amsterdam. Sehen Sie sich hier die \u00dcbersicht an, wie Sie nach Bonaire reisen k\u00f6nnen.\" \/>\n<meta property=\"og:url\" content=\"https:\/\/buddydive.com\/de\/uber-bonaire\/fluege-nach-bonaire\/\" \/>\n<meta property=\"og:site_name\" content=\"Buddy Dive Bonaire\" \/>\n<meta property=\"article:publisher\" content=\"https:\/\/www.facebook.com\/buddydiveresort\" \/>\n<meta property=\"article:modified_time\" content=\"2026-02-03T11:05:35+00:00\" \/>\n<meta name=\"twitter:card\" content=\"summary_large_image\" \/>\n<meta name=\"twitter:site\" content=\"@buddydive\" \/>\n<meta name=\"twitter:label1\" content=\"Gesch\u00e4tzte Lesezeit\" \/>\n\t<meta name=\"twitter:data1\" content=\"2\u00a0Minuten\" \/>\n<script type=\"application\/ld+json\" class=\"yoast-schema-graph\">{\"@context\":\"https:\\\/\\\/schema.org\",\"@graph\":[{\"@type\":\"WebPage\",\"@id\":\"https:\\\/\\\/buddydive.com\\\/de\\\/uber-bonaire\\\/fluege-nach-bonaire\\\/\",\"url\":\"https:\\\/\\\/buddydive.com\\\/de\\\/uber-bonaire\\\/fluege-nach-bonaire\\\/\",\"name\":\"Fl\u00fcge nach Bonaire - Buddy Dive Resort Bonaire\",\"isPartOf\":{\"@id\":\"https:\\\/\\\/buddydive.com\\\/de\\\/#website\"},\"datePublished\":\"2020-01-12T17:15:07+00:00\",\"dateModified\":\"2026-02-03T11:05:35+00:00\",\"description\":\"Es gibt verschiedene Nonstop-Fl\u00fcge nach Bonaire mit TUI und KLM von Amsterdam. Sehen Sie sich hier die \u00dcbersicht an, wie Sie nach Bonaire reisen k\u00f6nnen.\",\"breadcrumb\":{\"@id\":\"https:\\\/\\\/buddydive.com\\\/de\\\/uber-bonaire\\\/fluege-nach-bonaire\\\/#breadcrumb\"},\"inLanguage\":\"de\",\"potentialAction\":[{\"@type\":\"ReadAction\",\"target\":[\"https:\\\/\\\/buddydive.com\\\/de\\\/uber-bonaire\\\/fluege-nach-bonaire\\\/\"]}]},{\"@type\":\"BreadcrumbList\",\"@id\":\"https:\\\/\\\/buddydive.com\\\/de\\\/uber-bonaire\\\/fluege-nach-bonaire\\\/#breadcrumb\",\"itemListElement\":[{\"@type\":\"ListItem\",\"position\":1,\"name\":\"Home\",\"item\":\"https:\\\/\\\/buddydive.com\\\/de\\\/\"},{\"@type\":\"ListItem\",\"position\":2,\"name\":\"\u00dcber Bonaire\",\"item\":\"https:\\\/\\\/buddydive.com\\\/de\\\/about-bonaire\\\/\"},{\"@type\":\"ListItem\",\"position\":3,\"name\":\"Fl\u00fcge nach Bonaire\"}]},{\"@type\":\"WebSite\",\"@id\":\"https:\\\/\\\/buddydive.com\\\/de\\\/#website\",\"url\":\"https:\\\/\\\/buddydive.com\\\/de\\\/\",\"name\":\"Buddy Dive Bonaire\",\"description\":\"My WordPress Blog\",\"potentialAction\":[{\"@type\":\"SearchAction\",\"target\":{\"@type\":\"EntryPoint\",\"urlTemplate\":\"https:\\\/\\\/buddydive.com\\\/de\\\/?s={search_term_string}\"},\"query-input\":{\"@type\":\"PropertyValueSpecification\",\"valueRequired\":true,\"valueName\":\"search_term_string\"}}],\"inLanguage\":\"de\"}]}<\/script>\n<!-- \/ Yoast SEO plugin. -->","yoast_head_json":{"title":"Fl\u00fcge nach Bonaire - Buddy Dive Resort Bonaire","description":"Es gibt verschiedene Nonstop-Fl\u00fcge nach Bonaire mit TUI und KLM von Amsterdam. Sehen Sie sich hier die \u00dcbersicht an, wie Sie nach Bonaire reisen k\u00f6nnen.","robots":{"index":"index","follow":"follow","max-snippet":"max-snippet:-1","max-image-preview":"max-image-preview:large","max-video-preview":"max-video-preview:-1"},"canonical":"https:\/\/buddydive.com\/de\/uber-bonaire\/fluege-nach-bonaire\/","og_locale":"de_DE","og_type":"article","og_title":"Fl\u00fcge nach Bonaire - Buddy Dive Resort Bonaire","og_description":"Es gibt verschiedene Nonstop-Fl\u00fcge nach Bonaire mit TUI und KLM von Amsterdam. Sehen Sie sich hier die \u00dcbersicht an, wie Sie nach Bonaire reisen k\u00f6nnen.","og_url":"https:\/\/buddydive.com\/de\/uber-bonaire\/fluege-nach-bonaire\/","og_site_name":"Buddy Dive Bonaire","article_publisher":"https:\/\/www.facebook.com\/buddydiveresort","article_modified_time":"2026-02-03T11:05:35+00:00","twitter_card":"summary_large_image","twitter_site":"@buddydive","twitter_misc":{"Gesch\u00e4tzte Lesezeit":"2\u00a0Minuten"},"schema":{"@context":"https:\/\/schema.org","@graph":[{"@type":"WebPage","@id":"https:\/\/buddydive.com\/de\/uber-bonaire\/fluege-nach-bonaire\/","url":"https:\/\/buddydive.com\/de\/uber-bonaire\/fluege-nach-bonaire\/","name":"Fl\u00fcge nach Bonaire - Buddy Dive Resort Bonaire","isPartOf":{"@id":"https:\/\/buddydive.com\/de\/#website"},"datePublished":"2020-01-12T17:15:07+00:00","dateModified":"2026-02-03T11:05:35+00:00","description":"Es gibt verschiedene Nonstop-Fl\u00fcge nach Bonaire mit TUI und KLM von Amsterdam. Sehen Sie sich hier die \u00dcbersicht an, wie Sie nach Bonaire reisen k\u00f6nnen.","breadcrumb":{"@id":"https:\/\/buddydive.com\/de\/uber-bonaire\/fluege-nach-bonaire\/#breadcrumb"},"inLanguage":"de","potentialAction":[{"@type":"ReadAction","target":["https:\/\/buddydive.com\/de\/uber-bonaire\/fluege-nach-bonaire\/"]}]},{"@type":"BreadcrumbList","@id":"https:\/\/buddydive.com\/de\/uber-bonaire\/fluege-nach-bonaire\/#breadcrumb","itemListElement":[{"@type":"ListItem","position":1,"name":"Home","item":"https:\/\/buddydive.com\/de\/"},{"@type":"ListItem","position":2,"name":"\u00dcber Bonaire","item":"https:\/\/buddydive.com\/de\/about-bonaire\/"},{"@type":"ListItem","position":3,"name":"Fl\u00fcge nach Bonaire"}]},{"@type":"WebSite","@id":"https:\/\/buddydive.com\/de\/#website","url":"https:\/\/buddydive.com\/de\/","name":"Buddy Dive Bonaire","description":"My WordPress Blog","potentialAction":[{"@type":"SearchAction","target":{"@type":"EntryPoint","urlTemplate":"https:\/\/buddydive.com\/de\/?s={search_term_string}"},"query-input":{"@type":"PropertyValueSpecification","valueRequired":true,"valueName":"search_term_string"}}],"inLanguage":"de"}]}},"_links":{"self":[{"href":"https:\/\/buddydive.com\/de\/wp-json\/wp\/v2\/pages\/5657","targetHints":{"allow":["GET"]}}],"collection":[{"href":"https:\/\/buddydive.com\/de\/wp-json\/wp\/v2\/pages"}],"about":[{"href":"https:\/\/buddydive.com\/de\/wp-json\/wp\/v2\/types\/page"}],"author":[{"embeddable":true,"href":"https:\/\/buddydive.com\/de\/wp-json\/wp\/v2\/users\/1"}],"replies":[{"embeddable":true,"href":"https:\/\/buddydive.com\/de\/wp-json\/wp\/v2\/comments?post=5657"}],"version-history":[{"count":21,"href":"https:\/\/buddydive.com\/de\/wp-json\/wp\/v2\/pages\/5657\/revisions"}],"predecessor-version":[{"id":36490,"href":"https:\/\/buddydive.com\/de\/wp-json\/wp\/v2\/pages\/5657\/revisions\/36490"}],"up":[{"embeddable":true,"href":"https:\/\/buddydive.com\/de\/wp-json\/wp\/v2\/pages\/5642"}],"wp:attachment":[{"href":"https:\/\/buddydive.com\/de\/wp-json\/wp\/v2\/media?parent=5657"}],"curies":[{"name":"wp","href":"https:\/\/api.w.org\/{rel}","templated":true}]}}