{"id":5642,"date":"2020-01-12T16:44:13","date_gmt":"2020-01-12T16:44:13","guid":{"rendered":"https:\/\/buddydive.com\/?page_id=5642"},"modified":"2022-09-08T19:10:43","modified_gmt":"2022-09-08T19:10:43","slug":"uber-bonaire","status":"publish","type":"page","link":"https:\/\/buddydive.com\/de\/uber-bonaire\/","title":{"rendered":"\u00dcber Bonaire"},"content":{"rendered":"<div class=\"wpb-content-wrapper\">[vc_row][vc_column][vc_column_text]\n<h1 style=\"text-align: center;\">BONAIRE<\/h1>\n<h4>Die Insel liegt im Su\u0308den der Karibik,au\u00dferhalb des Hurrikan-Gu\u0308rtels in derN\u00e4he von Aruba und Cura\u00e7ao, die nur138 bzw. 48 Kilometer entfernt sind.Bonaire wird direkt von Miami (ca.3 Stunden) und Amsterdam (ca. 10Stunden) angeflogen.<\/h4>\n<p>Seit Jahren schon wird Bonaire immer wieder zu einem der besten Tauchziele der Welt gek\u00fcrt und ist zudem ein Pionier in Sachen Naturschutz \u2013 ein Traum f\u00fcr jeden Taucher. \u00dcber 80 Tauchspots, viele davon ganz leicht vom Ufer aus zug\u00e4nglich, machen Bonaire zu Recht zu einem Mekka f\u00fcrs Tauchen. Aber diese sichelf\u00f6rmige Insel, 39 Kilometer lang und 5 \u2013 8 Kilometer breit, bietet auch allen Nicht-Tauchern eine Vielfalt an Aktivit\u00e4ten!<\/p>\n<p>Die Mangroven im Osten, die Kinderstube des Riffs, k\u00f6nnen Sie am besten mit dem Kajak erkunden, w\u00e4hrend sich im westlichen Teil der Insel zahlreiche H\u00f6hlen fu\u0308r gefu\u0308hrte Touren in diese unbekannte, mystische Seite Bonaires anbieten. Lac Bay im Su\u0308den, mit seinen geradezu optimalen Windsurfbedingungen, macht diese Region gleicherma\u00dfen ideal fu\u0308r\u00a0 insteiger wie auch fu\u0308r Fortgeschrittene, w\u00e4hrend die hu\u0308gelige Landschaft im Norden jedes Mountain-Biker-Herz h\u00f6her schlagen l\u00e4sst. Klein Bonaire, eine unbewohnte, vorgelagerte<br \/>\nInsel, ca. 800 m entfernt, ist bekannt dafu\u0308r, dass die Schildkr\u00f6ten hier ihre Eier ablegen.<\/p>\n<h5>Die Traumstr\u00e4nde und das azurblaue Wasser laden zum Sonnenbaden und Schnorcheln ein. Tauchen, Kajakfahren, H\u00f6hlenwanderungen,<br \/>\nMountain-Biking, Wind- und Kite-Surfen, Vogelbeobachtungen, Wandern oder nach dem Alltagsstress einfach nur relaxen und auftanken:<br \/>\nSie w\u00e4hlen, was Sie m\u00f6chten und Bonaire macht es m\u00f6glich!<\/h5>\n<p>Konstante Passatwinde aus \u00f6stlicher Richtung sorgen fu\u0308r eine angenehme Brise auf den 290 Quadratkilometern der Insel. Obwohl Bonaire unter dem Einfluss sehr trockenen Klimas steht, gibt es drei verschiedene Vegetationszonen. Im Zentrum ist das Klima halbtrocken, w\u00e4hrend die su\u0308dlichen Bereiche flach und offen sind mit dem einzigartigen Mangrovensystem und den Salzpfannen. Der n\u00f6rdliche Teil ist erheblich gru\u0308ner und hu\u0308geliger. Mit einer H\u00f6he von 218 Metern ist der Gipfel des Brandaris Bonaire\u2019s h\u00f6chster Punkt. Die durchschnittliche Jahres-Niederschlagsmenge von 56 cm, eine beinahe konstante Wassertemperatur von 27\u00b0 Celsius und eine etwas h\u00f6here Lufttemperatur von 28\u00b0 C machen Bonaire zu einem angenehmen Reiseziel.[\/vc_column_text][vc_single_image image=&#8220;4928&#8243; img_size=&#8220;full&#8220;][vc_column_text]\n<div class=\"wpb_text_column wpb_content_element \">\n<div class=\"wpb_wrapper\">\n<p>Die Bev\u00f6lkerung Bonaire\u2019s ist eine einzigartige Mischung aus verschiedenen Kulturen, die bis 1000 Jahre nach Christus in die \u00c4ra der Arawak-Indianer sowie der Caiquetios, die aus<br \/>\ndem heutigen Venezuela nach Bonaire segelten, zur\u00fcckreicht. Noch immer finden sich Spuren dieser Kultur an verschiedenen Ausgrabungsst\u00e4tten. Im fru\u0308hen 17. Jahrhundert wurden Sklaven von Afrika nach Bonaire geschafft. Es gibt immer noch zahlreiche historische Wahrzeichen aus dieser dunklen Periode in der Geschichte der Insel. Besonders<br \/>\nauffallend und eindrucksvoll sind natu\u0308rlich die Sklavenhu\u0308tten an der Su\u0308dspitze der Insel. Auch wenn Bonaire von vielen verschiedenen Kulturen beeinflusst ist, \u00fcberwiegt die afrikanische. Lieder und T\u00e4nze der Sklaven, um die unmenschlichen Lebensbedingungen zu ertragen, werden von der Bev\u00f6lkerung Bonaire\u2019s bewahrt. Afrikanische Stile haben sich erfolgreich mit den kulturellen Einflu\u0308ssen, beispielsweise der spanischen oder holl\u00e4ndischen Besatzer, gemischt. Freundlichkeit und eine liebenswerte Schu\u0308chternheit beschreiben<br \/>\nam besten die Menschen hinter dem fr\u00f6hlichen L\u00e4cheln, fu\u0308r das die Bonaireaner so bekannt sind.<\/p>\n<p>W\u00e4hrend Niederl\u00e4ndisch und Papiamentu die Amtssprachen sind, ist Englisch ebenfalls weit verbreitet und wird von einem Gro\u00dfteil der Bev\u00f6lkerung gesprochen. Da es keine \u00f6ffentlichen Verkehrsmittel gibt, ist ein Mietwagen sehr empfehlenswert. Taxis warten am Flughafen oder k\u00f6nnen an der Hotelrezeption angefordert werden.<\/p>\n<p>Auf der Hauptstra\u00dfe von Kralendijk (der Hauptstadt von Bonaire) die \u201eKaya Grandi\u201c, treffen Sie keine \u00fcberf\u00fcllten Gesch\u00e4fte an. Hier werden traditionelle Souvenirs verkauft und nicht die sonst \u00fcblichen Mitbringsel anderer karibischer Touristenorte. Vielf\u00e4ltig und \u00fcberraschend wie die Insel Bonaire, ist die Auswahl der angebotenen Waren. Es gibt einige Gesch\u00e4fte, die Qualit\u00e4tsschmuck, w\u00e4hrend andere Kunst und Handwerk von lokalen K\u00fcnstlern anbieten.<\/p>\n<p>Schon seit vielen Jahren spielt Bonaire\u2019s Verwaltung eine fu\u0308hrende Rolle in der Erhaltung und dem Schutz der Natur u\u0308ber und unter Wasser. Besonders hervorzuheben ist der bekannte Bonaire National Marine Park, der vor u\u0308ber 30 Jahren gegru\u0308ndet wurde, zu einer Zeit, in der Unterwasser-Naturschutzgebiete noch nicht existierten.<\/p>\n<\/div>\n<\/div>\n[\/vc_column_text][vc_single_image image=&#8220;4931&#8243; img_size=&#8220;full&#8220;][\/vc_column][\/vc_row][vc_row][vc_column][vc_raw_js]JTNDc2NyaXB0JTIwdHlwZSUzRCUyMnRleHQlMkZqYXZhc2NyaXB0JTIyJTNFJTBBd2luZG93LlRyZW5nbyUyMCUzRCUyMHdpbmRvdy5UcmVuZ28lMjAlN0MlN0MlMjAlN0IlN0QlM0IlMEF3aW5kb3cuVHJlbmdvLmtleSUyMCUzRCUyMCUyN1E5SGI4dlBvS2VnRDFBSSUyNyUzQiUwQSUyOGZ1bmN0aW9uJTI4ZCUyQyUyMHNjcmlwdCUyQyUyMHQlMjklMjAlN0IlMEElMjAlMjAlMjAlMjBzY3JpcHQlMjAlM0QlMjBkLmNyZWF0ZUVsZW1lbnQlMjglMjdzY3JpcHQlMjclMjklM0IlMEElMjAlMjAlMjAlMjBzY3JpcHQudHlwZSUyMCUzRCUyMCUyN3RleHQlMkZqYXZhc2NyaXB0JTI3JTNCJTBBJTIwJTIwJTIwJTIwc2NyaXB0LmFzeW5jJTIwJTNEJTIwdHJ1ZSUzQiUwQSUyMCUyMCUyMCUyMHNjcmlwdC5zcmMlMjAlM0QlMjAlMjdodHRwcyUzQSUyRiUyRnN0YXRpYy53aWRnZXQudHJlbmdvLmV1JTJGZW1iZWQuanMlMjclM0IlMEElMjAlMjAlMjAlMjBkLmdldEVsZW1lbnRzQnlUYWdOYW1lJTI4JTI3aGVhZCUyNyUyOSU1QjAlNUQuYXBwZW5kQ2hpbGQlMjhzY3JpcHQlMjklM0IlMEElN0QlMjhkb2N1bWVudCUyOSUyOSUzQiUwQSUzQyUyRnNjcmlwdCUzRQ==[\/vc_raw_js][\/vc_column][\/vc_row]\n<\/div>","protected":false},"excerpt":{"rendered":"<p>[vc_row][vc_column][vc_column_text] BONAIRE Die Insel liegt im Su\u0308den der Karibik,au\u00dferhalb des Hurrikan-Gu\u0308rtels in derN\u00e4he von Aruba und Cura\u00e7ao, die nur138 bzw. [&hellip;]<\/p>\n","protected":false},"author":1,"featured_media":0,"parent":0,"menu_order":0,"comment_status":"closed","ping_status":"closed","template":"page-templates\/page-left.php","meta":{"footnotes":""},"class_list":["post-5642","page","type-page","status-publish","hentry"],"yoast_head":"<!-- This site is optimized with the Yoast SEO plugin v27.0 - https:\/\/yoast.com\/product\/yoast-seo-wordpress\/ -->\n<title>About Bonaire - Buddy Dive Resort Bonaire<\/title>\n<meta name=\"description\" content=\"Konsequent als das beste Tauchziel der Welt und als Pionier im Naturschutz bewertet, ist Bonaire ein Traum f\u00fcr jeden Taucher.\" \/>\n<meta name=\"robots\" content=\"index, follow, max-snippet:-1, max-image-preview:large, max-video-preview:-1\" \/>\n<link rel=\"canonical\" href=\"https:\/\/buddydive.com\/de\/uber-bonaire\/\" \/>\n<meta property=\"og:locale\" content=\"de_DE\" \/>\n<meta property=\"og:type\" content=\"article\" \/>\n<meta property=\"og:title\" content=\"About Bonaire - Buddy Dive Resort Bonaire\" \/>\n<meta property=\"og:description\" content=\"Konsequent als das beste Tauchziel der Welt und als Pionier im Naturschutz bewertet, ist Bonaire ein Traum f\u00fcr jeden Taucher.\" \/>\n<meta property=\"og:url\" content=\"https:\/\/buddydive.com\/de\/uber-bonaire\/\" \/>\n<meta property=\"og:site_name\" content=\"Buddy Dive Bonaire\" \/>\n<meta property=\"article:publisher\" content=\"https:\/\/www.facebook.com\/buddydiveresort\" \/>\n<meta property=\"article:modified_time\" content=\"2022-09-08T19:10:43+00:00\" \/>\n<meta name=\"twitter:card\" content=\"summary_large_image\" \/>\n<meta name=\"twitter:site\" content=\"@buddydive\" \/>\n<meta name=\"twitter:label1\" content=\"Gesch\u00e4tzte Lesezeit\" \/>\n\t<meta name=\"twitter:data1\" content=\"4\u00a0Minuten\" \/>\n<script type=\"application\/ld+json\" class=\"yoast-schema-graph\">{\"@context\":\"https:\/\/schema.org\",\"@graph\":[{\"@type\":\"WebPage\",\"@id\":\"https:\/\/buddydive.com\/de\/uber-bonaire\/\",\"url\":\"https:\/\/buddydive.com\/de\/uber-bonaire\/\",\"name\":\"About Bonaire - Buddy Dive Resort Bonaire\",\"isPartOf\":{\"@id\":\"https:\/\/buddydive.com\/de\/#website\"},\"datePublished\":\"2020-01-12T16:44:13+00:00\",\"dateModified\":\"2022-09-08T19:10:43+00:00\",\"description\":\"Konsequent als das beste Tauchziel der Welt und als Pionier im Naturschutz bewertet, ist Bonaire ein Traum f\u00fcr jeden Taucher.\",\"breadcrumb\":{\"@id\":\"https:\/\/buddydive.com\/de\/uber-bonaire\/#breadcrumb\"},\"inLanguage\":\"de\",\"potentialAction\":[{\"@type\":\"ReadAction\",\"target\":[\"https:\/\/buddydive.com\/de\/uber-bonaire\/\"]}]},{\"@type\":\"BreadcrumbList\",\"@id\":\"https:\/\/buddydive.com\/de\/uber-bonaire\/#breadcrumb\",\"itemListElement\":[{\"@type\":\"ListItem\",\"position\":1,\"name\":\"Home\",\"item\":\"https:\/\/buddydive.com\/de\/\"},{\"@type\":\"ListItem\",\"position\":2,\"name\":\"\u00dcber Bonaire\"}]},{\"@type\":\"WebSite\",\"@id\":\"https:\/\/buddydive.com\/de\/#website\",\"url\":\"https:\/\/buddydive.com\/de\/\",\"name\":\"Buddy Dive Bonaire\",\"description\":\"My WordPress Blog\",\"potentialAction\":[{\"@type\":\"SearchAction\",\"target\":{\"@type\":\"EntryPoint\",\"urlTemplate\":\"https:\/\/buddydive.com\/de\/?s={search_term_string}\"},\"query-input\":{\"@type\":\"PropertyValueSpecification\",\"valueRequired\":true,\"valueName\":\"search_term_string\"}}],\"inLanguage\":\"de\"}]}<\/script>\n<!-- \/ Yoast SEO plugin. -->","yoast_head_json":{"title":"About Bonaire - Buddy Dive Resort Bonaire","description":"Konsequent als das beste Tauchziel der Welt und als Pionier im Naturschutz bewertet, ist Bonaire ein Traum f\u00fcr jeden Taucher.","robots":{"index":"index","follow":"follow","max-snippet":"max-snippet:-1","max-image-preview":"max-image-preview:large","max-video-preview":"max-video-preview:-1"},"canonical":"https:\/\/buddydive.com\/de\/uber-bonaire\/","og_locale":"de_DE","og_type":"article","og_title":"About Bonaire - Buddy Dive Resort Bonaire","og_description":"Konsequent als das beste Tauchziel der Welt und als Pionier im Naturschutz bewertet, ist Bonaire ein Traum f\u00fcr jeden Taucher.","og_url":"https:\/\/buddydive.com\/de\/uber-bonaire\/","og_site_name":"Buddy Dive Bonaire","article_publisher":"https:\/\/www.facebook.com\/buddydiveresort","article_modified_time":"2022-09-08T19:10:43+00:00","twitter_card":"summary_large_image","twitter_site":"@buddydive","twitter_misc":{"Gesch\u00e4tzte Lesezeit":"4\u00a0Minuten"},"schema":{"@context":"https:\/\/schema.org","@graph":[{"@type":"WebPage","@id":"https:\/\/buddydive.com\/de\/uber-bonaire\/","url":"https:\/\/buddydive.com\/de\/uber-bonaire\/","name":"About Bonaire - Buddy Dive Resort Bonaire","isPartOf":{"@id":"https:\/\/buddydive.com\/de\/#website"},"datePublished":"2020-01-12T16:44:13+00:00","dateModified":"2022-09-08T19:10:43+00:00","description":"Konsequent als das beste Tauchziel der Welt und als Pionier im Naturschutz bewertet, ist Bonaire ein Traum f\u00fcr jeden Taucher.","breadcrumb":{"@id":"https:\/\/buddydive.com\/de\/uber-bonaire\/#breadcrumb"},"inLanguage":"de","potentialAction":[{"@type":"ReadAction","target":["https:\/\/buddydive.com\/de\/uber-bonaire\/"]}]},{"@type":"BreadcrumbList","@id":"https:\/\/buddydive.com\/de\/uber-bonaire\/#breadcrumb","itemListElement":[{"@type":"ListItem","position":1,"name":"Home","item":"https:\/\/buddydive.com\/de\/"},{"@type":"ListItem","position":2,"name":"\u00dcber Bonaire"}]},{"@type":"WebSite","@id":"https:\/\/buddydive.com\/de\/#website","url":"https:\/\/buddydive.com\/de\/","name":"Buddy Dive Bonaire","description":"My WordPress Blog","potentialAction":[{"@type":"SearchAction","target":{"@type":"EntryPoint","urlTemplate":"https:\/\/buddydive.com\/de\/?s={search_term_string}"},"query-input":{"@type":"PropertyValueSpecification","valueRequired":true,"valueName":"search_term_string"}}],"inLanguage":"de"}]}},"_links":{"self":[{"href":"https:\/\/buddydive.com\/de\/wp-json\/wp\/v2\/pages\/5642","targetHints":{"allow":["GET"]}}],"collection":[{"href":"https:\/\/buddydive.com\/de\/wp-json\/wp\/v2\/pages"}],"about":[{"href":"https:\/\/buddydive.com\/de\/wp-json\/wp\/v2\/types\/page"}],"author":[{"embeddable":true,"href":"https:\/\/buddydive.com\/de\/wp-json\/wp\/v2\/users\/1"}],"replies":[{"embeddable":true,"href":"https:\/\/buddydive.com\/de\/wp-json\/wp\/v2\/comments?post=5642"}],"version-history":[{"count":10,"href":"https:\/\/buddydive.com\/de\/wp-json\/wp\/v2\/pages\/5642\/revisions"}],"predecessor-version":[{"id":17928,"href":"https:\/\/buddydive.com\/de\/wp-json\/wp\/v2\/pages\/5642\/revisions\/17928"}],"wp:attachment":[{"href":"https:\/\/buddydive.com\/de\/wp-json\/wp\/v2\/media?parent=5642"}],"curies":[{"name":"wp","href":"https:\/\/api.w.org\/{rel}","templated":true}]}}