{"id":5509,"date":"2020-01-11T13:41:29","date_gmt":"2020-01-11T13:41:29","guid":{"rendered":"https:\/\/buddydive.com\/?page_id=5509"},"modified":"2025-06-12T20:52:48","modified_gmt":"2025-06-12T20:52:48","slug":"events","status":"publish","type":"page","link":"https:\/\/buddydive.com\/de\/events\/","title":{"rendered":"Events"},"content":{"rendered":"<div class=\"wpb-content-wrapper\">[vc_row][vc_column][vc_column_text]\n<h1 class=\"text-uppercase\" style=\"text-align: center;\"><small>BEGLEITEN SIE UNS<\/small>Your Buddies\u2122 Events<\/h1>\n<p>Jedes Jahr organisiert das Buddy Dive Resort eine Reihe von beliebten Events. Stellen Sie sicher, dass Sie Ihren Platz rechtzeitig reservieren um an einer der vielen Veranstaltungen und Aktivit\u00e4ten teilzunehmen, die wir Jahr f\u00fcr Jahr ausrichten.[\/vc_column_text][\/vc_column][\/vc_row][vc_row][vc_column width=&#8220;1\/2&#8243;][vc_single_image image=&#8220;4024&#8243; img_size=&#8220;large&#8220; onclick=&#8220;custom_link&#8220; link=&#8220;http:\/\/www.buddydive.com\/events\/operation-ccr&#8220;][vc_column_text css=&#8220;&#8220;]\n<h3><a href=\"http:\/\/www.buddydive.com\/events\/operation-ccr\">Operation CCR<\/a><\/h3>\n<p>April 19 \u2013 25, 2025<br \/>May 23 &#8211; 29, 2026<\/p>\n<p>Eine Woche exklusiv f\u00fcr CCR-Taucher.[\/vc_column_text][\/vc_column][vc_column width=&#8220;1\/2&#8243;][vc_single_image image=&#8220;3990&#8243; img_size=&#8220;large&#8220; onclick=&#8220;custom_link&#8220; link=&#8220;http:\/\/www.buddydive.com\/events\/kids-sea-camp&#8220;][vc_column_text css=&#8220;&#8220;]\n<h3><a href=\"http:\/\/www.buddydive.com\/events\/kids-sea-camp\">Kids Sea Camp<\/a><\/h3>\n<p>March 29 &#8211; April 5, 2025<br \/>August 2 &#8211; 16, 2025<br \/><span style=\"font-size: 1.4rem;\">April 4 \u2013 11, 2026<br \/>\n<\/span>June 20 \u2013 July 4, 2026<br \/>November 21 &#8211; 28, 2026<\/p>\n<p>Ein allj\u00e4hrlich wiederkehrendes lustiges Familienevent, das Tauchkurse mit Aktivit\u00e4ten f\u00fcr die ganze Familie kombiniert! Kreieren Sie Ihren eigenen unvergesslichen Familienurlaub.[\/vc_column_text][\/vc_column][\/vc_row][vc_row][vc_column width=&#8220;1\/2&#8243;][vc_single_image image=&#8220;3976&#8243; img_size=&#8220;large&#8220; onclick=&#8220;custom_link&#8220; link=&#8220;http:\/\/www.buddydive.com\/events\/marine-life-education&#8220;][vc_column_text css=&#8220;&#8220;]\n<h3><a href=\"http:\/\/www.buddydive.com\/events\/marine-life-education\">Marine Life Education<\/a><\/h3>\n<p>May 31 &#8211; June 27, 2025<\/p>\n<p>Erweitern Sie Ihr Wissen \u00fcber das Leben an den Riffen und die Unterwasserwelt von Bonaire.[\/vc_column_text][\/vc_column][vc_column width=&#8220;1\/2&#8243;][vc_single_image image=&#8220;14139&#8243; img_size=&#8220;large&#8220; onclick=&#8220;custom_link&#8220; link=&#8220;https:\/\/buddydive.com\/de\/events\/buddy-dive-thru-the-lens\/&#8220;][vc_column_text css=&#8220;&#8220;]\n<h3><a href=\"https:\/\/buddydive.com\/de\/events\/buddy-dive-thru-the-lens\/\">Buddy Dive Thru the Lens<\/a><\/h3>\n<p>August 23 \u2013 29, 2025<\/p>\n<p>Join us for a week filled with underwater photography fun![\/vc_column_text][\/vc_column][\/vc_row][vc_row][vc_column width=&#8220;1\/2&#8243;][vc_single_image image=&#8220;29219&#8243; img_size=&#8220;full&#8220; onclick=&#8220;custom_link&#8220; css=&#8220;&#8220;][vc_column_text css=&#8220;&#8220;]\n<h3><a href=\"https:\/\/buddydive.com\/de\/hilma-hooker\/\">Hilma Hooker Woche<\/a><\/h3>\n<p>September 13 &#8211; 19, 2025<br \/>September 12 &#8211; 18, 2026<\/p>\n<p>Eine ganze Woche ist dem Schiffbruch der Hilma Hooker gewidmet![\/vc_column_text][\/vc_column][vc_column width=&#8220;1\/2&#8243;][vc_single_image image=&#8220;19267&#8243; img_size=&#8220;large&#8220; onclick=&#8220;custom_link&#8220; link=&#8220;http:\/\/www.buddydive.com\/events\/bonaire-tek&#8220;][vc_column_text css=&#8220;&#8220;]\n<h3><a href=\"http:\/\/www.buddydive.com\/events\/bonaire-tek\">Bonaire TeK<\/a><\/h3>\n<p>September 27 \u2013 October 3, 2025<br \/>September 26 \u2013 October 2, 2026<\/p>\n<p>Tauchen Sie ein in die Welt des technischen Tauchens.[\/vc_column_text][\/vc_column][\/vc_row][vc_row][vc_column width=&#8220;1\/2&#8243;][vc_single_image image=&#8220;16529&#8243; img_size=&#8220;large&#8220; onclick=&#8220;custom_link&#8220; link=&#8220;https:\/\/buddydive.com\/buddy-dive-resort-x-lorenzo-mittiga\/&#8220;][vc_column_text]\n<h3><a href=\"https:\/\/buddydive.com\/buddy-dive-resort-x-lorenzo-mittiga\/\">Buddy Dive Resort X Lorenzo Mittiga\u00a0<\/a><\/h3>\n<p>On request<\/p>\n<p>Learn from the best during the underwater photography week with awarded photographer <a href=\"https:\/\/lorenzomittiga.com\/\">Lorenzo Mittiga!\u00a0<\/a>[\/vc_column_text][\/vc_column][\/vc_row][vc_row][vc_column][vc_raw_js]JTNDc2NyaXB0JTIwdHlwZSUzRCUyMnRleHQlMkZqYXZhc2NyaXB0JTIyJTNFJTBBd2luZG93LlRyZW5nbyUyMCUzRCUyMHdpbmRvdy5UcmVuZ28lMjAlN0MlN0MlMjAlN0IlN0QlM0IlMEF3aW5kb3cuVHJlbmdvLmtleSUyMCUzRCUyMCUyN1E5SGI4dlBvS2VnRDFBSSUyNyUzQiUwQSUyOGZ1bmN0aW9uJTI4ZCUyQyUyMHNjcmlwdCUyQyUyMHQlMjklMjAlN0IlMEElMjAlMjAlMjAlMjBzY3JpcHQlMjAlM0QlMjBkLmNyZWF0ZUVsZW1lbnQlMjglMjdzY3JpcHQlMjclMjklM0IlMEElMjAlMjAlMjAlMjBzY3JpcHQudHlwZSUyMCUzRCUyMCUyN3RleHQlMkZqYXZhc2NyaXB0JTI3JTNCJTBBJTIwJTIwJTIwJTIwc2NyaXB0LmFzeW5jJTIwJTNEJTIwdHJ1ZSUzQiUwQSUyMCUyMCUyMCUyMHNjcmlwdC5zcmMlMjAlM0QlMjAlMjdodHRwcyUzQSUyRiUyRnN0YXRpYy53aWRnZXQudHJlbmdvLmV1JTJGZW1iZWQuanMlMjclM0IlMEElMjAlMjAlMjAlMjBkLmdldEVsZW1lbnRzQnlUYWdOYW1lJTI4JTI3aGVhZCUyNyUyOSU1QjAlNUQuYXBwZW5kQ2hpbGQlMjhzY3JpcHQlMjklM0IlMEElN0QlMjhkb2N1bWVudCUyOSUyOSUzQiUwQSUzQyUyRnNjcmlwdCUzRQ==[\/vc_raw_js][\/vc_column][\/vc_row]\n<\/div>","protected":false},"excerpt":{"rendered":"<p>[vc_row][vc_column][vc_column_text] BEGLEITEN SIE UNSYour Buddies\u2122 Events Jedes Jahr organisiert das Buddy Dive Resort eine Reihe von beliebten Events. Stellen Sie [&hellip;]<\/p>\n","protected":false},"author":1,"featured_media":0,"parent":0,"menu_order":0,"comment_status":"closed","ping_status":"open","template":"page-templates\/page-left.php","meta":{"footnotes":""},"class_list":["post-5509","page","type-page","status-publish","hentry"],"yoast_head":"<!-- This site is optimized with the Yoast SEO plugin v27.4 - https:\/\/yoast.com\/product\/yoast-seo-wordpress\/ -->\n<title>Events Buddy Dive Resort - Buddy Dive Resort Bonaire<\/title>\n<meta name=\"description\" content=\"Seien Sie Teil einer der Veranstaltungen Buddy Dive Resort Gastgeber Jahr f\u00fcr Jahr. Achten Sie darauf, rechtzeitig zu buchen, um an einer der vielen Veranstaltungen und Aktivit\u00e4ten teilzunehmen.\" \/>\n<meta name=\"robots\" content=\"index, follow, max-snippet:-1, max-image-preview:large, max-video-preview:-1\" \/>\n<link rel=\"canonical\" href=\"https:\/\/buddydive.com\/de\/events\/\" \/>\n<meta property=\"og:locale\" content=\"de_DE\" \/>\n<meta property=\"og:type\" content=\"article\" \/>\n<meta property=\"og:title\" content=\"Events Buddy Dive Resort - Buddy Dive Resort Bonaire\" \/>\n<meta property=\"og:description\" content=\"Seien Sie Teil einer der Veranstaltungen Buddy Dive Resort Gastgeber Jahr f\u00fcr Jahr. Achten Sie darauf, rechtzeitig zu buchen, um an einer der vielen Veranstaltungen und Aktivit\u00e4ten teilzunehmen.\" \/>\n<meta property=\"og:url\" content=\"https:\/\/buddydive.com\/de\/events\/\" \/>\n<meta property=\"og:site_name\" content=\"Buddy Dive Bonaire\" \/>\n<meta property=\"article:publisher\" content=\"https:\/\/www.facebook.com\/buddydiveresort\" \/>\n<meta property=\"article:modified_time\" content=\"2025-06-12T20:52:48+00:00\" \/>\n<meta name=\"twitter:card\" content=\"summary_large_image\" \/>\n<meta name=\"twitter:site\" content=\"@buddydive\" \/>\n<meta name=\"twitter:label1\" content=\"Gesch\u00e4tzte Lesezeit\" \/>\n\t<meta name=\"twitter:data1\" content=\"1\u00a0Minute\" \/>\n<script type=\"application\/ld+json\" class=\"yoast-schema-graph\">{\"@context\":\"https:\\\/\\\/schema.org\",\"@graph\":[{\"@type\":\"WebPage\",\"@id\":\"https:\\\/\\\/buddydive.com\\\/de\\\/events\\\/\",\"url\":\"https:\\\/\\\/buddydive.com\\\/de\\\/events\\\/\",\"name\":\"Events Buddy Dive Resort - Buddy Dive Resort Bonaire\",\"isPartOf\":{\"@id\":\"https:\\\/\\\/buddydive.com\\\/de\\\/#website\"},\"datePublished\":\"2020-01-11T13:41:29+00:00\",\"dateModified\":\"2025-06-12T20:52:48+00:00\",\"description\":\"Seien Sie Teil einer der Veranstaltungen Buddy Dive Resort Gastgeber Jahr f\u00fcr Jahr. Achten Sie darauf, rechtzeitig zu buchen, um an einer der vielen Veranstaltungen und Aktivit\u00e4ten teilzunehmen.\",\"breadcrumb\":{\"@id\":\"https:\\\/\\\/buddydive.com\\\/de\\\/events\\\/#breadcrumb\"},\"inLanguage\":\"de\",\"potentialAction\":[{\"@type\":\"ReadAction\",\"target\":[\"https:\\\/\\\/buddydive.com\\\/de\\\/events\\\/\"]}]},{\"@type\":\"BreadcrumbList\",\"@id\":\"https:\\\/\\\/buddydive.com\\\/de\\\/events\\\/#breadcrumb\",\"itemListElement\":[{\"@type\":\"ListItem\",\"position\":1,\"name\":\"Home\",\"item\":\"https:\\\/\\\/buddydive.com\\\/de\\\/\"},{\"@type\":\"ListItem\",\"position\":2,\"name\":\"Events\"}]},{\"@type\":\"WebSite\",\"@id\":\"https:\\\/\\\/buddydive.com\\\/de\\\/#website\",\"url\":\"https:\\\/\\\/buddydive.com\\\/de\\\/\",\"name\":\"Buddy Dive Bonaire\",\"description\":\"My WordPress Blog\",\"potentialAction\":[{\"@type\":\"SearchAction\",\"target\":{\"@type\":\"EntryPoint\",\"urlTemplate\":\"https:\\\/\\\/buddydive.com\\\/de\\\/?s={search_term_string}\"},\"query-input\":{\"@type\":\"PropertyValueSpecification\",\"valueRequired\":true,\"valueName\":\"search_term_string\"}}],\"inLanguage\":\"de\"}]}<\/script>\n<!-- \/ Yoast SEO plugin. -->","yoast_head_json":{"title":"Events Buddy Dive Resort - Buddy Dive Resort Bonaire","description":"Seien Sie Teil einer der Veranstaltungen Buddy Dive Resort Gastgeber Jahr f\u00fcr Jahr. Achten Sie darauf, rechtzeitig zu buchen, um an einer der vielen Veranstaltungen und Aktivit\u00e4ten teilzunehmen.","robots":{"index":"index","follow":"follow","max-snippet":"max-snippet:-1","max-image-preview":"max-image-preview:large","max-video-preview":"max-video-preview:-1"},"canonical":"https:\/\/buddydive.com\/de\/events\/","og_locale":"de_DE","og_type":"article","og_title":"Events Buddy Dive Resort - Buddy Dive Resort Bonaire","og_description":"Seien Sie Teil einer der Veranstaltungen Buddy Dive Resort Gastgeber Jahr f\u00fcr Jahr. Achten Sie darauf, rechtzeitig zu buchen, um an einer der vielen Veranstaltungen und Aktivit\u00e4ten teilzunehmen.","og_url":"https:\/\/buddydive.com\/de\/events\/","og_site_name":"Buddy Dive Bonaire","article_publisher":"https:\/\/www.facebook.com\/buddydiveresort","article_modified_time":"2025-06-12T20:52:48+00:00","twitter_card":"summary_large_image","twitter_site":"@buddydive","twitter_misc":{"Gesch\u00e4tzte Lesezeit":"1\u00a0Minute"},"schema":{"@context":"https:\/\/schema.org","@graph":[{"@type":"WebPage","@id":"https:\/\/buddydive.com\/de\/events\/","url":"https:\/\/buddydive.com\/de\/events\/","name":"Events Buddy Dive Resort - Buddy Dive Resort Bonaire","isPartOf":{"@id":"https:\/\/buddydive.com\/de\/#website"},"datePublished":"2020-01-11T13:41:29+00:00","dateModified":"2025-06-12T20:52:48+00:00","description":"Seien Sie Teil einer der Veranstaltungen Buddy Dive Resort Gastgeber Jahr f\u00fcr Jahr. Achten Sie darauf, rechtzeitig zu buchen, um an einer der vielen Veranstaltungen und Aktivit\u00e4ten teilzunehmen.","breadcrumb":{"@id":"https:\/\/buddydive.com\/de\/events\/#breadcrumb"},"inLanguage":"de","potentialAction":[{"@type":"ReadAction","target":["https:\/\/buddydive.com\/de\/events\/"]}]},{"@type":"BreadcrumbList","@id":"https:\/\/buddydive.com\/de\/events\/#breadcrumb","itemListElement":[{"@type":"ListItem","position":1,"name":"Home","item":"https:\/\/buddydive.com\/de\/"},{"@type":"ListItem","position":2,"name":"Events"}]},{"@type":"WebSite","@id":"https:\/\/buddydive.com\/de\/#website","url":"https:\/\/buddydive.com\/de\/","name":"Buddy Dive Bonaire","description":"My WordPress Blog","potentialAction":[{"@type":"SearchAction","target":{"@type":"EntryPoint","urlTemplate":"https:\/\/buddydive.com\/de\/?s={search_term_string}"},"query-input":{"@type":"PropertyValueSpecification","valueRequired":true,"valueName":"search_term_string"}}],"inLanguage":"de"}]}},"_links":{"self":[{"href":"https:\/\/buddydive.com\/de\/wp-json\/wp\/v2\/pages\/5509","targetHints":{"allow":["GET"]}}],"collection":[{"href":"https:\/\/buddydive.com\/de\/wp-json\/wp\/v2\/pages"}],"about":[{"href":"https:\/\/buddydive.com\/de\/wp-json\/wp\/v2\/types\/page"}],"author":[{"embeddable":true,"href":"https:\/\/buddydive.com\/de\/wp-json\/wp\/v2\/users\/1"}],"replies":[{"embeddable":true,"href":"https:\/\/buddydive.com\/de\/wp-json\/wp\/v2\/comments?post=5509"}],"version-history":[{"count":46,"href":"https:\/\/buddydive.com\/de\/wp-json\/wp\/v2\/pages\/5509\/revisions"}],"predecessor-version":[{"id":32024,"href":"https:\/\/buddydive.com\/de\/wp-json\/wp\/v2\/pages\/5509\/revisions\/32024"}],"wp:attachment":[{"href":"https:\/\/buddydive.com\/de\/wp-json\/wp\/v2\/media?parent=5509"}],"curies":[{"name":"wp","href":"https:\/\/api.w.org\/{rel}","templated":true}]}}