{"id":5457,"date":"2020-01-11T11:52:17","date_gmt":"2020-01-11T11:52:17","guid":{"rendered":"https:\/\/buddydive.com\/?page_id=5457"},"modified":"2023-06-13T13:19:08","modified_gmt":"2023-06-13T13:19:08","slug":"belmar","status":"publish","type":"page","link":"https:\/\/buddydive.com\/de\/buddy-dive-watersports\/belmar\/","title":{"rendered":"Buddy Dive in Belmar"},"content":{"rendered":"<div class=\"wpb-content-wrapper\">[vc_row][vc_column width=&#8220;2\/3&#8243;][vc_column_text]\n<h1 style=\"text-align: center;\">BELMAR OCEANFRONT APARTMENTS<\/h1>\n<h3 style=\"text-align: left;\">Tauchen mit Your Buddies\u2122 bei Belmar mit Belmars Satelliten-Tauchshop vor Ort von Buddy Dive Watersports.<\/h3>\n<p>Belmar Oceanfront Apartments ist ein PADI 5-Sterne-Resort und ein universelles Empfehlungszentrum mit engagierten PADI-Lehrern vor Ort. Wir bieten PADI Kurse vom Anf\u00e4ngerniveau bis zum Dive Master und alle PADI Spezialit\u00e4ten an. Sie werden den pers\u00f6nlichen Service mit Privatkursen, gef\u00fchrten Landtauchg\u00e4ngen und Valet Boat Dives erleben, die von unserem eigenen Dock aus starten. Auf der Suche nach etwas anderem? Wir bieten auch SUP-Boards bei Belmar an, die Ihnen die M\u00f6glichkeit geben, Bonaire auf einer ganz neuen Ebene zu erleben!<\/p>\n<p>Kommen Sie in den Tauchshop und sprechen Sie mit unserem Tauchpersonal, damit Sie das Beste aus Ihrem Tauchurlaub machen k\u00f6nnen, unabh\u00e4ngig von Ihrem Niveau und Ihrer Erfahrung.[\/vc_column_text][vc_column_text]\n<h2 class=\"text-uppercase\"><small>Problemloses Tauchen<\/small>Valet Diving Bonaire<\/h2>\n<p>Besuchen Sie die sch\u00f6nsten Tauchpl\u00e4tze von Bonaire, genie\u00dfen Sie die angenehme Brise auf dem Boot, lehnen Sie sich zur\u00fcck, entspannen Sie sich und machen Sie sich keine Sorgen. Klingt das nach Musik in Ihren Ohren? Kommen Sie zu unseren Valet Dive Bootstauchg\u00e4ngen!<\/p>\n<p>Unsere Crew l\u00e4dt Ihre Ausr\u00fcstung auf das Boot und baut es f\u00fcr Sie auf. In der Zwischenzeit kannst du deinen Tauchplan besprechen oder dich mit einem neuen Buddy anfreunden! Sobald Sie am Tauchplatz ankommen, f\u00fchren Sie unsere erfahrenen Divemaster ins Wasser und navigieren Sie zu den versteckten Orten und der Unterwasserwelt. Genie\u00dfen Sie die karibische Sonne, w\u00e4hrend die Crew frische Handt\u00fccher, frisches Obst, Snacks und Erfrischungen verteilt.<\/p>\n<p>Nach einem sch\u00f6nen Tag auf dem Wasser wird unsere Crew Ihre Tauchausr\u00fcstung entladen, sp\u00fclen und verstauen![\/vc_column_text][vc_btn title=&#8220;Besuche die Website&#8220; align=&#8220;center&#8220; link=&#8220;url:http%3A%2F%2Fwww.belmar-bonaire.com|target:%20_blank|&#8220;][vc_btn title=&#8220;Kontakt&#8220; align=&#8220;center&#8220; link=&#8220;url:mailto%3Areservations%40belmar-bonaire.com|&#8220;][\/vc_column][vc_column width=&#8220;1\/3&#8243;][vc_single_image image=&#8220;3371&#8243; img_size=&#8220;medium&#8220;][\/vc_column][\/vc_row][vc_row][vc_column][vc_gallery images=&#8220;21384,21387,21390&#8243; img_size=&#8220;large&#8220; columns=&#8220;3&#8243;][\/vc_column][\/vc_row][vc_row][vc_column width=&#8220;1\/2&#8243;][vc_column_text]\n<h2 class=\"text-center\" style=\"text-align: center;\"><i class='far fa-fw fa-clock-o fa-lg fa-block ' style=''><\/i><strong>\u00d6ffnungszeiten Belmar<\/strong><\/h2>\n<p style=\"text-align: center;\">T\u00e4glich: 8 a.m. &#8211; 5 p.m.<\/p>\n[\/vc_column_text][\/vc_column][vc_column width=&#8220;1\/2&#8243;][vc_column_text]\n<h2 class=\"text-center\" style=\"text-align: center;\"><i class='far fa-fw fa-book fa-lg fa-block ' style=''><\/i>Kontakt<\/h2>\n<p style=\"text-align: center;\">Address: 88 EEG Boulevard<br \/>\nPhone: +599 717 7878<br \/>\nEmail: <a href=\"mailto:diving@belmar-bonaire.com\" target=\"_blank\" rel=\"noopener noreferrer\">diving@belmar-bonaire.com<\/a><\/p>\n[\/vc_column_text][\/vc_column][\/vc_row][vc_row][vc_column][vc_gmaps link=&#8220;#E-8_JTNDaWZyYW1lJTIwc3JjJTNEJTIyaHR0cHMlM0ElMkYlMkZ3d3cuZ29vZ2xlLmNvbSUyRm1hcHMlMkZlbWJlZCUzRnBiJTNEJTIxMW0xOCUyMTFtMTIlMjExbTMlMjExZDM5MDAuODc0MDA5MzgzMzIwOCUyMTJkLTY4LjI5MzE3MDM4NDE0MjQzJTIxM2QxMi4xMjA3NzE5MzYyNTE4MTUlMjEybTMlMjExZjAlMjEyZjAlMjEzZjAlMjEzbTIlMjExaTEwMjQlMjEyaTc2OCUyMTRmMTMuMSUyMTNtMyUyMTFtMiUyMTFzMHg4ZTgzMWFlMTIwOThhNjQ3JTI1M0EweGRhOTc0NGYxMmVjYmFmNDglMjEyc0JlbG1hciUyNTIwQm9uYWlyZSUyNTIwT2NlYW5mcm9udCUyNTIwQXBhcnRtZW50cyUyMTVlMCUyMTNtMiUyMTFzZW4lMjEyc25sJTIxNHYxNTc4NDQwNzI5ODA0JTIxNW0yJTIxMXNlbiUyMTJzbmwlMjIlMjB3aWR0aCUzRCUyMjYwMCUyMiUyMGhlaWdodCUzRCUyMjQ1MCUyMiUyMGZyYW1lYm9yZGVyJTNEJTIyMCUyMiUyMHN0eWxlJTNEJTIyYm9yZGVyJTNBMCUzQiUyMiUyMGFsbG93ZnVsbHNjcmVlbiUzRCUyMiUyMiUzRSUzQyUyRmlmcmFtZSUzRQ==&#8220;][\/vc_column][\/vc_row][vc_row][vc_column][vc_raw_js]JTNDc2NyaXB0JTIwdHlwZSUzRCUyMnRleHQlMkZqYXZhc2NyaXB0JTIyJTNFJTBBd2luZG93LlRyZW5nbyUyMCUzRCUyMHdpbmRvdy5UcmVuZ28lMjAlN0MlN0MlMjAlN0IlN0QlM0IlMEF3aW5kb3cuVHJlbmdvLmtleSUyMCUzRCUyMCUyN1E5SGI4dlBvS2VnRDFBSSUyNyUzQiUwQSUyOGZ1bmN0aW9uJTI4ZCUyQyUyMHNjcmlwdCUyQyUyMHQlMjklMjAlN0IlMEElMjAlMjAlMjAlMjBzY3JpcHQlMjAlM0QlMjBkLmNyZWF0ZUVsZW1lbnQlMjglMjdzY3JpcHQlMjclMjklM0IlMEElMjAlMjAlMjAlMjBzY3JpcHQudHlwZSUyMCUzRCUyMCUyN3RleHQlMkZqYXZhc2NyaXB0JTI3JTNCJTBBJTIwJTIwJTIwJTIwc2NyaXB0LmFzeW5jJTIwJTNEJTIwdHJ1ZSUzQiUwQSUyMCUyMCUyMCUyMHNjcmlwdC5zcmMlMjAlM0QlMjAlMjdodHRwcyUzQSUyRiUyRnN0YXRpYy53aWRnZXQudHJlbmdvLmV1JTJGZW1iZWQuanMlMjclM0IlMEElMjAlMjAlMjAlMjBkLmdldEVsZW1lbnRzQnlUYWdOYW1lJTI4JTI3aGVhZCUyNyUyOSU1QjAlNUQuYXBwZW5kQ2hpbGQlMjhzY3JpcHQlMjklM0IlMEElN0QlMjhkb2N1bWVudCUyOSUyOSUzQiUwQSUzQyUyRnNjcmlwdCUzRQ==[\/vc_raw_js][\/vc_column][\/vc_row]\n<\/div>","protected":false},"excerpt":{"rendered":"<p>[vc_row][vc_column width=&#8220;2\/3&#8243;][vc_column_text] BELMAR OCEANFRONT APARTMENTS Tauchen mit Your Buddies\u2122 bei Belmar mit Belmars Satelliten-Tauchshop vor Ort von Buddy Dive Watersports. [&hellip;]<\/p>\n","protected":false},"author":2,"featured_media":0,"parent":5442,"menu_order":0,"comment_status":"closed","ping_status":"closed","template":"","meta":{"footnotes":""},"class_list":["post-5457","page","type-page","status-publish","hentry"],"yoast_head":"<!-- This site is optimized with the Yoast SEO plugin v27.4 - https:\/\/yoast.com\/product\/yoast-seo-wordpress\/ -->\n<title>Buddy Dive in den Belmar Oceanfront Apartments - Buddy Dive Resort<\/title>\n<meta name=\"description\" content=\"Buddy Dive in Belmar | Ihr Tauchshop in der N\u00e4he der s\u00fcdlichen Tauchpl\u00e4tze. Besuchen Sie unseren Shop, um alles f\u00fcr Ihren Tauchurlaub zu organisieren.\" \/>\n<meta name=\"robots\" content=\"index, follow, max-snippet:-1, max-image-preview:large, max-video-preview:-1\" \/>\n<link rel=\"canonical\" href=\"https:\/\/buddydive.com\/de\/buddy-dive-watersports\/belmar\/\" \/>\n<meta property=\"og:locale\" content=\"de_DE\" \/>\n<meta property=\"og:type\" content=\"article\" \/>\n<meta property=\"og:title\" content=\"Buddy Dive in den Belmar Oceanfront Apartments - Buddy Dive Resort\" \/>\n<meta property=\"og:description\" content=\"Buddy Dive in Belmar | Ihr Tauchshop in der N\u00e4he der s\u00fcdlichen Tauchpl\u00e4tze. Besuchen Sie unseren Shop, um alles f\u00fcr Ihren Tauchurlaub zu organisieren.\" \/>\n<meta property=\"og:url\" content=\"https:\/\/buddydive.com\/de\/buddy-dive-watersports\/belmar\/\" \/>\n<meta property=\"og:site_name\" content=\"Buddy Dive Bonaire\" \/>\n<meta property=\"article:publisher\" content=\"https:\/\/www.facebook.com\/buddydiveresort\" \/>\n<meta property=\"article:modified_time\" content=\"2023-06-13T13:19:08+00:00\" \/>\n<meta name=\"twitter:card\" content=\"summary_large_image\" \/>\n<meta name=\"twitter:site\" content=\"@buddydive\" \/>\n<meta name=\"twitter:label1\" content=\"Gesch\u00e4tzte Lesezeit\" \/>\n\t<meta name=\"twitter:data1\" content=\"3\u00a0Minuten\" \/>\n<script type=\"application\/ld+json\" class=\"yoast-schema-graph\">{\"@context\":\"https:\\\/\\\/schema.org\",\"@graph\":[{\"@type\":\"WebPage\",\"@id\":\"https:\\\/\\\/buddydive.com\\\/de\\\/buddy-dive-watersports\\\/belmar\\\/\",\"url\":\"https:\\\/\\\/buddydive.com\\\/de\\\/buddy-dive-watersports\\\/belmar\\\/\",\"name\":\"Buddy Dive in den Belmar Oceanfront Apartments - Buddy Dive Resort\",\"isPartOf\":{\"@id\":\"https:\\\/\\\/buddydive.com\\\/de\\\/#website\"},\"datePublished\":\"2020-01-11T11:52:17+00:00\",\"dateModified\":\"2023-06-13T13:19:08+00:00\",\"description\":\"Buddy Dive in Belmar | Ihr Tauchshop in der N\u00e4he der s\u00fcdlichen Tauchpl\u00e4tze. Besuchen Sie unseren Shop, um alles f\u00fcr Ihren Tauchurlaub zu organisieren.\",\"breadcrumb\":{\"@id\":\"https:\\\/\\\/buddydive.com\\\/de\\\/buddy-dive-watersports\\\/belmar\\\/#breadcrumb\"},\"inLanguage\":\"de\",\"potentialAction\":[{\"@type\":\"ReadAction\",\"target\":[\"https:\\\/\\\/buddydive.com\\\/de\\\/buddy-dive-watersports\\\/belmar\\\/\"]}]},{\"@type\":\"BreadcrumbList\",\"@id\":\"https:\\\/\\\/buddydive.com\\\/de\\\/buddy-dive-watersports\\\/belmar\\\/#breadcrumb\",\"itemListElement\":[{\"@type\":\"ListItem\",\"position\":1,\"name\":\"Home\",\"item\":\"https:\\\/\\\/buddydive.com\\\/de\\\/\"},{\"@type\":\"ListItem\",\"position\":2,\"name\":\"Buddy Dive Watersports\",\"item\":\"https:\\\/\\\/buddydive.com\\\/de\\\/buddy-dive-watersports\\\/\"},{\"@type\":\"ListItem\",\"position\":3,\"name\":\"Buddy Dive in Belmar\"}]},{\"@type\":\"WebSite\",\"@id\":\"https:\\\/\\\/buddydive.com\\\/de\\\/#website\",\"url\":\"https:\\\/\\\/buddydive.com\\\/de\\\/\",\"name\":\"Buddy Dive Bonaire\",\"description\":\"My WordPress Blog\",\"potentialAction\":[{\"@type\":\"SearchAction\",\"target\":{\"@type\":\"EntryPoint\",\"urlTemplate\":\"https:\\\/\\\/buddydive.com\\\/de\\\/?s={search_term_string}\"},\"query-input\":{\"@type\":\"PropertyValueSpecification\",\"valueRequired\":true,\"valueName\":\"search_term_string\"}}],\"inLanguage\":\"de\"}]}<\/script>\n<!-- \/ Yoast SEO plugin. -->","yoast_head_json":{"title":"Buddy Dive in den Belmar Oceanfront Apartments - Buddy Dive Resort","description":"Buddy Dive in Belmar | Ihr Tauchshop in der N\u00e4he der s\u00fcdlichen Tauchpl\u00e4tze. Besuchen Sie unseren Shop, um alles f\u00fcr Ihren Tauchurlaub zu organisieren.","robots":{"index":"index","follow":"follow","max-snippet":"max-snippet:-1","max-image-preview":"max-image-preview:large","max-video-preview":"max-video-preview:-1"},"canonical":"https:\/\/buddydive.com\/de\/buddy-dive-watersports\/belmar\/","og_locale":"de_DE","og_type":"article","og_title":"Buddy Dive in den Belmar Oceanfront Apartments - Buddy Dive Resort","og_description":"Buddy Dive in Belmar | Ihr Tauchshop in der N\u00e4he der s\u00fcdlichen Tauchpl\u00e4tze. Besuchen Sie unseren Shop, um alles f\u00fcr Ihren Tauchurlaub zu organisieren.","og_url":"https:\/\/buddydive.com\/de\/buddy-dive-watersports\/belmar\/","og_site_name":"Buddy Dive Bonaire","article_publisher":"https:\/\/www.facebook.com\/buddydiveresort","article_modified_time":"2023-06-13T13:19:08+00:00","twitter_card":"summary_large_image","twitter_site":"@buddydive","twitter_misc":{"Gesch\u00e4tzte Lesezeit":"3\u00a0Minuten"},"schema":{"@context":"https:\/\/schema.org","@graph":[{"@type":"WebPage","@id":"https:\/\/buddydive.com\/de\/buddy-dive-watersports\/belmar\/","url":"https:\/\/buddydive.com\/de\/buddy-dive-watersports\/belmar\/","name":"Buddy Dive in den Belmar Oceanfront Apartments - Buddy Dive Resort","isPartOf":{"@id":"https:\/\/buddydive.com\/de\/#website"},"datePublished":"2020-01-11T11:52:17+00:00","dateModified":"2023-06-13T13:19:08+00:00","description":"Buddy Dive in Belmar | Ihr Tauchshop in der N\u00e4he der s\u00fcdlichen Tauchpl\u00e4tze. Besuchen Sie unseren Shop, um alles f\u00fcr Ihren Tauchurlaub zu organisieren.","breadcrumb":{"@id":"https:\/\/buddydive.com\/de\/buddy-dive-watersports\/belmar\/#breadcrumb"},"inLanguage":"de","potentialAction":[{"@type":"ReadAction","target":["https:\/\/buddydive.com\/de\/buddy-dive-watersports\/belmar\/"]}]},{"@type":"BreadcrumbList","@id":"https:\/\/buddydive.com\/de\/buddy-dive-watersports\/belmar\/#breadcrumb","itemListElement":[{"@type":"ListItem","position":1,"name":"Home","item":"https:\/\/buddydive.com\/de\/"},{"@type":"ListItem","position":2,"name":"Buddy Dive Watersports","item":"https:\/\/buddydive.com\/de\/buddy-dive-watersports\/"},{"@type":"ListItem","position":3,"name":"Buddy Dive in Belmar"}]},{"@type":"WebSite","@id":"https:\/\/buddydive.com\/de\/#website","url":"https:\/\/buddydive.com\/de\/","name":"Buddy Dive Bonaire","description":"My WordPress Blog","potentialAction":[{"@type":"SearchAction","target":{"@type":"EntryPoint","urlTemplate":"https:\/\/buddydive.com\/de\/?s={search_term_string}"},"query-input":{"@type":"PropertyValueSpecification","valueRequired":true,"valueName":"search_term_string"}}],"inLanguage":"de"}]}},"_links":{"self":[{"href":"https:\/\/buddydive.com\/de\/wp-json\/wp\/v2\/pages\/5457","targetHints":{"allow":["GET"]}}],"collection":[{"href":"https:\/\/buddydive.com\/de\/wp-json\/wp\/v2\/pages"}],"about":[{"href":"https:\/\/buddydive.com\/de\/wp-json\/wp\/v2\/types\/page"}],"author":[{"embeddable":true,"href":"https:\/\/buddydive.com\/de\/wp-json\/wp\/v2\/users\/2"}],"replies":[{"embeddable":true,"href":"https:\/\/buddydive.com\/de\/wp-json\/wp\/v2\/comments?post=5457"}],"version-history":[{"count":22,"href":"https:\/\/buddydive.com\/de\/wp-json\/wp\/v2\/pages\/5457\/revisions"}],"predecessor-version":[{"id":22286,"href":"https:\/\/buddydive.com\/de\/wp-json\/wp\/v2\/pages\/5457\/revisions\/22286"}],"up":[{"embeddable":true,"href":"https:\/\/buddydive.com\/de\/wp-json\/wp\/v2\/pages\/5442"}],"wp:attachment":[{"href":"https:\/\/buddydive.com\/de\/wp-json\/wp\/v2\/media?parent=5457"}],"curies":[{"name":"wp","href":"https:\/\/api.w.org\/{rel}","templated":true}]}}