{"id":5449,"date":"2020-01-11T11:35:53","date_gmt":"2020-01-11T11:35:53","guid":{"rendered":"https:\/\/buddydive.com\/?page_id=5449"},"modified":"2025-01-09T15:19:36","modified_gmt":"2025-01-09T15:19:36","slug":"downtown-kralendijk","status":"publish","type":"page","link":"https:\/\/buddydive.com\/de\/buddy-dive-watersports\/downtown-kralendijk\/","title":{"rendered":"Downtown Kralendijk"},"content":{"rendered":"<div class=\"wpb-content-wrapper\">[vc_row][vc_column width=&#8220;2\/3&#8243;][vc_column_text]\n<h5><\/h5>\n<h1 style=\"text-align: center;\">Buddy Dive Watersports Store<\/h1>\n<h5 style=\"text-align: center;\"><span style=\"color: #ff9900;\">Besuchen Sie unseren Buddy Dive Watersports Store in der Innenstadt von Kralendijk, zum modische Strandkleidung f\u00fcr Sie und Ihn, Tauchausr\u00fcstung, Sonnenbrillen, Taschen und mehr.<\/span><\/h5>\n<p>Besuchen Sie unseren Buddy Dive Watersports Store in der Innenstadt von Kralendijk, zum modische Strandkleidung f\u00fcr Sie und Ihn, Tauchausr\u00fcstung, Sonnenbrillen, Taschen und mehr. Das Gesch\u00e4ft bietet auch Tauchern, die sich nicht in einem unserer Resorts aufhalten, alles wie Tauchflaschen, Ausr\u00fcstungsverleih, Kurse und gef\u00fchrte Tauchg\u00e4nge. Buddy Dive Watersports liefert t\u00e4glich Tauchflaschen in Ihr Privathaus oder Ihre Wohnung. Schauen Sie doch einfach mal auf der Insel vorbei! Wir befinden uns gegen\u00fcber dem Tourismusb\u00fcro.[\/vc_column_text][vc_btn title=&#8220;View our prices&#8220; align=&#8220;center&#8220; css=&#8220;&#8220; link=&#8220;url:https%3A%2F%2Fbuddydive.com%2Fde%2Ftauchen%2Ftauchkurse%2F|target:_blank|&#8220;][\/vc_column][vc_column width=&#8220;1\/3&#8243;][vc_single_image image=&#8220;4805&#8243; img_size=&#8220;medium&#8220; alignment=&#8220;center&#8220;][\/vc_column][\/vc_row][vc_row][vc_column][vc_gallery images=&#8220;25930,25933,25936&#8243; img_size=&#8220;large&#8220; columns=&#8220;3&#8243;][vc_images_carousel images=&#8220;7902,7836,7905,7908,7914,7917,7920,7923,7926,7896,7893,7890,7887,7884,7881,7878,7866,7839,16769,16773,16776,16780&#8243; onclick=&#8220;link_no&#8220; speed=&#8220;4000&#8243; slides_per_view=&#8220;8&#8243; hide_pagination_control=&#8220;yes&#8220; wrap=&#8220;yes&#8220;][\/vc_column][\/vc_row][vc_row][vc_column width=&#8220;1\/2&#8243;][vc_column_text]\n<h2 class=\"text-center\" style=\"text-align: center;\"><i class='far fa-fw fa-clock-o fa-lg fa-block ' style=''><\/i><strong>\u00d6ffnungszeiten Downtown<\/strong><\/h2>\n<p style=\"text-align: center;\">T\u00e4glich: 9 a.m. &#8211; 6 p.m.<\/p>\n[\/vc_column_text][\/vc_column][vc_column width=&#8220;1\/2&#8243;][vc_column_text]\n<h2 class=\"text-center\" style=\"text-align: center;\"><i class='far fa-fw fa-book fa-lg fa-block ' style=''><\/i>Kontakt<\/h2>\n<p style=\"text-align: center;\">Address: 6 Kaya Libertador Simon Bolivar<br \/>\nPhone: +599 717 5085<br \/>\nEmail: <a href=\"mailto:watersports@buddydive.com\" target=\"_blank\" rel=\"noopener noreferrer\">watersports@buddydive.com<\/a><\/p>\n[\/vc_column_text][\/vc_column][\/vc_row][vc_row][vc_column][vc_gmaps link=&#8220;#E-8_JTNDaWZyYW1lJTIwc3JjJTNEJTIyaHR0cHMlM0ElMkYlMkZ3d3cuZ29vZ2xlLmNvbSUyRm1hcHMlMkZlbWJlZCUzRnBiJTNEJTIxMW0xOCUyMTFtMTIlMjExbTMlMjExZDM5MDAuNDM4NzY1OTM3NjY2NiUyMTJkLTY4LjI3Nzg4NjY4NDE0MjM5JTIxM2QxMi4xNTA1MDMyMzU2NDY4NDMlMjEybTMlMjExZjAlMjEyZjAlMjEzZjAlMjEzbTIlMjExaTEwMjQlMjEyaTc2OCUyMTRmMTMuMSUyMTNtMyUyMTFtMiUyMTFzMHg4ZTgzMWJiMDZhYzA2YTIzJTI1M0EweGJlZWNkZGJkMmZmZDljZjAlMjEyc0J1ZGR5JTI1MjBEaXZlJTI1MjBXYXRlcnNwb3J0cyUyMTVlMCUyMTNtMiUyMTFzZW4lMjEyc25sJTIxNHYxNTc4NDM5MTg0ODQ0JTIxNW0yJTIxMXNlbiUyMTJzbmwlMjIlMjB3aWR0aCUzRCUyMjYwMCUyMiUyMGhlaWdodCUzRCUyMjQ1MCUyMiUyMGZyYW1lYm9yZGVyJTNEJTIyMCUyMiUyMHN0eWxlJTNEJTIyYm9yZGVyJTNBMCUzQiUyMiUyMGFsbG93ZnVsbHNjcmVlbiUzRCUyMiUyMiUzRSUzQyUyRmlmcmFtZSUzRQ==&#8220;][\/vc_column][\/vc_row][vc_row][vc_column][vc_raw_js]JTNDc2NyaXB0JTIwdHlwZSUzRCUyMnRleHQlMkZqYXZhc2NyaXB0JTIyJTNFJTBBd2luZG93LlRyZW5nbyUyMCUzRCUyMHdpbmRvdy5UcmVuZ28lMjAlN0MlN0MlMjAlN0IlN0QlM0IlMEF3aW5kb3cuVHJlbmdvLmtleSUyMCUzRCUyMCUyN1E5SGI4dlBvS2VnRDFBSSUyNyUzQiUwQSUyOGZ1bmN0aW9uJTI4ZCUyQyUyMHNjcmlwdCUyQyUyMHQlMjklMjAlN0IlMEElMjAlMjAlMjAlMjBzY3JpcHQlMjAlM0QlMjBkLmNyZWF0ZUVsZW1lbnQlMjglMjdzY3JpcHQlMjclMjklM0IlMEElMjAlMjAlMjAlMjBzY3JpcHQudHlwZSUyMCUzRCUyMCUyN3RleHQlMkZqYXZhc2NyaXB0JTI3JTNCJTBBJTIwJTIwJTIwJTIwc2NyaXB0LmFzeW5jJTIwJTNEJTIwdHJ1ZSUzQiUwQSUyMCUyMCUyMCUyMHNjcmlwdC5zcmMlMjAlM0QlMjAlMjdodHRwcyUzQSUyRiUyRnN0YXRpYy53aWRnZXQudHJlbmdvLmV1JTJGZW1iZWQuanMlMjclM0IlMEElMjAlMjAlMjAlMjBkLmdldEVsZW1lbnRzQnlUYWdOYW1lJTI4JTI3aGVhZCUyNyUyOSU1QjAlNUQuYXBwZW5kQ2hpbGQlMjhzY3JpcHQlMjklM0IlMEElN0QlMjhkb2N1bWVudCUyOSUyOSUzQiUwQSUzQyUyRnNjcmlwdCUzRQ==[\/vc_raw_js][\/vc_column][\/vc_row]\n<\/div>","protected":false},"excerpt":{"rendered":"<p>[vc_row][vc_column width=&#8220;2\/3&#8243;][vc_column_text] Buddy Dive Watersports Store Besuchen Sie unseren Buddy Dive Watersports Store in der Innenstadt von Kralendijk, zum modische [&hellip;]<\/p>\n","protected":false},"author":2,"featured_media":0,"parent":5442,"menu_order":0,"comment_status":"closed","ping_status":"closed","template":"","meta":{"footnotes":""},"class_list":["post-5449","page","type-page","status-publish","hentry"],"yoast_head":"<!-- This site is optimized with the Yoast SEO plugin v27.4 - https:\/\/yoast.com\/product\/yoast-seo-wordpress\/ -->\n<title>Downtown Kralendijk - Buddy Dive Bonaire<\/title>\n<meta name=\"description\" content=\"Besuchen Sie unseren Buddy Dive Watersports Store in der Innenstadt von Kralendijk, zum modische Strandkleidung f\u00fcr Sie und Ihn, Tauchausr\u00fcstung, Sonnenbrillen, Taschen und mehr.\" \/>\n<meta name=\"robots\" content=\"index, follow, max-snippet:-1, max-image-preview:large, max-video-preview:-1\" \/>\n<link rel=\"canonical\" href=\"https:\/\/buddydive.com\/de\/buddy-dive-watersports\/downtown-kralendijk\/\" \/>\n<meta property=\"og:locale\" content=\"de_DE\" \/>\n<meta property=\"og:type\" content=\"article\" \/>\n<meta property=\"og:title\" content=\"Downtown Kralendijk - Buddy Dive Bonaire\" \/>\n<meta property=\"og:description\" content=\"Besuchen Sie unseren Buddy Dive Watersports Store in der Innenstadt von Kralendijk, zum modische Strandkleidung f\u00fcr Sie und Ihn, Tauchausr\u00fcstung, Sonnenbrillen, Taschen und mehr.\" \/>\n<meta property=\"og:url\" content=\"https:\/\/buddydive.com\/de\/buddy-dive-watersports\/downtown-kralendijk\/\" \/>\n<meta property=\"og:site_name\" content=\"Buddy Dive Bonaire\" \/>\n<meta property=\"article:publisher\" content=\"https:\/\/www.facebook.com\/buddydiveresort\" \/>\n<meta property=\"article:modified_time\" content=\"2025-01-09T15:19:36+00:00\" \/>\n<meta name=\"twitter:card\" content=\"summary_large_image\" \/>\n<meta name=\"twitter:site\" content=\"@buddydive\" \/>\n<meta name=\"twitter:label1\" content=\"Gesch\u00e4tzte Lesezeit\" \/>\n\t<meta name=\"twitter:data1\" content=\"2\u00a0Minuten\" \/>\n<script type=\"application\/ld+json\" class=\"yoast-schema-graph\">{\"@context\":\"https:\\\/\\\/schema.org\",\"@graph\":[{\"@type\":\"WebPage\",\"@id\":\"https:\\\/\\\/buddydive.com\\\/de\\\/buddy-dive-watersports\\\/downtown-kralendijk\\\/\",\"url\":\"https:\\\/\\\/buddydive.com\\\/de\\\/buddy-dive-watersports\\\/downtown-kralendijk\\\/\",\"name\":\"Downtown Kralendijk - Buddy Dive Bonaire\",\"isPartOf\":{\"@id\":\"https:\\\/\\\/buddydive.com\\\/de\\\/#website\"},\"datePublished\":\"2020-01-11T11:35:53+00:00\",\"dateModified\":\"2025-01-09T15:19:36+00:00\",\"description\":\"Besuchen Sie unseren Buddy Dive Watersports Store in der Innenstadt von Kralendijk, zum modische Strandkleidung f\u00fcr Sie und Ihn, Tauchausr\u00fcstung, Sonnenbrillen, Taschen und mehr.\",\"breadcrumb\":{\"@id\":\"https:\\\/\\\/buddydive.com\\\/de\\\/buddy-dive-watersports\\\/downtown-kralendijk\\\/#breadcrumb\"},\"inLanguage\":\"de\",\"potentialAction\":[{\"@type\":\"ReadAction\",\"target\":[\"https:\\\/\\\/buddydive.com\\\/de\\\/buddy-dive-watersports\\\/downtown-kralendijk\\\/\"]}]},{\"@type\":\"BreadcrumbList\",\"@id\":\"https:\\\/\\\/buddydive.com\\\/de\\\/buddy-dive-watersports\\\/downtown-kralendijk\\\/#breadcrumb\",\"itemListElement\":[{\"@type\":\"ListItem\",\"position\":1,\"name\":\"Home\",\"item\":\"https:\\\/\\\/buddydive.com\\\/de\\\/\"},{\"@type\":\"ListItem\",\"position\":2,\"name\":\"Buddy Dive Watersports\",\"item\":\"https:\\\/\\\/buddydive.com\\\/de\\\/buddy-dive-watersports\\\/\"},{\"@type\":\"ListItem\",\"position\":3,\"name\":\"Downtown Kralendijk\"}]},{\"@type\":\"WebSite\",\"@id\":\"https:\\\/\\\/buddydive.com\\\/de\\\/#website\",\"url\":\"https:\\\/\\\/buddydive.com\\\/de\\\/\",\"name\":\"Buddy Dive Bonaire\",\"description\":\"My WordPress Blog\",\"potentialAction\":[{\"@type\":\"SearchAction\",\"target\":{\"@type\":\"EntryPoint\",\"urlTemplate\":\"https:\\\/\\\/buddydive.com\\\/de\\\/?s={search_term_string}\"},\"query-input\":{\"@type\":\"PropertyValueSpecification\",\"valueRequired\":true,\"valueName\":\"search_term_string\"}}],\"inLanguage\":\"de\"}]}<\/script>\n<!-- \/ Yoast SEO plugin. -->","yoast_head_json":{"title":"Downtown Kralendijk - Buddy Dive Bonaire","description":"Besuchen Sie unseren Buddy Dive Watersports Store in der Innenstadt von Kralendijk, zum modische Strandkleidung f\u00fcr Sie und Ihn, Tauchausr\u00fcstung, Sonnenbrillen, Taschen und mehr.","robots":{"index":"index","follow":"follow","max-snippet":"max-snippet:-1","max-image-preview":"max-image-preview:large","max-video-preview":"max-video-preview:-1"},"canonical":"https:\/\/buddydive.com\/de\/buddy-dive-watersports\/downtown-kralendijk\/","og_locale":"de_DE","og_type":"article","og_title":"Downtown Kralendijk - Buddy Dive Bonaire","og_description":"Besuchen Sie unseren Buddy Dive Watersports Store in der Innenstadt von Kralendijk, zum modische Strandkleidung f\u00fcr Sie und Ihn, Tauchausr\u00fcstung, Sonnenbrillen, Taschen und mehr.","og_url":"https:\/\/buddydive.com\/de\/buddy-dive-watersports\/downtown-kralendijk\/","og_site_name":"Buddy Dive Bonaire","article_publisher":"https:\/\/www.facebook.com\/buddydiveresort","article_modified_time":"2025-01-09T15:19:36+00:00","twitter_card":"summary_large_image","twitter_site":"@buddydive","twitter_misc":{"Gesch\u00e4tzte Lesezeit":"2\u00a0Minuten"},"schema":{"@context":"https:\/\/schema.org","@graph":[{"@type":"WebPage","@id":"https:\/\/buddydive.com\/de\/buddy-dive-watersports\/downtown-kralendijk\/","url":"https:\/\/buddydive.com\/de\/buddy-dive-watersports\/downtown-kralendijk\/","name":"Downtown Kralendijk - Buddy Dive Bonaire","isPartOf":{"@id":"https:\/\/buddydive.com\/de\/#website"},"datePublished":"2020-01-11T11:35:53+00:00","dateModified":"2025-01-09T15:19:36+00:00","description":"Besuchen Sie unseren Buddy Dive Watersports Store in der Innenstadt von Kralendijk, zum modische Strandkleidung f\u00fcr Sie und Ihn, Tauchausr\u00fcstung, Sonnenbrillen, Taschen und mehr.","breadcrumb":{"@id":"https:\/\/buddydive.com\/de\/buddy-dive-watersports\/downtown-kralendijk\/#breadcrumb"},"inLanguage":"de","potentialAction":[{"@type":"ReadAction","target":["https:\/\/buddydive.com\/de\/buddy-dive-watersports\/downtown-kralendijk\/"]}]},{"@type":"BreadcrumbList","@id":"https:\/\/buddydive.com\/de\/buddy-dive-watersports\/downtown-kralendijk\/#breadcrumb","itemListElement":[{"@type":"ListItem","position":1,"name":"Home","item":"https:\/\/buddydive.com\/de\/"},{"@type":"ListItem","position":2,"name":"Buddy Dive Watersports","item":"https:\/\/buddydive.com\/de\/buddy-dive-watersports\/"},{"@type":"ListItem","position":3,"name":"Downtown Kralendijk"}]},{"@type":"WebSite","@id":"https:\/\/buddydive.com\/de\/#website","url":"https:\/\/buddydive.com\/de\/","name":"Buddy Dive Bonaire","description":"My WordPress Blog","potentialAction":[{"@type":"SearchAction","target":{"@type":"EntryPoint","urlTemplate":"https:\/\/buddydive.com\/de\/?s={search_term_string}"},"query-input":{"@type":"PropertyValueSpecification","valueRequired":true,"valueName":"search_term_string"}}],"inLanguage":"de"}]}},"_links":{"self":[{"href":"https:\/\/buddydive.com\/de\/wp-json\/wp\/v2\/pages\/5449","targetHints":{"allow":["GET"]}}],"collection":[{"href":"https:\/\/buddydive.com\/de\/wp-json\/wp\/v2\/pages"}],"about":[{"href":"https:\/\/buddydive.com\/de\/wp-json\/wp\/v2\/types\/page"}],"author":[{"embeddable":true,"href":"https:\/\/buddydive.com\/de\/wp-json\/wp\/v2\/users\/2"}],"replies":[{"embeddable":true,"href":"https:\/\/buddydive.com\/de\/wp-json\/wp\/v2\/comments?post=5449"}],"version-history":[{"count":16,"href":"https:\/\/buddydive.com\/de\/wp-json\/wp\/v2\/pages\/5449\/revisions"}],"predecessor-version":[{"id":28961,"href":"https:\/\/buddydive.com\/de\/wp-json\/wp\/v2\/pages\/5449\/revisions\/28961"}],"up":[{"embeddable":true,"href":"https:\/\/buddydive.com\/de\/wp-json\/wp\/v2\/pages\/5442"}],"wp:attachment":[{"href":"https:\/\/buddydive.com\/de\/wp-json\/wp\/v2\/media?parent=5449"}],"curies":[{"name":"wp","href":"https:\/\/api.w.org\/{rel}","templated":true}]}}