{"id":5435,"date":"2020-01-11T00:15:16","date_gmt":"2020-01-11T00:15:16","guid":{"rendered":"https:\/\/buddydive.com\/?page_id=5435"},"modified":"2025-03-20T19:14:33","modified_gmt":"2025-03-20T19:14:33","slug":"tauchversicherung","status":"publish","type":"page","link":"https:\/\/buddydive.com\/de\/tauchen\/tauchversicherung\/","title":{"rendered":"Tauchversicherung"},"content":{"rendered":"<div class=\"wpb-content-wrapper\">[vc_row][vc_column][vc_column_text]\n<h1 class=\"text-uppercase\" style=\"text-align: center;\"><small>Your Buddies\u2122<\/small>REISEN SORGLOS<\/h1>\n<p>Bei der Planung Ihres Tauchurlaubs m\u00f6chten Sie sicherstellen, dass f\u00fcr alles gesorgt ist. Buddy Dive Resort arbeitet mit DAN zusammen, um Ihnen eine Auswahl von Tauchversicherungen zu wettbewerbsf\u00e4higen Preisen anzubieten, damit Sie sorgenfrei tauchen k\u00f6nnen.<br \/>\nNat\u00fcrlich m\u00f6chten wir Sie nicht erschrecken, aber die Kosten f\u00fcr medizinische Evakuierung, \u00dcberdruckbehandlung und medizinische R\u00fcckf\u00fchrung k\u00f6nnen erheblich sein. Die meisten Krankenversicherungen und viele Reiseversicherungen bieten Tauchern eine eingeschr\u00e4nkte Deckung.<\/p>\n<p>Sie k\u00f6nnen ganz einfach eine kurzfristige DAN-Versicherung abschlie\u00dfen, w\u00e4hrend Sie im Buddy Dive-Shop einchecken, oder diese Ihrer Reservierung sofort hinzuf\u00fcgen.<\/p>\n<p><strong>DAN und Buddy Dive Resort arbeiten eng mit der Recompression Chamber Bonaire zusammen.<\/strong>[\/vc_column_text][vc_cta h2=&#8220;Wichtiger Hinweis: &#8220; txt_align=&#8220;center&#8220;]\n<p style=\"text-align: center;\"><span class=\"HwtZe\" lang=\"en\"><span class=\"jCAhz ChMk0b\"><span class=\"ryNqvb\"><strong> Wenn Sie 70 Jahre oder \u00e4lter sind und eine DAN-Versicherung w\u00fcnschen, m\u00fcssen Sie sich direkt an DAN wenden, um Ihre Optionen f\u00fcr eine Tauchversicherung zu besprechen.<\/strong><\/span><\/span><\/span><\/p>\n[\/vc_cta][\/vc_column][\/vc_row][vc_row][vc_column width=&#8220;1\/2&#8243;][vc_column_text css=&#8220;&#8220;]\n<h3 style=\"text-align: center;\">Preisabdeckungsoptionen<\/h3>\n<p style=\"text-align: center;\">Neue Preise ab 1. M\u00e4rz 2025<\/p>\n<table class=\"table table-responsive\">\n<tbody>\n<tr>\n<td style=\"text-align: left;\" width=\"151\">1 Day Coverage<\/td>\n<td style=\"text-align: left;\" width=\"151\">$20<\/td>\n<\/tr>\n<tr>\n<td width=\"151\">2 Days Coverage<\/td>\n<td style=\"text-align: left;\" width=\"151\">$30<\/td>\n<\/tr>\n<tr>\n<td width=\"151\">3-5 Days Coverage<\/td>\n<td style=\"text-align: left;\" width=\"151\">$40<\/td>\n<\/tr>\n<tr>\n<td width=\"151\">6-10 Days Coverage<\/td>\n<td style=\"text-align: left;\" width=\"151\">$50<\/td>\n<\/tr>\n<tr>\n<td width=\"151\">11-30 Days Coverage<\/td>\n<td width=\"151\">$60<\/td>\n<\/tr>\n<\/tbody>\n<\/table>\n<p>&nbsp;[\/vc_column_text][\/vc_column][vc_column width=&#8220;1\/2&#8243;][vc_column_text css=&#8220;&#8220;]\n<h3 style=\"text-align: center;\">Covered Benefits ($USD)<\/h3>\n<p>$150,000 Emergency Medical Transportation<br \/>\n$125,000LT Dive Accident Medical Expenses<br \/>\n$10,000 Accidental Death &amp; Dismemberment<br \/>\n$1,000 Extra Transportation<br \/>\n$1,000 Extra Accommodation<\/p>\n<p><em>Loss must be the result of a diving accident. Coverage is only valid in country of purchase. Limitations apply to all benefits.<\/em><br \/>\n<em>Terms &amp; Conditions may apply, prizes and coverage are subject to change.<\/em>[\/vc_column_text][\/vc_column][\/vc_row][vc_row][vc_column][vc_cta h2=&#8220;Neu \u2013 Reiseversicherung f\u00fcr deine Reise nach Bonaire&#8220; txt_align=&#8220;center&#8220; add_button=&#8220;bottom&#8220; btn_title=&#8220;Holen Sie sich eine Reiseversicherung&#8220; btn_align=&#8220;center&#8220; css=&#8220;&#8220; btn_link=&#8220;url:http%3A%2F%2Fwww.dan.org%2Fpartner%2Fw1317901%2Ftrip|&#8220;]\n<p style=\"text-align: center;\" data-start=\"0\" data-end=\"162\">Reisen sollte sorgenfrei sein. Mit der DAN Reiseversicherung kannst du dich darauf konzentrieren, Bonaire zu genie\u00dfen, w\u00e4hrend du wei\u00dft, dass du abgesichert bist.<\/p>\n<p style=\"text-align: center;\" data-start=\"164\" data-end=\"267\" data-is-last-node=\"\" data-is-only-node=\"\">Hol dir noch heute deine Versicherung und genie\u00dfe deine Reise nach Bonaire mit einem beruhigten Gef\u00fchl!<\/p>\n[\/vc_cta][vc_raw_js]JTNDc2NyaXB0JTIwdHlwZSUzRCUyMnRleHQlMkZqYXZhc2NyaXB0JTIyJTNFJTBBd2luZG93LlRyZW5nbyUyMCUzRCUyMHdpbmRvdy5UcmVuZ28lMjAlN0MlN0MlMjAlN0IlN0QlM0IlMEF3aW5kb3cuVHJlbmdvLmtleSUyMCUzRCUyMCUyN1E5SGI4dlBvS2VnRDFBSSUyNyUzQiUwQSUyOGZ1bmN0aW9uJTI4ZCUyQyUyMHNjcmlwdCUyQyUyMHQlMjklMjAlN0IlMEElMjAlMjAlMjAlMjBzY3JpcHQlMjAlM0QlMjBkLmNyZWF0ZUVsZW1lbnQlMjglMjdzY3JpcHQlMjclMjklM0IlMEElMjAlMjAlMjAlMjBzY3JpcHQudHlwZSUyMCUzRCUyMCUyN3RleHQlMkZqYXZhc2NyaXB0JTI3JTNCJTBBJTIwJTIwJTIwJTIwc2NyaXB0LmFzeW5jJTIwJTNEJTIwdHJ1ZSUzQiUwQSUyMCUyMCUyMCUyMHNjcmlwdC5zcmMlMjAlM0QlMjAlMjdodHRwcyUzQSUyRiUyRnN0YXRpYy53aWRnZXQudHJlbmdvLmV1JTJGZW1iZWQuanMlMjclM0IlMEElMjAlMjAlMjAlMjBkLmdldEVsZW1lbnRzQnlUYWdOYW1lJTI4JTI3aGVhZCUyNyUyOSU1QjAlNUQuYXBwZW5kQ2hpbGQlMjhzY3JpcHQlMjklM0IlMEElN0QlMjhkb2N1bWVudCUyOSUyOSUzQiUwQSUzQyUyRnNjcmlwdCUzRQ==[\/vc_raw_js][\/vc_column][\/vc_row]\n<\/div>","protected":false},"excerpt":{"rendered":"<p>[vc_row][vc_column][vc_column_text] Your Buddies\u2122REISEN SORGLOS Bei der Planung Ihres Tauchurlaubs m\u00f6chten Sie sicherstellen, dass f\u00fcr alles gesorgt ist. Buddy Dive Resort [&hellip;]<\/p>\n","protected":false},"author":1,"featured_media":0,"parent":5274,"menu_order":0,"comment_status":"closed","ping_status":"closed","template":"","meta":{"footnotes":""},"class_list":["post-5435","page","type-page","status-publish","hentry"],"yoast_head":"<!-- This site is optimized with the Yoast SEO plugin v27.4 - https:\/\/yoast.com\/product\/yoast-seo-wordpress\/ -->\n<title>Tauchversicherung - Buddy Dive Resort Bonaire<\/title>\n<meta name=\"description\" content=\"Buddy Dive arbeitet mit DiveAssure zusammen, um dir eine Auswahl an Tauch- und Reiseversicherungen zu g\u00fcnstigen Preisen anzubieten, damit du frei tauchen und reisen kannst.\" \/>\n<meta name=\"robots\" content=\"index, follow, max-snippet:-1, max-image-preview:large, max-video-preview:-1\" \/>\n<link rel=\"canonical\" href=\"https:\/\/buddydive.com\/de\/tauchen\/tauchversicherung\/\" \/>\n<meta property=\"og:locale\" content=\"de_DE\" \/>\n<meta property=\"og:type\" content=\"article\" \/>\n<meta property=\"og:title\" content=\"Tauchversicherung - Buddy Dive Resort Bonaire\" \/>\n<meta property=\"og:description\" content=\"Buddy Dive arbeitet mit DiveAssure zusammen, um dir eine Auswahl an Tauch- und Reiseversicherungen zu g\u00fcnstigen Preisen anzubieten, damit du frei tauchen und reisen kannst.\" \/>\n<meta property=\"og:url\" content=\"https:\/\/buddydive.com\/de\/tauchen\/tauchversicherung\/\" \/>\n<meta property=\"og:site_name\" content=\"Buddy Dive Bonaire\" \/>\n<meta property=\"article:publisher\" content=\"https:\/\/www.facebook.com\/buddydiveresort\" \/>\n<meta property=\"article:modified_time\" content=\"2025-03-20T19:14:33+00:00\" \/>\n<meta name=\"twitter:card\" content=\"summary_large_image\" \/>\n<meta name=\"twitter:site\" content=\"@buddydive\" \/>\n<meta name=\"twitter:label1\" content=\"Gesch\u00e4tzte Lesezeit\" \/>\n\t<meta name=\"twitter:data1\" content=\"2\u00a0Minuten\" \/>\n<script type=\"application\/ld+json\" class=\"yoast-schema-graph\">{\"@context\":\"https:\\\/\\\/schema.org\",\"@graph\":[{\"@type\":\"WebPage\",\"@id\":\"https:\\\/\\\/buddydive.com\\\/de\\\/tauchen\\\/tauchversicherung\\\/\",\"url\":\"https:\\\/\\\/buddydive.com\\\/de\\\/tauchen\\\/tauchversicherung\\\/\",\"name\":\"Tauchversicherung - Buddy Dive Resort Bonaire\",\"isPartOf\":{\"@id\":\"https:\\\/\\\/buddydive.com\\\/de\\\/#website\"},\"datePublished\":\"2020-01-11T00:15:16+00:00\",\"dateModified\":\"2025-03-20T19:14:33+00:00\",\"description\":\"Buddy Dive arbeitet mit DiveAssure zusammen, um dir eine Auswahl an Tauch- und Reiseversicherungen zu g\u00fcnstigen Preisen anzubieten, damit du frei tauchen und reisen kannst.\",\"breadcrumb\":{\"@id\":\"https:\\\/\\\/buddydive.com\\\/de\\\/tauchen\\\/tauchversicherung\\\/#breadcrumb\"},\"inLanguage\":\"de\",\"potentialAction\":[{\"@type\":\"ReadAction\",\"target\":[\"https:\\\/\\\/buddydive.com\\\/de\\\/tauchen\\\/tauchversicherung\\\/\"]}]},{\"@type\":\"BreadcrumbList\",\"@id\":\"https:\\\/\\\/buddydive.com\\\/de\\\/tauchen\\\/tauchversicherung\\\/#breadcrumb\",\"itemListElement\":[{\"@type\":\"ListItem\",\"position\":1,\"name\":\"Home\",\"item\":\"https:\\\/\\\/buddydive.com\\\/de\\\/\"},{\"@type\":\"ListItem\",\"position\":2,\"name\":\"Tauchen\",\"item\":\"https:\\\/\\\/buddydive.com\\\/de\\\/diving\\\/\"},{\"@type\":\"ListItem\",\"position\":3,\"name\":\"Tauchversicherung\"}]},{\"@type\":\"WebSite\",\"@id\":\"https:\\\/\\\/buddydive.com\\\/de\\\/#website\",\"url\":\"https:\\\/\\\/buddydive.com\\\/de\\\/\",\"name\":\"Buddy Dive Bonaire\",\"description\":\"My WordPress Blog\",\"potentialAction\":[{\"@type\":\"SearchAction\",\"target\":{\"@type\":\"EntryPoint\",\"urlTemplate\":\"https:\\\/\\\/buddydive.com\\\/de\\\/?s={search_term_string}\"},\"query-input\":{\"@type\":\"PropertyValueSpecification\",\"valueRequired\":true,\"valueName\":\"search_term_string\"}}],\"inLanguage\":\"de\"}]}<\/script>\n<!-- \/ Yoast SEO plugin. -->","yoast_head_json":{"title":"Tauchversicherung - Buddy Dive Resort Bonaire","description":"Buddy Dive arbeitet mit DiveAssure zusammen, um dir eine Auswahl an Tauch- und Reiseversicherungen zu g\u00fcnstigen Preisen anzubieten, damit du frei tauchen und reisen kannst.","robots":{"index":"index","follow":"follow","max-snippet":"max-snippet:-1","max-image-preview":"max-image-preview:large","max-video-preview":"max-video-preview:-1"},"canonical":"https:\/\/buddydive.com\/de\/tauchen\/tauchversicherung\/","og_locale":"de_DE","og_type":"article","og_title":"Tauchversicherung - Buddy Dive Resort Bonaire","og_description":"Buddy Dive arbeitet mit DiveAssure zusammen, um dir eine Auswahl an Tauch- und Reiseversicherungen zu g\u00fcnstigen Preisen anzubieten, damit du frei tauchen und reisen kannst.","og_url":"https:\/\/buddydive.com\/de\/tauchen\/tauchversicherung\/","og_site_name":"Buddy Dive Bonaire","article_publisher":"https:\/\/www.facebook.com\/buddydiveresort","article_modified_time":"2025-03-20T19:14:33+00:00","twitter_card":"summary_large_image","twitter_site":"@buddydive","twitter_misc":{"Gesch\u00e4tzte Lesezeit":"2\u00a0Minuten"},"schema":{"@context":"https:\/\/schema.org","@graph":[{"@type":"WebPage","@id":"https:\/\/buddydive.com\/de\/tauchen\/tauchversicherung\/","url":"https:\/\/buddydive.com\/de\/tauchen\/tauchversicherung\/","name":"Tauchversicherung - Buddy Dive Resort Bonaire","isPartOf":{"@id":"https:\/\/buddydive.com\/de\/#website"},"datePublished":"2020-01-11T00:15:16+00:00","dateModified":"2025-03-20T19:14:33+00:00","description":"Buddy Dive arbeitet mit DiveAssure zusammen, um dir eine Auswahl an Tauch- und Reiseversicherungen zu g\u00fcnstigen Preisen anzubieten, damit du frei tauchen und reisen kannst.","breadcrumb":{"@id":"https:\/\/buddydive.com\/de\/tauchen\/tauchversicherung\/#breadcrumb"},"inLanguage":"de","potentialAction":[{"@type":"ReadAction","target":["https:\/\/buddydive.com\/de\/tauchen\/tauchversicherung\/"]}]},{"@type":"BreadcrumbList","@id":"https:\/\/buddydive.com\/de\/tauchen\/tauchversicherung\/#breadcrumb","itemListElement":[{"@type":"ListItem","position":1,"name":"Home","item":"https:\/\/buddydive.com\/de\/"},{"@type":"ListItem","position":2,"name":"Tauchen","item":"https:\/\/buddydive.com\/de\/diving\/"},{"@type":"ListItem","position":3,"name":"Tauchversicherung"}]},{"@type":"WebSite","@id":"https:\/\/buddydive.com\/de\/#website","url":"https:\/\/buddydive.com\/de\/","name":"Buddy Dive Bonaire","description":"My WordPress Blog","potentialAction":[{"@type":"SearchAction","target":{"@type":"EntryPoint","urlTemplate":"https:\/\/buddydive.com\/de\/?s={search_term_string}"},"query-input":{"@type":"PropertyValueSpecification","valueRequired":true,"valueName":"search_term_string"}}],"inLanguage":"de"}]}},"_links":{"self":[{"href":"https:\/\/buddydive.com\/de\/wp-json\/wp\/v2\/pages\/5435","targetHints":{"allow":["GET"]}}],"collection":[{"href":"https:\/\/buddydive.com\/de\/wp-json\/wp\/v2\/pages"}],"about":[{"href":"https:\/\/buddydive.com\/de\/wp-json\/wp\/v2\/types\/page"}],"author":[{"embeddable":true,"href":"https:\/\/buddydive.com\/de\/wp-json\/wp\/v2\/users\/1"}],"replies":[{"embeddable":true,"href":"https:\/\/buddydive.com\/de\/wp-json\/wp\/v2\/comments?post=5435"}],"version-history":[{"count":18,"href":"https:\/\/buddydive.com\/de\/wp-json\/wp\/v2\/pages\/5435\/revisions"}],"predecessor-version":[{"id":30075,"href":"https:\/\/buddydive.com\/de\/wp-json\/wp\/v2\/pages\/5435\/revisions\/30075"}],"up":[{"embeddable":true,"href":"https:\/\/buddydive.com\/de\/wp-json\/wp\/v2\/pages\/5274"}],"wp:attachment":[{"href":"https:\/\/buddydive.com\/de\/wp-json\/wp\/v2\/media?parent=5435"}],"curies":[{"name":"wp","href":"https:\/\/api.w.org\/{rel}","templated":true}]}}