{"id":5422,"date":"2020-01-11T00:00:39","date_gmt":"2020-01-11T00:00:39","guid":{"rendered":"https:\/\/buddydive.com\/?page_id=5422"},"modified":"2024-04-27T18:52:06","modified_gmt":"2024-04-27T18:52:06","slug":"reef-renewal","status":"publish","type":"page","link":"https:\/\/buddydive.com\/de\/tauchen\/reef-renewal\/","title":{"rendered":"Reef Renewal Foundation Bonaire"},"content":{"rendered":"<div class=\"wpb-content-wrapper\">[vc_row][vc_column width=&#8220;1\/2&#8243;][vc_column_text]\n<h1 class=\"text-uppercase\" style=\"text-align: center;\"><small>WIEDERHERSTELLUNG DES MEERESLEBENS<\/small>One Reef at a time<\/h1>\n<p>Wir sind hier, um der \u00f6rtlichen Regierung und Umweltaktivisten dabei zu helfen, die bestehende genetische Vielfalt der Elchgeweih- und Hirschgeweihkorallen zu erhalten, eine Korallenzuchtstation und ein Restaurierungsprogramm einzurichten und mit der Gemeinde zusammenzuarbeiten, um die landbasierten Stressfaktoren so wie unkontrollierten Sturmwasserabfluss und schlechte Praktiken zur Abwasserbehandlung zu identifizieren und reduzieren.<\/p>\n<p>Zu Beginn hat die Stiftung, zusammen mit dem Marine Park Bonaire, sowie Helfern von Buddy Dive Resort, verschiedene genetische St\u00e4mme der Elchgeweih (Acropora palmata) und Hirschgeweih (Acropora cervicornis) Korallen ver-sammelt. Diese Korallen wurden von der Stiftung auf Bonaire in einer Zuchtstation \u00fcberwacht und gepfl egt. Sie formen die Basis der Korallen, die heute noch fragmentiert werden, um neue Generationen jedes Stammes zu kreieren. Durch das Versammeln verschiedenster genetischer Abstammungen, ist auch in der Zukunft, beim Auspfl anzen, daf\u00fcr gesorgt, dass die Vielfalt und Belastbarkeit am Riff unterst\u00fctzt wird.<br \/>\nMit dem Heranwachsen zu einer unabh\u00e4ngig operierenden Stiftung, ist auch die Unterst\u00fctzu-ng anderer Tauchbasen entstanden. Neben Buddy Dive Resort als Gr\u00fcndungspartner wird die Stiftung heutzutage von 4 weiteren Tauch-basen auf der Insel[\/vc_column_text][\/vc_column][vc_column width=&#8220;1\/2&#8243;][vc_single_image image=&#8220;3583&#8243; img_size=&#8220;large&#8220;][\/vc_column][\/vc_row][vc_row][vc_column][vc_cta h2=&#8220;Wunschzettel-Programm&#8220; txt_align=&#8220;center&#8220; color=&#8220;peacoc&#8220; add_button=&#8220;bottom&#8220; btn_title=&#8220;Wunschzettel&#8220; btn_color=&#8220;peacoc&#8220; btn_align=&#8220;center&#8220; btn_link=&#8220;url:https%3A%2F%2Fwww.reefrenewalbonaire.org%2Fsupport-us%2Fwishlist%2F|target:_blank|&#8220;]\n<p style=\"text-align: center;\">Reisen Sie bald nach Bonaire und haben noch etwas Platz in Ihrem Gep\u00e4ck? Die Reef Renewal Foundation Bonaire sucht nach G\u00e4sten, die Gegenst\u00e4nde und Werkzeuge von ihrer Wunschliste mitbringen, die per Versand nur schwer zu erhalten sind. Auf deren Webseite finden Sie eine aktualisierte Liste mit Werkzeugen und Materialien, die sich nach Preis und Priorit\u00e4t unterscheiden!<\/p>\n[\/vc_cta][vc_single_image image=&#8220;4178&#8243; img_size=&#8220;medium&#8220; alignment=&#8220;center&#8220; onclick=&#8220;custom_link&#8220; img_link_target=&#8220;_blank&#8220; link=&#8220;https:\/\/reefrenewalbonaire.org\/&#8220;][vc_column_text]\n<h3 class=\"text-uppercase\">EILANDBREDE FOUNDATION<\/h3>\n<p>Da die Stiftung zu einer unabh\u00e4ngig operierenden Stiftung herangewachsen ist, hat sie mehr Unterst\u00fctzung von der \u00f6rtlichen Tauchgemeinschaft erhalten. Neben Buddy Dive Resort \u2013 dem Gr\u00fcndungspartner \u2013 wird die Foundation nun von vier weiteren Tauchveranstaltern auf der Insel unterst\u00fctzt.<\/p>\n<p>Alle Tauchbasen unterst\u00fctzen das Ziel der Stiftung , das vorhandene genetische Material an Hirsch- und Elchkorallen zu erhalten, das Vorantreiben des Zucht- und Wiederherstel-lungsprogramms, entwickelt um die Flora der Riffe im Flachwasserbereich wiederherzustellen und mit den Beh\u00f6rden zusammen zu arbeiten, um auch die St\u00f6rfaktoren an Land zu erkennen und zu reduzieren. Die durch die Tauchbasen unterhaltenen Zuchtstationen und Auspfl anzu-ngsstellen werden nicht alleine zur Produktion und Auspfl anzung von Korallen verwendet, aber auch um Taucher, im Unterhalten der Zuchtstel-len und Auspfl anzen der Korallen zu schulen.<\/p>\n<p>Dank der Hilfe der unterst\u00fctzenden Tauchbasen, k\u00f6nnen mehr als 13.000 Korallen zugleich in den Zuchtstationen wachsen, und, seit 2013 wurden 20.000 dieser Korallen ausgepfl anzt, zur\u00fcck an das degradierte Riff, an die sogenan-nten Korallenrestaurierungsstellen.<\/p>\n<p>Die Dringlichkeit der Bedrohungen unserer Riffe wird erkannt, und die Stiftung entwickelt sich weiter. Belastbare Riffe sind komplexe \u00d6kosys-teme, die abh\u00e4ngig sind von sowohl genetischer Vielfalt als auch Artenvielfalt.<\/p>\n<p>Reef Renewal Bonaire werden die funk-tionierende Methoden erhalten, und neue, in-novative Techniken eingef\u00fchrt, um die Riffe von Bonaire weiterhin \u00f6kologisch gesehen zu unter-st\u00fctzen, mit dem Schwerpunkt von genetischer Vielfalt sowie Artenvielfalt. Das Wiederherstellen der Riffe von Bonaire, zu einem gesunden und belastbaren \u00d6kosystems, ist weiterhin das Ans-treben der Gemeinschaft.<\/p>\n<p>Die Hauptg\u00e4rtnerei befindet sich in der N\u00e4he von Klein Bonaire, wo der Zugang f\u00fcr die \u00d6ffentlichkeit begrenzt ist und die wachsenden Korallen nur geringf\u00fcgig gest\u00f6rt werden. Eine weitere G\u00e4rtnerei befindet sich auf der Hauptinsel Bonaire am Buddy-Riff auf der Nord- und S\u00fcdseite. Diese Baumschulen, die sich in einer Tiefe von 6 m befinden, werden nicht nur zur Herstellung von Korallen verwendet, sondern auch zur Ausbildung von Rifferneuerungs-Tauchern. Die Nursery at Buddy\u2019s Reef ist f\u00fcr Taucher vom Dock im Buddy Dive Resort zug\u00e4nglich.<\/p>\n<p>Tauchen Sie f\u00fcr einen guten Zweck! Besuchen Sie die w\u00f6chentlichen Pr\u00e4sentationen und neh-men Sie an den Reef Renewal Aktivit\u00e4ten teil. Sie lernen alle notwendigen Techniken kennen, wie an den Zuchtstationen gearbeitet wird, wie die Korallen fragmentiert und wieder an den Koral-lenrestaurierungsstellen angepfl anzt werden[\/vc_column_text][vc_video link=&#8220;https:\/\/www.youtube.com\/watch?v=nkyq_xNjOHA&#8220; align=&#8220;center&#8220;][\/vc_column][\/vc_row][vc_row][vc_column width=&#8220;1\/2&#8243;][vc_column_text]\n<h2 class=\"text-center\" style=\"text-align: center;\">Werden Sie ein Reef Renewal Diver<\/h2>\n<p style=\"text-align: center;\">Mach mit und werde ein PADI-zertifizierter Reef Renewal Diver.<\/p>\n[\/vc_column_text][vc_btn title=&#8220;Kurse ansehen&#8220; align=&#8220;center&#8220; link=&#8220;url:https%3A%2F%2Fdive.buddydive.com%2Fproduct%2Freef-renewal-diver-course%2F|&#8220;][\/vc_column][vc_column width=&#8220;1\/2&#8243;][vc_column_text]\n<h2 class=\"text-center\" style=\"text-align: center;\">Erfahren Sie mehr \u00fcber die Stiftung<\/h2>\n<p style=\"text-align: center;\">Besuchen Sie die Website der Reef Renewal Foundation Bonaire f\u00fcr weitere Informationen \u00fcber die Stiftung und wie Sie sich engagieren k\u00f6nnen.<\/p>\n[\/vc_column_text][vc_btn title=&#8220;Mehr erfahren&#8220; align=&#8220;center&#8220; link=&#8220;url:https%3A%2F%2Freefrenewalbonaire.org%2F|target:%20_blank|&#8220;][\/vc_column][\/vc_row][vc_row][vc_column][vc_raw_js]JTNDc2NyaXB0JTIwdHlwZSUzRCUyMnRleHQlMkZqYXZhc2NyaXB0JTIyJTNFJTBBd2luZG93LlRyZW5nbyUyMCUzRCUyMHdpbmRvdy5UcmVuZ28lMjAlN0MlN0MlMjAlN0IlN0QlM0IlMEF3aW5kb3cuVHJlbmdvLmtleSUyMCUzRCUyMCUyN1E5SGI4dlBvS2VnRDFBSSUyNyUzQiUwQSUyOGZ1bmN0aW9uJTI4ZCUyQyUyMHNjcmlwdCUyQyUyMHQlMjklMjAlN0IlMEElMjAlMjAlMjAlMjBzY3JpcHQlMjAlM0QlMjBkLmNyZWF0ZUVsZW1lbnQlMjglMjdzY3JpcHQlMjclMjklM0IlMEElMjAlMjAlMjAlMjBzY3JpcHQudHlwZSUyMCUzRCUyMCUyN3RleHQlMkZqYXZhc2NyaXB0JTI3JTNCJTBBJTIwJTIwJTIwJTIwc2NyaXB0LmFzeW5jJTIwJTNEJTIwdHJ1ZSUzQiUwQSUyMCUyMCUyMCUyMHNjcmlwdC5zcmMlMjAlM0QlMjAlMjdodHRwcyUzQSUyRiUyRnN0YXRpYy53aWRnZXQudHJlbmdvLmV1JTJGZW1iZWQuanMlMjclM0IlMEElMjAlMjAlMjAlMjBkLmdldEVsZW1lbnRzQnlUYWdOYW1lJTI4JTI3aGVhZCUyNyUyOSU1QjAlNUQuYXBwZW5kQ2hpbGQlMjhzY3JpcHQlMjklM0IlMEElN0QlMjhkb2N1bWVudCUyOSUyOSUzQiUwQSUzQyUyRnNjcmlwdCUzRQ==[\/vc_raw_js][\/vc_column][\/vc_row][vc_row][vc_column][\/vc_column][\/vc_row].<\/p>\n<\/div>","protected":false},"excerpt":{"rendered":"<p>[vc_row][vc_column width=&#8220;1\/2&#8243;][vc_column_text] WIEDERHERSTELLUNG DES MEERESLEBENSOne Reef at a time Wir sind hier, um der \u00f6rtlichen Regierung und Umweltaktivisten dabei zu [&hellip;]<\/p>\n","protected":false},"author":1,"featured_media":0,"parent":5274,"menu_order":0,"comment_status":"closed","ping_status":"closed","template":"","meta":{"footnotes":""},"class_list":["post-5422","page","type-page","status-publish","hentry"],"yoast_head":"<!-- This site is optimized with the Yoast SEO plugin v27.4 - https:\/\/yoast.com\/product\/yoast-seo-wordpress\/ -->\n<title>Reef Renewal Bonaire - Buddy Dive Resort Bonaire<\/title>\n<meta name=\"description\" content=\"Werden Sie ein Korallenrestaurationstaucher mit RRF Bonaire \u00fcber Buddy Dive Resort Bonaire. Tauchen Sie f\u00fcr eine Sache und abonnieren Sie jetzt!\" \/>\n<meta name=\"robots\" content=\"index, follow, max-snippet:-1, max-image-preview:large, max-video-preview:-1\" \/>\n<link rel=\"canonical\" href=\"https:\/\/buddydive.com\/de\/tauchen\/reef-renewal\/\" \/>\n<meta property=\"og:locale\" content=\"de_DE\" \/>\n<meta property=\"og:type\" content=\"article\" \/>\n<meta property=\"og:title\" content=\"Reef Renewal Bonaire - Buddy Dive Resort Bonaire\" \/>\n<meta property=\"og:description\" content=\"Werden Sie ein Korallenrestaurationstaucher mit RRF Bonaire \u00fcber Buddy Dive Resort Bonaire. Tauchen Sie f\u00fcr eine Sache und abonnieren Sie jetzt!\" \/>\n<meta property=\"og:url\" content=\"https:\/\/buddydive.com\/de\/tauchen\/reef-renewal\/\" \/>\n<meta property=\"og:site_name\" content=\"Buddy Dive Bonaire\" \/>\n<meta property=\"article:publisher\" content=\"https:\/\/www.facebook.com\/buddydiveresort\" \/>\n<meta property=\"article:modified_time\" content=\"2024-04-27T18:52:06+00:00\" \/>\n<meta name=\"twitter:card\" content=\"summary_large_image\" \/>\n<meta name=\"twitter:site\" content=\"@buddydive\" \/>\n<meta name=\"twitter:label1\" content=\"Gesch\u00e4tzte Lesezeit\" \/>\n\t<meta name=\"twitter:data1\" content=\"5\u00a0Minuten\" \/>\n<script type=\"application\/ld+json\" class=\"yoast-schema-graph\">{\"@context\":\"https:\\\/\\\/schema.org\",\"@graph\":[{\"@type\":\"WebPage\",\"@id\":\"https:\\\/\\\/buddydive.com\\\/de\\\/tauchen\\\/reef-renewal\\\/\",\"url\":\"https:\\\/\\\/buddydive.com\\\/de\\\/tauchen\\\/reef-renewal\\\/\",\"name\":\"Reef Renewal Bonaire - Buddy Dive Resort Bonaire\",\"isPartOf\":{\"@id\":\"https:\\\/\\\/buddydive.com\\\/de\\\/#website\"},\"datePublished\":\"2020-01-11T00:00:39+00:00\",\"dateModified\":\"2024-04-27T18:52:06+00:00\",\"description\":\"Werden Sie ein Korallenrestaurationstaucher mit RRF Bonaire \u00fcber Buddy Dive Resort Bonaire. Tauchen Sie f\u00fcr eine Sache und abonnieren Sie jetzt!\",\"breadcrumb\":{\"@id\":\"https:\\\/\\\/buddydive.com\\\/de\\\/tauchen\\\/reef-renewal\\\/#breadcrumb\"},\"inLanguage\":\"de\",\"potentialAction\":[{\"@type\":\"ReadAction\",\"target\":[\"https:\\\/\\\/buddydive.com\\\/de\\\/tauchen\\\/reef-renewal\\\/\"]}]},{\"@type\":\"BreadcrumbList\",\"@id\":\"https:\\\/\\\/buddydive.com\\\/de\\\/tauchen\\\/reef-renewal\\\/#breadcrumb\",\"itemListElement\":[{\"@type\":\"ListItem\",\"position\":1,\"name\":\"Home\",\"item\":\"https:\\\/\\\/buddydive.com\\\/de\\\/\"},{\"@type\":\"ListItem\",\"position\":2,\"name\":\"Tauchen\",\"item\":\"https:\\\/\\\/buddydive.com\\\/de\\\/diving\\\/\"},{\"@type\":\"ListItem\",\"position\":3,\"name\":\"Reef Renewal Foundation Bonaire\"}]},{\"@type\":\"WebSite\",\"@id\":\"https:\\\/\\\/buddydive.com\\\/de\\\/#website\",\"url\":\"https:\\\/\\\/buddydive.com\\\/de\\\/\",\"name\":\"Buddy Dive Bonaire\",\"description\":\"My WordPress Blog\",\"potentialAction\":[{\"@type\":\"SearchAction\",\"target\":{\"@type\":\"EntryPoint\",\"urlTemplate\":\"https:\\\/\\\/buddydive.com\\\/de\\\/?s={search_term_string}\"},\"query-input\":{\"@type\":\"PropertyValueSpecification\",\"valueRequired\":true,\"valueName\":\"search_term_string\"}}],\"inLanguage\":\"de\"}]}<\/script>\n<!-- \/ Yoast SEO plugin. -->","yoast_head_json":{"title":"Reef Renewal Bonaire - Buddy Dive Resort Bonaire","description":"Werden Sie ein Korallenrestaurationstaucher mit RRF Bonaire \u00fcber Buddy Dive Resort Bonaire. Tauchen Sie f\u00fcr eine Sache und abonnieren Sie jetzt!","robots":{"index":"index","follow":"follow","max-snippet":"max-snippet:-1","max-image-preview":"max-image-preview:large","max-video-preview":"max-video-preview:-1"},"canonical":"https:\/\/buddydive.com\/de\/tauchen\/reef-renewal\/","og_locale":"de_DE","og_type":"article","og_title":"Reef Renewal Bonaire - Buddy Dive Resort Bonaire","og_description":"Werden Sie ein Korallenrestaurationstaucher mit RRF Bonaire \u00fcber Buddy Dive Resort Bonaire. Tauchen Sie f\u00fcr eine Sache und abonnieren Sie jetzt!","og_url":"https:\/\/buddydive.com\/de\/tauchen\/reef-renewal\/","og_site_name":"Buddy Dive Bonaire","article_publisher":"https:\/\/www.facebook.com\/buddydiveresort","article_modified_time":"2024-04-27T18:52:06+00:00","twitter_card":"summary_large_image","twitter_site":"@buddydive","twitter_misc":{"Gesch\u00e4tzte Lesezeit":"5\u00a0Minuten"},"schema":{"@context":"https:\/\/schema.org","@graph":[{"@type":"WebPage","@id":"https:\/\/buddydive.com\/de\/tauchen\/reef-renewal\/","url":"https:\/\/buddydive.com\/de\/tauchen\/reef-renewal\/","name":"Reef Renewal Bonaire - Buddy Dive Resort Bonaire","isPartOf":{"@id":"https:\/\/buddydive.com\/de\/#website"},"datePublished":"2020-01-11T00:00:39+00:00","dateModified":"2024-04-27T18:52:06+00:00","description":"Werden Sie ein Korallenrestaurationstaucher mit RRF Bonaire \u00fcber Buddy Dive Resort Bonaire. Tauchen Sie f\u00fcr eine Sache und abonnieren Sie jetzt!","breadcrumb":{"@id":"https:\/\/buddydive.com\/de\/tauchen\/reef-renewal\/#breadcrumb"},"inLanguage":"de","potentialAction":[{"@type":"ReadAction","target":["https:\/\/buddydive.com\/de\/tauchen\/reef-renewal\/"]}]},{"@type":"BreadcrumbList","@id":"https:\/\/buddydive.com\/de\/tauchen\/reef-renewal\/#breadcrumb","itemListElement":[{"@type":"ListItem","position":1,"name":"Home","item":"https:\/\/buddydive.com\/de\/"},{"@type":"ListItem","position":2,"name":"Tauchen","item":"https:\/\/buddydive.com\/de\/diving\/"},{"@type":"ListItem","position":3,"name":"Reef Renewal Foundation Bonaire"}]},{"@type":"WebSite","@id":"https:\/\/buddydive.com\/de\/#website","url":"https:\/\/buddydive.com\/de\/","name":"Buddy Dive Bonaire","description":"My WordPress Blog","potentialAction":[{"@type":"SearchAction","target":{"@type":"EntryPoint","urlTemplate":"https:\/\/buddydive.com\/de\/?s={search_term_string}"},"query-input":{"@type":"PropertyValueSpecification","valueRequired":true,"valueName":"search_term_string"}}],"inLanguage":"de"}]}},"_links":{"self":[{"href":"https:\/\/buddydive.com\/de\/wp-json\/wp\/v2\/pages\/5422","targetHints":{"allow":["GET"]}}],"collection":[{"href":"https:\/\/buddydive.com\/de\/wp-json\/wp\/v2\/pages"}],"about":[{"href":"https:\/\/buddydive.com\/de\/wp-json\/wp\/v2\/types\/page"}],"author":[{"embeddable":true,"href":"https:\/\/buddydive.com\/de\/wp-json\/wp\/v2\/users\/1"}],"replies":[{"embeddable":true,"href":"https:\/\/buddydive.com\/de\/wp-json\/wp\/v2\/comments?post=5422"}],"version-history":[{"count":15,"href":"https:\/\/buddydive.com\/de\/wp-json\/wp\/v2\/pages\/5422\/revisions"}],"predecessor-version":[{"id":26333,"href":"https:\/\/buddydive.com\/de\/wp-json\/wp\/v2\/pages\/5422\/revisions\/26333"}],"up":[{"embeddable":true,"href":"https:\/\/buddydive.com\/de\/wp-json\/wp\/v2\/pages\/5274"}],"wp:attachment":[{"href":"https:\/\/buddydive.com\/de\/wp-json\/wp\/v2\/media?parent=5422"}],"curies":[{"name":"wp","href":"https:\/\/api.w.org\/{rel}","templated":true}]}}