{"id":5336,"date":"2020-01-09T22:27:06","date_gmt":"2020-01-09T22:27:06","guid":{"rendered":"https:\/\/buddydive.com\/?page_id=5336"},"modified":"2025-09-11T12:57:35","modified_gmt":"2025-09-11T12:57:35","slug":"technisches-tauchen","status":"publish","type":"page","link":"https:\/\/buddydive.com\/de\/tauchen\/technisches-tauchen\/","title":{"rendered":"Technisches Tauchen"},"content":{"rendered":"<div class=\"wpb-content-wrapper\">[vc_row][vc_column width=&#8220;3\/4&#8243;][vc_column_text css=&#8220;&#8220;]\n<h1 class=\"text-uppercase\"><small>Ihre #1 unter den technischen Tauchanlagen in der Karibik<\/small>Buddy dive tek<\/h1>\n<p>Buddy Dive TeK \u00f6ffnete seine T\u00fcren im Jahr 2007 mit der Mission, seinen Kunden und G\u00e4sten bei Buddy Dive und auf Bonaire qualitativ hochwertigen technischen Support und Training zu bieten. In den letzten Jahren hat sich Buddy Dive TeK zur gr\u00f6\u00dften Einrichtung f\u00fcr technisches Tauchen in der Karibik entwickelt.<\/p>\n<p>Das Buddy Dive TeK-Team repr\u00e4sentiert eine F\u00fclle von technischem Wissen und Zertifizierungen von GUE und PADI. Mit einem voll funktionsf\u00e4higen technischen Support-Service; umfangreicher Ausr\u00fcstungsverleih und technisches Training bis zum Instructor-Level, inklusive Sidemount &amp; Trimix. Buddy Dive TeK bietet alles Notwendige.<\/p>\n<p>Der unerm\u00fcdliche Abenteuergeist und die Neugier der begeisterten Tauchgemeinschaft weltweit bringen die Tauchindustrie immer weiter voran. Es ist uns eine Freude sicherzustellen, dass wir bei Buddy Dive das Neueste im Technischen Tauchen in einer sicheren und freundlichen Umgebung anbieten.<\/p>\n<p>\u201eIch kann mir keinen besseren Ort oder keine bessere Taucheinrichtung vorstellen, um meine Tec Diving-Sch\u00fcler mitzubringen\u201c<br \/>Carlos Pe\u00f1a Herrera \/ Tec-Tauchlehrer.[\/vc_column_text][\/vc_column][vc_column width=&#8220;1\/4&#8243;][vc_cta h2=&#8220;In Kontact kommen!&#8220; txt_align=&#8220;center&#8220; css=&#8220;&#8220;]\n<p><\/p>\n<p style=\"text-align: center;\"><img loading=\"lazy\" decoding=\"async\" class=\"alignnone wp-image-34044 size-full\" src=\"https:\/\/buddydive.com\/wp-content\/uploads\/2025\/09\/Anouck-Tek-Diving-page.png\" alt=\"\" width=\"750\" height=\"750\" srcset=\"https:\/\/buddydive.com\/wp-content\/uploads\/2025\/09\/Anouck-Tek-Diving-page.png 750w, https:\/\/buddydive.com\/wp-content\/uploads\/2025\/09\/Anouck-Tek-Diving-page-300x300.png 300w, https:\/\/buddydive.com\/wp-content\/uploads\/2025\/09\/Anouck-Tek-Diving-page-150x150.png 150w\" sizes=\"auto, (max-width: 750px) 100vw, 750px\" \/><\/p>\n<p><\/p>\n<p style=\"text-align: center;\">Anouck<\/p>\n<p>Tec dive coordinator<\/p>\n<p><a href=\"mailto:tekdiving@buddydive.com\" target=\"_blank\" rel=\"noopener noreferrer\">tekdiving@buddydive.com<\/a>[\/vc_cta][\/vc_column][\/vc_row][vc_row][vc_column][vc_column_text css=&#8220;&#8220;]\n<h3 class=\"text-uppercase\">Technische Tauchkurse<\/h3>\n<p>Bei Buddy Dive Tek bieten wir eine gro\u00dfe Auswahl an technischen Tauchkursen an. Schnupperkurse f\u00fcr diejenigen, die noch nicht qualifiziert sind, und weiterf\u00fchrende Kurse f\u00fcr diejenigen, die ihr Wissen erweitern m\u00f6chten. Wir k\u00f6nnen GUE- und PADI-Programme vom Sch\u00fclerlevel bis hin zum Instructor-Level anbieten. Die Kurse k\u00f6nnen auf Englisch, Niederl\u00e4ndisch und Deutsch unterrichtet werden.[\/vc_column_text][vc_btn title=&#8220;Kurse anzeigen&#8220; align=&#8220;center&#8220; i_type=&#8220;openiconic&#8220; i_icon_openiconic=&#8220;vc-oi vc-oi-pin&#8220; css=&#8220;&#8220; add_icon=&#8220;true&#8220; link=&#8220;url:https%3A%2F%2Fbuddydive.com%2Fde%2Ftauchen%2Ftauchkurse%2F%23tec-diving-courses|target:_blank|&#8220;][vc_gallery images=&#8220;4003,4002,4001&#8243; img_size=&#8220;large&#8220; columns=&#8220;3&#8243;][\/vc_column][\/vc_row][vc_row][vc_column width=&#8220;1\/2&#8243;][vc_column_text]\n<h3 class=\"text-uppercase\">CCR Freundlich<\/h3>\n<p>Buddy Dive Tek ist eine 100 % Rebreather-freundliche Einrichtung. Unsere Einrichtung verf\u00fcgt \u00fcber einen gro\u00dfen Vorrat an Rebreather-Flaschen unterschiedlicher Gr\u00f6\u00dfe, verschiedene Arten von CO2-Absorptionsmitteln und bietet eine hochmoderne F\u00fcllstation mit 2 Druckerh\u00f6hungspumpen, die in der Lage sind, Hochdruckf\u00fcllungen von Sauerstoff und TRIMIX zu erreichen. Unsere 100 % Rebreather-freundliche Einrichtung verf\u00fcgt auch \u00fcber Personal, das in verschiedenen CCR-Einheiten wie dem JJ CCR, dem X-CCR und dem O2ptima CCR geschult wurde. All dies ist immer auf Lager![\/vc_column_text][vc_column_text]\n<h3 class=\"text-uppercase\">Dauchen mit einem DPV<\/h3>\n<p>M\u00f6chten Sie in kurzer Zeit viel Unterwassergebiet sehen? Scoot dich durch das Wasser, ohne mit einem Diver Propulsion Vehicle zu treten. Egal, ob Sie an Land tauchen oder von einem Boot aus tauchen, DPVs bieten eine aufregende M\u00f6glichkeit, mehr zu sehen und viel Spa\u00df dabei zu haben. DPVs sind besonders beim Wracktauchen n\u00fctzlich, da Sie damit mehr vom Wrack aus sehen und Ihren Luftverbrauch senken k\u00f6nnen.[\/vc_column_text][vc_btn title=&#8220;Mieten einen DPV&#8220; align=&#8220;center&#8220; i_type=&#8220;openiconic&#8220; i_icon_openiconic=&#8220;vc-oi vc-oi-cog&#8220; css=&#8220;&#8220; add_icon=&#8220;true&#8220; link=&#8220;url:https%3A%2F%2Fbuddydive.com%2Fde%2Ftauchen%2Ftauchpreise%2F|&#8220;][\/vc_column][vc_column width=&#8220;1\/2&#8243;][vc_column_text]\n<h3 class=\"text-uppercase\">Open Circuit<\/h3>\n<p>Doppel tauchen oder Sidemount? Kein Problem, wir k\u00f6nnen die notwendige Ausr\u00fcstung f\u00fcr diese Tauchstile bereitstellen. Backplates mit Harness, Wings, Regs, Spulen, DSMBs und mehr.[\/vc_column_text][vc_column_text]\n<h3 class=\"text-uppercase\">MISCHSTATION<\/h3>\n<p>Unsere Mischstation befindet sich im Buddy Dive Drive Thru. Hier k\u00f6nnen wir unsere Tec-Tauchflaschen f\u00fcllen und individuelle Mischungen nach Wunsch unserer G\u00e4ste zubereiten. Unser technisches Tauchpersonal ist als Gas- und TRIMIX-Mischer von PADI qualifiziert, wodurch die Sicherheitsstandards auf dem h\u00f6chstm\u00f6glichen Niveau gehalten werden. Wir k\u00f6nnen alle Arten von O2- und TRIMIX-Mischungen liefern, die Sie w\u00fcnschen, sowie Standard-GUE-Gase; 21\/35 \u2013 18\/45 \u2013 15\/55.[\/vc_column_text][vc_column_text css=&#8220;&#8220;]\n<h3 class=\"text-uppercase\">AUSR\u00dcSTUNGSVERLEIH<\/h3>\n<p>Bei Buddy Dive Tek k\u00f6nnen Sie eine gro\u00dfe Auswahl an technischer Tauchausr\u00fcstung mieten. Von verschiedenen Zylindern zum Tauchen bis hin zu unseren Doppel- und R\u00fcckatmungsger\u00e4ten bis hin zu Atemreglern und Rigs.[\/vc_column_text][vc_btn title=&#8220;Mietpreise anzeigen&#8220; align=&#8220;center&#8220; i_type=&#8220;openiconic&#8220; i_icon_openiconic=&#8220;vc-oi vc-oi-clock&#8220; css=&#8220;&#8220; add_icon=&#8220;true&#8220; link=&#8220;url:https%3A%2F%2Fbuddydive.com%2Fde%2Ftauchen%2Ftauchkurse%2F|&#8220;][\/vc_column][\/vc_row][vc_row][vc_column width=&#8220;1\/2&#8243;][vc_column_text]\n<p style=\"text-align: center;\"><a href=\"http:\/\/www.buddydive.com\/events\/operation-ccr\"><img loading=\"lazy\" decoding=\"async\" class=\"aligncenter wp-image-10444 size-medium\" src=\"https:\/\/buddydive.com\/wp-content\/uploads\/2021\/04\/bdr_CCR_event_banner-300x200.jpg\" alt=\"\" width=\"300\" height=\"200\" srcset=\"https:\/\/buddydive.com\/wp-content\/uploads\/2021\/04\/bdr_CCR_event_banner-300x200.jpg 300w, https:\/\/buddydive.com\/wp-content\/uploads\/2021\/04\/bdr_CCR_event_banner-1024x683.jpg 1024w, https:\/\/buddydive.com\/wp-content\/uploads\/2021\/04\/bdr_CCR_event_banner-768x512.jpg 768w, https:\/\/buddydive.com\/wp-content\/uploads\/2021\/04\/bdr_CCR_event_banner-1536x1024.jpg 1536w, https:\/\/buddydive.com\/wp-content\/uploads\/2021\/04\/bdr_CCR_event_banner-2048x1365.jpg 2048w\" sizes=\"auto, (max-width: 300px) 100vw, 300px\" \/><\/a><\/p>\n<p>&nbsp;[\/vc_column_text][\/vc_column][vc_column width=&#8220;1\/2&#8243;][vc_column_text css=&#8220;&#8220;]\n<p style=\"text-align: center;\"><a href=\"https:\/\/buddydive.com\/de\/events\/bonaire-tek\/\"><img loading=\"lazy\" decoding=\"async\" class=\"alignnone size-medium wp-image-26856\" src=\"https:\/\/buddydive.com\/wp-content\/uploads\/2024\/06\/Tekengebied-1-300x200.png\" alt=\"\" width=\"300\" height=\"200\" srcset=\"https:\/\/buddydive.com\/wp-content\/uploads\/2024\/06\/Tekengebied-1-300x200.png 300w, https:\/\/buddydive.com\/wp-content\/uploads\/2024\/06\/Tekengebied-1.png 768w\" sizes=\"auto, (max-width: 300px) 100vw, 300px\" \/><\/a><\/p>\n<p>&nbsp;[\/vc_column_text][\/vc_column][\/vc_row][vc_row][vc_column][vc_raw_js]JTNDc2NyaXB0JTIwdHlwZSUzRCUyMnRleHQlMkZqYXZhc2NyaXB0JTIyJTNFJTBBd2luZG93LlRyZW5nbyUyMCUzRCUyMHdpbmRvdy5UcmVuZ28lMjAlN0MlN0MlMjAlN0IlN0QlM0IlMEF3aW5kb3cuVHJlbmdvLmtleSUyMCUzRCUyMCUyN1E5SGI4dlBvS2VnRDFBSSUyNyUzQiUwQSUyOGZ1bmN0aW9uJTI4ZCUyQyUyMHNjcmlwdCUyQyUyMHQlMjklMjAlN0IlMEElMjAlMjAlMjAlMjBzY3JpcHQlMjAlM0QlMjBkLmNyZWF0ZUVsZW1lbnQlMjglMjdzY3JpcHQlMjclMjklM0IlMEElMjAlMjAlMjAlMjBzY3JpcHQudHlwZSUyMCUzRCUyMCUyN3RleHQlMkZqYXZhc2NyaXB0JTI3JTNCJTBBJTIwJTIwJTIwJTIwc2NyaXB0LmFzeW5jJTIwJTNEJTIwdHJ1ZSUzQiUwQSUyMCUyMCUyMCUyMHNjcmlwdC5zcmMlMjAlM0QlMjAlMjdodHRwcyUzQSUyRiUyRnN0YXRpYy53aWRnZXQudHJlbmdvLmV1JTJGZW1iZWQuanMlMjclM0IlMEElMjAlMjAlMjAlMjBkLmdldEVsZW1lbnRzQnlUYWdOYW1lJTI4JTI3aGVhZCUyNyUyOSU1QjAlNUQuYXBwZW5kQ2hpbGQlMjhzY3JpcHQlMjklM0IlMEElN0QlMjhkb2N1bWVudCUyOSUyOSUzQiUwQSUzQyUyRnNjcmlwdCUzRQ==[\/vc_raw_js][\/vc_column][\/vc_row]\n<\/div>","protected":false},"excerpt":{"rendered":"<p>[vc_row][vc_column width=&#8220;3\/4&#8243;][vc_column_text css=&#8220;&#8220;] Ihre #1 unter den technischen Tauchanlagen in der KaribikBuddy dive tek Buddy Dive TeK \u00f6ffnete seine T\u00fcren [&hellip;]<\/p>\n","protected":false},"author":1,"featured_media":0,"parent":5274,"menu_order":0,"comment_status":"closed","ping_status":"closed","template":"","meta":{"footnotes":""},"class_list":["post-5336","page","type-page","status-publish","hentry"],"yoast_head":"<!-- This site is optimized with the Yoast SEO plugin v27.4 - https:\/\/yoast.com\/product\/yoast-seo-wordpress\/ -->\n<title>Technisches Tauchen Bonaire - Buddy Dive Resort Bonaire<\/title>\n<meta name=\"description\" content=\"Tec Diving Bonaire bei Buddy Dive, einem voll funktionsf\u00e4higen Kundendienst; umfangreicher Ausr\u00fcstungsverleih und technisches Training bis zum Ausbilder.\" \/>\n<meta name=\"robots\" content=\"index, follow, max-snippet:-1, max-image-preview:large, max-video-preview:-1\" \/>\n<link rel=\"canonical\" href=\"https:\/\/buddydive.com\/de\/tauchen\/technisches-tauchen\/\" \/>\n<meta property=\"og:locale\" content=\"de_DE\" \/>\n<meta property=\"og:type\" content=\"article\" \/>\n<meta property=\"og:title\" content=\"Technisches Tauchen Bonaire - Buddy Dive Resort Bonaire\" \/>\n<meta property=\"og:description\" content=\"Tec Diving Bonaire bei Buddy Dive, einem voll funktionsf\u00e4higen Kundendienst; umfangreicher Ausr\u00fcstungsverleih und technisches Training bis zum Ausbilder.\" \/>\n<meta property=\"og:url\" content=\"https:\/\/buddydive.com\/de\/tauchen\/technisches-tauchen\/\" \/>\n<meta property=\"og:site_name\" content=\"Buddy Dive Bonaire\" \/>\n<meta property=\"article:publisher\" content=\"https:\/\/www.facebook.com\/buddydiveresort\" \/>\n<meta property=\"article:modified_time\" content=\"2025-09-11T12:57:35+00:00\" \/>\n<meta property=\"og:image\" content=\"https:\/\/buddydive.com\/wp-content\/uploads\/2025\/09\/Anouck-Tek-Diving-page.png\" \/>\n\t<meta property=\"og:image:width\" content=\"750\" \/>\n\t<meta property=\"og:image:height\" content=\"750\" \/>\n\t<meta property=\"og:image:type\" content=\"image\/png\" \/>\n<meta name=\"twitter:card\" content=\"summary_large_image\" \/>\n<meta name=\"twitter:site\" content=\"@buddydive\" \/>\n<meta name=\"twitter:label1\" content=\"Gesch\u00e4tzte Lesezeit\" \/>\n\t<meta name=\"twitter:data1\" content=\"4\u00a0Minuten\" \/>\n<script type=\"application\/ld+json\" class=\"yoast-schema-graph\">{\"@context\":\"https:\\\/\\\/schema.org\",\"@graph\":[{\"@type\":\"WebPage\",\"@id\":\"https:\\\/\\\/buddydive.com\\\/de\\\/tauchen\\\/technisches-tauchen\\\/\",\"url\":\"https:\\\/\\\/buddydive.com\\\/de\\\/tauchen\\\/technisches-tauchen\\\/\",\"name\":\"Technisches Tauchen Bonaire - Buddy Dive Resort Bonaire\",\"isPartOf\":{\"@id\":\"https:\\\/\\\/buddydive.com\\\/de\\\/#website\"},\"primaryImageOfPage\":{\"@id\":\"https:\\\/\\\/buddydive.com\\\/de\\\/tauchen\\\/technisches-tauchen\\\/#primaryimage\"},\"image\":{\"@id\":\"https:\\\/\\\/buddydive.com\\\/de\\\/tauchen\\\/technisches-tauchen\\\/#primaryimage\"},\"thumbnailUrl\":\"https:\\\/\\\/buddydive.com\\\/wp-content\\\/uploads\\\/2025\\\/09\\\/Anouck-Tek-Diving-page.png\",\"datePublished\":\"2020-01-09T22:27:06+00:00\",\"dateModified\":\"2025-09-11T12:57:35+00:00\",\"description\":\"Tec Diving Bonaire bei Buddy Dive, einem voll funktionsf\u00e4higen Kundendienst; umfangreicher Ausr\u00fcstungsverleih und technisches Training bis zum Ausbilder.\",\"breadcrumb\":{\"@id\":\"https:\\\/\\\/buddydive.com\\\/de\\\/tauchen\\\/technisches-tauchen\\\/#breadcrumb\"},\"inLanguage\":\"de\",\"potentialAction\":[{\"@type\":\"ReadAction\",\"target\":[\"https:\\\/\\\/buddydive.com\\\/de\\\/tauchen\\\/technisches-tauchen\\\/\"]}]},{\"@type\":\"ImageObject\",\"inLanguage\":\"de\",\"@id\":\"https:\\\/\\\/buddydive.com\\\/de\\\/tauchen\\\/technisches-tauchen\\\/#primaryimage\",\"url\":\"https:\\\/\\\/buddydive.com\\\/wp-content\\\/uploads\\\/2025\\\/09\\\/Anouck-Tek-Diving-page.png\",\"contentUrl\":\"https:\\\/\\\/buddydive.com\\\/wp-content\\\/uploads\\\/2025\\\/09\\\/Anouck-Tek-Diving-page.png\"},{\"@type\":\"BreadcrumbList\",\"@id\":\"https:\\\/\\\/buddydive.com\\\/de\\\/tauchen\\\/technisches-tauchen\\\/#breadcrumb\",\"itemListElement\":[{\"@type\":\"ListItem\",\"position\":1,\"name\":\"Home\",\"item\":\"https:\\\/\\\/buddydive.com\\\/de\\\/\"},{\"@type\":\"ListItem\",\"position\":2,\"name\":\"Tauchen\",\"item\":\"https:\\\/\\\/buddydive.com\\\/de\\\/diving\\\/\"},{\"@type\":\"ListItem\",\"position\":3,\"name\":\"Technisches Tauchen\"}]},{\"@type\":\"WebSite\",\"@id\":\"https:\\\/\\\/buddydive.com\\\/de\\\/#website\",\"url\":\"https:\\\/\\\/buddydive.com\\\/de\\\/\",\"name\":\"Buddy Dive Bonaire\",\"description\":\"My WordPress Blog\",\"potentialAction\":[{\"@type\":\"SearchAction\",\"target\":{\"@type\":\"EntryPoint\",\"urlTemplate\":\"https:\\\/\\\/buddydive.com\\\/de\\\/?s={search_term_string}\"},\"query-input\":{\"@type\":\"PropertyValueSpecification\",\"valueRequired\":true,\"valueName\":\"search_term_string\"}}],\"inLanguage\":\"de\"}]}<\/script>\n<!-- \/ Yoast SEO plugin. -->","yoast_head_json":{"title":"Technisches Tauchen Bonaire - Buddy Dive Resort Bonaire","description":"Tec Diving Bonaire bei Buddy Dive, einem voll funktionsf\u00e4higen Kundendienst; umfangreicher Ausr\u00fcstungsverleih und technisches Training bis zum Ausbilder.","robots":{"index":"index","follow":"follow","max-snippet":"max-snippet:-1","max-image-preview":"max-image-preview:large","max-video-preview":"max-video-preview:-1"},"canonical":"https:\/\/buddydive.com\/de\/tauchen\/technisches-tauchen\/","og_locale":"de_DE","og_type":"article","og_title":"Technisches Tauchen Bonaire - Buddy Dive Resort Bonaire","og_description":"Tec Diving Bonaire bei Buddy Dive, einem voll funktionsf\u00e4higen Kundendienst; umfangreicher Ausr\u00fcstungsverleih und technisches Training bis zum Ausbilder.","og_url":"https:\/\/buddydive.com\/de\/tauchen\/technisches-tauchen\/","og_site_name":"Buddy Dive Bonaire","article_publisher":"https:\/\/www.facebook.com\/buddydiveresort","article_modified_time":"2025-09-11T12:57:35+00:00","og_image":[{"width":750,"height":750,"url":"https:\/\/buddydive.com\/wp-content\/uploads\/2025\/09\/Anouck-Tek-Diving-page.png","type":"image\/png"}],"twitter_card":"summary_large_image","twitter_site":"@buddydive","twitter_misc":{"Gesch\u00e4tzte Lesezeit":"4\u00a0Minuten"},"schema":{"@context":"https:\/\/schema.org","@graph":[{"@type":"WebPage","@id":"https:\/\/buddydive.com\/de\/tauchen\/technisches-tauchen\/","url":"https:\/\/buddydive.com\/de\/tauchen\/technisches-tauchen\/","name":"Technisches Tauchen Bonaire - Buddy Dive Resort Bonaire","isPartOf":{"@id":"https:\/\/buddydive.com\/de\/#website"},"primaryImageOfPage":{"@id":"https:\/\/buddydive.com\/de\/tauchen\/technisches-tauchen\/#primaryimage"},"image":{"@id":"https:\/\/buddydive.com\/de\/tauchen\/technisches-tauchen\/#primaryimage"},"thumbnailUrl":"https:\/\/buddydive.com\/wp-content\/uploads\/2025\/09\/Anouck-Tek-Diving-page.png","datePublished":"2020-01-09T22:27:06+00:00","dateModified":"2025-09-11T12:57:35+00:00","description":"Tec Diving Bonaire bei Buddy Dive, einem voll funktionsf\u00e4higen Kundendienst; umfangreicher Ausr\u00fcstungsverleih und technisches Training bis zum Ausbilder.","breadcrumb":{"@id":"https:\/\/buddydive.com\/de\/tauchen\/technisches-tauchen\/#breadcrumb"},"inLanguage":"de","potentialAction":[{"@type":"ReadAction","target":["https:\/\/buddydive.com\/de\/tauchen\/technisches-tauchen\/"]}]},{"@type":"ImageObject","inLanguage":"de","@id":"https:\/\/buddydive.com\/de\/tauchen\/technisches-tauchen\/#primaryimage","url":"https:\/\/buddydive.com\/wp-content\/uploads\/2025\/09\/Anouck-Tek-Diving-page.png","contentUrl":"https:\/\/buddydive.com\/wp-content\/uploads\/2025\/09\/Anouck-Tek-Diving-page.png"},{"@type":"BreadcrumbList","@id":"https:\/\/buddydive.com\/de\/tauchen\/technisches-tauchen\/#breadcrumb","itemListElement":[{"@type":"ListItem","position":1,"name":"Home","item":"https:\/\/buddydive.com\/de\/"},{"@type":"ListItem","position":2,"name":"Tauchen","item":"https:\/\/buddydive.com\/de\/diving\/"},{"@type":"ListItem","position":3,"name":"Technisches Tauchen"}]},{"@type":"WebSite","@id":"https:\/\/buddydive.com\/de\/#website","url":"https:\/\/buddydive.com\/de\/","name":"Buddy Dive Bonaire","description":"My WordPress Blog","potentialAction":[{"@type":"SearchAction","target":{"@type":"EntryPoint","urlTemplate":"https:\/\/buddydive.com\/de\/?s={search_term_string}"},"query-input":{"@type":"PropertyValueSpecification","valueRequired":true,"valueName":"search_term_string"}}],"inLanguage":"de"}]}},"_links":{"self":[{"href":"https:\/\/buddydive.com\/de\/wp-json\/wp\/v2\/pages\/5336","targetHints":{"allow":["GET"]}}],"collection":[{"href":"https:\/\/buddydive.com\/de\/wp-json\/wp\/v2\/pages"}],"about":[{"href":"https:\/\/buddydive.com\/de\/wp-json\/wp\/v2\/types\/page"}],"author":[{"embeddable":true,"href":"https:\/\/buddydive.com\/de\/wp-json\/wp\/v2\/users\/1"}],"replies":[{"embeddable":true,"href":"https:\/\/buddydive.com\/de\/wp-json\/wp\/v2\/comments?post=5336"}],"version-history":[{"count":29,"href":"https:\/\/buddydive.com\/de\/wp-json\/wp\/v2\/pages\/5336\/revisions"}],"predecessor-version":[{"id":34085,"href":"https:\/\/buddydive.com\/de\/wp-json\/wp\/v2\/pages\/5336\/revisions\/34085"}],"up":[{"embeddable":true,"href":"https:\/\/buddydive.com\/de\/wp-json\/wp\/v2\/pages\/5274"}],"wp:attachment":[{"href":"https:\/\/buddydive.com\/de\/wp-json\/wp\/v2\/media?parent=5336"}],"curies":[{"name":"wp","href":"https:\/\/api.w.org\/{rel}","templated":true}]}}