{"id":5313,"date":"2020-01-09T21:47:00","date_gmt":"2020-01-09T21:47:00","guid":{"rendered":"https:\/\/buddydive.com\/?page_id=5313"},"modified":"2022-09-08T19:32:14","modified_gmt":"2022-09-08T19:32:14","slug":"bootstauchen","status":"publish","type":"page","link":"https:\/\/buddydive.com\/de\/tauchen\/bootstauchen\/","title":{"rendered":"Bootstauchen"},"content":{"rendered":"<div class=\"wpb-content-wrapper\">[vc_row][vc_column][vc_column_text]\n<h1 class=\"text-uppercase\" style=\"text-align: center;\"><small>Your Buddies\u2122<\/small>Ultimatives Bootstaucherlebnis<\/h1>\n<p>Bootstauchen auf Bonaire bietet Tauchern eine gro\u00dfartige Gelegenheit, in K\u00fcstenn\u00e4he und auf Klein Bonaire zu tauchen. Beim Bootstauchen mit Buddy Dive kann der Taucher die wundersch\u00f6ne Unterwasserwelt unter der Anleitung eines unserer erfahrenen Tauchpersonal erkunden. G\u00e4ste des Buddy Dive Resort k\u00f6nnen morgens, nachmittags und abends Bootsfahrten auf einem unserer sechs Boote genie\u00dfen. Unsere Boote sind alle komplett ausgestattet f\u00fcr einen Bootstauchausflug auf Bonaire.<\/p>\n<p>Wenn Sie ein privates Boot haben m\u00f6chten, bietet Ihnen Buddy Dive die M\u00f6glichkeit, eines der Boote zu chartern. Egal wie gro\u00df Ihre Gruppe ist, wir bringen Sie \u00fcberall hin. Sie chartern ein Boot inklusive Kapit\u00e4n und Divemaster. Bitte kontaktieren Sie uns f\u00fcr die M\u00f6glichkeiten.[\/vc_column_text][vc_gallery images=&#8220;3810,3504,3505&#8243; img_size=&#8220;large&#8220; columns=&#8220;3&#8243; masonry=&#8220;fitRows&#8220;][\/vc_column][\/vc_row][vc_row][vc_column][vc_column_text]\n<h2 class=\"text-uppercase\" style=\"text-align: center;\">Unsere Boote<\/h2>\n<p>&nbsp;[\/vc_column_text][\/vc_column][\/vc_row][vc_row rtl_reverse=&#8220;yes&#8220;][vc_column width=&#8220;1\/2&#8243;][vc_column_text]\n<h2 class=\"text-uppercase\"><small>DIE PERFEKTE GR\u00d6SSE, UM ALLE YOUR BUDDIES\u2122 MITZUBRINGE<\/small><small><\/small>Big Buddy<\/h2>\n<p>Unser Big Buddy kann ohne Schwierigkeiten 40 Taucher plus Crew f\u00fcr einen 2 Flaschen Tauchgang unterbringen. Man kann entweder den angenehmen Fahrtwind oben an Deck genie\u00dfen, oder aber unten im k\u00fchlen Schatten bleiben, gen\u00fcgend Platz gibt es.<\/p>\n<p>Ein separater Kameratisch, trockener Stauraum , S\u00fc\u00dfwasserduschen und gro\u00dfe Sp\u00fcleimer sorgen f\u00fcr den extra Komfort.<\/p>\n<p>Dank der zwei leistungsf\u00e4higen Motoren bieten wir mit unserem Big Buddy Halbtagesausfl\u00fcge in den Norden, zum Washington Slagbaai National Park, an. Diese Trips beinhalten Valet Service, frisches Obst, Snacks, Getr\u00e4nke, Handt\u00fccher und Tauchflaschen (Luft\/Nitrox).[\/vc_column_text][\/vc_column][vc_column width=&#8220;1\/2&#8243;][vc_single_image image=&#8220;3551&#8243; img_size=&#8220;large&#8220; alignment=&#8220;center&#8220;][\/vc_column][\/vc_row][vc_row][vc_column width=&#8220;1\/2&#8243;][vc_single_image image=&#8220;3552&#8243; img_size=&#8220;large&#8220;][\/vc_column][vc_column width=&#8220;1\/2&#8243;][vc_column_text]\n<h2 class=\"text-uppercase\"><small>Ihr Buddy ist<\/small>My Buddy<\/h2>\n<p>Dieses Newton 36\u2018 (11 Meter) kann problemlos 16 Taucher plus Crew auf einem 2-Tank-Bootstauchgang beherbergen und bietet einen eigenen Kameratisch, Trockenaufbewahrung, Frischwasserdusche und einen gro\u00dfen Aussp\u00fcleimer.[\/vc_column_text][\/vc_column][\/vc_row][vc_row rtl_reverse=&#8220;yes&#8220;][vc_column width=&#8220;1\/2&#8243;][vc_column_text]\n<h2 class=\"text-uppercase\"><small>VON EINEM RIFF ZUM N\u00c4CHSTEN MIT IHREM<\/small>Reef Buddy<\/h2>\n<p>Ist ein Newton 36\u2032 Dive Special, das problemlos 16 Taucher plus Crew auf einem 2-Tank-Bootstauchgang beherbergen kann. Der Deckbereich ist ger\u00e4umig, damit Taucher all ihre Ausr\u00fcstung verstauen k\u00f6nnen ohne sich um Platz sorgen zu m\u00fcssen. Ein eigener Kameratisch, ein Bereich zur Trockenaufbewahrung, eine Frischwasserdusche und ein gro\u00dfer Aussp\u00fcleimer bieten weiteren Komfort f\u00fcr die Taucher. Es gibt keinen besseren Platz, um die Aussicht auf die Inseln zu genie\u00dfen, als von der Laufbr\u00fccke des Kapit\u00e4ns aus.[\/vc_column_text][\/vc_column][vc_column width=&#8220;1\/2&#8243;][vc_single_image image=&#8220;3547&#8243; img_size=&#8220;large&#8220;][\/vc_column][\/vc_row][vc_row rtl_reverse=&#8220;yes&#8220;][vc_column width=&#8220;1\/2&#8243;][vc_single_image image=&#8220;3548&#8243; img_size=&#8220;large&#8220;][\/vc_column][vc_column width=&#8220;1\/2&#8243;][vc_column_text]\n<h2 class=\"text-uppercase\"><small>Entdecken Sie die Sch\u00f6nheit der Unterwasserwelt mit unserem<\/small>Coral Buddy<\/h2>\n<p>Ist ein Newton 36\u2032, das problemlos 24 Taucher plus Crew auf einem 2-Tank-Bootstauchgang beherbergen kann. Es bietet ein ger\u00e4umiges Deck, einen eigenen Kameratisch, Trockenaufbewahrung, eine Frischwasserdusche und einen gro\u00dfen Aussp\u00fcleimer.[\/vc_column_text][\/vc_column][\/vc_row][vc_row][vc_column width=&#8220;1\/2&#8243;][vc_column_text]\n<h2 class=\"text-uppercase\"><small>Wir bringen Sie \u00fcberall hin<\/small>Any Buddy<\/h2>\n<p>Ist ein 32\u2032 Island Hopper Tauchboot mit einer Schwimmplattform f\u00fcr einfachen Zugang zum Wasser und reichlich Platz um sich zu bewegen. Feste Tankregale sind installiert und erlauben ihr, 14 Taucher komfortabel auf einen 2-Tank-Tauchgang zu nehmen. Sie hat au\u00dferdem einen Bereich zur Trockenaufbewahrung, ein Aussp\u00fclbecken f\u00fcr Kameras und eine Frischwasserdusche. Nat\u00fcrlich sind all unsere Boote gut ausgestattet mit einem gro\u00dfz\u00fcgigen Vorrat an kaltem Trinkwasser und Fr\u00fcchten, dem perfekten Durstl\u00f6scher nach einem Tauchgang![\/vc_column_text][\/vc_column][vc_column width=&#8220;1\/2&#8243;][vc_single_image image=&#8220;3549&#8243; img_size=&#8220;large&#8220;][\/vc_column][\/vc_row][vc_row][vc_column width=&#8220;1\/2&#8243;][vc_single_image image=&#8220;3550&#8243; img_size=&#8220;large&#8220;][\/vc_column][vc_column width=&#8220;1\/2&#8243;][vc_column_text]\n<h2 class=\"text-uppercase\"><small>Kleines Boot, grosser Spass<\/small>Little Buddy<\/h2>\n<p>Unser Little Buddy\u00a0ist ebenfalls ein individuelles Newton 30\u2032 Dive Special, und sie ist perfekt f\u00fcr kleinere Gruppen von bis zu 10 Personen, die einen privaten 2-Tank-Tauchgang machen wollen, oder 12 Taucher auf einem 1-Tank-Tauchgang. Sie verf\u00fcgt ebenfalls \u00fcber eine Trockenaufbewahrung, ein Aussp\u00fclbecken f\u00fcr Kameras, eine Frischwasserdusche und ein Sonnendeck.[\/vc_column_text][\/vc_column][\/vc_row][vc_row][vc_column][vc_column_text]<em>F\u00fcr Ihre Sicherheit sind all unsere Boote mit Erste-Hilfe-K\u00e4sten und Sauerstoff, Sprechfunkger\u00e4ten und dem n\u00f6tigen Rettungsequipment. Au\u00dferdem sind auf jedem Trip immer zwei Crewmitglieder mit an Bord, die erste Hilfe beherrschen und entweder PADI-zertifizierte Dive Master oder Instrukteure sind: der Kapit\u00e4n des Boots bleibt an Bord, um Ihnen ins und aus dem Wasser zu helfen und Ihren Fortschritt unter Wasser zu verfolgen, und der Tauchf\u00fchrer wird Sie beim Tauchgang begleiten um Ihnen Vergn\u00fcgen und Sicherheit zu garantieren.<\/em>[\/vc_column_text][\/vc_column][\/vc_row][vc_row][vc_column][vc_raw_js]JTNDc2NyaXB0JTIwdHlwZSUzRCUyMnRleHQlMkZqYXZhc2NyaXB0JTIyJTNFJTBBd2luZG93LlRyZW5nbyUyMCUzRCUyMHdpbmRvdy5UcmVuZ28lMjAlN0MlN0MlMjAlN0IlN0QlM0IlMEF3aW5kb3cuVHJlbmdvLmtleSUyMCUzRCUyMCUyN1E5SGI4dlBvS2VnRDFBSSUyNyUzQiUwQSUyOGZ1bmN0aW9uJTI4ZCUyQyUyMHNjcmlwdCUyQyUyMHQlMjklMjAlN0IlMEElMjAlMjAlMjAlMjBzY3JpcHQlMjAlM0QlMjBkLmNyZWF0ZUVsZW1lbnQlMjglMjdzY3JpcHQlMjclMjklM0IlMEElMjAlMjAlMjAlMjBzY3JpcHQudHlwZSUyMCUzRCUyMCUyN3RleHQlMkZqYXZhc2NyaXB0JTI3JTNCJTBBJTIwJTIwJTIwJTIwc2NyaXB0LmFzeW5jJTIwJTNEJTIwdHJ1ZSUzQiUwQSUyMCUyMCUyMCUyMHNjcmlwdC5zcmMlMjAlM0QlMjAlMjdodHRwcyUzQSUyRiUyRnN0YXRpYy53aWRnZXQudHJlbmdvLmV1JTJGZW1iZWQuanMlMjclM0IlMEElMjAlMjAlMjAlMjBkLmdldEVsZW1lbnRzQnlUYWdOYW1lJTI4JTI3aGVhZCUyNyUyOSU1QjAlNUQuYXBwZW5kQ2hpbGQlMjhzY3JpcHQlMjklM0IlMEElN0QlMjhkb2N1bWVudCUyOSUyOSUzQiUwQSUzQyUyRnNjcmlwdCUzRQ==[\/vc_raw_js][\/vc_column][\/vc_row]\n<\/div>","protected":false},"excerpt":{"rendered":"<p>[vc_row][vc_column][vc_column_text] Your Buddies\u2122Ultimatives Bootstaucherlebnis Bootstauchen auf Bonaire bietet Tauchern eine gro\u00dfartige Gelegenheit, in K\u00fcstenn\u00e4he und auf Klein Bonaire zu tauchen. [&hellip;]<\/p>\n","protected":false},"author":1,"featured_media":0,"parent":5274,"menu_order":0,"comment_status":"closed","ping_status":"closed","template":"","meta":{"footnotes":""},"class_list":["post-5313","page","type-page","status-publish","hentry"],"yoast_head":"<!-- This site is optimized with the Yoast SEO plugin v27.4 - https:\/\/yoast.com\/product\/yoast-seo-wordpress\/ -->\n<title>Boote und Privatmietungen bonaire<\/title>\n<meta name=\"description\" content=\"Unsere G\u00e4ste k\u00f6nnen morgens, nachmittags und abends Bootstauchen Bonaire zu einer Vielzahl von Tauchpl\u00e4tzen genie\u00dfen, die f\u00fcr das Tauchen an Bord eines unserer sechs Boote unerreichbar sind.\" \/>\n<meta name=\"robots\" content=\"index, follow, max-snippet:-1, max-image-preview:large, max-video-preview:-1\" \/>\n<link rel=\"canonical\" href=\"https:\/\/buddydive.com\/de\/tauchen\/bootstauchen\/\" \/>\n<meta property=\"og:locale\" content=\"de_DE\" \/>\n<meta property=\"og:type\" content=\"article\" \/>\n<meta property=\"og:title\" content=\"Boote und Privatmietungen bonaire\" \/>\n<meta property=\"og:description\" content=\"Unsere G\u00e4ste k\u00f6nnen morgens, nachmittags und abends Bootstauchen Bonaire zu einer Vielzahl von Tauchpl\u00e4tzen genie\u00dfen, die f\u00fcr das Tauchen an Bord eines unserer sechs Boote unerreichbar sind.\" \/>\n<meta property=\"og:url\" content=\"https:\/\/buddydive.com\/de\/tauchen\/bootstauchen\/\" \/>\n<meta property=\"og:site_name\" content=\"Buddy Dive Bonaire\" \/>\n<meta property=\"article:publisher\" content=\"https:\/\/www.facebook.com\/buddydiveresort\" \/>\n<meta property=\"article:modified_time\" content=\"2022-09-08T19:32:14+00:00\" \/>\n<meta name=\"twitter:card\" content=\"summary_large_image\" \/>\n<meta name=\"twitter:site\" content=\"@buddydive\" \/>\n<meta name=\"twitter:label1\" content=\"Gesch\u00e4tzte Lesezeit\" \/>\n\t<meta name=\"twitter:data1\" content=\"5\u00a0Minuten\" \/>\n<script type=\"application\/ld+json\" class=\"yoast-schema-graph\">{\"@context\":\"https:\\\/\\\/schema.org\",\"@graph\":[{\"@type\":\"WebPage\",\"@id\":\"https:\\\/\\\/buddydive.com\\\/de\\\/tauchen\\\/bootstauchen\\\/\",\"url\":\"https:\\\/\\\/buddydive.com\\\/de\\\/tauchen\\\/bootstauchen\\\/\",\"name\":\"Boote und Privatmietungen bonaire\",\"isPartOf\":{\"@id\":\"https:\\\/\\\/buddydive.com\\\/de\\\/#website\"},\"datePublished\":\"2020-01-09T21:47:00+00:00\",\"dateModified\":\"2022-09-08T19:32:14+00:00\",\"description\":\"Unsere G\u00e4ste k\u00f6nnen morgens, nachmittags und abends Bootstauchen Bonaire zu einer Vielzahl von Tauchpl\u00e4tzen genie\u00dfen, die f\u00fcr das Tauchen an Bord eines unserer sechs Boote unerreichbar sind.\",\"breadcrumb\":{\"@id\":\"https:\\\/\\\/buddydive.com\\\/de\\\/tauchen\\\/bootstauchen\\\/#breadcrumb\"},\"inLanguage\":\"de\",\"potentialAction\":[{\"@type\":\"ReadAction\",\"target\":[\"https:\\\/\\\/buddydive.com\\\/de\\\/tauchen\\\/bootstauchen\\\/\"]}]},{\"@type\":\"BreadcrumbList\",\"@id\":\"https:\\\/\\\/buddydive.com\\\/de\\\/tauchen\\\/bootstauchen\\\/#breadcrumb\",\"itemListElement\":[{\"@type\":\"ListItem\",\"position\":1,\"name\":\"Home\",\"item\":\"https:\\\/\\\/buddydive.com\\\/de\\\/\"},{\"@type\":\"ListItem\",\"position\":2,\"name\":\"Tauchen\",\"item\":\"https:\\\/\\\/buddydive.com\\\/de\\\/diving\\\/\"},{\"@type\":\"ListItem\",\"position\":3,\"name\":\"Bootstauchen\"}]},{\"@type\":\"WebSite\",\"@id\":\"https:\\\/\\\/buddydive.com\\\/de\\\/#website\",\"url\":\"https:\\\/\\\/buddydive.com\\\/de\\\/\",\"name\":\"Buddy Dive Bonaire\",\"description\":\"My WordPress Blog\",\"potentialAction\":[{\"@type\":\"SearchAction\",\"target\":{\"@type\":\"EntryPoint\",\"urlTemplate\":\"https:\\\/\\\/buddydive.com\\\/de\\\/?s={search_term_string}\"},\"query-input\":{\"@type\":\"PropertyValueSpecification\",\"valueRequired\":true,\"valueName\":\"search_term_string\"}}],\"inLanguage\":\"de\"}]}<\/script>\n<!-- \/ Yoast SEO plugin. -->","yoast_head_json":{"title":"Boote und Privatmietungen bonaire","description":"Unsere G\u00e4ste k\u00f6nnen morgens, nachmittags und abends Bootstauchen Bonaire zu einer Vielzahl von Tauchpl\u00e4tzen genie\u00dfen, die f\u00fcr das Tauchen an Bord eines unserer sechs Boote unerreichbar sind.","robots":{"index":"index","follow":"follow","max-snippet":"max-snippet:-1","max-image-preview":"max-image-preview:large","max-video-preview":"max-video-preview:-1"},"canonical":"https:\/\/buddydive.com\/de\/tauchen\/bootstauchen\/","og_locale":"de_DE","og_type":"article","og_title":"Boote und Privatmietungen bonaire","og_description":"Unsere G\u00e4ste k\u00f6nnen morgens, nachmittags und abends Bootstauchen Bonaire zu einer Vielzahl von Tauchpl\u00e4tzen genie\u00dfen, die f\u00fcr das Tauchen an Bord eines unserer sechs Boote unerreichbar sind.","og_url":"https:\/\/buddydive.com\/de\/tauchen\/bootstauchen\/","og_site_name":"Buddy Dive Bonaire","article_publisher":"https:\/\/www.facebook.com\/buddydiveresort","article_modified_time":"2022-09-08T19:32:14+00:00","twitter_card":"summary_large_image","twitter_site":"@buddydive","twitter_misc":{"Gesch\u00e4tzte Lesezeit":"5\u00a0Minuten"},"schema":{"@context":"https:\/\/schema.org","@graph":[{"@type":"WebPage","@id":"https:\/\/buddydive.com\/de\/tauchen\/bootstauchen\/","url":"https:\/\/buddydive.com\/de\/tauchen\/bootstauchen\/","name":"Boote und Privatmietungen bonaire","isPartOf":{"@id":"https:\/\/buddydive.com\/de\/#website"},"datePublished":"2020-01-09T21:47:00+00:00","dateModified":"2022-09-08T19:32:14+00:00","description":"Unsere G\u00e4ste k\u00f6nnen morgens, nachmittags und abends Bootstauchen Bonaire zu einer Vielzahl von Tauchpl\u00e4tzen genie\u00dfen, die f\u00fcr das Tauchen an Bord eines unserer sechs Boote unerreichbar sind.","breadcrumb":{"@id":"https:\/\/buddydive.com\/de\/tauchen\/bootstauchen\/#breadcrumb"},"inLanguage":"de","potentialAction":[{"@type":"ReadAction","target":["https:\/\/buddydive.com\/de\/tauchen\/bootstauchen\/"]}]},{"@type":"BreadcrumbList","@id":"https:\/\/buddydive.com\/de\/tauchen\/bootstauchen\/#breadcrumb","itemListElement":[{"@type":"ListItem","position":1,"name":"Home","item":"https:\/\/buddydive.com\/de\/"},{"@type":"ListItem","position":2,"name":"Tauchen","item":"https:\/\/buddydive.com\/de\/diving\/"},{"@type":"ListItem","position":3,"name":"Bootstauchen"}]},{"@type":"WebSite","@id":"https:\/\/buddydive.com\/de\/#website","url":"https:\/\/buddydive.com\/de\/","name":"Buddy Dive Bonaire","description":"My WordPress Blog","potentialAction":[{"@type":"SearchAction","target":{"@type":"EntryPoint","urlTemplate":"https:\/\/buddydive.com\/de\/?s={search_term_string}"},"query-input":{"@type":"PropertyValueSpecification","valueRequired":true,"valueName":"search_term_string"}}],"inLanguage":"de"}]}},"_links":{"self":[{"href":"https:\/\/buddydive.com\/de\/wp-json\/wp\/v2\/pages\/5313","targetHints":{"allow":["GET"]}}],"collection":[{"href":"https:\/\/buddydive.com\/de\/wp-json\/wp\/v2\/pages"}],"about":[{"href":"https:\/\/buddydive.com\/de\/wp-json\/wp\/v2\/types\/page"}],"author":[{"embeddable":true,"href":"https:\/\/buddydive.com\/de\/wp-json\/wp\/v2\/users\/1"}],"replies":[{"embeddable":true,"href":"https:\/\/buddydive.com\/de\/wp-json\/wp\/v2\/comments?post=5313"}],"version-history":[{"count":11,"href":"https:\/\/buddydive.com\/de\/wp-json\/wp\/v2\/pages\/5313\/revisions"}],"predecessor-version":[{"id":18012,"href":"https:\/\/buddydive.com\/de\/wp-json\/wp\/v2\/pages\/5313\/revisions\/18012"}],"up":[{"embeddable":true,"href":"https:\/\/buddydive.com\/de\/wp-json\/wp\/v2\/pages\/5274"}],"wp:attachment":[{"href":"https:\/\/buddydive.com\/de\/wp-json\/wp\/v2\/media?parent=5313"}],"curies":[{"name":"wp","href":"https:\/\/api.w.org\/{rel}","templated":true}]}}