{"id":5295,"date":"2020-01-09T21:22:47","date_gmt":"2020-01-09T21:22:47","guid":{"rendered":"https:\/\/buddydive.com\/?page_id=5295"},"modified":"2026-02-09T17:20:47","modified_gmt":"2026-02-09T17:20:47","slug":"shore-diving","status":"publish","type":"page","link":"https:\/\/buddydive.com\/de\/tauchen\/shore-diving\/","title":{"rendered":"Landtauchen"},"content":{"rendered":"<div class=\"wpb-content-wrapper\">[vc_row][vc_column width=&#8220;1\/2&#8243;][vc_column_text]\n<h1 class=\"text-uppercase\" style=\"text-align: center;\"><small>Landtauchhauptstadt der Welt:<\/small>Bonaire<\/h1>\n<p>Mit bis zu 60 offiziell gelisteten Tauchpl\u00e4tzen auf Bonaire, von denen die meisten von der K\u00fcste aus leicht zu erreichen sind, ist die Insel als die Shore Diving Capital der Welt bekannt!<\/p>\n<p>Der Ozean um Bonaire bietet eine wundersch\u00f6ne Unterwasserwelt und eine faszinierende Auswahl von mehrfarbigen Fischen, es gibt beim Tauchen in Bonaire also einiges zu sehen. Das Meer ist bemerkenswert ruhig und die Konditionen sind ausgezeichnet f\u00fcr sowohl Tauchen als Schnorcheln.<\/p>\n<p>Im Durchschnitt \u00fcbersteigt die Sicht beim Tauchen in Bonaire 30 Meter und unsere durchschnittliche Wassertemperatur betr\u00e4gt 29\u00b0 C. Das ums\u00e4umende Riff beginnt nah an der K\u00fcste, normalerweise muss nur f\u00fcr 10 Meter oder weniger geschwommen werden, weshalb Bonaire weltweit bekannt f\u00fcr sein einfaches Ufertauchen ist.<br \/>Die Gew\u00e4sser um Bonaire bieten etwas Besonderes f\u00fcr jeden Taucher. Tauchanf\u00e4nger werden das ruhige Meer um Bonaire, die Riffe die parallel zur K\u00fcste laufen und die minimalen Str\u00f6mungen zu sch\u00e4tzen wissen. Diese Konditionen machen es zu einem idealen Ort, um\u00a0an der Tarierung zu arbeiten. Die F\u00fclle an Meerestieren, die am Drop-Off des abfallenden Riffs lebt erm\u00f6glicht ein Maximum an Grundzeit und gibt neuen Tauchern eine Gelegenheit, einen Level von Komfort und Selbstvertrauen in ihre neu erlernten F\u00e4higkeiten zu entwickeln.<\/p>\n<p>Um unsere Riff Umgebung \u00fcber viele Jahre hinweg gesund zu halten, empfehlen wir allen Tauchern, die nach Bonaire reisen, sich vor ihrem Besuch mit den Bestimmungen des Marine Parks vertraut zu machen.[\/vc_column_text][\/vc_column][vc_column width=&#8220;1\/2&#8243;][vc_gallery images=&#8220;5302,5300,5299,5298&#8243; img_size=&#8220;medium&#8220; columns=&#8220;2&#8243; masonry=&#8220;fitRows&#8220;][\/vc_column][\/vc_row][vc_row][vc_column width=&#8220;1\/2&#8243;][vc_video link=&#8220;https:\/\/www.youtube.com\/watch?v=SoOfcxUtPzE&amp;t=2s&#8220;][\/vc_column][vc_column width=&#8220;1\/2&#8243;][vc_column_text css=&#8220;&#8220;]\n<h2 class=\"text-uppercase\" style=\"text-align: center;\"><small>Holen Sie das Beste aus Ihrem Tauchgang heraus mit einem<\/small>privater Tauchf\u00fchrer<\/h2>\n<p>Sind Sie ein begeisterter Landtaucher und m\u00f6chten noch einen Schritt weiter gehen, oder brauchen Sie einfach einen erfahrenen Tauchlehrer, der Ihnen aktiv bei der Vorbereitung der Ausr\u00fcstung, Landeintrittstechniken und, ja, beim Aufzeigen einiger netter Lebewesen behilflich sein kann?<\/p>\n<p>Bei Buddy Dive bieten wir private Tauchf\u00fchrerdienste an. Egal ob Tag oder Nacht, wir bieten Ihnen einen privaten Tauchguide an, der Sie begleitet. Der private Tauchguide-Service kann auf Ihre Erfahrung, Ihr Komfortniveau und andere W\u00fcnsche zugeschnitten werden.<\/p>\n<p>Der private Tauchguide-Service bietet Ihnen flexible Zeitpl\u00e4ne und kann nur f\u00fcr Sie und Ihren Tauchpartner oder f\u00fcr die ganze Familie gebucht werden und hilft Ihnen, das Beste aus Ihrem Tauchurlaub herauszuholen.<\/p>\n<p>Bonaire verf\u00fcgt \u00fcber einzigartige Bedingungen zum Landtauchen. ruhige See und insgesamt einfacher Zugang. Wir haben einige Tauchpl\u00e4tze ausgew\u00e4hlt, die sich ideal zum Tauchen mit Ihrem privaten Tauchf\u00fchrer eignen; Entweder weil der Zugang zum Meer etwas schwieriger ist oder weil der Ort einige einzigartige Unterwassermerkmale bietet.<\/p>\n<p>Ihr privater Tauchf\u00fchrer zeigt Ihnen gerne unsere wundersch\u00f6ne Unterwasserwelt. F\u00fcr Preise f\u00fcr private Tauchguides <a href=\"https:\/\/buddydive.com\/de\/tauchen\/tauchpreise\/#1569086073018-69a8b0f2-68b5\">klicken Sie hier<\/a><\/p>\n<p>Wir sind das Landtauchwunderland der Welt![\/vc_column_text][vc_btn title=&#8220;Check prices&#8220; align=&#8220;center&#8220; css=&#8220;&#8220; link=&#8220;url:https%3A%2F%2Fbuddydive.com%2Fde%2Ftauchen%2Ftauchkurse%2F%231727964320831-46dc7031-94bc|target:_blank|&#8220;][\/vc_column][\/vc_row][vc_row][vc_column][vc_raw_js]JTNDc2NyaXB0JTIwdHlwZSUzRCUyMnRleHQlMkZqYXZhc2NyaXB0JTIyJTNFJTBBd2luZG93LlRyZW5nbyUyMCUzRCUyMHdpbmRvdy5UcmVuZ28lMjAlN0MlN0MlMjAlN0IlN0QlM0IlMEF3aW5kb3cuVHJlbmdvLmtleSUyMCUzRCUyMCUyN1E5SGI4dlBvS2VnRDFBSSUyNyUzQiUwQSUyOGZ1bmN0aW9uJTI4ZCUyQyUyMHNjcmlwdCUyQyUyMHQlMjklMjAlN0IlMEElMjAlMjAlMjAlMjBzY3JpcHQlMjAlM0QlMjBkLmNyZWF0ZUVsZW1lbnQlMjglMjdzY3JpcHQlMjclMjklM0IlMEElMjAlMjAlMjAlMjBzY3JpcHQudHlwZSUyMCUzRCUyMCUyN3RleHQlMkZqYXZhc2NyaXB0JTI3JTNCJTBBJTIwJTIwJTIwJTIwc2NyaXB0LmFzeW5jJTIwJTNEJTIwdHJ1ZSUzQiUwQSUyMCUyMCUyMCUyMHNjcmlwdC5zcmMlMjAlM0QlMjAlMjdodHRwcyUzQSUyRiUyRnN0YXRpYy53aWRnZXQudHJlbmdvLmV1JTJGZW1iZWQuanMlMjclM0IlMEElMjAlMjAlMjAlMjBkLmdldEVsZW1lbnRzQnlUYWdOYW1lJTI4JTI3aGVhZCUyNyUyOSU1QjAlNUQuYXBwZW5kQ2hpbGQlMjhzY3JpcHQlMjklM0IlMEElN0QlMjhkb2N1bWVudCUyOSUyOSUzQiUwQSUzQyUyRnNjcmlwdCUzRQ==[\/vc_raw_js][\/vc_column][\/vc_row][vc_row][vc_column][\/vc_column][\/vc_row]\n<\/div>","protected":false},"excerpt":{"rendered":"<p>[vc_row][vc_column width=&#8220;1\/2&#8243;][vc_column_text] Landtauchhauptstadt der Welt:Bonaire Mit bis zu 60 offiziell gelisteten Tauchpl\u00e4tzen auf Bonaire, von denen die meisten von der [&hellip;]<\/p>\n","protected":false},"author":1,"featured_media":0,"parent":5274,"menu_order":0,"comment_status":"closed","ping_status":"closed","template":"","meta":{"footnotes":""},"class_list":["post-5295","page","type-page","status-publish","hentry"],"yoast_head":"<!-- This site is optimized with the Yoast SEO plugin v27.4 - https:\/\/yoast.com\/product\/yoast-seo-wordpress\/ -->\n<title>Landtauchen auf Bonaire<\/title>\n<meta name=\"description\" content=\"Mit bis zu 60 offiziell gelisteten Tauchpl\u00e4tzen auf Bonaire ist die Insel als die Welthauptstadt des Shore Diving bekannt!\" \/>\n<meta name=\"robots\" content=\"index, follow, max-snippet:-1, max-image-preview:large, max-video-preview:-1\" \/>\n<link rel=\"canonical\" href=\"https:\/\/buddydive.com\/de\/tauchen\/shore-diving\/\" \/>\n<meta property=\"og:locale\" content=\"de_DE\" \/>\n<meta property=\"og:type\" content=\"article\" \/>\n<meta property=\"og:title\" content=\"Landtauchen auf Bonaire\" \/>\n<meta property=\"og:description\" content=\"Mit bis zu 60 offiziell gelisteten Tauchpl\u00e4tzen auf Bonaire ist die Insel als die Welthauptstadt des Shore Diving bekannt!\" \/>\n<meta property=\"og:url\" content=\"https:\/\/buddydive.com\/de\/tauchen\/shore-diving\/\" \/>\n<meta property=\"og:site_name\" content=\"Buddy Dive Bonaire\" \/>\n<meta property=\"article:publisher\" content=\"https:\/\/www.facebook.com\/buddydiveresort\" \/>\n<meta property=\"article:modified_time\" content=\"2026-02-09T17:20:47+00:00\" \/>\n<meta name=\"twitter:card\" content=\"summary_large_image\" \/>\n<meta name=\"twitter:site\" content=\"@buddydive\" \/>\n<meta name=\"twitter:label1\" content=\"Gesch\u00e4tzte Lesezeit\" \/>\n\t<meta name=\"twitter:data1\" content=\"3\u00a0Minuten\" \/>\n<script type=\"application\/ld+json\" class=\"yoast-schema-graph\">{\"@context\":\"https:\\\/\\\/schema.org\",\"@graph\":[{\"@type\":\"WebPage\",\"@id\":\"https:\\\/\\\/buddydive.com\\\/de\\\/tauchen\\\/shore-diving\\\/\",\"url\":\"https:\\\/\\\/buddydive.com\\\/de\\\/tauchen\\\/shore-diving\\\/\",\"name\":\"Landtauchen auf Bonaire\",\"isPartOf\":{\"@id\":\"https:\\\/\\\/buddydive.com\\\/de\\\/#website\"},\"datePublished\":\"2020-01-09T21:22:47+00:00\",\"dateModified\":\"2026-02-09T17:20:47+00:00\",\"description\":\"Mit bis zu 60 offiziell gelisteten Tauchpl\u00e4tzen auf Bonaire ist die Insel als die Welthauptstadt des Shore Diving bekannt!\",\"breadcrumb\":{\"@id\":\"https:\\\/\\\/buddydive.com\\\/de\\\/tauchen\\\/shore-diving\\\/#breadcrumb\"},\"inLanguage\":\"de\",\"potentialAction\":[{\"@type\":\"ReadAction\",\"target\":[\"https:\\\/\\\/buddydive.com\\\/de\\\/tauchen\\\/shore-diving\\\/\"]}]},{\"@type\":\"BreadcrumbList\",\"@id\":\"https:\\\/\\\/buddydive.com\\\/de\\\/tauchen\\\/shore-diving\\\/#breadcrumb\",\"itemListElement\":[{\"@type\":\"ListItem\",\"position\":1,\"name\":\"Home\",\"item\":\"https:\\\/\\\/buddydive.com\\\/de\\\/\"},{\"@type\":\"ListItem\",\"position\":2,\"name\":\"Tauchen\",\"item\":\"https:\\\/\\\/buddydive.com\\\/de\\\/diving\\\/\"},{\"@type\":\"ListItem\",\"position\":3,\"name\":\"Landtauchen\"}]},{\"@type\":\"WebSite\",\"@id\":\"https:\\\/\\\/buddydive.com\\\/de\\\/#website\",\"url\":\"https:\\\/\\\/buddydive.com\\\/de\\\/\",\"name\":\"Buddy Dive Bonaire\",\"description\":\"My WordPress Blog\",\"potentialAction\":[{\"@type\":\"SearchAction\",\"target\":{\"@type\":\"EntryPoint\",\"urlTemplate\":\"https:\\\/\\\/buddydive.com\\\/de\\\/?s={search_term_string}\"},\"query-input\":{\"@type\":\"PropertyValueSpecification\",\"valueRequired\":true,\"valueName\":\"search_term_string\"}}],\"inLanguage\":\"de\"}]}<\/script>\n<!-- \/ Yoast SEO plugin. -->","yoast_head_json":{"title":"Landtauchen auf Bonaire","description":"Mit bis zu 60 offiziell gelisteten Tauchpl\u00e4tzen auf Bonaire ist die Insel als die Welthauptstadt des Shore Diving bekannt!","robots":{"index":"index","follow":"follow","max-snippet":"max-snippet:-1","max-image-preview":"max-image-preview:large","max-video-preview":"max-video-preview:-1"},"canonical":"https:\/\/buddydive.com\/de\/tauchen\/shore-diving\/","og_locale":"de_DE","og_type":"article","og_title":"Landtauchen auf Bonaire","og_description":"Mit bis zu 60 offiziell gelisteten Tauchpl\u00e4tzen auf Bonaire ist die Insel als die Welthauptstadt des Shore Diving bekannt!","og_url":"https:\/\/buddydive.com\/de\/tauchen\/shore-diving\/","og_site_name":"Buddy Dive Bonaire","article_publisher":"https:\/\/www.facebook.com\/buddydiveresort","article_modified_time":"2026-02-09T17:20:47+00:00","twitter_card":"summary_large_image","twitter_site":"@buddydive","twitter_misc":{"Gesch\u00e4tzte Lesezeit":"3\u00a0Minuten"},"schema":{"@context":"https:\/\/schema.org","@graph":[{"@type":"WebPage","@id":"https:\/\/buddydive.com\/de\/tauchen\/shore-diving\/","url":"https:\/\/buddydive.com\/de\/tauchen\/shore-diving\/","name":"Landtauchen auf Bonaire","isPartOf":{"@id":"https:\/\/buddydive.com\/de\/#website"},"datePublished":"2020-01-09T21:22:47+00:00","dateModified":"2026-02-09T17:20:47+00:00","description":"Mit bis zu 60 offiziell gelisteten Tauchpl\u00e4tzen auf Bonaire ist die Insel als die Welthauptstadt des Shore Diving bekannt!","breadcrumb":{"@id":"https:\/\/buddydive.com\/de\/tauchen\/shore-diving\/#breadcrumb"},"inLanguage":"de","potentialAction":[{"@type":"ReadAction","target":["https:\/\/buddydive.com\/de\/tauchen\/shore-diving\/"]}]},{"@type":"BreadcrumbList","@id":"https:\/\/buddydive.com\/de\/tauchen\/shore-diving\/#breadcrumb","itemListElement":[{"@type":"ListItem","position":1,"name":"Home","item":"https:\/\/buddydive.com\/de\/"},{"@type":"ListItem","position":2,"name":"Tauchen","item":"https:\/\/buddydive.com\/de\/diving\/"},{"@type":"ListItem","position":3,"name":"Landtauchen"}]},{"@type":"WebSite","@id":"https:\/\/buddydive.com\/de\/#website","url":"https:\/\/buddydive.com\/de\/","name":"Buddy Dive Bonaire","description":"My WordPress Blog","potentialAction":[{"@type":"SearchAction","target":{"@type":"EntryPoint","urlTemplate":"https:\/\/buddydive.com\/de\/?s={search_term_string}"},"query-input":{"@type":"PropertyValueSpecification","valueRequired":true,"valueName":"search_term_string"}}],"inLanguage":"de"}]}},"_links":{"self":[{"href":"https:\/\/buddydive.com\/de\/wp-json\/wp\/v2\/pages\/5295","targetHints":{"allow":["GET"]}}],"collection":[{"href":"https:\/\/buddydive.com\/de\/wp-json\/wp\/v2\/pages"}],"about":[{"href":"https:\/\/buddydive.com\/de\/wp-json\/wp\/v2\/types\/page"}],"author":[{"embeddable":true,"href":"https:\/\/buddydive.com\/de\/wp-json\/wp\/v2\/users\/1"}],"replies":[{"embeddable":true,"href":"https:\/\/buddydive.com\/de\/wp-json\/wp\/v2\/comments?post=5295"}],"version-history":[{"count":16,"href":"https:\/\/buddydive.com\/de\/wp-json\/wp\/v2\/pages\/5295\/revisions"}],"predecessor-version":[{"id":36829,"href":"https:\/\/buddydive.com\/de\/wp-json\/wp\/v2\/pages\/5295\/revisions\/36829"}],"up":[{"embeddable":true,"href":"https:\/\/buddydive.com\/de\/wp-json\/wp\/v2\/pages\/5274"}],"wp:attachment":[{"href":"https:\/\/buddydive.com\/de\/wp-json\/wp\/v2\/media?parent=5295"}],"curies":[{"name":"wp","href":"https:\/\/api.w.org\/{rel}","templated":true}]}}