{"id":5274,"date":"2020-01-09T20:50:27","date_gmt":"2020-01-09T20:50:27","guid":{"rendered":"https:\/\/buddydive.com\/?page_id=5274"},"modified":"2026-02-03T12:26:23","modified_gmt":"2026-02-03T12:26:23","slug":"tauchen","status":"publish","type":"page","link":"https:\/\/buddydive.com\/de\/tauchen\/","title":{"rendered":"Tauchen"},"content":{"rendered":"<div class=\"wpb-content-wrapper\">[vc_row][vc_column][vc_column_text css=&#8220;&#8220;]\n<h1 class=\"text-uppercase\" style=\"text-align: center;\"><small>TAUCHEN MIT<\/small>Buddy Dive<\/h1>\n<p>Bonaire, mit seinem ums\u00e4umenden Riff in unmittelbarer N\u00e4he zur K\u00fcste, ungef\u00e4hr 80 Tauchorten, ruhigen Gew\u00e4ssern und guter Sicht, hat f\u00fcr jeden Taucher etwas zu bieten. Bei Buddy Dive laden Sie unsere eigenen Boote dazu ein, die wundersch\u00f6ne Unterwasserwelt bei einem gef\u00fchrten Tauchgang zu erkunden oder den Komfort unseres einzigartigen Drive-Throughs zu genie\u00dfen, um die Riffe der Insel in Ihrem eigenen Tempo zu erkunden.<\/p>\n<h3>Etwas f\u00fcr jeden Taucher bei Van der Valk\u2019s Buddy Dive Resort<\/h3>\n<p>Mit bis zu 60 offiziell gelisteten Tauchpl\u00e4tzen auf Bonaire und 20 weiteren Tauchpl\u00e4tzen auf Klein Bonaire ist der Tauchbetrieb von Buddy Dive Resort voll ausger\u00fcstet, damit Sie das Meiste aus Ihrem Tauchurlaub herausholen k\u00f6nnen. Mit einer Flotte von eigenen Tauchbooten und einem gut ausgestatteten \u201eDrive-Through\u201c, der Luft- und Nitrox-Tanks anbietet, wird jeder Taucher zufriedengestellt. Um uns dabei zu helfen, unsere Riffumgebung f\u00fcr viele weitere Jahre gesund zu halten, bitten wir alle Taucher die nach Bonaire reisen, sich vor ihrem Besuch mit den Bestimmungen des\u00a0<a href=\"https:\/\/stinapabonaire.org\/bonaire-national\/rules-and-regulations-video\/\" target=\"_blank\" rel=\"noopener noreferrer\">Marine Parks vertraut<\/a>\u00a0zu machen.<\/p>\n<p>Taucher aller Levels k\u00f6nnen die Freiheit unseres unbegrenzten Ufertauchen Pakets genie\u00dfen, bei dem Sie jeden Tag so viele Tauchg\u00e4nge machen k\u00f6nnen wie Sie wollen, abh\u00e4ngig von Ihren Sicherheitsprofilen. Es sind jede Menge 80- und 63-Kubikfu\u00dftanks mit Luft und Nitrox verf\u00fcgbar, die entweder im Drive-Through oder am Dock bereitstehen. Hier gibt es au\u00dferdem praktische B\u00e4nke welche das Aufbauen der Ausr\u00fcstung erleichtern, sowie zwei robuste Leitern, die einen einfachen Zugang zum Wasser erm\u00f6glichen. Becken zum Absp\u00fclen gibt es sowohl am Drive-Through als auch an den Docks, wo sich auch ein gro\u00dfz\u00fcgiger Raum zum Verstauen der Ausr\u00fcstung befindet. All dies macht Tauchen bei Buddy\u2019s einfach und angenehm.<br \/>Sie k\u00f6nnen unser erfahrenes, freundliches Tauchpersonal auf unseren Tauchg\u00e4ngen am Morgen und am Nachmittag begleiten. An jedem Tag des Jahres fahren unsere eigenen Tauchboote raus um die vielen Tauchpl\u00e4tze der nahegelegenen Insel Klein Bonaire zu erkunden, die nur einen kurzen 10-min\u00fctigen Bootstrip entfernt ist, oder zu anderen spektakul\u00e4ren Tauchpl\u00e4tzen, die nicht oder nur schwer von der K\u00fcste aus erreichbar sind. Klein Bonaire wird sogar regelm\u00e4\u00dfig bei Nacht w\u00e4hrend unserer Nachttauchg\u00e4nge besucht.[\/vc_column_text][vc_gallery images=&#8220;5279,5282,5281&#8243; img_size=&#8220;large&#8220; columns=&#8220;3&#8243;][vc_column_text css=&#8220;&#8220;]Buddy\u2019s ist ein DAN-Mitglied sowie ein PADI 5 Sterne Career Development Center und Universal Referral Center. Die Auszeichnung zum Universal Referral Center erm\u00f6glicht es den Tauchlehrern von Buddy Dive, den Studenten von SSI, NAUI und einer Reihe von anderen Trainingsorganisationen, Open Water-Abschlusskurse anzubieten. Tats\u00e4chlich bieten wir Ihnen bei Buddy Dive jede erdenkliche Art von Kursen an, viele von ihnen in verschiedenen Sprachen. Zus\u00e4tzlich zu all den standardm\u00e4\u00dfigen PADI Specialkurse bieten wir Ihnen auch die Chance, ein Enriched Air Certified Taucher zu werden oder sogar einen Rebreather auszuprobieren!<br \/>Als Tauchzentrum mit Komplettservice haben wir auch ein\u00a0umfassendes Inventar von Mietausr\u00fcstung f\u00fcr Sie verf\u00fcgbar. G\u00e4ste von Buddy Dive, die ihre Ausr\u00fcstung lieber kaufen als mieten m\u00f6chten, werden es genie\u00dfen, in unserem gut ausgestatteten Tauchladen zu shoppen. Dieser befindet sich auf dem Gel\u00e4nde und bietet eine gro\u00dfe Auswahl von Tauch- und Schnorchelausr\u00fcstung und Zubeh\u00f6r, sowie T-Shirts, Sandalen, K\u00e4ppis, Tauchlichter und reihenweise Souvenirs!<br \/>Aber von all den Vorz\u00fcgen die wir bieten k\u00f6nnen ist es ohne Zweifel unser unglaubliches Tauchteam, dass den Unterschied beim Tauchen bei Buddy Dive macht. Sie sind daf\u00fcr bekannt, jeden Tauchgang zu einer sicheren und angenehmen Erfahrung zu machen, die Sie niemals vergessen werden. Es ist dieser freundliche, pers\u00f6nliche Service, der zum Markenzeichen vom Buddy Dive Resort geworden ist.[\/vc_column_text][vc_column_text]\n<h3 style=\"text-align: center;\">Buddy\u2019s Dive Anlagen<\/h3>\n<p><\/p>\n<p style=\"text-align: center;\">2-spuriger Air- &amp; Nitrox-Drive-Thru<br data-start=\"35\" data-end=\"38\" \/>6 Tauchboote<br data-start=\"50\" data-end=\"53\" \/>Tec Dive Support Center<br data-start=\"76\" data-end=\"79\" \/>Leih-Ausr\u00fcstung<br data-start=\"94\" data-end=\"97\" \/>Verkaufsladen<br data-start=\"110\" data-end=\"113\" \/>2 Schulungsr\u00e4ume<br data-start=\"129\" data-end=\"132\" \/>Buddy Dive Akademie<\/p>\n[\/vc_column_text][vc_gallery images=&#8220;5283,5278,5280&#8243; img_size=&#8220;large&#8220; columns=&#8220;3&#8243;][\/vc_column][\/vc_row][vc_row][vc_column][vc_raw_js]JTNDc2NyaXB0JTIwdHlwZSUzRCUyMnRleHQlMkZqYXZhc2NyaXB0JTIyJTNFJTBBd2luZG93LlRyZW5nbyUyMCUzRCUyMHdpbmRvdy5UcmVuZ28lMjAlN0MlN0MlMjAlN0IlN0QlM0IlMEF3aW5kb3cuVHJlbmdvLmtleSUyMCUzRCUyMCUyN1E5SGI4dlBvS2VnRDFBSSUyNyUzQiUwQSUyOGZ1bmN0aW9uJTI4ZCUyQyUyMHNjcmlwdCUyQyUyMHQlMjklMjAlN0IlMEElMjAlMjAlMjAlMjBzY3JpcHQlMjAlM0QlMjBkLmNyZWF0ZUVsZW1lbnQlMjglMjdzY3JpcHQlMjclMjklM0IlMEElMjAlMjAlMjAlMjBzY3JpcHQudHlwZSUyMCUzRCUyMCUyN3RleHQlMkZqYXZhc2NyaXB0JTI3JTNCJTBBJTIwJTIwJTIwJTIwc2NyaXB0LmFzeW5jJTIwJTNEJTIwdHJ1ZSUzQiUwQSUyMCUyMCUyMCUyMHNjcmlwdC5zcmMlMjAlM0QlMjAlMjdodHRwcyUzQSUyRiUyRnN0YXRpYy53aWRnZXQudHJlbmdvLmV1JTJGZW1iZWQuanMlMjclM0IlMEElMjAlMjAlMjAlMjBkLmdldEVsZW1lbnRzQnlUYWdOYW1lJTI4JTI3aGVhZCUyNyUyOSU1QjAlNUQuYXBwZW5kQ2hpbGQlMjhzY3JpcHQlMjklM0IlMEElN0QlMjhkb2N1bWVudCUyOSUyOSUzQiUwQSUzQyUyRnNjcmlwdCUzRQ==[\/vc_raw_js][\/vc_column][\/vc_row]\n<\/div>","protected":false},"excerpt":{"rendered":"<p>[vc_row][vc_column][vc_column_text css=&#8220;&#8220;] TAUCHEN MITBuddy Dive Bonaire, mit seinem ums\u00e4umenden Riff in unmittelbarer N\u00e4he zur K\u00fcste, ungef\u00e4hr 80 Tauchorten, ruhigen Gew\u00e4ssern [&hellip;]<\/p>\n","protected":false},"author":1,"featured_media":0,"parent":0,"menu_order":0,"comment_status":"closed","ping_status":"closed","template":"page-templates\/page-left.php","meta":{"footnotes":""},"class_list":["post-5274","page","type-page","status-publish","hentry"],"yoast_head":"<!-- This site is optimized with the Yoast SEO plugin v27.4 - https:\/\/yoast.com\/product\/yoast-seo-wordpress\/ -->\n<title>Tauchen - Buddy Dive BonaireBonaire Tauchen - Buddy Dive Resort<\/title>\n<meta name=\"description\" content=\"Buddy&#039;s machen dein Bonaire Tauchen so einfach und bequem wie m\u00f6glich. Wir bieten ein komplett ausgestattetes Tauchzentrum, fahren durch Air &amp; Nitrox und eine Mietwagenflotte.\" \/>\n<meta name=\"robots\" content=\"index, follow, max-snippet:-1, max-image-preview:large, max-video-preview:-1\" \/>\n<link rel=\"canonical\" href=\"https:\/\/buddydive.com\/de\/tauchen\/\" \/>\n<meta property=\"og:locale\" content=\"de_DE\" \/>\n<meta property=\"og:type\" content=\"article\" \/>\n<meta property=\"og:title\" content=\"Tauchen - Buddy Dive BonaireBonaire Tauchen - Buddy Dive Resort\" \/>\n<meta property=\"og:description\" content=\"Buddy&#039;s machen dein Bonaire Tauchen so einfach und bequem wie m\u00f6glich. Wir bieten ein komplett ausgestattetes Tauchzentrum, fahren durch Air &amp; Nitrox und eine Mietwagenflotte.\" \/>\n<meta property=\"og:url\" content=\"https:\/\/buddydive.com\/de\/tauchen\/\" \/>\n<meta property=\"og:site_name\" content=\"Buddy Dive Bonaire\" \/>\n<meta property=\"article:publisher\" content=\"https:\/\/www.facebook.com\/buddydiveresort\" \/>\n<meta property=\"article:modified_time\" content=\"2026-02-03T12:26:23+00:00\" \/>\n<meta name=\"twitter:card\" content=\"summary_large_image\" \/>\n<meta name=\"twitter:site\" content=\"@buddydive\" \/>\n<meta name=\"twitter:label1\" content=\"Gesch\u00e4tzte Lesezeit\" \/>\n\t<meta name=\"twitter:data1\" content=\"4\u00a0Minuten\" \/>\n<script type=\"application\/ld+json\" class=\"yoast-schema-graph\">{\"@context\":\"https:\\\/\\\/schema.org\",\"@graph\":[{\"@type\":\"WebPage\",\"@id\":\"https:\\\/\\\/buddydive.com\\\/de\\\/tauchen\\\/\",\"url\":\"https:\\\/\\\/buddydive.com\\\/de\\\/tauchen\\\/\",\"name\":\"Tauchen - Buddy Dive BonaireBonaire Tauchen - Buddy Dive Resort\",\"isPartOf\":{\"@id\":\"https:\\\/\\\/buddydive.com\\\/de\\\/#website\"},\"datePublished\":\"2020-01-09T20:50:27+00:00\",\"dateModified\":\"2026-02-03T12:26:23+00:00\",\"description\":\"Buddy's machen dein Bonaire Tauchen so einfach und bequem wie m\u00f6glich. Wir bieten ein komplett ausgestattetes Tauchzentrum, fahren durch Air & Nitrox und eine Mietwagenflotte.\",\"breadcrumb\":{\"@id\":\"https:\\\/\\\/buddydive.com\\\/de\\\/tauchen\\\/#breadcrumb\"},\"inLanguage\":\"de\",\"potentialAction\":[{\"@type\":\"ReadAction\",\"target\":[\"https:\\\/\\\/buddydive.com\\\/de\\\/tauchen\\\/\"]}]},{\"@type\":\"BreadcrumbList\",\"@id\":\"https:\\\/\\\/buddydive.com\\\/de\\\/tauchen\\\/#breadcrumb\",\"itemListElement\":[{\"@type\":\"ListItem\",\"position\":1,\"name\":\"Home\",\"item\":\"https:\\\/\\\/buddydive.com\\\/de\\\/\"},{\"@type\":\"ListItem\",\"position\":2,\"name\":\"Tauchen\"}]},{\"@type\":\"WebSite\",\"@id\":\"https:\\\/\\\/buddydive.com\\\/de\\\/#website\",\"url\":\"https:\\\/\\\/buddydive.com\\\/de\\\/\",\"name\":\"Buddy Dive Bonaire\",\"description\":\"My WordPress Blog\",\"potentialAction\":[{\"@type\":\"SearchAction\",\"target\":{\"@type\":\"EntryPoint\",\"urlTemplate\":\"https:\\\/\\\/buddydive.com\\\/de\\\/?s={search_term_string}\"},\"query-input\":{\"@type\":\"PropertyValueSpecification\",\"valueRequired\":true,\"valueName\":\"search_term_string\"}}],\"inLanguage\":\"de\"}]}<\/script>\n<!-- \/ Yoast SEO plugin. -->","yoast_head_json":{"title":"Tauchen - Buddy Dive BonaireBonaire Tauchen - Buddy Dive Resort","description":"Buddy's machen dein Bonaire Tauchen so einfach und bequem wie m\u00f6glich. Wir bieten ein komplett ausgestattetes Tauchzentrum, fahren durch Air & Nitrox und eine Mietwagenflotte.","robots":{"index":"index","follow":"follow","max-snippet":"max-snippet:-1","max-image-preview":"max-image-preview:large","max-video-preview":"max-video-preview:-1"},"canonical":"https:\/\/buddydive.com\/de\/tauchen\/","og_locale":"de_DE","og_type":"article","og_title":"Tauchen - Buddy Dive BonaireBonaire Tauchen - Buddy Dive Resort","og_description":"Buddy's machen dein Bonaire Tauchen so einfach und bequem wie m\u00f6glich. Wir bieten ein komplett ausgestattetes Tauchzentrum, fahren durch Air & Nitrox und eine Mietwagenflotte.","og_url":"https:\/\/buddydive.com\/de\/tauchen\/","og_site_name":"Buddy Dive Bonaire","article_publisher":"https:\/\/www.facebook.com\/buddydiveresort","article_modified_time":"2026-02-03T12:26:23+00:00","twitter_card":"summary_large_image","twitter_site":"@buddydive","twitter_misc":{"Gesch\u00e4tzte Lesezeit":"4\u00a0Minuten"},"schema":{"@context":"https:\/\/schema.org","@graph":[{"@type":"WebPage","@id":"https:\/\/buddydive.com\/de\/tauchen\/","url":"https:\/\/buddydive.com\/de\/tauchen\/","name":"Tauchen - Buddy Dive BonaireBonaire Tauchen - Buddy Dive Resort","isPartOf":{"@id":"https:\/\/buddydive.com\/de\/#website"},"datePublished":"2020-01-09T20:50:27+00:00","dateModified":"2026-02-03T12:26:23+00:00","description":"Buddy's machen dein Bonaire Tauchen so einfach und bequem wie m\u00f6glich. Wir bieten ein komplett ausgestattetes Tauchzentrum, fahren durch Air & Nitrox und eine Mietwagenflotte.","breadcrumb":{"@id":"https:\/\/buddydive.com\/de\/tauchen\/#breadcrumb"},"inLanguage":"de","potentialAction":[{"@type":"ReadAction","target":["https:\/\/buddydive.com\/de\/tauchen\/"]}]},{"@type":"BreadcrumbList","@id":"https:\/\/buddydive.com\/de\/tauchen\/#breadcrumb","itemListElement":[{"@type":"ListItem","position":1,"name":"Home","item":"https:\/\/buddydive.com\/de\/"},{"@type":"ListItem","position":2,"name":"Tauchen"}]},{"@type":"WebSite","@id":"https:\/\/buddydive.com\/de\/#website","url":"https:\/\/buddydive.com\/de\/","name":"Buddy Dive Bonaire","description":"My WordPress Blog","potentialAction":[{"@type":"SearchAction","target":{"@type":"EntryPoint","urlTemplate":"https:\/\/buddydive.com\/de\/?s={search_term_string}"},"query-input":{"@type":"PropertyValueSpecification","valueRequired":true,"valueName":"search_term_string"}}],"inLanguage":"de"}]}},"_links":{"self":[{"href":"https:\/\/buddydive.com\/de\/wp-json\/wp\/v2\/pages\/5274","targetHints":{"allow":["GET"]}}],"collection":[{"href":"https:\/\/buddydive.com\/de\/wp-json\/wp\/v2\/pages"}],"about":[{"href":"https:\/\/buddydive.com\/de\/wp-json\/wp\/v2\/types\/page"}],"author":[{"embeddable":true,"href":"https:\/\/buddydive.com\/de\/wp-json\/wp\/v2\/users\/1"}],"replies":[{"embeddable":true,"href":"https:\/\/buddydive.com\/de\/wp-json\/wp\/v2\/comments?post=5274"}],"version-history":[{"count":14,"href":"https:\/\/buddydive.com\/de\/wp-json\/wp\/v2\/pages\/5274\/revisions"}],"predecessor-version":[{"id":36628,"href":"https:\/\/buddydive.com\/de\/wp-json\/wp\/v2\/pages\/5274\/revisions\/36628"}],"wp:attachment":[{"href":"https:\/\/buddydive.com\/de\/wp-json\/wp\/v2\/media?parent=5274"}],"curies":[{"name":"wp","href":"https:\/\/api.w.org\/{rel}","templated":true}]}}