{"id":5246,"date":"2020-01-09T19:39:33","date_gmt":"2020-01-09T19:39:33","guid":{"rendered":"https:\/\/buddydive.com\/?page_id=5246"},"modified":"2025-06-12T19:46:27","modified_gmt":"2025-06-12T19:46:27","slug":"autovermietung","status":"publish","type":"page","link":"https:\/\/buddydive.com\/de\/resort\/autovermietung\/","title":{"rendered":"Autovermietung"},"content":{"rendered":"<div class=\"wpb-content-wrapper\">[vc_row full_width=&#8220;stretch_row&#8220; css=&#8220;.vc_custom_1565692260160{background-position: center !important;background-repeat: no-repeat !important;background-size: cover !important;}&#8220;][vc_column width=&#8220;1\/2&#8243;][vc_images_carousel images=&#8220;29141,5074&#8243; css=&#8220;&#8220;][\/vc_column][vc_column width=&#8220;1\/2&#8243;][vc_column_text css=&#8220;&#8220;]\n<h1 class=\"text-uppercase\" style=\"text-align: center;\">Drive &amp; Dive<\/h1>\n<p><\/p>\n<p class=\"lead\">Im Buddy Dive Resort verf\u00fcgen wir \u00fcber eine eigene Flotte zuverl\u00e4ssiger Mietfahrzeuge, die nur unseren G\u00e4sten zur Verf\u00fcgung steht, sodass Sie die Wunder und die unglaubliche Natur unserer unber\u00fchrten, unverdorbenen Insel so genie\u00dfen k\u00f6nnen, wie es sich geh\u00f6rt. Dank unserer Drive &amp; Dive on Bonaire-Pakete gibt es keine bessere M\u00f6glichkeit, die Sch\u00f6nheit von Bonaire \u00fcber und unter Wasser zu erkunden und zu entdecken.<\/p>\n<p>Unsere Mietflotte umfasst Pickups mit Einzel- und Doppelkabine, die Ihren Anspr\u00fcchen an Komfort und Nutzbarkeit gerecht werden. Diese Fahrzeuge sind in unseren Drive &amp; Dive-Paketen enthalten, wobei der Fahrzeugtyp von der gebuchten Zimmerkategorie abh\u00e4ngt.<\/p>\n<p>Jeder Truck ist mit einem Schaltgetriebe, viel Platz f\u00fcr die Tauchausr\u00fcstung, Klimaanlage, automatischen Fenstern und bequemen Sitzen ausgestattet. Sie sind f\u00fcr das raue Gel\u00e4nde von Bonaire gebaut und eignen sich perfekt, um die vielen Tauchpl\u00e4tze und Touristenattraktionen der Insel zu erkunden.<\/p>\n<p>Eine Fahrt mit einem unserer Trucks ist die ideale Art, Bonaire von seiner besten Seite zu erleben. Planen Sie im Voraus und reservieren Sie Ihr Fahrzeug als Teil Ihres gesamten Urlaubspakets. G\u00e4ste, die unser Drive &amp; Dive-Paket buchen, erhalten ihr Fahrzeug automatisch zu einem erm\u00e4\u00dfigten Preis.<\/p>\n<p>Worauf warten Sie noch? Buchen Sie noch heute Ihren Mietwagen im Buddy Dive Resort und beginnen Sie Ihr Abenteuer![\/vc_column_text][\/vc_column][vc_column width=&#8220;1\/2&#8243; offset=&#8220;vc_col-sm-offset-3&#8243; css=&#8220;.vc_custom_1411467083077{margin-top: 5.6rem !important;}&#8220;][vc_column_text css=&#8220;&#8220;]\n<h2 class=\"text-uppercase text-center\" style=\"text-align: center;\">Mietpreise<\/h2>\n<p>&nbsp;<\/p>\n<p>&nbsp;<\/p>\n<table class=\"table table-responsive aligncenter\">\n<tbody>\n<tr>\n<td class=\"text-left\"><strong>Fahrzeugtyp<\/strong><\/td>\n<td class=\"text-right\"><strong>W\u00f6chentlich<\/strong><\/td>\n<td class=\"text-left\"><strong>T\u00e4glich<\/strong><\/td>\n<td class=\"text-left\"><strong>T\u00e4glich (mehr als 7 Tage)<\/strong><\/td>\n<\/tr>\n<tr>\n<td class=\"text-left\">Pickup truck<\/td>\n<td class=\"text-right\">$560.00<\/td>\n<td class=\"text-left\">$82.50<\/td>\n<td class=\"text-left\">$80.00<\/td>\n<\/tr>\n<tr>\n<td class=\"text-left\"><\/td>\n<td class=\"text-right\"><\/td>\n<td class=\"text-left\"><\/td>\n<td class=\"text-left\"><\/td>\n<\/tr>\n<\/tbody>\n<\/table>\n<p><\/p>\n<h6>Bitte beachten Sie:<br \/>\n&gt; Alle Preise verstehen sich inklusive Kfz-Versicherung und dienen lediglich als Richtwert. \u00c4nderungen vorbehalten. Aus den angegebenen Preisen k\u00f6nnen keine Rechte abgeleitet werden.<br \/>\n&gt; Das Buddy Dive Resort vermietet Fahrzeuge nur an G\u00e4ste, die im Buddy Dive Resort und den Belmar Oceanfront Apartments \u00fcbernachten.<\/h6>\n<p>&nbsp;[\/vc_column_text][\/vc_column][\/vc_row][vc_row][vc_column][vc_raw_js]JTNDc2NyaXB0JTIwdHlwZSUzRCUyMnRleHQlMkZqYXZhc2NyaXB0JTIyJTNFJTBBd2luZG93LlRyZW5nbyUyMCUzRCUyMHdpbmRvdy5UcmVuZ28lMjAlN0MlN0MlMjAlN0IlN0QlM0IlMEF3aW5kb3cuVHJlbmdvLmtleSUyMCUzRCUyMCUyN1E5SGI4dlBvS2VnRDFBSSUyNyUzQiUwQSUyOGZ1bmN0aW9uJTI4ZCUyQyUyMHNjcmlwdCUyQyUyMHQlMjklMjAlN0IlMEElMjAlMjAlMjAlMjBzY3JpcHQlMjAlM0QlMjBkLmNyZWF0ZUVsZW1lbnQlMjglMjdzY3JpcHQlMjclMjklM0IlMEElMjAlMjAlMjAlMjBzY3JpcHQudHlwZSUyMCUzRCUyMCUyN3RleHQlMkZqYXZhc2NyaXB0JTI3JTNCJTBBJTIwJTIwJTIwJTIwc2NyaXB0LmFzeW5jJTIwJTNEJTIwdHJ1ZSUzQiUwQSUyMCUyMCUyMCUyMHNjcmlwdC5zcmMlMjAlM0QlMjAlMjdodHRwcyUzQSUyRiUyRnN0YXRpYy53aWRnZXQudHJlbmdvLmV1JTJGZW1iZWQuanMlMjclM0IlMEElMjAlMjAlMjAlMjBkLmdldEVsZW1lbnRzQnlUYWdOYW1lJTI4JTI3aGVhZCUyNyUyOSU1QjAlNUQuYXBwZW5kQ2hpbGQlMjhzY3JpcHQlMjklM0IlMEElN0QlMjhkb2N1bWVudCUyOSUyOSUzQiUwQSUzQyUyRnNjcmlwdCUzRQ==[\/vc_raw_js][\/vc_column][\/vc_row]\n<\/div>","protected":false},"excerpt":{"rendered":"<p>[vc_row full_width=&#8220;stretch_row&#8220; css=&#8220;.vc_custom_1565692260160{background-position: center !important;background-repeat: no-repeat !important;background-size: cover !important;}&#8220;][vc_column width=&#8220;1\/2&#8243;][vc_images_carousel images=&#8220;29141,5074&#8243; css=&#8220;&#8220;][\/vc_column][vc_column width=&#8220;1\/2&#8243;][vc_column_text css=&#8220;&#8220;] Drive &amp; Dive Im Buddy Dive [&hellip;]<\/p>\n","protected":false},"author":1,"featured_media":0,"parent":5127,"menu_order":0,"comment_status":"closed","ping_status":"closed","template":"","meta":{"footnotes":""},"class_list":["post-5246","page","type-page","status-publish","hentry"],"yoast_head":"<!-- This site is optimized with the Yoast SEO plugin v27.4 - https:\/\/yoast.com\/product\/yoast-seo-wordpress\/ -->\n<title>Der beste Mietwagenverleih auf Bonaire im Buddy Dive Resort Bonaire<\/title>\n<meta name=\"description\" content=\"Buchen Sie Ihr Drive &amp; Dive Paket und genie\u00dfen Sie die Vorteile einer Autovermietung im Buddy Dive Resort Bonaire. Buddy Dive hat eine eigene Flotte von zuverl\u00e4ssigen Pick-up-Trucks.\" \/>\n<meta name=\"robots\" content=\"index, follow, max-snippet:-1, max-image-preview:large, max-video-preview:-1\" \/>\n<link rel=\"canonical\" href=\"https:\/\/buddydive.com\/de\/resort\/autovermietung\/\" \/>\n<meta property=\"og:locale\" content=\"de_DE\" \/>\n<meta property=\"og:type\" content=\"article\" \/>\n<meta property=\"og:title\" content=\"Der beste Mietwagenverleih auf Bonaire im Buddy Dive Resort Bonaire\" \/>\n<meta property=\"og:description\" content=\"Buchen Sie Ihr Drive &amp; Dive Paket und genie\u00dfen Sie die Vorteile einer Autovermietung im Buddy Dive Resort Bonaire. Buddy Dive hat eine eigene Flotte von zuverl\u00e4ssigen Pick-up-Trucks.\" \/>\n<meta property=\"og:url\" content=\"https:\/\/buddydive.com\/de\/resort\/autovermietung\/\" \/>\n<meta property=\"og:site_name\" content=\"Buddy Dive Bonaire\" \/>\n<meta property=\"article:publisher\" content=\"https:\/\/www.facebook.com\/buddydiveresort\" \/>\n<meta property=\"article:modified_time\" content=\"2025-06-12T19:46:27+00:00\" \/>\n<meta name=\"twitter:card\" content=\"summary_large_image\" \/>\n<meta name=\"twitter:site\" content=\"@buddydive\" \/>\n<meta name=\"twitter:label1\" content=\"Gesch\u00e4tzte Lesezeit\" \/>\n\t<meta name=\"twitter:data1\" content=\"2\u00a0Minuten\" \/>\n<script type=\"application\/ld+json\" class=\"yoast-schema-graph\">{\"@context\":\"https:\\\/\\\/schema.org\",\"@graph\":[{\"@type\":\"WebPage\",\"@id\":\"https:\\\/\\\/buddydive.com\\\/de\\\/resort\\\/autovermietung\\\/\",\"url\":\"https:\\\/\\\/buddydive.com\\\/de\\\/resort\\\/autovermietung\\\/\",\"name\":\"Der beste Mietwagenverleih auf Bonaire im Buddy Dive Resort Bonaire\",\"isPartOf\":{\"@id\":\"https:\\\/\\\/buddydive.com\\\/de\\\/#website\"},\"datePublished\":\"2020-01-09T19:39:33+00:00\",\"dateModified\":\"2025-06-12T19:46:27+00:00\",\"description\":\"Buchen Sie Ihr Drive & Dive Paket und genie\u00dfen Sie die Vorteile einer Autovermietung im Buddy Dive Resort Bonaire. Buddy Dive hat eine eigene Flotte von zuverl\u00e4ssigen Pick-up-Trucks.\",\"breadcrumb\":{\"@id\":\"https:\\\/\\\/buddydive.com\\\/de\\\/resort\\\/autovermietung\\\/#breadcrumb\"},\"inLanguage\":\"de\",\"potentialAction\":[{\"@type\":\"ReadAction\",\"target\":[\"https:\\\/\\\/buddydive.com\\\/de\\\/resort\\\/autovermietung\\\/\"]}]},{\"@type\":\"BreadcrumbList\",\"@id\":\"https:\\\/\\\/buddydive.com\\\/de\\\/resort\\\/autovermietung\\\/#breadcrumb\",\"itemListElement\":[{\"@type\":\"ListItem\",\"position\":1,\"name\":\"Home\",\"item\":\"https:\\\/\\\/buddydive.com\\\/de\\\/\"},{\"@type\":\"ListItem\",\"position\":2,\"name\":\"Resort\",\"item\":\"https:\\\/\\\/buddydive.com\\\/de\\\/resort\\\/\"},{\"@type\":\"ListItem\",\"position\":3,\"name\":\"Autovermietung\"}]},{\"@type\":\"WebSite\",\"@id\":\"https:\\\/\\\/buddydive.com\\\/de\\\/#website\",\"url\":\"https:\\\/\\\/buddydive.com\\\/de\\\/\",\"name\":\"Buddy Dive Bonaire\",\"description\":\"My WordPress Blog\",\"potentialAction\":[{\"@type\":\"SearchAction\",\"target\":{\"@type\":\"EntryPoint\",\"urlTemplate\":\"https:\\\/\\\/buddydive.com\\\/de\\\/?s={search_term_string}\"},\"query-input\":{\"@type\":\"PropertyValueSpecification\",\"valueRequired\":true,\"valueName\":\"search_term_string\"}}],\"inLanguage\":\"de\"}]}<\/script>\n<!-- \/ Yoast SEO plugin. -->","yoast_head_json":{"title":"Der beste Mietwagenverleih auf Bonaire im Buddy Dive Resort Bonaire","description":"Buchen Sie Ihr Drive & Dive Paket und genie\u00dfen Sie die Vorteile einer Autovermietung im Buddy Dive Resort Bonaire. Buddy Dive hat eine eigene Flotte von zuverl\u00e4ssigen Pick-up-Trucks.","robots":{"index":"index","follow":"follow","max-snippet":"max-snippet:-1","max-image-preview":"max-image-preview:large","max-video-preview":"max-video-preview:-1"},"canonical":"https:\/\/buddydive.com\/de\/resort\/autovermietung\/","og_locale":"de_DE","og_type":"article","og_title":"Der beste Mietwagenverleih auf Bonaire im Buddy Dive Resort Bonaire","og_description":"Buchen Sie Ihr Drive & Dive Paket und genie\u00dfen Sie die Vorteile einer Autovermietung im Buddy Dive Resort Bonaire. Buddy Dive hat eine eigene Flotte von zuverl\u00e4ssigen Pick-up-Trucks.","og_url":"https:\/\/buddydive.com\/de\/resort\/autovermietung\/","og_site_name":"Buddy Dive Bonaire","article_publisher":"https:\/\/www.facebook.com\/buddydiveresort","article_modified_time":"2025-06-12T19:46:27+00:00","twitter_card":"summary_large_image","twitter_site":"@buddydive","twitter_misc":{"Gesch\u00e4tzte Lesezeit":"2\u00a0Minuten"},"schema":{"@context":"https:\/\/schema.org","@graph":[{"@type":"WebPage","@id":"https:\/\/buddydive.com\/de\/resort\/autovermietung\/","url":"https:\/\/buddydive.com\/de\/resort\/autovermietung\/","name":"Der beste Mietwagenverleih auf Bonaire im Buddy Dive Resort Bonaire","isPartOf":{"@id":"https:\/\/buddydive.com\/de\/#website"},"datePublished":"2020-01-09T19:39:33+00:00","dateModified":"2025-06-12T19:46:27+00:00","description":"Buchen Sie Ihr Drive & Dive Paket und genie\u00dfen Sie die Vorteile einer Autovermietung im Buddy Dive Resort Bonaire. Buddy Dive hat eine eigene Flotte von zuverl\u00e4ssigen Pick-up-Trucks.","breadcrumb":{"@id":"https:\/\/buddydive.com\/de\/resort\/autovermietung\/#breadcrumb"},"inLanguage":"de","potentialAction":[{"@type":"ReadAction","target":["https:\/\/buddydive.com\/de\/resort\/autovermietung\/"]}]},{"@type":"BreadcrumbList","@id":"https:\/\/buddydive.com\/de\/resort\/autovermietung\/#breadcrumb","itemListElement":[{"@type":"ListItem","position":1,"name":"Home","item":"https:\/\/buddydive.com\/de\/"},{"@type":"ListItem","position":2,"name":"Resort","item":"https:\/\/buddydive.com\/de\/resort\/"},{"@type":"ListItem","position":3,"name":"Autovermietung"}]},{"@type":"WebSite","@id":"https:\/\/buddydive.com\/de\/#website","url":"https:\/\/buddydive.com\/de\/","name":"Buddy Dive Bonaire","description":"My WordPress Blog","potentialAction":[{"@type":"SearchAction","target":{"@type":"EntryPoint","urlTemplate":"https:\/\/buddydive.com\/de\/?s={search_term_string}"},"query-input":{"@type":"PropertyValueSpecification","valueRequired":true,"valueName":"search_term_string"}}],"inLanguage":"de"}]}},"_links":{"self":[{"href":"https:\/\/buddydive.com\/de\/wp-json\/wp\/v2\/pages\/5246","targetHints":{"allow":["GET"]}}],"collection":[{"href":"https:\/\/buddydive.com\/de\/wp-json\/wp\/v2\/pages"}],"about":[{"href":"https:\/\/buddydive.com\/de\/wp-json\/wp\/v2\/types\/page"}],"author":[{"embeddable":true,"href":"https:\/\/buddydive.com\/de\/wp-json\/wp\/v2\/users\/1"}],"replies":[{"embeddable":true,"href":"https:\/\/buddydive.com\/de\/wp-json\/wp\/v2\/comments?post=5246"}],"version-history":[{"count":24,"href":"https:\/\/buddydive.com\/de\/wp-json\/wp\/v2\/pages\/5246\/revisions"}],"predecessor-version":[{"id":32003,"href":"https:\/\/buddydive.com\/de\/wp-json\/wp\/v2\/pages\/5246\/revisions\/32003"}],"up":[{"embeddable":true,"href":"https:\/\/buddydive.com\/de\/wp-json\/wp\/v2\/pages\/5127"}],"wp:attachment":[{"href":"https:\/\/buddydive.com\/de\/wp-json\/wp\/v2\/media?parent=5246"}],"curies":[{"name":"wp","href":"https:\/\/api.w.org\/{rel}","templated":true}]}}