{"id":5155,"date":"2020-01-08T22:28:35","date_gmt":"2020-01-08T22:28:35","guid":{"rendered":"https:\/\/buddydive.com\/?page_id=5155"},"modified":"2025-06-12T19:36:57","modified_gmt":"2025-06-12T19:36:57","slug":"restaurants-bar","status":"publish","type":"page","link":"https:\/\/buddydive.com\/de\/resort\/restaurants-bar\/","title":{"rendered":"Blennies Restaurant &#038; Bar"},"content":{"rendered":"<div class=\"wpb-content-wrapper\">[vc_row][vc_column width=&#8220;1\/6&#8243;][\/vc_column][vc_column width=&#8220;2\/3&#8243;][vc_column_text]\n<h1 class=\"text-uppercase\"><small>Zur\u00fccklehnen und entspannen im <\/small><strong>Blennies Restaurant <\/strong><\/h1>\n<p><strong>Wo gro\u00dfartiges Essen auf einen atemberaubenden Meerblick trifft<\/strong><\/p>\n<p>Tr\u00e4umen Sie von einem perfekten Strandaufenthalt auf der wundersch\u00f6nen Insel Bonaire? Suchen Sie nicht weiter, das Blennies Restaurant ist Ihr Tor zur Entspannung, zu k\u00f6stlichem Essen und atemberaubenden Aussichten. Egal, ob Sie im Buddy Dive Resort wohnen oder die Insel nur besuchen, Blennies ist der richtige Ort f\u00fcr ein unvergessliches Erlebnis.<\/p>\n<p><strong>Ein St\u00fcck vom Paradies<\/strong><\/p>\n<p>Das Blennies Restaurant liegt direkt am Strand des Buddy Dive Resorts und bietet ein St\u00fcck vom Paradies, das f\u00fcr jeden zug\u00e4nglich ist. An unserem unber\u00fchrten Strand mit seinen bequemen Liegen k\u00f6nnen Sie die karibische Sonne genie\u00dfen, ein k\u00fchles Getr\u00e4nk zu sich nehmen und die ruhige Umgebung auf sich wirken lassen. Unser Pool am Strand verleiht Ihrem Tag der Entspannung einen zus\u00e4tzlichen Hauch von Luxus.<\/p>\n<p><strong>Das kulinarische Erlebnis<\/strong><\/p>\n<p>Das Blennies ist nicht nur ein Fest f\u00fcr die Augen, sondern auch f\u00fcr Ihren Gaumen. Wir sind stolz darauf, eine k\u00f6stliche Mischung aus internationalen und lokalen Gerichten zu servieren, die jede Mahlzeit zu einem Fest werden lassen. Egal, ob Sie zum Mittag- oder Abendessen kommen, unsere Speisekarte bietet eine Vielzahl von Optionen, um Ihre Gel\u00fcste zu stillen.<\/p>\n<ul>\n<li><strong>Mittagessen<\/strong>: Von 11:00 bis 17:00 Uhr k\u00f6nnen Sie unsere Auswahl an frischen Salaten, Sandwiches, Burgern und k\u00f6stlichen Fruchtshakes genie\u00dfen. Genie\u00dfen Sie Ihre Mahlzeit, w\u00e4hrend Sie das Treiben auf dem Tauchsteg unter Ihnen beobachten.<\/li>\n<li><strong>Abendessen<\/strong>: Von 18:00 bis 22:00 Uhr k\u00f6nnen Sie aus unseren Tagesgerichten oder unserem \u00e0 la carte Men\u00fc w\u00e4hlen. Ein Abendessen unter dem Sternenhimmel im Blennies ist ein ganz besonderes Erlebnis.<\/li>\n<\/ul>\n<p>Sehen Sie sich unsere Speisekarte an und w\u00e4hlen Sie Ihr Lieblingsgericht![\/vc_column_text][vc_btn title=&#8220;Menu&#8220; color=&#8220;success&#8220; align=&#8220;center&#8220; css=&#8220;&#8220; button_block=&#8220;true&#8220; link=&#8220;url:https%3A%2F%2Fbuddydive.com%2Fwp-content%2Fuploads%2F2024%2F05%2FBlennies-Menu-Square-002.pdf|target:_blank|&#8220;][\/vc_column][vc_column width=&#8220;1\/6&#8243;][\/vc_column][\/vc_row][vc_row][vc_column][vc_images_carousel images=&#8220;29191,10576,19237,10745,10748&#8243; slides_per_view=&#8220;3&#8243; wrap=&#8220;yes&#8220; css=&#8220;&#8220;][vc_empty_space][vc_separator][vc_empty_space][vc_column_text]\n<h2 style=\"text-align: center;\">W\u00f6chentliche Angebote, die Sie nicht verpassen d\u00fcrfen<small>Wir bieten auch spezielle Themenabende an, um Ihr Esserlebnis noch aufregender zu gestalten:<\/small><\/h2>\n[\/vc_column_text][\/vc_column][\/vc_row][vc_row][vc_column][vc_images_carousel images=&#8220;26176,26155,26158,26161,26167,26172&#8243; slides_per_view=&#8220;3&#8243;][\/vc_column][\/vc_row][vc_row][vc_column][vc_column_text]\n<h2 style=\"text-align: center;\">Unser Strandbereich<small>Genie\u00dfen Sie die Sonne, schl\u00fcrfen Sie Cocktails und genie\u00dfen Sie die spektakul\u00e4re Aussicht<\/small><\/h2>\n[\/vc_column_text][vc_images_carousel images=&#8220;24244,24241,24257,24260&#8243; slides_per_view=&#8220;3&#8243; wrap=&#8220;yes&#8220;][\/vc_column][\/vc_row][vc_row][vc_column width=&#8220;1\/2&#8243;][vc_column_text]\n<h3 style=\"text-align: center;\"><strong>\u00d6ffnungszeiten Blennies<\/strong><\/h3>\n<p><\/p>\n<p style=\"text-align: center;\">Mittagessen: 11:00 &#8211; 17:00 Uhr<br \/>\nAbendessen: 18:00 Uhr &#8211; 22:00 Uhr<\/p>\n[\/vc_column_text][\/vc_column][vc_column width=&#8220;1\/2&#8243;][vc_column_text]\n<h3 style=\"text-align: center;\"><strong>Reservierungen Blennies<\/strong><\/h3>\n<p><\/p>\n<p style=\"text-align: center;\">Reservierungen f\u00fcr heute und f\u00fcr mehr als 6 Personen k\u00f6nnen Sie nur telefonisch vornehmen. Bitte denken Sie daran, dass Ihre Reservierung erst dann endg\u00fcltig ist, wenn Sie eine Best\u00e4tigung von uns erhalten haben.<\/p>\n<p><\/p>\n<p style=\"text-align: center;\">+599 717 5080\/+599 789 5080<br \/>\nrestaurantmanager@buddydive.com<\/p>\n[\/vc_column_text][\/vc_column][\/vc_row][vc_row][vc_column][vc_raw_js]JTNDc2NyaXB0JTNFJTIwJTI4ZnVuY3Rpb24lMjAlMjhkJTJDJTIwcyUyQyUyMGlkJTJDJTIwaCUyOSUyMCU3QiUyMHZhciUyMGZ0anMlMjAlM0QlMjBkLmdldEVsZW1lbnRzQnlUYWdOYW1lJTI4cyUyOSU1QjAlNUQlM0IlMjBpZiUyMCUyOGQuZ2V0RWxlbWVudEJ5SWQlMjhpZCUyOSUyOSUyMHJldHVybiUzQiUyMHZhciUyMGpzJTIwJTNEJTIwZC5jcmVhdGVFbGVtZW50JTI4cyUyOSUzQiUyMGpzLmlkJTIwJTNEJTIwaWQlM0IlMjBqcy5zcmMlMjAlM0QlMjAlMjJodHRwcyUzQSUyRiUyRmNkbi5mb3JtaXRhYmxlLmNvbSUyRnNkayUyRnYxJTJGZnQuc2RrLm1pbi5qcyUyMiUzQiUyMGglMjAlMjYlMjYlMjAlMjhqcy5vbmxvYWQlMjAlM0QlMjBoJTI5JTNCJTIwZnRqcy5wYXJlbnROb2RlLmluc2VydEJlZm9yZSUyOGpzJTJDJTIwZnRqcyUyOSUzQiUyMCU3RCUyOGRvY3VtZW50JTJDJTIwJTI3c2NyaXB0JTI3JTJDJTIwJTI3Zm9ybWl0YWJsZS1zZGslMjclMkMlMjBmdW5jdGlvbiUyMCUyOCUyOSUyMCU3QiUyMEZULmxvYWQlMjglMjdBbmFseXRpY3MlMjclMjklM0IlMjAlN0QlMjklMjklM0IlMjAlM0MlMkZzY3JpcHQlM0UlMEElM0NkaXYlMjBjbGFzcyUzRCUyMmZ0LXdpZGdldC1iMiUyMiUyMGRhdGEtcmVzdGF1cmFudCUzRCUyMjkxZDAxZDAxJTIyJTIwZGF0YS1vcGVuJTNEJTIyMTUwMCUyMiUyMGRhdGEtb3Blbi1tb2JpbGUlM0QlMjJmYWxzZSUyMiUyMGRhdGEtY29sb3IlM0QlMjIlMjM0RTY5NDclMjIlMjBkYXRhLWxhbmd1YWdlJTNEJTIyYXV0byUyMiUyMGRhdGEtdGFnJTNEJTIyV2Vic2l0ZSUyMiUyMGRhdGEtdG9vbGJhciUzRCUyMnRydWUlMjIlMjBkYXRhLXRvb2xiYXItbW9iaWxlJTNEJTIydHJ1ZSUyMiUzRSUzQyUyRmRpdiUzRSUwQQ==[\/vc_raw_js][\/vc_column][\/vc_row]\n<\/div>","protected":false},"excerpt":{"rendered":"<p>[vc_row][vc_column width=&#8220;1\/6&#8243;][\/vc_column][vc_column width=&#8220;2\/3&#8243;][vc_column_text] Zur\u00fccklehnen und entspannen im Blennies Restaurant Wo gro\u00dfartiges Essen auf einen atemberaubenden Meerblick trifft Tr\u00e4umen Sie von [&hellip;]<\/p>\n","protected":false},"author":1,"featured_media":0,"parent":5127,"menu_order":0,"comment_status":"closed","ping_status":"closed","template":"","meta":{"footnotes":""},"class_list":["post-5155","page","type-page","status-publish","hentry"],"yoast_head":"<!-- This site is optimized with the Yoast SEO plugin v27.4 - https:\/\/yoast.com\/product\/yoast-seo-wordpress\/ -->\n<title>Bonaire Restaurants &amp; Bars - Buddy Dive Bonaire<\/title>\n<meta name=\"description\" content=\"Mit zwei Bonaire Restaurants vor Ort bietet Buddy Dive f\u00fcr jeden etwas; Fr\u00fchst\u00fcck, Mittagessen, Abendessen oder Getr\u00e4nke, alles mit herrlichem Blick auf das Meer.\" \/>\n<meta name=\"robots\" content=\"index, follow, max-snippet:-1, max-image-preview:large, max-video-preview:-1\" \/>\n<link rel=\"canonical\" href=\"https:\/\/buddydive.com\/de\/resort\/restaurants-bar\/\" \/>\n<meta property=\"og:locale\" content=\"de_DE\" \/>\n<meta property=\"og:type\" content=\"article\" \/>\n<meta property=\"og:title\" content=\"Bonaire Restaurants &amp; Bars - Buddy Dive Bonaire\" \/>\n<meta property=\"og:description\" content=\"Mit zwei Bonaire Restaurants vor Ort bietet Buddy Dive f\u00fcr jeden etwas; Fr\u00fchst\u00fcck, Mittagessen, Abendessen oder Getr\u00e4nke, alles mit herrlichem Blick auf das Meer.\" \/>\n<meta property=\"og:url\" content=\"https:\/\/buddydive.com\/de\/resort\/restaurants-bar\/\" \/>\n<meta property=\"og:site_name\" content=\"Buddy Dive Bonaire\" \/>\n<meta property=\"article:publisher\" content=\"https:\/\/www.facebook.com\/buddydiveresort\" \/>\n<meta property=\"article:modified_time\" content=\"2025-06-12T19:36:57+00:00\" \/>\n<meta name=\"twitter:card\" content=\"summary_large_image\" \/>\n<meta name=\"twitter:site\" content=\"@buddydive\" \/>\n<meta name=\"twitter:label1\" content=\"Gesch\u00e4tzte Lesezeit\" \/>\n\t<meta name=\"twitter:data1\" content=\"3\u00a0Minuten\" \/>\n<script type=\"application\/ld+json\" class=\"yoast-schema-graph\">{\"@context\":\"https:\\\/\\\/schema.org\",\"@graph\":[{\"@type\":\"WebPage\",\"@id\":\"https:\\\/\\\/buddydive.com\\\/de\\\/resort\\\/restaurants-bar\\\/\",\"url\":\"https:\\\/\\\/buddydive.com\\\/de\\\/resort\\\/restaurants-bar\\\/\",\"name\":\"Bonaire Restaurants & Bars - Buddy Dive Bonaire\",\"isPartOf\":{\"@id\":\"https:\\\/\\\/buddydive.com\\\/de\\\/#website\"},\"datePublished\":\"2020-01-08T22:28:35+00:00\",\"dateModified\":\"2025-06-12T19:36:57+00:00\",\"description\":\"Mit zwei Bonaire Restaurants vor Ort bietet Buddy Dive f\u00fcr jeden etwas; Fr\u00fchst\u00fcck, Mittagessen, Abendessen oder Getr\u00e4nke, alles mit herrlichem Blick auf das Meer.\",\"breadcrumb\":{\"@id\":\"https:\\\/\\\/buddydive.com\\\/de\\\/resort\\\/restaurants-bar\\\/#breadcrumb\"},\"inLanguage\":\"de\",\"potentialAction\":[{\"@type\":\"ReadAction\",\"target\":[\"https:\\\/\\\/buddydive.com\\\/de\\\/resort\\\/restaurants-bar\\\/\"]}]},{\"@type\":\"BreadcrumbList\",\"@id\":\"https:\\\/\\\/buddydive.com\\\/de\\\/resort\\\/restaurants-bar\\\/#breadcrumb\",\"itemListElement\":[{\"@type\":\"ListItem\",\"position\":1,\"name\":\"Home\",\"item\":\"https:\\\/\\\/buddydive.com\\\/de\\\/\"},{\"@type\":\"ListItem\",\"position\":2,\"name\":\"Resort\",\"item\":\"https:\\\/\\\/buddydive.com\\\/de\\\/resort\\\/\"},{\"@type\":\"ListItem\",\"position\":3,\"name\":\"Blennies Restaurant &#038; Bar\"}]},{\"@type\":\"WebSite\",\"@id\":\"https:\\\/\\\/buddydive.com\\\/de\\\/#website\",\"url\":\"https:\\\/\\\/buddydive.com\\\/de\\\/\",\"name\":\"Buddy Dive Bonaire\",\"description\":\"My WordPress Blog\",\"potentialAction\":[{\"@type\":\"SearchAction\",\"target\":{\"@type\":\"EntryPoint\",\"urlTemplate\":\"https:\\\/\\\/buddydive.com\\\/de\\\/?s={search_term_string}\"},\"query-input\":{\"@type\":\"PropertyValueSpecification\",\"valueRequired\":true,\"valueName\":\"search_term_string\"}}],\"inLanguage\":\"de\"}]}<\/script>\n<!-- \/ Yoast SEO plugin. -->","yoast_head_json":{"title":"Bonaire Restaurants & Bars - Buddy Dive Bonaire","description":"Mit zwei Bonaire Restaurants vor Ort bietet Buddy Dive f\u00fcr jeden etwas; Fr\u00fchst\u00fcck, Mittagessen, Abendessen oder Getr\u00e4nke, alles mit herrlichem Blick auf das Meer.","robots":{"index":"index","follow":"follow","max-snippet":"max-snippet:-1","max-image-preview":"max-image-preview:large","max-video-preview":"max-video-preview:-1"},"canonical":"https:\/\/buddydive.com\/de\/resort\/restaurants-bar\/","og_locale":"de_DE","og_type":"article","og_title":"Bonaire Restaurants & Bars - Buddy Dive Bonaire","og_description":"Mit zwei Bonaire Restaurants vor Ort bietet Buddy Dive f\u00fcr jeden etwas; Fr\u00fchst\u00fcck, Mittagessen, Abendessen oder Getr\u00e4nke, alles mit herrlichem Blick auf das Meer.","og_url":"https:\/\/buddydive.com\/de\/resort\/restaurants-bar\/","og_site_name":"Buddy Dive Bonaire","article_publisher":"https:\/\/www.facebook.com\/buddydiveresort","article_modified_time":"2025-06-12T19:36:57+00:00","twitter_card":"summary_large_image","twitter_site":"@buddydive","twitter_misc":{"Gesch\u00e4tzte Lesezeit":"3\u00a0Minuten"},"schema":{"@context":"https:\/\/schema.org","@graph":[{"@type":"WebPage","@id":"https:\/\/buddydive.com\/de\/resort\/restaurants-bar\/","url":"https:\/\/buddydive.com\/de\/resort\/restaurants-bar\/","name":"Bonaire Restaurants & Bars - Buddy Dive Bonaire","isPartOf":{"@id":"https:\/\/buddydive.com\/de\/#website"},"datePublished":"2020-01-08T22:28:35+00:00","dateModified":"2025-06-12T19:36:57+00:00","description":"Mit zwei Bonaire Restaurants vor Ort bietet Buddy Dive f\u00fcr jeden etwas; Fr\u00fchst\u00fcck, Mittagessen, Abendessen oder Getr\u00e4nke, alles mit herrlichem Blick auf das Meer.","breadcrumb":{"@id":"https:\/\/buddydive.com\/de\/resort\/restaurants-bar\/#breadcrumb"},"inLanguage":"de","potentialAction":[{"@type":"ReadAction","target":["https:\/\/buddydive.com\/de\/resort\/restaurants-bar\/"]}]},{"@type":"BreadcrumbList","@id":"https:\/\/buddydive.com\/de\/resort\/restaurants-bar\/#breadcrumb","itemListElement":[{"@type":"ListItem","position":1,"name":"Home","item":"https:\/\/buddydive.com\/de\/"},{"@type":"ListItem","position":2,"name":"Resort","item":"https:\/\/buddydive.com\/de\/resort\/"},{"@type":"ListItem","position":3,"name":"Blennies Restaurant &#038; Bar"}]},{"@type":"WebSite","@id":"https:\/\/buddydive.com\/de\/#website","url":"https:\/\/buddydive.com\/de\/","name":"Buddy Dive Bonaire","description":"My WordPress Blog","potentialAction":[{"@type":"SearchAction","target":{"@type":"EntryPoint","urlTemplate":"https:\/\/buddydive.com\/de\/?s={search_term_string}"},"query-input":{"@type":"PropertyValueSpecification","valueRequired":true,"valueName":"search_term_string"}}],"inLanguage":"de"}]}},"_links":{"self":[{"href":"https:\/\/buddydive.com\/de\/wp-json\/wp\/v2\/pages\/5155","targetHints":{"allow":["GET"]}}],"collection":[{"href":"https:\/\/buddydive.com\/de\/wp-json\/wp\/v2\/pages"}],"about":[{"href":"https:\/\/buddydive.com\/de\/wp-json\/wp\/v2\/types\/page"}],"author":[{"embeddable":true,"href":"https:\/\/buddydive.com\/de\/wp-json\/wp\/v2\/users\/1"}],"replies":[{"embeddable":true,"href":"https:\/\/buddydive.com\/de\/wp-json\/wp\/v2\/comments?post=5155"}],"version-history":[{"count":58,"href":"https:\/\/buddydive.com\/de\/wp-json\/wp\/v2\/pages\/5155\/revisions"}],"predecessor-version":[{"id":32001,"href":"https:\/\/buddydive.com\/de\/wp-json\/wp\/v2\/pages\/5155\/revisions\/32001"}],"up":[{"embeddable":true,"href":"https:\/\/buddydive.com\/de\/wp-json\/wp\/v2\/pages\/5127"}],"wp:attachment":[{"href":"https:\/\/buddydive.com\/de\/wp-json\/wp\/v2\/media?parent=5155"}],"curies":[{"name":"wp","href":"https:\/\/api.w.org\/{rel}","templated":true}]}}