{"id":5127,"date":"2020-01-08T22:13:17","date_gmt":"2020-01-08T22:13:17","guid":{"rendered":"https:\/\/buddydive.com\/?page_id=5127"},"modified":"2026-02-19T14:34:04","modified_gmt":"2026-02-19T14:34:04","slug":"resort","status":"publish","type":"page","link":"https:\/\/buddydive.com\/de\/resort\/","title":{"rendered":"Resort"},"content":{"rendered":"<div class=\"wpb-content-wrapper\">[vc_row][vc_column][vc_column_text]\n<h1 class=\"text-uppercase\" style=\"text-align: left;\">Buddy Dive Resort Bonaire<\/h1>\n<p>Buddy Dive befindet sich am Wasser n\u00f6rdlich der Stadt, nur wenige Schritte vom kristallklaren Meer und seinen vielen Tauchpl\u00e4tzen entfernt. Das Resort verf\u00fcgt \u00fcber elf Geb\u00e4ude mit ger\u00e4umigen Studios, Apartments mit einem, zwei und drei Schlafzimmern, ein Full-Service-Tauchcenter, zwei Swimmingpools, zwei Restaurants, eine Fahrzeugvermietung und unsere ber\u00fchmte Durchfahrts-Tankstelle. Egal, ob Sie alleine, zu zweit, mit Freunden und Familie oder mit einer ganzen Gruppe von Tauchfreunden reisen, wir haben die richtige Unterkunft f\u00fcr Sie. Buddy Dive wurde speziell f\u00fcr aktive Menschen entwickelt und wei\u00df genau, was erforderlich ist, damit sich die G\u00e4ste sowohl w\u00e4hrend ihres anstrengenden Tauch- und Erkundungstages als auch danach wohl f\u00fchlen.<\/p>\n<p>F\u00fcr ein Sonnenbad an einem Ort mit der ultimativen Aussicht gibt es keinen besseren Ort als unseren erh\u00f6hten Sandstrand mit Blick auf das klare t\u00fcrkisfarbene Wasser der Karibik. Eine kurze Treppe bietet einfachen Zugang zum ruhigen Meer &#8211; ideal zum Schnorcheln und Schwimmen.<\/p>\n<p>Die intime Gr\u00f6\u00dfe des Resorts und die atemberaubende Aussicht machen es zu einem idealen Ort, um besondere Anl\u00e4sse wie Hochzeiten, Flitterwochen und Jubil\u00e4en zu feiern. Oder um die einfacheren Freuden des Lebens zu feiern, w\u00e4hrend Sie einen lodernden roten Sonnenuntergang oder einen wolkenlosen Mondaufgang beobachten.<\/p>\n<p>Die Familie Van der Valk Bonaire hei\u00dft Sie herzlich willkommen![\/vc_column_text][vc_gallery images=&#8220;5132,5133,5131&#8243; img_size=&#8220;medium&#8220; columns=&#8220;3&#8243;][\/vc_column][\/vc_row][vc_row][vc_column][vc_raw_js]JTNDc2NyaXB0JTIwdHlwZSUzRCUyMnRleHQlMkZqYXZhc2NyaXB0JTIyJTNFJTBBd2luZG93LlRyZW5nbyUyMCUzRCUyMHdpbmRvdy5UcmVuZ28lMjAlN0MlN0MlMjAlN0IlN0QlM0IlMEF3aW5kb3cuVHJlbmdvLmtleSUyMCUzRCUyMCUyN1E5SGI4dlBvS2VnRDFBSSUyNyUzQiUwQSUyOGZ1bmN0aW9uJTI4ZCUyQyUyMHNjcmlwdCUyQyUyMHQlMjklMjAlN0IlMEElMjAlMjAlMjAlMjBzY3JpcHQlMjAlM0QlMjBkLmNyZWF0ZUVsZW1lbnQlMjglMjdzY3JpcHQlMjclMjklM0IlMEElMjAlMjAlMjAlMjBzY3JpcHQudHlwZSUyMCUzRCUyMCUyN3RleHQlMkZqYXZhc2NyaXB0JTI3JTNCJTBBJTIwJTIwJTIwJTIwc2NyaXB0LmFzeW5jJTIwJTNEJTIwdHJ1ZSUzQiUwQSUyMCUyMCUyMCUyMHNjcmlwdC5zcmMlMjAlM0QlMjAlMjdodHRwcyUzQSUyRiUyRnN0YXRpYy53aWRnZXQudHJlbmdvLmV1JTJGZW1iZWQuanMlMjclM0IlMEElMjAlMjAlMjAlMjBkLmdldEVsZW1lbnRzQnlUYWdOYW1lJTI4JTI3aGVhZCUyNyUyOSU1QjAlNUQuYXBwZW5kQ2hpbGQlMjhzY3JpcHQlMjklM0IlMEElN0QlMjhkb2N1bWVudCUyOSUyOSUzQiUwQSUzQyUyRnNjcmlwdCUzRQ==[\/vc_raw_js][\/vc_column][\/vc_row]\n<\/div>","protected":false},"excerpt":{"rendered":"<p>[vc_row][vc_column][vc_column_text] Buddy Dive Resort Bonaire Buddy Dive befindet sich am Wasser n\u00f6rdlich der Stadt, nur wenige Schritte vom kristallklaren Meer [&hellip;]<\/p>\n","protected":false},"author":1,"featured_media":0,"parent":0,"menu_order":0,"comment_status":"open","ping_status":"open","template":"page-templates\/page-left.php","meta":{"footnotes":""},"class_list":["post-5127","page","type-page","status-publish","hentry"],"yoast_head":"<!-- This site is optimized with the Yoast SEO plugin v27.4 - https:\/\/yoast.com\/product\/yoast-seo-wordpress\/ -->\n<title>Buddy Dive Resort Bonaire<\/title>\n<meta name=\"description\" content=\"Das Buddy Dive Resort Bonaire ist ein voll ausgestattetes Tauchresort, das alle Ihre Bed\u00fcrfnisse als Taucher erf\u00fcllt und der Familie Van der Valk Bonaire geh\u00f6rt.\" \/>\n<meta name=\"robots\" content=\"index, follow, max-snippet:-1, max-image-preview:large, max-video-preview:-1\" \/>\n<link rel=\"canonical\" href=\"https:\/\/buddydive.com\/de\/resort\/\" \/>\n<meta property=\"og:locale\" content=\"de_DE\" \/>\n<meta property=\"og:type\" content=\"article\" \/>\n<meta property=\"og:title\" content=\"Buddy Dive Resort Bonaire\" \/>\n<meta property=\"og:description\" content=\"Das Buddy Dive Resort Bonaire ist ein voll ausgestattetes Tauchresort, das alle Ihre Bed\u00fcrfnisse als Taucher erf\u00fcllt und der Familie Van der Valk Bonaire geh\u00f6rt.\" \/>\n<meta property=\"og:url\" content=\"https:\/\/buddydive.com\/de\/resort\/\" \/>\n<meta property=\"og:site_name\" content=\"Buddy Dive Bonaire\" \/>\n<meta property=\"article:publisher\" content=\"https:\/\/www.facebook.com\/buddydiveresort\" \/>\n<meta property=\"article:modified_time\" content=\"2026-02-19T14:34:04+00:00\" \/>\n<meta name=\"twitter:card\" content=\"summary_large_image\" \/>\n<meta name=\"twitter:site\" content=\"@buddydive\" \/>\n<meta name=\"twitter:label1\" content=\"Gesch\u00e4tzte Lesezeit\" \/>\n\t<meta name=\"twitter:data1\" content=\"2\u00a0Minuten\" \/>\n<script type=\"application\/ld+json\" class=\"yoast-schema-graph\">{\"@context\":\"https:\\\/\\\/schema.org\",\"@graph\":[{\"@type\":\"WebPage\",\"@id\":\"https:\\\/\\\/buddydive.com\\\/de\\\/resort\\\/\",\"url\":\"https:\\\/\\\/buddydive.com\\\/de\\\/resort\\\/\",\"name\":\"Buddy Dive Resort Bonaire\",\"isPartOf\":{\"@id\":\"https:\\\/\\\/buddydive.com\\\/de\\\/#website\"},\"datePublished\":\"2020-01-08T22:13:17+00:00\",\"dateModified\":\"2026-02-19T14:34:04+00:00\",\"description\":\"Das Buddy Dive Resort Bonaire ist ein voll ausgestattetes Tauchresort, das alle Ihre Bed\u00fcrfnisse als Taucher erf\u00fcllt und der Familie Van der Valk Bonaire geh\u00f6rt.\",\"breadcrumb\":{\"@id\":\"https:\\\/\\\/buddydive.com\\\/de\\\/resort\\\/#breadcrumb\"},\"inLanguage\":\"de\",\"potentialAction\":[{\"@type\":\"ReadAction\",\"target\":[\"https:\\\/\\\/buddydive.com\\\/de\\\/resort\\\/\"]}]},{\"@type\":\"BreadcrumbList\",\"@id\":\"https:\\\/\\\/buddydive.com\\\/de\\\/resort\\\/#breadcrumb\",\"itemListElement\":[{\"@type\":\"ListItem\",\"position\":1,\"name\":\"Home\",\"item\":\"https:\\\/\\\/buddydive.com\\\/de\\\/\"},{\"@type\":\"ListItem\",\"position\":2,\"name\":\"Resort\"}]},{\"@type\":\"WebSite\",\"@id\":\"https:\\\/\\\/buddydive.com\\\/de\\\/#website\",\"url\":\"https:\\\/\\\/buddydive.com\\\/de\\\/\",\"name\":\"Buddy Dive Bonaire\",\"description\":\"My WordPress Blog\",\"potentialAction\":[{\"@type\":\"SearchAction\",\"target\":{\"@type\":\"EntryPoint\",\"urlTemplate\":\"https:\\\/\\\/buddydive.com\\\/de\\\/?s={search_term_string}\"},\"query-input\":{\"@type\":\"PropertyValueSpecification\",\"valueRequired\":true,\"valueName\":\"search_term_string\"}}],\"inLanguage\":\"de\"}]}<\/script>\n<!-- \/ Yoast SEO plugin. -->","yoast_head_json":{"title":"Buddy Dive Resort Bonaire","description":"Das Buddy Dive Resort Bonaire ist ein voll ausgestattetes Tauchresort, das alle Ihre Bed\u00fcrfnisse als Taucher erf\u00fcllt und der Familie Van der Valk Bonaire geh\u00f6rt.","robots":{"index":"index","follow":"follow","max-snippet":"max-snippet:-1","max-image-preview":"max-image-preview:large","max-video-preview":"max-video-preview:-1"},"canonical":"https:\/\/buddydive.com\/de\/resort\/","og_locale":"de_DE","og_type":"article","og_title":"Buddy Dive Resort Bonaire","og_description":"Das Buddy Dive Resort Bonaire ist ein voll ausgestattetes Tauchresort, das alle Ihre Bed\u00fcrfnisse als Taucher erf\u00fcllt und der Familie Van der Valk Bonaire geh\u00f6rt.","og_url":"https:\/\/buddydive.com\/de\/resort\/","og_site_name":"Buddy Dive Bonaire","article_publisher":"https:\/\/www.facebook.com\/buddydiveresort","article_modified_time":"2026-02-19T14:34:04+00:00","twitter_card":"summary_large_image","twitter_site":"@buddydive","twitter_misc":{"Gesch\u00e4tzte Lesezeit":"2\u00a0Minuten"},"schema":{"@context":"https:\/\/schema.org","@graph":[{"@type":"WebPage","@id":"https:\/\/buddydive.com\/de\/resort\/","url":"https:\/\/buddydive.com\/de\/resort\/","name":"Buddy Dive Resort Bonaire","isPartOf":{"@id":"https:\/\/buddydive.com\/de\/#website"},"datePublished":"2020-01-08T22:13:17+00:00","dateModified":"2026-02-19T14:34:04+00:00","description":"Das Buddy Dive Resort Bonaire ist ein voll ausgestattetes Tauchresort, das alle Ihre Bed\u00fcrfnisse als Taucher erf\u00fcllt und der Familie Van der Valk Bonaire geh\u00f6rt.","breadcrumb":{"@id":"https:\/\/buddydive.com\/de\/resort\/#breadcrumb"},"inLanguage":"de","potentialAction":[{"@type":"ReadAction","target":["https:\/\/buddydive.com\/de\/resort\/"]}]},{"@type":"BreadcrumbList","@id":"https:\/\/buddydive.com\/de\/resort\/#breadcrumb","itemListElement":[{"@type":"ListItem","position":1,"name":"Home","item":"https:\/\/buddydive.com\/de\/"},{"@type":"ListItem","position":2,"name":"Resort"}]},{"@type":"WebSite","@id":"https:\/\/buddydive.com\/de\/#website","url":"https:\/\/buddydive.com\/de\/","name":"Buddy Dive Bonaire","description":"My WordPress Blog","potentialAction":[{"@type":"SearchAction","target":{"@type":"EntryPoint","urlTemplate":"https:\/\/buddydive.com\/de\/?s={search_term_string}"},"query-input":{"@type":"PropertyValueSpecification","valueRequired":true,"valueName":"search_term_string"}}],"inLanguage":"de"}]}},"_links":{"self":[{"href":"https:\/\/buddydive.com\/de\/wp-json\/wp\/v2\/pages\/5127","targetHints":{"allow":["GET"]}}],"collection":[{"href":"https:\/\/buddydive.com\/de\/wp-json\/wp\/v2\/pages"}],"about":[{"href":"https:\/\/buddydive.com\/de\/wp-json\/wp\/v2\/types\/page"}],"author":[{"embeddable":true,"href":"https:\/\/buddydive.com\/de\/wp-json\/wp\/v2\/users\/1"}],"replies":[{"embeddable":true,"href":"https:\/\/buddydive.com\/de\/wp-json\/wp\/v2\/comments?post=5127"}],"version-history":[{"count":15,"href":"https:\/\/buddydive.com\/de\/wp-json\/wp\/v2\/pages\/5127\/revisions"}],"predecessor-version":[{"id":37103,"href":"https:\/\/buddydive.com\/de\/wp-json\/wp\/v2\/pages\/5127\/revisions\/37103"}],"wp:attachment":[{"href":"https:\/\/buddydive.com\/de\/wp-json\/wp\/v2\/media?parent=5127"}],"curies":[{"name":"wp","href":"https:\/\/api.w.org\/{rel}","templated":true}]}}