{"id":4390,"date":"2019-08-05T14:57:49","date_gmt":"2019-08-05T14:57:49","guid":{"rendered":"https:\/\/buddydive.com\/kids-diving\/"},"modified":"2026-02-09T17:25:58","modified_gmt":"2026-02-09T17:25:58","slug":"tauchen-fur-kinder","status":"publish","type":"page","link":"https:\/\/buddydive.com\/de\/tauchen\/tauchen-fur-kinder\/","title":{"rendered":"Tauchen f\u00fcr Kinder"},"content":{"rendered":"<div class=\"wpb-content-wrapper\">[vc_row][vc_column width=&#8220;2\/3&#8243;][vc_column_text]\n<h1 class=\"text-uppercase\" style=\"text-align: center;\"><small>Gl\u00fcckliche Kinder, Gl\u00fcckliche Eltern<\/small>Tauchen Lernen<\/h1>\n<p>Bei Buddy Dive hei\u00dfen wir Sie und Ihre Kinder willkommen. Unser Resort ist der perfekte Ort f\u00fcr einen unterhaltsamen und entspannten Familienurlaub! Lassen Sie Ihr Kind die sch\u00f6nen Riffe und das Meeresleben mit einem unterhaltsamen Programm erkunden, w\u00e4hrend Sie tauchen, schnorcheln oder einfach nur entspannen.<\/p>\n<p>Mit dem Buddy Kids Club und der SASY-Ausr\u00fcstung erh\u00e4lt Ihr Kind auf spielerische und lehrreiche Weise den ersten Einstieg in das Tauchen &amp; die Unterwasserwelt.[\/vc_column_text][vc_column_text]\n<h2 style=\"text-align: center;\">VERF\u00dcGBARE PROGRAMME PRO ALTER<\/h2>\n[\/vc_column_text][vc_single_image image=&#8220;17176&#8243; img_size=&#8220;full&#8220; alignment=&#8220;center&#8220;][vc_tta_tabs active_section=&#8220;1&#8243;][vc_tta_section title=&#8220;Buddy Kids Club&#8220; tab_id=&#8220;1741784419538-4158829b-c205&#8243;][vc_column_text css=&#8220;&#8220;]Alter: 5\u201310 Jahre<\/p>\n<p>Vormittagsprogramm: Schnorcheln lernen, die SASY-Ausr\u00fcstung benutzen und mehr \u00fcber Fische und die Unterwasserwelt erfahren.<\/p>\n<p>Mindestens 2 Kinder sind erforderlich.<\/p>\n<p><strong>Check it out:<\/strong> <span style=\"color: #ff6600;\"><a style=\"color: #ff6600;\" href=\"https:\/\/buddydive.com\/de\/tauchen\/tauchkurse\/#1568921395850-cd223080-f260\">here<\/a><\/span>[\/vc_column_text][\/vc_tta_section][vc_tta_section title=&#8220;SASY&#8220; tab_id=&#8220;1741785244855-8468486c-8f1f&#8220;][vc_column_text css=&#8220;&#8220;]Alter: 5\u201310 Jahre<\/p>\n<p>\u201eSchnorcheln mit Luftzufuhr f\u00fcr Jugendliche\u201c \u2013 Schnorcheln mit Tauchausr\u00fcstung statt Schnorchel.<\/p>\n<p>Mindestens 2 Teilnehmer (Kinder).<\/p>\n<p><strong>Check it out:<\/strong> <span style=\"color: #ff6600;\"><a style=\"color: #ff6600;\" href=\"https:\/\/buddydive.com\/de\/tauchen\/tauchkurse\/#1568921634556-67c2a7fe-e317\">here<\/a><\/span>[\/vc_column_text][\/vc_tta_section][vc_tta_section title=&#8220;PADI Seal Team&#8220; tab_id=&#8220;1741784419538-08dde84c-2c58&#8243;][vc_column_text css=&#8220;&#8220;]Alter: 8\u201310 Jahre<\/p>\n<p>Einf\u00fchrung in die Grundfertigkeiten des Ger\u00e4tetauchens mit \u201eAqua Missions\u201c<\/p>\n<p>Mindestens 2 Teilnehmer (Kinder) erforderlich.<\/p>\n<p><strong>Check it out:<\/strong> <span style=\"color: #ff6600;\"><a style=\"color: #ff6600;\" href=\"https:\/\/buddydive.com\/de\/tauchen\/tauchkurse\/#1568921395930-0b17bc81-321e\">here<\/a><\/span>[\/vc_column_text][\/vc_tta_section][vc_tta_section title=&#8220;PADI Bubblemaker&#8220; tab_id=&#8220;1741785828433-eaf085c4-0bfe&#8220;][vc_column_text css=&#8220;&#8220;]Alter: 8\u201310 Jahre<\/p>\n<p>Entdecke das Tauchen mit Tauchausr\u00fcstung und atme Luftblasen im flachen Wasser.<\/p>\n<p><strong>Check it out:<\/strong> <span style=\"color: #ff6600;\"><a style=\"color: #ff6600;\" href=\"https:\/\/buddydive.com\/de\/tauchen\/tauchkurse\/#1568921677874-4f37223d-4d31\">here<\/a><\/span>[\/vc_column_text][\/vc_tta_section][vc_tta_section title=&#8220;Junior PADI Kurse&#8220; tab_id=&#8220;1741785834511-e8acf49c-30fb&#8220;][vc_column_text css=&#8220;&#8220;]Alter: 10\u201315 Jahre<\/p>\n<p>Freiwassertauchen<\/p>\n<p><strong>Check out:<\/strong> <span style=\"color: #ff6600;\"><a style=\"color: #ff6600;\" href=\"https:\/\/buddydive.com\/de\/tauchen\/tauchkurse\/#1634306482430-bb4c3342-bcf7\">here<\/a><\/span>[\/vc_column_text][\/vc_tta_section][\/vc_tta_tabs][\/vc_column][vc_column width=&#8220;1\/3&#8243;][vc_images_carousel images=&#8220;5554,5555,5117&#8243;][\/vc_column][\/vc_row][vc_row full_width=&#8220;stretch_row&#8220; curly_bg_repeat=&#8220;bg-no-repeat&#8220; curly_bg_position=&#8220;bg-pos-right-center&#8220; css=&#8220;.vc_custom_1568656903078{background-image: url(https:\/\/buddydive.com\/wp-content\/uploads\/2019\/09\/Kids-small.png?id=3829) !important;background-position: center !important;background-repeat: no-repeat !important;background-size: cover !important;}&#8220;][vc_column width=&#8220;1\/2&#8243;][vc_column_text]\n<h2 class=\"text-uppercase\"><small>Eine Woche, an die man sich f\u00fcr immer erinnern sollte!<\/small>Kids Sea Camp<\/h2>\n<p>Buddy Dive veranstaltet jedes Jahr mehrere Kids Sea Camp-Wochen. Wochen, in denen unterhaltsame und lehrreiche Tauchveranstaltungen kombiniert werden, was zu einem ausgewogenen, unvergesslichen Familien-Tauchurlaub f\u00fchrt.<\/p>\n<p><img loading=\"lazy\" decoding=\"async\" class=\"alignleft wp-image-3839\" src=\"https:\/\/buddydive.com\/wp-content\/uploads\/2019\/09\/Ksc-logo.png\" alt=\"\" width=\"120\" height=\"78\" \/>[\/vc_column_text][vc_btn title=&#8220;Weiterlesen&#8220; link=&#8220;url:https%3A%2F%2Fbuddydive.com%2Fde%2Ftauchen%2Ftauchen-fur-kinder%2F|target:%20_blank|&#8220;][\/vc_column][vc_column width=&#8220;1\/2&#8243;][\/vc_column][\/vc_row][vc_row][vc_column][vc_video link=&#8220;https:\/\/www.youtube.com\/watch?v=0UNdr1EFdQE&#8220; align=&#8220;center&#8220; title=&#8220;Kinder Tauchen bei Buddy Dive Bonaire&#8220;][\/vc_column][\/vc_row][vc_row][vc_column][vc_column_text]<em>Als PADI 5-Sterne Tauchzentrum sind wir an bestimmte Regeln und Vorschriften f\u00fcr die Sicherheit Ihrer Kinder gebunden. Uns sind diese Regeln und Vorschriften sehr wichtig, weshalb wir keine Ausnahmen machen k\u00f6nnen. Zudem setzen alle Aktivit\u00e4ten die Absegnung der Eltern voraus.<\/em><\/p>\n<p><em><strong>PADI Regeln &amp; Vorschriften:<\/strong><\/em><\/p>\n<ul>\n<li><em>Kinder unter 8 Jahren d\u00fcrfen nicht unter Wasser gehen.<\/em><\/li>\n<li><em>Kinder von 8 bis 10 Jahre d\u00fcrfen unter Wasser gehen, aber nicht tiefer als 6ft (2m) im offenen Wasser\/Meer.<\/em><\/li>\n<li><em>Kinder im Alter von 10-11, die die PADI Jr. Open Water Zertifizierung absolvieren, d\u00fcrfen bis zu 40ft (12m) tauchen, und nur in Begleitung eines zertifizierten Elternteils oder eines professionellen Tauchers.<\/em><\/li>\n<li><em>Kinder im Alter von 12-15, die PADI Jr. Open Water zertifiziert sind, d\u00fcrfen bis zu 60ft (18m) tauchen, was der gew\u00f6hnlichen Tiefe einer Open Water Zertifizierung entspricht, ben\u00f6tigen aber einen vollj\u00e4hrigen Tauchpartner.<\/em><\/li>\n<li><em>Kinder von bis zu 16 Jahren d\u00fcrfen nicht unbeaufsichtigt tauchen und ben\u00f6tigen einen vollj\u00e4hrigen Tauchpartner, selbst wenn sie als Junior Open Water Taucher zertifiziert sind.<\/em><\/li>\n<li><em>Das PADI Seal Team ist eine PADI Zertifizierung, aber dies bedeutet nicht, dass Ihre Kinder alleine oder in Begleitung eines Erwachsenen tauchen d\u00fcrfen<\/em><\/li>\n<li><em>Kinder \u00e4lter als 16 sind dazu berechtigt, an den regul\u00e4ren PADI Tauchkursen teilzunehmen und k\u00f6nnen ohne einen vollj\u00e4hrigen Tauchpartner tauchen.<\/em><\/li>\n<\/ul>\n[\/vc_column_text][\/vc_column][\/vc_row][vc_row][vc_column][vc_raw_js]JTNDc2NyaXB0JTIwdHlwZSUzRCUyMnRleHQlMkZqYXZhc2NyaXB0JTIyJTNFJTBBd2luZG93LlRyZW5nbyUyMCUzRCUyMHdpbmRvdy5UcmVuZ28lMjAlN0MlN0MlMjAlN0IlN0QlM0IlMEF3aW5kb3cuVHJlbmdvLmtleSUyMCUzRCUyMCUyN1E5SGI4dlBvS2VnRDFBSSUyNyUzQiUwQSUyOGZ1bmN0aW9uJTI4ZCUyQyUyMHNjcmlwdCUyQyUyMHQlMjklMjAlN0IlMEElMjAlMjAlMjAlMjBzY3JpcHQlMjAlM0QlMjBkLmNyZWF0ZUVsZW1lbnQlMjglMjdzY3JpcHQlMjclMjklM0IlMEElMjAlMjAlMjAlMjBzY3JpcHQudHlwZSUyMCUzRCUyMCUyN3RleHQlMkZqYXZhc2NyaXB0JTI3JTNCJTBBJTIwJTIwJTIwJTIwc2NyaXB0LmFzeW5jJTIwJTNEJTIwdHJ1ZSUzQiUwQSUyMCUyMCUyMCUyMHNjcmlwdC5zcmMlMjAlM0QlMjAlMjdodHRwcyUzQSUyRiUyRnN0YXRpYy53aWRnZXQudHJlbmdvLmV1JTJGZW1iZWQuanMlMjclM0IlMEElMjAlMjAlMjAlMjBkLmdldEVsZW1lbnRzQnlUYWdOYW1lJTI4JTI3aGVhZCUyNyUyOSU1QjAlNUQuYXBwZW5kQ2hpbGQlMjhzY3JpcHQlMjklM0IlMEElN0QlMjhkb2N1bWVudCUyOSUyOSUzQiUwQSUzQyUyRnNjcmlwdCUzRQ==[\/vc_raw_js][\/vc_column][\/vc_row]\n<\/div>","protected":false},"excerpt":{"rendered":"<p>[vc_row][vc_column width=&#8220;2\/3&#8243;][vc_column_text] Gl\u00fcckliche Kinder, Gl\u00fcckliche ElternTauchen Lernen Bei Buddy Dive hei\u00dfen wir Sie und Ihre Kinder willkommen. Unser Resort ist [&hellip;]<\/p>\n","protected":false},"author":1,"featured_media":0,"parent":5274,"menu_order":0,"comment_status":"closed","ping_status":"closed","template":"","meta":{"footnotes":""},"class_list":["post-4390","page","type-page","status-publish","hentry"],"yoast_head":"<!-- This site is optimized with the Yoast SEO plugin v27.0 - https:\/\/yoast.com\/product\/yoast-seo-wordpress\/ -->\n<title>Tauchen f\u00fcr Kinder Bonaire - Buddy Dive Resort Bonaire<\/title>\n<meta name=\"description\" content=\"Bei Buddy Dive begr\u00fc\u00dfen wir Sie und Ihre Kinder. Wir werden Ihren Kindern Schnorcheln und Tauchen mit einem unserer Kinder Bonaire Programme vorstellen. Weiterlesen.\" \/>\n<meta name=\"robots\" content=\"index, follow, max-snippet:-1, max-image-preview:large, max-video-preview:-1\" \/>\n<link rel=\"canonical\" href=\"https:\/\/buddydive.com\/de\/tauchen\/tauchen-fur-kinder\/\" \/>\n<meta property=\"og:locale\" content=\"de_DE\" \/>\n<meta property=\"og:type\" content=\"article\" \/>\n<meta property=\"og:title\" content=\"Tauchen f\u00fcr Kinder Bonaire - Buddy Dive Resort Bonaire\" \/>\n<meta property=\"og:description\" content=\"Bei Buddy Dive begr\u00fc\u00dfen wir Sie und Ihre Kinder. Wir werden Ihren Kindern Schnorcheln und Tauchen mit einem unserer Kinder Bonaire Programme vorstellen. Weiterlesen.\" \/>\n<meta property=\"og:url\" content=\"https:\/\/buddydive.com\/de\/tauchen\/tauchen-fur-kinder\/\" \/>\n<meta property=\"og:site_name\" content=\"Buddy Dive Bonaire\" \/>\n<meta property=\"article:publisher\" content=\"https:\/\/www.facebook.com\/buddydiveresort\" \/>\n<meta property=\"article:modified_time\" content=\"2026-02-09T17:25:58+00:00\" \/>\n<meta property=\"og:image\" content=\"https:\/\/buddydive.com\/wp-content\/uploads\/2019\/09\/Ksc-logo.png\" \/>\n\t<meta property=\"og:image:width\" content=\"254\" \/>\n\t<meta property=\"og:image:height\" content=\"166\" \/>\n\t<meta property=\"og:image:type\" content=\"image\/png\" \/>\n<meta name=\"twitter:card\" content=\"summary_large_image\" \/>\n<meta name=\"twitter:site\" content=\"@buddydive\" \/>\n<meta name=\"twitter:label1\" content=\"Gesch\u00e4tzte Lesezeit\" \/>\n\t<meta name=\"twitter:data1\" content=\"4\u00a0Minuten\" \/>\n<script type=\"application\/ld+json\" class=\"yoast-schema-graph\">{\"@context\":\"https:\/\/schema.org\",\"@graph\":[{\"@type\":\"WebPage\",\"@id\":\"https:\/\/buddydive.com\/de\/tauchen\/tauchen-fur-kinder\/\",\"url\":\"https:\/\/buddydive.com\/de\/tauchen\/tauchen-fur-kinder\/\",\"name\":\"Tauchen f\u00fcr Kinder Bonaire - Buddy Dive Resort Bonaire\",\"isPartOf\":{\"@id\":\"https:\/\/buddydive.com\/de\/#website\"},\"primaryImageOfPage\":{\"@id\":\"https:\/\/buddydive.com\/de\/tauchen\/tauchen-fur-kinder\/#primaryimage\"},\"image\":{\"@id\":\"https:\/\/buddydive.com\/de\/tauchen\/tauchen-fur-kinder\/#primaryimage\"},\"thumbnailUrl\":\"https:\/\/buddydive.com\/wp-content\/uploads\/2019\/09\/Ksc-logo.png\",\"datePublished\":\"2019-08-05T14:57:49+00:00\",\"dateModified\":\"2026-02-09T17:25:58+00:00\",\"description\":\"Bei Buddy Dive begr\u00fc\u00dfen wir Sie und Ihre Kinder. Wir werden Ihren Kindern Schnorcheln und Tauchen mit einem unserer Kinder Bonaire Programme vorstellen. Weiterlesen.\",\"breadcrumb\":{\"@id\":\"https:\/\/buddydive.com\/de\/tauchen\/tauchen-fur-kinder\/#breadcrumb\"},\"inLanguage\":\"de\",\"potentialAction\":[{\"@type\":\"ReadAction\",\"target\":[\"https:\/\/buddydive.com\/de\/tauchen\/tauchen-fur-kinder\/\"]}]},{\"@type\":\"ImageObject\",\"inLanguage\":\"de\",\"@id\":\"https:\/\/buddydive.com\/de\/tauchen\/tauchen-fur-kinder\/#primaryimage\",\"url\":\"https:\/\/buddydive.com\/wp-content\/uploads\/2019\/09\/Ksc-logo.png\",\"contentUrl\":\"https:\/\/buddydive.com\/wp-content\/uploads\/2019\/09\/Ksc-logo.png\"},{\"@type\":\"BreadcrumbList\",\"@id\":\"https:\/\/buddydive.com\/de\/tauchen\/tauchen-fur-kinder\/#breadcrumb\",\"itemListElement\":[{\"@type\":\"ListItem\",\"position\":1,\"name\":\"Home\",\"item\":\"https:\/\/buddydive.com\/de\/\"},{\"@type\":\"ListItem\",\"position\":2,\"name\":\"Tauchen\",\"item\":\"https:\/\/buddydive.com\/de\/diving\/\"},{\"@type\":\"ListItem\",\"position\":3,\"name\":\"Tauchen f\u00fcr Kinder\"}]},{\"@type\":\"WebSite\",\"@id\":\"https:\/\/buddydive.com\/de\/#website\",\"url\":\"https:\/\/buddydive.com\/de\/\",\"name\":\"Buddy Dive Bonaire\",\"description\":\"My WordPress Blog\",\"potentialAction\":[{\"@type\":\"SearchAction\",\"target\":{\"@type\":\"EntryPoint\",\"urlTemplate\":\"https:\/\/buddydive.com\/de\/?s={search_term_string}\"},\"query-input\":{\"@type\":\"PropertyValueSpecification\",\"valueRequired\":true,\"valueName\":\"search_term_string\"}}],\"inLanguage\":\"de\"}]}<\/script>\n<!-- \/ Yoast SEO plugin. -->","yoast_head_json":{"title":"Tauchen f\u00fcr Kinder Bonaire - Buddy Dive Resort Bonaire","description":"Bei Buddy Dive begr\u00fc\u00dfen wir Sie und Ihre Kinder. Wir werden Ihren Kindern Schnorcheln und Tauchen mit einem unserer Kinder Bonaire Programme vorstellen. Weiterlesen.","robots":{"index":"index","follow":"follow","max-snippet":"max-snippet:-1","max-image-preview":"max-image-preview:large","max-video-preview":"max-video-preview:-1"},"canonical":"https:\/\/buddydive.com\/de\/tauchen\/tauchen-fur-kinder\/","og_locale":"de_DE","og_type":"article","og_title":"Tauchen f\u00fcr Kinder Bonaire - Buddy Dive Resort Bonaire","og_description":"Bei Buddy Dive begr\u00fc\u00dfen wir Sie und Ihre Kinder. Wir werden Ihren Kindern Schnorcheln und Tauchen mit einem unserer Kinder Bonaire Programme vorstellen. Weiterlesen.","og_url":"https:\/\/buddydive.com\/de\/tauchen\/tauchen-fur-kinder\/","og_site_name":"Buddy Dive Bonaire","article_publisher":"https:\/\/www.facebook.com\/buddydiveresort","article_modified_time":"2026-02-09T17:25:58+00:00","og_image":[{"width":254,"height":166,"url":"https:\/\/buddydive.com\/wp-content\/uploads\/2019\/09\/Ksc-logo.png","type":"image\/png"}],"twitter_card":"summary_large_image","twitter_site":"@buddydive","twitter_misc":{"Gesch\u00e4tzte Lesezeit":"4\u00a0Minuten"},"schema":{"@context":"https:\/\/schema.org","@graph":[{"@type":"WebPage","@id":"https:\/\/buddydive.com\/de\/tauchen\/tauchen-fur-kinder\/","url":"https:\/\/buddydive.com\/de\/tauchen\/tauchen-fur-kinder\/","name":"Tauchen f\u00fcr Kinder Bonaire - Buddy Dive Resort Bonaire","isPartOf":{"@id":"https:\/\/buddydive.com\/de\/#website"},"primaryImageOfPage":{"@id":"https:\/\/buddydive.com\/de\/tauchen\/tauchen-fur-kinder\/#primaryimage"},"image":{"@id":"https:\/\/buddydive.com\/de\/tauchen\/tauchen-fur-kinder\/#primaryimage"},"thumbnailUrl":"https:\/\/buddydive.com\/wp-content\/uploads\/2019\/09\/Ksc-logo.png","datePublished":"2019-08-05T14:57:49+00:00","dateModified":"2026-02-09T17:25:58+00:00","description":"Bei Buddy Dive begr\u00fc\u00dfen wir Sie und Ihre Kinder. Wir werden Ihren Kindern Schnorcheln und Tauchen mit einem unserer Kinder Bonaire Programme vorstellen. Weiterlesen.","breadcrumb":{"@id":"https:\/\/buddydive.com\/de\/tauchen\/tauchen-fur-kinder\/#breadcrumb"},"inLanguage":"de","potentialAction":[{"@type":"ReadAction","target":["https:\/\/buddydive.com\/de\/tauchen\/tauchen-fur-kinder\/"]}]},{"@type":"ImageObject","inLanguage":"de","@id":"https:\/\/buddydive.com\/de\/tauchen\/tauchen-fur-kinder\/#primaryimage","url":"https:\/\/buddydive.com\/wp-content\/uploads\/2019\/09\/Ksc-logo.png","contentUrl":"https:\/\/buddydive.com\/wp-content\/uploads\/2019\/09\/Ksc-logo.png"},{"@type":"BreadcrumbList","@id":"https:\/\/buddydive.com\/de\/tauchen\/tauchen-fur-kinder\/#breadcrumb","itemListElement":[{"@type":"ListItem","position":1,"name":"Home","item":"https:\/\/buddydive.com\/de\/"},{"@type":"ListItem","position":2,"name":"Tauchen","item":"https:\/\/buddydive.com\/de\/diving\/"},{"@type":"ListItem","position":3,"name":"Tauchen f\u00fcr Kinder"}]},{"@type":"WebSite","@id":"https:\/\/buddydive.com\/de\/#website","url":"https:\/\/buddydive.com\/de\/","name":"Buddy Dive Bonaire","description":"My WordPress Blog","potentialAction":[{"@type":"SearchAction","target":{"@type":"EntryPoint","urlTemplate":"https:\/\/buddydive.com\/de\/?s={search_term_string}"},"query-input":{"@type":"PropertyValueSpecification","valueRequired":true,"valueName":"search_term_string"}}],"inLanguage":"de"}]}},"_links":{"self":[{"href":"https:\/\/buddydive.com\/de\/wp-json\/wp\/v2\/pages\/4390","targetHints":{"allow":["GET"]}}],"collection":[{"href":"https:\/\/buddydive.com\/de\/wp-json\/wp\/v2\/pages"}],"about":[{"href":"https:\/\/buddydive.com\/de\/wp-json\/wp\/v2\/types\/page"}],"author":[{"embeddable":true,"href":"https:\/\/buddydive.com\/de\/wp-json\/wp\/v2\/users\/1"}],"replies":[{"embeddable":true,"href":"https:\/\/buddydive.com\/de\/wp-json\/wp\/v2\/comments?post=4390"}],"version-history":[{"count":23,"href":"https:\/\/buddydive.com\/de\/wp-json\/wp\/v2\/pages\/4390\/revisions"}],"predecessor-version":[{"id":36838,"href":"https:\/\/buddydive.com\/de\/wp-json\/wp\/v2\/pages\/4390\/revisions\/36838"}],"up":[{"embeddable":true,"href":"https:\/\/buddydive.com\/de\/wp-json\/wp\/v2\/pages\/5274"}],"wp:attachment":[{"href":"https:\/\/buddydive.com\/de\/wp-json\/wp\/v2\/media?parent=4390"}],"curies":[{"name":"wp","href":"https:\/\/api.w.org\/{rel}","templated":true}]}}