{"id":29288,"date":"2025-01-30T15:53:16","date_gmt":"2025-01-30T15:53:16","guid":{"rendered":"https:\/\/buddydive.com\/east-coast-diving\/"},"modified":"2025-11-28T11:24:23","modified_gmt":"2025-11-28T11:24:23","slug":"east-coast-diving","status":"publish","type":"page","link":"https:\/\/buddydive.com\/de\/east-coast-diving\/","title":{"rendered":"East Coast Diving"},"content":{"rendered":"<div class=\"wpb-content-wrapper\">[vc_row][vc_column][vc_column_text css=&#8220;&#8220;]\n<h1 class=\"text-uppercase\" style=\"text-align: center;\"><small>Das ultimative Bonaire-Erlebnis<\/small>East Coast Diving<\/h1>\n<p>Bonaire East Coast Diving ist der einzige spezialisierte Bootstauchbetrieb an der Ostk\u00fcste von Bonaire. Die Insel ist bekannt f\u00fcr ihre rauere See, unber\u00fchrten Riffe und gr\u00f6\u00dfere Meereslebewesen. Buchen Sie Ihre Pl\u00e4tze oder einen privaten Charter, um den ber\u00fchmten Tauchplatz \u201eTurtle City\u201c zu erleben \u2013 nur an der Ostk\u00fcste!<\/p>\n<p>Freuen Sie sich darauf, die aufregendsten Kreaturen zu sehen, die Bonaire zu bieten hat. Gefleckte Adlerrochen, Stachelrochen, Gr\u00fcne Mur\u00e4nen und viele Schildkr\u00f6ten sind an der Ostk\u00fcste keine Ausnahme! Unsere Boote sind mit der gesamten erforderlichen Sicherheitsausr\u00fcstung ausgestattet und machen das Tauchen auf der dem Wind zugewandten Seite f\u00fcr Taucher aller Erfahrungsstufen zum Kinderspiel.<\/p>\n<p>Atmen Sie tief durch, w\u00e4hrend unsere leidenschaftliche und erfahrene Crew Sie unter die Wellen f\u00fchrt. Vom Treiben \u00fcber lebhafte Korallenriffe, in denen es von Schildkr\u00f6ten wimmelt, bis hin zur Weite des gro\u00dfen Blaus, wo Adlerrochen fliegen und Fischschw\u00e4rme tummeln.[\/vc_column_text][vc_video link=&#8220;https:\/\/youtu.be\/meTd96P2M4E&#8220; align=&#8220;center&#8220; css=&#8220;&#8220;][vc_empty_space][\/vc_column][\/vc_row][vc_row][vc_column][vc_column_text css=&#8220;&#8220;]\n<h1 class=\"vc_custom_heading vc_do_custom_heading\" style=\"text-align: center;\">Zeitplan und Preise<\/h1>\n[\/vc_column_text][vc_row_inner][vc_column_inner width=&#8220;1\/2&#8243;][vc_column_text css=&#8220;&#8220;]\n<h3 style=\"text-align: center;\">Morgentauchgang<\/h3>\n<p><\/p>\n<p style=\"text-align: center;\">2-Tank<br \/>\nPreis: 170 USD<br \/>\nAbfahrt: 7:45 Uhr<\/p>\n[\/vc_column_text][\/vc_column_inner][vc_column_inner width=&#8220;1\/2&#8243;][vc_column_text css=&#8220;&#8220;]\n<h3 style=\"text-align: center;\">Nachmittagstauchgang<\/h3>\n<p><\/p>\n<p style=\"text-align: center;\">1 Tauchgang<br \/>\nPreis: 95 USD<br \/>\nAbfahrt: 12:45 Uhr<\/p>\n[\/vc_column_text][\/vc_column_inner][\/vc_row_inner][vc_separator css=&#8220;&#8220;][vc_cta h2=&#8220;Verf\u00fcgbarkeit anfragen&#8220; txt_align=&#8220;center&#8220; css=&#8220;&#8220;]\n<p style=\"text-align: center;\"><span style=\"color: #ff6600;\">Die Verf\u00fcgbarkeit kann nicht garantiert werden und wird zum Zeitpunkt der Anfrage gepr\u00fcft. Die Buchung ist erst nach Zahlungseingang best\u00e4tigt.<\/span><\/p>\n[\/vc_cta]<div class=\"text-center\"><input type=\"button\" class=\"btn btn-primary modal-button\" name=\"Check Availability\" value=\"Check Availability\" data-target=\"#modal-30\"><\/div><div class=\"modal fade\" id=\"modal-30\" tabindex=\"-1\" role=\"dialog\" aria-hidden=\"true\" aria-labelledby=\"East Coast Dive Form\"><div class=\"modal-dialog\"><div class=\"modal-content\"><div class=\"modal-header\"><button type=\"button\" class=\"close\" data-dismiss=\"modal\" data-toggle=\"tooltip\" title=\"Close\"><span>&times;<\/span><span class=\"sr-only\">Close<\/span><\/button><h2 id=\"East Coast Dive Form\">East Coast Dive Form<\/small><\/h2><\/div><div class=\"modal-body\"><noscript class=\"ninja-forms-noscript-message\">\n\tHinweis: F\u00fcr diesen Inhalt ist JavaScript erforderlich.<\/noscript>\n<div id=\"nf-form-30-cont\" class=\"nf-form-cont\" aria-live=\"polite\" aria-labelledby=\"nf-form-title-30\" aria-describedby=\"nf-form-errors-30\" role=\"form\">\n\n    <div class=\"nf-loading-spinner\"><\/div>\n\n<\/div>\n        <!-- That data is being printed as a workaround to page builders reordering the order of the scripts loaded-->\n        <script>var formDisplay=1;var nfForms=nfForms||[];var form=[];form.id='30';form.settings={\"objectType\":\"Form Setting\",\"editActive\":true,\"title\":\"East Coast Dive Form\",\"created_at\":\"2025-01-30 16:54:39\",\"form_title\":\"Enquiry\",\"default_label_pos\":\"above\",\"show_title\":\"0\",\"clear_complete\":\"1\",\"hide_complete\":\"1\",\"logged_in\":\"0\",\"wrapper_class\":\"\",\"element_class\":\"\",\"key\":\"\",\"add_submit\":\"1\",\"currency\":\"\",\"unique_field_error\":\"A form with this value has already been submitted.\",\"not_logged_in_msg\":\"\",\"sub_limit_msg\":\"The form has reached its submission limit.\",\"calculations\":[],\"formContentData\":[\"number_of_participants_1738252976065\",\"choose_your_preferred_date_1741291959114\",\"firstname_1523908368154\",\"lastname_1523908369534\",\"email_1523908522614\",\"phone_1523908588264\",\"choose_dive_1738252737067\",\"all_participants_have_at_least_an_open_water_diver_certification_1741292230136\",\"submit_1523908548082\",\"turnstile_1770382655390\"],\"drawerDisabled\":false,\"allow_public_link\":0,\"embed_form\":\"\",\"form_title_heading_level\":\"3\",\"changeEmailErrorMsg\":\"Bitte gib eine g\\u00fcltige E-Mail-Adresse ein.\",\"changeDateErrorMsg\":\"Bitte gib ein g\\u00fcltiges Datum ein!\",\"confirmFieldErrorMsg\":\"Diese Felder m\\u00fcssen \\u00fcbereinstimmen!\",\"fieldNumberNumMinError\":\"Die eingegebene Zahl ist zu klein.\",\"fieldNumberNumMaxError\":\"Die eingegebene Zahl ist zu gross.\",\"fieldNumberIncrementBy\":\"Bitte erh\\u00f6hen in Schritten von\",\"formErrorsCorrectErrors\":\"Bitte korrigiere die Fehler, bevor du das Formular sendest.\",\"validateRequiredField\":\"Dies ist ein Pflichtfeld.\",\"honeypotHoneypotError\":\"Honeypot-Fehler\",\"fieldsMarkedRequired\":\"Felder mit einem <span class=\\\"ninja-forms-req-symbol\\\">*<\\\/span> sind Pflichtfelder\",\"objectDomain\":\"display\",\"ninjaForms\":\"Ninja Forms\",\"fieldTextareaRTEInsertLink\":\"Link einf\\u00fcgen\",\"fieldTextareaRTEInsertMedia\":\"Medien einf\\u00fcgen\",\"fieldTextareaRTESelectAFile\":\"Eine Datei ausw\\u00e4hlen\",\"formHoneypot\":\"Falls du ein Mensch bist und dieses Feld siehst, dann lasse es bitte leer.\",\"fileUploadOldCodeFileUploadInProgress\":\"Datei-Upload l\\u00e4uft.\",\"fileUploadOldCodeFileUpload\":\"DATEI-UPLOAD\",\"currencySymbol\":\"&#36;\",\"thousands_sep\":\".\",\"decimal_point\":\",\",\"siteLocale\":\"de_DE\",\"dateFormat\":\"m\\\/d\\\/Y\",\"startOfWeek\":\"1\",\"of\":\"von\",\"previousMonth\":\"Vorheriger Monat\",\"nextMonth\":\"N\\u00e4chster Monat\",\"months\":[\"Januar\",\"Februar\",\"M\\u00e4rz\",\"April\",\"Mai\",\"Juni\",\"Juli\",\"August\",\"September\",\"Oktober\",\"November\",\"Dezember\"],\"monthsShort\":[\"Jan.\",\"Feb.\",\"M\\u00e4rz\",\"Apr.\",\"Mai\",\"Juni\",\"Juli\",\"Aug\",\"Sep.\",\"Okt.\",\"Nov.\",\"Dez.\"],\"weekdays\":[\"Sonntag\",\"Montag\",\"Dienstag\",\"Mittwoch\",\"Donnerstag\",\"Freitag\",\"Samstag\"],\"weekdaysShort\":[\"So.\",\"Mo.\",\"Di.\",\"Mi.\",\"Do.\",\"Fr.\",\"Sa.\"],\"weekdaysMin\":[\"So.\",\"Mo.\",\"Di.\",\"Mi.\",\"Do.\",\"Fr.\",\"Sa.\"],\"recaptchaConsentMissing\":\"reCaptcha validation couldn&#039;t load.\",\"recaptchaMissingCookie\":\"reCaptcha v3 validation couldn&#039;t load the cookie needed to submit the form.\",\"recaptchaConsentEvent\":\"Accept reCaptcha cookies before sending the form.\",\"currency_symbol\":\"\",\"beforeForm\":\"\",\"beforeFields\":\"\",\"afterFields\":\"\",\"afterForm\":\"\"};form.fields=[{\"objectType\":\"Field\",\"objectDomain\":\"fields\",\"editActive\":false,\"order\":1,\"idAttribute\":\"id\",\"label\":\"Number of participants\",\"type\":\"number\",\"key\":\"number_of_participants_1738252976065\",\"label_pos\":\"above\",\"required\":1,\"default\":\"\",\"placeholder\":\"\",\"container_class\":\"\",\"element_class\":\"\",\"manual_key\":false,\"admin_label\":\"\",\"help_text\":\"\",\"num_min\":\"\",\"num_max\":\"\",\"num_step\":1,\"value\":\"\",\"drawerDisabled\":false,\"id\":393,\"beforeField\":\"\",\"afterField\":\"\",\"parentType\":\"number\",\"element_templates\":[\"number\",\"input\"],\"old_classname\":\"\",\"wrap_template\":\"wrap\"},{\"objectType\":\"Field\",\"objectDomain\":\"fields\",\"editActive\":false,\"order\":2,\"idAttribute\":\"id\",\"label\":\"Choose your preferred date\",\"type\":\"date\",\"key\":\"choose_your_preferred_date_1741291959114\",\"label_pos\":\"above\",\"required\":1,\"placeholder\":\"\",\"container_class\":\"\",\"element_class\":\"\",\"manual_key\":false,\"admin_label\":\"\",\"help_text\":\"\",\"date_mode\":\"date_only\",\"date_default\":1,\"date_format\":\"default\",\"year_range_start\":\"\",\"year_range_end\":\"\",\"hours_24\":0,\"minute_increment\":5,\"value\":\"\",\"drawerDisabled\":false,\"id\":394,\"beforeField\":\"\",\"afterField\":\"\",\"parentType\":\"date\",\"element_templates\":[\"date\",\"textbox\",\"input\"],\"old_classname\":\"\",\"wrap_template\":\"wrap\"},{\"objectType\":\"Field\",\"objectDomain\":\"fields\",\"editActive\":false,\"order\":3,\"idAttribute\":\"id\",\"label\":\"First Name\",\"type\":\"firstname\",\"key\":\"firstname_1523908368154\",\"label_pos\":\"above\",\"required\":1,\"default\":\"\",\"placeholder\":\"\",\"container_class\":\"one-half first\",\"element_class\":\"\",\"admin_label\":\"\",\"help_text\":\"\",\"custom_name_attribute\":\"fname\",\"field_label\":\"First Name\",\"field_key\":\"firstname_1523908368154\",\"personally_identifiable\":1,\"value\":\"\",\"id\":383,\"beforeField\":\"\",\"afterField\":\"\",\"parentType\":\"firstname\",\"element_templates\":[\"firstname\",\"input\"],\"old_classname\":\"\",\"wrap_template\":\"wrap\"},{\"objectType\":\"Field\",\"objectDomain\":\"fields\",\"editActive\":false,\"order\":4,\"idAttribute\":\"id\",\"label\":\"Last Name\",\"type\":\"lastname\",\"key\":\"lastname_1523908369534\",\"label_pos\":\"above\",\"required\":1,\"default\":\"\",\"placeholder\":\"\",\"container_class\":\"one-half second\",\"element_class\":\"\",\"admin_label\":\"\",\"help_text\":\"\",\"custom_name_attribute\":\"lname\",\"drawerDisabled\":\"\",\"field_label\":\"Last Name\",\"field_key\":\"lastname_1523908369534\",\"personally_identifiable\":1,\"value\":\"\",\"id\":384,\"beforeField\":\"\",\"afterField\":\"\",\"parentType\":\"lastname\",\"element_templates\":[\"lastname\",\"input\"],\"old_classname\":\"\",\"wrap_template\":\"wrap\"},{\"objectType\":\"Field\",\"objectDomain\":\"fields\",\"editActive\":false,\"order\":5,\"idAttribute\":\"id\",\"label\":\"Email\",\"type\":\"email\",\"key\":\"email_1523908522614\",\"label_pos\":\"above\",\"required\":1,\"default\":\"\",\"placeholder\":\"\",\"container_class\":\"\",\"element_class\":\"\",\"admin_label\":\"\",\"help_text\":\"\",\"custom_name_attribute\":\"email\",\"field_label\":\"Email\",\"field_key\":\"email_1523908522614\",\"personally_identifiable\":1,\"value\":\"\",\"drawerDisabled\":false,\"id\":385,\"beforeField\":\"\",\"afterField\":\"\",\"parentType\":\"email\",\"element_templates\":[\"email\",\"input\"],\"old_classname\":\"\",\"wrap_template\":\"wrap\"},{\"objectType\":\"Field\",\"objectDomain\":\"fields\",\"editActive\":false,\"order\":6,\"idAttribute\":\"id\",\"label\":\"Phone\",\"type\":\"phone\",\"key\":\"phone_1523908588264\",\"label_pos\":\"above\",\"required\":\"\",\"default\":\"\",\"placeholder\":\"\",\"container_class\":\"\",\"element_class\":\"\",\"input_limit\":\"\",\"input_limit_type\":\"characters\",\"input_limit_msg\":\"Character(s) left\",\"manual_key\":\"\",\"admin_label\":\"\",\"help_text\":\"\",\"mask\":\"\",\"custom_mask\":\"\",\"custom_name_attribute\":\"phone\",\"field_label\":\"Phone\",\"field_key\":\"phone_1523908588264\",\"personally_identifiable\":1,\"value\":\"\",\"id\":386,\"beforeField\":\"\",\"afterField\":\"\",\"parentType\":\"textbox\",\"element_templates\":[\"tel\",\"textbox\",\"input\"],\"old_classname\":\"\",\"wrap_template\":\"wrap\"},{\"objectType\":\"Field\",\"objectDomain\":\"fields\",\"editActive\":false,\"order\":7,\"idAttribute\":\"id\",\"type\":\"listselect\",\"label\":\"Choose Dive \",\"key\":\"choose_dive_1738252737067\",\"label_pos\":\"above\",\"required\":1,\"options\":[{\"errors\":[],\"max_options\":0,\"label\":\"Morning Dive 2-tank \",\"value\":\"Morning Dive 2-tank \",\"calc\":\"\",\"selected\":0,\"order\":0,\"settingModel\":{\"settings\":false,\"hide_merge_tags\":false,\"error\":false,\"name\":\"options\",\"type\":\"option-repeater\",\"label\":\"Options <a href=\\\"#\\\" class=\\\"nf-add-new\\\">Add New<\\\/a> <a href=\\\"#\\\" class=\\\"extra nf-open-import-tooltip\\\"><i class=\\\"fa fa-sign-in\\\" aria-hidden=\\\"true\\\"><\\\/i> Import<\\\/a>\",\"width\":\"full\",\"group\":\"\",\"value\":[{\"label\":\"One\",\"value\":\"one\",\"calc\":\"\",\"selected\":0,\"order\":0},{\"label\":\"Two\",\"value\":\"two\",\"calc\":\"\",\"selected\":0,\"order\":1},{\"label\":\"Three\",\"value\":\"three\",\"calc\":\"\",\"selected\":0,\"order\":2}],\"columns\":{\"label\":{\"header\":\"Label\",\"default\":\"\"},\"value\":{\"header\":\"Value\",\"default\":\"\"},\"calc\":{\"header\":\"Calc Value\",\"default\":\"\"},\"selected\":{\"header\":\"<span class=\\\"dashicons dashicons-yes\\\"><\\\/span>\",\"default\":0}}},\"manual_value\":true},{\"errors\":[],\"max_options\":0,\"label\":\"Afternoon Dive 1-tank \",\"value\":\"Afternoon Dive 1-tank \",\"calc\":\"\",\"selected\":0,\"order\":1,\"settingModel\":{\"settings\":false,\"hide_merge_tags\":false,\"error\":false,\"name\":\"options\",\"type\":\"option-repeater\",\"label\":\"Options <a href=\\\"#\\\" class=\\\"nf-add-new\\\">Add New<\\\/a> <a href=\\\"#\\\" class=\\\"extra nf-open-import-tooltip\\\"><i class=\\\"fa fa-sign-in\\\" aria-hidden=\\\"true\\\"><\\\/i> Import<\\\/a>\",\"width\":\"full\",\"group\":\"\",\"value\":[{\"label\":\"One\",\"value\":\"one\",\"calc\":\"\",\"selected\":0,\"order\":0},{\"label\":\"Two\",\"value\":\"two\",\"calc\":\"\",\"selected\":0,\"order\":1},{\"label\":\"Three\",\"value\":\"three\",\"calc\":\"\",\"selected\":0,\"order\":2}],\"columns\":{\"label\":{\"header\":\"Label\",\"default\":\"\"},\"value\":{\"header\":\"Value\",\"default\":\"\"},\"calc\":{\"header\":\"Calc Value\",\"default\":\"\"},\"selected\":{\"header\":\"<span class=\\\"dashicons dashicons-yes\\\"><\\\/span>\",\"default\":0}}},\"manual_value\":true}],\"container_class\":\"\",\"element_class\":\"\",\"admin_label\":\"\",\"help_text\":\"\",\"drawerDisabled\":false,\"field_label\":\"Enquiry Type\",\"field_key\":\"enquiry_type_1523908495090\",\"id\":388,\"beforeField\":\"\",\"afterField\":\"\",\"value\":\"\",\"parentType\":\"list\",\"element_templates\":[\"listselect\",\"input\"],\"old_classname\":\"list-select\",\"wrap_template\":\"wrap\"},{\"objectType\":\"Field\",\"objectDomain\":\"fields\",\"editActive\":false,\"order\":8,\"idAttribute\":\"id\",\"label\":\"All participants have at least an Open Water Diver certification\",\"type\":\"checkbox\",\"key\":\"all_participants_have_at_least_an_open_water_diver_certification_1741292230136\",\"label_pos\":\"right\",\"required\":1,\"container_class\":\"\",\"element_class\":\"\",\"manual_key\":false,\"disable_input\":0,\"admin_label\":\"\",\"help_text\":\"\",\"default_value\":\"unchecked\",\"checked_value\":\"Checked\",\"unchecked_value\":\"Unchecked\",\"checked_calc_value\":\"\",\"unchecked_calc_value\":\"\",\"drawerDisabled\":false,\"id\":395,\"beforeField\":\"\",\"afterField\":\"\",\"value\":\"\",\"parentType\":\"checkbox\",\"element_templates\":[\"checkbox\",\"input\"],\"old_classname\":\"\",\"wrap_template\":\"wrap\"},{\"objectType\":\"Field\",\"objectDomain\":\"fields\",\"editActive\":false,\"order\":9,\"idAttribute\":\"id\",\"type\":\"submit\",\"label\":\"Submit\",\"processing_label\":\"Processing\",\"container_class\":\"\",\"element_class\":\"\",\"key\":\"submit_1523908548082\",\"field_label\":\"Submit\",\"field_key\":\"submit_1523908548082\",\"admin_label\":\"\",\"id\":392,\"beforeField\":\"\",\"afterField\":\"\",\"value\":\"\",\"label_pos\":\"above\",\"parentType\":\"textbox\",\"element_templates\":[\"submit\",\"button\",\"input\"],\"old_classname\":\"\",\"wrap_template\":\"wrap-no-label\"},{\"objectType\":\"Field\",\"objectDomain\":\"fields\",\"editActive\":false,\"order\":10,\"idAttribute\":\"id\",\"type\":\"turnstile\",\"label\":\"Cloudflare Turnstile\",\"container_class\":\"\",\"element_class\":\"\",\"label_visibility\":\"invisible\",\"size\":\"normal\",\"theme\":\"auto\",\"key\":\"turnstile_1770382655390\",\"label_pos\":\"hidden\",\"id\":465,\"beforeField\":\"\",\"afterField\":\"\",\"value\":\"\",\"parentType\":\"textbox\",\"element_templates\":[\"turnstile\",\"input\"],\"old_classname\":\"\",\"wrap_template\":\"wrap\",\"site_key\":\"0x4AAAAAACM3VxfJ5LVlSU_H\"}];nfForms.push(form);<\/script>\n        <\/div><\/div><\/div><\/div>[\/vc_column][\/vc_row][vc_row][vc_column][vc_column_text css=&#8220;&#8220;]\n<h2 style=\"text-align: center;\">Gut zu wissen<\/h2>\n<p>Wir bieten Tagesausfl\u00fcge an die Ostk\u00fcste von Bonaire an. Morgens ein Tauchgang mit zwei Tauchflaschen und nachmittags ein Tauchgang mit einer Tauchflasche. Eine Reservierung ist obligatorisch und kann \u00fcber diese Website angefordert werden. Wir empfehlen Ihnen, Ihren Ausflug in der ersten H\u00e4lfte Ihres Aufenthalts auf Bonaire zu planen, da wir festgestellt haben, dass viele nach ein paar Tagen wiederkommen m\u00f6chten! Je nach Wetterlage kann unser Kapit\u00e4n einen Tauchgang verschieben.<\/p>\n<p>F\u00fcr alle Ausfl\u00fcge sind mindestens vier Taucher erforderlich. Wenn Sie sich als Einzeltaucher anmelden und nicht gen\u00fcgend Reservierungen vorliegen, verschieben wir Ihren Tauchgang m\u00f6glicherweise auf den ersten verf\u00fcgbaren Tauchtermin. Bitte geben Sie als Kontaktinformationen eine g\u00fcltige E-Mail-Adresse und Telefonnummer an.<\/p>\n<p>Alle Tauchausfl\u00fcge starten am Fischerpier in Sorobon. S\u00fcdlich des Flughafens k\u00f6nnen Sie die Hauptstra\u00dfe Richtung Osten nehmen. Folgen Sie der Stra\u00dfe etwa 10 Minuten geradeaus. Biegen Sie an der T-Kreuzung links ab, bis die Stra\u00dfe endet und Sie den Pier sehen. Sie werden unseren LKW und unser Boot erkennen.<\/p>\n<p>Vergessen Sie nicht, Ihre Tauchausr\u00fcstung inklusive Blei mitzubringen. Wir stellen Ihnen Tauchflaschen zur Verf\u00fcgung. Aus Sicherheitsgr\u00fcnden ben\u00f6tigen alle Taucher einen Tauchcomputer. Tauchern ohne eigenen Computer bieten wir die M\u00f6glichkeit, einen auszuleihen. F\u00fcgen Sie Ihrer Reservierung bei Bedarf einen hinzu.<\/p>\n<p>Bitte unterschreiben Sie unsere Online-Verzichtserkl\u00e4rung, damit alle Taucher Ihrer Gruppe diese unterschreiben k\u00f6nnen.[\/vc_column_text][\/vc_column][\/vc_row][vc_row][vc_column][vc_gallery images=&#8220;29278,29281,29367&#8243; img_size=&#8220;large&#8220; css=&#8220;&#8220; columns=&#8220;3&#8243;][\/vc_column][\/vc_row]\n<\/div>","protected":false},"excerpt":{"rendered":"<p>[vc_row][vc_column][vc_column_text css=&#8220;&#8220;] Das ultimative Bonaire-ErlebnisEast Coast Diving Bonaire East Coast Diving ist der einzige spezialisierte Bootstauchbetrieb an der Ostk\u00fcste von [&hellip;]<\/p>\n","protected":false},"author":2,"featured_media":0,"parent":0,"menu_order":0,"comment_status":"closed","ping_status":"closed","template":"","meta":{"footnotes":""},"class_list":["post-29288","page","type-page","status-publish","hentry"],"yoast_head":"<!-- This site is optimized with the Yoast SEO plugin v27.4 - https:\/\/yoast.com\/product\/yoast-seo-wordpress\/ -->\n<title>East Coast Diving - Buddy Dive Bonaire<\/title>\n<meta name=\"description\" content=\"Bonaire East Coast Diving is the only specialized boat diving operation on the east side of Bonaire.\" \/>\n<meta name=\"robots\" content=\"index, follow, max-snippet:-1, max-image-preview:large, max-video-preview:-1\" \/>\n<link rel=\"canonical\" href=\"https:\/\/buddydive.com\/de\/east-coast-diving\/\" \/>\n<meta property=\"og:locale\" content=\"de_DE\" \/>\n<meta property=\"og:type\" content=\"article\" \/>\n<meta property=\"og:title\" content=\"East Coast Diving - Buddy Dive Bonaire\" \/>\n<meta property=\"og:description\" content=\"Bonaire East Coast Diving is the only specialized boat diving operation on the east side of Bonaire.\" \/>\n<meta property=\"og:url\" content=\"https:\/\/buddydive.com\/de\/east-coast-diving\/\" \/>\n<meta property=\"og:site_name\" content=\"Buddy Dive Bonaire\" \/>\n<meta property=\"article:publisher\" content=\"https:\/\/www.facebook.com\/buddydiveresort\" \/>\n<meta property=\"article:modified_time\" content=\"2025-11-28T11:24:23+00:00\" \/>\n<meta name=\"twitter:card\" content=\"summary_large_image\" \/>\n<meta name=\"twitter:site\" content=\"@buddydive\" \/>\n<meta name=\"twitter:label1\" content=\"Gesch\u00e4tzte Lesezeit\" \/>\n\t<meta name=\"twitter:data1\" content=\"3\u00a0Minuten\" \/>\n<script type=\"application\/ld+json\" class=\"yoast-schema-graph\">{\"@context\":\"https:\\\/\\\/schema.org\",\"@graph\":[{\"@type\":\"WebPage\",\"@id\":\"https:\\\/\\\/buddydive.com\\\/de\\\/east-coast-diving\\\/\",\"url\":\"https:\\\/\\\/buddydive.com\\\/de\\\/east-coast-diving\\\/\",\"name\":\"East Coast Diving - Buddy Dive Bonaire\",\"isPartOf\":{\"@id\":\"https:\\\/\\\/buddydive.com\\\/de\\\/#website\"},\"datePublished\":\"2025-01-30T15:53:16+00:00\",\"dateModified\":\"2025-11-28T11:24:23+00:00\",\"description\":\"Bonaire East Coast Diving is the only specialized boat diving operation on the east side of Bonaire.\",\"breadcrumb\":{\"@id\":\"https:\\\/\\\/buddydive.com\\\/de\\\/east-coast-diving\\\/#breadcrumb\"},\"inLanguage\":\"de\",\"potentialAction\":[{\"@type\":\"ReadAction\",\"target\":[\"https:\\\/\\\/buddydive.com\\\/de\\\/east-coast-diving\\\/\"]}]},{\"@type\":\"BreadcrumbList\",\"@id\":\"https:\\\/\\\/buddydive.com\\\/de\\\/east-coast-diving\\\/#breadcrumb\",\"itemListElement\":[{\"@type\":\"ListItem\",\"position\":1,\"name\":\"Home\",\"item\":\"https:\\\/\\\/buddydive.com\\\/de\\\/\"},{\"@type\":\"ListItem\",\"position\":2,\"name\":\"East Coast Diving\"}]},{\"@type\":\"WebSite\",\"@id\":\"https:\\\/\\\/buddydive.com\\\/de\\\/#website\",\"url\":\"https:\\\/\\\/buddydive.com\\\/de\\\/\",\"name\":\"Buddy Dive Bonaire\",\"description\":\"My WordPress Blog\",\"potentialAction\":[{\"@type\":\"SearchAction\",\"target\":{\"@type\":\"EntryPoint\",\"urlTemplate\":\"https:\\\/\\\/buddydive.com\\\/de\\\/?s={search_term_string}\"},\"query-input\":{\"@type\":\"PropertyValueSpecification\",\"valueRequired\":true,\"valueName\":\"search_term_string\"}}],\"inLanguage\":\"de\"}]}<\/script>\n<!-- \/ Yoast SEO plugin. -->","yoast_head_json":{"title":"East Coast Diving - Buddy Dive Bonaire","description":"Bonaire East Coast Diving is the only specialized boat diving operation on the east side of Bonaire.","robots":{"index":"index","follow":"follow","max-snippet":"max-snippet:-1","max-image-preview":"max-image-preview:large","max-video-preview":"max-video-preview:-1"},"canonical":"https:\/\/buddydive.com\/de\/east-coast-diving\/","og_locale":"de_DE","og_type":"article","og_title":"East Coast Diving - Buddy Dive Bonaire","og_description":"Bonaire East Coast Diving is the only specialized boat diving operation on the east side of Bonaire.","og_url":"https:\/\/buddydive.com\/de\/east-coast-diving\/","og_site_name":"Buddy Dive Bonaire","article_publisher":"https:\/\/www.facebook.com\/buddydiveresort","article_modified_time":"2025-11-28T11:24:23+00:00","twitter_card":"summary_large_image","twitter_site":"@buddydive","twitter_misc":{"Gesch\u00e4tzte Lesezeit":"3\u00a0Minuten"},"schema":{"@context":"https:\/\/schema.org","@graph":[{"@type":"WebPage","@id":"https:\/\/buddydive.com\/de\/east-coast-diving\/","url":"https:\/\/buddydive.com\/de\/east-coast-diving\/","name":"East Coast Diving - Buddy Dive Bonaire","isPartOf":{"@id":"https:\/\/buddydive.com\/de\/#website"},"datePublished":"2025-01-30T15:53:16+00:00","dateModified":"2025-11-28T11:24:23+00:00","description":"Bonaire East Coast Diving is the only specialized boat diving operation on the east side of Bonaire.","breadcrumb":{"@id":"https:\/\/buddydive.com\/de\/east-coast-diving\/#breadcrumb"},"inLanguage":"de","potentialAction":[{"@type":"ReadAction","target":["https:\/\/buddydive.com\/de\/east-coast-diving\/"]}]},{"@type":"BreadcrumbList","@id":"https:\/\/buddydive.com\/de\/east-coast-diving\/#breadcrumb","itemListElement":[{"@type":"ListItem","position":1,"name":"Home","item":"https:\/\/buddydive.com\/de\/"},{"@type":"ListItem","position":2,"name":"East Coast Diving"}]},{"@type":"WebSite","@id":"https:\/\/buddydive.com\/de\/#website","url":"https:\/\/buddydive.com\/de\/","name":"Buddy Dive Bonaire","description":"My WordPress Blog","potentialAction":[{"@type":"SearchAction","target":{"@type":"EntryPoint","urlTemplate":"https:\/\/buddydive.com\/de\/?s={search_term_string}"},"query-input":{"@type":"PropertyValueSpecification","valueRequired":true,"valueName":"search_term_string"}}],"inLanguage":"de"}]}},"_links":{"self":[{"href":"https:\/\/buddydive.com\/de\/wp-json\/wp\/v2\/pages\/29288","targetHints":{"allow":["GET"]}}],"collection":[{"href":"https:\/\/buddydive.com\/de\/wp-json\/wp\/v2\/pages"}],"about":[{"href":"https:\/\/buddydive.com\/de\/wp-json\/wp\/v2\/types\/page"}],"author":[{"embeddable":true,"href":"https:\/\/buddydive.com\/de\/wp-json\/wp\/v2\/users\/2"}],"replies":[{"embeddable":true,"href":"https:\/\/buddydive.com\/de\/wp-json\/wp\/v2\/comments?post=29288"}],"version-history":[{"count":11,"href":"https:\/\/buddydive.com\/de\/wp-json\/wp\/v2\/pages\/29288\/revisions"}],"predecessor-version":[{"id":35500,"href":"https:\/\/buddydive.com\/de\/wp-json\/wp\/v2\/pages\/29288\/revisions\/35500"}],"wp:attachment":[{"href":"https:\/\/buddydive.com\/de\/wp-json\/wp\/v2\/media?parent=29288"}],"curies":[{"name":"wp","href":"https:\/\/api.w.org\/{rel}","templated":true}]}}