{"id":26257,"date":"2024-04-19T20:42:04","date_gmt":"2024-04-19T20:42:04","guid":{"rendered":"https:\/\/buddydive.com\/specials-anzeigen\/"},"modified":"2025-07-18T12:17:20","modified_gmt":"2025-07-18T12:17:20","slug":"specials-anzeigen","status":"publish","type":"page","link":"https:\/\/buddydive.com\/de\/specials-anzeigen\/","title":{"rendered":"Specials anzeigen"},"content":{"rendered":"<div class=\"wpb-content-wrapper\">[vc_row][vc_column][vc_empty_space][\/vc_column][vc_column width=&#8220;1\/2&#8243;][vc_single_image image=&#8220;24106&#8243; img_size=&#8220;full&#8220;][\/vc_column][vc_column width=&#8220;1\/2&#8243;][vc_column_text]\n<h2 style=\"text-align: center;\">Exklusive Show-Rabatte<small>Buddy Dive Angebote<\/small><\/h2>\n<p><\/p>\n<p style=\"text-align: center;\">Willkommen im Buddy Dive Resort, Ihrer ersten Adresse f\u00fcr ein au\u00dfergew\u00f6hnliches Taucherlebnis in den atemberaubenden Gew\u00e4ssern von Bonaire!<\/p>\n<p><\/p>\n<p style=\"text-align: center;\">Durch Scannen dieses Codes haben Sie soeben ein spezielles Angebot freigeschaltet &#8211; ein goldenes Ticket f\u00fcr verg\u00fcnstigte Buchungen! Nutzen Sie die Gelegenheit und tauchen Sie ein in die unber\u00fchrte Sch\u00f6nheit der Korallenriffe von Bonaire und das pulsierende Meeresleben.<\/p>\n<h4 style=\"text-align: center;\">Besonderes:<\/h4>\n<p><\/p>\n<h4 style=\"text-align: center;\"><span style=\"color: #ff9900;\">Jeder 2. Taucher taucht umsonst<\/span><\/h4>\n<p><\/p>\n<p style=\"text-align: left;\">So l\u00f6sen Sie Ihren Show-Rabatt ein:<\/p>\n<ol style=\"text-align: center;\">\n<li style=\"text-align: left;\">W\u00e4hlen Sie Ihre bevorzugten Daten und Ihre Unterkunft.<\/li>\n<li style=\"text-align: left;\">Klicken Sie unten auf die Schaltfl\u00e4che &#8222;Jetzt buchen&#8220;.<\/li>\n<li style=\"text-align: left;\">Verwenden Sie den erhaltenen Code an der Kasse, um Ihren exklusiven Rabatt freizuschalten.<\/li>\n<\/ol>\n<p><\/p>\n<p style=\"text-align: center;\">Begeben Sie sich mit Buddy Dive Resort auf eine Reise der Unterwasserwunder &#8211; wo jeder Tauchgang ein Abenteuer und jeder Moment unvergesslich ist. Sichern Sie sich jetzt Ihren Platz und schaffen Sie Erinnerungen, die ein Leben lang halten!<\/p>\n<p><strong>Bedingungen &amp; Konditionen<\/strong><\/p>\n<ul>\n<li>Specials sind nicht in Kombination mit anderen Specials oder Promotionen g\u00fcltig.<\/li>\n<li>Show-Specials gelten nur f\u00fcr neue Buchungen.<\/li>\n<li>Die Anzahlung muss innerhalb von 2 Wochen nach Ende der Show eingegangen sein.<\/li>\n<li>Es k\u00f6nnen Ausschlussdaten gelten.<\/li>\n<li>Die Show-Specials sind g\u00fcltig f\u00fcr Reisen zwischen dem 6. April 2024 und dem 20. Dezember 2024.<\/li>\n<li>Show Specials k\u00f6nnen in Kombination mit allen kompletten Tauchpaketen gebucht werden.<\/li>\n<li>Der Rabatt auf das Tauchen gilt f\u00fcr jeweils 2 Taucher, die das Drive &amp; Dive-Paket buchen.<\/li>\n<\/ul>\n<p>&nbsp;[\/vc_column_text][\/vc_column][\/vc_row][vc_row][vc_column][vc_images_carousel images=&#8220;21372,17445,18903,13589,8209&#8243; slides_per_view=&#8220;4&#8243; wrap=&#8220;yes&#8220;][\/vc_column][\/vc_row][vc_row][vc_column][vc_raw_html]JTNDJTIxLS0lMjBFdmVudCUyMHNuaXBwZXQlMjBmb3IlMjBQYWdldmlldyUyMFN1bW1lciUyMERlYWwlMjBjb252ZXJzaW9uJTIwcGFnZSUwQUluJTIweW91ciUyMGh0bWwlMjBwYWdlJTJDJTIwYWRkJTIwdGhlJTIwc25pcHBldCUyMGFuZCUyMGNhbGwlMjBndGFnX3JlcG9ydF9jb252ZXJzaW9uJTIwd2hlbiUyMHNvbWVvbmUlMjBjbGlja3MlMjBvbiUyMHRoZSUyMGNob3NlbiUyMGxpbmslMjBvciUyMGJ1dHRvbi4lMjAtLSUzRSUwQSUzQ3NjcmlwdCUzRSUwQWZ1bmN0aW9uJTIwZ3RhZ19yZXBvcnRfY29udmVyc2lvbiUyOHVybCUyOSUyMCU3QiUwQSUyMCUyMHZhciUyMGNhbGxiYWNrJTIwJTNEJTIwZnVuY3Rpb24lMjAlMjglMjklMjAlN0IlMEElMjAlMjAlMjAlMjBpZiUyMCUyOHR5cGVvZiUyOHVybCUyOSUyMCUyMSUzRCUyMCUyN3VuZGVmaW5lZCUyNyUyOSUyMCU3QiUwQSUyMCUyMCUyMCUyMCUyMCUyMHdpbmRvdy5sb2NhdGlvbiUyMCUzRCUyMHVybCUzQiUwQSUyMCUyMCUyMCUyMCU3RCUwQSUyMCUyMCU3RCUzQiUwQSUyMCUyMGd0YWclMjglMjdldmVudCUyNyUyQyUyMCUyN2NvbnZlcnNpb24lMjclMkMlMjAlN0IlMEElMjAlMjAlMjAlMjAlMjAlMjAlMjdzZW5kX3RvJTI3JTNBJTIwJTI3QVctMTAzMDMwNzQ3MyUyRlVLbGtDTW5ucEo4WUVKSDlwT3NEJTI3JTJDJTBBJTIwJTIwJTIwJTIwJTIwJTIwJTI3ZXZlbnRfY2FsbGJhY2slMjclM0ElMjBjYWxsYmFjayUwQSUyMCUyMCU3RCUyOSUzQiUwQSUyMCUyMHJldHVybiUyMGZhbHNlJTNCJTBBJTdEJTBBJTNDJTJGc2NyaXB0JTNFJTBB[\/vc_raw_html][vc_raw_html]JTNDJTIxLS0lMjBHb29nbGUlMjB0YWclMjAlMjhndGFnLmpzJTI5JTIwLS0lM0UlMEElM0NzY3JpcHQlMjBhc3luYyUyMHNyYyUzRCUyMmh0dHBzJTNBJTJGJTJGd3d3Lmdvb2dsZXRhZ21hbmFnZXIuY29tJTJGZ3RhZyUyRmpzJTNGaWQlM0RBVy0xMDMwMzA3NDczJTIyJTNFJTNDJTJGc2NyaXB0JTNFJTBBJTNDc2NyaXB0JTNFJTBBJTIwJTIwd2luZG93LmRhdGFMYXllciUyMCUzRCUyMHdpbmRvdy5kYXRhTGF5ZXIlMjAlN0MlN0MlMjAlNUIlNUQlM0IlMEElMjAlMjBmdW5jdGlvbiUyMGd0YWclMjglMjklN0JkYXRhTGF5ZXIucHVzaCUyOGFyZ3VtZW50cyUyOSUzQiU3RCUwQSUyMCUyMGd0YWclMjglMjdqcyUyNyUyQyUyMG5ldyUyMERhdGUlMjglMjklMjklM0IlMEElMEElMjAlMjBndGFnJTI4JTI3Y29uZmlnJTI3JTJDJTIwJTI3QVctMTAzMDMwNzQ3MyUyNyUyOSUzQiUwQSUzQyUyRnNjcmlwdCUzRSUwQQ==[\/vc_raw_html][\/vc_column][\/vc_row]\n<\/div>","protected":false},"excerpt":{"rendered":"<p>[vc_row][vc_column][vc_empty_space][\/vc_column][vc_column width=&#8220;1\/2&#8243;][vc_single_image image=&#8220;24106&#8243; img_size=&#8220;full&#8220;][\/vc_column][vc_column width=&#8220;1\/2&#8243;][vc_column_text] Exklusive Show-RabatteBuddy Dive Angebote Willkommen im Buddy Dive Resort, Ihrer ersten Adresse f\u00fcr ein au\u00dfergew\u00f6hnliches [&hellip;]<\/p>\n","protected":false},"author":2,"featured_media":0,"parent":0,"menu_order":0,"comment_status":"closed","ping_status":"closed","template":"","meta":{"footnotes":""},"class_list":["post-26257","page","type-page","status-publish","hentry"],"yoast_head":"<!-- This site is optimized with the Yoast SEO plugin v27.4 - https:\/\/yoast.com\/product\/yoast-seo-wordpress\/ -->\n<title>Specials anzeigen - Buddy Dive Bonaire<\/title>\n<meta name=\"description\" content=\"Nutzen Sie die Gelegenheit, die unber\u00fchrte Sch\u00f6nheit der Korallenriffe und das pulsierende Meeresleben auf Bonaire zu einem erm\u00e4\u00dfigten Preis zu erleben.\" \/>\n<meta name=\"robots\" content=\"index, follow, max-snippet:-1, max-image-preview:large, max-video-preview:-1\" \/>\n<link rel=\"canonical\" href=\"https:\/\/buddydive.com\/de\/specials-anzeigen\/\" \/>\n<meta property=\"og:locale\" content=\"de_DE\" \/>\n<meta property=\"og:type\" content=\"article\" \/>\n<meta property=\"og:title\" content=\"Specials anzeigen - Buddy Dive Bonaire\" \/>\n<meta property=\"og:description\" content=\"Nutzen Sie die Gelegenheit, die unber\u00fchrte Sch\u00f6nheit der Korallenriffe und das pulsierende Meeresleben auf Bonaire zu einem erm\u00e4\u00dfigten Preis zu erleben.\" \/>\n<meta property=\"og:url\" content=\"https:\/\/buddydive.com\/de\/specials-anzeigen\/\" \/>\n<meta property=\"og:site_name\" content=\"Buddy Dive Bonaire\" \/>\n<meta property=\"article:publisher\" content=\"https:\/\/www.facebook.com\/buddydiveresort\" \/>\n<meta property=\"article:modified_time\" content=\"2025-07-18T12:17:20+00:00\" \/>\n<meta name=\"twitter:card\" content=\"summary_large_image\" \/>\n<meta name=\"twitter:site\" content=\"@buddydive\" \/>\n<meta name=\"twitter:label1\" content=\"Gesch\u00e4tzte Lesezeit\" \/>\n\t<meta name=\"twitter:data1\" content=\"2\u00a0Minuten\" \/>\n<script type=\"application\/ld+json\" class=\"yoast-schema-graph\">{\"@context\":\"https:\\\/\\\/schema.org\",\"@graph\":[{\"@type\":\"WebPage\",\"@id\":\"https:\\\/\\\/buddydive.com\\\/de\\\/specials-anzeigen\\\/\",\"url\":\"https:\\\/\\\/buddydive.com\\\/de\\\/specials-anzeigen\\\/\",\"name\":\"Specials anzeigen - Buddy Dive Bonaire\",\"isPartOf\":{\"@id\":\"https:\\\/\\\/buddydive.com\\\/de\\\/#website\"},\"datePublished\":\"2024-04-19T20:42:04+00:00\",\"dateModified\":\"2025-07-18T12:17:20+00:00\",\"description\":\"Nutzen Sie die Gelegenheit, die unber\u00fchrte Sch\u00f6nheit der Korallenriffe und das pulsierende Meeresleben auf Bonaire zu einem erm\u00e4\u00dfigten Preis zu erleben.\",\"breadcrumb\":{\"@id\":\"https:\\\/\\\/buddydive.com\\\/de\\\/specials-anzeigen\\\/#breadcrumb\"},\"inLanguage\":\"de\",\"potentialAction\":[{\"@type\":\"ReadAction\",\"target\":[\"https:\\\/\\\/buddydive.com\\\/de\\\/specials-anzeigen\\\/\"]}]},{\"@type\":\"BreadcrumbList\",\"@id\":\"https:\\\/\\\/buddydive.com\\\/de\\\/specials-anzeigen\\\/#breadcrumb\",\"itemListElement\":[{\"@type\":\"ListItem\",\"position\":1,\"name\":\"Home\",\"item\":\"https:\\\/\\\/buddydive.com\\\/de\\\/\"},{\"@type\":\"ListItem\",\"position\":2,\"name\":\"Specials anzeigen\"}]},{\"@type\":\"WebSite\",\"@id\":\"https:\\\/\\\/buddydive.com\\\/de\\\/#website\",\"url\":\"https:\\\/\\\/buddydive.com\\\/de\\\/\",\"name\":\"Buddy Dive Bonaire\",\"description\":\"My WordPress Blog\",\"potentialAction\":[{\"@type\":\"SearchAction\",\"target\":{\"@type\":\"EntryPoint\",\"urlTemplate\":\"https:\\\/\\\/buddydive.com\\\/de\\\/?s={search_term_string}\"},\"query-input\":{\"@type\":\"PropertyValueSpecification\",\"valueRequired\":true,\"valueName\":\"search_term_string\"}}],\"inLanguage\":\"de\"}]}<\/script>\n<!-- \/ Yoast SEO plugin. -->","yoast_head_json":{"title":"Specials anzeigen - Buddy Dive Bonaire","description":"Nutzen Sie die Gelegenheit, die unber\u00fchrte Sch\u00f6nheit der Korallenriffe und das pulsierende Meeresleben auf Bonaire zu einem erm\u00e4\u00dfigten Preis zu erleben.","robots":{"index":"index","follow":"follow","max-snippet":"max-snippet:-1","max-image-preview":"max-image-preview:large","max-video-preview":"max-video-preview:-1"},"canonical":"https:\/\/buddydive.com\/de\/specials-anzeigen\/","og_locale":"de_DE","og_type":"article","og_title":"Specials anzeigen - Buddy Dive Bonaire","og_description":"Nutzen Sie die Gelegenheit, die unber\u00fchrte Sch\u00f6nheit der Korallenriffe und das pulsierende Meeresleben auf Bonaire zu einem erm\u00e4\u00dfigten Preis zu erleben.","og_url":"https:\/\/buddydive.com\/de\/specials-anzeigen\/","og_site_name":"Buddy Dive Bonaire","article_publisher":"https:\/\/www.facebook.com\/buddydiveresort","article_modified_time":"2025-07-18T12:17:20+00:00","twitter_card":"summary_large_image","twitter_site":"@buddydive","twitter_misc":{"Gesch\u00e4tzte Lesezeit":"2\u00a0Minuten"},"schema":{"@context":"https:\/\/schema.org","@graph":[{"@type":"WebPage","@id":"https:\/\/buddydive.com\/de\/specials-anzeigen\/","url":"https:\/\/buddydive.com\/de\/specials-anzeigen\/","name":"Specials anzeigen - Buddy Dive Bonaire","isPartOf":{"@id":"https:\/\/buddydive.com\/de\/#website"},"datePublished":"2024-04-19T20:42:04+00:00","dateModified":"2025-07-18T12:17:20+00:00","description":"Nutzen Sie die Gelegenheit, die unber\u00fchrte Sch\u00f6nheit der Korallenriffe und das pulsierende Meeresleben auf Bonaire zu einem erm\u00e4\u00dfigten Preis zu erleben.","breadcrumb":{"@id":"https:\/\/buddydive.com\/de\/specials-anzeigen\/#breadcrumb"},"inLanguage":"de","potentialAction":[{"@type":"ReadAction","target":["https:\/\/buddydive.com\/de\/specials-anzeigen\/"]}]},{"@type":"BreadcrumbList","@id":"https:\/\/buddydive.com\/de\/specials-anzeigen\/#breadcrumb","itemListElement":[{"@type":"ListItem","position":1,"name":"Home","item":"https:\/\/buddydive.com\/de\/"},{"@type":"ListItem","position":2,"name":"Specials anzeigen"}]},{"@type":"WebSite","@id":"https:\/\/buddydive.com\/de\/#website","url":"https:\/\/buddydive.com\/de\/","name":"Buddy Dive Bonaire","description":"My WordPress Blog","potentialAction":[{"@type":"SearchAction","target":{"@type":"EntryPoint","urlTemplate":"https:\/\/buddydive.com\/de\/?s={search_term_string}"},"query-input":{"@type":"PropertyValueSpecification","valueRequired":true,"valueName":"search_term_string"}}],"inLanguage":"de"}]}},"_links":{"self":[{"href":"https:\/\/buddydive.com\/de\/wp-json\/wp\/v2\/pages\/26257","targetHints":{"allow":["GET"]}}],"collection":[{"href":"https:\/\/buddydive.com\/de\/wp-json\/wp\/v2\/pages"}],"about":[{"href":"https:\/\/buddydive.com\/de\/wp-json\/wp\/v2\/types\/page"}],"author":[{"embeddable":true,"href":"https:\/\/buddydive.com\/de\/wp-json\/wp\/v2\/users\/2"}],"replies":[{"embeddable":true,"href":"https:\/\/buddydive.com\/de\/wp-json\/wp\/v2\/comments?post=26257"}],"version-history":[{"count":6,"href":"https:\/\/buddydive.com\/de\/wp-json\/wp\/v2\/pages\/26257\/revisions"}],"predecessor-version":[{"id":33192,"href":"https:\/\/buddydive.com\/de\/wp-json\/wp\/v2\/pages\/26257\/revisions\/33192"}],"wp:attachment":[{"href":"https:\/\/buddydive.com\/de\/wp-json\/wp\/v2\/media?parent=26257"}],"curies":[{"name":"wp","href":"https:\/\/api.w.org\/{rel}","templated":true}]}}