{"id":26099,"date":"2024-04-16T19:00:34","date_gmt":"2024-04-16T19:00:34","guid":{"rendered":"https:\/\/buddydive.com\/angebot-fuer-bootstauchgaenge\/"},"modified":"2024-04-19T18:36:18","modified_gmt":"2024-04-19T18:36:18","slug":"angebot-fuer-bootstauchgaenge","status":"publish","type":"page","link":"https:\/\/buddydive.com\/de\/angebot-fuer-bootstauchgaenge\/","title":{"rendered":"Angebot f\u00fcr Bootstauchg\u00e4nge"},"content":{"rendered":"<div class=\"wpb-content-wrapper\">[vc_row][vc_column][vc_empty_space][\/vc_column][vc_column width=&#8220;1\/2&#8243;][vc_single_image image=&#8220;26107&#8243; img_size=&#8220;full&#8220;][\/vc_column][vc_column width=&#8220;1\/2&#8243;][vc_column_text]\n<h1 style=\"text-align: center;\">Angebot f\u00fcr Bootstauchg\u00e4nge<\/h1>\n<p style=\"text-align: center;\">Erhalten Sie 3 KOSTENLOSE 1-Tank-Bootstauchg\u00e4nge, wenn Sie ein Bootstauchpaket buchen! Entdecken Sie die unglaublichen Riffe von Bonaire zu einem erm\u00e4\u00dfigten Preis.<\/p>\n<p style=\"text-align: center;\"><strong>Zeitlich begrenztes Angebot:<\/strong> G\u00fcltig f\u00fcr Buchungen bis zum 5. Juli 2024.<\/p>\n<p style=\"text-align: center;\">Lassen Sie sich diese Chance, unvergessliche Unterwasserabenteuer zu erleben, nicht entgehen! Buchen Sie noch heute Ihr Buddy Dive-Bootstauchpaket!<\/p>\n<p style=\"text-align: center;\"><span style=\"color: #ff6600;\">Verwenden Sie den Aktionscode: <strong>BOATDIVE<\/strong><\/span><\/p>\n[\/vc_column_text][\/vc_column][\/vc_row][vc_row][vc_column][vc_raw_js]JTNDc2NyaXB0JTIwbGFuZ3VhZ2UlM0QlMjJqYXZhc2NyaXB0JTIyJTIwdHlwZSUzRCUyMnRleHQlMkZqYXZhc2NyaXB0JTIyJTNFJTBBJTIwJTIwZnVuY3Rpb24lMjBvcGVuQ2FsZW5kYXIlMjhGb3JtRWxlbWVudCUyOSUyMCU3QiUwQSUyMCUyMCUyMCUyMHZhciUyMGNhbGVuZGFyd2luZG93JTNCJTBBJTIwJTIwJTIwJTIwdmFyJTIwdXJsJTIwJTNEJTIwJTIyaHR0cHMlM0ElMkYlMkZidWRkeWRpdmUuY29tJTJGd3AtY29udGVudCUyRnVwbG9hZHMlMkYyMDIzJTJGMDUlMkZjYWxlbmRhci5odG1sJTNGZm9ybW5hbWUlM0RyZXNmb3JtJTI2Zm9ybWVsZW1lbnQlM0QlMjIlMjAlMkIlMjBGb3JtRWxlbWVudCUzQiUwQSUyMCUyMCUyMCUyMGNhbGVuZGFyd2luZG93JTIwJTNEJTIwd2luZG93Lm9wZW4lMjglMEElMjAlMjAlMjAlMjAlMjAlMjB1cmwlMkMlMEElMjAlMjAlMjAlMjAlMjAlMjAlMjJjYWxlbmRhciUyMiUyQyUwQSUyMCUyMCUyMCUyMCUyMCUyMCUyMnRvb2xiYXIlM0RubyUyQ3dpZHRoJTNEMjAwJTJDaGVpZ2h0JTNEMTQ0JTJDdG9wJTNENTAlMkNsZWZ0JTNENTAlMkNzdGF0dXMlM0RubyUyQ3Njcm9sbGJhcnMlM0RubyUyQ3Jlc2l6ZSUzRG5vJTJDbWVudWJhciUzRG5vJTIyJTBBJTIwJTIwJTIwJTIwJTI5JTNCJTBBJTIwJTIwJTIwJTIwY2FsZW5kYXJ3aW5kb3cuZm9jdXMlMjglMjklM0IlMEElMjAlMjAlN0QlMEElM0MlMkZzY3JpcHQlM0UlMEElMEElM0MlMjEtLSUyMFBvcHVsYXRlJTIwdGhlJTIwdmFsdWVzJTIwZm9yJTIwSG90ZWxJRCUyMGFuZCUyMExhbmd1YWdlSUQlMjBiZWxvdy4lMjAtLSUzRSUwQSUzQ2Zvcm0lMEElMjAlMjBhY3Rpb24lM0QlMjJodHRwcyUzQSUyRiUyRmJvb2tpbmdzLnRyYXZlbGNsaWNrLmNvbSUyRjExMzg2NSUyMiUwQSUyMCUyMG1ldGhvZCUzRCUyMmdldCUyMiUwQSUyMCUyMG5hbWUlM0QlMjJyZXNmb3JtJTIyJTBBJTIwJTIwaWQlM0QlMjJyZXNmb3JtJTIyJTBBJTIwJTIwdGFyZ2V0JTNEJTIyX2JsYW5rJTIyJTBBJTNFJTBBJTIwJTIwJTNDaW5wdXQlMjB0eXBlJTNEJTIyaGlkZGVuJTIyJTIwbmFtZSUzRCUyMkhvdGVsSUQlMjIlMjB2YWx1ZSUzRCUyMjExMzg2NSUyMiUyMCUyRiUzRSUwQSUyMCUyMCUzQ2lucHV0JTIwdHlwZSUzRCUyMmhpZGRlbiUyMiUyMG5hbWUlM0QlMjJMYW5ndWFnZUlEJTIyJTIwdmFsdWUlM0QlMjIxJTIyJTIwJTJGJTNFJTBBJTIwJTIwJTNDaW5wdXQlMjB0eXBlJTNEJTIyaGlkZGVuJTIyJTIwbmFtZSUzRCUyMlJvb21zJTIyJTIwdmFsdWUlM0QlMjIxJTIyJTIwJTJGJTNFJTBBJTBBJTIwJTIwJTNDYSUyMGhyZWYlM0QlMjJqYXZhc2NyaXB0JTNBb3BlbkNhbGVuZGFyJTI4JTI3RGF0ZUluJTI3JTI5JTIyJTNFJTBBJTIwJTIwJTIwJTIwJTNDaW1nJTBBJTIwJTIwJTIwJTIwJTIwJTIwc3JjJTNEJTIyaHR0cHMlM0ElMkYlMkZidWRkeWRpdmUuY29tJTJGd3AtY29udGVudCUyRnVwbG9hZHMlMkYyMDIzJTJGMDUlMkZCb29raW5nLU1hc2stY2FsZW5kYXIuZ2lmJTIyJTBBJTIwJTIwJTIwJTIwJTIwJTIwd2lkdGglM0QlMjIyMCUyMiUwQSUyMCUyMCUyMCUyMCUyMCUyMGhlaWdodCUzRCUyMjIwJTIyJTBBJTIwJTIwJTIwJTIwJTIwJTIwYm9yZGVyJTNEJTIyMCUyMiUwQSUyMCUyMCUyMCUyMCUyRiUzRSUwQSUyMCUyMCUzQyUyRmElM0VDaGVjay1JbiUyMERhdGUlM0ElMEElMjAlMjAlM0NpbnB1dCUyMG5hbWUlM0QlMjJEYXRlSW4lMjIlMjB0eXBlJTNEJTIydGV4dCUyMiUyMHZhbHVlJTNEJTIyMDclMkYyNyUyRjIwMjQlMjIlMjAlMkYlM0UlMEElMjAlMjAlMEElMEElMjAlMjAlM0NhJTIwaHJlZiUzRCUyMmphdmFzY3JpcHQlM0FvcGVuQ2FsZW5kYXIlMjglMjdEYXRlT3V0JTI3JTI5JTIyJTNFJTBBJTIwJTIwJTIwJTIwJTNDaW1nJTBBJTIwJTIwJTIwJTIwJTIwJTIwc3JjJTNEJTIyaHR0cHMlM0ElMkYlMkZidWRkeWRpdmUuY29tJTJGd3AtY29udGVudCUyRnVwbG9hZHMlMkYyMDIzJTJGMDUlMkZCb29raW5nLU1hc2stY2FsZW5kYXIuZ2lmJTIyJTBBJTIwJTIwJTIwJTIwJTIwJTIwd2lkdGglM0QlMjIyMCUyMiUwQSUyMCUyMCUyMCUyMCUyMCUyMGhlaWdodCUzRCUyMjIwJTIyJTBBJTIwJTIwJTIwJTIwJTIwJTIwYm9yZGVyJTNEJTIyMCUyMiUwQSUyMCUyMCUyMCUyMCUyRiUzRSUwQSUyMCUyMCUzQyUyRmElM0VDaGVjay1PdXQlMjBEYXRlJTNBJTBBJTIwJTIwJTNDaW5wdXQlMjBuYW1lJTNEJTIyRGF0ZU91dCUyMiUyMHR5cGUlM0QlMjJ0ZXh0JTIyJTIwdmFsdWUlM0QlMjIwOCUyRjMwJTJGMjAyNCUyMiUyMCUyRiUzRSUwQSUyMCUyMCUwQSUwQSUwQSUwQSUwQUFkdWx0cyUzQSUwQSUzQ3NlbGVjdCUyMG5hbWUlM0QlMjJBZHVsdHMlMjIlM0UlMEElM0NvcHRpb24lMjB2YWx1ZSUzRCUyMjElMjIlMjBzZWxlY3RlZCUzRCUyMnNlbGVjdGVkJTIyJTNFMSUzQyUyRm9wdGlvbiUzRSUwQSUzQ29wdGlvbiUyMHZhbHVlJTNEJTIyMiUyMiUzRTIlM0MlMkZvcHRpb24lM0UlMEElM0NvcHRpb24lMjB2YWx1ZSUzRCUyMjMlMjIlM0UzJTNDJTJGb3B0aW9uJTNFJTBBJTNDb3B0aW9uJTIwdmFsdWUlM0QlMjI0JTIyJTNFNCUzQyUyRm9wdGlvbiUzRSUwQSUzQ29wdGlvbiUyMHZhbHVlJTNEJTIyNSUyMiUzRTUlM0MlMkZvcHRpb24lM0UlMEElM0NvcHRpb24lMjB2YWx1ZSUzRCUyMjYlMjIlM0U2JTNDJTJGb3B0aW9uJTNFJTBBJTNDJTJGc2VsZWN0JTNFJTBBJTBBQ2hpbGRyZW4lM0ElMEElM0NzZWxlY3QlMjBuYW1lJTNEJTIyQ2hpbGRyZW4lMjIlM0UlMEElM0NvcHRpb24lMjB2YWx1ZSUzRCUyMjAlMjIlMjBzZWxlY3RlZCUzRCUyMnNlbGVjdGVkJTIyJTNFMCUzQyUyRm9wdGlvbiUzRSUwQSUzQ29wdGlvbiUyMHZhbHVlJTNEJTIyMSUyMiUzRTElM0MlMkZvcHRpb24lM0UlMEElM0NvcHRpb24lMjB2YWx1ZSUzRCUyMjIlMjIlM0UyJTNDJTJGb3B0aW9uJTNFJTBBJTNDb3B0aW9uJTIwdmFsdWUlM0QlMjIzJTIyJTNFMyUzQyUyRm9wdGlvbiUzRSUwQSUzQ29wdGlvbiUyMHZhbHVlJTNEJTIyNCUyMiUzRTQlM0MlMkZvcHRpb24lM0UlMEElM0NvcHRpb24lMjB2YWx1ZSUzRCUyMjUlMjIlM0U1JTNDJTJGb3B0aW9uJTNFJTBBJTNDJTJGc2VsZWN0JTNFJTBBJTBBJTNDYnIlM0UlMjAlM0MlMjEtLSUyMEFkZCUyMGElMjBsaW5lJTIwYnJlYWslMjBmb3IlMjBzcGFjaW5nJTIwLS0lM0UlMEElM0NzdHlsZSUzRSUwQSUyMCUyMGZvcm0lMjB0YWJsZSUyMCU3QiUwQSUyMCUyMCUyMCUyMGJvcmRlci1jb2xsYXBzZSUzQSUyMGNvbGxhcHNlJTNCJTBBJTIwJTIwJTdEJTBBJTIwJTIwZm9ybSUyMHRkJTIwJTdCJTBBJTIwJTIwJTIwJTIwcGFkZGluZyUzQSUyMDEwcHglM0IlMEElMjAlMjAlN0QlMEElMjAlMjBmb3JtJTIwaW5wdXQlNUJ0eXBlJTNEJTIyc3VibWl0JTIyJTVEJTIwJTdCJTBBJTIwJTIwJTIwJTIwbWFyZ2luLXRvcCUzQSUyMDEwcHglM0IlMEElMjAlMjAlN0QlMEElM0MlMkZzdHlsZSUzRSUwQSUwQSUzQ2lucHV0JTIwdHlwZSUzRCUyMnN1Ym1pdCUyMiUyMHZhbHVlJTNEJTIyQ2hlY2slMjBBdmFpbGFiaWxpdHklMjIlMjAlMkYlM0UlMEElM0MlMkZmb3JtJTNFJTBBJTBBJTNDJTIxLS0lMjBUaGlzJTIwamF2YXNjcmlwdCUyMGNvZGUlMjBwb3B1bGF0ZXMlMjB0aGUlMjBDaGVjay1JbiUyMERhdGUlMjBhbmQlMjBDaGVjay1PdXQlMjBEYXRlJTIwZmllbGRzJTIwd2l0aCUyMHByZWRlZmluZWQlMjB2YWx1ZXMuJTIwSXQlMjBtdXN0JTIwYmUlMjBsb2NhdGVkJTIwYWZ0ZXIlMjB0aGUlMjBmb3JtJTIwY2xvc2UlMjB0YWcuJTIwLS0lM0UlMEElMEElM0NzY3JpcHQlMjB0eXBlJTNEJTIydGV4dCUyRmphdmFzY3JpcHQlMjIlMjBsYW5ndWFnZSUzRCUyMmphdmFzY3JpcHQlMjIlM0UlMEFmdW5jdGlvbiUyMGdldERhdGVTdHIlMjglMjklMjAlN0IlMEElMDlkb2N1bWVudC5yZXNmb3JtLkRhdGVJbi52YWx1ZSUyMCUzRCUyMCUyMjA3JTJGMjclMkYyMDI0JTIyJTNCJTBBJTA5ZG9jdW1lbnQucmVzZm9ybS5EYXRlT3V0LnZhbHVlJTIwJTNEJTIwJTIyMDglMkYzMCUyRjIwMjQlMjIlM0IlMEElN0QlMEFnZXREYXRlU3RyJTI4JTI5JTNCJTBBJTNDJTJGc2NyaXB0JTNF[\/vc_raw_js][\/vc_column][\/vc_row][vc_row][vc_column][vc_images_carousel images=&#8220;21372,17445,18903,13589,8209&#8243; slides_per_view=&#8220;4&#8243; wrap=&#8220;yes&#8220;][\/vc_column][\/vc_row][vc_row][vc_column][vc_raw_html]JTNDJTIxLS0lMjBFdmVudCUyMHNuaXBwZXQlMjBmb3IlMjBQYWdldmlldyUyMFN1bW1lciUyMERlYWwlMjBjb252ZXJzaW9uJTIwcGFnZSUwQUluJTIweW91ciUyMGh0bWwlMjBwYWdlJTJDJTIwYWRkJTIwdGhlJTIwc25pcHBldCUyMGFuZCUyMGNhbGwlMjBndGFnX3JlcG9ydF9jb252ZXJzaW9uJTIwd2hlbiUyMHNvbWVvbmUlMjBjbGlja3MlMjBvbiUyMHRoZSUyMGNob3NlbiUyMGxpbmslMjBvciUyMGJ1dHRvbi4lMjAtLSUzRSUwQSUzQ3NjcmlwdCUzRSUwQWZ1bmN0aW9uJTIwZ3RhZ19yZXBvcnRfY29udmVyc2lvbiUyOHVybCUyOSUyMCU3QiUwQSUyMCUyMHZhciUyMGNhbGxiYWNrJTIwJTNEJTIwZnVuY3Rpb24lMjAlMjglMjklMjAlN0IlMEElMjAlMjAlMjAlMjBpZiUyMCUyOHR5cGVvZiUyOHVybCUyOSUyMCUyMSUzRCUyMCUyN3VuZGVmaW5lZCUyNyUyOSUyMCU3QiUwQSUyMCUyMCUyMCUyMCUyMCUyMHdpbmRvdy5sb2NhdGlvbiUyMCUzRCUyMHVybCUzQiUwQSUyMCUyMCUyMCUyMCU3RCUwQSUyMCUyMCU3RCUzQiUwQSUyMCUyMGd0YWclMjglMjdldmVudCUyNyUyQyUyMCUyN2NvbnZlcnNpb24lMjclMkMlMjAlN0IlMEElMjAlMjAlMjAlMjAlMjAlMjAlMjdzZW5kX3RvJTI3JTNBJTIwJTI3QVctMTAzMDMwNzQ3MyUyRlVLbGtDTW5ucEo4WUVKSDlwT3NEJTI3JTJDJTBBJTIwJTIwJTIwJTIwJTIwJTIwJTI3ZXZlbnRfY2FsbGJhY2slMjclM0ElMjBjYWxsYmFjayUwQSUyMCUyMCU3RCUyOSUzQiUwQSUyMCUyMHJldHVybiUyMGZhbHNlJTNCJTBBJTdEJTBBJTNDJTJGc2NyaXB0JTNFJTBB[\/vc_raw_html][vc_raw_html]JTNDJTIxLS0lMjBHb29nbGUlMjB0YWclMjAlMjhndGFnLmpzJTI5JTIwLS0lM0UlMEElM0NzY3JpcHQlMjBhc3luYyUyMHNyYyUzRCUyMmh0dHBzJTNBJTJGJTJGd3d3Lmdvb2dsZXRhZ21hbmFnZXIuY29tJTJGZ3RhZyUyRmpzJTNGaWQlM0RBVy0xMDMwMzA3NDczJTIyJTNFJTNDJTJGc2NyaXB0JTNFJTBBJTNDc2NyaXB0JTNFJTBBJTIwJTIwd2luZG93LmRhdGFMYXllciUyMCUzRCUyMHdpbmRvdy5kYXRhTGF5ZXIlMjAlN0MlN0MlMjAlNUIlNUQlM0IlMEElMjAlMjBmdW5jdGlvbiUyMGd0YWclMjglMjklN0JkYXRhTGF5ZXIucHVzaCUyOGFyZ3VtZW50cyUyOSUzQiU3RCUwQSUyMCUyMGd0YWclMjglMjdqcyUyNyUyQyUyMG5ldyUyMERhdGUlMjglMjklMjklM0IlMEElMEElMjAlMjBndGFnJTI4JTI3Y29uZmlnJTI3JTJDJTIwJTI3QVctMTAzMDMwNzQ3MyUyNyUyOSUzQiUwQSUzQyUyRnNjcmlwdCUzRSUwQQ==[\/vc_raw_html][\/vc_column][\/vc_row]\n<\/div>","protected":false},"excerpt":{"rendered":"<p>[vc_row][vc_column][vc_empty_space][\/vc_column][vc_column width=&#8220;1\/2&#8243;][vc_single_image image=&#8220;26107&#8243; img_size=&#8220;full&#8220;][\/vc_column][vc_column width=&#8220;1\/2&#8243;][vc_column_text] Angebot f\u00fcr Bootstauchg\u00e4nge Erhalten Sie 3 KOSTENLOSE 1-Tank-Bootstauchg\u00e4nge, wenn Sie ein Bootstauchpaket buchen! Entdecken Sie [&hellip;]<\/p>\n","protected":false},"author":2,"featured_media":0,"parent":0,"menu_order":0,"comment_status":"closed","ping_status":"closed","template":"","meta":{"footnotes":""},"class_list":["post-26099","page","type-page","status-publish","hentry"],"yoast_head":"<!-- This site is optimized with the Yoast SEO plugin v27.4 - https:\/\/yoast.com\/product\/yoast-seo-wordpress\/ -->\n<title>Angebot f\u00fcr Bootstauchg\u00e4nge - Buddy Dive Bonaire<\/title>\n<meta name=\"description\" content=\"Angebot f\u00fcr Bootstauchg\u00e4nge - Erhalten Sie 3 KOSTENLOSE 1-Tank-Bootstauchg\u00e4nge, wenn Sie ein Bootstauchpaket buchen! Entdecken Sie die unglaublichen Riffe von Bonaire zu einem erm\u00e4\u00dfigten Preis.\" \/>\n<meta name=\"robots\" content=\"index, follow, max-snippet:-1, max-image-preview:large, max-video-preview:-1\" \/>\n<link rel=\"canonical\" href=\"https:\/\/buddydive.com\/de\/angebot-fuer-bootstauchgaenge\/\" \/>\n<meta property=\"og:locale\" content=\"de_DE\" \/>\n<meta property=\"og:type\" content=\"article\" \/>\n<meta property=\"og:title\" content=\"Angebot f\u00fcr Bootstauchg\u00e4nge - Buddy Dive Bonaire\" \/>\n<meta property=\"og:description\" content=\"Angebot f\u00fcr Bootstauchg\u00e4nge - Erhalten Sie 3 KOSTENLOSE 1-Tank-Bootstauchg\u00e4nge, wenn Sie ein Bootstauchpaket buchen! Entdecken Sie die unglaublichen Riffe von Bonaire zu einem erm\u00e4\u00dfigten Preis.\" \/>\n<meta property=\"og:url\" content=\"https:\/\/buddydive.com\/de\/angebot-fuer-bootstauchgaenge\/\" \/>\n<meta property=\"og:site_name\" content=\"Buddy Dive Bonaire\" \/>\n<meta property=\"article:publisher\" content=\"https:\/\/www.facebook.com\/buddydiveresort\" \/>\n<meta property=\"article:modified_time\" content=\"2024-04-19T18:36:18+00:00\" \/>\n<meta name=\"twitter:card\" content=\"summary_large_image\" \/>\n<meta name=\"twitter:site\" content=\"@buddydive\" \/>\n<meta name=\"twitter:label1\" content=\"Gesch\u00e4tzte Lesezeit\" \/>\n\t<meta name=\"twitter:data1\" content=\"3\u00a0Minuten\" \/>\n<script type=\"application\/ld+json\" class=\"yoast-schema-graph\">{\"@context\":\"https:\\\/\\\/schema.org\",\"@graph\":[{\"@type\":\"WebPage\",\"@id\":\"https:\\\/\\\/buddydive.com\\\/de\\\/angebot-fuer-bootstauchgaenge\\\/\",\"url\":\"https:\\\/\\\/buddydive.com\\\/de\\\/angebot-fuer-bootstauchgaenge\\\/\",\"name\":\"Angebot f\u00fcr Bootstauchg\u00e4nge - Buddy Dive Bonaire\",\"isPartOf\":{\"@id\":\"https:\\\/\\\/buddydive.com\\\/de\\\/#website\"},\"datePublished\":\"2024-04-16T19:00:34+00:00\",\"dateModified\":\"2024-04-19T18:36:18+00:00\",\"description\":\"Angebot f\u00fcr Bootstauchg\u00e4nge - Erhalten Sie 3 KOSTENLOSE 1-Tank-Bootstauchg\u00e4nge, wenn Sie ein Bootstauchpaket buchen! Entdecken Sie die unglaublichen Riffe von Bonaire zu einem erm\u00e4\u00dfigten Preis.\",\"breadcrumb\":{\"@id\":\"https:\\\/\\\/buddydive.com\\\/de\\\/angebot-fuer-bootstauchgaenge\\\/#breadcrumb\"},\"inLanguage\":\"de\",\"potentialAction\":[{\"@type\":\"ReadAction\",\"target\":[\"https:\\\/\\\/buddydive.com\\\/de\\\/angebot-fuer-bootstauchgaenge\\\/\"]}]},{\"@type\":\"BreadcrumbList\",\"@id\":\"https:\\\/\\\/buddydive.com\\\/de\\\/angebot-fuer-bootstauchgaenge\\\/#breadcrumb\",\"itemListElement\":[{\"@type\":\"ListItem\",\"position\":1,\"name\":\"Home\",\"item\":\"https:\\\/\\\/buddydive.com\\\/de\\\/\"},{\"@type\":\"ListItem\",\"position\":2,\"name\":\"Angebot f\u00fcr Bootstauchg\u00e4nge\"}]},{\"@type\":\"WebSite\",\"@id\":\"https:\\\/\\\/buddydive.com\\\/de\\\/#website\",\"url\":\"https:\\\/\\\/buddydive.com\\\/de\\\/\",\"name\":\"Buddy Dive Bonaire\",\"description\":\"My WordPress Blog\",\"potentialAction\":[{\"@type\":\"SearchAction\",\"target\":{\"@type\":\"EntryPoint\",\"urlTemplate\":\"https:\\\/\\\/buddydive.com\\\/de\\\/?s={search_term_string}\"},\"query-input\":{\"@type\":\"PropertyValueSpecification\",\"valueRequired\":true,\"valueName\":\"search_term_string\"}}],\"inLanguage\":\"de\"}]}<\/script>\n<!-- \/ Yoast SEO plugin. -->","yoast_head_json":{"title":"Angebot f\u00fcr Bootstauchg\u00e4nge - Buddy Dive Bonaire","description":"Angebot f\u00fcr Bootstauchg\u00e4nge - Erhalten Sie 3 KOSTENLOSE 1-Tank-Bootstauchg\u00e4nge, wenn Sie ein Bootstauchpaket buchen! Entdecken Sie die unglaublichen Riffe von Bonaire zu einem erm\u00e4\u00dfigten Preis.","robots":{"index":"index","follow":"follow","max-snippet":"max-snippet:-1","max-image-preview":"max-image-preview:large","max-video-preview":"max-video-preview:-1"},"canonical":"https:\/\/buddydive.com\/de\/angebot-fuer-bootstauchgaenge\/","og_locale":"de_DE","og_type":"article","og_title":"Angebot f\u00fcr Bootstauchg\u00e4nge - Buddy Dive Bonaire","og_description":"Angebot f\u00fcr Bootstauchg\u00e4nge - Erhalten Sie 3 KOSTENLOSE 1-Tank-Bootstauchg\u00e4nge, wenn Sie ein Bootstauchpaket buchen! Entdecken Sie die unglaublichen Riffe von Bonaire zu einem erm\u00e4\u00dfigten Preis.","og_url":"https:\/\/buddydive.com\/de\/angebot-fuer-bootstauchgaenge\/","og_site_name":"Buddy Dive Bonaire","article_publisher":"https:\/\/www.facebook.com\/buddydiveresort","article_modified_time":"2024-04-19T18:36:18+00:00","twitter_card":"summary_large_image","twitter_site":"@buddydive","twitter_misc":{"Gesch\u00e4tzte Lesezeit":"3\u00a0Minuten"},"schema":{"@context":"https:\/\/schema.org","@graph":[{"@type":"WebPage","@id":"https:\/\/buddydive.com\/de\/angebot-fuer-bootstauchgaenge\/","url":"https:\/\/buddydive.com\/de\/angebot-fuer-bootstauchgaenge\/","name":"Angebot f\u00fcr Bootstauchg\u00e4nge - Buddy Dive Bonaire","isPartOf":{"@id":"https:\/\/buddydive.com\/de\/#website"},"datePublished":"2024-04-16T19:00:34+00:00","dateModified":"2024-04-19T18:36:18+00:00","description":"Angebot f\u00fcr Bootstauchg\u00e4nge - Erhalten Sie 3 KOSTENLOSE 1-Tank-Bootstauchg\u00e4nge, wenn Sie ein Bootstauchpaket buchen! Entdecken Sie die unglaublichen Riffe von Bonaire zu einem erm\u00e4\u00dfigten Preis.","breadcrumb":{"@id":"https:\/\/buddydive.com\/de\/angebot-fuer-bootstauchgaenge\/#breadcrumb"},"inLanguage":"de","potentialAction":[{"@type":"ReadAction","target":["https:\/\/buddydive.com\/de\/angebot-fuer-bootstauchgaenge\/"]}]},{"@type":"BreadcrumbList","@id":"https:\/\/buddydive.com\/de\/angebot-fuer-bootstauchgaenge\/#breadcrumb","itemListElement":[{"@type":"ListItem","position":1,"name":"Home","item":"https:\/\/buddydive.com\/de\/"},{"@type":"ListItem","position":2,"name":"Angebot f\u00fcr Bootstauchg\u00e4nge"}]},{"@type":"WebSite","@id":"https:\/\/buddydive.com\/de\/#website","url":"https:\/\/buddydive.com\/de\/","name":"Buddy Dive Bonaire","description":"My WordPress Blog","potentialAction":[{"@type":"SearchAction","target":{"@type":"EntryPoint","urlTemplate":"https:\/\/buddydive.com\/de\/?s={search_term_string}"},"query-input":{"@type":"PropertyValueSpecification","valueRequired":true,"valueName":"search_term_string"}}],"inLanguage":"de"}]}},"_links":{"self":[{"href":"https:\/\/buddydive.com\/de\/wp-json\/wp\/v2\/pages\/26099","targetHints":{"allow":["GET"]}}],"collection":[{"href":"https:\/\/buddydive.com\/de\/wp-json\/wp\/v2\/pages"}],"about":[{"href":"https:\/\/buddydive.com\/de\/wp-json\/wp\/v2\/types\/page"}],"author":[{"embeddable":true,"href":"https:\/\/buddydive.com\/de\/wp-json\/wp\/v2\/users\/2"}],"replies":[{"embeddable":true,"href":"https:\/\/buddydive.com\/de\/wp-json\/wp\/v2\/comments?post=26099"}],"version-history":[{"count":6,"href":"https:\/\/buddydive.com\/de\/wp-json\/wp\/v2\/pages\/26099\/revisions"}],"predecessor-version":[{"id":26197,"href":"https:\/\/buddydive.com\/de\/wp-json\/wp\/v2\/pages\/26099\/revisions\/26197"}],"wp:attachment":[{"href":"https:\/\/buddydive.com\/de\/wp-json\/wp\/v2\/media?parent=26099"}],"curies":[{"name":"wp","href":"https:\/\/api.w.org\/{rel}","templated":true}]}}