{"id":23845,"date":"2023-10-05T19:35:14","date_gmt":"2023-10-05T19:35:14","guid":{"rendered":"https:\/\/buddydive.com\/hilma-hooker\/"},"modified":"2025-06-12T20:11:10","modified_gmt":"2025-06-12T20:11:10","slug":"hilma-hooker","status":"publish","type":"page","link":"https:\/\/buddydive.com\/de\/hilma-hooker\/","title":{"rendered":"Hilma Hooker"},"content":{"rendered":"<div class=\"wpb-content-wrapper\">[vc_row][vc_column][vc_column_text css=&#8220;&#8220;]\n<h2>Hilma-Hooker-Woche &#8211; Eintauchen in die Geschichte<\/h2>\n<p><em>September 13 -19, 2025<br \/>\nSeptember 12 &#8211; 18, 2026<\/em><\/p>\n<p>Nehmen Sie an einer ganzen Woche teil, die dem faszinierenden Erbe des <a href=\"https:\/\/www.scubadiving.com\/history-bonaire-hilma-hooker-shipwreck\">Hilma Hooker Schiffswracks<\/a> gewidmet ist. Die Hilma Hooker, ein gesunkenes Frachtschiff, das auf dem Meeresgrund liegt, nimmt in der Welt des Wracktauchens einen einzigartigen Platz ein. Bei dieser j\u00e4hrlichen Feier k\u00f6nnen Taucher in ihre Geschichte eintauchen und ihre Tiefen erforschen. Das Buddy Dive Resort l\u00e4dt Sie ein, Teil dieses bemerkenswerten Unterwasserabenteuers zu werden.<\/p>\n<p><strong>Wochenlange Aktivit\u00e4ten:<\/strong><\/p>\n<ul>\n<li><strong>Wrack-Spezialkurs &#8211; $245 p.P.: <\/strong> Sowohl Tauchbegeisterte als auch Anf\u00e4nger k\u00f6nnen an unserem Wrack-Spezialkurs teilnehmen. Unter der Leitung unserer erfahrenen Tauchlehrer erlernen Sie die F\u00e4higkeiten und Kenntnisse, die Sie ben\u00f6tigen, um Schiffswracks wie die Hilma Hooker sicher zu navigieren und zu erkunden.<\/li>\n<li><strong style=\"font-size: 1.4rem;\">Gef\u00fchrter Penetrationstauchgang &#8211; $50 p.P.: <\/strong><span style=\"font-size: 1.4rem;\"> Zertifizierte Wracktaucher k\u00f6nnen an einem gef\u00fchrten Penetrationstauchgang im Inneren der Hilma Hooker teilnehmen. Wagen Sie sich in das geheimnisvolle Innere des Wracks, wo sich Geschichte und Meeresleben zu einem unvergesslichen Unterwassererlebnis vereinen.<\/span><\/li>\n<li><strong style=\"font-size: 1.4rem;\">Wrack-Tauchgang bei Nacht &#8211; $65 p.P.:<\/strong><span style=\"font-size: 1.4rem;\"> Werden Sie bei einem Nachttauchgang Zeuge der Verwandlung der Hilma Hooker. Beobachten Sie im Schein Ihrer Tauchlampe die n\u00e4chtlichen Meeresbewohner, die das Wrack ihr Zuhause nennen.<\/span><\/li>\n<li><strong style=\"font-size: 1.4rem;\">Kostenloses Schnuppertauchen zu zweit:<\/strong><span style=\"font-size: 1.4rem;\"> Sind Sie neugierig auf das Tauchen zu zweit? Unsere Tauchlehrer f\u00fchren Sie in die Welt des Tauchens mit zwei Flaschen ein. Lernen Sie die Techniken und die Ausr\u00fcstung f\u00fcr diesen fortgeschrittenen Tauchstil kennen.<\/span><\/li>\n<li><strong style=\"font-size: 1.4rem;\">Kostenlose Pr\u00e4sentation bei Blennies:<\/strong><span style=\"font-size: 1.4rem;\">Erfahren Sie mehr \u00fcber die Geschichte der Hilma Hooker w\u00e4hrend unserer informativen Pr\u00e4sentation in Blennies. Erfahren Sie mehr \u00fcber die Reise des Schiffes, seine Bedeutung f\u00fcr das Wracktauchen und die Geschichten, die sich um es ranken.<\/span><\/li>\n<li><strong style=\"font-size: 1.4rem;\">Gezielte Bootstauchg\u00e4nge zum Wrack:<\/strong><span style=\"font-size: 1.4rem;\"> W\u00e4hrend der gesamten Woche bieten wir spezielle Bootstauchg\u00e4nge zur Hilma Hooker an. Erkunden Sie das Wrack mehrmals und enth\u00fcllen Sie bei jedem Tauchgang neue Geheimnisse. Unsere Divemaster begleiten Sie auf dieser bemerkenswerten Reise. <\/span><\/li>\n<\/ul>\n[\/vc_column_text][vc_empty_space][vc_separator][vc_column_text css=&#8220;&#8220;]<strong>Reservieren Sie Ihren Platz<\/strong><\/p>\n<p>Machen Sie das Beste aus dieser au\u00dfergew\u00f6hnlichen Woche. Egal, ob Sie ein erfahrener Taucher oder ein Neuling in der Unterwasserwelt sind, es wartet ein Abenteuer auf Sie. Sichern Sie sich Ihren Platz f\u00fcr die Hilma Hooker-Woche im Buddy Dive Resort. Buchen Sie Ihr <a href=\"https:\/\/buddydive.com\/de\/resort\/preise-angebote\/\">Drive &amp; Dive-Bootstauchpaket<\/a> und begleiten Sie uns zu diesem unvergesslichen Abenteuer!<\/p>\n<p>F\u00fcr detaillierte Informationen, Preise und Reservierungen kontaktieren Sie uns bitte unter <span style=\"color: #ff6600;\"><a style=\"color: #ff6600;\" href=\"mailto:reservations@buddydive.com\">reservations@buddydive.com<\/a>.<\/span><\/p>\n<p><strong>\u00dcber die Hilma Hooker:<\/strong><\/p>\n<ul>\n<li>1951 in den Niederlanden als \u201eMidsland\u201c gebaut.<\/li>\n<li>Mehrmals umbenannt und schlie\u00dflich \u201eHilma Hooker\u201c genannt.<\/li>\n<li>1975 vor Saman\u00e1, Dominikanische Republik, gesunken.<\/li>\n<li>Aufgrund von Drogenproblemen beschlagnahmt, w\u00e4hrend es in Bonaire angedockt war.<\/li>\n<li>Nach Monaten der Vernachl\u00e4ssigung sank es am 12. September 1984.<\/li>\n<li>Jetzt liegt es auf einer Sandbank zwischen zwei Korallenriffsystemen und ist eine Hauptattraktion f\u00fcr Sporttaucher.<\/li>\n<\/ul>\n<p><strong>Tauchplatz:<\/strong><\/p>\n<p>Die Hilma Hooker liegt in etwa 30 m Tiefe und Das Wrack ist 73 m lang und bietet reichlich Gelegenheit zur Erkundung. Obwohl das Wrack nur in relativ geringem Ma\u00dfe durch Penetrationstauchg\u00e4nge erkundet werden kann, ist es f\u00fcr Taucher dennoch ein faszinierendes Ziel.<\/p>\n<h3 style=\"text-align: center;\"><\/h3>\n[\/vc_column_text][vc_images_carousel images=&#8220;23820,23823,23826,23829&#8243; speed=&#8220;7000&#8243; slides_per_view=&#8220;3&#8243; wrap=&#8220;yes&#8220;][\/vc_column][\/vc_row]\n<\/div>","protected":false},"excerpt":{"rendered":"<p>[vc_row][vc_column][vc_column_text css=&#8220;&#8220;] Hilma-Hooker-Woche &#8211; Eintauchen in die Geschichte September 13 -19, 2025 September 12 &#8211; 18, 2026 Nehmen Sie an [&hellip;]<\/p>\n","protected":false},"author":2,"featured_media":0,"parent":0,"menu_order":0,"comment_status":"closed","ping_status":"closed","template":"","meta":{"footnotes":""},"class_list":["post-23845","page","type-page","status-publish","hentry"],"yoast_head":"<!-- This site is optimized with the Yoast SEO plugin v27.4 - https:\/\/yoast.com\/product\/yoast-seo-wordpress\/ -->\n<title>Hilma Hooker - Buddy Dive Bonaire<\/title>\n<meta name=\"description\" content=\"Begleiten Sie uns eine ganze Woche lang im Zeichen des faszinierenden Erbes von Hilma Hookers Schiffbruch. Die Hilma Hooker, ein versunkenes Frachtschiff, das auf dem Meeresboden ruht, nimmt in der Welt des Wracktauchens einen einzigartigen Platz ein.\" \/>\n<meta name=\"robots\" content=\"index, follow, max-snippet:-1, max-image-preview:large, max-video-preview:-1\" \/>\n<link rel=\"canonical\" href=\"https:\/\/buddydive.com\/de\/hilma-hooker\/\" \/>\n<meta property=\"og:locale\" content=\"de_DE\" \/>\n<meta property=\"og:type\" content=\"article\" \/>\n<meta property=\"og:title\" content=\"Hilma Hooker - Buddy Dive Bonaire\" \/>\n<meta property=\"og:description\" content=\"Begleiten Sie uns eine ganze Woche lang im Zeichen des faszinierenden Erbes von Hilma Hookers Schiffbruch. Die Hilma Hooker, ein versunkenes Frachtschiff, das auf dem Meeresboden ruht, nimmt in der Welt des Wracktauchens einen einzigartigen Platz ein.\" \/>\n<meta property=\"og:url\" content=\"https:\/\/buddydive.com\/de\/hilma-hooker\/\" \/>\n<meta property=\"og:site_name\" content=\"Buddy Dive Bonaire\" \/>\n<meta property=\"article:publisher\" content=\"https:\/\/www.facebook.com\/buddydiveresort\" \/>\n<meta property=\"article:modified_time\" content=\"2025-06-12T20:11:10+00:00\" \/>\n<meta name=\"twitter:card\" content=\"summary_large_image\" \/>\n<meta name=\"twitter:site\" content=\"@buddydive\" \/>\n<meta name=\"twitter:label1\" content=\"Gesch\u00e4tzte Lesezeit\" \/>\n\t<meta name=\"twitter:data1\" content=\"3\u00a0Minuten\" \/>\n<script type=\"application\/ld+json\" class=\"yoast-schema-graph\">{\"@context\":\"https:\\\/\\\/schema.org\",\"@graph\":[{\"@type\":\"WebPage\",\"@id\":\"https:\\\/\\\/buddydive.com\\\/de\\\/hilma-hooker\\\/\",\"url\":\"https:\\\/\\\/buddydive.com\\\/de\\\/hilma-hooker\\\/\",\"name\":\"Hilma Hooker - Buddy Dive Bonaire\",\"isPartOf\":{\"@id\":\"https:\\\/\\\/buddydive.com\\\/de\\\/#website\"},\"datePublished\":\"2023-10-05T19:35:14+00:00\",\"dateModified\":\"2025-06-12T20:11:10+00:00\",\"description\":\"Begleiten Sie uns eine ganze Woche lang im Zeichen des faszinierenden Erbes von Hilma Hookers Schiffbruch. Die Hilma Hooker, ein versunkenes Frachtschiff, das auf dem Meeresboden ruht, nimmt in der Welt des Wracktauchens einen einzigartigen Platz ein.\",\"breadcrumb\":{\"@id\":\"https:\\\/\\\/buddydive.com\\\/de\\\/hilma-hooker\\\/#breadcrumb\"},\"inLanguage\":\"de\",\"potentialAction\":[{\"@type\":\"ReadAction\",\"target\":[\"https:\\\/\\\/buddydive.com\\\/de\\\/hilma-hooker\\\/\"]}]},{\"@type\":\"BreadcrumbList\",\"@id\":\"https:\\\/\\\/buddydive.com\\\/de\\\/hilma-hooker\\\/#breadcrumb\",\"itemListElement\":[{\"@type\":\"ListItem\",\"position\":1,\"name\":\"Home\",\"item\":\"https:\\\/\\\/buddydive.com\\\/de\\\/\"},{\"@type\":\"ListItem\",\"position\":2,\"name\":\"Hilma Hooker\"}]},{\"@type\":\"WebSite\",\"@id\":\"https:\\\/\\\/buddydive.com\\\/de\\\/#website\",\"url\":\"https:\\\/\\\/buddydive.com\\\/de\\\/\",\"name\":\"Buddy Dive Bonaire\",\"description\":\"My WordPress Blog\",\"potentialAction\":[{\"@type\":\"SearchAction\",\"target\":{\"@type\":\"EntryPoint\",\"urlTemplate\":\"https:\\\/\\\/buddydive.com\\\/de\\\/?s={search_term_string}\"},\"query-input\":{\"@type\":\"PropertyValueSpecification\",\"valueRequired\":true,\"valueName\":\"search_term_string\"}}],\"inLanguage\":\"de\"}]}<\/script>\n<!-- \/ Yoast SEO plugin. -->","yoast_head_json":{"title":"Hilma Hooker - Buddy Dive Bonaire","description":"Begleiten Sie uns eine ganze Woche lang im Zeichen des faszinierenden Erbes von Hilma Hookers Schiffbruch. Die Hilma Hooker, ein versunkenes Frachtschiff, das auf dem Meeresboden ruht, nimmt in der Welt des Wracktauchens einen einzigartigen Platz ein.","robots":{"index":"index","follow":"follow","max-snippet":"max-snippet:-1","max-image-preview":"max-image-preview:large","max-video-preview":"max-video-preview:-1"},"canonical":"https:\/\/buddydive.com\/de\/hilma-hooker\/","og_locale":"de_DE","og_type":"article","og_title":"Hilma Hooker - Buddy Dive Bonaire","og_description":"Begleiten Sie uns eine ganze Woche lang im Zeichen des faszinierenden Erbes von Hilma Hookers Schiffbruch. Die Hilma Hooker, ein versunkenes Frachtschiff, das auf dem Meeresboden ruht, nimmt in der Welt des Wracktauchens einen einzigartigen Platz ein.","og_url":"https:\/\/buddydive.com\/de\/hilma-hooker\/","og_site_name":"Buddy Dive Bonaire","article_publisher":"https:\/\/www.facebook.com\/buddydiveresort","article_modified_time":"2025-06-12T20:11:10+00:00","twitter_card":"summary_large_image","twitter_site":"@buddydive","twitter_misc":{"Gesch\u00e4tzte Lesezeit":"3\u00a0Minuten"},"schema":{"@context":"https:\/\/schema.org","@graph":[{"@type":"WebPage","@id":"https:\/\/buddydive.com\/de\/hilma-hooker\/","url":"https:\/\/buddydive.com\/de\/hilma-hooker\/","name":"Hilma Hooker - Buddy Dive Bonaire","isPartOf":{"@id":"https:\/\/buddydive.com\/de\/#website"},"datePublished":"2023-10-05T19:35:14+00:00","dateModified":"2025-06-12T20:11:10+00:00","description":"Begleiten Sie uns eine ganze Woche lang im Zeichen des faszinierenden Erbes von Hilma Hookers Schiffbruch. Die Hilma Hooker, ein versunkenes Frachtschiff, das auf dem Meeresboden ruht, nimmt in der Welt des Wracktauchens einen einzigartigen Platz ein.","breadcrumb":{"@id":"https:\/\/buddydive.com\/de\/hilma-hooker\/#breadcrumb"},"inLanguage":"de","potentialAction":[{"@type":"ReadAction","target":["https:\/\/buddydive.com\/de\/hilma-hooker\/"]}]},{"@type":"BreadcrumbList","@id":"https:\/\/buddydive.com\/de\/hilma-hooker\/#breadcrumb","itemListElement":[{"@type":"ListItem","position":1,"name":"Home","item":"https:\/\/buddydive.com\/de\/"},{"@type":"ListItem","position":2,"name":"Hilma Hooker"}]},{"@type":"WebSite","@id":"https:\/\/buddydive.com\/de\/#website","url":"https:\/\/buddydive.com\/de\/","name":"Buddy Dive Bonaire","description":"My WordPress Blog","potentialAction":[{"@type":"SearchAction","target":{"@type":"EntryPoint","urlTemplate":"https:\/\/buddydive.com\/de\/?s={search_term_string}"},"query-input":{"@type":"PropertyValueSpecification","valueRequired":true,"valueName":"search_term_string"}}],"inLanguage":"de"}]}},"_links":{"self":[{"href":"https:\/\/buddydive.com\/de\/wp-json\/wp\/v2\/pages\/23845","targetHints":{"allow":["GET"]}}],"collection":[{"href":"https:\/\/buddydive.com\/de\/wp-json\/wp\/v2\/pages"}],"about":[{"href":"https:\/\/buddydive.com\/de\/wp-json\/wp\/v2\/types\/page"}],"author":[{"embeddable":true,"href":"https:\/\/buddydive.com\/de\/wp-json\/wp\/v2\/users\/2"}],"replies":[{"embeddable":true,"href":"https:\/\/buddydive.com\/de\/wp-json\/wp\/v2\/comments?post=23845"}],"version-history":[{"count":12,"href":"https:\/\/buddydive.com\/de\/wp-json\/wp\/v2\/pages\/23845\/revisions"}],"predecessor-version":[{"id":32009,"href":"https:\/\/buddydive.com\/de\/wp-json\/wp\/v2\/pages\/23845\/revisions\/32009"}],"wp:attachment":[{"href":"https:\/\/buddydive.com\/de\/wp-json\/wp\/v2\/media?parent=23845"}],"curies":[{"name":"wp","href":"https:\/\/api.w.org\/{rel}","templated":true}]}}