{"id":19964,"date":"2022-12-27T11:03:23","date_gmt":"2022-12-27T11:03:23","guid":{"rendered":"https:\/\/buddydive.com\/faq\/stornierungsbedingungen\/"},"modified":"2023-02-09T11:12:48","modified_gmt":"2023-02-09T11:12:48","slug":"stornierungsbedingungen","status":"publish","type":"page","link":"https:\/\/buddydive.com\/de\/faq\/stornierungsbedingungen\/","title":{"rendered":"Stornierungsbedingungen"},"content":{"rendered":"<p><b><span lang=\"EN-US\" style=\"font-family: 'Arial',sans-serif;\">Widerrufsbelehrung<\/span><\/b><\/p>\n<ol>\n<li><em>Eine Stornierungsgeb\u00fchr von 25 % der best\u00e4tigten Buchung wird erhoben, wenn eine Reservierung zwischen <\/em><em>60 <\/em storniert wird (oder Zimmer im Falle einer Gruppenreservierung freigegeben\/reduziert werden). ><em>\u2013 29 Tage vor der geplanten Ankunft. <\/em><\/li>\n<li><em>Eine Stornierungsgeb\u00fchr in H\u00f6he von 50 % der best\u00e4tigten Buchung wird erhoben, wenn eine Reservierung zwischen 28 und 15 Tagen vor der geplanten Ankunft storniert wird (oder die Zimmer im Falle einer Gruppenreservierung freigegeben\/reduziert werden). <\/em><\/li>\n<li><em>Eine Stornogeb\u00fchr in H\u00f6he von 75 % der best\u00e4tigten Buchung wird erhoben, wenn eine Reservierung zwischen 14 und 1 Tag vor der geplanten Ankunft storniert wird (oder Zimmer im Falle einer Gruppenreservierung freigegeben\/reduziert werden). <\/em><\/li>\n<li><em>Stornierungen am Anreisetag und\/oder Nichterscheinen: 100 % der Reservierung sind nicht erstattungsf\u00e4hig\/nicht \u00fcbertragbar. <\/em><\/li>\n<li><em>Stornierungen sind nur g\u00fcltig, wenn sie von unserem CRO schriftlich best\u00e4tigt wurden. <\/em><\/li>\n<li><em>Nicht genutzte Teile des Hotels und\/oder eines Teils eines Paketplans (einschlie\u00dflich Tauchg\u00e4nge), die nicht auf Wunsch des Kunden in Anspruch genommen wurden, oder Tauchg\u00e4nge, die von G\u00e4sten aufgrund von schlechtem Wetter und\/oder h\u00f6herer Gewalt nicht in Anspruch genommen wurden (dies schlie\u00dft Covid -bezogene oder andere Pandemieprobleme) sind nicht \u00fcbertragbar und nicht erstattungsf\u00e4hig. <\/em><\/li>\n<li><em>Einzahlungen sind nicht erstattungsf\u00e4hig\/nicht \u00fcbertragbar. <\/em><\/li>\n<\/ol>\n<p><i><span lang=\"EN-US\" style=\"font-size: 9.0pt; font-family: 'Arial',sans-serif;\">Um unn\u00f6tige Stornierungsgeb\u00fchren und -kosten zu vermeiden, empfehlen wir dringend alle Kunden, eine Reiseversicherung abzuschlie\u00dfen.<\/span><\/i><\/p>\n<p><span lang=\"EN-US\" style=\"font-size: 9.0pt; font-family: 'Arial',sans-serif;\">Bitte z\u00f6gern Sie nicht, reservations@buddydive.com zu kontaktieren, falls Sie Fragen haben . <\/span><\/p>\n","protected":false},"excerpt":{"rendered":"<p>Widerrufsbelehrung Eine Stornierungsgeb\u00fchr von 25 % der best\u00e4tigten Buchung wird erhoben, wenn eine Reservierung zwischen 60 \u2013 29 Tage vor [&hellip;]<\/p>\n","protected":false},"author":2,"featured_media":0,"parent":5863,"menu_order":0,"comment_status":"closed","ping_status":"closed","template":"","meta":{"footnotes":""},"class_list":["post-19964","page","type-page","status-publish","hentry"],"yoast_head":"<!-- This site is optimized with the Yoast SEO plugin v27.0 - https:\/\/yoast.com\/product\/yoast-seo-wordpress\/ -->\n<title>Stornierungsbedingungen - Buddy Dive Bonaire<\/title>\n<meta name=\"description\" content=\"Stornierungsbedingungen f\u00fcr Buddy Dive Resorts\" \/>\n<meta name=\"robots\" content=\"index, follow, max-snippet:-1, max-image-preview:large, max-video-preview:-1\" \/>\n<link rel=\"canonical\" href=\"https:\/\/buddydive.com\/de\/faq\/stornierungsbedingungen\/\" \/>\n<meta property=\"og:locale\" content=\"de_DE\" \/>\n<meta property=\"og:type\" content=\"article\" \/>\n<meta property=\"og:title\" content=\"Stornierungsbedingungen - Buddy Dive Bonaire\" \/>\n<meta property=\"og:description\" content=\"Stornierungsbedingungen f\u00fcr Buddy Dive Resorts\" \/>\n<meta property=\"og:url\" content=\"https:\/\/buddydive.com\/de\/faq\/stornierungsbedingungen\/\" \/>\n<meta property=\"og:site_name\" content=\"Buddy Dive Bonaire\" \/>\n<meta property=\"article:publisher\" content=\"https:\/\/www.facebook.com\/buddydiveresort\" \/>\n<meta property=\"article:modified_time\" content=\"2023-02-09T11:12:48+00:00\" \/>\n<meta name=\"twitter:card\" content=\"summary_large_image\" \/>\n<meta name=\"twitter:site\" content=\"@buddydive\" \/>\n<meta name=\"twitter:label1\" content=\"Gesch\u00e4tzte Lesezeit\" \/>\n\t<meta name=\"twitter:data1\" content=\"1\u00a0Minute\" \/>\n<script type=\"application\/ld+json\" class=\"yoast-schema-graph\">{\"@context\":\"https:\/\/schema.org\",\"@graph\":[{\"@type\":\"WebPage\",\"@id\":\"https:\/\/buddydive.com\/de\/faq\/stornierungsbedingungen\/\",\"url\":\"https:\/\/buddydive.com\/de\/faq\/stornierungsbedingungen\/\",\"name\":\"Stornierungsbedingungen - Buddy Dive Bonaire\",\"isPartOf\":{\"@id\":\"https:\/\/buddydive.com\/de\/#website\"},\"datePublished\":\"2022-12-27T11:03:23+00:00\",\"dateModified\":\"2023-02-09T11:12:48+00:00\",\"description\":\"Stornierungsbedingungen f\u00fcr Buddy Dive Resorts\",\"breadcrumb\":{\"@id\":\"https:\/\/buddydive.com\/de\/faq\/stornierungsbedingungen\/#breadcrumb\"},\"inLanguage\":\"de\",\"potentialAction\":[{\"@type\":\"ReadAction\",\"target\":[\"https:\/\/buddydive.com\/de\/faq\/stornierungsbedingungen\/\"]}]},{\"@type\":\"BreadcrumbList\",\"@id\":\"https:\/\/buddydive.com\/de\/faq\/stornierungsbedingungen\/#breadcrumb\",\"itemListElement\":[{\"@type\":\"ListItem\",\"position\":1,\"name\":\"Home\",\"item\":\"https:\/\/buddydive.com\/de\/\"},{\"@type\":\"ListItem\",\"position\":2,\"name\":\"F.A.Q.\",\"item\":\"https:\/\/buddydive.com\/de\/faq\/\"},{\"@type\":\"ListItem\",\"position\":3,\"name\":\"Stornierungsbedingungen\"}]},{\"@type\":\"WebSite\",\"@id\":\"https:\/\/buddydive.com\/de\/#website\",\"url\":\"https:\/\/buddydive.com\/de\/\",\"name\":\"Buddy Dive Bonaire\",\"description\":\"My WordPress Blog\",\"potentialAction\":[{\"@type\":\"SearchAction\",\"target\":{\"@type\":\"EntryPoint\",\"urlTemplate\":\"https:\/\/buddydive.com\/de\/?s={search_term_string}\"},\"query-input\":{\"@type\":\"PropertyValueSpecification\",\"valueRequired\":true,\"valueName\":\"search_term_string\"}}],\"inLanguage\":\"de\"}]}<\/script>\n<!-- \/ Yoast SEO plugin. -->","yoast_head_json":{"title":"Stornierungsbedingungen - Buddy Dive Bonaire","description":"Stornierungsbedingungen f\u00fcr Buddy Dive Resorts","robots":{"index":"index","follow":"follow","max-snippet":"max-snippet:-1","max-image-preview":"max-image-preview:large","max-video-preview":"max-video-preview:-1"},"canonical":"https:\/\/buddydive.com\/de\/faq\/stornierungsbedingungen\/","og_locale":"de_DE","og_type":"article","og_title":"Stornierungsbedingungen - Buddy Dive Bonaire","og_description":"Stornierungsbedingungen f\u00fcr Buddy Dive Resorts","og_url":"https:\/\/buddydive.com\/de\/faq\/stornierungsbedingungen\/","og_site_name":"Buddy Dive Bonaire","article_publisher":"https:\/\/www.facebook.com\/buddydiveresort","article_modified_time":"2023-02-09T11:12:48+00:00","twitter_card":"summary_large_image","twitter_site":"@buddydive","twitter_misc":{"Gesch\u00e4tzte Lesezeit":"1\u00a0Minute"},"schema":{"@context":"https:\/\/schema.org","@graph":[{"@type":"WebPage","@id":"https:\/\/buddydive.com\/de\/faq\/stornierungsbedingungen\/","url":"https:\/\/buddydive.com\/de\/faq\/stornierungsbedingungen\/","name":"Stornierungsbedingungen - Buddy Dive Bonaire","isPartOf":{"@id":"https:\/\/buddydive.com\/de\/#website"},"datePublished":"2022-12-27T11:03:23+00:00","dateModified":"2023-02-09T11:12:48+00:00","description":"Stornierungsbedingungen f\u00fcr Buddy Dive Resorts","breadcrumb":{"@id":"https:\/\/buddydive.com\/de\/faq\/stornierungsbedingungen\/#breadcrumb"},"inLanguage":"de","potentialAction":[{"@type":"ReadAction","target":["https:\/\/buddydive.com\/de\/faq\/stornierungsbedingungen\/"]}]},{"@type":"BreadcrumbList","@id":"https:\/\/buddydive.com\/de\/faq\/stornierungsbedingungen\/#breadcrumb","itemListElement":[{"@type":"ListItem","position":1,"name":"Home","item":"https:\/\/buddydive.com\/de\/"},{"@type":"ListItem","position":2,"name":"F.A.Q.","item":"https:\/\/buddydive.com\/de\/faq\/"},{"@type":"ListItem","position":3,"name":"Stornierungsbedingungen"}]},{"@type":"WebSite","@id":"https:\/\/buddydive.com\/de\/#website","url":"https:\/\/buddydive.com\/de\/","name":"Buddy Dive Bonaire","description":"My WordPress Blog","potentialAction":[{"@type":"SearchAction","target":{"@type":"EntryPoint","urlTemplate":"https:\/\/buddydive.com\/de\/?s={search_term_string}"},"query-input":{"@type":"PropertyValueSpecification","valueRequired":true,"valueName":"search_term_string"}}],"inLanguage":"de"}]}},"_links":{"self":[{"href":"https:\/\/buddydive.com\/de\/wp-json\/wp\/v2\/pages\/19964","targetHints":{"allow":["GET"]}}],"collection":[{"href":"https:\/\/buddydive.com\/de\/wp-json\/wp\/v2\/pages"}],"about":[{"href":"https:\/\/buddydive.com\/de\/wp-json\/wp\/v2\/types\/page"}],"author":[{"embeddable":true,"href":"https:\/\/buddydive.com\/de\/wp-json\/wp\/v2\/users\/2"}],"replies":[{"embeddable":true,"href":"https:\/\/buddydive.com\/de\/wp-json\/wp\/v2\/comments?post=19964"}],"version-history":[{"count":1,"href":"https:\/\/buddydive.com\/de\/wp-json\/wp\/v2\/pages\/19964\/revisions"}],"predecessor-version":[{"id":20566,"href":"https:\/\/buddydive.com\/de\/wp-json\/wp\/v2\/pages\/19964\/revisions\/20566"}],"up":[{"embeddable":true,"href":"https:\/\/buddydive.com\/de\/wp-json\/wp\/v2\/pages\/5863"}],"wp:attachment":[{"href":"https:\/\/buddydive.com\/de\/wp-json\/wp\/v2\/media?parent=19964"}],"curies":[{"name":"wp","href":"https:\/\/api.w.org\/{rel}","templated":true}]}}