{"id":16999,"date":"2022-07-19T14:33:57","date_gmt":"2022-07-19T14:33:57","guid":{"rendered":"https:\/\/buddydive.com\/uber-uns\/murphyn-henar-foundation\/"},"modified":"2023-03-10T15:38:47","modified_gmt":"2023-03-10T15:38:47","slug":"murphyn-henar-foundation","status":"publish","type":"page","link":"https:\/\/buddydive.com\/de\/uber-uns\/murphyn-henar-foundation\/","title":{"rendered":"Murphyn Henar Foundation"},"content":{"rendered":"<div class=\"wpb-content-wrapper\">[vc_row][vc_column][vc_column_text]\n<h1 class=\"text-uppercase\" style=\"text-align: center;\"><small>In liebevoller Erinnerung an<\/small>Murphyn Henar<\/h1>\n<p>&nbsp;<\/p>\n<p>Am 26. November 2019 verabschiedeten wir uns von unserer geliebten \u201eTauchlegende\u201c Murphyn Henar. Murph arbeitete von 1993 bis zu seinem Tod im Jahr 2019 als Dive Master f\u00fcr das Buddy Dive Resort. Er war bekannt f\u00fcr seine stets gute Laune, endlose Geduld und sein gro\u00dfes Wissen \u00fcber das Tauchen auf Bonaire. Er hat einen unvergesslichen Eindruck hinterlassen und war f\u00fcr viele Teammitglieder ein Mentor. Er war (und ist immer noch) eine wahre Ikone auf Bonaire und jeder, der ihn getroffen hat, hat eine besondere Erinnerung an Murph. Die Murphyn Henar Foundation Bonaire wurde ins Leben gerufen, um seinen gro\u00dfartigen Geist und sein Andenken zu ehren.<\/p>\n<h4><strong>Mission<\/strong><\/h4>\n<p>Murphyn wird immer sehr vermisst werden. Um seinen Geist zu ehren und die Erinnerungen am Leben zu erhalten, gr\u00fcndete Buddy Dive Resort im Jahr 2021 die Murphyn Henar Foundation. Die Mission der Murphyn Henar Foundation ist es, jungen Erwachsenen auf Bonaire die Chance auf einen Job in der Tauchbranche zu geben. Durch die Ausbildung dieser jungen Menschen, die m\u00f6glicherweise selbst nicht \u00fcber die finanziellen Mittel verf\u00fcgen, m\u00f6chten wir ihnen eine Zukunft in der florierenden Tauchindustrie auf Bonaire schaffen. Auf diese Weise setzen wir Murphyns Rolle innerhalb der Bonaire-Gesellschaft fort. Die Rolle eines Mentors, der sein Wissen \u00fcber das Tauchen auf Bonaire mit gro\u00dfer Leidenschaft und Begeisterung weitergibt. Um diese Mission zu erf\u00fcllen, hoffen wir, uns mit anderen Mitgliedern der Tauchindustrie auf Bonaire zusammenzuschlie\u00dfen. Wir hoffen, dass mehr Tauchshops Unterst\u00fctzer der Murphyn Henar Foundation werden, indem sie in ihren Einrichtungen Schulungen anbieten und die Botschaft der Stiftung an ihre G\u00e4ste weitergeben.<\/p>\n<h4><strong>Das Programm<\/strong><\/h4>\n<p>Wie setzt die Stiftung das um? Zun\u00e4chst werden die Kandidaten vom Jugendzentrum \u201e<a href=\"http:\/\/www.jongbonaire.org\/\">Jong Bonaire<\/a>\u201c ausgew\u00e4hlt. Nach einer Discover Scuba Session, um zu sehen, ob Tauchen geeignet ist, beginnt das Programm mit dem PADI Open Water Kurs. Neben allen Kursen, die notwendig sind, um ein Dive Master zu werden, durchlaufen die Sch\u00fcler ein umfangreiches Ausbildungsprogramm, um sie bestm\u00f6glich auf einen Tauchjob auf Bonaire vorzubereiten.<\/p>\n<p>Die Sch\u00fcler m\u00fcssen eine Reihe von Tauchg\u00e4ngen machen, um Erfahrungen zu sammeln und alles \u00fcber das Tauchen auf Bonaire zu erfahren. Sie werden sich den Booten des Buddy Dive Resort und anderer <a href=\"https:\/\/www.murphynhenarfoundation.org\/\"> Partner-Tauchshops der Murphyn Henar Foundation<\/a> anschlie\u00dfen, um zu sehen, wie der t\u00e4gliche Betrieb des Tauchshops funktioniert. Die Sch\u00fcler werden in Ausr\u00fcstungs- und Tankwartung, Gastfreundschaft und G\u00e4stemanagement geschult und sie machen eine Reihe von Abenteuertauchg\u00e4ngen wie Fischidentifizierung, Tarierung in H\u00f6chstleistung und Reef Renewal und sie werden an Reinigungstauchg\u00e4ngen teilnehmen. Wenn die Sch\u00fcler das Programm beendet haben, werden Sie es schwer haben, Tauchlehrer mit mehr Wissen, F\u00e4higkeiten und Leidenschaft f\u00fcr die Unterwasserwelt von Bonaire zu finden.<\/p>\n<h4><strong>Was k\u00f6nnen Sie tun, um zu helfen?<\/strong><\/h4>\n<p>Wenn Sie an die Murphyn Henar Foundation spenden, tragen Sie dazu bei, Bonaire eine bessere Zukunft zu geben. Ihre Spende sichert jungen Erwachsenen auf Bonaire direkt eine Ausbildung und eine berufliche Zukunft, die nach Abschluss dieses Programms f\u00fcr ihre Familien sorgen k\u00f6nnen. Die Beteiligung von mehr Einheimischen an der Tauchindustrie von Bonaire tr\u00e4gt dazu bei, Liebe und Respekt f\u00fcr die wundersch\u00f6ne Natur von Bonaire aufzubauen. Es vermittelt ein tieferes Gef\u00fchl des Stolzes auf Bonaire und seine nat\u00fcrlichen Ressourcen und die Bedeutung des <a href=\"https:\/\/buddydive.com\/de\/?page_id=20936\">Engagements der Gemeinde<\/a> und die Verantwortung, es aktiv zu sch\u00fctzen. All diese Werte helfen und st\u00e4rken die Vision von Bonaire, eine blaue Destination zu sein und zu bleiben.<\/p>\n<p>Ob gro\u00df oder klein, jeder Betrag, den Sie <a href=\"https:\/\/www.murphynhenarfoundation.org\/support-us\/donate\/\">spenden<\/a> m\u00f6chten, wird sehr gesch\u00e4tzt und wird verwendet, um den Kauf von Sch\u00fclermaterialien zu unterst\u00fctzen , geben Sie Anweisungen und beginnen Sie die Tauchreise von Zero to Hero f\u00fcr ausgew\u00e4hlte Kandidaten.[\/vc_column_text][vc_raw_html]JTNDYnV0dG9uJTIwY2xhc3MlM0QlMjJidXR0b241JTIyJTIwb25jbGljayUzRCUyMndpbmRvdy5sb2NhdGlvbi5ocmVmJTNEJTI3aHR0cHMlM0ElMkYlMkZ3d3cubXVycGh5bmhlbmFyZm91bmRhdGlvbi5vcmclMkYlMjclMjIlM0VET05BVEUlM0MlMkZidXR0b24lM0U=[\/vc_raw_html][vc_gallery images=&#8220;16984,16981,16987,16990&#8243; img_size=&#8220;full&#8220; columns=&#8220;4&#8243;][\/vc_column][\/vc_row][vc_row][vc_column][\/vc_column][\/vc_row][vc_row][vc_column][vc_raw_js]JTNDc2NyaXB0JTIwdHlwZSUzRCUyMnRleHQlMkZqYXZhc2NyaXB0JTIyJTNFJTBBd2luZG93LlRyZW5nbyUyMCUzRCUyMHdpbmRvdy5UcmVuZ28lMjAlN0MlN0MlMjAlN0IlN0QlM0IlMEF3aW5kb3cuVHJlbmdvLmtleSUyMCUzRCUyMCUyN1E5SGI4dlBvS2VnRDFBSSUyNyUzQiUwQSUyOGZ1bmN0aW9uJTI4ZCUyQyUyMHNjcmlwdCUyQyUyMHQlMjklMjAlN0IlMEElMjAlMjAlMjAlMjBzY3JpcHQlMjAlM0QlMjBkLmNyZWF0ZUVsZW1lbnQlMjglMjdzY3JpcHQlMjclMjklM0IlMEElMjAlMjAlMjAlMjBzY3JpcHQudHlwZSUyMCUzRCUyMCUyN3RleHQlMkZqYXZhc2NyaXB0JTI3JTNCJTBBJTIwJTIwJTIwJTIwc2NyaXB0LmFzeW5jJTIwJTNEJTIwdHJ1ZSUzQiUwQSUyMCUyMCUyMCUyMHNjcmlwdC5zcmMlMjAlM0QlMjAlMjdodHRwcyUzQSUyRiUyRnN0YXRpYy53aWRnZXQudHJlbmdvLmV1JTJGZW1iZWQuanMlMjclM0IlMEElMjAlMjAlMjAlMjBkLmdldEVsZW1lbnRzQnlUYWdOYW1lJTI4JTI3aGVhZCUyNyUyOSU1QjAlNUQuYXBwZW5kQ2hpbGQlMjhzY3JpcHQlMjklM0IlMEElN0QlMjhkb2N1bWVudCUyOSUyOSUzQiUwQSUzQyUyRnNjcmlwdCUzRQ==[\/vc_raw_js][\/vc_column][\/vc_row]\n<\/div>","protected":false},"excerpt":{"rendered":"<p>[vc_row][vc_column][vc_column_text] In liebevoller Erinnerung anMurphyn Henar &nbsp; Am 26. November 2019 verabschiedeten wir uns von unserer geliebten \u201eTauchlegende\u201c Murphyn Henar. [&hellip;]<\/p>\n","protected":false},"author":2,"featured_media":0,"parent":5693,"menu_order":0,"comment_status":"closed","ping_status":"closed","template":"","meta":{"footnotes":""},"class_list":["post-16999","page","type-page","status-publish","hentry"],"yoast_head":"<!-- This site is optimized with the Yoast SEO plugin v27.4 - https:\/\/yoast.com\/product\/yoast-seo-wordpress\/ -->\n<title>Murphyn Henar Foundation - Buddy Dive Bonaire<\/title>\n<meta name=\"description\" content=\"Die Murphyn Henar Foundation wurde gegr\u00fcndet, um der Jugend von Bonaire die M\u00f6glichkeit eines Divemaster-Jobs in der Tauchindustrie von Bonaire zu geben.\" \/>\n<meta name=\"robots\" content=\"index, follow, max-snippet:-1, max-image-preview:large, max-video-preview:-1\" \/>\n<link rel=\"canonical\" href=\"https:\/\/buddydive.com\/de\/uber-uns\/murphyn-henar-foundation\/\" \/>\n<meta property=\"og:locale\" content=\"de_DE\" \/>\n<meta property=\"og:type\" content=\"article\" \/>\n<meta property=\"og:title\" content=\"Murphyn Henar Foundation - Buddy Dive Bonaire\" \/>\n<meta property=\"og:description\" content=\"Die Murphyn Henar Foundation wurde gegr\u00fcndet, um der Jugend von Bonaire die M\u00f6glichkeit eines Divemaster-Jobs in der Tauchindustrie von Bonaire zu geben.\" \/>\n<meta property=\"og:url\" content=\"https:\/\/buddydive.com\/de\/uber-uns\/murphyn-henar-foundation\/\" \/>\n<meta property=\"og:site_name\" content=\"Buddy Dive Bonaire\" \/>\n<meta property=\"article:publisher\" content=\"https:\/\/www.facebook.com\/buddydiveresort\" \/>\n<meta property=\"article:modified_time\" content=\"2023-03-10T15:38:47+00:00\" \/>\n<meta name=\"twitter:card\" content=\"summary_large_image\" \/>\n<meta name=\"twitter:site\" content=\"@buddydive\" \/>\n<meta name=\"twitter:label1\" content=\"Gesch\u00e4tzte Lesezeit\" \/>\n\t<meta name=\"twitter:data1\" content=\"2\u00a0Minuten\" \/>\n<script type=\"application\/ld+json\" class=\"yoast-schema-graph\">{\"@context\":\"https:\\\/\\\/schema.org\",\"@graph\":[{\"@type\":\"WebPage\",\"@id\":\"https:\\\/\\\/buddydive.com\\\/de\\\/uber-uns\\\/murphyn-henar-foundation\\\/\",\"url\":\"https:\\\/\\\/buddydive.com\\\/de\\\/uber-uns\\\/murphyn-henar-foundation\\\/\",\"name\":\"Murphyn Henar Foundation - Buddy Dive Bonaire\",\"isPartOf\":{\"@id\":\"https:\\\/\\\/buddydive.com\\\/de\\\/#website\"},\"datePublished\":\"2022-07-19T14:33:57+00:00\",\"dateModified\":\"2023-03-10T15:38:47+00:00\",\"description\":\"Die Murphyn Henar Foundation wurde gegr\u00fcndet, um der Jugend von Bonaire die M\u00f6glichkeit eines Divemaster-Jobs in der Tauchindustrie von Bonaire zu geben.\",\"breadcrumb\":{\"@id\":\"https:\\\/\\\/buddydive.com\\\/de\\\/uber-uns\\\/murphyn-henar-foundation\\\/#breadcrumb\"},\"inLanguage\":\"de\",\"potentialAction\":[{\"@type\":\"ReadAction\",\"target\":[\"https:\\\/\\\/buddydive.com\\\/de\\\/uber-uns\\\/murphyn-henar-foundation\\\/\"]}]},{\"@type\":\"BreadcrumbList\",\"@id\":\"https:\\\/\\\/buddydive.com\\\/de\\\/uber-uns\\\/murphyn-henar-foundation\\\/#breadcrumb\",\"itemListElement\":[{\"@type\":\"ListItem\",\"position\":1,\"name\":\"Home\",\"item\":\"https:\\\/\\\/buddydive.com\\\/de\\\/\"},{\"@type\":\"ListItem\",\"position\":2,\"name\":\"\u00dcber uns\",\"item\":\"https:\\\/\\\/buddydive.com\\\/de\\\/about-us\\\/\"},{\"@type\":\"ListItem\",\"position\":3,\"name\":\"Murphyn Henar Foundation\"}]},{\"@type\":\"WebSite\",\"@id\":\"https:\\\/\\\/buddydive.com\\\/de\\\/#website\",\"url\":\"https:\\\/\\\/buddydive.com\\\/de\\\/\",\"name\":\"Buddy Dive Bonaire\",\"description\":\"My WordPress Blog\",\"potentialAction\":[{\"@type\":\"SearchAction\",\"target\":{\"@type\":\"EntryPoint\",\"urlTemplate\":\"https:\\\/\\\/buddydive.com\\\/de\\\/?s={search_term_string}\"},\"query-input\":{\"@type\":\"PropertyValueSpecification\",\"valueRequired\":true,\"valueName\":\"search_term_string\"}}],\"inLanguage\":\"de\"}]}<\/script>\n<!-- \/ Yoast SEO plugin. -->","yoast_head_json":{"title":"Murphyn Henar Foundation - Buddy Dive Bonaire","description":"Die Murphyn Henar Foundation wurde gegr\u00fcndet, um der Jugend von Bonaire die M\u00f6glichkeit eines Divemaster-Jobs in der Tauchindustrie von Bonaire zu geben.","robots":{"index":"index","follow":"follow","max-snippet":"max-snippet:-1","max-image-preview":"max-image-preview:large","max-video-preview":"max-video-preview:-1"},"canonical":"https:\/\/buddydive.com\/de\/uber-uns\/murphyn-henar-foundation\/","og_locale":"de_DE","og_type":"article","og_title":"Murphyn Henar Foundation - Buddy Dive Bonaire","og_description":"Die Murphyn Henar Foundation wurde gegr\u00fcndet, um der Jugend von Bonaire die M\u00f6glichkeit eines Divemaster-Jobs in der Tauchindustrie von Bonaire zu geben.","og_url":"https:\/\/buddydive.com\/de\/uber-uns\/murphyn-henar-foundation\/","og_site_name":"Buddy Dive Bonaire","article_publisher":"https:\/\/www.facebook.com\/buddydiveresort","article_modified_time":"2023-03-10T15:38:47+00:00","twitter_card":"summary_large_image","twitter_site":"@buddydive","twitter_misc":{"Gesch\u00e4tzte Lesezeit":"2\u00a0Minuten"},"schema":{"@context":"https:\/\/schema.org","@graph":[{"@type":"WebPage","@id":"https:\/\/buddydive.com\/de\/uber-uns\/murphyn-henar-foundation\/","url":"https:\/\/buddydive.com\/de\/uber-uns\/murphyn-henar-foundation\/","name":"Murphyn Henar Foundation - Buddy Dive Bonaire","isPartOf":{"@id":"https:\/\/buddydive.com\/de\/#website"},"datePublished":"2022-07-19T14:33:57+00:00","dateModified":"2023-03-10T15:38:47+00:00","description":"Die Murphyn Henar Foundation wurde gegr\u00fcndet, um der Jugend von Bonaire die M\u00f6glichkeit eines Divemaster-Jobs in der Tauchindustrie von Bonaire zu geben.","breadcrumb":{"@id":"https:\/\/buddydive.com\/de\/uber-uns\/murphyn-henar-foundation\/#breadcrumb"},"inLanguage":"de","potentialAction":[{"@type":"ReadAction","target":["https:\/\/buddydive.com\/de\/uber-uns\/murphyn-henar-foundation\/"]}]},{"@type":"BreadcrumbList","@id":"https:\/\/buddydive.com\/de\/uber-uns\/murphyn-henar-foundation\/#breadcrumb","itemListElement":[{"@type":"ListItem","position":1,"name":"Home","item":"https:\/\/buddydive.com\/de\/"},{"@type":"ListItem","position":2,"name":"\u00dcber uns","item":"https:\/\/buddydive.com\/de\/about-us\/"},{"@type":"ListItem","position":3,"name":"Murphyn Henar Foundation"}]},{"@type":"WebSite","@id":"https:\/\/buddydive.com\/de\/#website","url":"https:\/\/buddydive.com\/de\/","name":"Buddy Dive Bonaire","description":"My WordPress Blog","potentialAction":[{"@type":"SearchAction","target":{"@type":"EntryPoint","urlTemplate":"https:\/\/buddydive.com\/de\/?s={search_term_string}"},"query-input":{"@type":"PropertyValueSpecification","valueRequired":true,"valueName":"search_term_string"}}],"inLanguage":"de"}]}},"_links":{"self":[{"href":"https:\/\/buddydive.com\/de\/wp-json\/wp\/v2\/pages\/16999","targetHints":{"allow":["GET"]}}],"collection":[{"href":"https:\/\/buddydive.com\/de\/wp-json\/wp\/v2\/pages"}],"about":[{"href":"https:\/\/buddydive.com\/de\/wp-json\/wp\/v2\/types\/page"}],"author":[{"embeddable":true,"href":"https:\/\/buddydive.com\/de\/wp-json\/wp\/v2\/users\/2"}],"replies":[{"embeddable":true,"href":"https:\/\/buddydive.com\/de\/wp-json\/wp\/v2\/comments?post=16999"}],"version-history":[{"count":14,"href":"https:\/\/buddydive.com\/de\/wp-json\/wp\/v2\/pages\/16999\/revisions"}],"predecessor-version":[{"id":21167,"href":"https:\/\/buddydive.com\/de\/wp-json\/wp\/v2\/pages\/16999\/revisions\/21167"}],"up":[{"embeddable":true,"href":"https:\/\/buddydive.com\/de\/wp-json\/wp\/v2\/pages\/5693"}],"wp:attachment":[{"href":"https:\/\/buddydive.com\/de\/wp-json\/wp\/v2\/media?parent=16999"}],"curies":[{"name":"wp","href":"https:\/\/api.w.org\/{rel}","templated":true}]}}