{"id":16184,"date":"2022-06-08T14:28:11","date_gmt":"2022-06-08T14:28:11","guid":{"rendered":"https:\/\/buddydive.com\/buddy-dive-resort-x-lorenzo-mittiga\/"},"modified":"2024-04-19T19:12:22","modified_gmt":"2024-04-19T19:12:22","slug":"buddy-dive-resort-x-lorenzo-mittiga","status":"publish","type":"page","link":"https:\/\/buddydive.com\/de\/buddy-dive-resort-x-lorenzo-mittiga\/","title":{"rendered":"Buddy Dive Resort X Lorenzo Mittiga"},"content":{"rendered":"<div class=\"wpb-content-wrapper\">[vc_row][vc_column][vc_column_text]\n<h1 class=\"text-uppercase\" style=\"text-align: center;\"><small>Unterwasserfotografie-Workshops mit<\/small>Buddy Dive X Lorenzo Mittiga<\/h1>\n<p>Bist du ein leidenschaftlicher Unterwasserfotograf? Oder m\u00f6chtest du deine F\u00e4higkeiten in der Unterwasserfotografie verbessern? Dann nutze die Gelegenheit und lerne von den Besten!<\/p>\n<p><a href=\"https:\/\/buddydive.com\/de\/\">Buddy Dive Resort<\/a>und der renommierte und preisgekr\u00f6nte Unterwasserfotograf <a href=\"https:\/\/lorenzomittiga.com\/\">Lorenzo Mittiga<\/a> veranstalten gemeinsam kleine Unterwasserfotografie-Workshops. W\u00e4hrend dieser Wochen gibt es ein interessantes und intensives Programm, in dem Lorenzo seine jahrelange Erfahrung und sein K\u00f6nnen mit Ihnen teilt.<\/p>\n<p>Jeden Tag gibt es Vortr\u00e4ge und Tauchg\u00e4nge, wobei der Schwerpunkt auf dem Kennenlernen und der optimalen Nutzung des eigenen Kamerasystems liegt.[\/vc_column_text][vc_gallery images=&#8220;7713,16145,16148,16069,16285&#8243; img_size=&#8220;full&#8220; onclick=&#8220;&#8220; columns=&#8220;5&#8243;][vc_separator][vc_column_text]\n<h2>\u00dcber Lorenzo<\/h2>\n<p>Lorenzo Mittiga, 53, aus Italien, ist einer der weltweit f\u00fchrenden Unterwasserfotografen. Er macht seit seinem 15. Lebensjahr Unterwasserfotos und arbeitet seit 1996 als Unterwasserfotograf\/Videofilmer. Er arbeitete als Unterwasserkameramann f\u00fcr den Discovery Channel, SKY Tv, Universal Pictures und Walt Disney. Er taucht und fotografiert auf der ganzen Welt und hat mehr als 6500 professionelle Tauchg\u00e4nge absolviert.<\/p>\n<p>Seine Fotos haben viele Preise gewonnen, darunter Smithsonian Magazine, National Geographic, Ocean Geographic Magazine, Through the lens Scuba Diving Magazine, Underwater World Shootout, The big Picture of California Science Academy und viele andere. Er gewann den National Geographic Portfolio Review 2018 und den Ocean Geographic Photo Journalist Award of Excellence 2021.<\/p>\n<p>K\u00fcrzlich wurde er in der NY Times ver\u00f6ffentlicht (gerade am 6. Juni) und am 8. Juni 2022 gewann er den OceanGeographic OGPICOTY 2022 &#8222;Music and Pictures&#8220; Award of Excellence!<\/p>\n<h2>\u00dcber die Unterwasserfotografie-Workshops<\/h2>\n<p>Lorenzos Workshops richten sich an verschiedene Niveaus und sind typischerweise intensiv, er versucht immer, so viel wie m\u00f6glich hineinzupacken. W\u00e4hrend der gesamten Woche wird Lorenzo seine Erfahrung, pers\u00f6nliche Anleitung und Unterst\u00fctzung weitergeben, wobei der Schwerpunkt darauf liegt, Ihr pers\u00f6nliches Kamerasystem kennenzulernen und es optimal zu nutzen.<\/p>\n<p><strong>Die Fotowoche umfasst:<\/strong><\/p>\n<ul>\n<li>4 Klassenvortr\u00e4ge (Technische F\u00e4higkeiten, Licht- und Blitzeinsatz, Komposition, Nachbearbeitung)<\/li>\n<li>Fotobesprechungen und Tipps<\/li>\n<li>12 Bootstauchg\u00e4nge (Weitwinkel, Makro, nat\u00fcrliches Licht, Blitzlicht usw.)<\/li>\n<li>3 Hausrifftauchg\u00e4nge (Check-Tauchgang, \u00dcbungstauchgang, Nachttauchgang)<\/li>\n<\/ul>\n<p><strong>Voraussetzungen:<\/strong><\/p>\n<ul>\n<li>Eigene Unterwasserkamera-Ausr\u00fcstung (obligatorisch)<\/li>\n<li>Eigener Laptop oder iPad f\u00fcr Nachbearbeitung und Fotobesprechungen (vorzugsweise mit Adobe LightRoom oder Photoshop installiert)<\/li>\n<li>Ger\u00e4tetauchschein<\/li>\n<li>Gute Tarierungskontrolle<\/li>\n<li><span style=\"color: #ff6600;\"><strong>Es sind mindestens 2 Teilnehmer erforderlich<\/strong><\/span><\/li>\n<\/ul>\n[\/vc_column_text][vc_video link=&#8220;https:\/\/youtu.be\/MXjTvvCAfJc&#8220; el_width=&#8220;70&#8243; align=&#8220;center&#8220;][vc_separator][\/vc_column][\/vc_row][vc_row][vc_column][\/vc_column][\/vc_row][vc_row][vc_column][vc_raw_js]JTNDc2NyaXB0JTIwdHlwZSUzRCUyMnRleHQlMkZqYXZhc2NyaXB0JTIyJTNFJTBBd2luZG93LlRyZW5nbyUyMCUzRCUyMHdpbmRvdy5UcmVuZ28lMjAlN0MlN0MlMjAlN0IlN0QlM0IlMEF3aW5kb3cuVHJlbmdvLmtleSUyMCUzRCUyMCUyN1E5SGI4dlBvS2VnRDFBSSUyNyUzQiUwQSUyOGZ1bmN0aW9uJTI4ZCUyQyUyMHNjcmlwdCUyQyUyMHQlMjklMjAlN0IlMEElMjAlMjAlMjAlMjBzY3JpcHQlMjAlM0QlMjBkLmNyZWF0ZUVsZW1lbnQlMjglMjdzY3JpcHQlMjclMjklM0IlMEElMjAlMjAlMjAlMjBzY3JpcHQudHlwZSUyMCUzRCUyMCUyN3RleHQlMkZqYXZhc2NyaXB0JTI3JTNCJTBBJTIwJTIwJTIwJTIwc2NyaXB0LmFzeW5jJTIwJTNEJTIwdHJ1ZSUzQiUwQSUyMCUyMCUyMCUyMHNjcmlwdC5zcmMlMjAlM0QlMjAlMjdodHRwcyUzQSUyRiUyRnN0YXRpYy53aWRnZXQudHJlbmdvLmV1JTJGZW1iZWQuanMlMjclM0IlMEElMjAlMjAlMjAlMjBkLmdldEVsZW1lbnRzQnlUYWdOYW1lJTI4JTI3aGVhZCUyNyUyOSU1QjAlNUQuYXBwZW5kQ2hpbGQlMjhzY3JpcHQlMjklM0IlMEElN0QlMjhkb2N1bWVudCUyOSUyOSUzQiUwQSUzQyUyRnNjcmlwdCUzRQ==[\/vc_raw_js][\/vc_column][\/vc_row]\n<\/div>","protected":false},"excerpt":{"rendered":"<p>[vc_row][vc_column][vc_column_text] Unterwasserfotografie-Workshops mitBuddy Dive X Lorenzo Mittiga Bist du ein leidenschaftlicher Unterwasserfotograf? Oder m\u00f6chtest du deine F\u00e4higkeiten in der Unterwasserfotografie [&hellip;]<\/p>\n","protected":false},"author":2,"featured_media":0,"parent":0,"menu_order":0,"comment_status":"closed","ping_status":"closed","template":"","meta":{"footnotes":""},"class_list":["post-16184","page","type-page","status-publish","hentry"],"yoast_head":"<!-- This site is optimized with the Yoast SEO plugin v27.4 - https:\/\/yoast.com\/product\/yoast-seo-wordpress\/ -->\n<title>Buddy Dive Resort X Lorenzo Mittiga - Buddy Dive Bonaire<\/title>\n<meta name=\"description\" content=\"Buchen Sie einen Fotokurs mit dem renommierten und ausgezeichneten Unterwasserfotografen Lorenzo Mittiga im Buddy Dive Resort Bonaire!\" \/>\n<meta name=\"robots\" content=\"index, follow, max-snippet:-1, max-image-preview:large, max-video-preview:-1\" \/>\n<link rel=\"canonical\" href=\"https:\/\/buddydive.com\/de\/buddy-dive-resort-x-lorenzo-mittiga\/\" \/>\n<meta property=\"og:locale\" content=\"de_DE\" \/>\n<meta property=\"og:type\" content=\"article\" \/>\n<meta property=\"og:title\" content=\"Buddy Dive Resort X Lorenzo Mittiga - Buddy Dive Bonaire\" \/>\n<meta property=\"og:description\" content=\"Buchen Sie einen Fotokurs mit dem renommierten und ausgezeichneten Unterwasserfotografen Lorenzo Mittiga im Buddy Dive Resort Bonaire!\" \/>\n<meta property=\"og:url\" content=\"https:\/\/buddydive.com\/de\/buddy-dive-resort-x-lorenzo-mittiga\/\" \/>\n<meta property=\"og:site_name\" content=\"Buddy Dive Bonaire\" \/>\n<meta property=\"article:publisher\" content=\"https:\/\/www.facebook.com\/buddydiveresort\" \/>\n<meta property=\"article:modified_time\" content=\"2024-04-19T19:12:22+00:00\" \/>\n<meta name=\"twitter:card\" content=\"summary_large_image\" \/>\n<meta name=\"twitter:site\" content=\"@buddydive\" \/>\n<meta name=\"twitter:label1\" content=\"Gesch\u00e4tzte Lesezeit\" \/>\n\t<meta name=\"twitter:data1\" content=\"3\u00a0Minuten\" \/>\n<script type=\"application\/ld+json\" class=\"yoast-schema-graph\">{\"@context\":\"https:\\\/\\\/schema.org\",\"@graph\":[{\"@type\":\"WebPage\",\"@id\":\"https:\\\/\\\/buddydive.com\\\/de\\\/buddy-dive-resort-x-lorenzo-mittiga\\\/\",\"url\":\"https:\\\/\\\/buddydive.com\\\/de\\\/buddy-dive-resort-x-lorenzo-mittiga\\\/\",\"name\":\"Buddy Dive Resort X Lorenzo Mittiga - Buddy Dive Bonaire\",\"isPartOf\":{\"@id\":\"https:\\\/\\\/buddydive.com\\\/de\\\/#website\"},\"datePublished\":\"2022-06-08T14:28:11+00:00\",\"dateModified\":\"2024-04-19T19:12:22+00:00\",\"description\":\"Buchen Sie einen Fotokurs mit dem renommierten und ausgezeichneten Unterwasserfotografen Lorenzo Mittiga im Buddy Dive Resort Bonaire!\",\"breadcrumb\":{\"@id\":\"https:\\\/\\\/buddydive.com\\\/de\\\/buddy-dive-resort-x-lorenzo-mittiga\\\/#breadcrumb\"},\"inLanguage\":\"de\",\"potentialAction\":[{\"@type\":\"ReadAction\",\"target\":[\"https:\\\/\\\/buddydive.com\\\/de\\\/buddy-dive-resort-x-lorenzo-mittiga\\\/\"]}]},{\"@type\":\"BreadcrumbList\",\"@id\":\"https:\\\/\\\/buddydive.com\\\/de\\\/buddy-dive-resort-x-lorenzo-mittiga\\\/#breadcrumb\",\"itemListElement\":[{\"@type\":\"ListItem\",\"position\":1,\"name\":\"Home\",\"item\":\"https:\\\/\\\/buddydive.com\\\/de\\\/\"},{\"@type\":\"ListItem\",\"position\":2,\"name\":\"Buddy Dive Resort X Lorenzo Mittiga\"}]},{\"@type\":\"WebSite\",\"@id\":\"https:\\\/\\\/buddydive.com\\\/de\\\/#website\",\"url\":\"https:\\\/\\\/buddydive.com\\\/de\\\/\",\"name\":\"Buddy Dive Bonaire\",\"description\":\"My WordPress Blog\",\"potentialAction\":[{\"@type\":\"SearchAction\",\"target\":{\"@type\":\"EntryPoint\",\"urlTemplate\":\"https:\\\/\\\/buddydive.com\\\/de\\\/?s={search_term_string}\"},\"query-input\":{\"@type\":\"PropertyValueSpecification\",\"valueRequired\":true,\"valueName\":\"search_term_string\"}}],\"inLanguage\":\"de\"}]}<\/script>\n<!-- \/ Yoast SEO plugin. -->","yoast_head_json":{"title":"Buddy Dive Resort X Lorenzo Mittiga - Buddy Dive Bonaire","description":"Buchen Sie einen Fotokurs mit dem renommierten und ausgezeichneten Unterwasserfotografen Lorenzo Mittiga im Buddy Dive Resort Bonaire!","robots":{"index":"index","follow":"follow","max-snippet":"max-snippet:-1","max-image-preview":"max-image-preview:large","max-video-preview":"max-video-preview:-1"},"canonical":"https:\/\/buddydive.com\/de\/buddy-dive-resort-x-lorenzo-mittiga\/","og_locale":"de_DE","og_type":"article","og_title":"Buddy Dive Resort X Lorenzo Mittiga - Buddy Dive Bonaire","og_description":"Buchen Sie einen Fotokurs mit dem renommierten und ausgezeichneten Unterwasserfotografen Lorenzo Mittiga im Buddy Dive Resort Bonaire!","og_url":"https:\/\/buddydive.com\/de\/buddy-dive-resort-x-lorenzo-mittiga\/","og_site_name":"Buddy Dive Bonaire","article_publisher":"https:\/\/www.facebook.com\/buddydiveresort","article_modified_time":"2024-04-19T19:12:22+00:00","twitter_card":"summary_large_image","twitter_site":"@buddydive","twitter_misc":{"Gesch\u00e4tzte Lesezeit":"3\u00a0Minuten"},"schema":{"@context":"https:\/\/schema.org","@graph":[{"@type":"WebPage","@id":"https:\/\/buddydive.com\/de\/buddy-dive-resort-x-lorenzo-mittiga\/","url":"https:\/\/buddydive.com\/de\/buddy-dive-resort-x-lorenzo-mittiga\/","name":"Buddy Dive Resort X Lorenzo Mittiga - Buddy Dive Bonaire","isPartOf":{"@id":"https:\/\/buddydive.com\/de\/#website"},"datePublished":"2022-06-08T14:28:11+00:00","dateModified":"2024-04-19T19:12:22+00:00","description":"Buchen Sie einen Fotokurs mit dem renommierten und ausgezeichneten Unterwasserfotografen Lorenzo Mittiga im Buddy Dive Resort Bonaire!","breadcrumb":{"@id":"https:\/\/buddydive.com\/de\/buddy-dive-resort-x-lorenzo-mittiga\/#breadcrumb"},"inLanguage":"de","potentialAction":[{"@type":"ReadAction","target":["https:\/\/buddydive.com\/de\/buddy-dive-resort-x-lorenzo-mittiga\/"]}]},{"@type":"BreadcrumbList","@id":"https:\/\/buddydive.com\/de\/buddy-dive-resort-x-lorenzo-mittiga\/#breadcrumb","itemListElement":[{"@type":"ListItem","position":1,"name":"Home","item":"https:\/\/buddydive.com\/de\/"},{"@type":"ListItem","position":2,"name":"Buddy Dive Resort X Lorenzo Mittiga"}]},{"@type":"WebSite","@id":"https:\/\/buddydive.com\/de\/#website","url":"https:\/\/buddydive.com\/de\/","name":"Buddy Dive Bonaire","description":"My WordPress Blog","potentialAction":[{"@type":"SearchAction","target":{"@type":"EntryPoint","urlTemplate":"https:\/\/buddydive.com\/de\/?s={search_term_string}"},"query-input":{"@type":"PropertyValueSpecification","valueRequired":true,"valueName":"search_term_string"}}],"inLanguage":"de"}]}},"_links":{"self":[{"href":"https:\/\/buddydive.com\/de\/wp-json\/wp\/v2\/pages\/16184","targetHints":{"allow":["GET"]}}],"collection":[{"href":"https:\/\/buddydive.com\/de\/wp-json\/wp\/v2\/pages"}],"about":[{"href":"https:\/\/buddydive.com\/de\/wp-json\/wp\/v2\/types\/page"}],"author":[{"embeddable":true,"href":"https:\/\/buddydive.com\/de\/wp-json\/wp\/v2\/users\/2"}],"replies":[{"embeddable":true,"href":"https:\/\/buddydive.com\/de\/wp-json\/wp\/v2\/comments?post=16184"}],"version-history":[{"count":26,"href":"https:\/\/buddydive.com\/de\/wp-json\/wp\/v2\/pages\/16184\/revisions"}],"predecessor-version":[{"id":26205,"href":"https:\/\/buddydive.com\/de\/wp-json\/wp\/v2\/pages\/16184\/revisions\/26205"}],"wp:attachment":[{"href":"https:\/\/buddydive.com\/de\/wp-json\/wp\/v2\/media?parent=16184"}],"curies":[{"name":"wp","href":"https:\/\/api.w.org\/{rel}","templated":true}]}}