{"id":12791,"date":"2021-10-27T20:42:33","date_gmt":"2021-10-27T20:42:33","guid":{"rendered":"https:\/\/buddydive.com\/fluege-nach-bonaire\/"},"modified":"2021-10-27T20:52:14","modified_gmt":"2021-10-27T20:52:14","slug":"fluege-nach-bonaire","status":"publish","type":"page","link":"https:\/\/buddydive.com\/de\/fluege-nach-bonaire\/","title":{"rendered":"Fl\u00fcge nach Bonaire"},"content":{"rendered":"<div class=\"wpb-content-wrapper\">[vc_row][vc_column][vc_column_text]\n<h1 class=\"text-uppercase\" style=\"text-align: center;\"><small>WIE KOMMT MAN NACH<\/small>BONAIRE<\/h1>\n<p>Bonaire liegt ungef\u00e4hr 80 Kilometer vor K\u00fcste von Venezuela, in der N\u00e4he von Aruba und Curacao. Die Insel ist Teil der Niederl\u00e4ndischen Karibik. Bonaire wird von einer Reihe von internationalen und lokalen Airlines angeflogen und ist von Europa, S\u00fcd- und Nordamerika aus zu erreichen. Damit ist es relativ einfach, f\u00fcr Ihren n\u00e4chsten Tauchausflug mit uns nach Bonaire zu reisen! Fl\u00fcge nach Bonaire landen im internationalen Flughafen von Bonaire (BON): Flamingo International Airport.<\/p>\n<h3>Fl\u00fcge von Nordamerika nach Bonaire<\/h3>\n<p><a href=\"https:\/\/www.united.com\/ual\/en\/us\/\" target=\"_blank\" rel=\"noopener noreferrer\">United Airlines<\/a>\u00a0bietet w\u00f6chentliche Direktl\u00fcge von Newark und Houston ab November.\u00a0<a href=\"https:\/\/www.delta.com\/\" target=\"_blank\" rel=\"noopener noreferrer\">Delta Airlines<\/a>\u00a0at w\u00f6chentliche Direktfl\u00fcge von Atlanta. Abh\u00e4ngig von der Nachfrage k\u00f6nnen US-Airlines in der Hauptsaison weitere Fl\u00fcge zu ihren Zeitpl\u00e4nen hinzuf\u00fcgen oder in der Nebensaison ihre Dienste einstellen. In diesem Fall bietet es sich an, nach Aruba oder Curacao zu fliegen und von dort einen lokalen Anbieter wie\u00a0<a href=\"https:\/\/www.flydivi.com\/en\" target=\"_blank\" rel=\"noopener noreferrer\">Divi Divi<\/a>\u00a0oder\u00a0<a href=\"https:\/\/www.flyezair.net\/destinations\/\" target=\"_blank\" rel=\"noopener noreferrer\">FlyEZAir<\/a>\u00a0nach Bonaire zu nehmen.\u00a0Bitte kontaktieren Sie die Airline oder Ihr Reiseb\u00fcro f\u00fcr Details zu den Fl\u00fcgen.<br \/>\nAmerican Airlines hat angek\u00fcndigt, das ganze Jahr \u00fcber zus\u00e4tzliche Fl\u00fcge nach Bonaire von Miami nach Bonaire anzubieten! American Airlines wird die Fl\u00fcge mit einem Airbus A319-Flugzeug durchf\u00fchren, das\u00a0 mittwochs und samstags bis zu 128 Sitzpl\u00e4tze f\u00fcr Hin- und R\u00fcckfl\u00fcge bietet.<br \/>\nWenden Sie sich an American Airlines, um weitere Informationen zu erhalten oder eine Reservierung vorzunehmen.<\/p>\n<h3>Fl\u00fcge von Europa nach Bonaire<\/h3>\n<p>Der Amsterdamer Flughafen Schiphol bietet t\u00e4gliche Direktfl\u00fcge mit\u00a0<a href=\"https:\/\/www.tuifly.com\/en\/index.html\" target=\"_blank\" rel=\"noopener noreferrer\">TUI<\/a>\u00a0oder\u00a0<a href=\"https:\/\/www.klm.com\/\" target=\"_blank\" rel=\"noopener noreferrer\">KLM\u00a0<\/a>an und bietet damit einen Zugang f\u00fcr andere europ\u00e4ische L\u00e4nder. Bitte kontaktieren Sie die Airlines oder Ihr Reiseb\u00fcro f\u00fcr Informationen zu den Routen sowie anderen Details.<\/p>\n<h3>Fl\u00fcge von S\u00fcdamerika nach Bonaire<\/h3>\n<p>Es gibt keine Direktfl\u00fcge von S\u00fcdamerika nach Bonaire. Es gibt viele nationale Airlines in S\u00fcdamerika, die nach Aruba oder Curacao fliegen. Verwenden Sie dort einen der t\u00e4glichen Anbieter wie\u00a0<a href=\"http:\/\/www.flydivi.com\/en\" target=\"_blank\" rel=\"noopener noreferrer\">Divi Divi<\/a>\u00a0um Ihren Flug nach Bonaire fortzusetzen. F\u00fcr mehr Informationen zu den Flugverbindungen, kontaktieren Sie bitte die Airlines oder Ihr Reiseb\u00fcro.<\/p>\n<h3>\u00dcberblick \u00fcber Fl\u00fcge nach Bonaire<\/h3>\n<h1 class=\"text-uppercase\"><small>\u00a0<\/small><\/h1>\n<table class=\"table table-responsive\" width=\"515\">\n<tbody>\n<tr>\n<td width=\"151\"><strong>Fluggesellschaft<\/strong><\/td>\n<td width=\"151\"><strong>Abflugort<\/strong><\/td>\n<td width=\"151\"><strong>Frequenz<\/strong><\/td>\n<\/tr>\n<tr>\n<td width=\"151\">United Airlines<\/td>\n<td width=\"151\">Houston (TX, USA)<\/td>\n<td width=\"151\">W\u00f6chentlich (Ab November 2021)<\/td>\n<\/tr>\n<tr>\n<td width=\"151\">United Airlines<\/td>\n<td width=\"151\">Newark (NJ, USA)<\/td>\n<td width=\"151\">W\u00f6chentlich (Ab November 2021)<\/td>\n<\/tr>\n<tr>\n<td width=\"151\">Delta Airlines<\/td>\n<td width=\"151\">Atlanta (GA, USA)<\/td>\n<td width=\"151\">2x pro Woche<\/td>\n<\/tr>\n<tr>\n<td width=\"151\">American Airlines<\/td>\n<td width=\"151\">Miami (FL, USA)<\/td>\n<td width=\"151\">2x pro Woche<\/td>\n<\/tr>\n<tr>\n<td width=\"151\">KLM<\/td>\n<td width=\"151\">Amsterdam (Netherlands)<\/td>\n<td width=\"151\">T\u00e4glich<\/td>\n<\/tr>\n<tr>\n<td width=\"151\">TUI<\/td>\n<td width=\"151\">Amsterdam (Netherlands)<\/td>\n<td width=\"151\">5x pro Woche<\/td>\n<\/tr>\n<tr>\n<td width=\"151\">Divi Divi<\/td>\n<td width=\"151\">Curacao<\/td>\n<td width=\"151\">T\u00e4glich<\/td>\n<\/tr>\n<tr>\n<td width=\"151\">Winair<\/td>\n<td width=\"151\">Aruba &amp; Curacao<\/td>\n<td width=\"151\">T\u00e4glich<\/td>\n<\/tr>\n<tr>\n<td width=\"151\">FlyEZAir<\/td>\n<td width=\"151\">Aruba &amp; Curacao<\/td>\n<td width=\"151\">T\u00e4glich<\/td>\n<\/tr>\n<\/tbody>\n<\/table>\n<p>&nbsp;<\/p>\n<p><em><strong>Haftungsausschluss: Alle Informationen k\u00f6nnen ohne vorherige Ank\u00fcndigung ge\u00e4ndert werden und es k\u00f6nnen keine Rechte aus diesen Informationen abgeleitet werden. Aufgrund bestimmter Reisebeschr\u00e4nkungen aufgrund von Covid-19 kann der Flugplan vom normalen Flugplan abweichen. Wir empfehlen Ihnen, sich gr\u00fcndlich \u00fcber die verf\u00fcgbaren Fl\u00fcge von und nach Bonaire zu informieren. Obwohl wir Ihnen dabei gerne behilflich sind, weisen wir Sie darauf hin, dass dies in Ihrer eigenen Verantwortung liegt.<\/strong><\/em><\/p>\n<p><em>Saisonale \u00c4nderungen k\u00f6nnen zutreffen. Aus diesen Informationen k\u00f6nnen keine Rechte abgeleitet werden.<\/em><\/p>\n<h1 class=\"text-uppercase\" style=\"text-align: center;\"><small>\u00a0<\/small><\/h1>\n<p>&nbsp;[\/vc_column_text][\/vc_column][\/vc_row]\n<\/div>","protected":false},"excerpt":{"rendered":"<p>[vc_row][vc_column][vc_column_text] WIE KOMMT MAN NACHBONAIRE Bonaire liegt ungef\u00e4hr 80 Kilometer vor K\u00fcste von Venezuela, in der N\u00e4he von Aruba und [&hellip;]<\/p>\n","protected":false},"author":1,"featured_media":0,"parent":0,"menu_order":0,"comment_status":"closed","ping_status":"closed","template":"","meta":{"footnotes":""},"class_list":["post-12791","page","type-page","status-publish","hentry"],"yoast_head":"<!-- This site is optimized with the Yoast SEO plugin v27.4 - https:\/\/yoast.com\/product\/yoast-seo-wordpress\/ -->\n<title>Fl\u00fcge nach Bonaire - Buddy Dive Resort Bonaire<\/title>\n<meta name=\"description\" content=\"Es gibt mehrere Nonstop-Fl\u00fcge nach Bonaire mit United Airlines und Delta aus den USA. Es ist relativ einfach, f\u00fcr Ihren n\u00e4chsten Tauchausflug nach Bonaire zu reisen!\" \/>\n<meta name=\"robots\" content=\"index, follow, max-snippet:-1, max-image-preview:large, max-video-preview:-1\" \/>\n<link rel=\"canonical\" href=\"https:\/\/buddydive.com\/de\/fluege-nach-bonaire\/\" \/>\n<meta property=\"og:locale\" content=\"de_DE\" \/>\n<meta property=\"og:type\" content=\"article\" \/>\n<meta property=\"og:title\" content=\"Fl\u00fcge nach Bonaire - Buddy Dive Resort Bonaire\" \/>\n<meta property=\"og:description\" content=\"Es gibt mehrere Nonstop-Fl\u00fcge nach Bonaire mit United Airlines und Delta aus den USA. Es ist relativ einfach, f\u00fcr Ihren n\u00e4chsten Tauchausflug nach Bonaire zu reisen!\" \/>\n<meta property=\"og:url\" content=\"https:\/\/buddydive.com\/de\/fluege-nach-bonaire\/\" \/>\n<meta property=\"og:site_name\" content=\"Buddy Dive Bonaire\" \/>\n<meta property=\"article:publisher\" content=\"https:\/\/www.facebook.com\/buddydiveresort\" \/>\n<meta property=\"article:modified_time\" content=\"2021-10-27T20:52:14+00:00\" \/>\n<meta name=\"twitter:card\" content=\"summary_large_image\" \/>\n<meta name=\"twitter:site\" content=\"@buddydive\" \/>\n<meta name=\"twitter:label1\" content=\"Gesch\u00e4tzte Lesezeit\" \/>\n\t<meta name=\"twitter:data1\" content=\"3\u00a0Minuten\" \/>\n<script type=\"application\/ld+json\" class=\"yoast-schema-graph\">{\"@context\":\"https:\\\/\\\/schema.org\",\"@graph\":[{\"@type\":\"WebPage\",\"@id\":\"https:\\\/\\\/buddydive.com\\\/de\\\/fluege-nach-bonaire\\\/\",\"url\":\"https:\\\/\\\/buddydive.com\\\/de\\\/fluege-nach-bonaire\\\/\",\"name\":\"Fl\u00fcge nach Bonaire - Buddy Dive Resort Bonaire\",\"isPartOf\":{\"@id\":\"https:\\\/\\\/buddydive.com\\\/de\\\/#website\"},\"datePublished\":\"2021-10-27T20:42:33+00:00\",\"dateModified\":\"2021-10-27T20:52:14+00:00\",\"description\":\"Es gibt mehrere Nonstop-Fl\u00fcge nach Bonaire mit United Airlines und Delta aus den USA. Es ist relativ einfach, f\u00fcr Ihren n\u00e4chsten Tauchausflug nach Bonaire zu reisen!\",\"breadcrumb\":{\"@id\":\"https:\\\/\\\/buddydive.com\\\/de\\\/fluege-nach-bonaire\\\/#breadcrumb\"},\"inLanguage\":\"de\",\"potentialAction\":[{\"@type\":\"ReadAction\",\"target\":[\"https:\\\/\\\/buddydive.com\\\/de\\\/fluege-nach-bonaire\\\/\"]}]},{\"@type\":\"BreadcrumbList\",\"@id\":\"https:\\\/\\\/buddydive.com\\\/de\\\/fluege-nach-bonaire\\\/#breadcrumb\",\"itemListElement\":[{\"@type\":\"ListItem\",\"position\":1,\"name\":\"Home\",\"item\":\"https:\\\/\\\/buddydive.com\\\/de\\\/\"},{\"@type\":\"ListItem\",\"position\":2,\"name\":\"Fl\u00fcge nach Bonaire\"}]},{\"@type\":\"WebSite\",\"@id\":\"https:\\\/\\\/buddydive.com\\\/de\\\/#website\",\"url\":\"https:\\\/\\\/buddydive.com\\\/de\\\/\",\"name\":\"Buddy Dive Bonaire\",\"description\":\"My WordPress Blog\",\"potentialAction\":[{\"@type\":\"SearchAction\",\"target\":{\"@type\":\"EntryPoint\",\"urlTemplate\":\"https:\\\/\\\/buddydive.com\\\/de\\\/?s={search_term_string}\"},\"query-input\":{\"@type\":\"PropertyValueSpecification\",\"valueRequired\":true,\"valueName\":\"search_term_string\"}}],\"inLanguage\":\"de\"}]}<\/script>\n<!-- \/ Yoast SEO plugin. -->","yoast_head_json":{"title":"Fl\u00fcge nach Bonaire - Buddy Dive Resort Bonaire","description":"Es gibt mehrere Nonstop-Fl\u00fcge nach Bonaire mit United Airlines und Delta aus den USA. Es ist relativ einfach, f\u00fcr Ihren n\u00e4chsten Tauchausflug nach Bonaire zu reisen!","robots":{"index":"index","follow":"follow","max-snippet":"max-snippet:-1","max-image-preview":"max-image-preview:large","max-video-preview":"max-video-preview:-1"},"canonical":"https:\/\/buddydive.com\/de\/fluege-nach-bonaire\/","og_locale":"de_DE","og_type":"article","og_title":"Fl\u00fcge nach Bonaire - Buddy Dive Resort Bonaire","og_description":"Es gibt mehrere Nonstop-Fl\u00fcge nach Bonaire mit United Airlines und Delta aus den USA. Es ist relativ einfach, f\u00fcr Ihren n\u00e4chsten Tauchausflug nach Bonaire zu reisen!","og_url":"https:\/\/buddydive.com\/de\/fluege-nach-bonaire\/","og_site_name":"Buddy Dive Bonaire","article_publisher":"https:\/\/www.facebook.com\/buddydiveresort","article_modified_time":"2021-10-27T20:52:14+00:00","twitter_card":"summary_large_image","twitter_site":"@buddydive","twitter_misc":{"Gesch\u00e4tzte Lesezeit":"3\u00a0Minuten"},"schema":{"@context":"https:\/\/schema.org","@graph":[{"@type":"WebPage","@id":"https:\/\/buddydive.com\/de\/fluege-nach-bonaire\/","url":"https:\/\/buddydive.com\/de\/fluege-nach-bonaire\/","name":"Fl\u00fcge nach Bonaire - Buddy Dive Resort Bonaire","isPartOf":{"@id":"https:\/\/buddydive.com\/de\/#website"},"datePublished":"2021-10-27T20:42:33+00:00","dateModified":"2021-10-27T20:52:14+00:00","description":"Es gibt mehrere Nonstop-Fl\u00fcge nach Bonaire mit United Airlines und Delta aus den USA. Es ist relativ einfach, f\u00fcr Ihren n\u00e4chsten Tauchausflug nach Bonaire zu reisen!","breadcrumb":{"@id":"https:\/\/buddydive.com\/de\/fluege-nach-bonaire\/#breadcrumb"},"inLanguage":"de","potentialAction":[{"@type":"ReadAction","target":["https:\/\/buddydive.com\/de\/fluege-nach-bonaire\/"]}]},{"@type":"BreadcrumbList","@id":"https:\/\/buddydive.com\/de\/fluege-nach-bonaire\/#breadcrumb","itemListElement":[{"@type":"ListItem","position":1,"name":"Home","item":"https:\/\/buddydive.com\/de\/"},{"@type":"ListItem","position":2,"name":"Fl\u00fcge nach Bonaire"}]},{"@type":"WebSite","@id":"https:\/\/buddydive.com\/de\/#website","url":"https:\/\/buddydive.com\/de\/","name":"Buddy Dive Bonaire","description":"My WordPress Blog","potentialAction":[{"@type":"SearchAction","target":{"@type":"EntryPoint","urlTemplate":"https:\/\/buddydive.com\/de\/?s={search_term_string}"},"query-input":{"@type":"PropertyValueSpecification","valueRequired":true,"valueName":"search_term_string"}}],"inLanguage":"de"}]}},"_links":{"self":[{"href":"https:\/\/buddydive.com\/de\/wp-json\/wp\/v2\/pages\/12791","targetHints":{"allow":["GET"]}}],"collection":[{"href":"https:\/\/buddydive.com\/de\/wp-json\/wp\/v2\/pages"}],"about":[{"href":"https:\/\/buddydive.com\/de\/wp-json\/wp\/v2\/types\/page"}],"author":[{"embeddable":true,"href":"https:\/\/buddydive.com\/de\/wp-json\/wp\/v2\/users\/1"}],"replies":[{"embeddable":true,"href":"https:\/\/buddydive.com\/de\/wp-json\/wp\/v2\/comments?post=12791"}],"version-history":[{"count":2,"href":"https:\/\/buddydive.com\/de\/wp-json\/wp\/v2\/pages\/12791\/revisions"}],"predecessor-version":[{"id":12793,"href":"https:\/\/buddydive.com\/de\/wp-json\/wp\/v2\/pages\/12791\/revisions\/12793"}],"wp:attachment":[{"href":"https:\/\/buddydive.com\/de\/wp-json\/wp\/v2\/media?parent=12791"}],"curies":[{"name":"wp","href":"https:\/\/api.w.org\/{rel}","templated":true}]}}