{"id":12662,"date":"2021-10-26T20:43:16","date_gmt":"2021-10-26T20:43:16","guid":{"rendered":"https:\/\/buddydive.com\/tauchen\/instructor-entwicklung\/der-idc-alles-was-sie-wissen-muessen-2\/"},"modified":"2026-02-09T16:57:44","modified_gmt":"2026-02-09T16:57:44","slug":"der-idc-alles-was-sie-wissen-muessen-2","status":"publish","type":"page","link":"https:\/\/buddydive.com\/de\/tauchen\/instructor-entwicklung\/der-idc-alles-was-sie-wissen-muessen-2\/","title":{"rendered":"Der IDC; Alles, was Sie wissen m\u00fcssen"},"content":{"rendered":"<div class=\"wpb-content-wrapper\">[vc_row][vc_column width=&#8220;3\/4&#8243;][vc_column_text]\n<h1 class=\"text-uppercase\" style=\"text-align: center;\"><small>Der Instructor Development Course<\/small>Alles, was Sie wissen m\u00fcssen<\/h1>\n<p>Hast du (oder bist du kurz davor) die Entscheidung getroffen, PADI Instructor zu werden? Herzliche Gl\u00fcckw\u00fcnsche! Sie haben eine lebensver\u00e4ndernde Entscheidung getroffen. Als PADI Instructor hast du die M\u00f6glichkeit, jeden Tag das zu tun, was du liebst und einen unterhaltsamen und lohnenden Job an den sch\u00f6nsten Orten der Welt zu haben.<\/p>\n<p>Bevor Sie Ihre Reise zum PADI Instructor beginnen, m\u00f6chten wir Ihnen alles \u00fcber den Kurs erz\u00e4hlen, den Sie belegen werden. Wenn Sie nach dem Lesen noch Fragen haben. Nehmen Sie gerne Kontakt mit unserer Studiengangsleitung auf. Wir helfen gerne weiter.[\/vc_column_text][vc_separator][vc_column_text]<strong>Der Kurs zur Ausbilderentwicklung:<\/strong><\/p>\n<p>Der PADI Instructor Development Course (IDC) ist ein intensiver, aber unterhaltsamer zweiw\u00f6chiger Kurs. Der Kurs ist in (inter)aktiven Workshops aufgebaut, in denen Sie durch Handeln lernen, anstatt im Klassenzimmer zuzuh\u00f6ren. Unserer Erfahrung nach ist dies die beste M\u00f6glichkeit, sich darauf vorzubereiten, andere in die wundersch\u00f6ne Welt des Tauchens einzuweihen und sie zu unterrichten.<\/p>\n<h4><strong>Das Programm<\/strong><\/h4>\n<p>Am ersten Tag treffen Sie Ihre IDC-Kollegen und die Kursleiter und beginnen mit einer Kursorientierung \u2013 einer Pr\u00e4sentation \u00fcber die f\u00fcr die n\u00e4chsten zwei Wochen geplanten Aktivit\u00e4ten. Anschlie\u00dfend legen Sie eine Theoriepr\u00fcfung zu den f\u00fcnf F\u00e4chern ab, die Sie beherrschen m\u00fcssen. Dieselben f\u00fcnf Theorief\u00e4cher werden auch am IE gepr\u00fcft. Anschlie\u00dfend gehen wir diese Pr\u00fcfungen noch einmal durch und schlie\u00dfen den Tag mit einem unterhaltsamen Tauchgang ab.<\/p>\n<p>Am zweiten Tag beginnen wir im Klassenzimmer und nehmen am Nachmittag am 24-F\u00e4higkeits-Parcours teil. Die F\u00e4higkeit, diese F\u00e4higkeiten in Demonstrationsqualit\u00e4t umzusetzen, ist f\u00fcr alle bevorstehenden Unterrichtsstunden erforderlich. Dar\u00fcber hinaus musst du dem PADI-Pr\u00fcfer w\u00e4hrend deines IE f\u00fcnf dieser F\u00e4higkeiten nachweisen. Dies ist der gleiche Fertigkeitskurs, den Sie w\u00e4hrend Ihres Divemaster-Kurses kennengelernt haben. Das bedeutet, dass Sie sich keine Sorgen machen m\u00fcssen, solange Sie auf dem neuesten Stand bleiben.<\/p>\n<p>Im Allgemeinen finden unsere Unterrichtsstunden am Vormittag statt, und um nachmitt\u00e4gliche Tiefs zu vermeiden, sind wir nachmittags im Wasser. Wir tun unser Bestes, die L\u00e4nge unserer Tage zu begrenzen, damit Sie abends Zeit haben, sich vorzubereiten und auszuruhen. Unsere IDC-Tage dauern von 8.00 bis 17.00 Uhr.<\/p>\n<p>Der IDC besteht aus vielen Workshops, in denen Sie das im IDC eLearning erworbene Wissen anwenden m\u00fcssen. W\u00e4hrend der Workshops werden Sie dazu ermutigt, wie ein Ausbilder zu handeln und zu denken! Wir bieten auch praktische Workshops an, in denen wir Ihnen beibringen, wie Sie das CESA anleiten, Abstiege machen, Knoten kn\u00fcpfen, Kompass verwenden, Takelage und Heben usw eine F\u00e4higkeit, w\u00e4hrend Sie Ihre anderen Sch\u00fcler im Auge behalten. Zu guter Letzt lernen Sie, wie man Rettungsf\u00e4higkeiten vermittelt.<\/p>\n<p>Am neunten Tag unseres Programms bilden wir Sie zum EFR-Ausbilder und zum Ausbilder f\u00fcr Notfall-Sauerstoffanbieter aus. Fertigkeiten wie HLW in der Prim\u00e4rversorgung, Sekund\u00e4rversorgung und Betreuung von Kindern werden ge\u00fcbt und Sie lernen, wie Sie sie anderen beibringen k\u00f6nnen. Dies f\u00fcgt sich nahtlos in den Kurs \u201eNotfall-Sauerstoffanbieter\u201c ein, da Sauerstoff die Erste Hilfe bei Tauchunf\u00e4llen ist.<\/p>\n<p>Die letzten anderthalb Tage sind f\u00fcr zus\u00e4tzliches \u00dcben von Wissensentwicklungs-, begrenzten Wasser- und Freiwasser-Lehrpr\u00e4sentationen reserviert.[\/vc_column_text][vc_btn title=&#8220;IDC videos&#8220; align=&#8220;center&#8220; button_block=&#8220;true&#8220; link=&#8220;url:https%3A%2F%2Fwww.youtube.com%2Fplaylist%3Flist%3DPL2_aRyxYfgsaq-0PO63HydgFK2DG6Hck1|target:_blank|&#8220;][vc_gallery images=&#8220;14791,14794,14797&#8243; img_size=&#8220;full&#8220; columns=&#8220;3&#8243;][vc_column_text]<strong>IE (Ausbilderpr\u00fcfung):<\/strong><\/p>\n<p>Nach Ihrem IDC absolvieren Sie Ihre IE (Instructor Examination). Dabei handelt es sich um einen zweit\u00e4gigen Prozess zur objektiven Bewertung der F\u00e4higkeiten und Kenntnisse, die Sie w\u00e4hrend des IDC erworben haben. Diese Bewertung wird von einem unparteiischen Tauchlehrerpr\u00fcfer durchgef\u00fchrt, der f\u00fcr PADI arbeitet.<\/p>\n<p>Um ein PADI Open Water Scuba Instructor zu werden, ist das Bestehen eines IE erforderlich; Es steht jedoch nicht im Vordergrund, sondern ist ein Ergebnis der Vorbereitung. W\u00e4hrend Ihres IDC werden Sie auf Ihr Leben als Ausbilder vorbereitet. Das hei\u00dft, wenn Sie den n\u00f6tigen Aufwand in Ihren IDC stecken, wird der IE der einfachste Teil auf dem Weg zum Ausbilder sein.[\/vc_column_text][vc_btn title=&#8220;Kontaktieren Sie den Kursleiter&#8220; align=&#8220;center&#8220; css=&#8220;&#8220; link=&#8220;url:mailto%3A%2F%2Fcoursedirector%40buddydive.com|&#8220;][\/vc_column][vc_column width=&#8220;1\/4&#8243;][vc_column_text]\n<h3 class=\"text-uppercase\" style=\"text-align: center;\">Alles, was Sie wissen m\u00fcssen<\/h3>\n<p><\/p>\n<ul>\n<li>\n<h4><a href=\"https:\/\/buddydive.com\/de\/tauchen\/instructor-entwicklung\/\">Buddy Dive Academy<\/a><\/h4>\n<\/li>\n<li>\n<h4><a href=\"https:\/\/buddydive.com\/de\/tauchen\/instructor-entwicklung\/profi-pakete\/\">IDC-Pakete &amp; Preise<\/a><\/h4>\n<\/li>\n<li>\n<h4><a href=\"https:\/\/buddydive.com\/de\/tauchen\/instructor-entwicklung\/buddy-dive-academy-fuer-profis\/\">F\u00fcr die Profis \u2013 MSDT &amp; IDC Staff Instructor<\/a><\/h4>\n<\/li>\n<li>\n<h4><a href=\"http:\/\/www.buddydive.com\/diving\/prerequisites\/\">Voraussetzungen<\/a><\/h4>\n<\/li>\n<\/ul>\n[\/vc_column_text][\/vc_column][\/vc_row]\n<\/div>","protected":false},"excerpt":{"rendered":"<p>[vc_row][vc_column width=&#8220;3\/4&#8243;][vc_column_text] Der Instructor Development CourseAlles, was Sie wissen m\u00fcssen Hast du (oder bist du kurz davor) die Entscheidung getroffen, [&hellip;]<\/p>\n","protected":false},"author":2,"featured_media":0,"parent":5389,"menu_order":0,"comment_status":"closed","ping_status":"closed","template":"","meta":{"footnotes":""},"class_list":["post-12662","page","type-page","status-publish","hentry"],"yoast_head":"<!-- This site is optimized with the Yoast SEO plugin v27.0 - https:\/\/yoast.com\/product\/yoast-seo-wordpress\/ -->\n<title>Der IDC; Alles, was Sie wissen m\u00fcssen - Buddy Dive Bonaire<\/title>\n<meta name=\"description\" content=\"Als PADI Tauchlehrer hast du die M\u00f6glichkeit, jeden Tag das zu tun, was du liebst, und einen unterhaltsamen und lohnenden Job an den sch\u00f6nsten Orten der Welt zu haben.\" \/>\n<meta name=\"robots\" content=\"index, follow, max-snippet:-1, max-image-preview:large, max-video-preview:-1\" \/>\n<link rel=\"canonical\" href=\"https:\/\/buddydive.com\/de\/tauchen\/instructor-entwicklung\/der-idc-alles-was-sie-wissen-muessen-2\/\" \/>\n<meta property=\"og:locale\" content=\"de_DE\" \/>\n<meta property=\"og:type\" content=\"article\" \/>\n<meta property=\"og:title\" content=\"Der IDC; Alles, was Sie wissen m\u00fcssen - Buddy Dive Bonaire\" \/>\n<meta property=\"og:description\" content=\"Als PADI Tauchlehrer hast du die M\u00f6glichkeit, jeden Tag das zu tun, was du liebst, und einen unterhaltsamen und lohnenden Job an den sch\u00f6nsten Orten der Welt zu haben.\" \/>\n<meta property=\"og:url\" content=\"https:\/\/buddydive.com\/de\/tauchen\/instructor-entwicklung\/der-idc-alles-was-sie-wissen-muessen-2\/\" \/>\n<meta property=\"og:site_name\" content=\"Buddy Dive Bonaire\" \/>\n<meta property=\"article:publisher\" content=\"https:\/\/www.facebook.com\/buddydiveresort\" \/>\n<meta property=\"article:modified_time\" content=\"2026-02-09T16:57:44+00:00\" \/>\n<meta name=\"twitter:card\" content=\"summary_large_image\" \/>\n<meta name=\"twitter:site\" content=\"@buddydive\" \/>\n<meta name=\"twitter:label1\" content=\"Gesch\u00e4tzte Lesezeit\" \/>\n\t<meta name=\"twitter:data1\" content=\"4\u00a0Minuten\" \/>\n<script type=\"application\/ld+json\" class=\"yoast-schema-graph\">{\"@context\":\"https:\/\/schema.org\",\"@graph\":[{\"@type\":\"WebPage\",\"@id\":\"https:\/\/buddydive.com\/de\/tauchen\/instructor-entwicklung\/der-idc-alles-was-sie-wissen-muessen-2\/\",\"url\":\"https:\/\/buddydive.com\/de\/tauchen\/instructor-entwicklung\/der-idc-alles-was-sie-wissen-muessen-2\/\",\"name\":\"Der IDC; Alles, was Sie wissen m\u00fcssen - Buddy Dive Bonaire\",\"isPartOf\":{\"@id\":\"https:\/\/buddydive.com\/de\/#website\"},\"datePublished\":\"2021-10-26T20:43:16+00:00\",\"dateModified\":\"2026-02-09T16:57:44+00:00\",\"description\":\"Als PADI Tauchlehrer hast du die M\u00f6glichkeit, jeden Tag das zu tun, was du liebst, und einen unterhaltsamen und lohnenden Job an den sch\u00f6nsten Orten der Welt zu haben.\",\"breadcrumb\":{\"@id\":\"https:\/\/buddydive.com\/de\/tauchen\/instructor-entwicklung\/der-idc-alles-was-sie-wissen-muessen-2\/#breadcrumb\"},\"inLanguage\":\"de\",\"potentialAction\":[{\"@type\":\"ReadAction\",\"target\":[\"https:\/\/buddydive.com\/de\/tauchen\/instructor-entwicklung\/der-idc-alles-was-sie-wissen-muessen-2\/\"]}]},{\"@type\":\"BreadcrumbList\",\"@id\":\"https:\/\/buddydive.com\/de\/tauchen\/instructor-entwicklung\/der-idc-alles-was-sie-wissen-muessen-2\/#breadcrumb\",\"itemListElement\":[{\"@type\":\"ListItem\",\"position\":1,\"name\":\"Home\",\"item\":\"https:\/\/buddydive.com\/de\/\"},{\"@type\":\"ListItem\",\"position\":2,\"name\":\"Tauchen\",\"item\":\"https:\/\/buddydive.com\/de\/diving\/\"},{\"@type\":\"ListItem\",\"position\":3,\"name\":\"Instructor Entwicklung\",\"item\":\"https:\/\/buddydive.com\/de\/diving\/instructor-development-course\/\"},{\"@type\":\"ListItem\",\"position\":4,\"name\":\"Der IDC; Alles, was Sie wissen m\u00fcssen\"}]},{\"@type\":\"WebSite\",\"@id\":\"https:\/\/buddydive.com\/de\/#website\",\"url\":\"https:\/\/buddydive.com\/de\/\",\"name\":\"Buddy Dive Bonaire\",\"description\":\"My WordPress Blog\",\"potentialAction\":[{\"@type\":\"SearchAction\",\"target\":{\"@type\":\"EntryPoint\",\"urlTemplate\":\"https:\/\/buddydive.com\/de\/?s={search_term_string}\"},\"query-input\":{\"@type\":\"PropertyValueSpecification\",\"valueRequired\":true,\"valueName\":\"search_term_string\"}}],\"inLanguage\":\"de\"}]}<\/script>\n<!-- \/ Yoast SEO plugin. -->","yoast_head_json":{"title":"Der IDC; Alles, was Sie wissen m\u00fcssen - Buddy Dive Bonaire","description":"Als PADI Tauchlehrer hast du die M\u00f6glichkeit, jeden Tag das zu tun, was du liebst, und einen unterhaltsamen und lohnenden Job an den sch\u00f6nsten Orten der Welt zu haben.","robots":{"index":"index","follow":"follow","max-snippet":"max-snippet:-1","max-image-preview":"max-image-preview:large","max-video-preview":"max-video-preview:-1"},"canonical":"https:\/\/buddydive.com\/de\/tauchen\/instructor-entwicklung\/der-idc-alles-was-sie-wissen-muessen-2\/","og_locale":"de_DE","og_type":"article","og_title":"Der IDC; Alles, was Sie wissen m\u00fcssen - Buddy Dive Bonaire","og_description":"Als PADI Tauchlehrer hast du die M\u00f6glichkeit, jeden Tag das zu tun, was du liebst, und einen unterhaltsamen und lohnenden Job an den sch\u00f6nsten Orten der Welt zu haben.","og_url":"https:\/\/buddydive.com\/de\/tauchen\/instructor-entwicklung\/der-idc-alles-was-sie-wissen-muessen-2\/","og_site_name":"Buddy Dive Bonaire","article_publisher":"https:\/\/www.facebook.com\/buddydiveresort","article_modified_time":"2026-02-09T16:57:44+00:00","twitter_card":"summary_large_image","twitter_site":"@buddydive","twitter_misc":{"Gesch\u00e4tzte Lesezeit":"4\u00a0Minuten"},"schema":{"@context":"https:\/\/schema.org","@graph":[{"@type":"WebPage","@id":"https:\/\/buddydive.com\/de\/tauchen\/instructor-entwicklung\/der-idc-alles-was-sie-wissen-muessen-2\/","url":"https:\/\/buddydive.com\/de\/tauchen\/instructor-entwicklung\/der-idc-alles-was-sie-wissen-muessen-2\/","name":"Der IDC; Alles, was Sie wissen m\u00fcssen - Buddy Dive Bonaire","isPartOf":{"@id":"https:\/\/buddydive.com\/de\/#website"},"datePublished":"2021-10-26T20:43:16+00:00","dateModified":"2026-02-09T16:57:44+00:00","description":"Als PADI Tauchlehrer hast du die M\u00f6glichkeit, jeden Tag das zu tun, was du liebst, und einen unterhaltsamen und lohnenden Job an den sch\u00f6nsten Orten der Welt zu haben.","breadcrumb":{"@id":"https:\/\/buddydive.com\/de\/tauchen\/instructor-entwicklung\/der-idc-alles-was-sie-wissen-muessen-2\/#breadcrumb"},"inLanguage":"de","potentialAction":[{"@type":"ReadAction","target":["https:\/\/buddydive.com\/de\/tauchen\/instructor-entwicklung\/der-idc-alles-was-sie-wissen-muessen-2\/"]}]},{"@type":"BreadcrumbList","@id":"https:\/\/buddydive.com\/de\/tauchen\/instructor-entwicklung\/der-idc-alles-was-sie-wissen-muessen-2\/#breadcrumb","itemListElement":[{"@type":"ListItem","position":1,"name":"Home","item":"https:\/\/buddydive.com\/de\/"},{"@type":"ListItem","position":2,"name":"Tauchen","item":"https:\/\/buddydive.com\/de\/diving\/"},{"@type":"ListItem","position":3,"name":"Instructor Entwicklung","item":"https:\/\/buddydive.com\/de\/diving\/instructor-development-course\/"},{"@type":"ListItem","position":4,"name":"Der IDC; Alles, was Sie wissen m\u00fcssen"}]},{"@type":"WebSite","@id":"https:\/\/buddydive.com\/de\/#website","url":"https:\/\/buddydive.com\/de\/","name":"Buddy Dive Bonaire","description":"My WordPress Blog","potentialAction":[{"@type":"SearchAction","target":{"@type":"EntryPoint","urlTemplate":"https:\/\/buddydive.com\/de\/?s={search_term_string}"},"query-input":{"@type":"PropertyValueSpecification","valueRequired":true,"valueName":"search_term_string"}}],"inLanguage":"de"}]}},"_links":{"self":[{"href":"https:\/\/buddydive.com\/de\/wp-json\/wp\/v2\/pages\/12662","targetHints":{"allow":["GET"]}}],"collection":[{"href":"https:\/\/buddydive.com\/de\/wp-json\/wp\/v2\/pages"}],"about":[{"href":"https:\/\/buddydive.com\/de\/wp-json\/wp\/v2\/types\/page"}],"author":[{"embeddable":true,"href":"https:\/\/buddydive.com\/de\/wp-json\/wp\/v2\/users\/2"}],"replies":[{"embeddable":true,"href":"https:\/\/buddydive.com\/de\/wp-json\/wp\/v2\/comments?post=12662"}],"version-history":[{"count":17,"href":"https:\/\/buddydive.com\/de\/wp-json\/wp\/v2\/pages\/12662\/revisions"}],"predecessor-version":[{"id":36813,"href":"https:\/\/buddydive.com\/de\/wp-json\/wp\/v2\/pages\/12662\/revisions\/36813"}],"up":[{"embeddable":true,"href":"https:\/\/buddydive.com\/de\/wp-json\/wp\/v2\/pages\/5389"}],"wp:attachment":[{"href":"https:\/\/buddydive.com\/de\/wp-json\/wp\/v2\/media?parent=12662"}],"curies":[{"name":"wp","href":"https:\/\/api.w.org\/{rel}","templated":true}]}}