{"id":12656,"date":"2021-10-26T20:20:16","date_gmt":"2021-10-26T20:20:16","guid":{"rendered":"https:\/\/buddydive.com\/tauchen\/instructor-entwicklung\/buddy-dive-academy-fuer-profis\/"},"modified":"2026-02-09T16:08:43","modified_gmt":"2026-02-09T16:08:43","slug":"buddy-dive-academy-fuer-profis","status":"publish","type":"page","link":"https:\/\/buddydive.com\/de\/tauchen\/instructor-entwicklung\/buddy-dive-academy-fuer-profis\/","title":{"rendered":"Buddy Dive Academy &#8211; F\u00fcr Profis"},"content":{"rendered":"<div class=\"wpb-content-wrapper\">[vc_row][vc_column width=&#8220;3\/4&#8243;][vc_column_text css=&#8220;&#8220;]\n<h1 class=\"text-uppercase\" style=\"text-align: center;\"><small>Buddy Dive Academy<\/small>For the Pro&#8217;s<\/h1>\n<p><\/p>\n<h2 style=\"text-align: left;\"><strong>Master Scuba Diver Trainer Programm <\/strong><\/h2>\n<p>Als PADI Master Scuba Diver Trainer bist du ein vielseitigerer und wertvollerer Tauchlehrer. Um ein Master Scuba Diver Trainer zu werden, m\u00fcssen Sie mindestens 25 Zertifizierungen und 5 PADI Specialty Instructor Zertifizierungen haben. Mit dieser Zertifizierung holst du definitiv das Beste aus deinem Beruf als Tauchlehrer heraus. Wir haben kein festes Programm, wie viele andere IDC-Zentren. Wir passen das Programm so weit wie m\u00f6glich an Ihre Bed\u00fcrfnisse und W\u00fcnsche an, damit Sie die f\u00fcr Sie wertvollsten Fachgebiete unterrichten k\u00f6nnen.<\/p>\n<p>Dieses All-Inclusive-Paket wird 6 Mal im Jahr im Anschluss an die IDCs angeboten. Es ist m\u00f6glich, das MSDT-Programm auch in anderen Wochen zu absolvieren. Kontaktieren Sie unsere Kursleiter f\u00fcr weitere Informationen.<\/p>\n<p>All-Inclusive-Paket:<\/p>\n<ul>\n<li>5 Specialty Instructor-Kurse + kostenloser Nitrox Instructor-Kurs<\/li>\n<li>Gemeinsame Unterkunft<\/li>\n<li>Flughafentransfers<\/li>\n<li>3 Mahlzeiten am Tag<\/li>\n<li>Einsatz von Tanks<\/li>\n<li>Grundlegende Leihausr\u00fcstung<\/li>\n<li>PADI-Geb\u00fchren f\u00fcr deine Antr\u00e4ge als Specialty Instructor<\/li>\n<\/ul>\n<p><strong>Dauer: <\/strong>7 Tage<br \/><strong>Preis: <\/strong>All-Inclusive-Paket: $ 1675,-<\/p>\n<p><strong>Nur Programmpaket: <\/strong><\/p>\n<ul>\n<li>5 Specialty Instructor-Kurse + kostenloser Nitrox Instructor-Kurs<\/li>\n<li>Einsatz von Tanks<\/li>\n<li>Grundlegende Leihausr\u00fcstung<\/li>\n<li>PADI-Geb\u00fchren f\u00fcr deine Antr\u00e4ge als Specialty Instructor<\/li>\n<\/ul>\n<p><strong>Dauer: <\/strong>7 Tage<br \/><strong>Preis: <\/strong>Nur Programmpaket: $ 1175, \u2013<\/p>\n<p><em>Die Pakete beinhalten nicht die Miete von Spezialausr\u00fcstung wie Sidemount-Ausr\u00fcstung, Trockentauchanzug usw.<\/em>[\/vc_column_text][vc_separator][vc_column_text][\/vc_column_text][\/vc_column][\/vc_row][vc_row full_width=&#8220;stretch_row&#8220; curly_bg_repeat=&#8220;bg-repeat-x&#8220; curly_bg_position=&#8220;bg-pos-center-center&#8220; position=&#8220;center center&#8220; css=&#8220;.vc_custom_1660071357492{background-image: url(https:\/\/buddydive.com\/wp-content\/uploads\/2022\/02\/mg_9128-scaled.jpg?id=14738) !important;background-position: center !important;background-repeat: no-repeat !important;background-size: cover !important;}&#8220;][vc_column curly_bg_position=&#8220;bg-pos-center-center&#8220;][vc_column_text]\n<h2 class=\"text-uppercase\" style=\"text-align: center;\"><span style=\"color: #ffffff;\">All Inclusive MSDT &amp; Divemaster\u00a0<\/span><\/h2>\n[\/vc_column_text][vc_column_text css=&#8220;&#8220;]\n<p style=\"text-align: center;\"><span style=\"color: #ffffff;\"><strong>HINWEIS:<\/strong> <em>Es ist m\u00f6glich, das MSDT-Programm auch in anderen Wochen zu absolvieren, jedoch nicht als All-Inclusive-Paket.<\/em><\/span><\/p>\n<p>&nbsp;<br \/>\n[\/vc_column_text]<div class='testimonials-carousel  vc_custom_1578004520315 owl-with-navigation' data-owl='{&quot;items&quot;:3,&quot;nav&quot;:false,&quot;navText&quot;:[],&quot;loop&quot;:false,&quot;autoplay&quot;:true,&quot;autoplayTimeout&quot;:&quot;2000&quot;,&quot;autoplayHoverPause&quot;:true,&quot;responsive&quot;:{&quot;0&quot;:{&quot;items&quot;:1,&quot;dots&quot;:true,&quot;nav&quot;:false},&quot;767&quot;:{&quot;items&quot;:2,&quot;dots&quot;:true},&quot;992&quot;:{&quot;items&quot;:3,&quot;dots&quot;:true}}}'><div class='testimonial'>\n      <h4 class='testimonial-title'>\n      Divemaster - November 2025          <\/h4>\n        <p>November 23 - 18<\/p>\n    <a href='mailto:coursedirector@buddydive.com' class='btn-inline btn' target=\"_blank\">Sign Up!<\/a>\n<\/div>\n<div class='testimonial'>\n      <h4 class='testimonial-title'>\n      MSDT prep - December 2025          <\/h4>\n        <p>December 14 - 19<\/p>\n    <a href='mailto:coursedirector@buddydive.com' class='btn-inline btn' target=\"_blank\">Sign Up!<\/a>\n<\/div>\n<div class='testimonial'>\n      <h4 class='testimonial-title'>\n      MSDT prep - February 2026          <\/h4>\n        <p>February 22 - 27<\/p>\n    <a href='mailto:coursedirector@buddydive.com' class='btn-inline btn' target=\"_self\">Sign Up!<\/a>\n<\/div>\n<div class='testimonial'>\n      <h4 class='testimonial-title'>\n      MSDT - May 2026          <\/h4>\n        <p>May 24 - 29<\/p>\n    <a href='mailto:coursedirector@buddydive.com' class='btn-inline btn' target=\"_self\">Sign Up!<\/a>\n<\/div>\n<div class='testimonial'>\n      <h4 class='testimonial-title'>\n      MSDT prep - July 2026          <\/h4>\n        <p>July 5 -10<\/p>\n    <a href='mailto:coursedirector@buddydive.com' class='btn-inline btn' target=\"_self\">Sign Up!<\/a>\n<\/div>\n<div class='testimonial'>\n      <h4 class='testimonial-title'>\n      MSDT prep - September 2026          <\/h4>\n        <p>September 12 - 18<\/p>\n    <a href='mailto:coursedirector@buddydive.com' class='btn-inline btn' target=\"_self\">Sign Up!<\/a>\n<\/div>\n<div class='testimonial'>\n      <h4 class='testimonial-title'>\n      MSDT - December 2026          <\/h4>\n        <p>December 6 - 11<\/p>\n    <a href='mailto:coursedirector@buddydive.com' class='btn-inline btn' target=\"_self\">Sign Up!<\/a>\n<\/div>\n<\/div>[\/vc_column][\/vc_row][vc_row][vc_column][vc_cta h2=&#8220;\u00dcberpr\u00fcfen Sie unsere IDC-Kursdaten&#8220; txt_align=&#8220;center&#8220; add_button=&#8220;bottom&#8220; btn_title=&#8220;IDC &#8220; btn_align=&#8220;center&#8220; btn_link=&#8220;url:https%3A%2F%2Fbuddydive.com%2Fde%2Ftauchen%2Finstructor-entwicklung%2F|&#8220;][\/vc_cta][vc_empty_space][vc_column_text css=&#8220;&#8220;]\n<h2 style=\"text-align: left;\"><strong>All-inclusive IDC Staff Instructor<\/strong><\/h2>\n<p>Machen Sie den n\u00e4chsten Schritt in Ihrer Karriere und werden Sie IDC-Ausbilder. Das Buddy Dive Resort bietet Ihnen die M\u00f6glichkeit, Ihr Wissen zu erweitern und Ihre Liebe zum PADI-Tauchlehrerberuf zu teilen. W\u00e4hrend dieser Ausbildung lernst du, Instructor Development-Kurse zu unterst\u00fctzen und dein Wissen und deine Leidenschaft an die n\u00e4chste Generation von PADI-Instruktoren weiterzugeben.<\/p>\n<p><strong>Das Paket beinhaltet: <\/strong><\/p>\n<ul>\n<li>E-Learning-Materialien f\u00fcr IDC-Mitarbeiter<\/li>\n<li>Listen f\u00fcr IDC-Mitarbeiter\/Kursleiter<\/li>\n<li>Gemeinschaftsunterkunft<\/li>\n<li>3 Mahlzeiten pro Tag<\/li>\n<\/ul>\n<p><strong>Dauer:<\/strong> 14 Tage<br \/><strong>Preis: All-Inclusive-Paket: <\/strong>1975 $ \u2013 <strong>nur Programm:<\/strong> 1175 $<br \/><strong>Voraussetzung:<\/strong>Um an dieser Ausbildung teilnehmen zu k\u00f6nnen, m\u00fcssen Sie bereits ein Master Scuba Diver Trainer sein<\/p>\n<p style=\"text-align: center;\"><strong>Lebst du auf Bonaire? Kontaktieren Sie uns f\u00fcr unsere g\u00fcnstigen lokalen Tarife!<\/strong><\/p>\n[\/vc_column_text][vc_btn title=&#8220;Anfrage Informationen&#8220; size=&#8220;lg&#8220; align=&#8220;center&#8220; link=&#8220;url:mailto%3A%20coursedirector%40buddydive.com|&#8220;][vc_gallery images=&#8220;14752,14743,14734,29893&#8243; img_size=&#8220;medium&#8220; css=&#8220;&#8220; columns=&#8220;4&#8243;][\/vc_column][\/vc_row][vc_row][vc_column][\/vc_column][\/vc_row]\n<\/div>","protected":false},"excerpt":{"rendered":"<p>[vc_row][vc_column width=&#8220;3\/4&#8243;][vc_column_text css=&#8220;&#8220;] Buddy Dive AcademyFor the Pro&#8217;s Master Scuba Diver Trainer Programm Als PADI Master Scuba Diver Trainer bist [&hellip;]<\/p>\n","protected":false},"author":2,"featured_media":0,"parent":5389,"menu_order":0,"comment_status":"closed","ping_status":"closed","template":"","meta":{"footnotes":""},"class_list":["post-12656","page","type-page","status-publish","hentry"],"yoast_head":"<!-- This site is optimized with the Yoast SEO plugin v27.0 - https:\/\/yoast.com\/product\/yoast-seo-wordpress\/ -->\n<title>Buddy Dive Academy - F\u00fcr Profis - Buddy Dive Bonaire MSDT<\/title>\n<meta name=\"description\" content=\"Buddy Dive Resort bietet Kurse f\u00fcr professionelle Taucher an. Um ein Master Scuba Diver Trainer zu werden, musst du mindestens 25 Brevets und 5 PADI Specialtys haben.\" \/>\n<meta name=\"robots\" content=\"index, follow, max-snippet:-1, max-image-preview:large, max-video-preview:-1\" \/>\n<link rel=\"canonical\" href=\"https:\/\/buddydive.com\/de\/tauchen\/instructor-entwicklung\/buddy-dive-academy-fuer-profis\/\" \/>\n<meta property=\"og:locale\" content=\"de_DE\" \/>\n<meta property=\"og:type\" content=\"article\" \/>\n<meta property=\"og:title\" content=\"Buddy Dive Academy - F\u00fcr Profis - Buddy Dive Bonaire MSDT\" \/>\n<meta property=\"og:description\" content=\"Buddy Dive Resort bietet Kurse f\u00fcr professionelle Taucher an. Um ein Master Scuba Diver Trainer zu werden, musst du mindestens 25 Brevets und 5 PADI Specialtys haben.\" \/>\n<meta property=\"og:url\" content=\"https:\/\/buddydive.com\/de\/tauchen\/instructor-entwicklung\/buddy-dive-academy-fuer-profis\/\" \/>\n<meta property=\"og:site_name\" content=\"Buddy Dive Bonaire\" \/>\n<meta property=\"article:publisher\" content=\"https:\/\/www.facebook.com\/buddydiveresort\" \/>\n<meta property=\"article:modified_time\" content=\"2026-02-09T16:08:43+00:00\" \/>\n<meta name=\"twitter:card\" content=\"summary_large_image\" \/>\n<meta name=\"twitter:site\" content=\"@buddydive\" \/>\n<meta name=\"twitter:label1\" content=\"Gesch\u00e4tzte Lesezeit\" \/>\n\t<meta name=\"twitter:data1\" content=\"3\u00a0Minuten\" \/>\n<script type=\"application\/ld+json\" class=\"yoast-schema-graph\">{\"@context\":\"https:\/\/schema.org\",\"@graph\":[{\"@type\":\"WebPage\",\"@id\":\"https:\/\/buddydive.com\/de\/tauchen\/instructor-entwicklung\/buddy-dive-academy-fuer-profis\/\",\"url\":\"https:\/\/buddydive.com\/de\/tauchen\/instructor-entwicklung\/buddy-dive-academy-fuer-profis\/\",\"name\":\"Buddy Dive Academy - F\u00fcr Profis - Buddy Dive Bonaire MSDT\",\"isPartOf\":{\"@id\":\"https:\/\/buddydive.com\/de\/#website\"},\"datePublished\":\"2021-10-26T20:20:16+00:00\",\"dateModified\":\"2026-02-09T16:08:43+00:00\",\"description\":\"Buddy Dive Resort bietet Kurse f\u00fcr professionelle Taucher an. Um ein Master Scuba Diver Trainer zu werden, musst du mindestens 25 Brevets und 5 PADI Specialtys haben.\",\"breadcrumb\":{\"@id\":\"https:\/\/buddydive.com\/de\/tauchen\/instructor-entwicklung\/buddy-dive-academy-fuer-profis\/#breadcrumb\"},\"inLanguage\":\"de\",\"potentialAction\":[{\"@type\":\"ReadAction\",\"target\":[\"https:\/\/buddydive.com\/de\/tauchen\/instructor-entwicklung\/buddy-dive-academy-fuer-profis\/\"]}]},{\"@type\":\"BreadcrumbList\",\"@id\":\"https:\/\/buddydive.com\/de\/tauchen\/instructor-entwicklung\/buddy-dive-academy-fuer-profis\/#breadcrumb\",\"itemListElement\":[{\"@type\":\"ListItem\",\"position\":1,\"name\":\"Home\",\"item\":\"https:\/\/buddydive.com\/de\/\"},{\"@type\":\"ListItem\",\"position\":2,\"name\":\"Tauchen\",\"item\":\"https:\/\/buddydive.com\/de\/diving\/\"},{\"@type\":\"ListItem\",\"position\":3,\"name\":\"Instructor Entwicklung\",\"item\":\"https:\/\/buddydive.com\/de\/diving\/instructor-development-course\/\"},{\"@type\":\"ListItem\",\"position\":4,\"name\":\"Buddy Dive Academy &#8211; F\u00fcr Profis\"}]},{\"@type\":\"WebSite\",\"@id\":\"https:\/\/buddydive.com\/de\/#website\",\"url\":\"https:\/\/buddydive.com\/de\/\",\"name\":\"Buddy Dive Bonaire\",\"description\":\"My WordPress Blog\",\"potentialAction\":[{\"@type\":\"SearchAction\",\"target\":{\"@type\":\"EntryPoint\",\"urlTemplate\":\"https:\/\/buddydive.com\/de\/?s={search_term_string}\"},\"query-input\":{\"@type\":\"PropertyValueSpecification\",\"valueRequired\":true,\"valueName\":\"search_term_string\"}}],\"inLanguage\":\"de\"}]}<\/script>\n<!-- \/ Yoast SEO plugin. -->","yoast_head_json":{"title":"Buddy Dive Academy - F\u00fcr Profis - Buddy Dive Bonaire MSDT","description":"Buddy Dive Resort bietet Kurse f\u00fcr professionelle Taucher an. Um ein Master Scuba Diver Trainer zu werden, musst du mindestens 25 Brevets und 5 PADI Specialtys haben.","robots":{"index":"index","follow":"follow","max-snippet":"max-snippet:-1","max-image-preview":"max-image-preview:large","max-video-preview":"max-video-preview:-1"},"canonical":"https:\/\/buddydive.com\/de\/tauchen\/instructor-entwicklung\/buddy-dive-academy-fuer-profis\/","og_locale":"de_DE","og_type":"article","og_title":"Buddy Dive Academy - F\u00fcr Profis - Buddy Dive Bonaire MSDT","og_description":"Buddy Dive Resort bietet Kurse f\u00fcr professionelle Taucher an. Um ein Master Scuba Diver Trainer zu werden, musst du mindestens 25 Brevets und 5 PADI Specialtys haben.","og_url":"https:\/\/buddydive.com\/de\/tauchen\/instructor-entwicklung\/buddy-dive-academy-fuer-profis\/","og_site_name":"Buddy Dive Bonaire","article_publisher":"https:\/\/www.facebook.com\/buddydiveresort","article_modified_time":"2026-02-09T16:08:43+00:00","twitter_card":"summary_large_image","twitter_site":"@buddydive","twitter_misc":{"Gesch\u00e4tzte Lesezeit":"3\u00a0Minuten"},"schema":{"@context":"https:\/\/schema.org","@graph":[{"@type":"WebPage","@id":"https:\/\/buddydive.com\/de\/tauchen\/instructor-entwicklung\/buddy-dive-academy-fuer-profis\/","url":"https:\/\/buddydive.com\/de\/tauchen\/instructor-entwicklung\/buddy-dive-academy-fuer-profis\/","name":"Buddy Dive Academy - F\u00fcr Profis - Buddy Dive Bonaire MSDT","isPartOf":{"@id":"https:\/\/buddydive.com\/de\/#website"},"datePublished":"2021-10-26T20:20:16+00:00","dateModified":"2026-02-09T16:08:43+00:00","description":"Buddy Dive Resort bietet Kurse f\u00fcr professionelle Taucher an. Um ein Master Scuba Diver Trainer zu werden, musst du mindestens 25 Brevets und 5 PADI Specialtys haben.","breadcrumb":{"@id":"https:\/\/buddydive.com\/de\/tauchen\/instructor-entwicklung\/buddy-dive-academy-fuer-profis\/#breadcrumb"},"inLanguage":"de","potentialAction":[{"@type":"ReadAction","target":["https:\/\/buddydive.com\/de\/tauchen\/instructor-entwicklung\/buddy-dive-academy-fuer-profis\/"]}]},{"@type":"BreadcrumbList","@id":"https:\/\/buddydive.com\/de\/tauchen\/instructor-entwicklung\/buddy-dive-academy-fuer-profis\/#breadcrumb","itemListElement":[{"@type":"ListItem","position":1,"name":"Home","item":"https:\/\/buddydive.com\/de\/"},{"@type":"ListItem","position":2,"name":"Tauchen","item":"https:\/\/buddydive.com\/de\/diving\/"},{"@type":"ListItem","position":3,"name":"Instructor Entwicklung","item":"https:\/\/buddydive.com\/de\/diving\/instructor-development-course\/"},{"@type":"ListItem","position":4,"name":"Buddy Dive Academy &#8211; F\u00fcr Profis"}]},{"@type":"WebSite","@id":"https:\/\/buddydive.com\/de\/#website","url":"https:\/\/buddydive.com\/de\/","name":"Buddy Dive Bonaire","description":"My WordPress Blog","potentialAction":[{"@type":"SearchAction","target":{"@type":"EntryPoint","urlTemplate":"https:\/\/buddydive.com\/de\/?s={search_term_string}"},"query-input":{"@type":"PropertyValueSpecification","valueRequired":true,"valueName":"search_term_string"}}],"inLanguage":"de"}]}},"_links":{"self":[{"href":"https:\/\/buddydive.com\/de\/wp-json\/wp\/v2\/pages\/12656","targetHints":{"allow":["GET"]}}],"collection":[{"href":"https:\/\/buddydive.com\/de\/wp-json\/wp\/v2\/pages"}],"about":[{"href":"https:\/\/buddydive.com\/de\/wp-json\/wp\/v2\/types\/page"}],"author":[{"embeddable":true,"href":"https:\/\/buddydive.com\/de\/wp-json\/wp\/v2\/users\/2"}],"replies":[{"embeddable":true,"href":"https:\/\/buddydive.com\/de\/wp-json\/wp\/v2\/comments?post=12656"}],"version-history":[{"count":40,"href":"https:\/\/buddydive.com\/de\/wp-json\/wp\/v2\/pages\/12656\/revisions"}],"predecessor-version":[{"id":36785,"href":"https:\/\/buddydive.com\/de\/wp-json\/wp\/v2\/pages\/12656\/revisions\/36785"}],"up":[{"embeddable":true,"href":"https:\/\/buddydive.com\/de\/wp-json\/wp\/v2\/pages\/5389"}],"wp:attachment":[{"href":"https:\/\/buddydive.com\/de\/wp-json\/wp\/v2\/media?parent=12656"}],"curies":[{"name":"wp","href":"https:\/\/api.w.org\/{rel}","templated":true}]}}